{"id":18982,"date":"2024-01-30T15:43:36","date_gmt":"2024-01-30T15:43:36","guid":{"rendered":"https:\/\/tajkertesz.com\/?post_type=product&#038;p=18982"},"modified":"2026-02-13T09:07:18","modified_gmt":"2026-02-13T09:07:18","slug":"neviken-extra-1l","status":"publish","type":"product","link":"https:\/\/tajkertesz.com\/en_US\/product\/neviken-extra-1l\/","title":{"rendered":"Nevik\u00e9n  Extra 1l."},"content":{"rendered":"<h2>Nevik\u00e9n Extra 1l.<\/h2>\n<p>Nevik\u00e9n Extra 1l.<\/p>\n<p><strong>Felhaszn\u00e1l\u00e1si ter\u00fclet:<\/strong>\u00a0Olajos lemos\u00f3 permetez\u0151szer<br \/>\n<strong>K\u00e9sz\u00edtm\u00e9ny formul\u00e1ci\u00f3:\u00a0<\/strong>Emulzi\u00f3k\u00e9pz\u0151 koncentr\u00e1tum<br \/>\n<strong>Hat\u00f3anyag:<\/strong>\u00a07% poliszulfid k\u00e9n \u00e9s 58% paraffinolaj<br \/>\n<strong>Forgalmi kateg\u00f3ria:<\/strong>\u00a0III<br \/>\n<strong>Felhaszn\u00e1lhat\u00f3:<\/strong><\/p>\n<p>Gy\u00fcm\u00f6lcs\u00f6s \u00e9s sz\u0151l\u0151 kora tavaszi lemos\u00f3 permetez\u00e9s\u00e9re, \u00e1ltal\u00e1ban 25 liter k\u00e9sz\u00edtm\u00e9ny 1000-1200 l\/ha v\u00edzben kipermetezve, valamint rovark\u00e1rtev\u0151k gy\u00e9r\u00edt\u00e9s\u00e9re, pajzstetvek, lev\u00e9ltetvek toj\u00e1sai, atkak\u00e1rtev\u0151k \u00e9s k\u00f6rtelev\u00e9lbolha ellen.<br \/>\n<strong>H\u00e1zikerti bekever\u00e9s:<\/strong><br \/>\n10 liter v\u00edzhez 2,5-5 dl Nevik\u00e9n.<\/p>\n<p>A r\u00fcgyfakad\u00e1s el\u0151tt nagy l\u00e9mennyis\u00e9ggel, lemos\u00e1sszer\u0171en v\u00e9gzett permetez\u00e9ssel elpuszt\u00edthat\u00f3k a v\u00e1z\u00e1gakon, a k\u00e9reg-reped\u00e9sekben, valamint a r\u00fcgyek fel\u00fclet\u00e9n l\u00e9v\u0151 k\u00f3rokoz\u00f3k (pl. k\u00f6rtevarasod\u00e1s, mon\u00edlia, lev\u00e9lfodrosod\u00e1s) szapor\u00edt\u00f3 k\u00e9pletei, tov\u00e1bb\u00e1 gy\u00e9r\u00edthet\u0151k a k\u00fcl\u00f6nb\u00f6z\u0151 k\u00e1rtev\u0151 atk\u00e1k \u00e9s rovarok, k\u00f6zt\u00fck a lev\u00e9ltetvek, pajzstetvek \u00e9s gy\u00fcm\u00f6lcsmolyok \u00e1ttelel\u0151 alakjai.<\/p>\n<p>B\u00e1r a v\u00e9dekez\u00e9s els\u0151sorban a gy\u00fcm\u00f6lcsf\u00e1k k\u00e1ros\u00edt\u00f3i ellen ir\u00e1nyul, nem szabad megfeledkezni a bogy\u00f3s gy\u00fcm\u00f6lcs\u0171ek (m\u00e1lna, ribiszke, k\u00f6szm\u00e9te) \u00e9s a sz\u0151l\u0151t\u0151k\u00e9k permetez\u00e9s\u00e9r\u0151l sem.<\/p>\n<p>El\u00e9rhet\u0151 t\u00f6bbf\u00e9le m\u00e9retben \u00e9s \u00e1rban.<\/p>\n<p><strong>K\u00e9szlet\u00fcnk napi szinten v\u00e1ltozik, ez\u00e9rt k\u00e9rj\u00fck, \u00e9rdekl\u0151dj\u00f6n szem\u00e9lyesen, telefonon vagy email-en.<br \/>\nA v\u00e1ltoztat\u00e1s jog\u00e1t fenntartjuk!\u00a0<\/strong><\/p>\n<p><a href=\"https:\/\/tajkertesz.com\/\">https:\/\/tajkertesz.com\/<\/a><\/p>\n<p><a href=\"https:\/\/www.facebook.com\/tajkertesz\/\">https:\/\/www.facebook.com\/tajkertesz\/<\/a><\/p>\n<p>Kisz\u00e1ll\u00edt\u00e1s: 200cm-ig \u00a0\u00e9s 40 kg-ig a sz\u00e1ll\u00edt\u00e1s fut\u00e1rszolg\u00e1lattal \u00a0t\u00f6rt\u00e9nik.<\/p>\n<p>Szem\u00e9lyes \u00e1tv\u00e9tel nyitvatart\u00e1si id\u0151ben a 17. ker\u00fclet Bakancsos utca 7. sz\u00e1m alatti Kert\u00e9szeti \u00e1rud\u00e1ban.<\/p>\n<h3 align=\"justify\">Kiz\u00e1r\u00f3lag szem\u00e9lyes \u00e1tv\u00e9tellel lehets\u00e9ges a term\u00e9k megv\u00e1s\u00e1rl\u00e1sa!<\/h3>\n<h6><span style=\"color: #ffffff;\">A r\u00fcgyfakad\u00e1s el\u0151tt nagy l\u00e9mennyis\u00e9ggel, lemos\u00e1sszer\u0171en v\u00e9gzett permetez\u00e9ssel elpuszt\u00edthat\u00f3k a v\u00e1z\u00e1gakon, a k\u00e9reg-reped\u00e9sekben, valamint a r\u00fcgyek fel\u00fclet\u00e9n l\u00e9v\u0151 k\u00f3rokoz\u00f3k (pl. k\u00f6rtevarasod\u00e1s, mon\u00edlia, lev\u00e9lfodrosod\u00e1s) szapor\u00edt\u00f3 k\u00e9pletei, tov\u00e1bb\u00e1 gy\u00e9r\u00edthet\u0151k a k\u00fcl\u00f6nb\u00f6z\u0151 k\u00e1rtev\u0151 atk\u00e1k \u00e9s rovarok, k\u00f6zt\u00fck a lev\u00e9ltetvek, pajzstetvek \u00e9s gy\u00fcm\u00f6lcsmolyok \u00e1ttelel\u0151 alakjai.<\/span><\/h6>\n<h6><span style=\"color: #ffffff;\">B\u00e1r a v\u00e9dekez\u00e9s els\u0151sorban a gy\u00fcm\u00f6lcsf\u00e1k k\u00e1ros\u00edt\u00f3i ellen ir\u00e1nyul, nem szabad megfeledkezni a bogy\u00f3s gy\u00fcm\u00f6lcs\u0171ek (m\u00e1lna, ribiszke, k\u00f6szm\u00e9te) \u00e9s a sz\u0151l\u0151t\u0151k\u00e9k permetez\u00e9s\u00e9r\u0151l sem.<\/span><\/h6>\n<p>&nbsp;<\/p>","protected":false},"excerpt":{"rendered":"<h2>Nevik\u00e9n Extra 1l.<\/h2>\n<p>H\u00e1zikerti felhaszn\u00e1l\u00e1s: 250 ml\/10l v\u00edz. Olajos lemos\u00f3 permetez\u0151szer emulzi\u00f3k\u00e9pz\u0151 koncentr\u00e1tum. A t\u00e1mogatott k\u00f6rnyezetk\u00edm\u00e9l\u0151 technol\u00f3gi\u00e1ban is haszn\u00e1lhat\u00f3. \u00d6kol\u00f3giai gazd\u00e1lkod\u00e1shoz is aj\u00e1nlott. \u00d6kol\u00f3giai termeszt\u00e9sben enged\u00e9lyezett.<\/p>\n<h3 align=\"justify\">Kiz\u00e1r\u00f3lag szem\u00e9lyes \u00e1tv\u00e9tellel lehets\u00e9ges a term\u00e9k megv\u00e1s\u00e1rl\u00e1sa!<\/h3>\n<p>&nbsp;<\/p>","protected":false},"featured_media":18983,"template":"","meta":{"_et_pb_use_builder":"","_et_pb_old_content":"","_et_gb_content_width":""},"product_brand":[],"product_cat":[3424],"product_tag":[4751,4779,4187,4752],"class_list":{"0":"post-18982","1":"product","2":"type-product","3":"status-publish","4":"has-post-thumbnail","6":"product_cat-lemoso-permetezoszerek","7":"product_tag-lemoso","8":"product_tag-neviken","9":"product_tag-novenyvedoszer","10":"product_tag-permetezoszer","12":"first","13":"instock","14":"shipping-taxable","15":"purchasable","16":"product-type-simple"},"yoast_head":"<!-- This site is optimized with the Yoast SEO plugin v27.5 - https:\/\/yoast.com\/product\/yoast-seo-wordpress\/ -->\n<title>Nevik\u00e9n Extra 1l. - T\u00e1jkert\u00e9sz<\/title>\n<meta name=\"description\" content=\"Nevik\u00e9n Extra 1l.V\u00e1s\u00e1roljon kert\u00e9szeti term\u00e9keket kert\u00e9szet\u00fcnkb\u0151l vagy kert\u00e9szeti web\u00e1ruh\u00e1zunkb\u00f3l. 1173.Bp.Bakancsos u.7.\" \/>\n<meta name=\"robots\" content=\"index, follow, max-snippet:-1, max-image-preview:large, max-video-preview:-1\" \/>\n<link rel=\"canonical\" href=\"https:\/\/tajkertesz.com\/en_US\/product\/neviken-extra-1l\/\" \/>\n<meta property=\"og:locale\" content=\"en_US\" \/>\n<meta property=\"og:type\" content=\"article\" \/>\n<meta property=\"og:title\" content=\"Nevik\u00e9n Extra 1l. - T\u00e1jkert\u00e9sz\" \/>\n<meta property=\"og:description\" content=\"Nevik\u00e9n Extra 1l.V\u00e1s\u00e1roljon kert\u00e9szeti term\u00e9keket kert\u00e9szet\u00fcnkb\u0151l vagy kert\u00e9szeti web\u00e1ruh\u00e1zunkb\u00f3l. 1173.Bp.Bakancsos u.7.\" \/>\n<meta property=\"og:url\" content=\"https:\/\/tajkertesz.com\/en_US\/product\/neviken-extra-1l\/\" \/>\n<meta property=\"og:site_name\" content=\"T\u00e1jkert\u00e9sz\" \/>\n<meta property=\"article:publisher\" content=\"https:\/\/www.facebook.com\/Tajkertesz\/\" \/>\n<meta property=\"article:modified_time\" content=\"2026-02-13T09:07:18+00:00\" \/>\n<meta property=\"og:image\" content=\"https:\/\/tajkertesz.com\/wp-content\/uploads\/2024\/01\/nevi3301.jpg\" \/>\n\t<meta property=\"og:image:width\" content=\"940\" \/>\n\t<meta property=\"og:image:height\" content=\"788\" \/>\n\t<meta property=\"og:image:type\" content=\"image\/jpeg\" \/>\n<meta name=\"twitter:card\" content=\"summary_large_image\" \/>\n<meta name=\"twitter:label1\" content=\"Est. reading time\" \/>\n\t<meta name=\"twitter:data1\" content=\"2 minutes\" \/>\n<script type=\"application\/ld+json\" class=\"yoast-schema-graph\">{\"@context\":\"https:\\\/\\\/schema.org\",\"@graph\":[{\"@type\":\"WebPage\",\"@id\":\"https:\\\/\\\/tajkertesz.com\\\/termek\\\/neviken-extra-1l\\\/\",\"url\":\"https:\\\/\\\/tajkertesz.com\\\/termek\\\/neviken-extra-1l\\\/\",\"name\":\"Nevik\u00e9n Extra 1l. - T\u00e1jkert\u00e9sz\",\"isPartOf\":{\"@id\":\"https:\\\/\\\/tajkertesz.com\\\/#website\"},\"primaryImageOfPage\":{\"@id\":\"https:\\\/\\\/tajkertesz.com\\\/termek\\\/neviken-extra-1l\\\/#primaryimage\"},\"image\":{\"@id\":\"https:\\\/\\\/tajkertesz.com\\\/termek\\\/neviken-extra-1l\\\/#primaryimage\"},\"thumbnailUrl\":\"https:\\\/\\\/tajkertesz.com\\\/wp-content\\\/uploads\\\/2024\\\/01\\\/nevi3301.jpg\",\"datePublished\":\"2024-01-30T15:43:36+00:00\",\"dateModified\":\"2026-02-13T09:07:18+00:00\",\"description\":\"Nevik\u00e9n Extra 1l.V\u00e1s\u00e1roljon kert\u00e9szeti term\u00e9keket kert\u00e9szet\u00fcnkb\u0151l vagy kert\u00e9szeti web\u00e1ruh\u00e1zunkb\u00f3l. 1173.Bp.Bakancsos u.7.\",\"breadcrumb\":{\"@id\":\"https:\\\/\\\/tajkertesz.com\\\/termek\\\/neviken-extra-1l\\\/#breadcrumb\"},\"inLanguage\":\"en-US\",\"potentialAction\":[{\"@type\":\"ReadAction\",\"target\":[\"https:\\\/\\\/tajkertesz.com\\\/termek\\\/neviken-extra-1l\\\/\"]}]},{\"@type\":\"ImageObject\",\"inLanguage\":\"en-US\",\"@id\":\"https:\\\/\\\/tajkertesz.com\\\/termek\\\/neviken-extra-1l\\\/#primaryimage\",\"url\":\"https:\\\/\\\/tajkertesz.com\\\/wp-content\\\/uploads\\\/2024\\\/01\\\/nevi3301.jpg\",\"contentUrl\":\"https:\\\/\\\/tajkertesz.com\\\/wp-content\\\/uploads\\\/2024\\\/01\\\/nevi3301.jpg\",\"width\":940,\"height\":788},{\"@type\":\"BreadcrumbList\",\"@id\":\"https:\\\/\\\/tajkertesz.com\\\/termek\\\/neviken-extra-1l\\\/#breadcrumb\",\"itemListElement\":[{\"@type\":\"ListItem\",\"position\":1,\"name\":\"Home\",\"item\":\"https:\\\/\\\/tajkertesz.com\\\/\"},{\"@type\":\"ListItem\",\"position\":2,\"name\":\"Kezd\u0151lap\",\"item\":\"https:\\\/\\\/tajkertesz.com\\\/\"},{\"@type\":\"ListItem\",\"position\":3,\"name\":\"Nevik\u00e9n Extra 1l.\"}]},{\"@type\":\"WebSite\",\"@id\":\"https:\\\/\\\/tajkertesz.com\\\/#website\",\"url\":\"https:\\\/\\\/tajkertesz.com\\\/\",\"name\":\"T\u00e1j-Kert\u00e9sz 84 Kft.\",\"description\":\"Kert\u00e9szeti kis- \u00e9s nagykeresked\u00e9s, D\u00edszn\u00f6v\u00e9ny web\u00e1ruh\u00e1z orsz\u00e1gos h\u00e1zhozsz\u00e1ll\u00edt\u00e1ssal!\",\"publisher\":{\"@id\":\"https:\\\/\\\/tajkertesz.com\\\/#organization\"},\"potentialAction\":[{\"@type\":\"SearchAction\",\"target\":{\"@type\":\"EntryPoint\",\"urlTemplate\":\"https:\\\/\\\/tajkertesz.com\\\/?s={search_term_string}\"},\"query-input\":{\"@type\":\"PropertyValueSpecification\",\"valueRequired\":true,\"valueName\":\"search_term_string\"}}],\"inLanguage\":\"en-US\"},{\"@type\":\"Organization\",\"@id\":\"https:\\\/\\\/tajkertesz.com\\\/#organization\",\"name\":\"T\u00e1j-Kert\u00e9sz 84 Kft.\",\"url\":\"https:\\\/\\\/tajkertesz.com\\\/\",\"logo\":{\"@type\":\"ImageObject\",\"inLanguage\":\"en-US\",\"@id\":\"https:\\\/\\\/tajkertesz.com\\\/#\\\/schema\\\/logo\\\/image\\\/\",\"url\":\"https:\\\/\\\/tajkertesz.com\\\/wp-content\\\/uploads\\\/2018\\\/02\\\/logo-2-e1518678052539.png\",\"contentUrl\":\"https:\\\/\\\/tajkertesz.com\\\/wp-content\\\/uploads\\\/2018\\\/02\\\/logo-2-e1518678052539.png\",\"width\":81,\"height\":140,\"caption\":\"T\u00e1j-Kert\u00e9sz 84 Kft.\"},\"image\":{\"@id\":\"https:\\\/\\\/tajkertesz.com\\\/#\\\/schema\\\/logo\\\/image\\\/\"},\"sameAs\":[\"https:\\\/\\\/www.facebook.com\\\/Tajkertesz\\\/\"]}]}<\/script>\n<!-- \/ Yoast SEO plugin. -->","yoast_head_json":{"title":"Nevik\u00e9n Extra 1l. - T\u00e1jkert\u00e9sz","description":"Nevik\u00e9n Extra 1l.V\u00e1s\u00e1roljon kert\u00e9szeti term\u00e9keket kert\u00e9szet\u00fcnkb\u0151l vagy kert\u00e9szeti web\u00e1ruh\u00e1zunkb\u00f3l. 1173.Bp.Bakancsos u.7.","robots":{"index":"index","follow":"follow","max-snippet":"max-snippet:-1","max-image-preview":"max-image-preview:large","max-video-preview":"max-video-preview:-1"},"canonical":"https:\/\/tajkertesz.com\/en_US\/product\/neviken-extra-1l\/","og_locale":"en_US","og_type":"article","og_title":"Nevik\u00e9n Extra 1l. - T\u00e1jkert\u00e9sz","og_description":"Nevik\u00e9n Extra 1l.V\u00e1s\u00e1roljon kert\u00e9szeti term\u00e9keket kert\u00e9szet\u00fcnkb\u0151l vagy kert\u00e9szeti web\u00e1ruh\u00e1zunkb\u00f3l. 1173.Bp.Bakancsos u.7.","og_url":"https:\/\/tajkertesz.com\/en_US\/product\/neviken-extra-1l\/","og_site_name":"T\u00e1jkert\u00e9sz","article_publisher":"https:\/\/www.facebook.com\/Tajkertesz\/","article_modified_time":"2026-02-13T09:07:18+00:00","og_image":[{"width":940,"height":788,"url":"https:\/\/tajkertesz.com\/wp-content\/uploads\/2024\/01\/nevi3301.jpg","type":"image\/jpeg"}],"twitter_card":"summary_large_image","twitter_misc":{"Est. reading time":"2 minutes"},"schema":{"@context":"https:\/\/schema.org","@graph":[{"@type":"WebPage","@id":"https:\/\/tajkertesz.com\/termek\/neviken-extra-1l\/","url":"https:\/\/tajkertesz.com\/termek\/neviken-extra-1l\/","name":"Nevik\u00e9n Extra 1l. - T\u00e1jkert\u00e9sz","isPartOf":{"@id":"https:\/\/tajkertesz.com\/#website"},"primaryImageOfPage":{"@id":"https:\/\/tajkertesz.com\/termek\/neviken-extra-1l\/#primaryimage"},"image":{"@id":"https:\/\/tajkertesz.com\/termek\/neviken-extra-1l\/#primaryimage"},"thumbnailUrl":"https:\/\/tajkertesz.com\/wp-content\/uploads\/2024\/01\/nevi3301.jpg","datePublished":"2024-01-30T15:43:36+00:00","dateModified":"2026-02-13T09:07:18+00:00","description":"Nevik\u00e9n Extra 1l.V\u00e1s\u00e1roljon kert\u00e9szeti term\u00e9keket kert\u00e9szet\u00fcnkb\u0151l vagy kert\u00e9szeti web\u00e1ruh\u00e1zunkb\u00f3l. 1173.Bp.Bakancsos u.7.","breadcrumb":{"@id":"https:\/\/tajkertesz.com\/termek\/neviken-extra-1l\/#breadcrumb"},"inLanguage":"en-US","potentialAction":[{"@type":"ReadAction","target":["https:\/\/tajkertesz.com\/termek\/neviken-extra-1l\/"]}]},{"@type":"ImageObject","inLanguage":"en-US","@id":"https:\/\/tajkertesz.com\/termek\/neviken-extra-1l\/#primaryimage","url":"https:\/\/tajkertesz.com\/wp-content\/uploads\/2024\/01\/nevi3301.jpg","contentUrl":"https:\/\/tajkertesz.com\/wp-content\/uploads\/2024\/01\/nevi3301.jpg","width":940,"height":788},{"@type":"BreadcrumbList","@id":"https:\/\/tajkertesz.com\/termek\/neviken-extra-1l\/#breadcrumb","itemListElement":[{"@type":"ListItem","position":1,"name":"Home","item":"https:\/\/tajkertesz.com\/"},{"@type":"ListItem","position":2,"name":"Kezd\u0151lap","item":"https:\/\/tajkertesz.com\/"},{"@type":"ListItem","position":3,"name":"Nevik\u00e9n Extra 1l."}]},{"@type":"WebSite","@id":"https:\/\/tajkertesz.com\/#website","url":"https:\/\/tajkertesz.com\/","name":"T\u00e1j-Kert\u00e9sz 84 Kft.","description":"Kert\u00e9szeti kis- \u00e9s nagykeresked\u00e9s, D\u00edszn\u00f6v\u00e9ny web\u00e1ruh\u00e1z orsz\u00e1gos h\u00e1zhozsz\u00e1ll\u00edt\u00e1ssal!","publisher":{"@id":"https:\/\/tajkertesz.com\/#organization"},"potentialAction":[{"@type":"SearchAction","target":{"@type":"EntryPoint","urlTemplate":"https:\/\/tajkertesz.com\/?s={search_term_string}"},"query-input":{"@type":"PropertyValueSpecification","valueRequired":true,"valueName":"search_term_string"}}],"inLanguage":"en-US"},{"@type":"Organization","@id":"https:\/\/tajkertesz.com\/#organization","name":"T\u00e1j-Kert\u00e9sz 84 Kft.","url":"https:\/\/tajkertesz.com\/","logo":{"@type":"ImageObject","inLanguage":"en-US","@id":"https:\/\/tajkertesz.com\/#\/schema\/logo\/image\/","url":"https:\/\/tajkertesz.com\/wp-content\/uploads\/2018\/02\/logo-2-e1518678052539.png","contentUrl":"https:\/\/tajkertesz.com\/wp-content\/uploads\/2018\/02\/logo-2-e1518678052539.png","width":81,"height":140,"caption":"T\u00e1j-Kert\u00e9sz 84 Kft."},"image":{"@id":"https:\/\/tajkertesz.com\/#\/schema\/logo\/image\/"},"sameAs":["https:\/\/www.facebook.com\/Tajkertesz\/"]}]}},"_links":{"self":[{"href":"https:\/\/tajkertesz.com\/en_US\/wp-json\/wp\/v2\/product\/18982","targetHints":{"allow":["GET"]}}],"collection":[{"href":"https:\/\/tajkertesz.com\/en_US\/wp-json\/wp\/v2\/product"}],"about":[{"href":"https:\/\/tajkertesz.com\/en_US\/wp-json\/wp\/v2\/types\/product"}],"wp:featuredmedia":[{"embeddable":true,"href":"https:\/\/tajkertesz.com\/en_US\/wp-json\/wp\/v2\/media\/18983"}],"wp:attachment":[{"href":"https:\/\/tajkertesz.com\/en_US\/wp-json\/wp\/v2\/media?parent=18982"}],"wp:term":[{"taxonomy":"product_brand","embeddable":true,"href":"https:\/\/tajkertesz.com\/en_US\/wp-json\/wp\/v2\/product_brand?post=18982"},{"taxonomy":"product_cat","embeddable":true,"href":"https:\/\/tajkertesz.com\/en_US\/wp-json\/wp\/v2\/product_cat?post=18982"},{"taxonomy":"product_tag","embeddable":true,"href":"https:\/\/tajkertesz.com\/en_US\/wp-json\/wp\/v2\/product_tag?post=18982"}],"curies":[{"name":"wp","href":"https:\/\/api.w.org\/{rel}","templated":true}]}}