{"id":18986,"date":"2024-01-31T07:20:51","date_gmt":"2024-01-31T07:20:51","guid":{"rendered":"https:\/\/tajkertesz.com\/?post_type=product&#038;p=18986"},"modified":"2026-02-13T09:07:11","modified_gmt":"2026-02-13T09:07:11","slug":"biocera-fasebkezelo-es-oltoviasz-100g","status":"publish","type":"product","link":"https:\/\/tajkertesz.com\/en_US\/product\/biocera-fasebkezelo-es-oltoviasz-100g\/","title":{"rendered":"Biocera fasebkezel\u0151 \u00e9s olt\u00f3viasz 100g"},"content":{"rendered":"<h2>Biocera fasebkezel\u0151 \u00e9s olt\u00f3viasz 100g<\/h2>\n<p>Biocera fasebkezel\u0151 \u00e9s olt\u00f3viasz 100g<\/p>\n<h2>Param\u00e9terei<\/h2>\n<p style=\"font-weight: 400;\"><b><em>Cikksz\u00e1m<\/em><\/b>: bioc1001<\/p>\n<p style=\"font-weight: 400;\"><b><em>Formul\u00e1ci\u00f3<\/em><\/b>: paszta<\/p>\n<p style=\"font-weight: 400;\"><b><em>Hat\u00f3anyag<\/em><\/b>: 45% etanol (etil-alkohol), 14% faggy\u00fa, 30% gyanta, 1% vas(III)-oxid (hematit), 6% viasz<\/p>\n<p style=\"font-weight: 400;\"><b><em>Kiszerel\u00e9s<\/em><\/b>: 0,1 liter<\/p>\n<p style=\"font-weight: 400;\"><b><em>Gy\u0171jt\u0151 csomagol\u00e1s<\/em><\/b>: nem<\/p>\n<p style=\"font-weight: 400;\"><b><em>Eltarthat\u00f3s\u00e1g<\/em><\/b>: 2 \u00e9v<\/p>\n<p style=\"font-weight: 400;\"><b><em>Forgalmaz\u00e1si kateg\u00f3ria<\/em><\/b>: III<\/p>\n<h2><i>R\u00f6vid ismertet\u00e9se<\/i><\/h2>\n<p style=\"font-weight: 400;\">Fasebkezel\u0151 \u00e9s olt\u00f3viasz<\/p>\n<p style=\"font-weight: 400;\">Felhaszn\u00e1lhat\u00f3 gy\u00fcm\u00f6lcsf\u00e1k, sz\u0151l\u0151, d\u00edszf\u00e1k stb. metsz\u00e9sein\u00e9l, \u00e1gt\u00f6r\u00e9sein\u00e9l, nagyobb \u00e1gak lev\u00e1g\u00e1s\u00e1n\u00e1l, olt\u00e1sn\u00e1l, illetve vihar \u00e9s \u00e1llati k\u00e1rt\u00e9telek eset\u00e9n, vagy egy\u00e9b m\u00f3don keletkezett sebfel\u00fcletek lez\u00e1r\u00e1s\u00e1ra, fert\u0151tlen\u00edt\u00e9s\u00e9re, a s\u00e9r\u00fclt fel\u00fclet v\u00e9delm\u00e9re a gy\u00f3gyul\u00e1sig.<\/p>\n<p style=\"font-weight: 400;\">Hat\u00f3anyagai term\u00e9szetes eredet\u0171ek, felken\u00e9s ut\u00e1n azonnal behatolnak 1-2 mm m\u00e9lyen a fa sz\u00f6veteibe \u00e9s elpuszt\u00edtj\u00e1k az ott l\u00e9v\u0151, vagy a v\u00e1g\u00e1s k\u00f6vetkezt\u00e9ben a fel\u00fcletre ker\u00fclt gomb\u00e1kat \u00e9s bakt\u00e9riumokat.<\/p>\n<h2>El\u0151nyei<\/h2>\n<ul style=\"font-weight: 400;\">\n<li>k\u00f6nnyen felkenhet\u0151<\/li>\n<li>-10 C-ig haszn\u00e1lhat\u00f3<\/li>\n<li>hat\u00e1sa az alkohol azonnali, a m\u00e9hviasz \u00e9s a feny\u0151gyanta tart\u00f3s fert\u0151tlen\u00edt\u0151 hat\u00e1s\u00e1n alapszik<\/li>\n<\/ul>\n<div class=\"elementor-element elementor-element-53f4937 elementor-widget elementor-widget-heading\" data-id=\"53f4937\" data-element_type=\"widget\" data-widget_type=\"heading.default\">\n<div class=\"elementor-widget-container\">\n<h2 class=\"elementor-heading-title elementor-size-default\">A BIOCREA HASZN\u00c1LATA:<\/h2>\n<\/div>\n<\/div>\n<div class=\"elementor-element elementor-element-a28232f elementor-widget elementor-widget-text-editor\" data-id=\"a28232f\" data-element_type=\"widget\" data-widget_type=\"text-editor.default\">\n<div class=\"elementor-widget-container\">\n<ul>\n<li>olvassa el a c\u00edmk\u00e9t \u00e9s a haszn\u00e1lati \u00fatmutat\u00f3t<\/li>\n<li>keverje j\u00f3l fel a k\u00e9sz\u00edtm\u00e9nyt<\/li>\n<li>haszn\u00e1ljon v\u00e9d\u0151keszty\u0171t<\/li>\n<li>a hat\u00f3anyagok term\u00e9szetes eredet\u0171ek<\/li>\n<li>felken\u00e9s ut\u00e1n azonnal, 1-2 mm m\u00e9lyen behatol a kezelt fel\u00fcletbe<\/li>\n<li>sebkezel\u00e9sn\u00e9l min\u00e9l el\u0151bb z\u00e1rjuk le a metszlapot<\/li>\n<li>a metszlap alatt 1-2 centim\u00e9terrel is kenj\u00fck k\u00f6rbe a ter\u00fcletet a teljes z\u00e1r\u00e1s \u00e9rdek\u00e9ben<\/li>\n<li>f\u00e1kn\u00e1l \u00e9s nagyobb sebekn\u00e9l \u00e9vente \u00faj\u00edtsuk meg a sebkezel\u00e9st<\/li>\n<li>kiad\u00f3ss\u00e1g: egy r\u00e9tegben felkenve, sima fel\u00fclet eset\u00e9n kb. 180 g \/ m<sup>2<\/sup><\/li>\n<li>a term\u00e9k fagy\u00e1ll\u00f3, -10 \u25e6C-ig j\u00f3l kenhet\u0151<\/li>\n<li>a k\u00e9sz\u00edtm\u00e9ny denatur\u00e1lt szesszel h\u00edg\u00edthat\u00f3 \u00e9s az alkalmazott eszk\u00f6z\u00f6ket is ezzel tiszt\u00edthatjuk<\/li>\n<li>2 \u00e9vig eltarthat\u00f3 eredeti, z\u00e1rt csomagol\u00e1sban, sz\u00e1raz, h\u0171v\u00f6s helyen, valamint\u00a0 szab\u00e1lyos n\u00f6v\u00e9nyv\u00e9d\u0151szer rakt\u00e1rban<\/li>\n<\/ul>\n<\/div>\n<\/div>\n<p style=\"font-weight: 400;\"><a href=\"https:\/\/novenyvedoszer.nebih.gov.hu\/\">https:\/\/novenyvedoszer.nebih.gov.hu<\/a><\/p>\n<p style=\"font-weight: 400;\"><i>Ez a term\u00e9kle\u00edr\u00e1s t\u00e1j\u00e9koztat\u00f3 jelleg\u0171, a k\u00e9sz\u00edtm\u00e9ny felhaszn\u00e1l\u00e1sa el\u0151tt olvassa el a c\u00edmk\u00e9ken tal\u00e1lhat\u00f3 haszn\u00e1lati utas\u00edt\u00e1st!<\/i><\/p>\n<p>El\u00e9rhet\u0151 t\u00f6bbf\u00e9le m\u00e9retben \u00e9s \u00e1rban.<\/p>\n<p><strong>K\u00e9szlet\u00fcnk napi szinten v\u00e1ltozik, ez\u00e9rt k\u00e9rj\u00fck, \u00e9rdekl\u0151dj\u00f6n szem\u00e9lyesen, telefonon vagy email-en.<br \/>\nA v\u00e1ltoztat\u00e1s jog\u00e1t fenntartjuk!\u00a0<\/strong><\/p>\n<p><a href=\"https:\/\/tajkertesz.com\/\">https:\/\/tajkertesz.com\/<\/a><\/p>\n<p><a href=\"https:\/\/www.facebook.com\/tajkertesz\/\">https:\/\/www.facebook.com\/tajkertesz\/<\/a><\/p>\n<p>Kisz\u00e1ll\u00edt\u00e1s: 200cm-ig \u00a0\u00e9s 40 kg-ig a sz\u00e1ll\u00edt\u00e1s fut\u00e1rszolg\u00e1lattal \u00a0t\u00f6rt\u00e9nik.<\/p>\n<p>Szem\u00e9lyes \u00e1tv\u00e9tel nyitvatart\u00e1si id\u0151ben a 17. ker\u00fclet Bakancsos utca 7. sz\u00e1m alatti Kert\u00e9szeti \u00e1rud\u00e1ban.<\/p>","protected":false},"excerpt":{"rendered":"<h2>Biocera fasebkezel\u0151 \u00e9s olt\u00f3viasz 100g<\/h2>\n<p>Felhaszn\u00e1lhat\u00f3 gy\u00fcm\u00f6lcsf\u00e1k, sz\u0151l\u0151, d\u00edszf\u00e1k stb. metsz\u00e9sein\u00e9l, \u00e1gt\u00f6r\u00e9sein\u00e9l, nagyobb \u00e1gak lev\u00e1g\u00e1s\u00e1n\u00e1l, olt\u00e1sn\u00e1l, illetve vihar \u00e9s \u00e1llati k\u00e1rt\u00e9telek eset\u00e9n, vagy egy\u00e9b m\u00f3don keletkezett sebfel\u00fcletek lez\u00e1r\u00e1s\u00e1ra, fert\u0151tlen\u00edt\u00e9s\u00e9re, a s\u00e9r\u00fclt fel\u00fclet v\u00e9delm\u00e9re a gy\u00f3gyul\u00e1sig&#8230;<\/p>\n<h3>Csak szem\u00e9lyes \u00e1tv\u00e9tellel rendelhet\u0151!<\/h3>","protected":false},"featured_media":18987,"template":"","meta":{"_et_pb_use_builder":"","_et_pb_old_content":"","_et_gb_content_width":""},"product_brand":[],"product_cat":[4785],"product_tag":[4790,4786,4791,4787,4740,4567,4788,4789],"class_list":{"0":"post-18986","1":"product","2":"type-product","3":"status-publish","4":"has-post-thumbnail","6":"product_cat-fasebkezelo-szerek","7":"product_tag-bakteriumolo","8":"product_tag-biocera","9":"product_tag-fagel","10":"product_tag-fasebkezelo","11":"product_tag-gombaolo","12":"product_tag-metszes","13":"product_tag-oltoviasz","14":"product_tag-paszta","16":"first","17":"instock","18":"shipping-taxable","19":"purchasable","20":"product-type-simple"},"yoast_head":"<!-- This site is optimized with the Yoast SEO plugin v27.5 - https:\/\/yoast.com\/product\/yoast-seo-wordpress\/ -->\n<title>Biocera fasebkezel\u0151 \u00e9s olt\u00f3viasz 100g - T\u00e1jkert\u00e9sz<\/title>\n<meta name=\"description\" content=\"Biocera fasebkezel\u0151 \u00e9s olt\u00f3viasz 100g. Felhaszn\u00e1lhat\u00f3 gy\u00fcm\u00f6lcsf\u00e1k, sz\u0151l\u0151, d\u00edszf\u00e1k stb. metsz\u00e9sein\u00e9l, \u00e1gt\u00f6r\u00e9sein\u00e9l, nagyobb \u00e1gak lev\u00e1g\u00e1s\u00e1n\u00e1l, olt\u00e1sn\u00e1l...\" \/>\n<meta name=\"robots\" content=\"index, follow, max-snippet:-1, max-image-preview:large, max-video-preview:-1\" \/>\n<link rel=\"canonical\" href=\"https:\/\/tajkertesz.com\/en_US\/product\/biocera-fasebkezelo-es-oltoviasz-100g\/\" \/>\n<meta property=\"og:locale\" content=\"en_US\" \/>\n<meta property=\"og:type\" content=\"article\" \/>\n<meta property=\"og:title\" content=\"Biocera fasebkezel\u0151 \u00e9s olt\u00f3viasz 100g - T\u00e1jkert\u00e9sz\" \/>\n<meta property=\"og:description\" content=\"Biocera fasebkezel\u0151 \u00e9s olt\u00f3viasz 100g. Felhaszn\u00e1lhat\u00f3 gy\u00fcm\u00f6lcsf\u00e1k, sz\u0151l\u0151, d\u00edszf\u00e1k stb. metsz\u00e9sein\u00e9l, \u00e1gt\u00f6r\u00e9sein\u00e9l, nagyobb \u00e1gak lev\u00e1g\u00e1s\u00e1n\u00e1l, olt\u00e1sn\u00e1l...\" \/>\n<meta property=\"og:url\" content=\"https:\/\/tajkertesz.com\/en_US\/product\/biocera-fasebkezelo-es-oltoviasz-100g\/\" \/>\n<meta property=\"og:site_name\" content=\"T\u00e1jkert\u00e9sz\" \/>\n<meta property=\"article:publisher\" content=\"https:\/\/www.facebook.com\/Tajkertesz\/\" \/>\n<meta property=\"article:modified_time\" content=\"2026-02-13T09:07:11+00:00\" \/>\n<meta property=\"og:image\" content=\"https:\/\/tajkertesz.com\/wp-content\/uploads\/2024\/01\/bioc1001.jpg\" \/>\n\t<meta property=\"og:image:width\" content=\"940\" \/>\n\t<meta property=\"og:image:height\" content=\"788\" \/>\n\t<meta property=\"og:image:type\" content=\"image\/jpeg\" \/>\n<meta name=\"twitter:card\" content=\"summary_large_image\" \/>\n<meta name=\"twitter:label1\" content=\"Est. reading time\" \/>\n\t<meta name=\"twitter:data1\" content=\"2 minutes\" \/>\n<script type=\"application\/ld+json\" class=\"yoast-schema-graph\">{\"@context\":\"https:\\\/\\\/schema.org\",\"@graph\":[{\"@type\":\"WebPage\",\"@id\":\"https:\\\/\\\/tajkertesz.com\\\/termek\\\/biocera-fasebkezelo-es-oltoviasz-100g\\\/\",\"url\":\"https:\\\/\\\/tajkertesz.com\\\/termek\\\/biocera-fasebkezelo-es-oltoviasz-100g\\\/\",\"name\":\"Biocera fasebkezel\u0151 \u00e9s olt\u00f3viasz 100g - T\u00e1jkert\u00e9sz\",\"isPartOf\":{\"@id\":\"https:\\\/\\\/tajkertesz.com\\\/#website\"},\"primaryImageOfPage\":{\"@id\":\"https:\\\/\\\/tajkertesz.com\\\/termek\\\/biocera-fasebkezelo-es-oltoviasz-100g\\\/#primaryimage\"},\"image\":{\"@id\":\"https:\\\/\\\/tajkertesz.com\\\/termek\\\/biocera-fasebkezelo-es-oltoviasz-100g\\\/#primaryimage\"},\"thumbnailUrl\":\"https:\\\/\\\/tajkertesz.com\\\/wp-content\\\/uploads\\\/2024\\\/01\\\/bioc1001.jpg\",\"datePublished\":\"2024-01-31T07:20:51+00:00\",\"dateModified\":\"2026-02-13T09:07:11+00:00\",\"description\":\"Biocera fasebkezel\u0151 \u00e9s olt\u00f3viasz 100g. Felhaszn\u00e1lhat\u00f3 gy\u00fcm\u00f6lcsf\u00e1k, sz\u0151l\u0151, d\u00edszf\u00e1k stb. metsz\u00e9sein\u00e9l, \u00e1gt\u00f6r\u00e9sein\u00e9l, nagyobb \u00e1gak lev\u00e1g\u00e1s\u00e1n\u00e1l, olt\u00e1sn\u00e1l...\",\"breadcrumb\":{\"@id\":\"https:\\\/\\\/tajkertesz.com\\\/termek\\\/biocera-fasebkezelo-es-oltoviasz-100g\\\/#breadcrumb\"},\"inLanguage\":\"en-US\",\"potentialAction\":[{\"@type\":\"ReadAction\",\"target\":[\"https:\\\/\\\/tajkertesz.com\\\/termek\\\/biocera-fasebkezelo-es-oltoviasz-100g\\\/\"]}]},{\"@type\":\"ImageObject\",\"inLanguage\":\"en-US\",\"@id\":\"https:\\\/\\\/tajkertesz.com\\\/termek\\\/biocera-fasebkezelo-es-oltoviasz-100g\\\/#primaryimage\",\"url\":\"https:\\\/\\\/tajkertesz.com\\\/wp-content\\\/uploads\\\/2024\\\/01\\\/bioc1001.jpg\",\"contentUrl\":\"https:\\\/\\\/tajkertesz.com\\\/wp-content\\\/uploads\\\/2024\\\/01\\\/bioc1001.jpg\",\"width\":940,\"height\":788},{\"@type\":\"BreadcrumbList\",\"@id\":\"https:\\\/\\\/tajkertesz.com\\\/termek\\\/biocera-fasebkezelo-es-oltoviasz-100g\\\/#breadcrumb\",\"itemListElement\":[{\"@type\":\"ListItem\",\"position\":1,\"name\":\"Home\",\"item\":\"https:\\\/\\\/tajkertesz.com\\\/\"},{\"@type\":\"ListItem\",\"position\":2,\"name\":\"Kezd\u0151lap\",\"item\":\"https:\\\/\\\/tajkertesz.com\\\/\"},{\"@type\":\"ListItem\",\"position\":3,\"name\":\"Biocera fasebkezel\u0151 \u00e9s olt\u00f3viasz 100g\"}]},{\"@type\":\"WebSite\",\"@id\":\"https:\\\/\\\/tajkertesz.com\\\/#website\",\"url\":\"https:\\\/\\\/tajkertesz.com\\\/\",\"name\":\"T\u00e1j-Kert\u00e9sz 84 Kft.\",\"description\":\"Kert\u00e9szeti kis- \u00e9s nagykeresked\u00e9s, D\u00edszn\u00f6v\u00e9ny web\u00e1ruh\u00e1z orsz\u00e1gos h\u00e1zhozsz\u00e1ll\u00edt\u00e1ssal!\",\"publisher\":{\"@id\":\"https:\\\/\\\/tajkertesz.com\\\/#organization\"},\"potentialAction\":[{\"@type\":\"SearchAction\",\"target\":{\"@type\":\"EntryPoint\",\"urlTemplate\":\"https:\\\/\\\/tajkertesz.com\\\/?s={search_term_string}\"},\"query-input\":{\"@type\":\"PropertyValueSpecification\",\"valueRequired\":true,\"valueName\":\"search_term_string\"}}],\"inLanguage\":\"en-US\"},{\"@type\":\"Organization\",\"@id\":\"https:\\\/\\\/tajkertesz.com\\\/#organization\",\"name\":\"T\u00e1j-Kert\u00e9sz 84 Kft.\",\"url\":\"https:\\\/\\\/tajkertesz.com\\\/\",\"logo\":{\"@type\":\"ImageObject\",\"inLanguage\":\"en-US\",\"@id\":\"https:\\\/\\\/tajkertesz.com\\\/#\\\/schema\\\/logo\\\/image\\\/\",\"url\":\"https:\\\/\\\/tajkertesz.com\\\/wp-content\\\/uploads\\\/2018\\\/02\\\/logo-2-e1518678052539.png\",\"contentUrl\":\"https:\\\/\\\/tajkertesz.com\\\/wp-content\\\/uploads\\\/2018\\\/02\\\/logo-2-e1518678052539.png\",\"width\":81,\"height\":140,\"caption\":\"T\u00e1j-Kert\u00e9sz 84 Kft.\"},\"image\":{\"@id\":\"https:\\\/\\\/tajkertesz.com\\\/#\\\/schema\\\/logo\\\/image\\\/\"},\"sameAs\":[\"https:\\\/\\\/www.facebook.com\\\/Tajkertesz\\\/\"]}]}<\/script>\n<!-- \/ Yoast SEO plugin. -->","yoast_head_json":{"title":"Biocera fasebkezel\u0151 \u00e9s olt\u00f3viasz 100g - T\u00e1jkert\u00e9sz","description":"Biocera fasebkezel\u0151 \u00e9s olt\u00f3viasz 100g. Felhaszn\u00e1lhat\u00f3 gy\u00fcm\u00f6lcsf\u00e1k, sz\u0151l\u0151, d\u00edszf\u00e1k stb. metsz\u00e9sein\u00e9l, \u00e1gt\u00f6r\u00e9sein\u00e9l, nagyobb \u00e1gak lev\u00e1g\u00e1s\u00e1n\u00e1l, olt\u00e1sn\u00e1l...","robots":{"index":"index","follow":"follow","max-snippet":"max-snippet:-1","max-image-preview":"max-image-preview:large","max-video-preview":"max-video-preview:-1"},"canonical":"https:\/\/tajkertesz.com\/en_US\/product\/biocera-fasebkezelo-es-oltoviasz-100g\/","og_locale":"en_US","og_type":"article","og_title":"Biocera fasebkezel\u0151 \u00e9s olt\u00f3viasz 100g - T\u00e1jkert\u00e9sz","og_description":"Biocera fasebkezel\u0151 \u00e9s olt\u00f3viasz 100g. Felhaszn\u00e1lhat\u00f3 gy\u00fcm\u00f6lcsf\u00e1k, sz\u0151l\u0151, d\u00edszf\u00e1k stb. metsz\u00e9sein\u00e9l, \u00e1gt\u00f6r\u00e9sein\u00e9l, nagyobb \u00e1gak lev\u00e1g\u00e1s\u00e1n\u00e1l, olt\u00e1sn\u00e1l...","og_url":"https:\/\/tajkertesz.com\/en_US\/product\/biocera-fasebkezelo-es-oltoviasz-100g\/","og_site_name":"T\u00e1jkert\u00e9sz","article_publisher":"https:\/\/www.facebook.com\/Tajkertesz\/","article_modified_time":"2026-02-13T09:07:11+00:00","og_image":[{"width":940,"height":788,"url":"https:\/\/tajkertesz.com\/wp-content\/uploads\/2024\/01\/bioc1001.jpg","type":"image\/jpeg"}],"twitter_card":"summary_large_image","twitter_misc":{"Est. reading time":"2 minutes"},"schema":{"@context":"https:\/\/schema.org","@graph":[{"@type":"WebPage","@id":"https:\/\/tajkertesz.com\/termek\/biocera-fasebkezelo-es-oltoviasz-100g\/","url":"https:\/\/tajkertesz.com\/termek\/biocera-fasebkezelo-es-oltoviasz-100g\/","name":"Biocera fasebkezel\u0151 \u00e9s olt\u00f3viasz 100g - T\u00e1jkert\u00e9sz","isPartOf":{"@id":"https:\/\/tajkertesz.com\/#website"},"primaryImageOfPage":{"@id":"https:\/\/tajkertesz.com\/termek\/biocera-fasebkezelo-es-oltoviasz-100g\/#primaryimage"},"image":{"@id":"https:\/\/tajkertesz.com\/termek\/biocera-fasebkezelo-es-oltoviasz-100g\/#primaryimage"},"thumbnailUrl":"https:\/\/tajkertesz.com\/wp-content\/uploads\/2024\/01\/bioc1001.jpg","datePublished":"2024-01-31T07:20:51+00:00","dateModified":"2026-02-13T09:07:11+00:00","description":"Biocera fasebkezel\u0151 \u00e9s olt\u00f3viasz 100g. Felhaszn\u00e1lhat\u00f3 gy\u00fcm\u00f6lcsf\u00e1k, sz\u0151l\u0151, d\u00edszf\u00e1k stb. metsz\u00e9sein\u00e9l, \u00e1gt\u00f6r\u00e9sein\u00e9l, nagyobb \u00e1gak lev\u00e1g\u00e1s\u00e1n\u00e1l, olt\u00e1sn\u00e1l...","breadcrumb":{"@id":"https:\/\/tajkertesz.com\/termek\/biocera-fasebkezelo-es-oltoviasz-100g\/#breadcrumb"},"inLanguage":"en-US","potentialAction":[{"@type":"ReadAction","target":["https:\/\/tajkertesz.com\/termek\/biocera-fasebkezelo-es-oltoviasz-100g\/"]}]},{"@type":"ImageObject","inLanguage":"en-US","@id":"https:\/\/tajkertesz.com\/termek\/biocera-fasebkezelo-es-oltoviasz-100g\/#primaryimage","url":"https:\/\/tajkertesz.com\/wp-content\/uploads\/2024\/01\/bioc1001.jpg","contentUrl":"https:\/\/tajkertesz.com\/wp-content\/uploads\/2024\/01\/bioc1001.jpg","width":940,"height":788},{"@type":"BreadcrumbList","@id":"https:\/\/tajkertesz.com\/termek\/biocera-fasebkezelo-es-oltoviasz-100g\/#breadcrumb","itemListElement":[{"@type":"ListItem","position":1,"name":"Home","item":"https:\/\/tajkertesz.com\/"},{"@type":"ListItem","position":2,"name":"Kezd\u0151lap","item":"https:\/\/tajkertesz.com\/"},{"@type":"ListItem","position":3,"name":"Biocera fasebkezel\u0151 \u00e9s olt\u00f3viasz 100g"}]},{"@type":"WebSite","@id":"https:\/\/tajkertesz.com\/#website","url":"https:\/\/tajkertesz.com\/","name":"T\u00e1j-Kert\u00e9sz 84 Kft.","description":"Kert\u00e9szeti kis- \u00e9s nagykeresked\u00e9s, D\u00edszn\u00f6v\u00e9ny web\u00e1ruh\u00e1z orsz\u00e1gos h\u00e1zhozsz\u00e1ll\u00edt\u00e1ssal!","publisher":{"@id":"https:\/\/tajkertesz.com\/#organization"},"potentialAction":[{"@type":"SearchAction","target":{"@type":"EntryPoint","urlTemplate":"https:\/\/tajkertesz.com\/?s={search_term_string}"},"query-input":{"@type":"PropertyValueSpecification","valueRequired":true,"valueName":"search_term_string"}}],"inLanguage":"en-US"},{"@type":"Organization","@id":"https:\/\/tajkertesz.com\/#organization","name":"T\u00e1j-Kert\u00e9sz 84 Kft.","url":"https:\/\/tajkertesz.com\/","logo":{"@type":"ImageObject","inLanguage":"en-US","@id":"https:\/\/tajkertesz.com\/#\/schema\/logo\/image\/","url":"https:\/\/tajkertesz.com\/wp-content\/uploads\/2018\/02\/logo-2-e1518678052539.png","contentUrl":"https:\/\/tajkertesz.com\/wp-content\/uploads\/2018\/02\/logo-2-e1518678052539.png","width":81,"height":140,"caption":"T\u00e1j-Kert\u00e9sz 84 Kft."},"image":{"@id":"https:\/\/tajkertesz.com\/#\/schema\/logo\/image\/"},"sameAs":["https:\/\/www.facebook.com\/Tajkertesz\/"]}]}},"_links":{"self":[{"href":"https:\/\/tajkertesz.com\/en_US\/wp-json\/wp\/v2\/product\/18986","targetHints":{"allow":["GET"]}}],"collection":[{"href":"https:\/\/tajkertesz.com\/en_US\/wp-json\/wp\/v2\/product"}],"about":[{"href":"https:\/\/tajkertesz.com\/en_US\/wp-json\/wp\/v2\/types\/product"}],"wp:featuredmedia":[{"embeddable":true,"href":"https:\/\/tajkertesz.com\/en_US\/wp-json\/wp\/v2\/media\/18987"}],"wp:attachment":[{"href":"https:\/\/tajkertesz.com\/en_US\/wp-json\/wp\/v2\/media?parent=18986"}],"wp:term":[{"taxonomy":"product_brand","embeddable":true,"href":"https:\/\/tajkertesz.com\/en_US\/wp-json\/wp\/v2\/product_brand?post=18986"},{"taxonomy":"product_cat","embeddable":true,"href":"https:\/\/tajkertesz.com\/en_US\/wp-json\/wp\/v2\/product_cat?post=18986"},{"taxonomy":"product_tag","embeddable":true,"href":"https:\/\/tajkertesz.com\/en_US\/wp-json\/wp\/v2\/product_tag?post=18986"}],"curies":[{"name":"wp","href":"https:\/\/api.w.org\/{rel}","templated":true}]}}