{"id":19009,"date":"2024-01-31T10:51:13","date_gmt":"2024-01-31T10:51:13","guid":{"rendered":"https:\/\/tajkertesz.com\/?post_type=product&#038;p=19009"},"modified":"2026-02-12T15:38:31","modified_gmt":"2026-02-12T15:38:31","slug":"sanium-system-rovarolo-permetezoszer-50ml","status":"publish","type":"product","link":"https:\/\/tajkertesz.com\/en_US\/product\/sanium-system-rovarolo-permetezoszer-50ml\/","title":{"rendered":"Sanium System rovar\u00f6l\u0151 permetez\u0151szer 50ml."},"content":{"rendered":"<h2>Sanium System rovar\u00f6l\u0151 permetez\u0151szer 50ml.<\/h2>\n<p>Sanium System<\/p>\n<div class=\"product-downloadable__box product-downloadable__box text-center flex-even\">\n<p>Alm\u00e1ban\u00a0lev\u00e9ltetvek ellen a min\u00e9l sikeresebb v\u00e9dekez\u00e9s el\u00e9r\u00e9s\u00e9nek c\u00e9lj\u00e1b\u00f3l id\u0151z\u00edts\u00fck a kezel\u00e9st a kihajt\u00e1s ut\u00e1n a vir\u00e1gz\u00e1s kezdete el\u0151tt az els\u0151 telepek megjelen\u00e9snek idej\u00e9re illetve a gy\u00fcm\u00f6lcs\u00f6k 90%- os \u00e9retts\u00e9g\u00e9re. A kezel\u00e9sek sz\u00e1ma nem haladhatja meg az 1\/2 \u00e9v\/kezel\u00e9st.\u00a0Sz\u0151l\u0151ben\u00a0(bor-, csemege-) sz\u0151l\u0151kab\u00f3ca fajok ellen a m\u00e1sodik, harmadik st\u00e1dium\u00fa l\u00e1rv\u00e1k ellen c\u00e9lszer\u0171 v\u00e9dekezni a f\u00fcrtmegny\u00fal\u00e1s \u00e9r\u00e9s kezdet\u00e9n.<\/p>\n<p>Mivel a kikelt l\u00e1rv\u00e1k a kel\u00e9st\u0151l sz\u00e1m\u00edtott 30\u201340 napig nem k\u00e9pesek a fitoplazma terjeszt\u00e9s\u00e9re ez\u00e9rt, az els\u0151 l\u00e1rv\u00e1k megjelen\u00e9s\u00e9t\u0151l sz\u00e1m\u00edtott 30 nap ut\u00e1n v\u00e9gzett kezel\u00e9ssel lehet j\u00f3 es\u00e9llyel a betegs\u00e9g terjed\u00e9s\u00e9t megakad\u00e1lyozni. A kezel\u00e9sek lehets\u00e9ges sz\u00e1ma 1\/1 \u00e9v.\u00a0Sal\u00e1t\u00e1ban\u00a0a kezel\u00e9seket lev\u00e9ltetvek ellen 2 leveles \u00e1llapott\u00f3l a v\u00e9gleges fejm\u00e9retig 1\/2 \u00e9v alkalommal v\u00e9gezz\u00fck el.<\/p>\n<p>Hajtatott\u00a0ubork\u00e1ban\u00a0\u00e9s\u00a0cukk\u00edniben\u00a0a lev\u00e9ltetvek elleni permetez\u00e9st a telepek korai kialakul\u00e1s\u00e1nak st\u00e1dium\u00e1ban javasolt elv\u00e9gezni. Molytetvek ellen a kezel\u00e9seket az els\u0151 kifejlett egyedek megjelen\u00e9sekor c\u00e9lszer\u0171 megkezdeni. Egyes uborkafajt\u00e1k \u00e9rz\u00e9kenyebbek lehetnek a flupiradifuron hat\u00f3anyagra, ez\u00e9rt mindenk\u00e9ppen aj\u00e1nlott kisebb fel\u00fcleten pr\u00f3bapermetez\u00e9st v\u00e9gezni. Molytet\u0171 \u00e9s lev\u00e9ltetvek ellen a n\u00f6v\u00e9nyek 2 leveles \u00e1llapot\u00e1t\u00f3l a teljes \u00e9r\u00e9s\u00e9ig 1\/2 \u00e9v alkalommal v\u00e9dekezhet\u00fcnk.<\/p>\n<p>Hajtatott\u00a0paprik\u00e1ban\u00a0a lev\u00e9ltetvek elleni kezel\u00e9seket az egyedek beteleped\u00e9sekor aj\u00e1nlott megtenni.<\/p>\n<p>Hajtatott\u00a0paradicsomban\u00a0\u00e9s\u00a0toj\u00e1sgy\u00fcm\u00f6lcsben\u00a0molytetvek ellen a szer csak a kifejlett, mozg\u00f3 alakkal illetve az els\u0151 st\u00e1dium\u00fa l\u00e1rv\u00e1kkal szemben rendelkezik megfelel\u0151 hat\u00e1ssal. A kezel\u00e9seket a n\u00f6v\u00e9ny\u00e1llom\u00e1nyban v\u00e9gzett rajz\u00e1smegfigyel\u00e9s alapj\u00e1n c\u00e9lszer\u0171 megkezdeni 2 levele \u00e1llapott\u00f3l az \u00e9r\u00e9sig alkalmazzuk 1\/2 \u00e9ves intervallumban.<\/p>\n<p>Burgony\u00e1ban\u00a0burgonyabog\u00e1r ellen a v\u00e9dekez\u00e9seket a n\u00f6v\u00e9ny sorz\u00e1r\u00f3d\u00e1s\u00e1nak kezdet\u00e9t\u0151l a bogy\u00f3\u00e9r\u00e9sig sz\u00fcks\u00e9ges id\u0151z\u00edteni 1\/\u00e9v alkalommal.<\/p>\n<p>Szabadf\u00f6ldi, hajtatott, valamint szobai\u00a0d\u00edszn\u00f6v\u00e9nyekben\u00a0a lev\u00e9ltetvek eset\u00e9ben a v\u00e9dekez\u00e9s m\u00e1r az \u00e1ttelelt toj\u00e1sokb\u00f3l kelt nemzed\u00e9k ellen megkezd\u0151dhet, \u00e9s a megfigyel\u00e9sek alapj\u00e1n a veget\u00e1ci\u00f3 sor\u00e1n szoban\u00f6v\u00e9nyekn\u00e9l megism\u00e9telhet\u0151. A t\u00e1pn\u00f6v\u00e9nyv\u00e1lt\u00f3 fajok ny\u00e1ri gazdan\u00f6v\u00e9nyein a v\u00e9dekez\u00e9seket az egyedek beteleped\u00e9sekor, a telepek megjelen\u00e9se el\u0151tt kell elv\u00e9gezni.<\/p>\n<p>Szobai d\u00edszn\u00f6v\u00e9nyek eset\u00e9n a kezel\u00e9st 7\u201314 naponk\u00e9nt a k\u00e1rt\u00e9teli helyzet alakul\u00e1sa szerint c\u00e9lszer\u0171 ism\u00e9telni. Molytetvek, pajzstetvek, kab\u00f3c\u00e1k \u00e9s k\u00e1rtev\u0151 bog\u00e1rfajok ellen a kezel\u00e9seket \u2013 a n\u00f6v\u00e9ny\u00e1llom\u00e1ny rendszeres vizsg\u00e1lat\u00e1ra alapozva \u2013 az els\u0151 egyedek megjelen\u00e9sekor c\u00e9lszer\u0171 elv\u00e9gezni.<\/p>\n<p>D\u00edszn\u00f6v\u00e9nyekben (szabadf\u00f6ldi, hajtatott) az \u00e9ves kezel\u00e9sek sz\u00e1ma nem haladhatja meg az 1\/2 \u00e9v alkalmat. Szoban\u00f6v\u00e9nyekn\u00e9l a maxim\u00e1lis kezel\u00e9s 4 alkalom\/\u00e9v, a kezel\u00e9sek k\u00f6z\u00f6tt el kell telnie 7 napnak.<\/p>\n<p>A permetl\u00e9 mennyis\u00e9get a kezelend\u0151 n\u00f6v\u00e9ny lombfel\u00fclet\u00e9nek a nagys\u00e1g\u00e1t\u00f3l f\u00fcgg\u0151en kell megv\u00e1lasztani. M\u00e9hekkel l\u00e1togatott vir\u00e1gz\u00f3 kult\u00far\u00e1kban, vir\u00e1gz\u00f3 gyomn\u00f6v\u00e9nyek jelenl\u00e9t\u00e9ben, m\u00e9zharmat kiv\u00e1l\u00e1s eset\u00e9n m\u00e9hk\u00edm\u00e9l\u0151 technol\u00f3gi\u00e1val juttassuk ki a k\u00e9sz\u00edtm\u00e9nyt. A m\u00e9hek rep\u00fcl\u00e9s\u00e9nek befejezt\u00e9vel a csillag\u00e1szati naplemente el\u0151tt 1 \u00f3r\u00e1val kezdj\u00fck meg. A k\u00e9sz\u00edtm\u00e9ny m\u00e1s n\u00f6v\u00e9nyv\u00e9d\u0151szerrel nem keverhet\u0151.<\/p>\n<p><strong><span style=\"text-decoration: underline;\">Adagol\u00e1sa:<\/span><\/strong><\/p>\n<table class=\"table\">\n<tbody>\n<tr>\n<td>Alma<\/td>\n<td>Lev\u00e9ltetvek<\/td>\n<td class=\"text-center\">0,4% (40 ml\/10 l v\u00edz)<\/td>\n<td>14 nap<\/td>\n<td class=\"text-center\" colspan=\"2\">Tov\u00e1bbi inform\u00e1ci\u00f3: okirat\/c\u00edmke<\/td>\n<\/tr>\n<tr>\n<td>Sz\u0151l\u0151 (borsz\u0151l\u0151, csemegesz\u0151l\u0151)<\/td>\n<td>Kab\u00f3c\u00e1k<\/td>\n<td class=\"text-center\">0,4% (40 ml\/10 l v\u00edz)<\/td>\n<td>14 nap<\/td>\n<td class=\"text-center\" colspan=\"2\">Tov\u00e1bbi inform\u00e1ci\u00f3: okirat\/c\u00edmke<\/td>\n<\/tr>\n<tr>\n<td>Sal\u00e1ta (szabadf\u00f6ldi)<\/td>\n<td>Lev\u00e9ltetvek<\/td>\n<td class=\"text-center\">0,5% (50 ml\/10 l v\u00edz)<\/td>\n<td>3 nap<\/td>\n<td class=\"text-center\" colspan=\"2\">Tov\u00e1bbi inform\u00e1ci\u00f3: okirat\/c\u00edmke<\/td>\n<\/tr>\n<tr>\n<td>Burgonya<\/td>\n<td>Burgonyabog\u00e1r<\/td>\n<td class=\"text-center\">0,4% (40 ml\/10 l v\u00edz)<\/td>\n<td>7 nap<\/td>\n<td class=\"text-center\" colspan=\"2\">Tov\u00e1bbi inform\u00e1ci\u00f3: okirat\/c\u00edmke<\/td>\n<\/tr>\n<tr>\n<td>Uborka, Cukkini (hajtatott)<\/td>\n<td>Lev\u00e9ltetvek, \u00dcvegh\u00e1zi molytet\u0171 (liszteske)<\/td>\n<td class=\"text-center\">0,45% (45 ml\/10 l v\u00edz)<\/td>\n<td>3 nap<\/td>\n<td class=\"text-center\" colspan=\"2\">Tov\u00e1bbi inform\u00e1ci\u00f3: okirat\/c\u00edmke<\/td>\n<\/tr>\n<tr>\n<td>Paprika, Paradicsom, Padlizs\u00e1n (hajtatott)<\/td>\n<td>Lev\u00e9ltetvek, \u00dcvegh\u00e1zi molytet\u0171 (liszteske)<\/td>\n<td class=\"text-center\">0,45% (45 ml\/10 l v\u00edz)<\/td>\n<td>3 nap<\/td>\n<td class=\"text-center\" colspan=\"2\">Tov\u00e1bbi inform\u00e1ci\u00f3: okirat\/c\u00edmke<\/td>\n<\/tr>\n<tr>\n<td>D\u00edszn\u00f6v\u00e9nyek (szabadf\u00f6ldi)<\/td>\n<td>Lev\u00e9ltetvek, Kab\u00f3c\u00e1k, Pajzstetvek, Bogarak<\/td>\n<td class=\"text-center\">0,5% (50 ml\/10 l v\u00edz)<\/td>\n<td>nem sz\u00fcks\u00e9ges<\/td>\n<td class=\"text-center\" colspan=\"2\">Tov\u00e1bbi inform\u00e1ci\u00f3: okirat\/c\u00edmke<\/td>\n<\/tr>\n<tr>\n<td>D\u00edszn\u00f6v\u00e9nyek (hajtatott)<\/td>\n<td>Lev\u00e9ltetvek, \u00dcvegh\u00e1zi molytet\u0171 (liszteske), Pajzstetvek<\/td>\n<td class=\"text-center\">0,5% (50 ml\/10 l v\u00edz)<\/td>\n<td>nem sz\u00fcks\u00e9ges<\/td>\n<td class=\"text-center\" colspan=\"2\">Tov\u00e1bbi inform\u00e1ci\u00f3: okirat\/c\u00edmke<\/td>\n<\/tr>\n<tr>\n<td>D\u00edszn\u00f6v\u00e9nyek (szobai)<\/td>\n<td>Lev\u00e9ltetvek, \u00dcvegh\u00e1zi molytet\u0171 (liszteske), Pajzstetvek<\/td>\n<td class=\"text-center\">0,5% (50 ml\/10 l v\u00edz)<\/td>\n<td>nem sz\u00fcks\u00e9ges<\/td>\n<td class=\"text-center\" colspan=\"2\">Tov\u00e1bbi inform\u00e1ci\u00f3: okirat\/c\u00edmke<\/td>\n<\/tr>\n<\/tbody>\n<\/table>\n<p><span style=\"color: #ff0000;\"><strong><span style=\"text-decoration: underline;\">N\u00f6v\u00e9nyv\u00e9d\u0151szer csak szem\u00e9lyes \u00e1tv\u00e9tellel rendelhet\u0151!<\/span><\/strong><\/span><\/p>\n<p>El\u00e9rhet\u0151 t\u00f6bbf\u00e9le m\u00e9retben \u00e9s \u00e1rban.<\/p>\n<p><strong>K\u00e9szlet\u00fcnk napi szinten v\u00e1ltozik, ez\u00e9rt k\u00e9rj\u00fck, \u00e9rdekl\u0151dj\u00f6n szem\u00e9lyesen, telefonon vagy email-en.<br \/>\nA v\u00e1ltoztat\u00e1s jog\u00e1t fenntartjuk!\u00a0<\/strong><\/p>\n<p><a href=\"https:\/\/tajkertesz.com\/\">https:\/\/tajkertesz.com\/<\/a><\/p>\n<p><a href=\"https:\/\/www.facebook.com\/tajkertesz\/\">https:\/\/www.facebook.com\/tajkertesz\/<\/a><\/p>\n<p>Szem\u00e9lyes \u00e1tv\u00e9tel nyitvatart\u00e1si id\u0151ben a 17. ker\u00fclet Bakancsos utca 7. sz\u00e1m alatti Kert\u00e9szeti \u00e1rud\u00e1ban.<\/p>\n<\/div>\n<p>&nbsp;<\/p>","protected":false},"excerpt":{"rendered":"<h2>Sanium System rovar\u00f6l\u0151 permetez\u0151szer 50ml.<\/h2>\n<p><b>Foly\u00e9kony v\u00edzoldhat\u00f3 rovar\u00f6l\u0151 szer. Felsz\u00edv\u00f3d\u00f3 hat\u00e1smechanizmus\u00fa hat\u00f3anyag\u00e1nak alkalmaz\u00e1s\u00e1val szemben m\u00e9g nem alakult ki a k\u00e1ros\u00edt\u00f3k r\u00e9sz\u00e9r\u0151l toler\u00e1ns ellen\u00e1ll\u00f3 k\u00e9pess\u00e9g&#8230;<\/b><\/p>\n<p style=\"font-weight: 400;\"><span style=\"font-style: inherit; font-weight: inherit;\">A flupiradifuron nikotin acetilkolin receptor serkent\u0151 neonikotinoid, a rovarok nikotin-acetilkolin receptor\u00e1t blokkolja.<\/span><\/p>\n<div class=\"product-downloadable__box product-downloadable__box text-center flex-even\">\n<p class=\"product-downloadable__box__title\"><strong>\u00d6sszetev\u0151k:<\/strong> 25 g\/l flupiradifuron<\/p>\n<\/div>\n<div class=\"product-downloadable__box product-downloadable__box text-center flex-even\">\n<p class=\"product-downloadable__box__title\"><strong>Formul\u00e1ci\u00f3:<\/strong> foly\u00e9kony v\u00edzoldhat\u00f3 koncentr\u00e1tum \u00a0(SL)<\/p>\n<\/div>\n<div class=\"product-downloadable__box product-downloadable__box text-center flex-even\">\n<p class=\"product-downloadable__box__title\"><strong>Forg. kateg\u00f3ria:<\/strong> III.<\/p>\n<\/div>\n<div class=\"product-downloadable__box product-downloadable__box text-center flex-even\">\n<p class=\"product-downloadable__box__title\"><strong>Kiszerel\u00e9s:<\/strong> 50 ml, 100 ml<\/p>\n<\/div>\n<p><span style=\"color: #ff0000;\"><strong><span style=\"text-decoration: underline;\">N\u00f6v\u00e9nyv\u00e9d\u0151szer csak szem\u00e9lyes \u00e1tv\u00e9tellel rendelhet\u0151!<\/span><\/strong><\/span><\/p>","protected":false},"featured_media":19010,"template":"","meta":{"_et_pb_use_builder":"","_et_pb_old_content":"","_et_gb_content_width":""},"product_brand":[],"product_cat":[3423],"product_tag":[4807,4806,4752,4332,4734,4135,4805],"class_list":{"0":"post-19009","1":"product","2":"type-product","3":"status-publish","4":"has-post-thumbnail","6":"product_cat-rovarolo-szer","7":"product_tag-leveltetu","8":"product_tag-pajzstetu","9":"product_tag-permetezoszer","10":"product_tag-permetszer","11":"product_tag-rovar","12":"product_tag-rovarolo","13":"product_tag-sanium-system","15":"first","16":"instock","17":"shipping-taxable","18":"purchasable","19":"product-type-simple"},"yoast_head":"<!-- This site is optimized with the Yoast SEO plugin v27.5 - https:\/\/yoast.com\/product\/yoast-seo-wordpress\/ -->\n<title>Sanium System rovar\u00f6l\u0151 permetez\u0151szer 50ml. - T\u00e1jkert\u00e9sz<\/title>\n<meta name=\"description\" content=\"Sanium System rovar\u00f6l\u0151 permetez\u0151szer 50ml. Foly\u00e9kony v\u00edzoldhat\u00f3 rovar\u00f6l\u0151 szer. Felsz\u00edv\u00f3d\u00f3 hat\u00e1smechanizmus\u00fa hat\u00f3anyag\u00e1nak alkalmaz\u00e1s\u00e1val...\" \/>\n<meta name=\"robots\" content=\"index, follow, max-snippet:-1, max-image-preview:large, max-video-preview:-1\" \/>\n<link rel=\"canonical\" href=\"https:\/\/tajkertesz.com\/en_US\/product\/sanium-system-rovarolo-permetezoszer-50ml\/\" \/>\n<meta property=\"og:locale\" content=\"en_US\" \/>\n<meta property=\"og:type\" content=\"article\" \/>\n<meta property=\"og:title\" content=\"Sanium System rovar\u00f6l\u0151 permetez\u0151szer 50ml. - T\u00e1jkert\u00e9sz\" \/>\n<meta property=\"og:description\" content=\"Sanium System rovar\u00f6l\u0151 permetez\u0151szer 50ml. Foly\u00e9kony v\u00edzoldhat\u00f3 rovar\u00f6l\u0151 szer. Felsz\u00edv\u00f3d\u00f3 hat\u00e1smechanizmus\u00fa hat\u00f3anyag\u00e1nak alkalmaz\u00e1s\u00e1val...\" \/>\n<meta property=\"og:url\" content=\"https:\/\/tajkertesz.com\/en_US\/product\/sanium-system-rovarolo-permetezoszer-50ml\/\" \/>\n<meta property=\"og:site_name\" content=\"T\u00e1jkert\u00e9sz\" \/>\n<meta property=\"article:publisher\" content=\"https:\/\/www.facebook.com\/Tajkertesz\/\" \/>\n<meta property=\"article:modified_time\" content=\"2026-02-12T15:38:31+00:00\" \/>\n<meta property=\"og:image\" content=\"https:\/\/tajkertesz.com\/wp-content\/uploads\/2024\/01\/sani4001.jpg\" \/>\n\t<meta property=\"og:image:width\" content=\"564\" \/>\n\t<meta property=\"og:image:height\" content=\"600\" \/>\n\t<meta property=\"og:image:type\" content=\"image\/jpeg\" \/>\n<meta name=\"twitter:card\" content=\"summary_large_image\" \/>\n<meta name=\"twitter:label1\" content=\"Est. reading time\" \/>\n\t<meta name=\"twitter:data1\" content=\"4 minutes\" \/>\n<script type=\"application\/ld+json\" class=\"yoast-schema-graph\">{\"@context\":\"https:\\\/\\\/schema.org\",\"@graph\":[{\"@type\":\"WebPage\",\"@id\":\"https:\\\/\\\/tajkertesz.com\\\/termek\\\/sanium-system-rovarolo-permetezoszer-50ml\\\/\",\"url\":\"https:\\\/\\\/tajkertesz.com\\\/termek\\\/sanium-system-rovarolo-permetezoszer-50ml\\\/\",\"name\":\"Sanium System rovar\u00f6l\u0151 permetez\u0151szer 50ml. - T\u00e1jkert\u00e9sz\",\"isPartOf\":{\"@id\":\"https:\\\/\\\/tajkertesz.com\\\/#website\"},\"primaryImageOfPage\":{\"@id\":\"https:\\\/\\\/tajkertesz.com\\\/termek\\\/sanium-system-rovarolo-permetezoszer-50ml\\\/#primaryimage\"},\"image\":{\"@id\":\"https:\\\/\\\/tajkertesz.com\\\/termek\\\/sanium-system-rovarolo-permetezoszer-50ml\\\/#primaryimage\"},\"thumbnailUrl\":\"https:\\\/\\\/tajkertesz.com\\\/wp-content\\\/uploads\\\/2024\\\/01\\\/sani4001.jpg\",\"datePublished\":\"2024-01-31T10:51:13+00:00\",\"dateModified\":\"2026-02-12T15:38:31+00:00\",\"description\":\"Sanium System rovar\u00f6l\u0151 permetez\u0151szer 50ml. Foly\u00e9kony v\u00edzoldhat\u00f3 rovar\u00f6l\u0151 szer. Felsz\u00edv\u00f3d\u00f3 hat\u00e1smechanizmus\u00fa hat\u00f3anyag\u00e1nak alkalmaz\u00e1s\u00e1val...\",\"breadcrumb\":{\"@id\":\"https:\\\/\\\/tajkertesz.com\\\/termek\\\/sanium-system-rovarolo-permetezoszer-50ml\\\/#breadcrumb\"},\"inLanguage\":\"en-US\",\"potentialAction\":[{\"@type\":\"ReadAction\",\"target\":[\"https:\\\/\\\/tajkertesz.com\\\/termek\\\/sanium-system-rovarolo-permetezoszer-50ml\\\/\"]}]},{\"@type\":\"ImageObject\",\"inLanguage\":\"en-US\",\"@id\":\"https:\\\/\\\/tajkertesz.com\\\/termek\\\/sanium-system-rovarolo-permetezoszer-50ml\\\/#primaryimage\",\"url\":\"https:\\\/\\\/tajkertesz.com\\\/wp-content\\\/uploads\\\/2024\\\/01\\\/sani4001.jpg\",\"contentUrl\":\"https:\\\/\\\/tajkertesz.com\\\/wp-content\\\/uploads\\\/2024\\\/01\\\/sani4001.jpg\",\"width\":564,\"height\":600},{\"@type\":\"BreadcrumbList\",\"@id\":\"https:\\\/\\\/tajkertesz.com\\\/termek\\\/sanium-system-rovarolo-permetezoszer-50ml\\\/#breadcrumb\",\"itemListElement\":[{\"@type\":\"ListItem\",\"position\":1,\"name\":\"Home\",\"item\":\"https:\\\/\\\/tajkertesz.com\\\/\"},{\"@type\":\"ListItem\",\"position\":2,\"name\":\"Kezd\u0151lap\",\"item\":\"https:\\\/\\\/tajkertesz.com\\\/\"},{\"@type\":\"ListItem\",\"position\":3,\"name\":\"Sanium System rovar\u00f6l\u0151 permetez\u0151szer 50ml.\"}]},{\"@type\":\"WebSite\",\"@id\":\"https:\\\/\\\/tajkertesz.com\\\/#website\",\"url\":\"https:\\\/\\\/tajkertesz.com\\\/\",\"name\":\"T\u00e1j-Kert\u00e9sz 84 Kft.\",\"description\":\"Kert\u00e9szeti kis- \u00e9s nagykeresked\u00e9s, D\u00edszn\u00f6v\u00e9ny web\u00e1ruh\u00e1z orsz\u00e1gos h\u00e1zhozsz\u00e1ll\u00edt\u00e1ssal!\",\"publisher\":{\"@id\":\"https:\\\/\\\/tajkertesz.com\\\/#organization\"},\"potentialAction\":[{\"@type\":\"SearchAction\",\"target\":{\"@type\":\"EntryPoint\",\"urlTemplate\":\"https:\\\/\\\/tajkertesz.com\\\/?s={search_term_string}\"},\"query-input\":{\"@type\":\"PropertyValueSpecification\",\"valueRequired\":true,\"valueName\":\"search_term_string\"}}],\"inLanguage\":\"en-US\"},{\"@type\":\"Organization\",\"@id\":\"https:\\\/\\\/tajkertesz.com\\\/#organization\",\"name\":\"T\u00e1j-Kert\u00e9sz 84 Kft.\",\"url\":\"https:\\\/\\\/tajkertesz.com\\\/\",\"logo\":{\"@type\":\"ImageObject\",\"inLanguage\":\"en-US\",\"@id\":\"https:\\\/\\\/tajkertesz.com\\\/#\\\/schema\\\/logo\\\/image\\\/\",\"url\":\"https:\\\/\\\/tajkertesz.com\\\/wp-content\\\/uploads\\\/2018\\\/02\\\/logo-2-e1518678052539.png\",\"contentUrl\":\"https:\\\/\\\/tajkertesz.com\\\/wp-content\\\/uploads\\\/2018\\\/02\\\/logo-2-e1518678052539.png\",\"width\":81,\"height\":140,\"caption\":\"T\u00e1j-Kert\u00e9sz 84 Kft.\"},\"image\":{\"@id\":\"https:\\\/\\\/tajkertesz.com\\\/#\\\/schema\\\/logo\\\/image\\\/\"},\"sameAs\":[\"https:\\\/\\\/www.facebook.com\\\/Tajkertesz\\\/\"]}]}<\/script>\n<!-- \/ Yoast SEO plugin. -->","yoast_head_json":{"title":"Sanium System rovar\u00f6l\u0151 permetez\u0151szer 50ml. - T\u00e1jkert\u00e9sz","description":"Sanium System rovar\u00f6l\u0151 permetez\u0151szer 50ml. Foly\u00e9kony v\u00edzoldhat\u00f3 rovar\u00f6l\u0151 szer. Felsz\u00edv\u00f3d\u00f3 hat\u00e1smechanizmus\u00fa hat\u00f3anyag\u00e1nak alkalmaz\u00e1s\u00e1val...","robots":{"index":"index","follow":"follow","max-snippet":"max-snippet:-1","max-image-preview":"max-image-preview:large","max-video-preview":"max-video-preview:-1"},"canonical":"https:\/\/tajkertesz.com\/en_US\/product\/sanium-system-rovarolo-permetezoszer-50ml\/","og_locale":"en_US","og_type":"article","og_title":"Sanium System rovar\u00f6l\u0151 permetez\u0151szer 50ml. - T\u00e1jkert\u00e9sz","og_description":"Sanium System rovar\u00f6l\u0151 permetez\u0151szer 50ml. Foly\u00e9kony v\u00edzoldhat\u00f3 rovar\u00f6l\u0151 szer. Felsz\u00edv\u00f3d\u00f3 hat\u00e1smechanizmus\u00fa hat\u00f3anyag\u00e1nak alkalmaz\u00e1s\u00e1val...","og_url":"https:\/\/tajkertesz.com\/en_US\/product\/sanium-system-rovarolo-permetezoszer-50ml\/","og_site_name":"T\u00e1jkert\u00e9sz","article_publisher":"https:\/\/www.facebook.com\/Tajkertesz\/","article_modified_time":"2026-02-12T15:38:31+00:00","og_image":[{"width":564,"height":600,"url":"https:\/\/tajkertesz.com\/wp-content\/uploads\/2024\/01\/sani4001.jpg","type":"image\/jpeg"}],"twitter_card":"summary_large_image","twitter_misc":{"Est. reading time":"4 minutes"},"schema":{"@context":"https:\/\/schema.org","@graph":[{"@type":"WebPage","@id":"https:\/\/tajkertesz.com\/termek\/sanium-system-rovarolo-permetezoszer-50ml\/","url":"https:\/\/tajkertesz.com\/termek\/sanium-system-rovarolo-permetezoszer-50ml\/","name":"Sanium System rovar\u00f6l\u0151 permetez\u0151szer 50ml. - T\u00e1jkert\u00e9sz","isPartOf":{"@id":"https:\/\/tajkertesz.com\/#website"},"primaryImageOfPage":{"@id":"https:\/\/tajkertesz.com\/termek\/sanium-system-rovarolo-permetezoszer-50ml\/#primaryimage"},"image":{"@id":"https:\/\/tajkertesz.com\/termek\/sanium-system-rovarolo-permetezoszer-50ml\/#primaryimage"},"thumbnailUrl":"https:\/\/tajkertesz.com\/wp-content\/uploads\/2024\/01\/sani4001.jpg","datePublished":"2024-01-31T10:51:13+00:00","dateModified":"2026-02-12T15:38:31+00:00","description":"Sanium System rovar\u00f6l\u0151 permetez\u0151szer 50ml. Foly\u00e9kony v\u00edzoldhat\u00f3 rovar\u00f6l\u0151 szer. Felsz\u00edv\u00f3d\u00f3 hat\u00e1smechanizmus\u00fa hat\u00f3anyag\u00e1nak alkalmaz\u00e1s\u00e1val...","breadcrumb":{"@id":"https:\/\/tajkertesz.com\/termek\/sanium-system-rovarolo-permetezoszer-50ml\/#breadcrumb"},"inLanguage":"en-US","potentialAction":[{"@type":"ReadAction","target":["https:\/\/tajkertesz.com\/termek\/sanium-system-rovarolo-permetezoszer-50ml\/"]}]},{"@type":"ImageObject","inLanguage":"en-US","@id":"https:\/\/tajkertesz.com\/termek\/sanium-system-rovarolo-permetezoszer-50ml\/#primaryimage","url":"https:\/\/tajkertesz.com\/wp-content\/uploads\/2024\/01\/sani4001.jpg","contentUrl":"https:\/\/tajkertesz.com\/wp-content\/uploads\/2024\/01\/sani4001.jpg","width":564,"height":600},{"@type":"BreadcrumbList","@id":"https:\/\/tajkertesz.com\/termek\/sanium-system-rovarolo-permetezoszer-50ml\/#breadcrumb","itemListElement":[{"@type":"ListItem","position":1,"name":"Home","item":"https:\/\/tajkertesz.com\/"},{"@type":"ListItem","position":2,"name":"Kezd\u0151lap","item":"https:\/\/tajkertesz.com\/"},{"@type":"ListItem","position":3,"name":"Sanium System rovar\u00f6l\u0151 permetez\u0151szer 50ml."}]},{"@type":"WebSite","@id":"https:\/\/tajkertesz.com\/#website","url":"https:\/\/tajkertesz.com\/","name":"T\u00e1j-Kert\u00e9sz 84 Kft.","description":"Kert\u00e9szeti kis- \u00e9s nagykeresked\u00e9s, D\u00edszn\u00f6v\u00e9ny web\u00e1ruh\u00e1z orsz\u00e1gos h\u00e1zhozsz\u00e1ll\u00edt\u00e1ssal!","publisher":{"@id":"https:\/\/tajkertesz.com\/#organization"},"potentialAction":[{"@type":"SearchAction","target":{"@type":"EntryPoint","urlTemplate":"https:\/\/tajkertesz.com\/?s={search_term_string}"},"query-input":{"@type":"PropertyValueSpecification","valueRequired":true,"valueName":"search_term_string"}}],"inLanguage":"en-US"},{"@type":"Organization","@id":"https:\/\/tajkertesz.com\/#organization","name":"T\u00e1j-Kert\u00e9sz 84 Kft.","url":"https:\/\/tajkertesz.com\/","logo":{"@type":"ImageObject","inLanguage":"en-US","@id":"https:\/\/tajkertesz.com\/#\/schema\/logo\/image\/","url":"https:\/\/tajkertesz.com\/wp-content\/uploads\/2018\/02\/logo-2-e1518678052539.png","contentUrl":"https:\/\/tajkertesz.com\/wp-content\/uploads\/2018\/02\/logo-2-e1518678052539.png","width":81,"height":140,"caption":"T\u00e1j-Kert\u00e9sz 84 Kft."},"image":{"@id":"https:\/\/tajkertesz.com\/#\/schema\/logo\/image\/"},"sameAs":["https:\/\/www.facebook.com\/Tajkertesz\/"]}]}},"_links":{"self":[{"href":"https:\/\/tajkertesz.com\/en_US\/wp-json\/wp\/v2\/product\/19009","targetHints":{"allow":["GET"]}}],"collection":[{"href":"https:\/\/tajkertesz.com\/en_US\/wp-json\/wp\/v2\/product"}],"about":[{"href":"https:\/\/tajkertesz.com\/en_US\/wp-json\/wp\/v2\/types\/product"}],"wp:featuredmedia":[{"embeddable":true,"href":"https:\/\/tajkertesz.com\/en_US\/wp-json\/wp\/v2\/media\/19010"}],"wp:attachment":[{"href":"https:\/\/tajkertesz.com\/en_US\/wp-json\/wp\/v2\/media?parent=19009"}],"wp:term":[{"taxonomy":"product_brand","embeddable":true,"href":"https:\/\/tajkertesz.com\/en_US\/wp-json\/wp\/v2\/product_brand?post=19009"},{"taxonomy":"product_cat","embeddable":true,"href":"https:\/\/tajkertesz.com\/en_US\/wp-json\/wp\/v2\/product_cat?post=19009"},{"taxonomy":"product_tag","embeddable":true,"href":"https:\/\/tajkertesz.com\/en_US\/wp-json\/wp\/v2\/product_tag?post=19009"}],"curies":[{"name":"wp","href":"https:\/\/api.w.org\/{rel}","templated":true}]}}