{"id":19012,"date":"2024-01-31T14:53:32","date_gmt":"2024-01-31T14:53:32","guid":{"rendered":"https:\/\/tajkertesz.com\/?post_type=product&#038;p=19012"},"modified":"2026-02-12T15:38:25","modified_gmt":"2026-02-12T15:38:25","slug":"csiga-csapda-csigafogo","status":"publish","type":"product","link":"https:\/\/tajkertesz.com\/en_US\/product\/csiga-csapda-csigafogo\/","title":{"rendered":"Csiga csapda\/csigafog\u00f3"},"content":{"rendered":"<h1>Csiga csapda\/csigafog\u00f3<\/h1>\n<p>Csiga csapda\/csigafog\u00f3<\/p>\n<p>A m\u0171anyag csigacsapda a fiatal pal\u00e1nt\u00e1k \u00e9s egy\u00e9b hasznos vetem\u00e9ny n\u00f6v\u00e9nyek megv\u00e9d\u00e9s\u00e9re szolg\u00e1l a csig\u00e1k okozta k\u00e1rokt\u00f3l.<br \/>\nA k\u00e9sz\u00fcl\u00e9k egyszerre maximum 50 csiga befog\u00e1s\u00e1ra alkalmas. 10 nm-es k\u00f6rzetb\u0151l vegyi anyagok n\u00e9lk\u00fcl vonzza a csig\u00e1kat. Az elpusztult csig\u00e1kat k\u00f6nnyen el lehet takar\u00edtani an\u00e9lk\u00fcl, hogy hozz\u00e1juk kellene \u00e9rni.<\/p>\n<p>K\u00f6nnyen haszn\u00e1lhat\u00f3 \u00e9s telep\u00edthet\u0151<br \/>\n\u00c1tm\u00e9r\u0151je: kb. 13,5cm<\/p>\n<p>El\u00e9rhet\u0151 t\u00f6bbf\u00e9le m\u00e9retben \u00e9s \u00e1rban.<\/p>\n<p><strong>K\u00e9szlet\u00fcnk napi szinten v\u00e1ltozik, ez\u00e9rt k\u00e9rj\u00fck, \u00e9rdekl\u0151dj\u00f6n szem\u00e9lyesen, telefonon vagy email-en.<br \/>\nA v\u00e1ltoztat\u00e1s jog\u00e1t fenntartjuk!\u00a0<\/strong><\/p>\n<p>&nbsp;<\/p>\n<p><a href=\"https:\/\/tajkertesz.com\/\">https:\/\/tajkertesz.com\/<\/a><\/p>\n<p><a href=\"https:\/\/www.facebook.com\/tajkertesz\/\">https:\/\/www.facebook.com\/tajkertesz\/<\/a><\/p>\n<p>Kisz\u00e1ll\u00edt\u00e1s: 200cm-ig \u00a0\u00e9s 40 kg-ig a sz\u00e1ll\u00edt\u00e1s fut\u00e1rszolg\u00e1lattal \u00a0t\u00f6rt\u00e9nik.<\/p>\n<p>Szem\u00e9lyes \u00e1tv\u00e9tel nyitvatart\u00e1si id\u0151ben a 17. ker\u00fclet Bakancsos utca 7. sz\u00e1m alatti Kert\u00e9szeti \u00e1rud\u00e1ban.<\/p>\n<h6><span style=\"color: #ffffff;\">Csiga csapda\/csigafog\u00f3A m\u0171anyag csigacsapda a fiatal pal\u00e1nt\u00e1k \u00e9s egy\u00e9b hasznos vetem\u00e9ny n\u00f6v\u00e9nyek megv\u00e9d\u00e9s\u00e9re szolg\u00e1l a csig\u00e1k okozta k\u00e1rokk\u00e9sz\u00fcl\u00e9k egyszerre maximum 50 csiga befog\u00e1s\u00e1ra alkalmas. 10 nm-es k\u00f6rzetb\u0151l vegyi anyagok n\u00e9lk\u00fcl vonzza a csig\u00e1kat. Az elpusztult csig\u00e1kat k\u00f6nnyen el lehet takar\u00edtani an\u00e9lk\u00fcl, hogy hozz\u00e1juk kellene \u00e9rni.K\u00f6nnyen haszn\u00e1lhat\u00f3 \u00e9s telep\u00edthet\u0151\u00c1tm\u00e9r\u0151je: kb. 13,5cmEl\u00e9rhet\u0151 t\u00f6bbf\u00e9le m\u00e9retben \u00e9s \u00e1rban.<strong>K\u00e9szlet\u00fcnk napi szinten v\u00e1ltozik, ez\u00e9rt k\u00e9rj\u00fck, \u00e9rdekl\u0151dj\u00f6n szem\u00e9lyesen, telefonon vagy email-en.<br \/>\nA v\u00e1ltoztat\u00e1s jog\u00e1t fenntartjuk!\u00a0<\/strong>Csiga csapda\/csigafog\u00f3A m\u0171anyag csgacsapda a fiatal pal\u00e1nt\u00e1k \u00e9s egy\u00e9b hasznos vetem\u00e9ny n\u00f6v\u00e9nyek megv\u00e9d\u00e9s\u00e9re szolg\u00e1l a csig\u00e1k okozta k\u00e1rokt\u00f3l.A k\u00e9sz\u00fcl\u00e9k egyszerre maximum 50 csiga befog\u00e1s\u00e1ra alkalmas. 10 nm-es k\u00f6rzetb\u0151l vegyi anyagok n\u00e9lk\u00fcl vonzza a csig\u00e1kat. Az elpusztult csig\u00e1kat k\u00f6nnyen el lehet takar\u00edtani an\u00e9lk\u00fcl, hogy hozz\u00e1juk kellene \u00e9rni.K\u00f6nnyen haszn\u00e1lhat\u00f3 \u00e9s telep\u00edthet\u0151\u00c1tm\u00e9r\u0151je: kb. 13,5cmEl\u00e9rhet\u0151 t\u00f6bbf\u00e9le m\u00e9retben \u00e9s \u00e1rban.<strong>K\u00e9szlet\u00fcnk napi szinten v\u00e1ltozik, ez\u00e9rt k\u00e9rj\u00fck, \u00e9rdekl\u0151dj\u00f6n szem\u00e9lyesen, telefonon vagy email-en.<br \/>\nA v\u00e1ltoztat\u00e1s jog\u00e1t fenntartjuk!\u00a0<\/strong><\/span><\/h6>","protected":false},"excerpt":{"rendered":"<h2>Csiga csapda\/csigafog\u00f3<\/h2>\n<p>A m\u0171anyag csigacsapda a fiatal pal\u00e1nt\u00e1k \u00e9s egy\u00e9b hasznos vetem\u00e9ny n\u00f6v\u00e9nyek megv\u00e9d\u00e9s\u00e9re szolg\u00e1l a csig\u00e1k okozta k\u00e1rokt\u00f3l&#8230;<\/p>\n<p><strong>K\u00e9szlet\u00fcnk napi szinten v\u00e1ltozik, ez\u00e9rt k\u00e9rj\u00fck, \u00e9rdekl\u0151dj\u00f6n szem\u00e9lyesen, telefonon vagy email-en.<br \/>\nA v\u00e1ltoztat\u00e1s jog\u00e1t fenntartjuk!\u00a0<\/strong><\/p>","protected":false},"featured_media":19013,"template":"","meta":{"_et_pb_use_builder":"","_et_pb_old_content":"","_et_gb_content_width":""},"product_brand":[],"product_cat":[4091],"product_tag":[4808,4809,4810],"class_list":{"0":"post-19012","1":"product","2":"type-product","3":"status-publish","4":"has-post-thumbnail","6":"product_cat-egyeb-csapdak-riasztok","7":"product_tag-csiga","8":"product_tag-csigacsapda","9":"product_tag-csigafogo","11":"first","12":"instock","13":"shipping-taxable","14":"purchasable","15":"product-type-simple"},"yoast_head":"<!-- This site is optimized with the Yoast SEO plugin v27.3 - https:\/\/yoast.com\/product\/yoast-seo-wordpress\/ -->\n<title>Csiga csapda\/csigafog\u00f3 - T\u00e1jkert\u00e9sz<\/title>\n<meta name=\"description\" content=\"Csiga csapda\/csigafog\u00f3. A m\u0171anyag csigacsapda a fiatal pal\u00e1nt\u00e1k \u00e9s egy\u00e9b hasznos vetem\u00e9ny n\u00f6v\u00e9nyek megv\u00e9d\u00e9s\u00e9re szolg\u00e1l a csig\u00e1k okozta k\u00e1rokt\u00f3l.\" \/>\n<meta name=\"robots\" content=\"index, follow, max-snippet:-1, max-image-preview:large, max-video-preview:-1\" \/>\n<link rel=\"canonical\" href=\"https:\/\/tajkertesz.com\/en_US\/product\/csiga-csapda-csigafogo\/\" \/>\n<meta property=\"og:locale\" content=\"en_US\" \/>\n<meta property=\"og:type\" content=\"article\" \/>\n<meta property=\"og:title\" content=\"Csiga csapda\/csigafog\u00f3 - T\u00e1jkert\u00e9sz\" \/>\n<meta property=\"og:description\" content=\"Csiga csapda\/csigafog\u00f3. A m\u0171anyag csigacsapda a fiatal pal\u00e1nt\u00e1k \u00e9s egy\u00e9b hasznos vetem\u00e9ny n\u00f6v\u00e9nyek megv\u00e9d\u00e9s\u00e9re szolg\u00e1l a csig\u00e1k okozta k\u00e1rokt\u00f3l.\" \/>\n<meta property=\"og:url\" content=\"https:\/\/tajkertesz.com\/en_US\/product\/csiga-csapda-csigafogo\/\" \/>\n<meta property=\"og:site_name\" content=\"T\u00e1jkert\u00e9sz\" \/>\n<meta property=\"article:publisher\" content=\"https:\/\/www.facebook.com\/Tajkertesz\/\" \/>\n<meta property=\"article:modified_time\" content=\"2026-02-12T15:38:25+00:00\" \/>\n<meta property=\"og:image\" content=\"https:\/\/tajkertesz.com\/wp-content\/uploads\/2024\/01\/csigacsapda.jpg\" \/>\n\t<meta property=\"og:image:width\" content=\"785\" \/>\n\t<meta property=\"og:image:height\" content=\"800\" \/>\n\t<meta property=\"og:image:type\" content=\"image\/jpeg\" \/>\n<meta name=\"twitter:card\" content=\"summary_large_image\" \/>\n<meta name=\"twitter:label1\" content=\"Est. reading time\" \/>\n\t<meta name=\"twitter:data1\" content=\"2 minutes\" \/>\n<script type=\"application\/ld+json\" class=\"yoast-schema-graph\">{\"@context\":\"https:\\\/\\\/schema.org\",\"@graph\":[{\"@type\":\"WebPage\",\"@id\":\"https:\\\/\\\/tajkertesz.com\\\/termek\\\/csiga-csapda-csigafogo\\\/\",\"url\":\"https:\\\/\\\/tajkertesz.com\\\/termek\\\/csiga-csapda-csigafogo\\\/\",\"name\":\"Csiga csapda\\\/csigafog\u00f3 - T\u00e1jkert\u00e9sz\",\"isPartOf\":{\"@id\":\"https:\\\/\\\/tajkertesz.com\\\/#website\"},\"primaryImageOfPage\":{\"@id\":\"https:\\\/\\\/tajkertesz.com\\\/termek\\\/csiga-csapda-csigafogo\\\/#primaryimage\"},\"image\":{\"@id\":\"https:\\\/\\\/tajkertesz.com\\\/termek\\\/csiga-csapda-csigafogo\\\/#primaryimage\"},\"thumbnailUrl\":\"https:\\\/\\\/tajkertesz.com\\\/wp-content\\\/uploads\\\/2024\\\/01\\\/csigacsapda.jpg\",\"datePublished\":\"2024-01-31T14:53:32+00:00\",\"dateModified\":\"2026-02-12T15:38:25+00:00\",\"description\":\"Csiga csapda\\\/csigafog\u00f3. A m\u0171anyag csigacsapda a fiatal pal\u00e1nt\u00e1k \u00e9s egy\u00e9b hasznos vetem\u00e9ny n\u00f6v\u00e9nyek megv\u00e9d\u00e9s\u00e9re szolg\u00e1l a csig\u00e1k okozta k\u00e1rokt\u00f3l.\",\"breadcrumb\":{\"@id\":\"https:\\\/\\\/tajkertesz.com\\\/termek\\\/csiga-csapda-csigafogo\\\/#breadcrumb\"},\"inLanguage\":\"en-US\",\"potentialAction\":[{\"@type\":\"ReadAction\",\"target\":[\"https:\\\/\\\/tajkertesz.com\\\/termek\\\/csiga-csapda-csigafogo\\\/\"]}]},{\"@type\":\"ImageObject\",\"inLanguage\":\"en-US\",\"@id\":\"https:\\\/\\\/tajkertesz.com\\\/termek\\\/csiga-csapda-csigafogo\\\/#primaryimage\",\"url\":\"https:\\\/\\\/tajkertesz.com\\\/wp-content\\\/uploads\\\/2024\\\/01\\\/csigacsapda.jpg\",\"contentUrl\":\"https:\\\/\\\/tajkertesz.com\\\/wp-content\\\/uploads\\\/2024\\\/01\\\/csigacsapda.jpg\",\"width\":785,\"height\":800},{\"@type\":\"BreadcrumbList\",\"@id\":\"https:\\\/\\\/tajkertesz.com\\\/termek\\\/csiga-csapda-csigafogo\\\/#breadcrumb\",\"itemListElement\":[{\"@type\":\"ListItem\",\"position\":1,\"name\":\"Home\",\"item\":\"https:\\\/\\\/tajkertesz.com\\\/\"},{\"@type\":\"ListItem\",\"position\":2,\"name\":\"Kezd\u0151lap\",\"item\":\"https:\\\/\\\/tajkertesz.com\\\/\"},{\"@type\":\"ListItem\",\"position\":3,\"name\":\"Csiga csapda\\\/csigafog\u00f3\"}]},{\"@type\":\"WebSite\",\"@id\":\"https:\\\/\\\/tajkertesz.com\\\/#website\",\"url\":\"https:\\\/\\\/tajkertesz.com\\\/\",\"name\":\"T\u00e1j-Kert\u00e9sz 84 Kft.\",\"description\":\"Kert\u00e9szeti kis- \u00e9s nagykeresked\u00e9s, D\u00edszn\u00f6v\u00e9ny web\u00e1ruh\u00e1z orsz\u00e1gos h\u00e1zhozsz\u00e1ll\u00edt\u00e1ssal!\",\"publisher\":{\"@id\":\"https:\\\/\\\/tajkertesz.com\\\/#organization\"},\"potentialAction\":[{\"@type\":\"SearchAction\",\"target\":{\"@type\":\"EntryPoint\",\"urlTemplate\":\"https:\\\/\\\/tajkertesz.com\\\/?s={search_term_string}\"},\"query-input\":{\"@type\":\"PropertyValueSpecification\",\"valueRequired\":true,\"valueName\":\"search_term_string\"}}],\"inLanguage\":\"en-US\"},{\"@type\":\"Organization\",\"@id\":\"https:\\\/\\\/tajkertesz.com\\\/#organization\",\"name\":\"T\u00e1j-Kert\u00e9sz 84 Kft.\",\"url\":\"https:\\\/\\\/tajkertesz.com\\\/\",\"logo\":{\"@type\":\"ImageObject\",\"inLanguage\":\"en-US\",\"@id\":\"https:\\\/\\\/tajkertesz.com\\\/#\\\/schema\\\/logo\\\/image\\\/\",\"url\":\"https:\\\/\\\/tajkertesz.com\\\/wp-content\\\/uploads\\\/2018\\\/02\\\/logo-2-e1518678052539.png\",\"contentUrl\":\"https:\\\/\\\/tajkertesz.com\\\/wp-content\\\/uploads\\\/2018\\\/02\\\/logo-2-e1518678052539.png\",\"width\":81,\"height\":140,\"caption\":\"T\u00e1j-Kert\u00e9sz 84 Kft.\"},\"image\":{\"@id\":\"https:\\\/\\\/tajkertesz.com\\\/#\\\/schema\\\/logo\\\/image\\\/\"},\"sameAs\":[\"https:\\\/\\\/www.facebook.com\\\/Tajkertesz\\\/\"]}]}<\/script>\n<!-- \/ Yoast SEO plugin. -->","yoast_head_json":{"title":"Csiga csapda\/csigafog\u00f3 - T\u00e1jkert\u00e9sz","description":"Csiga csapda\/csigafog\u00f3. A m\u0171anyag csigacsapda a fiatal pal\u00e1nt\u00e1k \u00e9s egy\u00e9b hasznos vetem\u00e9ny n\u00f6v\u00e9nyek megv\u00e9d\u00e9s\u00e9re szolg\u00e1l a csig\u00e1k okozta k\u00e1rokt\u00f3l.","robots":{"index":"index","follow":"follow","max-snippet":"max-snippet:-1","max-image-preview":"max-image-preview:large","max-video-preview":"max-video-preview:-1"},"canonical":"https:\/\/tajkertesz.com\/en_US\/product\/csiga-csapda-csigafogo\/","og_locale":"en_US","og_type":"article","og_title":"Csiga csapda\/csigafog\u00f3 - T\u00e1jkert\u00e9sz","og_description":"Csiga csapda\/csigafog\u00f3. A m\u0171anyag csigacsapda a fiatal pal\u00e1nt\u00e1k \u00e9s egy\u00e9b hasznos vetem\u00e9ny n\u00f6v\u00e9nyek megv\u00e9d\u00e9s\u00e9re szolg\u00e1l a csig\u00e1k okozta k\u00e1rokt\u00f3l.","og_url":"https:\/\/tajkertesz.com\/en_US\/product\/csiga-csapda-csigafogo\/","og_site_name":"T\u00e1jkert\u00e9sz","article_publisher":"https:\/\/www.facebook.com\/Tajkertesz\/","article_modified_time":"2026-02-12T15:38:25+00:00","og_image":[{"width":785,"height":800,"url":"https:\/\/tajkertesz.com\/wp-content\/uploads\/2024\/01\/csigacsapda.jpg","type":"image\/jpeg"}],"twitter_card":"summary_large_image","twitter_misc":{"Est. reading time":"2 minutes"},"schema":{"@context":"https:\/\/schema.org","@graph":[{"@type":"WebPage","@id":"https:\/\/tajkertesz.com\/termek\/csiga-csapda-csigafogo\/","url":"https:\/\/tajkertesz.com\/termek\/csiga-csapda-csigafogo\/","name":"Csiga csapda\/csigafog\u00f3 - T\u00e1jkert\u00e9sz","isPartOf":{"@id":"https:\/\/tajkertesz.com\/#website"},"primaryImageOfPage":{"@id":"https:\/\/tajkertesz.com\/termek\/csiga-csapda-csigafogo\/#primaryimage"},"image":{"@id":"https:\/\/tajkertesz.com\/termek\/csiga-csapda-csigafogo\/#primaryimage"},"thumbnailUrl":"https:\/\/tajkertesz.com\/wp-content\/uploads\/2024\/01\/csigacsapda.jpg","datePublished":"2024-01-31T14:53:32+00:00","dateModified":"2026-02-12T15:38:25+00:00","description":"Csiga csapda\/csigafog\u00f3. A m\u0171anyag csigacsapda a fiatal pal\u00e1nt\u00e1k \u00e9s egy\u00e9b hasznos vetem\u00e9ny n\u00f6v\u00e9nyek megv\u00e9d\u00e9s\u00e9re szolg\u00e1l a csig\u00e1k okozta k\u00e1rokt\u00f3l.","breadcrumb":{"@id":"https:\/\/tajkertesz.com\/termek\/csiga-csapda-csigafogo\/#breadcrumb"},"inLanguage":"en-US","potentialAction":[{"@type":"ReadAction","target":["https:\/\/tajkertesz.com\/termek\/csiga-csapda-csigafogo\/"]}]},{"@type":"ImageObject","inLanguage":"en-US","@id":"https:\/\/tajkertesz.com\/termek\/csiga-csapda-csigafogo\/#primaryimage","url":"https:\/\/tajkertesz.com\/wp-content\/uploads\/2024\/01\/csigacsapda.jpg","contentUrl":"https:\/\/tajkertesz.com\/wp-content\/uploads\/2024\/01\/csigacsapda.jpg","width":785,"height":800},{"@type":"BreadcrumbList","@id":"https:\/\/tajkertesz.com\/termek\/csiga-csapda-csigafogo\/#breadcrumb","itemListElement":[{"@type":"ListItem","position":1,"name":"Home","item":"https:\/\/tajkertesz.com\/"},{"@type":"ListItem","position":2,"name":"Kezd\u0151lap","item":"https:\/\/tajkertesz.com\/"},{"@type":"ListItem","position":3,"name":"Csiga csapda\/csigafog\u00f3"}]},{"@type":"WebSite","@id":"https:\/\/tajkertesz.com\/#website","url":"https:\/\/tajkertesz.com\/","name":"T\u00e1j-Kert\u00e9sz 84 Kft.","description":"Kert\u00e9szeti kis- \u00e9s nagykeresked\u00e9s, D\u00edszn\u00f6v\u00e9ny web\u00e1ruh\u00e1z orsz\u00e1gos h\u00e1zhozsz\u00e1ll\u00edt\u00e1ssal!","publisher":{"@id":"https:\/\/tajkertesz.com\/#organization"},"potentialAction":[{"@type":"SearchAction","target":{"@type":"EntryPoint","urlTemplate":"https:\/\/tajkertesz.com\/?s={search_term_string}"},"query-input":{"@type":"PropertyValueSpecification","valueRequired":true,"valueName":"search_term_string"}}],"inLanguage":"en-US"},{"@type":"Organization","@id":"https:\/\/tajkertesz.com\/#organization","name":"T\u00e1j-Kert\u00e9sz 84 Kft.","url":"https:\/\/tajkertesz.com\/","logo":{"@type":"ImageObject","inLanguage":"en-US","@id":"https:\/\/tajkertesz.com\/#\/schema\/logo\/image\/","url":"https:\/\/tajkertesz.com\/wp-content\/uploads\/2018\/02\/logo-2-e1518678052539.png","contentUrl":"https:\/\/tajkertesz.com\/wp-content\/uploads\/2018\/02\/logo-2-e1518678052539.png","width":81,"height":140,"caption":"T\u00e1j-Kert\u00e9sz 84 Kft."},"image":{"@id":"https:\/\/tajkertesz.com\/#\/schema\/logo\/image\/"},"sameAs":["https:\/\/www.facebook.com\/Tajkertesz\/"]}]}},"_links":{"self":[{"href":"https:\/\/tajkertesz.com\/en_US\/wp-json\/wp\/v2\/product\/19012","targetHints":{"allow":["GET"]}}],"collection":[{"href":"https:\/\/tajkertesz.com\/en_US\/wp-json\/wp\/v2\/product"}],"about":[{"href":"https:\/\/tajkertesz.com\/en_US\/wp-json\/wp\/v2\/types\/product"}],"wp:featuredmedia":[{"embeddable":true,"href":"https:\/\/tajkertesz.com\/en_US\/wp-json\/wp\/v2\/media\/19013"}],"wp:attachment":[{"href":"https:\/\/tajkertesz.com\/en_US\/wp-json\/wp\/v2\/media?parent=19012"}],"wp:term":[{"taxonomy":"product_brand","embeddable":true,"href":"https:\/\/tajkertesz.com\/en_US\/wp-json\/wp\/v2\/product_brand?post=19012"},{"taxonomy":"product_cat","embeddable":true,"href":"https:\/\/tajkertesz.com\/en_US\/wp-json\/wp\/v2\/product_cat?post=19012"},{"taxonomy":"product_tag","embeddable":true,"href":"https:\/\/tajkertesz.com\/en_US\/wp-json\/wp\/v2\/product_tag?post=19012"}],"curies":[{"name":"wp","href":"https:\/\/api.w.org\/{rel}","templated":true}]}}