{"id":19014,"date":"2024-01-31T15:05:25","date_gmt":"2024-01-31T15:05:25","guid":{"rendered":"https:\/\/tajkertesz.com\/?post_type=product&#038;p=19014"},"modified":"2026-02-12T15:38:18","modified_gmt":"2026-02-12T15:38:18","slug":"szuper-d-csigaolo-szer-250g","status":"publish","type":"product","link":"https:\/\/tajkertesz.com\/en_US\/product\/szuper-d-csigaolo-szer-250g\/","title":{"rendered":"Szuper-D csiga\u00f6l\u0151 szer 250g"},"content":{"rendered":"<h2>Szuper-D csiga\u00f6l\u0151 szer 250g<\/h2>\n<p>Szuper-D csiga\u00f6l\u0151 szer 250g<\/p>\n<h2>Param\u00e9terei<\/h2>\n<p style=\"font-weight: 400;\"><b><em>Cikksz\u00e1m<\/em><\/b>: szur4001<\/p>\n<p style=\"font-weight: 400;\"><b><em>Formul\u00e1ci\u00f3<\/em><\/b>: Granul\u00e1tum (GR)<\/p>\n<p style=\"font-weight: 400;\"><b><em>Hat\u00f3anyag<\/em><\/b>: 6% metaldehid<\/p>\n<p style=\"font-weight: 400;\"><b><em>Kiszerel\u00e9s<\/em><\/b>: 250g<\/p>\n<p style=\"font-weight: 400;\"><b><em>Gy\u0171jt\u0151 csomagol\u00e1s<\/em><\/b>: nem<\/p>\n<p style=\"font-weight: 400;\"><b><em>Eltarthat\u00f3s\u00e1g<\/em><\/b>: 3 \u00e9v<\/p>\n<p style=\"font-weight: 400;\"><b><em>Forgalmaz\u00e1si kateg\u00f3ria<\/em><\/b>: II. <span style=\"color: #ff0000;\">(csak n\u00f6v\u00e9nyv\u00e9delmi z\u00f6ldk\u00f6nyvvel v\u00e1s\u00e1rolhat\u00f3!)<\/span><\/p>\n<h2><i>R\u00f6vid ismertet\u00e9se<\/i><\/h2>\n<p style=\"font-weight: 400;\">Azonos a Detia Degesch Schneckenkorn term\u00e9kkel<\/p>\n<p style=\"font-weight: 400;\">Teny\u00e9szid\u0151ben maximum k\u00e9t alkalommal alkalmazhat\u00f3. Nem haszn\u00e1lhat\u00f3 leveles z\u00f6lds\u00e9gek kezel\u00e9s\u00e9re, illetve olyan z\u00f6lds\u00e9gkult\u00far\u00e1ban, ahol a levelek k\u00f6z\u00f6tt a granul\u00e1tum fennakadhat (z\u00f6ldhagyma, petrezselyem, s\u00f3ska, spen\u00f3t, sal\u00e1ta, k\u00e1poszta stb.), ezekn\u00e9l a kult\u00far\u00e1kn\u00e1l a granul\u00e1tumot a f\u00f6ldre s\u00e1vokban vagy kupacokban kell kihelyezni. \u00dcgyelni kell arra, hogy a k\u00e9sz\u00edtm\u00e9ny ne ker\u00fclj\u00f6n n\u00f6v\u00e9nyi r\u00e9szre, azzal semmik\u00e9pp ne \u00e9rintkezzen. Szed\u00e9si id\u0151szakban a szert csak a t\u00e1bla szeg\u00e9ly\u00e9n lehet alkalmazni. A k\u00e9sz\u00edtm\u00e9nyt a n\u00f6v\u00e9nyre fel\u00fclr\u0151l sz\u00f3rni tilos!<\/p>\n<p style=\"font-weight: 400;\">A szer hat\u00e1sa a csig\u00e1kt\u00f3l val\u00f3 v\u00edzelvon\u00e1son alapszik, kontakt hat\u00e1sa renyhe mozg\u00e1st id\u00e9z el\u0151, ami a csig\u00e1t fokozott v\u00e1lad\u00e9koz\u00e1sra k\u00e9nyszer\u00edti, \u00edgy kisz\u00e1rad. Felhaszn\u00e1l\u00e1s\u00e1n\u00e1l fontos, hogy a fert\u0151z\u00e9s kezdet\u00e9n egyenletesen kell a csal\u00e9tket a talajra kisz\u00f3rni. Fontos, hogy lehet\u0151s\u00e9g szerint a d\u00e9lut\u00e1ni \u00f3r\u00e1kban kell kijuttatni, mivel a csig\u00e1k s\u00f6t\u00e9ted\u00e9s ut\u00e1n hagyj\u00e1k el rejtekhely\u00fcket.<\/p>\n<p>Meztelen csig\u00e1k elleni v\u00e9dekez\u00e9sre haszn\u00e1lhat\u00f3 gy\u00fcm\u00f6lcs-, z\u00f6lds\u00e9g \u00e9s d\u00edszn\u00f6v\u00e9ny kult\u00far\u00e1ban, \u00fcvegh\u00e1zakban, f\u00f3lias\u00e1trakban, illetve szabadf\u00f6ldi termeszt\u00e9sben. A 6 % metaldehid hat\u00f3anyag\u00fa szer kiv\u00e1l\u00f3an alkalmazhat\u00f3 meztelen csig\u00e1k elleni v\u00e9dekez\u00e9sre f\u00f6ldieper, z\u00f6lds\u00e9g (kiv\u00e9ve leveles) \u00e9s d\u00edszn\u00f6v\u00e9nykult\u00far\u00e1ban, \u00fcvegh\u00e1zakban, f\u00f3lias\u00e1trakban, illetve szabadf\u00f6ldi termeszt\u00e9sben egyar\u00e1nt.<br \/>\nA szabadforgalm\u00fa szer el\u0151nye, hogy sz\u00f3rhat\u00f3, illetve es\u0151\u00e1ll\u00f3.<\/p>\n<h2>El\u0151nyei<\/h2>\n<p style=\"font-weight: 400;\"><i>Ez a term\u00e9kle\u00edr\u00e1s t\u00e1j\u00e9koztat\u00f3 jelleg\u0171, a k\u00e9sz\u00edtm\u00e9ny felhaszn\u00e1l\u00e1sa el\u0151tt olvassa el a c\u00edmk\u00e9ken tal\u00e1lhat\u00f3 haszn\u00e1lati utas\u00edt\u00e1st!<\/i><\/p>\n<p>El\u00e9rhet\u0151 t\u00f6bbf\u00e9le m\u00e9retben \u00e9s \u00e1rban.<\/p>\n<p><strong>K\u00e9szlet\u00fcnk napi szinten v\u00e1ltozik, ez\u00e9rt k\u00e9rj\u00fck, \u00e9rdekl\u0151dj\u00f6n szem\u00e9lyesen, telefonon vagy email-en.<br \/>\nA v\u00e1ltoztat\u00e1s jog\u00e1t fenntartjuk!\u00a0<\/strong><\/p>\n<p><a href=\"https:\/\/tajkertesz.com\/\">https:\/\/tajkertesz.com\/<\/a><\/p>\n<p><a href=\"https:\/\/www.facebook.com\/tajkertesz\/\">https:\/\/www.facebook.com\/tajkertesz\/<\/a><\/p>\n<p>Szem\u00e9lyes \u00e1tv\u00e9tel nyitvatart\u00e1si id\u0151ben a 17. ker\u00fclet Bakancsos utca 7. sz\u00e1m alatti Kert\u00e9szeti \u00e1rud\u00e1ban.<\/p>","protected":false},"excerpt":{"rendered":"<h2>Szuper-D csiga\u00f6l\u0151 szer 250g<\/h2>\n<p><b><em>Forgalmaz\u00e1si kateg\u00f3ria<\/em><\/b>: II. <span style=\"color: #ff0000;\">(csak n\u00f6v\u00e9nyv\u00e9delmi z\u00f6ldk\u00f6nyvvel v\u00e1s\u00e1rolhat\u00f3!)<\/span><\/p>\n<p>Meztelen csig\u00e1k elleni v\u00e9dekez\u00e9sre haszn\u00e1lhat\u00f3 gy\u00fcm\u00f6lcs-, z\u00f6lds\u00e9g \u00e9s d\u00edszn\u00f6v\u00e9ny kult\u00far\u00e1ban, \u00fcvegh\u00e1zakban, f\u00f3lias\u00e1trakban, illetve szabadf\u00f6ldi termeszt\u00e9sben&#8230;<\/p>\n<h3 align=\"justify\">Kiz\u00e1r\u00f3lag szem\u00e9lyes \u00e1tv\u00e9tellel lehets\u00e9ges a term\u00e9k megv\u00e1s\u00e1rl\u00e1sa!<\/h3>","protected":false},"featured_media":19015,"template":"","meta":{"_et_pb_use_builder":"","_et_pb_old_content":"","_et_gb_content_width":""},"product_brand":[],"product_cat":[3425],"product_tag":[4812,4811,4815,4814,4813],"class_list":{"0":"post-19014","1":"product","2":"type-product","3":"status-publish","4":"has-post-thumbnail","6":"product_cat-irtoszer-csigairto","7":"product_tag-csigairto","8":"product_tag-csigaolo","9":"product_tag-metaldehid","10":"product_tag-meztelencsiga","11":"product_tag-szuper-d","13":"first","14":"instock","15":"shipping-taxable","16":"purchasable","17":"product-type-simple"},"yoast_head":"<!-- This site is optimized with the Yoast SEO plugin v27.3 - https:\/\/yoast.com\/product\/yoast-seo-wordpress\/ -->\n<title>Szuper-D csiga\u00f6l\u0151 szer 250g - T\u00e1jkert\u00e9sz<\/title>\n<meta name=\"description\" content=\"Szuper-D csiga\u00f6l\u0151 szer 250g. Meztelen csig\u00e1k elleni v\u00e9dekez\u00e9sre haszn\u00e1lhat\u00f3 gy\u00fcm\u00f6lcs-, z\u00f6lds\u00e9g \u00e9s d\u00edszn\u00f6v\u00e9ny kult\u00far\u00e1ban, \u00fcvegh\u00e1zakban, f\u00f3lias\u00e1trakban...\" \/>\n<meta name=\"robots\" content=\"index, follow, max-snippet:-1, max-image-preview:large, max-video-preview:-1\" \/>\n<link rel=\"canonical\" href=\"https:\/\/tajkertesz.com\/en_US\/product\/szuper-d-csigaolo-szer-250g\/\" \/>\n<meta property=\"og:locale\" content=\"en_US\" \/>\n<meta property=\"og:type\" content=\"article\" \/>\n<meta property=\"og:title\" content=\"Szuper-D csiga\u00f6l\u0151 szer 250g - T\u00e1jkert\u00e9sz\" \/>\n<meta property=\"og:description\" content=\"Szuper-D csiga\u00f6l\u0151 szer 250g. Meztelen csig\u00e1k elleni v\u00e9dekez\u00e9sre haszn\u00e1lhat\u00f3 gy\u00fcm\u00f6lcs-, z\u00f6lds\u00e9g \u00e9s d\u00edszn\u00f6v\u00e9ny kult\u00far\u00e1ban, \u00fcvegh\u00e1zakban, f\u00f3lias\u00e1trakban...\" \/>\n<meta property=\"og:url\" content=\"https:\/\/tajkertesz.com\/en_US\/product\/szuper-d-csigaolo-szer-250g\/\" \/>\n<meta property=\"og:site_name\" content=\"T\u00e1jkert\u00e9sz\" \/>\n<meta property=\"article:publisher\" content=\"https:\/\/www.facebook.com\/Tajkertesz\/\" \/>\n<meta property=\"article:modified_time\" content=\"2026-02-12T15:38:18+00:00\" \/>\n<meta property=\"og:image\" content=\"https:\/\/tajkertesz.com\/wp-content\/uploads\/2024\/01\/szur4001.jpg\" \/>\n\t<meta property=\"og:image:width\" content=\"940\" \/>\n\t<meta property=\"og:image:height\" content=\"788\" \/>\n\t<meta property=\"og:image:type\" content=\"image\/jpeg\" \/>\n<meta name=\"twitter:card\" content=\"summary_large_image\" \/>\n<meta name=\"twitter:label1\" content=\"Est. reading time\" \/>\n\t<meta name=\"twitter:data1\" content=\"2 minutes\" \/>\n<script type=\"application\/ld+json\" class=\"yoast-schema-graph\">{\"@context\":\"https:\\\/\\\/schema.org\",\"@graph\":[{\"@type\":\"WebPage\",\"@id\":\"https:\\\/\\\/tajkertesz.com\\\/termek\\\/szuper-d-csigaolo-szer-250g\\\/\",\"url\":\"https:\\\/\\\/tajkertesz.com\\\/termek\\\/szuper-d-csigaolo-szer-250g\\\/\",\"name\":\"Szuper-D csiga\u00f6l\u0151 szer 250g - T\u00e1jkert\u00e9sz\",\"isPartOf\":{\"@id\":\"https:\\\/\\\/tajkertesz.com\\\/#website\"},\"primaryImageOfPage\":{\"@id\":\"https:\\\/\\\/tajkertesz.com\\\/termek\\\/szuper-d-csigaolo-szer-250g\\\/#primaryimage\"},\"image\":{\"@id\":\"https:\\\/\\\/tajkertesz.com\\\/termek\\\/szuper-d-csigaolo-szer-250g\\\/#primaryimage\"},\"thumbnailUrl\":\"https:\\\/\\\/tajkertesz.com\\\/wp-content\\\/uploads\\\/2024\\\/01\\\/szur4001.jpg\",\"datePublished\":\"2024-01-31T15:05:25+00:00\",\"dateModified\":\"2026-02-12T15:38:18+00:00\",\"description\":\"Szuper-D csiga\u00f6l\u0151 szer 250g. Meztelen csig\u00e1k elleni v\u00e9dekez\u00e9sre haszn\u00e1lhat\u00f3 gy\u00fcm\u00f6lcs-, z\u00f6lds\u00e9g \u00e9s d\u00edszn\u00f6v\u00e9ny kult\u00far\u00e1ban, \u00fcvegh\u00e1zakban, f\u00f3lias\u00e1trakban...\",\"breadcrumb\":{\"@id\":\"https:\\\/\\\/tajkertesz.com\\\/termek\\\/szuper-d-csigaolo-szer-250g\\\/#breadcrumb\"},\"inLanguage\":\"en-US\",\"potentialAction\":[{\"@type\":\"ReadAction\",\"target\":[\"https:\\\/\\\/tajkertesz.com\\\/termek\\\/szuper-d-csigaolo-szer-250g\\\/\"]}]},{\"@type\":\"ImageObject\",\"inLanguage\":\"en-US\",\"@id\":\"https:\\\/\\\/tajkertesz.com\\\/termek\\\/szuper-d-csigaolo-szer-250g\\\/#primaryimage\",\"url\":\"https:\\\/\\\/tajkertesz.com\\\/wp-content\\\/uploads\\\/2024\\\/01\\\/szur4001.jpg\",\"contentUrl\":\"https:\\\/\\\/tajkertesz.com\\\/wp-content\\\/uploads\\\/2024\\\/01\\\/szur4001.jpg\",\"width\":940,\"height\":788},{\"@type\":\"BreadcrumbList\",\"@id\":\"https:\\\/\\\/tajkertesz.com\\\/termek\\\/szuper-d-csigaolo-szer-250g\\\/#breadcrumb\",\"itemListElement\":[{\"@type\":\"ListItem\",\"position\":1,\"name\":\"Home\",\"item\":\"https:\\\/\\\/tajkertesz.com\\\/\"},{\"@type\":\"ListItem\",\"position\":2,\"name\":\"Kezd\u0151lap\",\"item\":\"https:\\\/\\\/tajkertesz.com\\\/\"},{\"@type\":\"ListItem\",\"position\":3,\"name\":\"Szuper-D csiga\u00f6l\u0151 szer 250g\"}]},{\"@type\":\"WebSite\",\"@id\":\"https:\\\/\\\/tajkertesz.com\\\/#website\",\"url\":\"https:\\\/\\\/tajkertesz.com\\\/\",\"name\":\"T\u00e1j-Kert\u00e9sz 84 Kft.\",\"description\":\"Kert\u00e9szeti kis- \u00e9s nagykeresked\u00e9s, D\u00edszn\u00f6v\u00e9ny web\u00e1ruh\u00e1z orsz\u00e1gos h\u00e1zhozsz\u00e1ll\u00edt\u00e1ssal!\",\"publisher\":{\"@id\":\"https:\\\/\\\/tajkertesz.com\\\/#organization\"},\"potentialAction\":[{\"@type\":\"SearchAction\",\"target\":{\"@type\":\"EntryPoint\",\"urlTemplate\":\"https:\\\/\\\/tajkertesz.com\\\/?s={search_term_string}\"},\"query-input\":{\"@type\":\"PropertyValueSpecification\",\"valueRequired\":true,\"valueName\":\"search_term_string\"}}],\"inLanguage\":\"en-US\"},{\"@type\":\"Organization\",\"@id\":\"https:\\\/\\\/tajkertesz.com\\\/#organization\",\"name\":\"T\u00e1j-Kert\u00e9sz 84 Kft.\",\"url\":\"https:\\\/\\\/tajkertesz.com\\\/\",\"logo\":{\"@type\":\"ImageObject\",\"inLanguage\":\"en-US\",\"@id\":\"https:\\\/\\\/tajkertesz.com\\\/#\\\/schema\\\/logo\\\/image\\\/\",\"url\":\"https:\\\/\\\/tajkertesz.com\\\/wp-content\\\/uploads\\\/2018\\\/02\\\/logo-2-e1518678052539.png\",\"contentUrl\":\"https:\\\/\\\/tajkertesz.com\\\/wp-content\\\/uploads\\\/2018\\\/02\\\/logo-2-e1518678052539.png\",\"width\":81,\"height\":140,\"caption\":\"T\u00e1j-Kert\u00e9sz 84 Kft.\"},\"image\":{\"@id\":\"https:\\\/\\\/tajkertesz.com\\\/#\\\/schema\\\/logo\\\/image\\\/\"},\"sameAs\":[\"https:\\\/\\\/www.facebook.com\\\/Tajkertesz\\\/\"]}]}<\/script>\n<!-- \/ Yoast SEO plugin. -->","yoast_head_json":{"title":"Szuper-D csiga\u00f6l\u0151 szer 250g - T\u00e1jkert\u00e9sz","description":"Szuper-D csiga\u00f6l\u0151 szer 250g. Meztelen csig\u00e1k elleni v\u00e9dekez\u00e9sre haszn\u00e1lhat\u00f3 gy\u00fcm\u00f6lcs-, z\u00f6lds\u00e9g \u00e9s d\u00edszn\u00f6v\u00e9ny kult\u00far\u00e1ban, \u00fcvegh\u00e1zakban, f\u00f3lias\u00e1trakban...","robots":{"index":"index","follow":"follow","max-snippet":"max-snippet:-1","max-image-preview":"max-image-preview:large","max-video-preview":"max-video-preview:-1"},"canonical":"https:\/\/tajkertesz.com\/en_US\/product\/szuper-d-csigaolo-szer-250g\/","og_locale":"en_US","og_type":"article","og_title":"Szuper-D csiga\u00f6l\u0151 szer 250g - T\u00e1jkert\u00e9sz","og_description":"Szuper-D csiga\u00f6l\u0151 szer 250g. Meztelen csig\u00e1k elleni v\u00e9dekez\u00e9sre haszn\u00e1lhat\u00f3 gy\u00fcm\u00f6lcs-, z\u00f6lds\u00e9g \u00e9s d\u00edszn\u00f6v\u00e9ny kult\u00far\u00e1ban, \u00fcvegh\u00e1zakban, f\u00f3lias\u00e1trakban...","og_url":"https:\/\/tajkertesz.com\/en_US\/product\/szuper-d-csigaolo-szer-250g\/","og_site_name":"T\u00e1jkert\u00e9sz","article_publisher":"https:\/\/www.facebook.com\/Tajkertesz\/","article_modified_time":"2026-02-12T15:38:18+00:00","og_image":[{"width":940,"height":788,"url":"https:\/\/tajkertesz.com\/wp-content\/uploads\/2024\/01\/szur4001.jpg","type":"image\/jpeg"}],"twitter_card":"summary_large_image","twitter_misc":{"Est. reading time":"2 minutes"},"schema":{"@context":"https:\/\/schema.org","@graph":[{"@type":"WebPage","@id":"https:\/\/tajkertesz.com\/termek\/szuper-d-csigaolo-szer-250g\/","url":"https:\/\/tajkertesz.com\/termek\/szuper-d-csigaolo-szer-250g\/","name":"Szuper-D csiga\u00f6l\u0151 szer 250g - T\u00e1jkert\u00e9sz","isPartOf":{"@id":"https:\/\/tajkertesz.com\/#website"},"primaryImageOfPage":{"@id":"https:\/\/tajkertesz.com\/termek\/szuper-d-csigaolo-szer-250g\/#primaryimage"},"image":{"@id":"https:\/\/tajkertesz.com\/termek\/szuper-d-csigaolo-szer-250g\/#primaryimage"},"thumbnailUrl":"https:\/\/tajkertesz.com\/wp-content\/uploads\/2024\/01\/szur4001.jpg","datePublished":"2024-01-31T15:05:25+00:00","dateModified":"2026-02-12T15:38:18+00:00","description":"Szuper-D csiga\u00f6l\u0151 szer 250g. Meztelen csig\u00e1k elleni v\u00e9dekez\u00e9sre haszn\u00e1lhat\u00f3 gy\u00fcm\u00f6lcs-, z\u00f6lds\u00e9g \u00e9s d\u00edszn\u00f6v\u00e9ny kult\u00far\u00e1ban, \u00fcvegh\u00e1zakban, f\u00f3lias\u00e1trakban...","breadcrumb":{"@id":"https:\/\/tajkertesz.com\/termek\/szuper-d-csigaolo-szer-250g\/#breadcrumb"},"inLanguage":"en-US","potentialAction":[{"@type":"ReadAction","target":["https:\/\/tajkertesz.com\/termek\/szuper-d-csigaolo-szer-250g\/"]}]},{"@type":"ImageObject","inLanguage":"en-US","@id":"https:\/\/tajkertesz.com\/termek\/szuper-d-csigaolo-szer-250g\/#primaryimage","url":"https:\/\/tajkertesz.com\/wp-content\/uploads\/2024\/01\/szur4001.jpg","contentUrl":"https:\/\/tajkertesz.com\/wp-content\/uploads\/2024\/01\/szur4001.jpg","width":940,"height":788},{"@type":"BreadcrumbList","@id":"https:\/\/tajkertesz.com\/termek\/szuper-d-csigaolo-szer-250g\/#breadcrumb","itemListElement":[{"@type":"ListItem","position":1,"name":"Home","item":"https:\/\/tajkertesz.com\/"},{"@type":"ListItem","position":2,"name":"Kezd\u0151lap","item":"https:\/\/tajkertesz.com\/"},{"@type":"ListItem","position":3,"name":"Szuper-D csiga\u00f6l\u0151 szer 250g"}]},{"@type":"WebSite","@id":"https:\/\/tajkertesz.com\/#website","url":"https:\/\/tajkertesz.com\/","name":"T\u00e1j-Kert\u00e9sz 84 Kft.","description":"Kert\u00e9szeti kis- \u00e9s nagykeresked\u00e9s, D\u00edszn\u00f6v\u00e9ny web\u00e1ruh\u00e1z orsz\u00e1gos h\u00e1zhozsz\u00e1ll\u00edt\u00e1ssal!","publisher":{"@id":"https:\/\/tajkertesz.com\/#organization"},"potentialAction":[{"@type":"SearchAction","target":{"@type":"EntryPoint","urlTemplate":"https:\/\/tajkertesz.com\/?s={search_term_string}"},"query-input":{"@type":"PropertyValueSpecification","valueRequired":true,"valueName":"search_term_string"}}],"inLanguage":"en-US"},{"@type":"Organization","@id":"https:\/\/tajkertesz.com\/#organization","name":"T\u00e1j-Kert\u00e9sz 84 Kft.","url":"https:\/\/tajkertesz.com\/","logo":{"@type":"ImageObject","inLanguage":"en-US","@id":"https:\/\/tajkertesz.com\/#\/schema\/logo\/image\/","url":"https:\/\/tajkertesz.com\/wp-content\/uploads\/2018\/02\/logo-2-e1518678052539.png","contentUrl":"https:\/\/tajkertesz.com\/wp-content\/uploads\/2018\/02\/logo-2-e1518678052539.png","width":81,"height":140,"caption":"T\u00e1j-Kert\u00e9sz 84 Kft."},"image":{"@id":"https:\/\/tajkertesz.com\/#\/schema\/logo\/image\/"},"sameAs":["https:\/\/www.facebook.com\/Tajkertesz\/"]}]}},"_links":{"self":[{"href":"https:\/\/tajkertesz.com\/en_US\/wp-json\/wp\/v2\/product\/19014","targetHints":{"allow":["GET"]}}],"collection":[{"href":"https:\/\/tajkertesz.com\/en_US\/wp-json\/wp\/v2\/product"}],"about":[{"href":"https:\/\/tajkertesz.com\/en_US\/wp-json\/wp\/v2\/types\/product"}],"wp:featuredmedia":[{"embeddable":true,"href":"https:\/\/tajkertesz.com\/en_US\/wp-json\/wp\/v2\/media\/19015"}],"wp:attachment":[{"href":"https:\/\/tajkertesz.com\/en_US\/wp-json\/wp\/v2\/media?parent=19014"}],"wp:term":[{"taxonomy":"product_brand","embeddable":true,"href":"https:\/\/tajkertesz.com\/en_US\/wp-json\/wp\/v2\/product_brand?post=19014"},{"taxonomy":"product_cat","embeddable":true,"href":"https:\/\/tajkertesz.com\/en_US\/wp-json\/wp\/v2\/product_cat?post=19014"},{"taxonomy":"product_tag","embeddable":true,"href":"https:\/\/tajkertesz.com\/en_US\/wp-json\/wp\/v2\/product_tag?post=19014"}],"curies":[{"name":"wp","href":"https:\/\/api.w.org\/{rel}","templated":true}]}}