{"id":19019,"date":"2024-01-31T15:42:34","date_gmt":"2024-01-31T15:42:34","guid":{"rendered":"https:\/\/tajkertesz.com\/?post_type=product&#038;p=19019"},"modified":"2026-02-12T15:38:00","modified_gmt":"2026-02-12T15:38:00","slug":"amistar-spray-pumpas-1l","status":"publish","type":"product","link":"https:\/\/tajkertesz.com\/en_US\/product\/amistar-spray-pumpas-1l\/","title":{"rendered":"Amistar spray pump\u00e1s 1L."},"content":{"rendered":"<h2>Amistar spray pump\u00e1s 1L.<\/h2>\n<p>Amistar spray pump\u00e1s 1L.<\/p>\n<p><strong>Gomba\u00f6l\u0151 szer<\/strong><\/p>\n<p><strong>Szerforma:\u00a0<\/strong>Vizes szuszpenzi\u00f3 koncentr\u00e1tum (SC)<\/p>\n<p><strong>&#8222;Az Amistar Spray azonos a 35042\/2001. FVM sz\u00e1mon enged\u00e9lyezett Amistar gomba\u00f6l\u0151 permetez\u0151szerrel.&#8221;<\/strong><\/p>\n<p><strong>Enged\u00e9lysz\u00e1m:\u00a0<\/strong>6300\/642-3\/2021. (N\u00c9BIH)<\/p>\n<p><strong>Forgalmaz\u00e1si kateg\u00f3ria:\u00a0<\/strong>III.<\/p>\n<table width=\"100%\">\n<tbody>\n<tr>\n<td><strong>Kult\u00fara<\/strong><\/td>\n<td><strong>K\u00e1ros\u00edt\u00f3<\/strong><\/td>\n<td><strong>A kezel\u00e9sek \u00e9venk\u00e9nti maxim\u00e1lis sz\u00e1ma<\/strong><\/td>\n<td><strong>K\u00e9t kezel\u00e9s k\u00f6z\u00f6tt eltelt minim\u00e1lis id\u0151tartam (nap)<\/strong><\/td>\n<td><\/td>\n<td><strong>A kijuttat\u00e1shoz sz\u00fcks\u00e9ges :<\/strong><\/p>\n<p>szermennyis\u00e9g ml\/10m\u00b2 &#8211;<\/p>\n<p>v\u00edz mennyis\u00e9g ml\/10 m\u00b2<\/p>\n<p>&nbsp;<\/td>\n<td><strong>Az utols\u00f3 felhaszn\u00e1l\u00e1s (fenol\u00f3gia szerint)<\/strong><\/td>\n<\/tr>\n<tr>\n<td>d\u00edszn\u00f6v\u00e9nyek<\/td>\n<td>lisztharmat,<\/p>\n<p>rozsda,<\/p>\n<p>peronoszp\u00f3ra,<\/p>\n<p>sz\u00fcrkepen\u00e9sz,<\/p>\n<p>altern\u00e1ria<\/td>\n<td>2<\/td>\n<td>10<\/td>\n<td><\/td>\n<td>1ml-1000ml<\/td>\n<td>nincs korl\u00e1toz\u00e1s<\/td>\n<\/tr>\n<\/tbody>\n<\/table>\n<p><strong>El\u0151\u00edrt n\u00f6v\u00e9nyv\u00e9delmi technol\u00f3gia: <\/strong><\/p>\n<p><strong>D\u00edszn\u00f6v\u00e9nyekben\u00a0<\/strong>az els\u0151 t\u00fcnetek megjelen\u00e9sekor kell v\u00e9dekezni, majd 10-14 nap eltelt\u00e9vel, sz\u00fcks\u00e9g eset\u00e9n meg kell ism\u00e9telni azt.<\/p>\n<p><strong>Munkaeg\u00e9szs\u00e9g\u00fcgyi v\u00e1rakoz\u00e1si id\u0151:<\/strong>\u00a00 nap<\/p>\n<p><strong>\u00c9lelmez\u00e9s-eg\u00e9szs\u00e9g\u00fcgyi v\u00e1rakoz\u00e1si id\u0151:<\/strong>\u00a0d\u00edszn\u00f6v\u00e9nyek\u00a0<strong>nem sz\u00fcks\u00e9ges<\/strong><\/p>\n<p>Az<strong>\u00a0Amistar Spray\u00a0<\/strong>sz\u00e9les hat\u00e1sspektrum\u00fa,\u00a0vir\u00e1g \u00e9s d\u00edszn\u00f6v\u00e9ny\u00a0kult\u00far\u00e1ban haszn\u00e1lhat\u00f3 felsz\u00edv\u00f3d\u00f3 gomba\u00f6l\u0151 szer.<br \/>\nGomba\u00f6l\u0151 hat\u00e1sa mellett jelent\u0151s a n\u00f6v\u00e9nyre gyakorolt z\u00f6ld\u00edt\u0151 tulajdons\u00e1ga is.<\/p>\n<p>B\u00e1rmely vir\u00e1g \u00e9s d\u00edszn\u00f6v\u00e9ny kult\u00far\u00e1ban haszn\u00e1lhat\u00f3, de k\u00fcl\u00f6n\u00f6sen az al\u00e1bbi\u00a0<strong>t\u00e1bl\u00e1zatban szerepl\u0151<\/strong>\u00a0lisztharmat, rozsda, peronoszp\u00f3ra, sz\u00fcrkepen\u00e9sz, feh\u00e9rpen\u00e9sz, valamint altern\u00e1ri\u00e1s foltoss\u00e1g \u00e9s varasod\u00e1s t\u00edpus\u00fa\u00a0<strong>megbeteged\u00e9sekre \u00e9rz\u00e9keny d\u00edszn\u00f6v\u00e9nyek eset\u00e9ben<\/strong>.<\/p>\n<table width=\"100%\">\n<tbody>\n<tr>\n<td><strong>Egyny\u00e1ri\u00e1k<\/strong><\/td>\n<td><strong>Balkon n\u00f6v\u00e9nyek<\/strong><\/td>\n<td><strong>Cserepesek<\/strong><\/td>\n<td><strong>\u00c1gy\u00e1s vir\u00e1gok<\/strong><\/td>\n<\/tr>\n<tr>\n<td>\u00c1rv\u00e1cska,<br \/>\nBoh\u00f3cvir\u00e1g,<br \/>\nB\u00fcd\u00f6ske-f\u00e9l\u00e9k,<br \/>\nH\u00f3pehely vir\u00e1g,<br \/>\nKrizant\u00e9m,<br \/>\nNapvir\u00e1g,<br \/>\nNeb\u00e1ncs vir\u00e1g,<br \/>\nPet\u00fania,<br \/>\nR\u00e9zvir\u00e1g,<br \/>\nSzegf\u0171,<br \/>\nSz\u00e1zszorsz\u00e9p,<br \/>\nVasf\u0171<\/td>\n<td>Musk\u00e1tli-fut\u00f3-\u00e1ll\u00f3<\/p>\n<p>Pet\u00fania-fut\u00f3<\/td>\n<td>Cikl\u00e1men,<br \/>\nMiklu\u00e1svir\u00e1g,<br \/>\nAfrikai ibolya,<br \/>\nFukszia f\u00e9l\u00e9k<\/td>\n<td>R\u00f3zsaf\u00e9l\u00e9k,<br \/>\nLilacserje,<br \/>\nD\u00e1lia fajok,<br \/>\nBorosty\u00e1nlevel\u0171 cikl\u00e1men<\/td>\n<\/tr>\n<\/tbody>\n<\/table>\n<p>&nbsp;<\/p>\n<p><strong>K\u00e9szlet\u00fcnk napi szinten v\u00e1ltozik, ez\u00e9rt k\u00e9rj\u00fck, \u00e9rdekl\u0151dj\u00f6n szem\u00e9lyesen, telefonon vagy email-en.<br \/>\nA v\u00e1ltoztat\u00e1s jog\u00e1t fenntartjuk!\u00a0<\/strong><\/p>\n<p><a href=\"https:\/\/tajkertesz.com\/\">https:\/\/tajkertesz.com\/<\/a><\/p>\n<p><a href=\"https:\/\/www.facebook.com\/tajkertesz\/\">https:\/\/www.facebook.com\/tajkertesz\/<\/a><\/p>\n<p>Szem\u00e9lyes \u00e1tv\u00e9tel nyitvatart\u00e1si id\u0151ben a 17. ker\u00fclet Bakancsos utca 7. sz\u00e1m alatti Kert\u00e9szeti \u00e1rud\u00e1ban.<\/p>","protected":false},"excerpt":{"rendered":"<h2>Amistar spray pump\u00e1s 1L.<\/h2>\n<p>El\u0151kevert pump\u00e1s gomba\u00f6l\u0151 spray<\/p>\n<p>Az\u00a0<b>Amistar gomba\u00f6l\u0151 spray<\/b>\u00a0egyed\u00fcl\u00e1ll\u00f3 hat\u00f3anyaga (22,8 % azoxistrobin) alkalmas a gombafert\u0151z\u00e9s meg\u00e1ll\u00edt\u00e1s\u00e1ra az\u00e1ltal, hogy megakad\u00e1lyozza a betegs\u00e9get okoz\u00f3 gomb\u00e1k energiak\u00e9pz\u00e9s\u00e9t \u00e9s l\u00e9gz\u00e9s\u00e9t. A hat\u00f3anyag a\u00a0<b>gomba\u00f6l\u0151<\/b> hat\u00e1s\u00e1n fel\u00fcl seg\u00edti a n\u00f6v\u00e9nybe a sz\u00e9nhidr\u00e1tok be\u00e9p\u00fcl\u00e9s\u00e9t, t\u00e1mogatva ez\u00e1ltal a n\u00f6v\u00e9ny z\u00f6ld\u00fcl\u00e9s\u00e9t&#8230;<\/p>\n<h3 align=\"justify\">Kiz\u00e1r\u00f3lag szem\u00e9lyes \u00e1tv\u00e9tellel lehets\u00e9ges a term\u00e9k megv\u00e1s\u00e1rl\u00e1sa!<\/h3>","protected":false},"featured_media":19020,"template":"","meta":{"_et_pb_use_builder":"","_et_pb_old_content":"","_et_gb_content_width":""},"product_brand":[],"product_cat":[3421],"product_tag":[4817,4816,4740,4332],"class_list":{"0":"post-19019","1":"product","2":"type-product","3":"status-publish","4":"has-post-thumbnail","6":"product_cat-gombaolo-szer","7":"product_tag-amistar","8":"product_tag-amistar-spray","9":"product_tag-gombaolo","10":"product_tag-permetszer","12":"first","13":"instock","14":"shipping-taxable","15":"purchasable","16":"product-type-simple"},"yoast_head":"<!-- This site is optimized with the Yoast SEO plugin v27.3 - https:\/\/yoast.com\/product\/yoast-seo-wordpress\/ -->\n<title>Amistar spray pump\u00e1s 1L. - T\u00e1jkert\u00e9sz<\/title>\n<meta name=\"description\" content=\"Amistar spray pump\u00e1s 1L. Az\u00a0Amistar Spray\u00a0sz\u00e9les hat\u00e1sspektrum\u00fa,\u00a0vir\u00e1g \u00e9s d\u00edszn\u00f6v\u00e9ny\u00a0kult\u00far\u00e1ban haszn\u00e1lhat\u00f3 felsz\u00edv\u00f3d\u00f3 gomba\u00f6l\u0151 szer.\" \/>\n<meta name=\"robots\" content=\"index, follow, max-snippet:-1, max-image-preview:large, max-video-preview:-1\" \/>\n<link rel=\"canonical\" href=\"https:\/\/tajkertesz.com\/en_US\/product\/amistar-spray-pumpas-1l\/\" \/>\n<meta property=\"og:locale\" content=\"en_US\" \/>\n<meta property=\"og:type\" content=\"article\" \/>\n<meta property=\"og:title\" content=\"Amistar spray pump\u00e1s 1L. - T\u00e1jkert\u00e9sz\" \/>\n<meta property=\"og:description\" content=\"Amistar spray pump\u00e1s 1L. Az\u00a0Amistar Spray\u00a0sz\u00e9les hat\u00e1sspektrum\u00fa,\u00a0vir\u00e1g \u00e9s d\u00edszn\u00f6v\u00e9ny\u00a0kult\u00far\u00e1ban haszn\u00e1lhat\u00f3 felsz\u00edv\u00f3d\u00f3 gomba\u00f6l\u0151 szer.\" \/>\n<meta property=\"og:url\" content=\"https:\/\/tajkertesz.com\/en_US\/product\/amistar-spray-pumpas-1l\/\" \/>\n<meta property=\"og:site_name\" content=\"T\u00e1jkert\u00e9sz\" \/>\n<meta property=\"article:publisher\" content=\"https:\/\/www.facebook.com\/Tajkertesz\/\" \/>\n<meta property=\"article:modified_time\" content=\"2026-02-12T15:38:00+00:00\" \/>\n<meta property=\"og:image\" content=\"https:\/\/tajkertesz.com\/wp-content\/uploads\/2024\/01\/amis1701.jpg\" \/>\n\t<meta property=\"og:image:width\" content=\"940\" \/>\n\t<meta property=\"og:image:height\" content=\"788\" \/>\n\t<meta property=\"og:image:type\" content=\"image\/jpeg\" \/>\n<meta name=\"twitter:card\" content=\"summary_large_image\" \/>\n<meta name=\"twitter:label1\" content=\"Est. reading time\" \/>\n\t<meta name=\"twitter:data1\" content=\"2 minutes\" \/>\n<script type=\"application\/ld+json\" class=\"yoast-schema-graph\">{\"@context\":\"https:\\\/\\\/schema.org\",\"@graph\":[{\"@type\":\"WebPage\",\"@id\":\"https:\\\/\\\/tajkertesz.com\\\/termek\\\/amistar-spray-pumpas-1l\\\/\",\"url\":\"https:\\\/\\\/tajkertesz.com\\\/termek\\\/amistar-spray-pumpas-1l\\\/\",\"name\":\"Amistar spray pump\u00e1s 1L. - T\u00e1jkert\u00e9sz\",\"isPartOf\":{\"@id\":\"https:\\\/\\\/tajkertesz.com\\\/#website\"},\"primaryImageOfPage\":{\"@id\":\"https:\\\/\\\/tajkertesz.com\\\/termek\\\/amistar-spray-pumpas-1l\\\/#primaryimage\"},\"image\":{\"@id\":\"https:\\\/\\\/tajkertesz.com\\\/termek\\\/amistar-spray-pumpas-1l\\\/#primaryimage\"},\"thumbnailUrl\":\"https:\\\/\\\/tajkertesz.com\\\/wp-content\\\/uploads\\\/2024\\\/01\\\/amis1701.jpg\",\"datePublished\":\"2024-01-31T15:42:34+00:00\",\"dateModified\":\"2026-02-12T15:38:00+00:00\",\"description\":\"Amistar spray pump\u00e1s 1L. Az\u00a0Amistar Spray\u00a0sz\u00e9les hat\u00e1sspektrum\u00fa,\u00a0vir\u00e1g \u00e9s d\u00edszn\u00f6v\u00e9ny\u00a0kult\u00far\u00e1ban haszn\u00e1lhat\u00f3 felsz\u00edv\u00f3d\u00f3 gomba\u00f6l\u0151 szer.\",\"breadcrumb\":{\"@id\":\"https:\\\/\\\/tajkertesz.com\\\/termek\\\/amistar-spray-pumpas-1l\\\/#breadcrumb\"},\"inLanguage\":\"en-US\",\"potentialAction\":[{\"@type\":\"ReadAction\",\"target\":[\"https:\\\/\\\/tajkertesz.com\\\/termek\\\/amistar-spray-pumpas-1l\\\/\"]}]},{\"@type\":\"ImageObject\",\"inLanguage\":\"en-US\",\"@id\":\"https:\\\/\\\/tajkertesz.com\\\/termek\\\/amistar-spray-pumpas-1l\\\/#primaryimage\",\"url\":\"https:\\\/\\\/tajkertesz.com\\\/wp-content\\\/uploads\\\/2024\\\/01\\\/amis1701.jpg\",\"contentUrl\":\"https:\\\/\\\/tajkertesz.com\\\/wp-content\\\/uploads\\\/2024\\\/01\\\/amis1701.jpg\",\"width\":940,\"height\":788},{\"@type\":\"BreadcrumbList\",\"@id\":\"https:\\\/\\\/tajkertesz.com\\\/termek\\\/amistar-spray-pumpas-1l\\\/#breadcrumb\",\"itemListElement\":[{\"@type\":\"ListItem\",\"position\":1,\"name\":\"Home\",\"item\":\"https:\\\/\\\/tajkertesz.com\\\/\"},{\"@type\":\"ListItem\",\"position\":2,\"name\":\"Kezd\u0151lap\",\"item\":\"https:\\\/\\\/tajkertesz.com\\\/\"},{\"@type\":\"ListItem\",\"position\":3,\"name\":\"Amistar spray pump\u00e1s 1L.\"}]},{\"@type\":\"WebSite\",\"@id\":\"https:\\\/\\\/tajkertesz.com\\\/#website\",\"url\":\"https:\\\/\\\/tajkertesz.com\\\/\",\"name\":\"T\u00e1j-Kert\u00e9sz 84 Kft.\",\"description\":\"Kert\u00e9szeti kis- \u00e9s nagykeresked\u00e9s, D\u00edszn\u00f6v\u00e9ny web\u00e1ruh\u00e1z orsz\u00e1gos h\u00e1zhozsz\u00e1ll\u00edt\u00e1ssal!\",\"publisher\":{\"@id\":\"https:\\\/\\\/tajkertesz.com\\\/#organization\"},\"potentialAction\":[{\"@type\":\"SearchAction\",\"target\":{\"@type\":\"EntryPoint\",\"urlTemplate\":\"https:\\\/\\\/tajkertesz.com\\\/?s={search_term_string}\"},\"query-input\":{\"@type\":\"PropertyValueSpecification\",\"valueRequired\":true,\"valueName\":\"search_term_string\"}}],\"inLanguage\":\"en-US\"},{\"@type\":\"Organization\",\"@id\":\"https:\\\/\\\/tajkertesz.com\\\/#organization\",\"name\":\"T\u00e1j-Kert\u00e9sz 84 Kft.\",\"url\":\"https:\\\/\\\/tajkertesz.com\\\/\",\"logo\":{\"@type\":\"ImageObject\",\"inLanguage\":\"en-US\",\"@id\":\"https:\\\/\\\/tajkertesz.com\\\/#\\\/schema\\\/logo\\\/image\\\/\",\"url\":\"https:\\\/\\\/tajkertesz.com\\\/wp-content\\\/uploads\\\/2018\\\/02\\\/logo-2-e1518678052539.png\",\"contentUrl\":\"https:\\\/\\\/tajkertesz.com\\\/wp-content\\\/uploads\\\/2018\\\/02\\\/logo-2-e1518678052539.png\",\"width\":81,\"height\":140,\"caption\":\"T\u00e1j-Kert\u00e9sz 84 Kft.\"},\"image\":{\"@id\":\"https:\\\/\\\/tajkertesz.com\\\/#\\\/schema\\\/logo\\\/image\\\/\"},\"sameAs\":[\"https:\\\/\\\/www.facebook.com\\\/Tajkertesz\\\/\"]}]}<\/script>\n<!-- \/ Yoast SEO plugin. -->","yoast_head_json":{"title":"Amistar spray pump\u00e1s 1L. - T\u00e1jkert\u00e9sz","description":"Amistar spray pump\u00e1s 1L. Az\u00a0Amistar Spray\u00a0sz\u00e9les hat\u00e1sspektrum\u00fa,\u00a0vir\u00e1g \u00e9s d\u00edszn\u00f6v\u00e9ny\u00a0kult\u00far\u00e1ban haszn\u00e1lhat\u00f3 felsz\u00edv\u00f3d\u00f3 gomba\u00f6l\u0151 szer.","robots":{"index":"index","follow":"follow","max-snippet":"max-snippet:-1","max-image-preview":"max-image-preview:large","max-video-preview":"max-video-preview:-1"},"canonical":"https:\/\/tajkertesz.com\/en_US\/product\/amistar-spray-pumpas-1l\/","og_locale":"en_US","og_type":"article","og_title":"Amistar spray pump\u00e1s 1L. - T\u00e1jkert\u00e9sz","og_description":"Amistar spray pump\u00e1s 1L. Az\u00a0Amistar Spray\u00a0sz\u00e9les hat\u00e1sspektrum\u00fa,\u00a0vir\u00e1g \u00e9s d\u00edszn\u00f6v\u00e9ny\u00a0kult\u00far\u00e1ban haszn\u00e1lhat\u00f3 felsz\u00edv\u00f3d\u00f3 gomba\u00f6l\u0151 szer.","og_url":"https:\/\/tajkertesz.com\/en_US\/product\/amistar-spray-pumpas-1l\/","og_site_name":"T\u00e1jkert\u00e9sz","article_publisher":"https:\/\/www.facebook.com\/Tajkertesz\/","article_modified_time":"2026-02-12T15:38:00+00:00","og_image":[{"width":940,"height":788,"url":"https:\/\/tajkertesz.com\/wp-content\/uploads\/2024\/01\/amis1701.jpg","type":"image\/jpeg"}],"twitter_card":"summary_large_image","twitter_misc":{"Est. reading time":"2 minutes"},"schema":{"@context":"https:\/\/schema.org","@graph":[{"@type":"WebPage","@id":"https:\/\/tajkertesz.com\/termek\/amistar-spray-pumpas-1l\/","url":"https:\/\/tajkertesz.com\/termek\/amistar-spray-pumpas-1l\/","name":"Amistar spray pump\u00e1s 1L. - T\u00e1jkert\u00e9sz","isPartOf":{"@id":"https:\/\/tajkertesz.com\/#website"},"primaryImageOfPage":{"@id":"https:\/\/tajkertesz.com\/termek\/amistar-spray-pumpas-1l\/#primaryimage"},"image":{"@id":"https:\/\/tajkertesz.com\/termek\/amistar-spray-pumpas-1l\/#primaryimage"},"thumbnailUrl":"https:\/\/tajkertesz.com\/wp-content\/uploads\/2024\/01\/amis1701.jpg","datePublished":"2024-01-31T15:42:34+00:00","dateModified":"2026-02-12T15:38:00+00:00","description":"Amistar spray pump\u00e1s 1L. Az\u00a0Amistar Spray\u00a0sz\u00e9les hat\u00e1sspektrum\u00fa,\u00a0vir\u00e1g \u00e9s d\u00edszn\u00f6v\u00e9ny\u00a0kult\u00far\u00e1ban haszn\u00e1lhat\u00f3 felsz\u00edv\u00f3d\u00f3 gomba\u00f6l\u0151 szer.","breadcrumb":{"@id":"https:\/\/tajkertesz.com\/termek\/amistar-spray-pumpas-1l\/#breadcrumb"},"inLanguage":"en-US","potentialAction":[{"@type":"ReadAction","target":["https:\/\/tajkertesz.com\/termek\/amistar-spray-pumpas-1l\/"]}]},{"@type":"ImageObject","inLanguage":"en-US","@id":"https:\/\/tajkertesz.com\/termek\/amistar-spray-pumpas-1l\/#primaryimage","url":"https:\/\/tajkertesz.com\/wp-content\/uploads\/2024\/01\/amis1701.jpg","contentUrl":"https:\/\/tajkertesz.com\/wp-content\/uploads\/2024\/01\/amis1701.jpg","width":940,"height":788},{"@type":"BreadcrumbList","@id":"https:\/\/tajkertesz.com\/termek\/amistar-spray-pumpas-1l\/#breadcrumb","itemListElement":[{"@type":"ListItem","position":1,"name":"Home","item":"https:\/\/tajkertesz.com\/"},{"@type":"ListItem","position":2,"name":"Kezd\u0151lap","item":"https:\/\/tajkertesz.com\/"},{"@type":"ListItem","position":3,"name":"Amistar spray pump\u00e1s 1L."}]},{"@type":"WebSite","@id":"https:\/\/tajkertesz.com\/#website","url":"https:\/\/tajkertesz.com\/","name":"T\u00e1j-Kert\u00e9sz 84 Kft.","description":"Kert\u00e9szeti kis- \u00e9s nagykeresked\u00e9s, D\u00edszn\u00f6v\u00e9ny web\u00e1ruh\u00e1z orsz\u00e1gos h\u00e1zhozsz\u00e1ll\u00edt\u00e1ssal!","publisher":{"@id":"https:\/\/tajkertesz.com\/#organization"},"potentialAction":[{"@type":"SearchAction","target":{"@type":"EntryPoint","urlTemplate":"https:\/\/tajkertesz.com\/?s={search_term_string}"},"query-input":{"@type":"PropertyValueSpecification","valueRequired":true,"valueName":"search_term_string"}}],"inLanguage":"en-US"},{"@type":"Organization","@id":"https:\/\/tajkertesz.com\/#organization","name":"T\u00e1j-Kert\u00e9sz 84 Kft.","url":"https:\/\/tajkertesz.com\/","logo":{"@type":"ImageObject","inLanguage":"en-US","@id":"https:\/\/tajkertesz.com\/#\/schema\/logo\/image\/","url":"https:\/\/tajkertesz.com\/wp-content\/uploads\/2018\/02\/logo-2-e1518678052539.png","contentUrl":"https:\/\/tajkertesz.com\/wp-content\/uploads\/2018\/02\/logo-2-e1518678052539.png","width":81,"height":140,"caption":"T\u00e1j-Kert\u00e9sz 84 Kft."},"image":{"@id":"https:\/\/tajkertesz.com\/#\/schema\/logo\/image\/"},"sameAs":["https:\/\/www.facebook.com\/Tajkertesz\/"]}]}},"_links":{"self":[{"href":"https:\/\/tajkertesz.com\/en_US\/wp-json\/wp\/v2\/product\/19019","targetHints":{"allow":["GET"]}}],"collection":[{"href":"https:\/\/tajkertesz.com\/en_US\/wp-json\/wp\/v2\/product"}],"about":[{"href":"https:\/\/tajkertesz.com\/en_US\/wp-json\/wp\/v2\/types\/product"}],"wp:featuredmedia":[{"embeddable":true,"href":"https:\/\/tajkertesz.com\/en_US\/wp-json\/wp\/v2\/media\/19020"}],"wp:attachment":[{"href":"https:\/\/tajkertesz.com\/en_US\/wp-json\/wp\/v2\/media?parent=19019"}],"wp:term":[{"taxonomy":"product_brand","embeddable":true,"href":"https:\/\/tajkertesz.com\/en_US\/wp-json\/wp\/v2\/product_brand?post=19019"},{"taxonomy":"product_cat","embeddable":true,"href":"https:\/\/tajkertesz.com\/en_US\/wp-json\/wp\/v2\/product_cat?post=19019"},{"taxonomy":"product_tag","embeddable":true,"href":"https:\/\/tajkertesz.com\/en_US\/wp-json\/wp\/v2\/product_tag?post=19019"}],"curies":[{"name":"wp","href":"https:\/\/api.w.org\/{rel}","templated":true}]}}