{"id":19032,"date":"2024-02-01T10:04:07","date_gmt":"2024-02-01T10:04:07","guid":{"rendered":"https:\/\/tajkertesz.com\/?post_type=product&#038;p=19032"},"modified":"2026-02-12T15:36:22","modified_gmt":"2026-02-12T15:36:22","slug":"vadriaszto-forester-1l","status":"publish","type":"product","link":"https:\/\/tajkertesz.com\/en_US\/product\/vadriaszto-forester-1l\/","title":{"rendered":"Vadriaszt\u00f3 Forester 1L."},"content":{"rendered":"<h2>Vadriaszt\u00f3 Forester 1L.<\/h2>\n<p>Vadriaszt\u00f3 Forester 1L.<\/p>\n<p style=\"font-weight: 400;\"><b><em>Hat\u00f3anyag<\/em><\/b>: 64 g\/l \u00e1llati zsirad\u00e9k<\/p>\n<p style=\"font-weight: 400;\"><b><em>Gy\u0171jt\u0151 csomagol\u00e1s<\/em><\/b>: nem<\/p>\n<p style=\"font-weight: 400;\"><b><em>Eltarthat\u00f3s\u00e1g<\/em><\/b>: 2 \u00e9v<\/p>\n<p style=\"font-weight: 400;\"><b><em>Forgalmaz\u00e1si kateg\u00f3ria<\/em><\/b>: III<\/p>\n<p style=\"font-weight: 400;\"><strong>Hat\u00e1smechanizmus<\/strong><\/p>\n<p style=\"font-weight: 400;\">A Forester\u00ae EW vadriaszt\u00f3 permetez\u0151szer az \u0151z, g\u00edmszarvas \u00e9s muflon r\u00e1g\u00e1sa elleni v\u00e9dekez\u00e9sre alkalmazhat\u00f3 k\u00e9sz\u00edtm\u00e9ny erd\u00e9szeti- \u00e9s gy\u00fcm\u00f6lcs kult\u00far\u00e1kban. Az \u00e1llati eredet\u0171 zsirad\u00e9k hat\u00f3anyagot a term\u00e9szetben t\u00f6rt\u00e9nt megfigyel\u00e9sek alapj\u00e1n fejlesztett\u00e9k ki, melynek haszn\u00e1lat\u00e1val megv\u00e9dhet\u0151ek a k\u00fcl\u00f6nb\u00f6z\u0151 erd\u00e9szeti- \u00e9s gy\u00fcm\u00f6lcs kult\u00far\u00e1k a nagyvadak r\u00e1g\u00e1s\u00e1t\u00f3l. A k\u00e9sz\u00edtm\u00e9ny az \u00e1llatok sz\u00e1m\u00e1ra kellemetlen szag\u00e1val v\u00e1ltja ki a riaszt\u00f3 hat\u00e1st. A v\u00e9dend\u0151 ter\u00fclet kezel\u00e9se ut\u00e1n a hat\u00e1startam biztos\u00edt\u00e1sa \u00e9rdek\u00e9ben a permetl\u00e9nek be kell sz\u00e1radnia, ez\u00e9rt sz\u00e1raz id\u0151ben v\u00e9gezz\u00fck el a kezel\u00e9st. K\u00f6d\u00f6s, es\u0151s id\u0151ben nem szabad a kezel\u00e9st elv\u00e9gezni, mivel a n\u00f6v\u00e9nyt v\u00e9d\u0151, megsz\u00e1radt permetr\u00e9teg kialakul\u00e1s\u00e1ra ilyenkor nincs es\u00e9ly.<\/p>\n<p style=\"font-weight: 400;\"><strong>Technol\u00f3giai aj\u00e1nl\u00e1sok<\/strong><\/p>\n<p style=\"font-weight: 400;\"><strong>Sz\u00e1nt\u00f3f\u00f6ldi<\/strong>\u00a0kult\u00far\u00e1kban (kukorica, repce, naprafog\u00f3, sz\u00f3ja) az \u0151szi \u00e9s a tavaszi vadr\u00e1g\u00e1s megel\u0151z\u00e9se c\u00e9lj\u00e1b\u00f3l a k\u00e9sz\u00edtm\u00e9nyt 15 l\/ha-os d\u00f3zisban juttassuk ki 200\u2013300 l v\u00edzmennyis\u00e9ggel, 3\u20134 lombleveles \u00e1llapot \u00e9s a vir\u00e1gz\u00e1s kezdete el\u0151tt. A k\u00e9sz\u00edtm\u00e9ny 7\u201314 naponta \u00e9s legfeljebb 4 alkalommal juttathat\u00f3 ki! A k\u00e9sz\u00edtm\u00e9nnyel v\u00e9gzett szeg\u00e9lykezel\u00e9sek (minimum 20 m sz\u00e9less\u00e9gben) nagy t\u00e1bl\u00e1k eset\u00e9ben gazdas\u00e1gos megold\u00e1s lehet a nagyvadak r\u00e1g\u00e1si k\u00e1r\u00e1nak cs\u00f6kkent\u00e9s\u00e9re. A 15 l\/ha-os d\u00f3zist ebben az esetben ter\u00fcletegys\u00e9gre kell visszasz\u00e1molni.<\/p>\n<p style=\"font-weight: 400;\"><strong>Erd\u00e9szetben<\/strong>, lomblevel\u0171 \u00e9s t\u0171level\u0171 kult\u00far\u00e1kban a term\u00e9ket eredeti form\u00e1ban, h\u00edg\u00edt\u00e1s n\u00e9lk\u00fcl alkalmazzuk. A fiatal telep\u00edt\u00e9sekn\u00e9l a prec\u00edz kijuttat\u00e1s biztos\u00edtja a zavartalan n\u00f6veked\u00e9st a fa biol\u00f3giai \u00e9rt\u00e9k\u00e9nek meg\u0151rz\u00e9se mellett. A k\u00e9sz\u00edtm\u00e9nyt a v\u00e9dend\u0151 ter\u00fcletre egyenletes cseppekben kell kijuttatni az \u0151sz v\u00e9gi \u2013 t\u00e9l elejei fagymentes napokon, ill. a tavaszi \u2013 ny\u00e1ri kijuttat\u00e1si id\u0151szakban. Az alkalmazott d\u00f3zis (10\u201320 liter\/ha) a kult\u00far\u00e1t\u00f3l \u00e9s a n\u00f6v\u00e9ny fejl\u0151d\u00e9si st\u00e1dium\u00e1t\u00f3l f\u00fcgg (pl. r\u00fcgyes vessz\u0151, vagy leveles hajt\u00e1s). A k\u00e9t kijuttat\u00e1si id\u0151szakban \u00e1ltal\u00e1ban 1\u20131 kezel\u00e9s javasolt.<\/p>\n<p style=\"font-weight: 400;\"><strong>Alm\u00e1sterm\u00e9s\u0171ekben<\/strong>\u00a0kora tavasszal (r\u00fcgypattan\u00e1skor) kell a kezel\u00e9st elv\u00e9gezni 20 l\/ha d\u00f3zisban, a term\u00e9ket vagy h\u00edg\u00edt\u00e1s n\u00e9lk\u00fcl, vagy a jobb fedetts\u00e9g biztos\u00edt\u00e1sa \u00e9rdek\u00e9ben az 1:3 vagy az 1:5 ar\u00e1ny\u00fa vizes h\u00edg\u00edt\u00e1sban kell kijuttatni a levelek megjelen\u00e9se el\u0151tt.<\/p>\n<p style=\"font-weight: 400;\"><strong>Sz\u0151l\u0151ben<\/strong>\u00a010\u201315 l\/ha d\u00f3zisban juttathat\u00f3 ki term\u00e9k a h\u00e1romleveles hajt\u00e1s\u00e1llapott\u00f3l a vir\u00e1gz\u00e1s kezdet\u00e9ig 1:3-1:5 ar\u00e1ny\u00fa vizes h\u00edg\u00edt\u00e1sban. Ha a sz\u0151l\u0151 fejl\u0151d\u00e9si st\u00e1diuma megengedi a kezel\u00e9st k\u00f6vet\u0151en 28\u201342 nap eltelt\u00e9vel a permetez\u00e9s megism\u00e9telhet\u0151, amennyiben \u00fajra k\u00e1rt\u00e9tel \u00e9szlelhet\u0151.<\/p>\n<p style=\"font-weight: 400;\">A k\u00e9sz\u00edtm\u00e9nyt h\u00edg\u00edt\u00e1s n\u00e9lk\u00fcl a v\u00e9dend\u0151 ter\u00fcletre (a kult\u00far\u00e1k fenol\u00f3giai f\u00e1zis\u00e1hoz igazodva) kell permetezni. A hat\u00e1startam biztos\u00edt\u00e1s\u00e1hoz a permetl\u00e9nek be kell sz\u00e1radnia, ez\u00e9rt a kezel\u00e9s els\u0151sorban sz\u00e1raz id\u0151ben javasolt.<\/p>\n<p style=\"font-weight: 400;\">A munka v\u00e9gezt\u00e9vel alaposan mossuk ki a permetez\u0151g\u00e9pet!<\/p>\n<p style=\"font-weight: 400;\"><strong>Keverhet\u0151s\u00e9g: <\/strong>Figyelem! A Forester\u00ae EW m\u00e1s n\u00f6v\u00e9nyv\u00e9d\u0151 szerekkel nem keverhet\u0151, csak \u00f6nmag\u00e1ban juttathat\u00f3 ki.<\/p>\n<p style=\"font-weight: 400;\">A kezel\u00e9s el\u0151tt egy h\u00e9ttel, \u00e9s a kel\u00e9s ut\u00e1n egy h\u00e9ten \u00e1t m\u00e1s n\u00f6v\u00e9nyv\u00e9d\u0151 szer alkalmaz\u00e1sa sem javasolt, az esetleges hat\u00e1scs\u00f6kken\u00e9s miatt. Meleg napokon csak a reggeli \u00e9s az esti \u00f3r\u00e1kban juttathat\u00f3 ki. Fagypont alatti h\u0151m\u00e9rs\u00e9kleten nem alkalmazhat\u00f3.<\/p>\n<p>El\u00e9rhet\u0151 t\u00f6bbf\u00e9le m\u00e9retben \u00e9s \u00e1rban.<\/p>\n<p><strong>K\u00e9szlet\u00fcnk napi szinten v\u00e1ltozik, ez\u00e9rt k\u00e9rj\u00fck, \u00e9rdekl\u0151dj\u00f6n szem\u00e9lyesen, telefonon vagy email-en.<br \/>\nA v\u00e1ltoztat\u00e1s jog\u00e1t fenntartjuk!\u00a0<\/strong><\/p>\n<p><a href=\"https:\/\/tajkertesz.com\/\">https:\/\/tajkertesz.com\/<\/a><\/p>\n<p><a href=\"https:\/\/www.facebook.com\/tajkertesz\/\">https:\/\/www.facebook.com\/tajkertesz\/<\/a><\/p>\n<p>Szem\u00e9lyes \u00e1tv\u00e9tel nyitvatart\u00e1si id\u0151ben a 17. ker\u00fclet Bakancsos utca 7. sz\u00e1m alatti Kert\u00e9szeti \u00e1rud\u00e1ban.<\/p>","protected":false},"excerpt":{"rendered":"<h2>Vadriaszt\u00f3 Forester 1L.<\/h2>\n<p><span style=\"text-decoration: underline; color: #ff0000;\"><strong>Ezt a term\u00e9ket csak rendel\u00e9sre tudjuk teljes\u00edteni, nincs k\u00e9szleten, beszerz\u00e9se 1-2nap!<\/strong><\/span><\/p>\n<p style=\"font-weight: 400;\">Kiemelt hat\u00e1s, foly\u00e9kony emulzi\u00f3 form\u00e1tum\u00fa vadriaszt\u00f3 permetez\u0151 szer.<\/p>\n<p style=\"font-weight: 400;\"><strong>Hat\u00e1sspektrum: <\/strong>\u0150z, szarvas<\/p>\n<p style=\"font-weight: 400;\">Erd\u00e9szeti \u00e9s csemetekertekben, gy\u00fcm\u00f6lcs\u00f6s\u00f6kben valamint sz\u00e1nt\u00f3f\u00f6ldi kult\u00far\u00e1kban nagy k\u00e1rokat okoz\u00f3 \u0151z \u00e9s szarvas t\u00e1voltart\u00e1s\u00e1ra alkalmazhat\u00f3 k\u00e9sz\u00edtm\u00e9ny.<\/p>\n<p><i>Ez a term\u00e9kle\u00edr\u00e1s t\u00e1j\u00e9koztat\u00f3 jelleg\u0171, a k\u00e9sz\u00edtm\u00e9ny felhaszn\u00e1l\u00e1sa el\u0151tt olvassa el a c\u00edmk\u00e9ken tal\u00e1lhat\u00f3 haszn\u00e1lati utas\u00edt\u00e1st!<\/i><\/p>\n<h3 align=\"justify\">Kiz\u00e1r\u00f3lag szem\u00e9lyes \u00e1tv\u00e9tellel lehets\u00e9ges a term\u00e9k megv\u00e1s\u00e1rl\u00e1sa!<\/h3>","protected":false},"featured_media":19033,"template":"","meta":{"_et_pb_use_builder":"","_et_pb_old_content":"","_et_gb_content_width":""},"product_brand":[],"product_cat":[4830],"product_tag":[4832,1583,4833,4831],"class_list":{"0":"post-19032","1":"product","2":"type-product","3":"status-publish","4":"has-post-thumbnail","6":"product_cat-vadriaszto-szerek","7":"product_tag-forester","8":"product_tag-riaszto","9":"product_tag-tavoltarto","10":"product_tag-vadriaszto","12":"first","13":"outofstock","14":"shipping-taxable","15":"product-type-simple"},"yoast_head":"<!-- This site is optimized with the Yoast SEO plugin v27.4 - https:\/\/yoast.com\/product\/yoast-seo-wordpress\/ -->\n<title>Vadriaszt\u00f3 Forester 1L. - T\u00e1jkert\u00e9sz<\/title>\n<meta name=\"description\" content=\"Vadriaszt\u00f3 Forester 1L.\" \/>\n<meta name=\"robots\" content=\"index, follow, max-snippet:-1, max-image-preview:large, max-video-preview:-1\" \/>\n<link rel=\"canonical\" href=\"https:\/\/tajkertesz.com\/en_US\/product\/vadriaszto-forester-1l\/\" \/>\n<meta property=\"og:locale\" content=\"en_US\" \/>\n<meta property=\"og:type\" content=\"article\" \/>\n<meta property=\"og:title\" content=\"Vadriaszt\u00f3 Forester 1L. - T\u00e1jkert\u00e9sz\" \/>\n<meta property=\"og:description\" content=\"Vadriaszt\u00f3 Forester 1L.\" \/>\n<meta property=\"og:url\" content=\"https:\/\/tajkertesz.com\/en_US\/product\/vadriaszto-forester-1l\/\" \/>\n<meta property=\"og:site_name\" content=\"T\u00e1jkert\u00e9sz\" \/>\n<meta property=\"article:publisher\" content=\"https:\/\/www.facebook.com\/Tajkertesz\/\" \/>\n<meta property=\"article:modified_time\" content=\"2026-02-12T15:36:22+00:00\" \/>\n<meta property=\"og:image\" content=\"https:\/\/tajkertesz.com\/wp-content\/uploads\/2024\/02\/fore3801.jpg\" \/>\n\t<meta property=\"og:image:width\" content=\"940\" \/>\n\t<meta property=\"og:image:height\" content=\"788\" \/>\n\t<meta property=\"og:image:type\" content=\"image\/jpeg\" \/>\n<meta name=\"twitter:card\" content=\"summary_large_image\" \/>\n<meta name=\"twitter:label1\" content=\"Est. reading time\" \/>\n\t<meta name=\"twitter:data1\" content=\"3 minutes\" \/>\n<script type=\"application\/ld+json\" class=\"yoast-schema-graph\">{\"@context\":\"https:\\\/\\\/schema.org\",\"@graph\":[{\"@type\":\"WebPage\",\"@id\":\"https:\\\/\\\/tajkertesz.com\\\/termek\\\/vadriaszto-forester-1l\\\/\",\"url\":\"https:\\\/\\\/tajkertesz.com\\\/termek\\\/vadriaszto-forester-1l\\\/\",\"name\":\"Vadriaszt\u00f3 Forester 1L. - T\u00e1jkert\u00e9sz\",\"isPartOf\":{\"@id\":\"https:\\\/\\\/tajkertesz.com\\\/#website\"},\"primaryImageOfPage\":{\"@id\":\"https:\\\/\\\/tajkertesz.com\\\/termek\\\/vadriaszto-forester-1l\\\/#primaryimage\"},\"image\":{\"@id\":\"https:\\\/\\\/tajkertesz.com\\\/termek\\\/vadriaszto-forester-1l\\\/#primaryimage\"},\"thumbnailUrl\":\"https:\\\/\\\/tajkertesz.com\\\/wp-content\\\/uploads\\\/2024\\\/02\\\/fore3801.jpg\",\"datePublished\":\"2024-02-01T10:04:07+00:00\",\"dateModified\":\"2026-02-12T15:36:22+00:00\",\"description\":\"Vadriaszt\u00f3 Forester 1L.\",\"breadcrumb\":{\"@id\":\"https:\\\/\\\/tajkertesz.com\\\/termek\\\/vadriaszto-forester-1l\\\/#breadcrumb\"},\"inLanguage\":\"en-US\",\"potentialAction\":[{\"@type\":\"ReadAction\",\"target\":[\"https:\\\/\\\/tajkertesz.com\\\/termek\\\/vadriaszto-forester-1l\\\/\"]}]},{\"@type\":\"ImageObject\",\"inLanguage\":\"en-US\",\"@id\":\"https:\\\/\\\/tajkertesz.com\\\/termek\\\/vadriaszto-forester-1l\\\/#primaryimage\",\"url\":\"https:\\\/\\\/tajkertesz.com\\\/wp-content\\\/uploads\\\/2024\\\/02\\\/fore3801.jpg\",\"contentUrl\":\"https:\\\/\\\/tajkertesz.com\\\/wp-content\\\/uploads\\\/2024\\\/02\\\/fore3801.jpg\",\"width\":940,\"height\":788},{\"@type\":\"BreadcrumbList\",\"@id\":\"https:\\\/\\\/tajkertesz.com\\\/termek\\\/vadriaszto-forester-1l\\\/#breadcrumb\",\"itemListElement\":[{\"@type\":\"ListItem\",\"position\":1,\"name\":\"Home\",\"item\":\"https:\\\/\\\/tajkertesz.com\\\/\"},{\"@type\":\"ListItem\",\"position\":2,\"name\":\"Kezd\u0151lap\",\"item\":\"https:\\\/\\\/tajkertesz.com\\\/\"},{\"@type\":\"ListItem\",\"position\":3,\"name\":\"Vadriaszt\u00f3 Forester 1L.\"}]},{\"@type\":\"WebSite\",\"@id\":\"https:\\\/\\\/tajkertesz.com\\\/#website\",\"url\":\"https:\\\/\\\/tajkertesz.com\\\/\",\"name\":\"T\u00e1j-Kert\u00e9sz 84 Kft.\",\"description\":\"Kert\u00e9szeti kis- \u00e9s nagykeresked\u00e9s, D\u00edszn\u00f6v\u00e9ny web\u00e1ruh\u00e1z orsz\u00e1gos h\u00e1zhozsz\u00e1ll\u00edt\u00e1ssal!\",\"publisher\":{\"@id\":\"https:\\\/\\\/tajkertesz.com\\\/#organization\"},\"potentialAction\":[{\"@type\":\"SearchAction\",\"target\":{\"@type\":\"EntryPoint\",\"urlTemplate\":\"https:\\\/\\\/tajkertesz.com\\\/?s={search_term_string}\"},\"query-input\":{\"@type\":\"PropertyValueSpecification\",\"valueRequired\":true,\"valueName\":\"search_term_string\"}}],\"inLanguage\":\"en-US\"},{\"@type\":\"Organization\",\"@id\":\"https:\\\/\\\/tajkertesz.com\\\/#organization\",\"name\":\"T\u00e1j-Kert\u00e9sz 84 Kft.\",\"url\":\"https:\\\/\\\/tajkertesz.com\\\/\",\"logo\":{\"@type\":\"ImageObject\",\"inLanguage\":\"en-US\",\"@id\":\"https:\\\/\\\/tajkertesz.com\\\/#\\\/schema\\\/logo\\\/image\\\/\",\"url\":\"https:\\\/\\\/tajkertesz.com\\\/wp-content\\\/uploads\\\/2018\\\/02\\\/logo-2-e1518678052539.png\",\"contentUrl\":\"https:\\\/\\\/tajkertesz.com\\\/wp-content\\\/uploads\\\/2018\\\/02\\\/logo-2-e1518678052539.png\",\"width\":81,\"height\":140,\"caption\":\"T\u00e1j-Kert\u00e9sz 84 Kft.\"},\"image\":{\"@id\":\"https:\\\/\\\/tajkertesz.com\\\/#\\\/schema\\\/logo\\\/image\\\/\"},\"sameAs\":[\"https:\\\/\\\/www.facebook.com\\\/Tajkertesz\\\/\"]}]}<\/script>\n<!-- \/ Yoast SEO plugin. -->","yoast_head_json":{"title":"Vadriaszt\u00f3 Forester 1L. - T\u00e1jkert\u00e9sz","description":"Vadriaszt\u00f3 Forester 1L.","robots":{"index":"index","follow":"follow","max-snippet":"max-snippet:-1","max-image-preview":"max-image-preview:large","max-video-preview":"max-video-preview:-1"},"canonical":"https:\/\/tajkertesz.com\/en_US\/product\/vadriaszto-forester-1l\/","og_locale":"en_US","og_type":"article","og_title":"Vadriaszt\u00f3 Forester 1L. - T\u00e1jkert\u00e9sz","og_description":"Vadriaszt\u00f3 Forester 1L.","og_url":"https:\/\/tajkertesz.com\/en_US\/product\/vadriaszto-forester-1l\/","og_site_name":"T\u00e1jkert\u00e9sz","article_publisher":"https:\/\/www.facebook.com\/Tajkertesz\/","article_modified_time":"2026-02-12T15:36:22+00:00","og_image":[{"width":940,"height":788,"url":"https:\/\/tajkertesz.com\/wp-content\/uploads\/2024\/02\/fore3801.jpg","type":"image\/jpeg"}],"twitter_card":"summary_large_image","twitter_misc":{"Est. reading time":"3 minutes"},"schema":{"@context":"https:\/\/schema.org","@graph":[{"@type":"WebPage","@id":"https:\/\/tajkertesz.com\/termek\/vadriaszto-forester-1l\/","url":"https:\/\/tajkertesz.com\/termek\/vadriaszto-forester-1l\/","name":"Vadriaszt\u00f3 Forester 1L. - T\u00e1jkert\u00e9sz","isPartOf":{"@id":"https:\/\/tajkertesz.com\/#website"},"primaryImageOfPage":{"@id":"https:\/\/tajkertesz.com\/termek\/vadriaszto-forester-1l\/#primaryimage"},"image":{"@id":"https:\/\/tajkertesz.com\/termek\/vadriaszto-forester-1l\/#primaryimage"},"thumbnailUrl":"https:\/\/tajkertesz.com\/wp-content\/uploads\/2024\/02\/fore3801.jpg","datePublished":"2024-02-01T10:04:07+00:00","dateModified":"2026-02-12T15:36:22+00:00","description":"Vadriaszt\u00f3 Forester 1L.","breadcrumb":{"@id":"https:\/\/tajkertesz.com\/termek\/vadriaszto-forester-1l\/#breadcrumb"},"inLanguage":"en-US","potentialAction":[{"@type":"ReadAction","target":["https:\/\/tajkertesz.com\/termek\/vadriaszto-forester-1l\/"]}]},{"@type":"ImageObject","inLanguage":"en-US","@id":"https:\/\/tajkertesz.com\/termek\/vadriaszto-forester-1l\/#primaryimage","url":"https:\/\/tajkertesz.com\/wp-content\/uploads\/2024\/02\/fore3801.jpg","contentUrl":"https:\/\/tajkertesz.com\/wp-content\/uploads\/2024\/02\/fore3801.jpg","width":940,"height":788},{"@type":"BreadcrumbList","@id":"https:\/\/tajkertesz.com\/termek\/vadriaszto-forester-1l\/#breadcrumb","itemListElement":[{"@type":"ListItem","position":1,"name":"Home","item":"https:\/\/tajkertesz.com\/"},{"@type":"ListItem","position":2,"name":"Kezd\u0151lap","item":"https:\/\/tajkertesz.com\/"},{"@type":"ListItem","position":3,"name":"Vadriaszt\u00f3 Forester 1L."}]},{"@type":"WebSite","@id":"https:\/\/tajkertesz.com\/#website","url":"https:\/\/tajkertesz.com\/","name":"T\u00e1j-Kert\u00e9sz 84 Kft.","description":"Kert\u00e9szeti kis- \u00e9s nagykeresked\u00e9s, D\u00edszn\u00f6v\u00e9ny web\u00e1ruh\u00e1z orsz\u00e1gos h\u00e1zhozsz\u00e1ll\u00edt\u00e1ssal!","publisher":{"@id":"https:\/\/tajkertesz.com\/#organization"},"potentialAction":[{"@type":"SearchAction","target":{"@type":"EntryPoint","urlTemplate":"https:\/\/tajkertesz.com\/?s={search_term_string}"},"query-input":{"@type":"PropertyValueSpecification","valueRequired":true,"valueName":"search_term_string"}}],"inLanguage":"en-US"},{"@type":"Organization","@id":"https:\/\/tajkertesz.com\/#organization","name":"T\u00e1j-Kert\u00e9sz 84 Kft.","url":"https:\/\/tajkertesz.com\/","logo":{"@type":"ImageObject","inLanguage":"en-US","@id":"https:\/\/tajkertesz.com\/#\/schema\/logo\/image\/","url":"https:\/\/tajkertesz.com\/wp-content\/uploads\/2018\/02\/logo-2-e1518678052539.png","contentUrl":"https:\/\/tajkertesz.com\/wp-content\/uploads\/2018\/02\/logo-2-e1518678052539.png","width":81,"height":140,"caption":"T\u00e1j-Kert\u00e9sz 84 Kft."},"image":{"@id":"https:\/\/tajkertesz.com\/#\/schema\/logo\/image\/"},"sameAs":["https:\/\/www.facebook.com\/Tajkertesz\/"]}]}},"_links":{"self":[{"href":"https:\/\/tajkertesz.com\/en_US\/wp-json\/wp\/v2\/product\/19032","targetHints":{"allow":["GET"]}}],"collection":[{"href":"https:\/\/tajkertesz.com\/en_US\/wp-json\/wp\/v2\/product"}],"about":[{"href":"https:\/\/tajkertesz.com\/en_US\/wp-json\/wp\/v2\/types\/product"}],"wp:featuredmedia":[{"embeddable":true,"href":"https:\/\/tajkertesz.com\/en_US\/wp-json\/wp\/v2\/media\/19033"}],"wp:attachment":[{"href":"https:\/\/tajkertesz.com\/en_US\/wp-json\/wp\/v2\/media?parent=19032"}],"wp:term":[{"taxonomy":"product_brand","embeddable":true,"href":"https:\/\/tajkertesz.com\/en_US\/wp-json\/wp\/v2\/product_brand?post=19032"},{"taxonomy":"product_cat","embeddable":true,"href":"https:\/\/tajkertesz.com\/en_US\/wp-json\/wp\/v2\/product_cat?post=19032"},{"taxonomy":"product_tag","embeddable":true,"href":"https:\/\/tajkertesz.com\/en_US\/wp-json\/wp\/v2\/product_tag?post=19032"}],"curies":[{"name":"wp","href":"https:\/\/api.w.org\/{rel}","templated":true}]}}