{"id":19034,"date":"2024-02-01T10:30:14","date_gmt":"2024-02-01T10:30:14","guid":{"rendered":"https:\/\/tajkertesz.com\/?post_type=product&#038;p=19034"},"modified":"2026-02-12T15:36:17","modified_gmt":"2026-02-12T15:36:17","slug":"vadoc-vadriaszto","status":"publish","type":"product","link":"https:\/\/tajkertesz.com\/en_US\/product\/vadoc-vadriaszto\/","title":{"rendered":"Vad\u00f3c vadriaszt\u00f3"},"content":{"rendered":"<h2>Vad\u00f3c vadriaszt\u00f3<\/h2>\n<p>Vad\u00f3c vadriaszt\u00f3<\/p>\n<h2>Param\u00e9terei<\/h2>\n<p style=\"font-weight: 400;\"><b><em>Cikksz\u00e1m<\/em><\/b>: vado2001<\/p>\n<p style=\"font-weight: 400;\"><b><em>Gy\u0171jt\u0151 csomagol\u00e1s<\/em><\/b>: nem<\/p>\n<p style=\"font-weight: 400;\"><b><em>Eltarthat\u00f3s\u00e1g<\/em><\/b>: 2 \u00e9v<\/p>\n<p style=\"font-weight: 400;\"><b><em>Forgalmaz\u00e1si kateg\u00f3ria<\/em><\/b>: III<\/p>\n<h2><i>R\u00f6vid ismertet\u00e9se<\/i><\/h2>\n<p style=\"font-weight: 400;\">10 db-os Vad\u00f3c Vadriaszt\u00f3<\/p>\n<p style=\"font-weight: 400;\">A k\u00e9sz\u00edtm\u00e9ny felhaszn\u00e1lhat\u00f3 a mez\u0151gazdas\u00e1gi kult\u00far\u00e1k v\u00e9delm\u00e9ben \u0151z, szarvas, vaddiszn\u00f3, ny\u00fal \u00e1ltal okozott vadk\u00e1r megakad\u00e1lyoz\u00e1sa v\u00e9gett.<\/p>\n<p style=\"font-weight: 400;\">Javasolt technol\u00f3gia:<\/p>\n<p style=\"font-weight: 400;\">A szaghat\u00e1son alapul\u00f3 vadriaszt\u00e1si elj\u00e1r\u00e1s ter\u00fcletv\u00e9delem, ez\u00e9rt a vesz\u00e9lyeztetett t\u00e1bl\u00e1t minden oldalr\u00f3l meg kell v\u00e9deni. A zacsk\u00f3kat 40-120 cm magass\u00e1gban (a riasztand\u00f3 vad orrmagass\u00e1gban) kifesz\u00edtett zsinegre, ker\u00edt\u00e9sre, f\u00e1kra, bokrokra kell kihelyezni, \u00e1ltal\u00e1ban 6-8 m\u00e9terenk\u00e9nt. A zacsk\u00f3kat kilyukasztani, f\u00f6ldre ledobni nem szabad! A vadv\u00e1lt\u00f3k k\u00f6rny\u00e9k\u00e9n aj\u00e1nlatos a zacsk\u00f3kat s\u0171r\u0171bben rakni.<\/p>\n<p style=\"font-weight: 400;\">Sz\u00fcks\u00e9g eset\u00e9n az egyes komponenseket 14-21 naponta \u00e9rdemes cser\u00e9lni.<\/p>\n<h2>Egy\u00e9b<\/h2>\n<p style=\"font-weight: 400;\"><i>Ez a term\u00e9kle\u00edr\u00e1s t\u00e1j\u00e9koztat\u00f3 jelleg\u0171, a k\u00e9sz\u00edtm\u00e9ny felhaszn\u00e1l\u00e1sa el\u0151tt olvassa el a c\u00edmk\u00e9ken tal\u00e1lhat\u00f3 haszn\u00e1lati utas\u00edt\u00e1st!<\/i><\/p>\n<p>El\u00e9rhet\u0151 t\u00f6bbf\u00e9le m\u00e9retben \u00e9s \u00e1rban.<\/p>\n<p><strong>K\u00e9szlet\u00fcnk napi szinten v\u00e1ltozik, ez\u00e9rt k\u00e9rj\u00fck, \u00e9rdekl\u0151dj\u00f6n szem\u00e9lyesen, telefonon vagy email-en.<br \/>\nA v\u00e1ltoztat\u00e1s jog\u00e1t fenntartjuk!\u00a0<\/strong><\/p>\n<p><a href=\"https:\/\/tajkertesz.com\/\">https:\/\/tajkertesz.com\/<\/a><\/p>\n<p><a href=\"https:\/\/www.facebook.com\/tajkertesz\/\">https:\/\/www.facebook.com\/tajkertesz\/<\/a><\/p>\n<p>Kisz\u00e1ll\u00edt\u00e1s: 200cm-ig \u00a0\u00e9s 40 kg-ig a sz\u00e1ll\u00edt\u00e1s fut\u00e1rszolg\u00e1lattal \u00a0t\u00f6rt\u00e9nik.<\/p>\n<p>Szem\u00e9lyes \u00e1tv\u00e9tel nyitvatart\u00e1si id\u0151ben a 17. ker\u00fclet Bakancsos utca 7. sz\u00e1m alatti Kert\u00e9szeti \u00e1rud\u00e1ban.<\/p>\n<h6 style=\"font-weight: 400;\"><span style=\"color: #ffffff;\">A szaghat\u00e1son alapul\u00f3 vadriaszt\u00e1si elj\u00e1r\u00e1s ter\u00fcletv\u00e9delem, ez\u00e9rt a vesz\u00e9lyeztetett t\u00e1bl\u00e1t minden oldalr\u00f3l meg kell v\u00e9deni. A zacsk\u00f3kat 40-120 cm magass\u00e1gban (a riasztand\u00f3 vad orrmagass\u00e1gban) kifesz\u00edtett zsinegre, ker\u00edt\u00e9sre, f\u00e1kra, bokrokra kell kihelyezni, \u00e1ltal\u00e1ban 6-8 m\u00e9terenk\u00e9nt. Kert\u00e9szeti Kis-\u00e9s nagykeresked\u00e9s&#8230;<\/span><\/h6>\n<h6><span style=\"color: #ffffff;\">Sz\u00fcks\u00e9g eset\u00e9n az egyes komponenseket 14-21 naponta \u00e9rdemes cser\u00e9lni.<\/span><\/h6>","protected":false},"excerpt":{"rendered":"<h2>Vad\u00f3c vadriaszt\u00f3<\/h2>\n<p><span style=\"color: #ff0000;\"><strong>Ezt a term\u00e9ket csak rendel\u00e9sre tudjuk teljes\u00edteni, nincs k\u00e9szleten, beszerz\u00e9se 1-2nap!<\/strong><\/span><\/p>\n<p>A k\u00e9sz\u00edtm\u00e9ny felhaszn\u00e1lhat\u00f3 a mez\u0151gazdas\u00e1gi kult\u00far\u00e1k v\u00e9delm\u00e9ben \u0151z, szarvas, vaddiszn\u00f3, ny\u00fal \u00e1ltal okozott vadk\u00e1r megakad\u00e1lyoz\u00e1sa v\u00e9gett.<\/p>\n<p><strong>K\u00e9szlet\u00fcnk napi szinten v\u00e1ltozik, ez\u00e9rt k\u00e9rj\u00fck, \u00e9rdekl\u0151dj\u00f6n szem\u00e9lyesen, telefonon vagy email-en.<br \/>\nA v\u00e1ltoztat\u00e1s jog\u00e1t fenntartjuk!\u00a0<\/strong><\/p>\n<h3 align=\"justify\">Kiz\u00e1r\u00f3lag szem\u00e9lyes \u00e1tv\u00e9tellel lehets\u00e9ges a term\u00e9k megv\u00e1s\u00e1rl\u00e1sa!<\/h3>","protected":false},"featured_media":19035,"template":"","meta":{"_et_pb_use_builder":"","_et_pb_old_content":"","_et_gb_content_width":""},"product_brand":[],"product_cat":[4830],"product_tag":[4835,4836,4833,4834,4831],"class_list":{"0":"post-19034","1":"product","2":"type-product","3":"status-publish","4":"has-post-thumbnail","6":"product_cat-vadriaszto-szerek","7":"product_tag-oz","8":"product_tag-szarvas","9":"product_tag-tavoltarto","10":"product_tag-vadoc","11":"product_tag-vadriaszto","13":"first","14":"outofstock","15":"shipping-taxable","16":"product-type-simple"},"yoast_head":"<!-- This site is optimized with the Yoast SEO plugin v27.6 - https:\/\/yoast.com\/product\/yoast-seo-wordpress\/ -->\n<title>Vad\u00f3c vadriaszt\u00f3 - T\u00e1jkert\u00e9sz<\/title>\n<meta name=\"description\" content=\"Vad\u00f3c vadriaszt\u00f3. A k\u00e9sz\u00edtm\u00e9ny felhaszn\u00e1lhat\u00f3 a mez\u0151gazdas\u00e1gi kult\u00far\u00e1k v\u00e9delm\u00e9ben \u0151z, szarvas, vaddiszn\u00f3, ny\u00fal \u00e1ltal okozott vadk\u00e1r megakad\u00e1lyoz\u00e1sa v\u00e9gett.\" \/>\n<meta name=\"robots\" content=\"index, follow, max-snippet:-1, max-image-preview:large, max-video-preview:-1\" \/>\n<link rel=\"canonical\" href=\"https:\/\/tajkertesz.com\/en_US\/product\/vadoc-vadriaszto\/\" \/>\n<meta property=\"og:locale\" content=\"en_US\" \/>\n<meta property=\"og:type\" content=\"article\" \/>\n<meta property=\"og:title\" content=\"Vad\u00f3c vadriaszt\u00f3 - T\u00e1jkert\u00e9sz\" \/>\n<meta property=\"og:description\" content=\"Vad\u00f3c vadriaszt\u00f3. A k\u00e9sz\u00edtm\u00e9ny felhaszn\u00e1lhat\u00f3 a mez\u0151gazdas\u00e1gi kult\u00far\u00e1k v\u00e9delm\u00e9ben \u0151z, szarvas, vaddiszn\u00f3, ny\u00fal \u00e1ltal okozott vadk\u00e1r megakad\u00e1lyoz\u00e1sa v\u00e9gett.\" \/>\n<meta property=\"og:url\" content=\"https:\/\/tajkertesz.com\/en_US\/product\/vadoc-vadriaszto\/\" \/>\n<meta property=\"og:site_name\" content=\"T\u00e1jkert\u00e9sz\" \/>\n<meta property=\"article:publisher\" content=\"https:\/\/www.facebook.com\/Tajkertesz\/\" \/>\n<meta property=\"article:modified_time\" content=\"2026-02-12T15:36:17+00:00\" \/>\n<meta property=\"og:image\" content=\"https:\/\/tajkertesz.com\/wp-content\/uploads\/2024\/02\/vado2001.jpg\" \/>\n\t<meta property=\"og:image:width\" content=\"940\" \/>\n\t<meta property=\"og:image:height\" content=\"788\" \/>\n\t<meta property=\"og:image:type\" content=\"image\/jpeg\" \/>\n<meta name=\"twitter:card\" content=\"summary_large_image\" \/>\n<meta name=\"twitter:label1\" content=\"Est. reading time\" \/>\n\t<meta name=\"twitter:data1\" content=\"2 minutes\" \/>\n<script type=\"application\/ld+json\" class=\"yoast-schema-graph\">{\"@context\":\"https:\\\/\\\/schema.org\",\"@graph\":[{\"@type\":\"WebPage\",\"@id\":\"https:\\\/\\\/tajkertesz.com\\\/termek\\\/vadoc-vadriaszto\\\/\",\"url\":\"https:\\\/\\\/tajkertesz.com\\\/termek\\\/vadoc-vadriaszto\\\/\",\"name\":\"Vad\u00f3c vadriaszt\u00f3 - T\u00e1jkert\u00e9sz\",\"isPartOf\":{\"@id\":\"https:\\\/\\\/tajkertesz.com\\\/#website\"},\"primaryImageOfPage\":{\"@id\":\"https:\\\/\\\/tajkertesz.com\\\/termek\\\/vadoc-vadriaszto\\\/#primaryimage\"},\"image\":{\"@id\":\"https:\\\/\\\/tajkertesz.com\\\/termek\\\/vadoc-vadriaszto\\\/#primaryimage\"},\"thumbnailUrl\":\"https:\\\/\\\/tajkertesz.com\\\/wp-content\\\/uploads\\\/2024\\\/02\\\/vado2001.jpg\",\"datePublished\":\"2024-02-01T10:30:14+00:00\",\"dateModified\":\"2026-02-12T15:36:17+00:00\",\"description\":\"Vad\u00f3c vadriaszt\u00f3. A k\u00e9sz\u00edtm\u00e9ny felhaszn\u00e1lhat\u00f3 a mez\u0151gazdas\u00e1gi kult\u00far\u00e1k v\u00e9delm\u00e9ben \u0151z, szarvas, vaddiszn\u00f3, ny\u00fal \u00e1ltal okozott vadk\u00e1r megakad\u00e1lyoz\u00e1sa v\u00e9gett.\",\"breadcrumb\":{\"@id\":\"https:\\\/\\\/tajkertesz.com\\\/termek\\\/vadoc-vadriaszto\\\/#breadcrumb\"},\"inLanguage\":\"en-US\",\"potentialAction\":[{\"@type\":\"ReadAction\",\"target\":[\"https:\\\/\\\/tajkertesz.com\\\/termek\\\/vadoc-vadriaszto\\\/\"]}]},{\"@type\":\"ImageObject\",\"inLanguage\":\"en-US\",\"@id\":\"https:\\\/\\\/tajkertesz.com\\\/termek\\\/vadoc-vadriaszto\\\/#primaryimage\",\"url\":\"https:\\\/\\\/tajkertesz.com\\\/wp-content\\\/uploads\\\/2024\\\/02\\\/vado2001.jpg\",\"contentUrl\":\"https:\\\/\\\/tajkertesz.com\\\/wp-content\\\/uploads\\\/2024\\\/02\\\/vado2001.jpg\",\"width\":940,\"height\":788},{\"@type\":\"BreadcrumbList\",\"@id\":\"https:\\\/\\\/tajkertesz.com\\\/termek\\\/vadoc-vadriaszto\\\/#breadcrumb\",\"itemListElement\":[{\"@type\":\"ListItem\",\"position\":1,\"name\":\"Home\",\"item\":\"https:\\\/\\\/tajkertesz.com\\\/\"},{\"@type\":\"ListItem\",\"position\":2,\"name\":\"Kezd\u0151lap\",\"item\":\"https:\\\/\\\/tajkertesz.com\\\/\"},{\"@type\":\"ListItem\",\"position\":3,\"name\":\"Vad\u00f3c vadriaszt\u00f3\"}]},{\"@type\":\"WebSite\",\"@id\":\"https:\\\/\\\/tajkertesz.com\\\/#website\",\"url\":\"https:\\\/\\\/tajkertesz.com\\\/\",\"name\":\"T\u00e1j-Kert\u00e9sz 84 Kft.\",\"description\":\"Kert\u00e9szeti kis- \u00e9s nagykeresked\u00e9s, D\u00edszn\u00f6v\u00e9ny web\u00e1ruh\u00e1z orsz\u00e1gos h\u00e1zhozsz\u00e1ll\u00edt\u00e1ssal!\",\"publisher\":{\"@id\":\"https:\\\/\\\/tajkertesz.com\\\/#organization\"},\"potentialAction\":[{\"@type\":\"SearchAction\",\"target\":{\"@type\":\"EntryPoint\",\"urlTemplate\":\"https:\\\/\\\/tajkertesz.com\\\/?s={search_term_string}\"},\"query-input\":{\"@type\":\"PropertyValueSpecification\",\"valueRequired\":true,\"valueName\":\"search_term_string\"}}],\"inLanguage\":\"en-US\"},{\"@type\":\"Organization\",\"@id\":\"https:\\\/\\\/tajkertesz.com\\\/#organization\",\"name\":\"T\u00e1j-Kert\u00e9sz 84 Kft.\",\"url\":\"https:\\\/\\\/tajkertesz.com\\\/\",\"logo\":{\"@type\":\"ImageObject\",\"inLanguage\":\"en-US\",\"@id\":\"https:\\\/\\\/tajkertesz.com\\\/#\\\/schema\\\/logo\\\/image\\\/\",\"url\":\"https:\\\/\\\/tajkertesz.com\\\/wp-content\\\/uploads\\\/2018\\\/02\\\/logo-2-e1518678052539.png\",\"contentUrl\":\"https:\\\/\\\/tajkertesz.com\\\/wp-content\\\/uploads\\\/2018\\\/02\\\/logo-2-e1518678052539.png\",\"width\":81,\"height\":140,\"caption\":\"T\u00e1j-Kert\u00e9sz 84 Kft.\"},\"image\":{\"@id\":\"https:\\\/\\\/tajkertesz.com\\\/#\\\/schema\\\/logo\\\/image\\\/\"},\"sameAs\":[\"https:\\\/\\\/www.facebook.com\\\/Tajkertesz\\\/\"]}]}<\/script>\n<!-- \/ Yoast SEO plugin. -->","yoast_head_json":{"title":"Vad\u00f3c vadriaszt\u00f3 - T\u00e1jkert\u00e9sz","description":"Vad\u00f3c vadriaszt\u00f3. A k\u00e9sz\u00edtm\u00e9ny felhaszn\u00e1lhat\u00f3 a mez\u0151gazdas\u00e1gi kult\u00far\u00e1k v\u00e9delm\u00e9ben \u0151z, szarvas, vaddiszn\u00f3, ny\u00fal \u00e1ltal okozott vadk\u00e1r megakad\u00e1lyoz\u00e1sa v\u00e9gett.","robots":{"index":"index","follow":"follow","max-snippet":"max-snippet:-1","max-image-preview":"max-image-preview:large","max-video-preview":"max-video-preview:-1"},"canonical":"https:\/\/tajkertesz.com\/en_US\/product\/vadoc-vadriaszto\/","og_locale":"en_US","og_type":"article","og_title":"Vad\u00f3c vadriaszt\u00f3 - T\u00e1jkert\u00e9sz","og_description":"Vad\u00f3c vadriaszt\u00f3. A k\u00e9sz\u00edtm\u00e9ny felhaszn\u00e1lhat\u00f3 a mez\u0151gazdas\u00e1gi kult\u00far\u00e1k v\u00e9delm\u00e9ben \u0151z, szarvas, vaddiszn\u00f3, ny\u00fal \u00e1ltal okozott vadk\u00e1r megakad\u00e1lyoz\u00e1sa v\u00e9gett.","og_url":"https:\/\/tajkertesz.com\/en_US\/product\/vadoc-vadriaszto\/","og_site_name":"T\u00e1jkert\u00e9sz","article_publisher":"https:\/\/www.facebook.com\/Tajkertesz\/","article_modified_time":"2026-02-12T15:36:17+00:00","og_image":[{"width":940,"height":788,"url":"https:\/\/tajkertesz.com\/wp-content\/uploads\/2024\/02\/vado2001.jpg","type":"image\/jpeg"}],"twitter_card":"summary_large_image","twitter_misc":{"Est. reading time":"2 minutes"},"schema":{"@context":"https:\/\/schema.org","@graph":[{"@type":"WebPage","@id":"https:\/\/tajkertesz.com\/termek\/vadoc-vadriaszto\/","url":"https:\/\/tajkertesz.com\/termek\/vadoc-vadriaszto\/","name":"Vad\u00f3c vadriaszt\u00f3 - T\u00e1jkert\u00e9sz","isPartOf":{"@id":"https:\/\/tajkertesz.com\/#website"},"primaryImageOfPage":{"@id":"https:\/\/tajkertesz.com\/termek\/vadoc-vadriaszto\/#primaryimage"},"image":{"@id":"https:\/\/tajkertesz.com\/termek\/vadoc-vadriaszto\/#primaryimage"},"thumbnailUrl":"https:\/\/tajkertesz.com\/wp-content\/uploads\/2024\/02\/vado2001.jpg","datePublished":"2024-02-01T10:30:14+00:00","dateModified":"2026-02-12T15:36:17+00:00","description":"Vad\u00f3c vadriaszt\u00f3. A k\u00e9sz\u00edtm\u00e9ny felhaszn\u00e1lhat\u00f3 a mez\u0151gazdas\u00e1gi kult\u00far\u00e1k v\u00e9delm\u00e9ben \u0151z, szarvas, vaddiszn\u00f3, ny\u00fal \u00e1ltal okozott vadk\u00e1r megakad\u00e1lyoz\u00e1sa v\u00e9gett.","breadcrumb":{"@id":"https:\/\/tajkertesz.com\/termek\/vadoc-vadriaszto\/#breadcrumb"},"inLanguage":"en-US","potentialAction":[{"@type":"ReadAction","target":["https:\/\/tajkertesz.com\/termek\/vadoc-vadriaszto\/"]}]},{"@type":"ImageObject","inLanguage":"en-US","@id":"https:\/\/tajkertesz.com\/termek\/vadoc-vadriaszto\/#primaryimage","url":"https:\/\/tajkertesz.com\/wp-content\/uploads\/2024\/02\/vado2001.jpg","contentUrl":"https:\/\/tajkertesz.com\/wp-content\/uploads\/2024\/02\/vado2001.jpg","width":940,"height":788},{"@type":"BreadcrumbList","@id":"https:\/\/tajkertesz.com\/termek\/vadoc-vadriaszto\/#breadcrumb","itemListElement":[{"@type":"ListItem","position":1,"name":"Home","item":"https:\/\/tajkertesz.com\/"},{"@type":"ListItem","position":2,"name":"Kezd\u0151lap","item":"https:\/\/tajkertesz.com\/"},{"@type":"ListItem","position":3,"name":"Vad\u00f3c vadriaszt\u00f3"}]},{"@type":"WebSite","@id":"https:\/\/tajkertesz.com\/#website","url":"https:\/\/tajkertesz.com\/","name":"T\u00e1j-Kert\u00e9sz 84 Kft.","description":"Kert\u00e9szeti kis- \u00e9s nagykeresked\u00e9s, D\u00edszn\u00f6v\u00e9ny web\u00e1ruh\u00e1z orsz\u00e1gos h\u00e1zhozsz\u00e1ll\u00edt\u00e1ssal!","publisher":{"@id":"https:\/\/tajkertesz.com\/#organization"},"potentialAction":[{"@type":"SearchAction","target":{"@type":"EntryPoint","urlTemplate":"https:\/\/tajkertesz.com\/?s={search_term_string}"},"query-input":{"@type":"PropertyValueSpecification","valueRequired":true,"valueName":"search_term_string"}}],"inLanguage":"en-US"},{"@type":"Organization","@id":"https:\/\/tajkertesz.com\/#organization","name":"T\u00e1j-Kert\u00e9sz 84 Kft.","url":"https:\/\/tajkertesz.com\/","logo":{"@type":"ImageObject","inLanguage":"en-US","@id":"https:\/\/tajkertesz.com\/#\/schema\/logo\/image\/","url":"https:\/\/tajkertesz.com\/wp-content\/uploads\/2018\/02\/logo-2-e1518678052539.png","contentUrl":"https:\/\/tajkertesz.com\/wp-content\/uploads\/2018\/02\/logo-2-e1518678052539.png","width":81,"height":140,"caption":"T\u00e1j-Kert\u00e9sz 84 Kft."},"image":{"@id":"https:\/\/tajkertesz.com\/#\/schema\/logo\/image\/"},"sameAs":["https:\/\/www.facebook.com\/Tajkertesz\/"]}]}},"_links":{"self":[{"href":"https:\/\/tajkertesz.com\/en_US\/wp-json\/wp\/v2\/product\/19034","targetHints":{"allow":["GET"]}}],"collection":[{"href":"https:\/\/tajkertesz.com\/en_US\/wp-json\/wp\/v2\/product"}],"about":[{"href":"https:\/\/tajkertesz.com\/en_US\/wp-json\/wp\/v2\/types\/product"}],"wp:featuredmedia":[{"embeddable":true,"href":"https:\/\/tajkertesz.com\/en_US\/wp-json\/wp\/v2\/media\/19035"}],"wp:attachment":[{"href":"https:\/\/tajkertesz.com\/en_US\/wp-json\/wp\/v2\/media?parent=19034"}],"wp:term":[{"taxonomy":"product_brand","embeddable":true,"href":"https:\/\/tajkertesz.com\/en_US\/wp-json\/wp\/v2\/product_brand?post=19034"},{"taxonomy":"product_cat","embeddable":true,"href":"https:\/\/tajkertesz.com\/en_US\/wp-json\/wp\/v2\/product_cat?post=19034"},{"taxonomy":"product_tag","embeddable":true,"href":"https:\/\/tajkertesz.com\/en_US\/wp-json\/wp\/v2\/product_tag?post=19034"}],"curies":[{"name":"wp","href":"https:\/\/api.w.org\/{rel}","templated":true}]}}