{"id":19045,"date":"2024-02-01T13:37:02","date_gmt":"2024-02-01T13:37:02","guid":{"rendered":"https:\/\/tajkertesz.com\/?post_type=product&#038;p=19045"},"modified":"2026-02-12T15:35:32","modified_gmt":"2026-02-12T15:35:32","slug":"armetil-ridomil-gold-plus-c-200g","status":"publish","type":"product","link":"https:\/\/tajkertesz.com\/en_US\/product\/armetil-ridomil-gold-plus-c-200g\/","title":{"rendered":"Armetil\/Ridomil Gold Plus C 200g"},"content":{"rendered":"<h2>Armetil\/Ridomil Gold Plus C 200g<\/h2>\n<p>Armetil\/Ridomil Gold Plus C 200g<\/p>\n<p>(A k\u00e9sz\u00edtm\u00e9ny hasonl\u00f3 \u00f6sszet\u00e9tel\u0171 mint a j\u00f3l ismert Ridomil Gold Plus.<strong>)<\/strong><\/p>\n<p><strong>Felsz\u00edv\u00f3d\u00f3 + kontakt hat\u00f3anyag\u00fa gomba\u00f6l\u0151 szer peronoszp\u00f3ra ellen.<\/strong><\/p>\n<p><strong>H\u00e1zikerti adagol\u00e1sa: 3 dkg\u00a0\/ 10 liter permetl\u00e9<\/strong><\/p>\n<p><strong>Hat\u00f3anyag:\u00a080 g\/kg metalaxil + 702 g\/kg r\u00e9z-oxiklorid<\/strong><\/p>\n<p>&nbsp;<\/p>\n<div class=\"product-intro__text-wrapper\">\n<p>Peronoszp\u00f3ra elleni k\u00e9sz\u00edtm\u00e9ny mindk\u00e9t hat\u00f3anyag j\u00f3l bev\u00e1lt kombin\u00e1ci\u00f3t k\u00e9pez az intenz\u00edv n\u00f6veked\u00e9si id\u0151szakban \u00e9s nagy fert\u0151z\u00e9si nyom\u00e1s eset\u00e9n is.<\/p>\n<p>Sz\u0151l\u0151ben\u00a0peronoszp\u00f3ra ellen a k\u00e9sz\u00edtm\u00e9nnyel v\u00e9gzett kezel\u00e9seket, permetez\u00e9si programba illesztve, a fert\u0151z\u00e9svesz\u00e9lyes id\u0151szakban, el\u0151rejelz\u00e9sre alapozottan megel\u0151z\u0151 jelleggel \u00e1ltal\u00e1ban a hajt\u00e1sok 30-40 cm-es \u00e1llapot\u00e1ban sz\u00fcks\u00e9ges megkezdeni \u00e9s a fert\u0151z\u00e9si nyom\u00e1st\u00f3l f\u00fcgg\u0151en 10-14 nap m\u00falva c\u00e9lszer\u0171 megism\u00e9telni.<\/p>\n<p>Burgony\u00e1ban\u00a0fitoft\u00f3r\u00e1s betegs\u00e9g ellen a permetez\u00e9seket el\u0151rejelz\u00e9sre alapozottan, megel\u0151z\u0151 jelleggel kell megkezdeni, majd a fert\u0151z\u00e9svesz\u00e9ly alakul\u00e1s\u00e1t\u00f3l f\u00fcgg\u0151en 10-14 nap m\u00falva indokolt megism\u00e9telni. Elny\u00falt fert\u0151z\u00e9si id\u0151szakban a tov\u00e1bbi sz\u00fcks\u00e9ges kezel\u00e9seket m\u00e1s hat\u00e1smechanizmus\u00fa k\u00e9sz\u00edtm\u00e9nyekkel kell elv\u00e9gezni.<\/p>\n<p>Hajtatott paradicsomban \u00e9s toj\u00e1sgy\u00fcm\u00f6lcsben\u00a0fitoft\u00f3r\u00e1s betegs\u00e9g ellen a kezel\u00e9seket el\u0151rejelz\u00e9sre alapozottan, megel\u0151z\u0151 jelleggel kell elkezdeni, majd a fert\u0151z\u00e9svesz\u00e9ly alakul\u00e1s\u00e1t\u00f3l f\u00fcgg\u0151en 10-14 nap m\u00falva indokolt megism\u00e9telni. Elny\u00falt fert\u0151z\u00e9si id\u0151szakban a tov\u00e1bbi sz\u00fcks\u00e9ges kezel\u00e9seket m\u00e1s hat\u00e1smechanizmus\u00fa k\u00e9sz\u00edtm\u00e9nyekkel kell elv\u00e9gezni.<\/p>\n<p>El\u00e9rhet\u0151 t\u00f6bbf\u00e9le m\u00e9retben \u00e9s \u00e1rban.<\/p>\n<p><strong>K\u00e9szlet\u00fcnk napi szinten v\u00e1ltozik, ez\u00e9rt k\u00e9rj\u00fck, \u00e9rdekl\u0151dj\u00f6n szem\u00e9lyesen, telefonon vagy email-en.<br \/>\nA v\u00e1ltoztat\u00e1s jog\u00e1t fenntartjuk!\u00a0<\/strong><\/p>\n<p>&nbsp;<\/p>\n<p><a href=\"https:\/\/tajkertesz.com\/\">https:\/\/tajkertesz.com\/<\/a><\/p>\n<p><a href=\"https:\/\/www.facebook.com\/tajkertesz\/\">https:\/\/www.facebook.com\/tajkertesz\/<\/a><\/p>\n<p>Kisz\u00e1ll\u00edt\u00e1s: 200cm-ig \u00a0\u00e9s 40 kg-ig a sz\u00e1ll\u00edt\u00e1s fut\u00e1rszolg\u00e1lattal \u00a0t\u00f6rt\u00e9nik.<\/p>\n<p>Szem\u00e9lyes \u00e1tv\u00e9tel nyitvatart\u00e1si id\u0151ben a 17. ker\u00fclet Bakancsos utca 7. sz\u00e1m alatti Kert\u00e9szeti \u00e1rud\u00e1ban.<\/p>\n<\/div>","protected":false},"excerpt":{"rendered":"<h2>Armetil\/Ridomil Gold Plus C 200g<\/h2>\n<p>(A k\u00e9sz\u00edtm\u00e9ny hasonl\u00f3 \u00f6sszet\u00e9tel\u0171 mint a j\u00f3l ismert Ridomil Gold Plus.<strong>)<\/strong><\/p>\n<p><strong>Felsz\u00edv\u00f3d\u00f3 + kontakt hat\u00f3anyag\u00fa gomba\u00f6l\u0151 szer peronoszp\u00f3ra ellen.<\/strong><\/p>\n<h3 align=\"justify\">Kiz\u00e1r\u00f3lag szem\u00e9lyes \u00e1tv\u00e9tellel lehets\u00e9ges a term\u00e9k megv\u00e1s\u00e1rl\u00e1sa!<\/h3>","protected":false},"featured_media":19046,"template":"","meta":{"_et_pb_use_builder":"","_et_pb_old_content":"","_et_gb_content_width":""},"product_brand":[],"product_cat":[3421],"product_tag":[4837,4756,4840,4740,4841,4839,4771,4838],"class_list":{"0":"post-19045","1":"product","2":"type-product","3":"status-publish","4":"has-post-thumbnail","6":"product_cat-gombaolo-szer","7":"product_tag-armetil","8":"product_tag-felszivodo","9":"product_tag-fitoftora","10":"product_tag-gombaolo","11":"product_tag-kontakt","12":"product_tag-peronoszpora","13":"product_tag-rez","14":"product_tag-ridomil","16":"first","17":"outofstock","18":"shipping-taxable","19":"product-type-simple"},"yoast_head":"<!-- This site is optimized with the Yoast SEO plugin v27.4 - https:\/\/yoast.com\/product\/yoast-seo-wordpress\/ -->\n<title>Armetil\/Ridomil Gold Plus C 200g - T\u00e1jkert\u00e9sz<\/title>\n<meta name=\"description\" content=\"Armetil\/Ridomil Gold Plus C 200gKiz\u00e1r\u00f3lag szem\u00e9lyes \u00e1tv\u00e9tellel lehets\u00e9ges a term\u00e9k megv\u00e1s\u00e1rl\u00e1sa! Kert\u00e9szeti kis-\u00e9s nagykeresked\u00e9s...\" \/>\n<meta name=\"robots\" content=\"index, follow, max-snippet:-1, max-image-preview:large, max-video-preview:-1\" \/>\n<link rel=\"canonical\" href=\"https:\/\/tajkertesz.com\/en_US\/product\/armetil-ridomil-gold-plus-c-200g\/\" \/>\n<meta property=\"og:locale\" content=\"en_US\" \/>\n<meta property=\"og:type\" content=\"article\" \/>\n<meta property=\"og:title\" content=\"Armetil\/Ridomil Gold Plus C 200g - T\u00e1jkert\u00e9sz\" \/>\n<meta property=\"og:description\" content=\"Armetil\/Ridomil Gold Plus C 200gKiz\u00e1r\u00f3lag szem\u00e9lyes \u00e1tv\u00e9tellel lehets\u00e9ges a term\u00e9k megv\u00e1s\u00e1rl\u00e1sa! Kert\u00e9szeti kis-\u00e9s nagykeresked\u00e9s...\" \/>\n<meta property=\"og:url\" content=\"https:\/\/tajkertesz.com\/en_US\/product\/armetil-ridomil-gold-plus-c-200g\/\" \/>\n<meta property=\"og:site_name\" content=\"T\u00e1jkert\u00e9sz\" \/>\n<meta property=\"article:publisher\" content=\"https:\/\/www.facebook.com\/Tajkertesz\/\" \/>\n<meta property=\"article:modified_time\" content=\"2026-02-12T15:35:32+00:00\" \/>\n<meta property=\"og:image\" content=\"https:\/\/tajkertesz.com\/wp-content\/uploads\/2024\/02\/arme4301.jpg\" \/>\n\t<meta property=\"og:image:width\" content=\"940\" \/>\n\t<meta property=\"og:image:height\" content=\"788\" \/>\n\t<meta property=\"og:image:type\" content=\"image\/jpeg\" \/>\n<meta name=\"twitter:card\" content=\"summary_large_image\" \/>\n<meta name=\"twitter:label1\" content=\"Est. reading time\" \/>\n\t<meta name=\"twitter:data1\" content=\"2 minutes\" \/>\n<script type=\"application\/ld+json\" class=\"yoast-schema-graph\">{\"@context\":\"https:\\\/\\\/schema.org\",\"@graph\":[{\"@type\":\"WebPage\",\"@id\":\"https:\\\/\\\/tajkertesz.com\\\/termek\\\/armetil-ridomil-gold-plus-c-200g\\\/\",\"url\":\"https:\\\/\\\/tajkertesz.com\\\/termek\\\/armetil-ridomil-gold-plus-c-200g\\\/\",\"name\":\"Armetil\\\/Ridomil Gold Plus C 200g - T\u00e1jkert\u00e9sz\",\"isPartOf\":{\"@id\":\"https:\\\/\\\/tajkertesz.com\\\/#website\"},\"primaryImageOfPage\":{\"@id\":\"https:\\\/\\\/tajkertesz.com\\\/termek\\\/armetil-ridomil-gold-plus-c-200g\\\/#primaryimage\"},\"image\":{\"@id\":\"https:\\\/\\\/tajkertesz.com\\\/termek\\\/armetil-ridomil-gold-plus-c-200g\\\/#primaryimage\"},\"thumbnailUrl\":\"https:\\\/\\\/tajkertesz.com\\\/wp-content\\\/uploads\\\/2024\\\/02\\\/arme4301.jpg\",\"datePublished\":\"2024-02-01T13:37:02+00:00\",\"dateModified\":\"2026-02-12T15:35:32+00:00\",\"description\":\"Armetil\\\/Ridomil Gold Plus C 200gKiz\u00e1r\u00f3lag szem\u00e9lyes \u00e1tv\u00e9tellel lehets\u00e9ges a term\u00e9k megv\u00e1s\u00e1rl\u00e1sa! Kert\u00e9szeti kis-\u00e9s nagykeresked\u00e9s...\",\"breadcrumb\":{\"@id\":\"https:\\\/\\\/tajkertesz.com\\\/termek\\\/armetil-ridomil-gold-plus-c-200g\\\/#breadcrumb\"},\"inLanguage\":\"en-US\",\"potentialAction\":[{\"@type\":\"ReadAction\",\"target\":[\"https:\\\/\\\/tajkertesz.com\\\/termek\\\/armetil-ridomil-gold-plus-c-200g\\\/\"]}]},{\"@type\":\"ImageObject\",\"inLanguage\":\"en-US\",\"@id\":\"https:\\\/\\\/tajkertesz.com\\\/termek\\\/armetil-ridomil-gold-plus-c-200g\\\/#primaryimage\",\"url\":\"https:\\\/\\\/tajkertesz.com\\\/wp-content\\\/uploads\\\/2024\\\/02\\\/arme4301.jpg\",\"contentUrl\":\"https:\\\/\\\/tajkertesz.com\\\/wp-content\\\/uploads\\\/2024\\\/02\\\/arme4301.jpg\",\"width\":940,\"height\":788},{\"@type\":\"BreadcrumbList\",\"@id\":\"https:\\\/\\\/tajkertesz.com\\\/termek\\\/armetil-ridomil-gold-plus-c-200g\\\/#breadcrumb\",\"itemListElement\":[{\"@type\":\"ListItem\",\"position\":1,\"name\":\"Home\",\"item\":\"https:\\\/\\\/tajkertesz.com\\\/\"},{\"@type\":\"ListItem\",\"position\":2,\"name\":\"Kezd\u0151lap\",\"item\":\"https:\\\/\\\/tajkertesz.com\\\/\"},{\"@type\":\"ListItem\",\"position\":3,\"name\":\"Armetil\\\/Ridomil Gold Plus C 200g\"}]},{\"@type\":\"WebSite\",\"@id\":\"https:\\\/\\\/tajkertesz.com\\\/#website\",\"url\":\"https:\\\/\\\/tajkertesz.com\\\/\",\"name\":\"T\u00e1j-Kert\u00e9sz 84 Kft.\",\"description\":\"Kert\u00e9szeti kis- \u00e9s nagykeresked\u00e9s, D\u00edszn\u00f6v\u00e9ny web\u00e1ruh\u00e1z orsz\u00e1gos h\u00e1zhozsz\u00e1ll\u00edt\u00e1ssal!\",\"publisher\":{\"@id\":\"https:\\\/\\\/tajkertesz.com\\\/#organization\"},\"potentialAction\":[{\"@type\":\"SearchAction\",\"target\":{\"@type\":\"EntryPoint\",\"urlTemplate\":\"https:\\\/\\\/tajkertesz.com\\\/?s={search_term_string}\"},\"query-input\":{\"@type\":\"PropertyValueSpecification\",\"valueRequired\":true,\"valueName\":\"search_term_string\"}}],\"inLanguage\":\"en-US\"},{\"@type\":\"Organization\",\"@id\":\"https:\\\/\\\/tajkertesz.com\\\/#organization\",\"name\":\"T\u00e1j-Kert\u00e9sz 84 Kft.\",\"url\":\"https:\\\/\\\/tajkertesz.com\\\/\",\"logo\":{\"@type\":\"ImageObject\",\"inLanguage\":\"en-US\",\"@id\":\"https:\\\/\\\/tajkertesz.com\\\/#\\\/schema\\\/logo\\\/image\\\/\",\"url\":\"https:\\\/\\\/tajkertesz.com\\\/wp-content\\\/uploads\\\/2018\\\/02\\\/logo-2-e1518678052539.png\",\"contentUrl\":\"https:\\\/\\\/tajkertesz.com\\\/wp-content\\\/uploads\\\/2018\\\/02\\\/logo-2-e1518678052539.png\",\"width\":81,\"height\":140,\"caption\":\"T\u00e1j-Kert\u00e9sz 84 Kft.\"},\"image\":{\"@id\":\"https:\\\/\\\/tajkertesz.com\\\/#\\\/schema\\\/logo\\\/image\\\/\"},\"sameAs\":[\"https:\\\/\\\/www.facebook.com\\\/Tajkertesz\\\/\"]}]}<\/script>\n<!-- \/ Yoast SEO plugin. -->","yoast_head_json":{"title":"Armetil\/Ridomil Gold Plus C 200g - T\u00e1jkert\u00e9sz","description":"Armetil\/Ridomil Gold Plus C 200gKiz\u00e1r\u00f3lag szem\u00e9lyes \u00e1tv\u00e9tellel lehets\u00e9ges a term\u00e9k megv\u00e1s\u00e1rl\u00e1sa! Kert\u00e9szeti kis-\u00e9s nagykeresked\u00e9s...","robots":{"index":"index","follow":"follow","max-snippet":"max-snippet:-1","max-image-preview":"max-image-preview:large","max-video-preview":"max-video-preview:-1"},"canonical":"https:\/\/tajkertesz.com\/en_US\/product\/armetil-ridomil-gold-plus-c-200g\/","og_locale":"en_US","og_type":"article","og_title":"Armetil\/Ridomil Gold Plus C 200g - T\u00e1jkert\u00e9sz","og_description":"Armetil\/Ridomil Gold Plus C 200gKiz\u00e1r\u00f3lag szem\u00e9lyes \u00e1tv\u00e9tellel lehets\u00e9ges a term\u00e9k megv\u00e1s\u00e1rl\u00e1sa! Kert\u00e9szeti kis-\u00e9s nagykeresked\u00e9s...","og_url":"https:\/\/tajkertesz.com\/en_US\/product\/armetil-ridomil-gold-plus-c-200g\/","og_site_name":"T\u00e1jkert\u00e9sz","article_publisher":"https:\/\/www.facebook.com\/Tajkertesz\/","article_modified_time":"2026-02-12T15:35:32+00:00","og_image":[{"width":940,"height":788,"url":"https:\/\/tajkertesz.com\/wp-content\/uploads\/2024\/02\/arme4301.jpg","type":"image\/jpeg"}],"twitter_card":"summary_large_image","twitter_misc":{"Est. reading time":"2 minutes"},"schema":{"@context":"https:\/\/schema.org","@graph":[{"@type":"WebPage","@id":"https:\/\/tajkertesz.com\/termek\/armetil-ridomil-gold-plus-c-200g\/","url":"https:\/\/tajkertesz.com\/termek\/armetil-ridomil-gold-plus-c-200g\/","name":"Armetil\/Ridomil Gold Plus C 200g - T\u00e1jkert\u00e9sz","isPartOf":{"@id":"https:\/\/tajkertesz.com\/#website"},"primaryImageOfPage":{"@id":"https:\/\/tajkertesz.com\/termek\/armetil-ridomil-gold-plus-c-200g\/#primaryimage"},"image":{"@id":"https:\/\/tajkertesz.com\/termek\/armetil-ridomil-gold-plus-c-200g\/#primaryimage"},"thumbnailUrl":"https:\/\/tajkertesz.com\/wp-content\/uploads\/2024\/02\/arme4301.jpg","datePublished":"2024-02-01T13:37:02+00:00","dateModified":"2026-02-12T15:35:32+00:00","description":"Armetil\/Ridomil Gold Plus C 200gKiz\u00e1r\u00f3lag szem\u00e9lyes \u00e1tv\u00e9tellel lehets\u00e9ges a term\u00e9k megv\u00e1s\u00e1rl\u00e1sa! Kert\u00e9szeti kis-\u00e9s nagykeresked\u00e9s...","breadcrumb":{"@id":"https:\/\/tajkertesz.com\/termek\/armetil-ridomil-gold-plus-c-200g\/#breadcrumb"},"inLanguage":"en-US","potentialAction":[{"@type":"ReadAction","target":["https:\/\/tajkertesz.com\/termek\/armetil-ridomil-gold-plus-c-200g\/"]}]},{"@type":"ImageObject","inLanguage":"en-US","@id":"https:\/\/tajkertesz.com\/termek\/armetil-ridomil-gold-plus-c-200g\/#primaryimage","url":"https:\/\/tajkertesz.com\/wp-content\/uploads\/2024\/02\/arme4301.jpg","contentUrl":"https:\/\/tajkertesz.com\/wp-content\/uploads\/2024\/02\/arme4301.jpg","width":940,"height":788},{"@type":"BreadcrumbList","@id":"https:\/\/tajkertesz.com\/termek\/armetil-ridomil-gold-plus-c-200g\/#breadcrumb","itemListElement":[{"@type":"ListItem","position":1,"name":"Home","item":"https:\/\/tajkertesz.com\/"},{"@type":"ListItem","position":2,"name":"Kezd\u0151lap","item":"https:\/\/tajkertesz.com\/"},{"@type":"ListItem","position":3,"name":"Armetil\/Ridomil Gold Plus C 200g"}]},{"@type":"WebSite","@id":"https:\/\/tajkertesz.com\/#website","url":"https:\/\/tajkertesz.com\/","name":"T\u00e1j-Kert\u00e9sz 84 Kft.","description":"Kert\u00e9szeti kis- \u00e9s nagykeresked\u00e9s, D\u00edszn\u00f6v\u00e9ny web\u00e1ruh\u00e1z orsz\u00e1gos h\u00e1zhozsz\u00e1ll\u00edt\u00e1ssal!","publisher":{"@id":"https:\/\/tajkertesz.com\/#organization"},"potentialAction":[{"@type":"SearchAction","target":{"@type":"EntryPoint","urlTemplate":"https:\/\/tajkertesz.com\/?s={search_term_string}"},"query-input":{"@type":"PropertyValueSpecification","valueRequired":true,"valueName":"search_term_string"}}],"inLanguage":"en-US"},{"@type":"Organization","@id":"https:\/\/tajkertesz.com\/#organization","name":"T\u00e1j-Kert\u00e9sz 84 Kft.","url":"https:\/\/tajkertesz.com\/","logo":{"@type":"ImageObject","inLanguage":"en-US","@id":"https:\/\/tajkertesz.com\/#\/schema\/logo\/image\/","url":"https:\/\/tajkertesz.com\/wp-content\/uploads\/2018\/02\/logo-2-e1518678052539.png","contentUrl":"https:\/\/tajkertesz.com\/wp-content\/uploads\/2018\/02\/logo-2-e1518678052539.png","width":81,"height":140,"caption":"T\u00e1j-Kert\u00e9sz 84 Kft."},"image":{"@id":"https:\/\/tajkertesz.com\/#\/schema\/logo\/image\/"},"sameAs":["https:\/\/www.facebook.com\/Tajkertesz\/"]}]}},"_links":{"self":[{"href":"https:\/\/tajkertesz.com\/en_US\/wp-json\/wp\/v2\/product\/19045","targetHints":{"allow":["GET"]}}],"collection":[{"href":"https:\/\/tajkertesz.com\/en_US\/wp-json\/wp\/v2\/product"}],"about":[{"href":"https:\/\/tajkertesz.com\/en_US\/wp-json\/wp\/v2\/types\/product"}],"wp:featuredmedia":[{"embeddable":true,"href":"https:\/\/tajkertesz.com\/en_US\/wp-json\/wp\/v2\/media\/19046"}],"wp:attachment":[{"href":"https:\/\/tajkertesz.com\/en_US\/wp-json\/wp\/v2\/media?parent=19045"}],"wp:term":[{"taxonomy":"product_brand","embeddable":true,"href":"https:\/\/tajkertesz.com\/en_US\/wp-json\/wp\/v2\/product_brand?post=19045"},{"taxonomy":"product_cat","embeddable":true,"href":"https:\/\/tajkertesz.com\/en_US\/wp-json\/wp\/v2\/product_cat?post=19045"},{"taxonomy":"product_tag","embeddable":true,"href":"https:\/\/tajkertesz.com\/en_US\/wp-json\/wp\/v2\/product_tag?post=19045"}],"curies":[{"name":"wp","href":"https:\/\/api.w.org\/{rel}","templated":true}]}}