{"id":19055,"date":"2024-02-02T08:38:12","date_gmt":"2024-02-02T08:38:12","guid":{"rendered":"https:\/\/tajkertesz.com\/?post_type=product&#038;p=19055"},"modified":"2026-02-13T08:58:36","modified_gmt":"2026-02-13T08:58:36","slug":"jegsalata-tarzan-vetomag-2g","status":"publish","type":"product","link":"https:\/\/tajkertesz.com\/en_US\/product\/jegsalata-tarzan-vetomag-2g\/","title":{"rendered":"J\u00e9gsal\u00e1ta Tarzan vet\u0151mag 2g"},"content":{"rendered":"<h1>J\u00e9gsal\u00e1ta Tarzan vet\u0151mag 2g<\/h1>\n<p>J\u00e9gsal\u00e1ta Tarzan vet\u0151mag 2g szabadf\u00f6ldi, helybenvet\u00e9sre aj\u00e1nlott j\u00e9gsal\u00e1ta. Teny\u00e9szideje 80-90 nap. Nagym\u00e9ret\u0171, z\u00e1rt, t\u00f6m\u00f6tt fejet k\u00e9pez, mely el\u00e9rheti az 1 kg \u00e1tlagt\u00f6meget is. Felmagz\u00e1sra nem hajlamos.<\/p>\n<p>A j\u00e9gsal\u00e1ta a fejes sal\u00e1t\u00e1k csal\u00e1dj\u00e1ba, a f\u00e9szkesvir\u00e1gzat\u00faak (Asteraceae) csal\u00e1dj\u00e1ba tartozik.\u00a0 Els\u0151sorban a vastag, feh\u00e9r vagy s\u00e1rg\u00e1s-feh\u00e9r k\u00fcls\u0151 leveleir\u0151l ismerhetj\u00fck fel, amelyeknek j\u00e9gcsap form\u00e1ja van. Belsej\u00e9ben pedig puha, vil\u00e1gosz\u00f6ld, roppan\u00f3s levelek tal\u00e1lhat\u00f3k.A j\u00e9gsal\u00e1ta k\u00f6zepes m\u00e9ret\u0171 n\u00f6v\u00e9ny, \u00e1ltal\u00e1ban 25-30 centim\u00e9ter magasra n\u0151. A levelei szorosan egym\u00e1sra helyezkednek el, \u00e9s egy feszes, g\u00f6mb alakot alkotnak.\u00a0A j\u00e9gsal\u00e1ta legink\u00e1bb h\u0171v\u00f6s \u00e9ghajlaton terem. A termeszt\u00e9se viszonylag egyszer\u0171, \u00e9s a sal\u00e1ta gyorsan n\u00f6vekszik,\u00a0 megfelel\u0151 v\u00edz- \u00e9s t\u00e1panyagell\u00e1t\u00e1st mellett.A levelek k\u00f6nny\u0171ek, ropog\u00f3sak \u00e9s enyh\u00e9n \u00e9des \u00edz\u0171ek. Gyakran haszn\u00e1lj\u00e1k sal\u00e1t\u00e1khoz, szendvicsekhez \u00e9s m\u00e1s hideg \u00e9telekhez.<\/p>\n<p>A j\u00e9gsal\u00e1ta t\u00e1pl\u00e1l\u00f3, alacsony kal\u00f3riatartalm\u00fa z\u00f6lds\u00e9g. Gazdag v\u00edztartalm\u00e1ban, \u00e9s bizonyos mennyis\u00e9g\u0171 vitaminokat \u00e9s \u00e1sv\u00e1nyi anyagokat tartalmaz, p\u00e9ld\u00e1ul A-, K- \u00e9s C-vitamint, valamint k\u00e1liumot \u00e9s vasat.<\/p>\n<p>Magvet\u00e9s: M\u00e1rcius eleji ki\u00fcltet\u00e9sre febru\u00e1r m\u00e1sodik fel\u00e9ben kezdhetj\u00fck meg a pal\u00e1ntanevel\u00e9st. T\u00f6lts\u00fcnk meg cserepeket, l\u00e1d\u00e1kat j\u00f3 szerkezet\u0171, szobah\u0151m\u00e9rs\u00e9klet\u0171 f\u00f6lddel. Sz\u00f3rjuk a f\u00f6ld felsz\u00edn\u00e9re a magokat \u00e9s nyomkodjuk a f\u00f6ldh\u00f6z \u0151ket. A cs\u00edr\u00e1z\u00e1shoz f\u00e9ny, nedvess\u00e9g \u00e9s kellemesen p\u00e1r\u00e1s k\u00f6rnyezet sz\u00fcks\u00e9ges, ut\u00f3bbit \u00fcveglappal biztos\u00edthatjuk. Amint kikeltek a magok, vigy\u00fck a cserepeket napos helyre, p\u00e9ld\u00e1ul az ablakba \u00e9s tartsuk nedvesen a pal\u00e1nt\u00e1k f\u00f6ldj\u00e9t. M\u00e1rcius elej\u00e9n \u00fcltess\u00fck ki a szabadba \u0151ket.<\/p>\n<p>\u00dcltet\u00e9se: A j\u00e9gsal\u00e1ta napos helyen fejl\u0151dik a legjobban, ez\u00e9rt v\u00e1lasszunk olyan helyet ahol k\u00f6zvetlen napf\u00e9ny \u00e9ri. Az \u00e1rny\u00e9kos ter\u00fcletek nem ide\u00e1lisak sz\u00e1m\u00e1ra.<\/p>\n<p>J\u00f3l fejl\u0151dik laza, j\u00f3 v\u00edzelvezet\u00e9ssel rendelkez\u0151 talajban. A talajt laz\u00edtsuk fel \u00e9s keverj\u00fcnk bele komposztot vagy \u00e9rett tr\u00e1gy\u00e1t.<\/p>\n<p>30-40 cm-re \u00fcltess\u00fck egym\u00e1st\u00f3l a n\u00f6v\u00e9nyeket.\u00a0\u00a0\u00d6nt\u00f6zz\u00fck rendszeresen, a talaj legyen mindig nedves, de ne \u00f6nt\u00f6zz\u00fck t\u00fal.<\/p>\n<p>Betakar\u00edt\u00e1s: A j\u00e9gsal\u00e1t\u00e1t \u00e1ltal\u00e1ban akkor lehet betakar\u00edtani, amikor a fejek megszil\u00e1rdulnak \u00e9s megfelel\u0151 m\u00e9ret\u0171ek lesznek.<\/p>\n<table>\n<tbody>\n<tr>\n<td colspan=\"2\"><strong>K\u00e9szlet\u00fcnk napi szinten v\u00e1ltozik, ez\u00e9rt k\u00e9rj\u00fck, \u00e9rdekl\u0151dj\u00f6n szem\u00e9lyesen, telefonon vagy email-en.<br \/>\nA v\u00e1ltoztat\u00e1s jog\u00e1t fenntartjuk!\u00a0<\/strong><a href=\"https:\/\/tajkertesz.com\/\">https:\/\/tajkertesz.com\/<\/a><a href=\"https:\/\/www.facebook.com\/tajkertesz\/\">https:\/\/www.facebook.com\/tajkertesz\/<\/a><\/p>\n<p>Kisz\u00e1ll\u00edt\u00e1s: 200cm-ig \u00a0\u00e9s 40 kg-ig a sz\u00e1ll\u00edt\u00e1s fut\u00e1rszolg\u00e1lattal \u00a0t\u00f6rt\u00e9nik!<\/p>\n<p>Szem\u00e9lyes \u00e1tv\u00e9tel nyitvatart\u00e1si id\u0151ben a 17. ker\u00fclet Bakancsos utca 7. sz\u00e1m alatti Kert\u00e9szeti \u00e1rud\u00e1ban<\/p>\n<p>&nbsp;<\/p>\n<p>Szem\u00e9lyes \u00e1tv\u00e9tel ak\u00e1r a mai napon, vagy h\u00e1zhozsz\u00e1ll\u00edt\u00e1s 1-2 napon bel\u00fcl!<\/p>\n<p>&nbsp;<\/p>\n<p>1173.Bp.Bakancsos u.7.<\/p>\n<p><a href=\"https:\/\/www.tajkertesz.com\/\">www.tajkertesz.com<\/a><\/p>\n<p>Kert\u00e9szeti kis-\u00e9s nagykeresked\u00e9s<\/td>\n<\/tr>\n<\/tbody>\n<\/table>\n<p>&nbsp;<\/p>","protected":false},"excerpt":{"rendered":"<h1>J\u00e9gsal\u00e1ta Tarzan vet\u0151mag 2g<\/h1>\n<p>J\u00e9gsal\u00e1ta Tarzan vet\u0151mag 2g szabadf\u00f6ldi, helybenvet\u00e9sre aj\u00e1nlott j\u00e9gsal\u00e1ta. Teny\u00e9szideje 80-90 nap. Nagym\u00e9ret\u0171, z\u00e1rt, t\u00f6m\u00f6tt fejet k\u00e9pez, mely el\u00e9rheti az 1 kg \u00e1tlagt\u00f6meget is. Felmagz\u00e1sra nem hajlamos.<\/p>","protected":false},"featured_media":19056,"template":"","meta":{"_et_pb_use_builder":"","_et_pb_old_content":"","_et_gb_content_width":""},"product_brand":[],"product_cat":[2881],"product_tag":[1248,4115,4138],"class_list":{"0":"post-19055","1":"product","2":"type-product","3":"status-publish","4":"has-post-thumbnail","6":"product_cat-zoldsegnoveny-vetomagok","7":"product_tag-salata","8":"product_tag-vetomag","9":"product_tag-vetomagok","11":"first","12":"instock","13":"shipping-taxable","14":"purchasable","15":"product-type-simple"},"yoast_head":"<!-- This site is optimized with the Yoast SEO plugin v27.4 - https:\/\/yoast.com\/product\/yoast-seo-wordpress\/ -->\n<title>J\u00e9gsal\u00e1ta Tarzan vet\u0151mag 2g - T\u00e1jkert\u00e9sz<\/title>\n<meta name=\"description\" content=\"J\u00e9gsal\u00e1ta Tarzan vet\u0151mag 2g szabadf\u00f6ldi, helybenvet\u00e9sre aj\u00e1nlott j\u00e9gsal\u00e1ta. Nagym\u00e9ret\u0171, z\u00e1rt, t\u00f6m\u00f6tt fejet k\u00e9pez, mely el\u00e9rheti az 1 kg \u00e1tlagt\u00f6meget is.\" \/>\n<meta name=\"robots\" content=\"index, follow, max-snippet:-1, max-image-preview:large, max-video-preview:-1\" \/>\n<link rel=\"canonical\" href=\"https:\/\/tajkertesz.com\/en_US\/product\/jegsalata-tarzan-vetomag-2g\/\" \/>\n<meta property=\"og:locale\" content=\"en_US\" \/>\n<meta property=\"og:type\" content=\"article\" \/>\n<meta property=\"og:title\" content=\"J\u00e9gsal\u00e1ta Tarzan vet\u0151mag 2g - T\u00e1jkert\u00e9sz\" \/>\n<meta property=\"og:description\" content=\"J\u00e9gsal\u00e1ta Tarzan vet\u0151mag 2g szabadf\u00f6ldi, helybenvet\u00e9sre aj\u00e1nlott j\u00e9gsal\u00e1ta. Nagym\u00e9ret\u0171, z\u00e1rt, t\u00f6m\u00f6tt fejet k\u00e9pez, mely el\u00e9rheti az 1 kg \u00e1tlagt\u00f6meget is.\" \/>\n<meta property=\"og:url\" content=\"https:\/\/tajkertesz.com\/en_US\/product\/jegsalata-tarzan-vetomag-2g\/\" \/>\n<meta property=\"og:site_name\" content=\"T\u00e1jkert\u00e9sz\" \/>\n<meta property=\"article:publisher\" content=\"https:\/\/www.facebook.com\/Tajkertesz\/\" \/>\n<meta property=\"article:modified_time\" content=\"2026-02-13T08:58:36+00:00\" \/>\n<meta property=\"og:image\" content=\"https:\/\/tajkertesz.com\/wp-content\/uploads\/2024\/02\/OIP.jpg\" \/>\n\t<meta property=\"og:image:width\" content=\"331\" \/>\n\t<meta property=\"og:image:height\" content=\"600\" \/>\n\t<meta property=\"og:image:type\" content=\"image\/jpeg\" \/>\n<meta name=\"twitter:card\" content=\"summary_large_image\" \/>\n<meta name=\"twitter:label1\" content=\"Est. reading time\" \/>\n\t<meta name=\"twitter:data1\" content=\"3 minutes\" \/>\n<script type=\"application\/ld+json\" class=\"yoast-schema-graph\">{\"@context\":\"https:\\\/\\\/schema.org\",\"@graph\":[{\"@type\":\"WebPage\",\"@id\":\"https:\\\/\\\/tajkertesz.com\\\/termek\\\/jegsalata-tarzan-vetomag-2g\\\/\",\"url\":\"https:\\\/\\\/tajkertesz.com\\\/termek\\\/jegsalata-tarzan-vetomag-2g\\\/\",\"name\":\"J\u00e9gsal\u00e1ta Tarzan vet\u0151mag 2g - T\u00e1jkert\u00e9sz\",\"isPartOf\":{\"@id\":\"https:\\\/\\\/tajkertesz.com\\\/#website\"},\"primaryImageOfPage\":{\"@id\":\"https:\\\/\\\/tajkertesz.com\\\/termek\\\/jegsalata-tarzan-vetomag-2g\\\/#primaryimage\"},\"image\":{\"@id\":\"https:\\\/\\\/tajkertesz.com\\\/termek\\\/jegsalata-tarzan-vetomag-2g\\\/#primaryimage\"},\"thumbnailUrl\":\"https:\\\/\\\/tajkertesz.com\\\/wp-content\\\/uploads\\\/2024\\\/02\\\/OIP.jpg\",\"datePublished\":\"2024-02-02T08:38:12+00:00\",\"dateModified\":\"2026-02-13T08:58:36+00:00\",\"description\":\"J\u00e9gsal\u00e1ta Tarzan vet\u0151mag 2g szabadf\u00f6ldi, helybenvet\u00e9sre aj\u00e1nlott j\u00e9gsal\u00e1ta. Nagym\u00e9ret\u0171, z\u00e1rt, t\u00f6m\u00f6tt fejet k\u00e9pez, mely el\u00e9rheti az 1 kg \u00e1tlagt\u00f6meget is.\",\"breadcrumb\":{\"@id\":\"https:\\\/\\\/tajkertesz.com\\\/termek\\\/jegsalata-tarzan-vetomag-2g\\\/#breadcrumb\"},\"inLanguage\":\"en-US\",\"potentialAction\":[{\"@type\":\"ReadAction\",\"target\":[\"https:\\\/\\\/tajkertesz.com\\\/termek\\\/jegsalata-tarzan-vetomag-2g\\\/\"]}]},{\"@type\":\"ImageObject\",\"inLanguage\":\"en-US\",\"@id\":\"https:\\\/\\\/tajkertesz.com\\\/termek\\\/jegsalata-tarzan-vetomag-2g\\\/#primaryimage\",\"url\":\"https:\\\/\\\/tajkertesz.com\\\/wp-content\\\/uploads\\\/2024\\\/02\\\/OIP.jpg\",\"contentUrl\":\"https:\\\/\\\/tajkertesz.com\\\/wp-content\\\/uploads\\\/2024\\\/02\\\/OIP.jpg\",\"width\":331,\"height\":600},{\"@type\":\"BreadcrumbList\",\"@id\":\"https:\\\/\\\/tajkertesz.com\\\/termek\\\/jegsalata-tarzan-vetomag-2g\\\/#breadcrumb\",\"itemListElement\":[{\"@type\":\"ListItem\",\"position\":1,\"name\":\"Home\",\"item\":\"https:\\\/\\\/tajkertesz.com\\\/\"},{\"@type\":\"ListItem\",\"position\":2,\"name\":\"Kezd\u0151lap\",\"item\":\"https:\\\/\\\/tajkertesz.com\\\/\"},{\"@type\":\"ListItem\",\"position\":3,\"name\":\"J\u00e9gsal\u00e1ta Tarzan vet\u0151mag 2g\"}]},{\"@type\":\"WebSite\",\"@id\":\"https:\\\/\\\/tajkertesz.com\\\/#website\",\"url\":\"https:\\\/\\\/tajkertesz.com\\\/\",\"name\":\"T\u00e1j-Kert\u00e9sz 84 Kft.\",\"description\":\"Kert\u00e9szeti kis- \u00e9s nagykeresked\u00e9s, D\u00edszn\u00f6v\u00e9ny web\u00e1ruh\u00e1z orsz\u00e1gos h\u00e1zhozsz\u00e1ll\u00edt\u00e1ssal!\",\"publisher\":{\"@id\":\"https:\\\/\\\/tajkertesz.com\\\/#organization\"},\"potentialAction\":[{\"@type\":\"SearchAction\",\"target\":{\"@type\":\"EntryPoint\",\"urlTemplate\":\"https:\\\/\\\/tajkertesz.com\\\/?s={search_term_string}\"},\"query-input\":{\"@type\":\"PropertyValueSpecification\",\"valueRequired\":true,\"valueName\":\"search_term_string\"}}],\"inLanguage\":\"en-US\"},{\"@type\":\"Organization\",\"@id\":\"https:\\\/\\\/tajkertesz.com\\\/#organization\",\"name\":\"T\u00e1j-Kert\u00e9sz 84 Kft.\",\"url\":\"https:\\\/\\\/tajkertesz.com\\\/\",\"logo\":{\"@type\":\"ImageObject\",\"inLanguage\":\"en-US\",\"@id\":\"https:\\\/\\\/tajkertesz.com\\\/#\\\/schema\\\/logo\\\/image\\\/\",\"url\":\"https:\\\/\\\/tajkertesz.com\\\/wp-content\\\/uploads\\\/2018\\\/02\\\/logo-2-e1518678052539.png\",\"contentUrl\":\"https:\\\/\\\/tajkertesz.com\\\/wp-content\\\/uploads\\\/2018\\\/02\\\/logo-2-e1518678052539.png\",\"width\":81,\"height\":140,\"caption\":\"T\u00e1j-Kert\u00e9sz 84 Kft.\"},\"image\":{\"@id\":\"https:\\\/\\\/tajkertesz.com\\\/#\\\/schema\\\/logo\\\/image\\\/\"},\"sameAs\":[\"https:\\\/\\\/www.facebook.com\\\/Tajkertesz\\\/\"]}]}<\/script>\n<!-- \/ Yoast SEO plugin. -->","yoast_head_json":{"title":"J\u00e9gsal\u00e1ta Tarzan vet\u0151mag 2g - T\u00e1jkert\u00e9sz","description":"J\u00e9gsal\u00e1ta Tarzan vet\u0151mag 2g szabadf\u00f6ldi, helybenvet\u00e9sre aj\u00e1nlott j\u00e9gsal\u00e1ta. Nagym\u00e9ret\u0171, z\u00e1rt, t\u00f6m\u00f6tt fejet k\u00e9pez, mely el\u00e9rheti az 1 kg \u00e1tlagt\u00f6meget is.","robots":{"index":"index","follow":"follow","max-snippet":"max-snippet:-1","max-image-preview":"max-image-preview:large","max-video-preview":"max-video-preview:-1"},"canonical":"https:\/\/tajkertesz.com\/en_US\/product\/jegsalata-tarzan-vetomag-2g\/","og_locale":"en_US","og_type":"article","og_title":"J\u00e9gsal\u00e1ta Tarzan vet\u0151mag 2g - T\u00e1jkert\u00e9sz","og_description":"J\u00e9gsal\u00e1ta Tarzan vet\u0151mag 2g szabadf\u00f6ldi, helybenvet\u00e9sre aj\u00e1nlott j\u00e9gsal\u00e1ta. Nagym\u00e9ret\u0171, z\u00e1rt, t\u00f6m\u00f6tt fejet k\u00e9pez, mely el\u00e9rheti az 1 kg \u00e1tlagt\u00f6meget is.","og_url":"https:\/\/tajkertesz.com\/en_US\/product\/jegsalata-tarzan-vetomag-2g\/","og_site_name":"T\u00e1jkert\u00e9sz","article_publisher":"https:\/\/www.facebook.com\/Tajkertesz\/","article_modified_time":"2026-02-13T08:58:36+00:00","og_image":[{"width":331,"height":600,"url":"https:\/\/tajkertesz.com\/wp-content\/uploads\/2024\/02\/OIP.jpg","type":"image\/jpeg"}],"twitter_card":"summary_large_image","twitter_misc":{"Est. reading time":"3 minutes"},"schema":{"@context":"https:\/\/schema.org","@graph":[{"@type":"WebPage","@id":"https:\/\/tajkertesz.com\/termek\/jegsalata-tarzan-vetomag-2g\/","url":"https:\/\/tajkertesz.com\/termek\/jegsalata-tarzan-vetomag-2g\/","name":"J\u00e9gsal\u00e1ta Tarzan vet\u0151mag 2g - T\u00e1jkert\u00e9sz","isPartOf":{"@id":"https:\/\/tajkertesz.com\/#website"},"primaryImageOfPage":{"@id":"https:\/\/tajkertesz.com\/termek\/jegsalata-tarzan-vetomag-2g\/#primaryimage"},"image":{"@id":"https:\/\/tajkertesz.com\/termek\/jegsalata-tarzan-vetomag-2g\/#primaryimage"},"thumbnailUrl":"https:\/\/tajkertesz.com\/wp-content\/uploads\/2024\/02\/OIP.jpg","datePublished":"2024-02-02T08:38:12+00:00","dateModified":"2026-02-13T08:58:36+00:00","description":"J\u00e9gsal\u00e1ta Tarzan vet\u0151mag 2g szabadf\u00f6ldi, helybenvet\u00e9sre aj\u00e1nlott j\u00e9gsal\u00e1ta. Nagym\u00e9ret\u0171, z\u00e1rt, t\u00f6m\u00f6tt fejet k\u00e9pez, mely el\u00e9rheti az 1 kg \u00e1tlagt\u00f6meget is.","breadcrumb":{"@id":"https:\/\/tajkertesz.com\/termek\/jegsalata-tarzan-vetomag-2g\/#breadcrumb"},"inLanguage":"en-US","potentialAction":[{"@type":"ReadAction","target":["https:\/\/tajkertesz.com\/termek\/jegsalata-tarzan-vetomag-2g\/"]}]},{"@type":"ImageObject","inLanguage":"en-US","@id":"https:\/\/tajkertesz.com\/termek\/jegsalata-tarzan-vetomag-2g\/#primaryimage","url":"https:\/\/tajkertesz.com\/wp-content\/uploads\/2024\/02\/OIP.jpg","contentUrl":"https:\/\/tajkertesz.com\/wp-content\/uploads\/2024\/02\/OIP.jpg","width":331,"height":600},{"@type":"BreadcrumbList","@id":"https:\/\/tajkertesz.com\/termek\/jegsalata-tarzan-vetomag-2g\/#breadcrumb","itemListElement":[{"@type":"ListItem","position":1,"name":"Home","item":"https:\/\/tajkertesz.com\/"},{"@type":"ListItem","position":2,"name":"Kezd\u0151lap","item":"https:\/\/tajkertesz.com\/"},{"@type":"ListItem","position":3,"name":"J\u00e9gsal\u00e1ta Tarzan vet\u0151mag 2g"}]},{"@type":"WebSite","@id":"https:\/\/tajkertesz.com\/#website","url":"https:\/\/tajkertesz.com\/","name":"T\u00e1j-Kert\u00e9sz 84 Kft.","description":"Kert\u00e9szeti kis- \u00e9s nagykeresked\u00e9s, D\u00edszn\u00f6v\u00e9ny web\u00e1ruh\u00e1z orsz\u00e1gos h\u00e1zhozsz\u00e1ll\u00edt\u00e1ssal!","publisher":{"@id":"https:\/\/tajkertesz.com\/#organization"},"potentialAction":[{"@type":"SearchAction","target":{"@type":"EntryPoint","urlTemplate":"https:\/\/tajkertesz.com\/?s={search_term_string}"},"query-input":{"@type":"PropertyValueSpecification","valueRequired":true,"valueName":"search_term_string"}}],"inLanguage":"en-US"},{"@type":"Organization","@id":"https:\/\/tajkertesz.com\/#organization","name":"T\u00e1j-Kert\u00e9sz 84 Kft.","url":"https:\/\/tajkertesz.com\/","logo":{"@type":"ImageObject","inLanguage":"en-US","@id":"https:\/\/tajkertesz.com\/#\/schema\/logo\/image\/","url":"https:\/\/tajkertesz.com\/wp-content\/uploads\/2018\/02\/logo-2-e1518678052539.png","contentUrl":"https:\/\/tajkertesz.com\/wp-content\/uploads\/2018\/02\/logo-2-e1518678052539.png","width":81,"height":140,"caption":"T\u00e1j-Kert\u00e9sz 84 Kft."},"image":{"@id":"https:\/\/tajkertesz.com\/#\/schema\/logo\/image\/"},"sameAs":["https:\/\/www.facebook.com\/Tajkertesz\/"]}]}},"_links":{"self":[{"href":"https:\/\/tajkertesz.com\/en_US\/wp-json\/wp\/v2\/product\/19055","targetHints":{"allow":["GET"]}}],"collection":[{"href":"https:\/\/tajkertesz.com\/en_US\/wp-json\/wp\/v2\/product"}],"about":[{"href":"https:\/\/tajkertesz.com\/en_US\/wp-json\/wp\/v2\/types\/product"}],"wp:featuredmedia":[{"embeddable":true,"href":"https:\/\/tajkertesz.com\/en_US\/wp-json\/wp\/v2\/media\/19056"}],"wp:attachment":[{"href":"https:\/\/tajkertesz.com\/en_US\/wp-json\/wp\/v2\/media?parent=19055"}],"wp:term":[{"taxonomy":"product_brand","embeddable":true,"href":"https:\/\/tajkertesz.com\/en_US\/wp-json\/wp\/v2\/product_brand?post=19055"},{"taxonomy":"product_cat","embeddable":true,"href":"https:\/\/tajkertesz.com\/en_US\/wp-json\/wp\/v2\/product_cat?post=19055"},{"taxonomy":"product_tag","embeddable":true,"href":"https:\/\/tajkertesz.com\/en_US\/wp-json\/wp\/v2\/product_tag?post=19055"}],"curies":[{"name":"wp","href":"https:\/\/api.w.org\/{rel}","templated":true}]}}