{"id":19066,"date":"2024-02-02T10:29:42","date_gmt":"2024-02-02T10:29:42","guid":{"rendered":"https:\/\/tajkertesz.com\/?post_type=product&#038;p=19066"},"modified":"2026-02-13T09:00:10","modified_gmt":"2026-02-13T09:00:10","slug":"teposalata-lollo-bionda-vetomag-2g","status":"publish","type":"product","link":"https:\/\/tajkertesz.com\/en_US\/product\/teposalata-lollo-bionda-vetomag-2g\/","title":{"rendered":"T\u00e9p\u0151sal\u00e1ta Lollo Bionda vet\u0151mag 2g"},"content":{"rendered":"<h1>T\u00e9p\u0151sal\u00e1ta Lollo Bionda vet\u0151mag 2g<\/h1>\n<p>T\u00e9p\u0151sal\u00e1ta Lollo Bionda vet\u0151mag 2g Tavaszt\u00f3l \u0151szig termeszthet\u0151 dekorat\u00edv sal\u00e1ta. Fejet nem k\u00e9pez, fodros s\u00e1rg\u00e1sz\u00f6ld, ropog\u00f3s levelei folyamatosan szedhet\u0151k.<\/p>\n<p>R\u00e9dei Kertimag<\/p>\n<p>Fejessal\u00e1ta\u00a0(Lactuca sativa)<\/p>\n<table>\n<tbody>\n<tr>\n<td colspan=\"2\">\n<table class=\"csoportinfo\" cellspacing=\"0\">\n<tbody>\n<tr class=\"csoportinfofejlec\">\n<td class=\"csoportinfofejlec\" width=\"15%\">magsz\u00e1m\/gramm<\/td>\n<td class=\"csoportinfofejlec\" width=\"19%\">vet\u0151magig\u00e9ny g\/10nm<\/td>\n<td class=\"csoportinfofejlec\" width=\"19%\">vet\u00e9sid\u0151 szabadf\u00f6ldi termeszt\u00e9shez<\/td>\n<td class=\"csoportinfofejlec\" width=\"15%\">vet\u00e9sm\u00e9lys\u00e9g cm<\/td>\n<td class=\"csoportinfofejlec\" width=\"17%\">sor- \u00e9s t\u0151t\u00e1vols\u00e1g cm<\/td>\n<td class=\"csoportinfofejlec\" width=\"15%\">cs\u00edr\u00e1z\u00e1si nap<br \/>\n12-18C fokon<\/td>\n<\/tr>\n<tr class=\"csoportinfotorzs\">\n<td class=\"csoportinfotorzs\">800-1000<\/td>\n<td class=\"csoportinfotorzs\">2<\/td>\n<td class=\"csoportinfotorzs\">III-IV, VIII-IX. h\u00f3nap<\/td>\n<td class=\"csoportinfotorzs\">0,5-1<\/td>\n<td class=\"csoportinfotorzs\">30 x 20<\/td>\n<td class=\"csoportinfotorzs\">5-6 nap<\/td>\n<\/tr>\n<\/tbody>\n<\/table>\n<\/td>\n<\/tr>\n<tr>\n<td colspan=\"2\">\n<p align=\"justify\">A sal\u00e1ta cs\u00edr\u00e1z\u00e1s\u00e1t h\u00e1tr\u00e1ltatja a t\u00fal magas h\u0151m\u00e9rs\u00e9klet (20 \u00b0C felett), ez\u00e9rt m\u00e9g a ny\u00e1ri termeszt\u00e9sre alkalmas fajt\u00e1kat se vess\u00fck el 20 \u00b0C feletti ny\u00e1ri h\u0151s\u00e9gben, ha nem tudunk sz\u00e1mukra folyamatosan nedves talajt biztos\u00edtani.<br \/>\n<b>A sal\u00e1t\u00e1k csoportos\u00edt\u00e1sa:<\/b><br \/>\n<b>Termeszt\u00e9si id\u0151szak szerint:<\/b>\u00a0hajtat\u00e1si (\u0151sz, t\u00e9l, tavasz), szabadf\u00f6ldi (tavasz, ny\u00e1r, \u0151sz), \u00e1ttelel\u0151<br \/>\n<b>A levelek t\u00edpusa szerint:<\/b>\u00a0fejes sal\u00e1ta, j\u00e9gsal\u00e1ta, t\u00e9p\u0151sal\u00e1ta<br \/>\n<b>K\u00fcl\u00f6nleges sal\u00e1taf\u00e9les\u00e9gek:<\/b>\u00a0r\u00f3mai sal\u00e1ta (k\u00f6t\u00f6z\u0151sal\u00e1ta), cik\u00f3ria-, end\u00edvia-, rukkola-, mad\u00e1r-, vagy mezei sal\u00e1ta<br \/>\n<b>Tipp:<\/b>\u00a0a sal\u00e1tapal\u00e1nt\u00e1kat nem szabad m\u00e9lyebbre \u00fcltetni, mint ahogy a pal\u00e1ntanevel\u0151 helyen \u00e1lltak. A sal\u00e1ta j\u00f3 szomsz\u00e9dja a bab, bors\u00f3, uborka, k\u00e1posztaf\u00e9l\u00e9k, retek, paradicsom, hagyma. Ne \u00fcltess\u00fcnk a sal\u00e1ta mell\u00e9 petrezselymet, zellert \u00e9s c\u00e9kl\u00e1t. \u00c1lland\u00f3an tartsuk nedvesen a sal\u00e1t\u00e1t, sz\u00e1razs\u00e1gban hamar magsz\u00e1rat hoz \u00e9s az \u00edze is keser\u0171 lesz. A pal\u00e1nt\u00e1zott sal\u00e1ta hamarabb megy magsz\u00e1rba, mint a helybevetett.<\/p>\n<p><strong>K\u00e9szlet\u00fcnk napi szinten v\u00e1ltozik, ez\u00e9rt k\u00e9rj\u00fck, \u00e9rdekl\u0151dj\u00f6n szem\u00e9lyesen, telefonon vagy email-en.<br \/>\nA v\u00e1ltoztat\u00e1s jog\u00e1t fenntartjuk!\u00a0<\/strong><\/p>\n<p><a href=\"https:\/\/tajkertesz.com\/\">https:\/\/tajkertesz.com\/<\/a><\/p>\n<p><a href=\"https:\/\/www.facebook.com\/tajkertesz\/\">https:\/\/www.facebook.com\/tajkertesz\/<\/a><\/p>\n<p>Kisz\u00e1ll\u00edt\u00e1s: 200cm-ig \u00a0\u00e9s 40 kg-ig a sz\u00e1ll\u00edt\u00e1s fut\u00e1rszolg\u00e1lattal \u00a0t\u00f6rt\u00e9nik!<\/p>\n<p>Szem\u00e9lyes \u00e1tv\u00e9tel nyitvatart\u00e1si id\u0151ben a 17. ker\u00fclet Bakancsos utca 7. sz\u00e1m alatti Kert\u00e9szeti \u00e1rud\u00e1ban<\/p>\n<p>&nbsp;<\/p>\n<p>Szem\u00e9lyes \u00e1tv\u00e9tel ak\u00e1r a mai napon, vagy h\u00e1zhozsz\u00e1ll\u00edt\u00e1s 1-2 napon bel\u00fcl!<\/p>\n<p>&nbsp;<\/p>\n<p>1173.Bp.Bakancsos u.7.<\/p>\n<p><a href=\"https:\/\/www.tajkertesz.com\/\">www.tajkertesz.com<\/a><\/p>\n<p>Kert\u00e9szeti kis-\u00e9s nagykeresked\u00e9s<\/td>\n<\/tr>\n<\/tbody>\n<\/table>","protected":false},"excerpt":{"rendered":"<h1>T\u00e9p\u0151sal\u00e1ta Lollo Bionda vet\u0151mag 2g<\/h1>\n<p>T\u00e9p\u0151sal\u00e1ta Lollo Bionda vet\u0151mag 2g Tavaszt\u00f3l \u0151szig termeszthet\u0151 dekorat\u00edv sal\u00e1ta. Fejet nem k\u00e9pez, fodros s\u00e1rg\u00e1sz\u00f6ld, ropog\u00f3s levelei folyamatosan szedhet\u0151k.<\/p>","protected":false},"featured_media":19067,"template":"","meta":{"_et_pb_use_builder":"","_et_pb_old_content":"","_et_gb_content_width":""},"product_brand":[],"product_cat":[1233],"product_tag":[1256,4115,4138],"class_list":{"0":"post-19066","1":"product","2":"type-product","3":"status-publish","4":"has-post-thumbnail","6":"product_cat-vetomagok-vetoszalagok-bio-csira-magok","7":"product_tag-teposalata","8":"product_tag-vetomag","9":"product_tag-vetomagok","11":"first","12":"instock","13":"shipping-taxable","14":"purchasable","15":"product-type-simple"},"yoast_head":"<!-- This site is optimized with the Yoast SEO plugin v27.4 - https:\/\/yoast.com\/product\/yoast-seo-wordpress\/ -->\n<title>T\u00e9p\u0151sal\u00e1ta Lollo Bionda vet\u0151mag 2g - T\u00e1jkert\u00e9sz<\/title>\n<meta name=\"description\" content=\"T\u00e9p\u0151sal\u00e1ta Lollo Bionda vet\u0151mag 2g Tavaszt\u00f3l \u0151szig termeszthet\u0151 dekorat\u00edv sal\u00e1ta. Fejet nem k\u00e9pez, fodros s\u00e1rg\u00e1sz\u00f6ld\" \/>\n<meta name=\"robots\" content=\"index, follow, max-snippet:-1, max-image-preview:large, max-video-preview:-1\" \/>\n<link rel=\"canonical\" href=\"https:\/\/tajkertesz.com\/en_US\/product\/teposalata-lollo-bionda-vetomag-2g\/\" \/>\n<meta property=\"og:locale\" content=\"en_US\" \/>\n<meta property=\"og:type\" content=\"article\" \/>\n<meta property=\"og:title\" content=\"T\u00e9p\u0151sal\u00e1ta Lollo Bionda vet\u0151mag 2g - T\u00e1jkert\u00e9sz\" \/>\n<meta property=\"og:description\" content=\"T\u00e9p\u0151sal\u00e1ta Lollo Bionda vet\u0151mag 2g Tavaszt\u00f3l \u0151szig termeszthet\u0151 dekorat\u00edv sal\u00e1ta. Fejet nem k\u00e9pez, fodros s\u00e1rg\u00e1sz\u00f6ld\" \/>\n<meta property=\"og:url\" content=\"https:\/\/tajkertesz.com\/en_US\/product\/teposalata-lollo-bionda-vetomag-2g\/\" \/>\n<meta property=\"og:site_name\" content=\"T\u00e1jkert\u00e9sz\" \/>\n<meta property=\"article:publisher\" content=\"https:\/\/www.facebook.com\/Tajkertesz\/\" \/>\n<meta property=\"article:modified_time\" content=\"2026-02-13T09:00:10+00:00\" \/>\n<meta property=\"og:image\" content=\"https:\/\/tajkertesz.com\/wp-content\/uploads\/2024\/02\/01_507603_teposalata_LOLLO_BIONDA_KK.jpg\" \/>\n\t<meta property=\"og:image:width\" content=\"650\" \/>\n\t<meta property=\"og:image:height\" content=\"1178\" \/>\n\t<meta property=\"og:image:type\" content=\"image\/jpeg\" \/>\n<meta name=\"twitter:card\" content=\"summary_large_image\" \/>\n<meta name=\"twitter:label1\" content=\"Est. reading time\" \/>\n\t<meta name=\"twitter:data1\" content=\"2 minutes\" \/>\n<script type=\"application\/ld+json\" class=\"yoast-schema-graph\">{\"@context\":\"https:\\\/\\\/schema.org\",\"@graph\":[{\"@type\":\"WebPage\",\"@id\":\"https:\\\/\\\/tajkertesz.com\\\/termek\\\/teposalata-lollo-bionda-vetomag-2g\\\/\",\"url\":\"https:\\\/\\\/tajkertesz.com\\\/termek\\\/teposalata-lollo-bionda-vetomag-2g\\\/\",\"name\":\"T\u00e9p\u0151sal\u00e1ta Lollo Bionda vet\u0151mag 2g - T\u00e1jkert\u00e9sz\",\"isPartOf\":{\"@id\":\"https:\\\/\\\/tajkertesz.com\\\/#website\"},\"primaryImageOfPage\":{\"@id\":\"https:\\\/\\\/tajkertesz.com\\\/termek\\\/teposalata-lollo-bionda-vetomag-2g\\\/#primaryimage\"},\"image\":{\"@id\":\"https:\\\/\\\/tajkertesz.com\\\/termek\\\/teposalata-lollo-bionda-vetomag-2g\\\/#primaryimage\"},\"thumbnailUrl\":\"https:\\\/\\\/tajkertesz.com\\\/wp-content\\\/uploads\\\/2024\\\/02\\\/01_507603_teposalata_LOLLO_BIONDA_KK.jpg\",\"datePublished\":\"2024-02-02T10:29:42+00:00\",\"dateModified\":\"2026-02-13T09:00:10+00:00\",\"description\":\"T\u00e9p\u0151sal\u00e1ta Lollo Bionda vet\u0151mag 2g Tavaszt\u00f3l \u0151szig termeszthet\u0151 dekorat\u00edv sal\u00e1ta. Fejet nem k\u00e9pez, fodros s\u00e1rg\u00e1sz\u00f6ld\",\"breadcrumb\":{\"@id\":\"https:\\\/\\\/tajkertesz.com\\\/termek\\\/teposalata-lollo-bionda-vetomag-2g\\\/#breadcrumb\"},\"inLanguage\":\"en-US\",\"potentialAction\":[{\"@type\":\"ReadAction\",\"target\":[\"https:\\\/\\\/tajkertesz.com\\\/termek\\\/teposalata-lollo-bionda-vetomag-2g\\\/\"]}]},{\"@type\":\"ImageObject\",\"inLanguage\":\"en-US\",\"@id\":\"https:\\\/\\\/tajkertesz.com\\\/termek\\\/teposalata-lollo-bionda-vetomag-2g\\\/#primaryimage\",\"url\":\"https:\\\/\\\/tajkertesz.com\\\/wp-content\\\/uploads\\\/2024\\\/02\\\/01_507603_teposalata_LOLLO_BIONDA_KK.jpg\",\"contentUrl\":\"https:\\\/\\\/tajkertesz.com\\\/wp-content\\\/uploads\\\/2024\\\/02\\\/01_507603_teposalata_LOLLO_BIONDA_KK.jpg\",\"width\":650,\"height\":1178},{\"@type\":\"BreadcrumbList\",\"@id\":\"https:\\\/\\\/tajkertesz.com\\\/termek\\\/teposalata-lollo-bionda-vetomag-2g\\\/#breadcrumb\",\"itemListElement\":[{\"@type\":\"ListItem\",\"position\":1,\"name\":\"Home\",\"item\":\"https:\\\/\\\/tajkertesz.com\\\/\"},{\"@type\":\"ListItem\",\"position\":2,\"name\":\"Kezd\u0151lap\",\"item\":\"https:\\\/\\\/tajkertesz.com\\\/\"},{\"@type\":\"ListItem\",\"position\":3,\"name\":\"T\u00e9p\u0151sal\u00e1ta Lollo Bionda vet\u0151mag 2g\"}]},{\"@type\":\"WebSite\",\"@id\":\"https:\\\/\\\/tajkertesz.com\\\/#website\",\"url\":\"https:\\\/\\\/tajkertesz.com\\\/\",\"name\":\"T\u00e1j-Kert\u00e9sz 84 Kft.\",\"description\":\"Kert\u00e9szeti kis- \u00e9s nagykeresked\u00e9s, D\u00edszn\u00f6v\u00e9ny web\u00e1ruh\u00e1z orsz\u00e1gos h\u00e1zhozsz\u00e1ll\u00edt\u00e1ssal!\",\"publisher\":{\"@id\":\"https:\\\/\\\/tajkertesz.com\\\/#organization\"},\"potentialAction\":[{\"@type\":\"SearchAction\",\"target\":{\"@type\":\"EntryPoint\",\"urlTemplate\":\"https:\\\/\\\/tajkertesz.com\\\/?s={search_term_string}\"},\"query-input\":{\"@type\":\"PropertyValueSpecification\",\"valueRequired\":true,\"valueName\":\"search_term_string\"}}],\"inLanguage\":\"en-US\"},{\"@type\":\"Organization\",\"@id\":\"https:\\\/\\\/tajkertesz.com\\\/#organization\",\"name\":\"T\u00e1j-Kert\u00e9sz 84 Kft.\",\"url\":\"https:\\\/\\\/tajkertesz.com\\\/\",\"logo\":{\"@type\":\"ImageObject\",\"inLanguage\":\"en-US\",\"@id\":\"https:\\\/\\\/tajkertesz.com\\\/#\\\/schema\\\/logo\\\/image\\\/\",\"url\":\"https:\\\/\\\/tajkertesz.com\\\/wp-content\\\/uploads\\\/2018\\\/02\\\/logo-2-e1518678052539.png\",\"contentUrl\":\"https:\\\/\\\/tajkertesz.com\\\/wp-content\\\/uploads\\\/2018\\\/02\\\/logo-2-e1518678052539.png\",\"width\":81,\"height\":140,\"caption\":\"T\u00e1j-Kert\u00e9sz 84 Kft.\"},\"image\":{\"@id\":\"https:\\\/\\\/tajkertesz.com\\\/#\\\/schema\\\/logo\\\/image\\\/\"},\"sameAs\":[\"https:\\\/\\\/www.facebook.com\\\/Tajkertesz\\\/\"]}]}<\/script>\n<!-- \/ Yoast SEO plugin. -->","yoast_head_json":{"title":"T\u00e9p\u0151sal\u00e1ta Lollo Bionda vet\u0151mag 2g - T\u00e1jkert\u00e9sz","description":"T\u00e9p\u0151sal\u00e1ta Lollo Bionda vet\u0151mag 2g Tavaszt\u00f3l \u0151szig termeszthet\u0151 dekorat\u00edv sal\u00e1ta. Fejet nem k\u00e9pez, fodros s\u00e1rg\u00e1sz\u00f6ld","robots":{"index":"index","follow":"follow","max-snippet":"max-snippet:-1","max-image-preview":"max-image-preview:large","max-video-preview":"max-video-preview:-1"},"canonical":"https:\/\/tajkertesz.com\/en_US\/product\/teposalata-lollo-bionda-vetomag-2g\/","og_locale":"en_US","og_type":"article","og_title":"T\u00e9p\u0151sal\u00e1ta Lollo Bionda vet\u0151mag 2g - T\u00e1jkert\u00e9sz","og_description":"T\u00e9p\u0151sal\u00e1ta Lollo Bionda vet\u0151mag 2g Tavaszt\u00f3l \u0151szig termeszthet\u0151 dekorat\u00edv sal\u00e1ta. Fejet nem k\u00e9pez, fodros s\u00e1rg\u00e1sz\u00f6ld","og_url":"https:\/\/tajkertesz.com\/en_US\/product\/teposalata-lollo-bionda-vetomag-2g\/","og_site_name":"T\u00e1jkert\u00e9sz","article_publisher":"https:\/\/www.facebook.com\/Tajkertesz\/","article_modified_time":"2026-02-13T09:00:10+00:00","og_image":[{"width":650,"height":1178,"url":"https:\/\/tajkertesz.com\/wp-content\/uploads\/2024\/02\/01_507603_teposalata_LOLLO_BIONDA_KK.jpg","type":"image\/jpeg"}],"twitter_card":"summary_large_image","twitter_misc":{"Est. reading time":"2 minutes"},"schema":{"@context":"https:\/\/schema.org","@graph":[{"@type":"WebPage","@id":"https:\/\/tajkertesz.com\/termek\/teposalata-lollo-bionda-vetomag-2g\/","url":"https:\/\/tajkertesz.com\/termek\/teposalata-lollo-bionda-vetomag-2g\/","name":"T\u00e9p\u0151sal\u00e1ta Lollo Bionda vet\u0151mag 2g - T\u00e1jkert\u00e9sz","isPartOf":{"@id":"https:\/\/tajkertesz.com\/#website"},"primaryImageOfPage":{"@id":"https:\/\/tajkertesz.com\/termek\/teposalata-lollo-bionda-vetomag-2g\/#primaryimage"},"image":{"@id":"https:\/\/tajkertesz.com\/termek\/teposalata-lollo-bionda-vetomag-2g\/#primaryimage"},"thumbnailUrl":"https:\/\/tajkertesz.com\/wp-content\/uploads\/2024\/02\/01_507603_teposalata_LOLLO_BIONDA_KK.jpg","datePublished":"2024-02-02T10:29:42+00:00","dateModified":"2026-02-13T09:00:10+00:00","description":"T\u00e9p\u0151sal\u00e1ta Lollo Bionda vet\u0151mag 2g Tavaszt\u00f3l \u0151szig termeszthet\u0151 dekorat\u00edv sal\u00e1ta. Fejet nem k\u00e9pez, fodros s\u00e1rg\u00e1sz\u00f6ld","breadcrumb":{"@id":"https:\/\/tajkertesz.com\/termek\/teposalata-lollo-bionda-vetomag-2g\/#breadcrumb"},"inLanguage":"en-US","potentialAction":[{"@type":"ReadAction","target":["https:\/\/tajkertesz.com\/termek\/teposalata-lollo-bionda-vetomag-2g\/"]}]},{"@type":"ImageObject","inLanguage":"en-US","@id":"https:\/\/tajkertesz.com\/termek\/teposalata-lollo-bionda-vetomag-2g\/#primaryimage","url":"https:\/\/tajkertesz.com\/wp-content\/uploads\/2024\/02\/01_507603_teposalata_LOLLO_BIONDA_KK.jpg","contentUrl":"https:\/\/tajkertesz.com\/wp-content\/uploads\/2024\/02\/01_507603_teposalata_LOLLO_BIONDA_KK.jpg","width":650,"height":1178},{"@type":"BreadcrumbList","@id":"https:\/\/tajkertesz.com\/termek\/teposalata-lollo-bionda-vetomag-2g\/#breadcrumb","itemListElement":[{"@type":"ListItem","position":1,"name":"Home","item":"https:\/\/tajkertesz.com\/"},{"@type":"ListItem","position":2,"name":"Kezd\u0151lap","item":"https:\/\/tajkertesz.com\/"},{"@type":"ListItem","position":3,"name":"T\u00e9p\u0151sal\u00e1ta Lollo Bionda vet\u0151mag 2g"}]},{"@type":"WebSite","@id":"https:\/\/tajkertesz.com\/#website","url":"https:\/\/tajkertesz.com\/","name":"T\u00e1j-Kert\u00e9sz 84 Kft.","description":"Kert\u00e9szeti kis- \u00e9s nagykeresked\u00e9s, D\u00edszn\u00f6v\u00e9ny web\u00e1ruh\u00e1z orsz\u00e1gos h\u00e1zhozsz\u00e1ll\u00edt\u00e1ssal!","publisher":{"@id":"https:\/\/tajkertesz.com\/#organization"},"potentialAction":[{"@type":"SearchAction","target":{"@type":"EntryPoint","urlTemplate":"https:\/\/tajkertesz.com\/?s={search_term_string}"},"query-input":{"@type":"PropertyValueSpecification","valueRequired":true,"valueName":"search_term_string"}}],"inLanguage":"en-US"},{"@type":"Organization","@id":"https:\/\/tajkertesz.com\/#organization","name":"T\u00e1j-Kert\u00e9sz 84 Kft.","url":"https:\/\/tajkertesz.com\/","logo":{"@type":"ImageObject","inLanguage":"en-US","@id":"https:\/\/tajkertesz.com\/#\/schema\/logo\/image\/","url":"https:\/\/tajkertesz.com\/wp-content\/uploads\/2018\/02\/logo-2-e1518678052539.png","contentUrl":"https:\/\/tajkertesz.com\/wp-content\/uploads\/2018\/02\/logo-2-e1518678052539.png","width":81,"height":140,"caption":"T\u00e1j-Kert\u00e9sz 84 Kft."},"image":{"@id":"https:\/\/tajkertesz.com\/#\/schema\/logo\/image\/"},"sameAs":["https:\/\/www.facebook.com\/Tajkertesz\/"]}]}},"_links":{"self":[{"href":"https:\/\/tajkertesz.com\/en_US\/wp-json\/wp\/v2\/product\/19066","targetHints":{"allow":["GET"]}}],"collection":[{"href":"https:\/\/tajkertesz.com\/en_US\/wp-json\/wp\/v2\/product"}],"about":[{"href":"https:\/\/tajkertesz.com\/en_US\/wp-json\/wp\/v2\/types\/product"}],"wp:featuredmedia":[{"embeddable":true,"href":"https:\/\/tajkertesz.com\/en_US\/wp-json\/wp\/v2\/media\/19067"}],"wp:attachment":[{"href":"https:\/\/tajkertesz.com\/en_US\/wp-json\/wp\/v2\/media?parent=19066"}],"wp:term":[{"taxonomy":"product_brand","embeddable":true,"href":"https:\/\/tajkertesz.com\/en_US\/wp-json\/wp\/v2\/product_brand?post=19066"},{"taxonomy":"product_cat","embeddable":true,"href":"https:\/\/tajkertesz.com\/en_US\/wp-json\/wp\/v2\/product_cat?post=19066"},{"taxonomy":"product_tag","embeddable":true,"href":"https:\/\/tajkertesz.com\/en_US\/wp-json\/wp\/v2\/product_tag?post=19066"}],"curies":[{"name":"wp","href":"https:\/\/api.w.org\/{rel}","templated":true}]}}