{"id":19111,"date":"2024-02-06T15:07:44","date_gmt":"2024-02-06T15:07:44","guid":{"rendered":"https:\/\/tajkertesz.com\/?post_type=product&#038;p=19111"},"modified":"2026-02-12T15:30:30","modified_gmt":"2026-02-12T15:30:30","slug":"kapazin-totalis-gyomirto-szer-1l","status":"publish","type":"product","link":"https:\/\/tajkertesz.com\/en_US\/product\/kapazin-totalis-gyomirto-szer-1l\/","title":{"rendered":"Kapazin tot\u00e1lis gyomirt\u00f3 szer 1L"},"content":{"rendered":"<h2>Kapazin tot\u00e1lis gyomirt\u00f3 szer 1L<\/h2>\n<p>Kapazin tot\u00e1lis gyomirt\u00f3 szer 1L<\/p>\n<div class=\"table-custom-grid-row insect\">\n<div>Rendeltet\u00e9s: Gyomirt\u00f3 szer<\/div>\n<\/div>\n<div class=\"table-custom-grid-row insect\">\n<div>Hat\u00f3anyag \u00f6sszet\u00e9tel: Glifoz\u00e1t<\/div>\n<\/div>\n<div><\/div>\n<div>\n<p>Sz\u00e1nt\u00f3f\u00f6ldi kult\u00far\u00e1kban, azok vet\u00e9se el\u0151tt, illetve ut\u00e1n a cs\u00edr\u00e1z\u00e1s megindul\u00e1s\u00e1ig, akkor, ha az elvetett magvakat legal\u00e1bb 3 cm vastag apr\u00f3morzs\u00e1s talajr\u00e9teg takarja. 3%-n\u00e1l kevesebb szervesanyagtartalm\u00fa talajokon ez a technol\u00f3gia nem alkalmazhat\u00f3.<\/p>\n<p>Javasolt n\u00f6v\u00e9nyv\u00e9delmi technol\u00f3gia:<\/p>\n<p>Sz\u00e1nt\u00f3f\u00f6ldi kult\u00far\u00e1k eset\u00e9ben 3%-n\u00e1l magasabb szer-vesanyag-tartalm\u00fa talajokon, vet\u00e9s el\u0151tt, illetve ut\u00e1n, a cs\u00edr\u00e1z\u00e1s megindul\u00e1s\u00e1ig alkalmazhat\u00f3 a k\u00e9sz\u00edtm\u00e9ny 3,0\u20136,0 l\/ha d\u00f3zisban akkor, ha az elvetett magvakat legal\u00e1bb 3 cm vastag, apr\u00f3morzs\u00e1s talajr\u00e9teg takarja. A kis cs\u00edran\u00f6v\u00e9ny nem \u00e9rintkezhet a k\u00e9sz\u00edtm\u00e9nnyel. A kezel\u00e9st napraforg\u00f3ban a kaszatok 20\u201330%-os, kukoric\u00e1ban a szemek 30\u201340%-os nedvess\u00e9gtartalm\u00e1n\u00e1l kel elv\u00e9gezni.<\/p>\n<p>\u00c1llom\u00e1nysz\u00e1r\u00edt\u00e1sra gyommentes napraforg\u00f3ban, kukoric\u00e1ban 2,0 l\/ha d\u00f3zisban, \u00e9vel\u0151 gyomn\u00f6v\u00e9nyekkel er\u0151sen fert\u0151z\u00f6tt ter\u00fcleteken 5,0 l\/ha mennyis\u00e9gben kell alkalmazni. A kult\u00farn\u00f6v\u00e9ny betakar\u00edt\u00e1s\u00e1t k\u00f6vet\u0151en a tarl\u00f3n 3,0\u20136,0 l\/ha mennyis\u00e9gben juttathat\u00f3 ki.<\/p>\n<p>A k\u00e9sz\u00edtm\u00e9ny h\u00e1rom \u00e9vesn\u00e9l id\u0151sebb gy\u00fcm\u00f6lcs\u00f6s, sz\u0151l\u0151 telep\u00edt\u00e9sekben alkalmazhat\u00f3 3,0\u20136,0 l\/ha d\u00f3zisban. A kezel\u00e9s sor\u00e1n \u00fcgyelni kell, hogy a permetl\u00e9 a z\u00f6ld r\u00e9szekre ne ker\u00fclj\u00f6n, mert azokat k\u00e1ros\u00edthatja. Ezt v\u00e9d\u0151lemezzel felszerelt sz\u00f3r\u00f3fejjel vagy egy\u00e9b speci\u00e1lis permetez\u00e9s-technik\u00e1val lehet biztos\u00edtani.<br \/>\nLegel\u0151, gyep fel\u00faj\u00edt\u00e1sakor a felt\u00f6r\u00e9st vagy az \u00fajravet\u00e9st megel\u0151z\u0151en 3,5\u20135,0 l\/ha mennyis\u00e9gben haszn\u00e1lhat\u00f3.<\/p>\n<p>K\u00e9t \u00e9vesn\u00e9l id\u0151sebb luc-, erdei-, fekete- \u00e9s duglaszfeny\u0151 \u00fcltetv\u00e9nyekben nyugalmi \u00e1llapotban lehet a k\u00e9sz\u00edtm\u00e9nyt kijuttatni 3,5\u20135,0 l\/ha d\u00f3zisban, teljes fel\u00fcletkezel\u00e9ssel, ir\u00e1ny\u00edtott permetez\u00e9ssel, ami megv\u00e9di a fiatal hajt\u00e1sokat a szert\u0151l. Fakitermel\u00e9sn\u00e9l a tusk\u00f3k sarjhajt\u00e1sai ellen 3,5%-os koncentr\u00e1ci\u00f3ban kell alkalmazni.<br \/>\nMez\u0151gazdas\u00e1gilag nem m\u0171velt ter\u00fcletek: utak, \u00fatpadk\u00e1k, v\u00edzlevezet\u0151 \u00e1rkok, elektromos-, g\u00e1z-, \u00e9s k\u0151olajvezet\u00e9kek, rep\u00fcl\u0151terek, ipari l\u00e9tes\u00edtm\u00e9nyek, \u00fczemanyagt\u00f6lt\u0151 \u00e1llom\u00e1sok, vas\u00fati p\u00e1lyatestek, lakott ter\u00fcletek, valamint \u2013 ahol ezt a helyi rendelet nem tiltja \u2013 temet\u0151k tot\u00e1lis gyomirt\u00e1s\u00e1ra 5,0\u20136,7 l\/ha d\u00f3zisban kell alkalmazni.<br \/>\nV\u00edzzel nem bor\u00edtott csatorn\u00e1k, halastavak, mocsaras ter\u00fcletek gyomirt\u00e1s\u00e1ra, n\u00e1d, gy\u00e9k\u00e9ny ellen 5,0\u20136,7 l\/ha d\u00f3zisban alkalmazhat\u00f3.<\/p>\n<p>Magr\u00f3l kel\u0151 gyomn\u00f6v\u00e9nyek eset\u00e9ben az enged\u00e9lyokiratban meghat\u00e1rozott alacsonyabb d\u00f3zisban kell alkalmazni. Magr\u00f3l kel\u0151 k\u00e9tszik\u0171ek eset\u00e9ben azok 4\u20138 val\u00f3di leveles fenol\u00f3gi\u00e1j\u00e1ban, magr\u00f3l kel\u0151 egyszik\u0171 gyomn\u00f6v\u00e9nyekn\u00e9l 3\u20135 leveles \u00e1llapotban kell a kezel\u00e9st elv\u00e9gezni.<br \/>\n\u00c9vel\u0151 k\u00e9tszik\u0171, valamint \u00e9vel\u0151 egyszik\u0171 gyomn\u00f6v\u00e9nyek eset\u00e9ben azok intenz\u00edv n\u00f6veked\u00e9si szakasz\u00e1ban kell a k\u00e9sz\u00edtm\u00e9nyt kijuttatni, hogy a hat\u00f3anyag a gyomn\u00f6v\u00e9ny f\u00f6ld alatti szapor\u00edt\u00f3 k\u00e9pleteibe is lejusson.<br \/>\nTarackb\u00faza, feny\u00e9rcirok, n\u00e1d ellen kedvez\u0151bb hat\u00e1s \u00e9rhet\u0151 el \u0151sszel, amikor a t\u00e1panyag \u00e1raml\u00e1sa a riz\u00f3m\u00e1k fel\u00e9 a legintenz\u00edvebb. Szul\u00e1kf\u00e9l\u00e9k ellen a vir\u00e1gz\u00e1s idej\u00e9n, mezei acat ellen annak t\u0151lev\u00e9lr\u00f3zs\u00e1s \u00e1llapot\u00e1ban van a kezel\u00e9s optim\u00e1lis id\u0151pontja.<br \/>\nA meteorol\u00f3giai k\u00f6r\u00fclm\u00e9nyeket figyelembe v\u00e9ve a glifoz\u00e1t hat\u00f3anyag 15\u201325 \u00b0C k\u00f6z\u00f6tt \u00e9s magas p\u00e1ratartalom mellett a legha-t\u00e9konyabb. A hat\u00e1s kifejt\u00e9s\u00e9hez fontos, hogy a kezel\u00e9st k\u00f6vet\u0151en 6 \u00f3r\u00e1n bel\u00fcl ne hulljon csapad\u00e9k, \u00e9s a hat\u00f3anyag mara-d\u00e9ktalanul felsz\u00edv\u00f3dhasson a gyomn\u00f6v\u00e9nybe.<\/p>\n<p>El\u00e9rhet\u0151 t\u00f6bbf\u00e9le m\u00e9retben \u00e9s \u00e1rban.<\/p>\n<p><strong>K\u00e9szlet\u00fcnk napi szinten v\u00e1ltozik, ez\u00e9rt k\u00e9rj\u00fck, \u00e9rdekl\u0151dj\u00f6n szem\u00e9lyesen, telefonon vagy email-en.<br \/>\nA v\u00e1ltoztat\u00e1s jog\u00e1t fenntartjuk!\u00a0<\/strong><\/p>\n<p><a href=\"https:\/\/tajkertesz.com\/\">https:\/\/tajkertesz.com\/<\/a><\/p>\n<p><a href=\"https:\/\/www.facebook.com\/tajkertesz\/\">https:\/\/www.facebook.com\/tajkertesz\/<\/a><\/p>\n<p>Szem\u00e9lyes \u00e1tv\u00e9tel nyitvatart\u00e1si id\u0151ben a 17. ker\u00fclet Bakancsos utca 7. sz\u00e1m alatti Kert\u00e9szeti \u00e1rud\u00e1ban.<\/p>\n<\/div>","protected":false},"excerpt":{"rendered":"<h2>Kapazin tot\u00e1lis gyomirt\u00f3 szer 1L<\/h2>\n<p>Sz\u00e1nt\u00f3f\u00f6ldi kult\u00far\u00e1kban, azok vet\u00e9se el\u0151tt, illetve ut\u00e1n a cs\u00edr\u00e1z\u00e1s megindul\u00e1s\u00e1ig, akkor, ha az elvetett magvakat legal\u00e1bb 3 cm vastag apr\u00f3morzs\u00e1s talajr\u00e9teg takarja. 3%-n\u00e1l kevesebb szervesanyagtartalm\u00fa talajokon ez a technol\u00f3gia nem alkalmazhat\u00f3.<\/p>\n<h3 align=\"justify\">Kiz\u00e1r\u00f3lag szem\u00e9lyes \u00e1tv\u00e9tellel lehets\u00e9ges a term\u00e9k megv\u00e1s\u00e1rl\u00e1sa!<\/h3>","protected":false},"featured_media":19112,"template":"","meta":{"_et_pb_use_builder":"","_et_pb_old_content":"","_et_gb_content_width":""},"product_brand":[],"product_cat":[3422],"product_tag":[4735,4853,4854],"class_list":{"0":"post-19111","1":"product","2":"type-product","3":"status-publish","4":"has-post-thumbnail","6":"product_cat-gyomirto-szer","7":"product_tag-gyomirto","8":"product_tag-kapazin","9":"product_tag-totalis-gyomirto","11":"first","12":"outofstock","13":"shipping-taxable","14":"product-type-simple"},"yoast_head":"<!-- This site is optimized with the Yoast SEO plugin v27.3 - https:\/\/yoast.com\/product\/yoast-seo-wordpress\/ -->\n<title>Kapazin tot\u00e1lis gyomirt\u00f3 szer 1L - T\u00e1jkert\u00e9sz<\/title>\n<meta name=\"description\" content=\"Kapazin tot\u00e1lis gyomirt\u00f3 szer 1L. Sz\u00e1nt\u00f3f\u00f6ldi kult\u00far\u00e1kban, azok vet\u00e9se el\u0151tt, illetve ut\u00e1n a cs\u00edr\u00e1z\u00e1s megindul\u00e1s\u00e1ig, akkor, ha az elvetett magvakat legal\u00e1bb\" \/>\n<meta name=\"robots\" content=\"index, follow, max-snippet:-1, max-image-preview:large, max-video-preview:-1\" \/>\n<link rel=\"canonical\" href=\"https:\/\/tajkertesz.com\/en_US\/product\/kapazin-totalis-gyomirto-szer-1l\/\" \/>\n<meta property=\"og:locale\" content=\"en_US\" \/>\n<meta property=\"og:type\" content=\"article\" \/>\n<meta property=\"og:title\" content=\"Kapazin tot\u00e1lis gyomirt\u00f3 szer 1L - T\u00e1jkert\u00e9sz\" \/>\n<meta property=\"og:description\" content=\"Kapazin tot\u00e1lis gyomirt\u00f3 szer 1L. Sz\u00e1nt\u00f3f\u00f6ldi kult\u00far\u00e1kban, azok vet\u00e9se el\u0151tt, illetve ut\u00e1n a cs\u00edr\u00e1z\u00e1s megindul\u00e1s\u00e1ig, akkor, ha az elvetett magvakat legal\u00e1bb\" \/>\n<meta property=\"og:url\" content=\"https:\/\/tajkertesz.com\/en_US\/product\/kapazin-totalis-gyomirto-szer-1l\/\" \/>\n<meta property=\"og:site_name\" content=\"T\u00e1jkert\u00e9sz\" \/>\n<meta property=\"article:publisher\" content=\"https:\/\/www.facebook.com\/Tajkertesz\/\" \/>\n<meta property=\"article:modified_time\" content=\"2026-02-12T15:30:30+00:00\" \/>\n<meta property=\"og:image\" content=\"https:\/\/tajkertesz.com\/wp-content\/uploads\/2024\/02\/kapz4001.jpg\" \/>\n\t<meta property=\"og:image:width\" content=\"940\" \/>\n\t<meta property=\"og:image:height\" content=\"788\" \/>\n\t<meta property=\"og:image:type\" content=\"image\/jpeg\" \/>\n<meta name=\"twitter:card\" content=\"summary_large_image\" \/>\n<meta name=\"twitter:label1\" content=\"Est. reading time\" \/>\n\t<meta name=\"twitter:data1\" content=\"3 minutes\" \/>\n<script type=\"application\/ld+json\" class=\"yoast-schema-graph\">{\"@context\":\"https:\\\/\\\/schema.org\",\"@graph\":[{\"@type\":\"WebPage\",\"@id\":\"https:\\\/\\\/tajkertesz.com\\\/termek\\\/kapazin-totalis-gyomirto-szer-1l\\\/\",\"url\":\"https:\\\/\\\/tajkertesz.com\\\/termek\\\/kapazin-totalis-gyomirto-szer-1l\\\/\",\"name\":\"Kapazin tot\u00e1lis gyomirt\u00f3 szer 1L - T\u00e1jkert\u00e9sz\",\"isPartOf\":{\"@id\":\"https:\\\/\\\/tajkertesz.com\\\/#website\"},\"primaryImageOfPage\":{\"@id\":\"https:\\\/\\\/tajkertesz.com\\\/termek\\\/kapazin-totalis-gyomirto-szer-1l\\\/#primaryimage\"},\"image\":{\"@id\":\"https:\\\/\\\/tajkertesz.com\\\/termek\\\/kapazin-totalis-gyomirto-szer-1l\\\/#primaryimage\"},\"thumbnailUrl\":\"https:\\\/\\\/tajkertesz.com\\\/wp-content\\\/uploads\\\/2024\\\/02\\\/kapz4001.jpg\",\"datePublished\":\"2024-02-06T15:07:44+00:00\",\"dateModified\":\"2026-02-12T15:30:30+00:00\",\"description\":\"Kapazin tot\u00e1lis gyomirt\u00f3 szer 1L. Sz\u00e1nt\u00f3f\u00f6ldi kult\u00far\u00e1kban, azok vet\u00e9se el\u0151tt, illetve ut\u00e1n a cs\u00edr\u00e1z\u00e1s megindul\u00e1s\u00e1ig, akkor, ha az elvetett magvakat legal\u00e1bb\",\"breadcrumb\":{\"@id\":\"https:\\\/\\\/tajkertesz.com\\\/termek\\\/kapazin-totalis-gyomirto-szer-1l\\\/#breadcrumb\"},\"inLanguage\":\"en-US\",\"potentialAction\":[{\"@type\":\"ReadAction\",\"target\":[\"https:\\\/\\\/tajkertesz.com\\\/termek\\\/kapazin-totalis-gyomirto-szer-1l\\\/\"]}]},{\"@type\":\"ImageObject\",\"inLanguage\":\"en-US\",\"@id\":\"https:\\\/\\\/tajkertesz.com\\\/termek\\\/kapazin-totalis-gyomirto-szer-1l\\\/#primaryimage\",\"url\":\"https:\\\/\\\/tajkertesz.com\\\/wp-content\\\/uploads\\\/2024\\\/02\\\/kapz4001.jpg\",\"contentUrl\":\"https:\\\/\\\/tajkertesz.com\\\/wp-content\\\/uploads\\\/2024\\\/02\\\/kapz4001.jpg\",\"width\":940,\"height\":788},{\"@type\":\"BreadcrumbList\",\"@id\":\"https:\\\/\\\/tajkertesz.com\\\/termek\\\/kapazin-totalis-gyomirto-szer-1l\\\/#breadcrumb\",\"itemListElement\":[{\"@type\":\"ListItem\",\"position\":1,\"name\":\"Home\",\"item\":\"https:\\\/\\\/tajkertesz.com\\\/\"},{\"@type\":\"ListItem\",\"position\":2,\"name\":\"Kezd\u0151lap\",\"item\":\"https:\\\/\\\/tajkertesz.com\\\/\"},{\"@type\":\"ListItem\",\"position\":3,\"name\":\"Kapazin tot\u00e1lis gyomirt\u00f3 szer 1L\"}]},{\"@type\":\"WebSite\",\"@id\":\"https:\\\/\\\/tajkertesz.com\\\/#website\",\"url\":\"https:\\\/\\\/tajkertesz.com\\\/\",\"name\":\"T\u00e1j-Kert\u00e9sz 84 Kft.\",\"description\":\"Kert\u00e9szeti kis- \u00e9s nagykeresked\u00e9s, D\u00edszn\u00f6v\u00e9ny web\u00e1ruh\u00e1z orsz\u00e1gos h\u00e1zhozsz\u00e1ll\u00edt\u00e1ssal!\",\"publisher\":{\"@id\":\"https:\\\/\\\/tajkertesz.com\\\/#organization\"},\"potentialAction\":[{\"@type\":\"SearchAction\",\"target\":{\"@type\":\"EntryPoint\",\"urlTemplate\":\"https:\\\/\\\/tajkertesz.com\\\/?s={search_term_string}\"},\"query-input\":{\"@type\":\"PropertyValueSpecification\",\"valueRequired\":true,\"valueName\":\"search_term_string\"}}],\"inLanguage\":\"en-US\"},{\"@type\":\"Organization\",\"@id\":\"https:\\\/\\\/tajkertesz.com\\\/#organization\",\"name\":\"T\u00e1j-Kert\u00e9sz 84 Kft.\",\"url\":\"https:\\\/\\\/tajkertesz.com\\\/\",\"logo\":{\"@type\":\"ImageObject\",\"inLanguage\":\"en-US\",\"@id\":\"https:\\\/\\\/tajkertesz.com\\\/#\\\/schema\\\/logo\\\/image\\\/\",\"url\":\"https:\\\/\\\/tajkertesz.com\\\/wp-content\\\/uploads\\\/2018\\\/02\\\/logo-2-e1518678052539.png\",\"contentUrl\":\"https:\\\/\\\/tajkertesz.com\\\/wp-content\\\/uploads\\\/2018\\\/02\\\/logo-2-e1518678052539.png\",\"width\":81,\"height\":140,\"caption\":\"T\u00e1j-Kert\u00e9sz 84 Kft.\"},\"image\":{\"@id\":\"https:\\\/\\\/tajkertesz.com\\\/#\\\/schema\\\/logo\\\/image\\\/\"},\"sameAs\":[\"https:\\\/\\\/www.facebook.com\\\/Tajkertesz\\\/\"]}]}<\/script>\n<!-- \/ Yoast SEO plugin. -->","yoast_head_json":{"title":"Kapazin tot\u00e1lis gyomirt\u00f3 szer 1L - T\u00e1jkert\u00e9sz","description":"Kapazin tot\u00e1lis gyomirt\u00f3 szer 1L. Sz\u00e1nt\u00f3f\u00f6ldi kult\u00far\u00e1kban, azok vet\u00e9se el\u0151tt, illetve ut\u00e1n a cs\u00edr\u00e1z\u00e1s megindul\u00e1s\u00e1ig, akkor, ha az elvetett magvakat legal\u00e1bb","robots":{"index":"index","follow":"follow","max-snippet":"max-snippet:-1","max-image-preview":"max-image-preview:large","max-video-preview":"max-video-preview:-1"},"canonical":"https:\/\/tajkertesz.com\/en_US\/product\/kapazin-totalis-gyomirto-szer-1l\/","og_locale":"en_US","og_type":"article","og_title":"Kapazin tot\u00e1lis gyomirt\u00f3 szer 1L - T\u00e1jkert\u00e9sz","og_description":"Kapazin tot\u00e1lis gyomirt\u00f3 szer 1L. Sz\u00e1nt\u00f3f\u00f6ldi kult\u00far\u00e1kban, azok vet\u00e9se el\u0151tt, illetve ut\u00e1n a cs\u00edr\u00e1z\u00e1s megindul\u00e1s\u00e1ig, akkor, ha az elvetett magvakat legal\u00e1bb","og_url":"https:\/\/tajkertesz.com\/en_US\/product\/kapazin-totalis-gyomirto-szer-1l\/","og_site_name":"T\u00e1jkert\u00e9sz","article_publisher":"https:\/\/www.facebook.com\/Tajkertesz\/","article_modified_time":"2026-02-12T15:30:30+00:00","og_image":[{"width":940,"height":788,"url":"https:\/\/tajkertesz.com\/wp-content\/uploads\/2024\/02\/kapz4001.jpg","type":"image\/jpeg"}],"twitter_card":"summary_large_image","twitter_misc":{"Est. reading time":"3 minutes"},"schema":{"@context":"https:\/\/schema.org","@graph":[{"@type":"WebPage","@id":"https:\/\/tajkertesz.com\/termek\/kapazin-totalis-gyomirto-szer-1l\/","url":"https:\/\/tajkertesz.com\/termek\/kapazin-totalis-gyomirto-szer-1l\/","name":"Kapazin tot\u00e1lis gyomirt\u00f3 szer 1L - T\u00e1jkert\u00e9sz","isPartOf":{"@id":"https:\/\/tajkertesz.com\/#website"},"primaryImageOfPage":{"@id":"https:\/\/tajkertesz.com\/termek\/kapazin-totalis-gyomirto-szer-1l\/#primaryimage"},"image":{"@id":"https:\/\/tajkertesz.com\/termek\/kapazin-totalis-gyomirto-szer-1l\/#primaryimage"},"thumbnailUrl":"https:\/\/tajkertesz.com\/wp-content\/uploads\/2024\/02\/kapz4001.jpg","datePublished":"2024-02-06T15:07:44+00:00","dateModified":"2026-02-12T15:30:30+00:00","description":"Kapazin tot\u00e1lis gyomirt\u00f3 szer 1L. Sz\u00e1nt\u00f3f\u00f6ldi kult\u00far\u00e1kban, azok vet\u00e9se el\u0151tt, illetve ut\u00e1n a cs\u00edr\u00e1z\u00e1s megindul\u00e1s\u00e1ig, akkor, ha az elvetett magvakat legal\u00e1bb","breadcrumb":{"@id":"https:\/\/tajkertesz.com\/termek\/kapazin-totalis-gyomirto-szer-1l\/#breadcrumb"},"inLanguage":"en-US","potentialAction":[{"@type":"ReadAction","target":["https:\/\/tajkertesz.com\/termek\/kapazin-totalis-gyomirto-szer-1l\/"]}]},{"@type":"ImageObject","inLanguage":"en-US","@id":"https:\/\/tajkertesz.com\/termek\/kapazin-totalis-gyomirto-szer-1l\/#primaryimage","url":"https:\/\/tajkertesz.com\/wp-content\/uploads\/2024\/02\/kapz4001.jpg","contentUrl":"https:\/\/tajkertesz.com\/wp-content\/uploads\/2024\/02\/kapz4001.jpg","width":940,"height":788},{"@type":"BreadcrumbList","@id":"https:\/\/tajkertesz.com\/termek\/kapazin-totalis-gyomirto-szer-1l\/#breadcrumb","itemListElement":[{"@type":"ListItem","position":1,"name":"Home","item":"https:\/\/tajkertesz.com\/"},{"@type":"ListItem","position":2,"name":"Kezd\u0151lap","item":"https:\/\/tajkertesz.com\/"},{"@type":"ListItem","position":3,"name":"Kapazin tot\u00e1lis gyomirt\u00f3 szer 1L"}]},{"@type":"WebSite","@id":"https:\/\/tajkertesz.com\/#website","url":"https:\/\/tajkertesz.com\/","name":"T\u00e1j-Kert\u00e9sz 84 Kft.","description":"Kert\u00e9szeti kis- \u00e9s nagykeresked\u00e9s, D\u00edszn\u00f6v\u00e9ny web\u00e1ruh\u00e1z orsz\u00e1gos h\u00e1zhozsz\u00e1ll\u00edt\u00e1ssal!","publisher":{"@id":"https:\/\/tajkertesz.com\/#organization"},"potentialAction":[{"@type":"SearchAction","target":{"@type":"EntryPoint","urlTemplate":"https:\/\/tajkertesz.com\/?s={search_term_string}"},"query-input":{"@type":"PropertyValueSpecification","valueRequired":true,"valueName":"search_term_string"}}],"inLanguage":"en-US"},{"@type":"Organization","@id":"https:\/\/tajkertesz.com\/#organization","name":"T\u00e1j-Kert\u00e9sz 84 Kft.","url":"https:\/\/tajkertesz.com\/","logo":{"@type":"ImageObject","inLanguage":"en-US","@id":"https:\/\/tajkertesz.com\/#\/schema\/logo\/image\/","url":"https:\/\/tajkertesz.com\/wp-content\/uploads\/2018\/02\/logo-2-e1518678052539.png","contentUrl":"https:\/\/tajkertesz.com\/wp-content\/uploads\/2018\/02\/logo-2-e1518678052539.png","width":81,"height":140,"caption":"T\u00e1j-Kert\u00e9sz 84 Kft."},"image":{"@id":"https:\/\/tajkertesz.com\/#\/schema\/logo\/image\/"},"sameAs":["https:\/\/www.facebook.com\/Tajkertesz\/"]}]}},"_links":{"self":[{"href":"https:\/\/tajkertesz.com\/en_US\/wp-json\/wp\/v2\/product\/19111","targetHints":{"allow":["GET"]}}],"collection":[{"href":"https:\/\/tajkertesz.com\/en_US\/wp-json\/wp\/v2\/product"}],"about":[{"href":"https:\/\/tajkertesz.com\/en_US\/wp-json\/wp\/v2\/types\/product"}],"wp:featuredmedia":[{"embeddable":true,"href":"https:\/\/tajkertesz.com\/en_US\/wp-json\/wp\/v2\/media\/19112"}],"wp:attachment":[{"href":"https:\/\/tajkertesz.com\/en_US\/wp-json\/wp\/v2\/media?parent=19111"}],"wp:term":[{"taxonomy":"product_brand","embeddable":true,"href":"https:\/\/tajkertesz.com\/en_US\/wp-json\/wp\/v2\/product_brand?post=19111"},{"taxonomy":"product_cat","embeddable":true,"href":"https:\/\/tajkertesz.com\/en_US\/wp-json\/wp\/v2\/product_cat?post=19111"},{"taxonomy":"product_tag","embeddable":true,"href":"https:\/\/tajkertesz.com\/en_US\/wp-json\/wp\/v2\/product_tag?post=19111"}],"curies":[{"name":"wp","href":"https:\/\/api.w.org\/{rel}","templated":true}]}}