{"id":19134,"date":"2024-02-08T15:38:22","date_gmt":"2024-02-08T15:38:22","guid":{"rendered":"https:\/\/tajkertesz.com\/?post_type=product&#038;p=19134"},"modified":"2025-11-19T15:20:12","modified_gmt":"2025-11-19T15:20:12","slug":"agapanthus-kek-viragu-szerelemvirag","status":"publish","type":"product","link":"https:\/\/tajkertesz.com\/en_US\/product\/agapanthus-kek-viragu-szerelemvirag\/","title":{"rendered":"Agapanthus  k\u00e9k vir\u00e1g\u00fa szerelemvir\u00e1g"},"content":{"rendered":"<p>Agapanthus k\u00e9k vir\u00e1g\u00fa szerelemvir\u00e1g<\/p>\n<p>AGAPANTHUS AFRICANUS<\/p>\n<p>&nbsp;<\/p>\n<p>Az Agapanthus nemzets\u00e9g\u00e9n bel\u00fcl hibrid. Sz\u00e1las levelei 40-60 cm hossz\u00fara is megn\u0151hetnek. Laza, humuszos talajt, b\u0151s\u00e9ges v\u00edzell\u00e1t\u00e1st, napf\u00e9nyes, meleg helyet kedvel. Kiv\u00e1l\u00f3 v\u00e1gott vir\u00e1g.<\/p>\n<p>D\u00e9l-Afrik\u00e1b\u00f3l sz\u00e1rmaz\u00f3, gy\u00f6kt\u00f6rzses n\u00f6v\u00e9ny.<\/p>\n<p>T\u0151\u00e1ll\u00f3 levelei keskenyek, \u00e9l\u00e9nkz\u00f6ldek, szalagszer\u0171ek. A vir\u00e1gsz\u00e1r er\u0151s, magas, cs\u00facs\u00e1n 2-3 cm \u00e1tm\u00e9r\u0151j\u0171, k\u00e9k sz\u00edn\u0171 vir\u00e1gokb\u00f3l alkotott, nagy, t\u00f6m\u00f6tt, g\u00f6mbszer\u0171 vir\u00e1gzat \u00fcl.<\/p>\n<p>Napos kertr\u00e9szek, meleg teraszok ide\u00e1lis d\u00e9zs\u00e1s n\u00f6v\u00e9nye. T\u00e1panyagban gazdag, j\u00f3 v\u00edzelvezet\u00e9s\u0171 talajon, b\u0151s\u00e9ges v\u00edzell\u00e1t\u00e1s mellezz fejl\u0151dik a legjobban. \u00c9rdemes nagyobb ed\u00e9nybe \u00fcltetni \u00e9s t\u00f6bb \u00e9vig abban nevelni, mert a bolygat\u00e1s, \u00e1t\u00fcltet\u00e9s a k\u00f6vetkez\u0151 \u00e9vi vir\u00e1gz\u00e1sra kedvez\u0151tlen\u00fcl hat.<\/p>\n<p>Ezek a n\u00f6v\u00e9nyek nem t\u00e9l\u00e1ll\u00f3ak. Cser\u00e9pben nevelhet\u0151k, esetleg kifejezetten szoban\u00f6v\u00e9nyek, m\u00e9gsem tarthat\u00f3k eg\u00e9sz \u00e9ven \u00e1t veget\u00e1ci\u00f3ban, hanem eredeti \u00e9l\u0151hely\u00fck\u00f6n kialakult \u00e9letritmusuk szerint nyugalmi id\u0151szakra van sz\u00fcks\u00e9g\u00fck. Lombozatukat a t\u00e9li nyugalmi id\u0151szak alatt nem sz\u00fcks\u00e9ges lesz\u00e1r\u00edtani, \u201e\u00f6r\u00f6kz\u00f6ld\u201d n\u00f6v\u00e9nyk\u00e9nt tarthatjuk. Helyezz\u00fck cserepest\u0151l h\u0171v\u00f6s (5-10 fok), vil\u00e1gos helyre. Csak ritk\u00e1n, m\u00e9rs\u00e9kelten \u00f6nt\u00f6zz\u00fck, \u00e9ppen csak annyira, hogy levelei ne fonnyadjanak. Fontos, hogy ne tartsuk s\u00f6t\u00e9t helyen, \u00e9s ne \u00f6nt\u00f6zz\u00fck t\u00fal a n\u00f6v\u00e9nyt.<\/p>\n<p>Nem t\u00e9l\u00e1ll\u00f3.<\/p>\n<ul>\n<li>M\u00e9ret: 60-90 cm<\/li>\n<li>Vir\u00e1gz\u00e1s: j\u00falius-szeptember<\/li>\n<li>\u00dcltet\u00e9s: m\u00e1rcius\/m\u00e1jus<\/li>\n<li>F\u00e9nyig\u00e9ny:<span class=\"fekete2\">\u00a0nap<\/span><\/li>\n<li>T\u00e9l\u00e1ll\u00f3s\u00e1g: nem<\/li>\n<li>Felhaszn\u00e1l\u00e1s:\u00a0<span class=\"fekete2\">cserepes, v\u00e1gott-vir\u00e1g<\/span><\/li>\n<\/ul>\n<p>&nbsp;<\/p>\n<p><strong>Amennyiben nagyobb mennyis\u00e9gre lenne sz\u00fcks\u00e9g, vegye fel vel\u00fcnk a kapcsolatot \u00e9s beszerezz\u00fck!<\/strong><\/p>\n<p><strong>K\u00e9szlet\u00fcnk napi szinten v\u00e1ltozik, ez\u00e9rt a v\u00e1ltoz\u00e1s jog\u00e1t fenntartjuk!<\/strong><\/p>\n<p>&nbsp;<\/p>\n<p><strong>K\u00e9szlet\u00fcnk napi szinten v\u00e1ltozik, ez\u00e9rt k\u00e9rj\u00fck, \u00e9rdekl\u0151dj\u00f6n szem\u00e9lyesen, telefonon vagy email-en.<br \/>\nA v\u00e1ltoztat\u00e1s jog\u00e1t fenntartjuk!\u00a0<\/strong><\/p>\n<p>&nbsp;<\/p>\n<p><a href=\"https:\/\/tajkertesz.com\/\">https:\/\/tajkertesz.com\/<\/a><\/p>\n<p><a href=\"https:\/\/www.facebook.com\/tajkertesz\/\">https:\/\/www.facebook.com\/tajkertesz\/<\/a><\/p>\n<p>Kisz\u00e1ll\u00edt\u00e1s: 200cm-ig \u00a0\u00e9s 40 kg-ig a sz\u00e1ll\u00edt\u00e1s fut\u00e1rszolg\u00e1lattal \u00a0t\u00f6rt\u00e9nik.<\/p>\n<p>Szem\u00e9lyes \u00e1tv\u00e9tel nyitvatart\u00e1si id\u0151ben a 17. ker\u00fclet Bakancsos utca 7. sz\u00e1m alatti Kert\u00e9szeti \u00e1rud\u00e1ban.<\/p>\n<p>&nbsp;<\/p>\n<p><span style=\"color: #ffffff;\">, he<\/span><\/p>","protected":false},"excerpt":{"rendered":"<p>Agapanthus k\u00e9k vir\u00e1g\u00fa szerelemvir\u00e1g\u00a0 -AGAPANTHUS AFRICANUS<\/p>\n<p>Az Agapanthus nemzets\u00e9g\u00e9n bel\u00fcl hibrid. Sz\u00e1las levelei 40-60 cm hossz\u00fara is megn\u0151hetnek. Laza, humuszos talajt, b\u0151s\u00e9ges v\u00edzell\u00e1t\u00e1st, napf\u00e9nyes, meleg helyet kedvel. Kiv\u00e1l\u00f3 v\u00e1gott vir\u00e1g.<\/p>","protected":false},"featured_media":19135,"template":"","meta":{"_et_pb_use_builder":"","_et_pb_old_content":"","_et_gb_content_width":""},"product_brand":[],"product_cat":[3857],"product_tag":[4863,4861,4864,4865,4862,4320],"class_list":{"0":"post-19134","1":"product","2":"type-product","3":"status-publish","4":"has-post-thumbnail","6":"product_cat-viraghagyma-dughagyma","7":"product_tag-africanus","8":"product_tag-agapanthus","9":"product_tag-albus","10":"product_tag-kek","11":"product_tag-szerelemvirag","12":"product_tag-viragu","14":"first","15":"outofstock","16":"shipping-taxable","17":"product-type-simple"},"yoast_head":"<!-- This site is optimized with the Yoast SEO plugin v27.5 - https:\/\/yoast.com\/product\/yoast-seo-wordpress\/ -->\n<title>Agapanthus k\u00e9k vir\u00e1g\u00fa szerelemvir\u00e1g - T\u00e1jkert\u00e9sz<\/title>\n<meta name=\"description\" content=\"Az Agapanthus k\u00e9k vir\u00e1g\u00fa szerelemvir\u00e1g sz\u00e1las levelei 40-60 cm hossz\u00fara is megn\u0151hetnek. Laza talajt, napf\u00e9nyes, meleg helyet kedvel. Kiv\u00e1l\u00f3 v\u00e1gott vir\u00e1g.\" \/>\n<meta name=\"robots\" content=\"index, follow, max-snippet:-1, max-image-preview:large, max-video-preview:-1\" \/>\n<link rel=\"canonical\" href=\"https:\/\/tajkertesz.com\/en_US\/product\/agapanthus-kek-viragu-szerelemvirag\/\" \/>\n<meta property=\"og:locale\" content=\"en_US\" \/>\n<meta property=\"og:type\" content=\"article\" \/>\n<meta property=\"og:title\" content=\"Agapanthus k\u00e9k vir\u00e1g\u00fa szerelemvir\u00e1g - T\u00e1jkert\u00e9sz\" \/>\n<meta property=\"og:description\" content=\"Az Agapanthus k\u00e9k vir\u00e1g\u00fa szerelemvir\u00e1g sz\u00e1las levelei 40-60 cm hossz\u00fara is megn\u0151hetnek. Laza talajt, napf\u00e9nyes, meleg helyet kedvel. Kiv\u00e1l\u00f3 v\u00e1gott vir\u00e1g.\" \/>\n<meta property=\"og:url\" content=\"https:\/\/tajkertesz.com\/en_US\/product\/agapanthus-kek-viragu-szerelemvirag\/\" \/>\n<meta property=\"og:site_name\" content=\"T\u00e1jkert\u00e9sz\" \/>\n<meta property=\"article:publisher\" content=\"https:\/\/www.facebook.com\/Tajkertesz\/\" \/>\n<meta property=\"article:modified_time\" content=\"2025-11-19T15:20:12+00:00\" \/>\n<meta property=\"og:image\" content=\"https:\/\/tajkertesz.com\/wp-content\/uploads\/2024\/02\/agapanthus-kek.jpg\" \/>\n\t<meta property=\"og:image:width\" content=\"370\" \/>\n\t<meta property=\"og:image:height\" content=\"559\" \/>\n\t<meta property=\"og:image:type\" content=\"image\/jpeg\" \/>\n<meta name=\"twitter:card\" content=\"summary_large_image\" \/>\n<meta name=\"twitter:label1\" content=\"Est. reading time\" \/>\n\t<meta name=\"twitter:data1\" content=\"2 minutes\" \/>\n<script type=\"application\/ld+json\" class=\"yoast-schema-graph\">{\"@context\":\"https:\\\/\\\/schema.org\",\"@graph\":[{\"@type\":\"WebPage\",\"@id\":\"https:\\\/\\\/tajkertesz.com\\\/termek\\\/agapanthus-kek-viragu-szerelemvirag\\\/\",\"url\":\"https:\\\/\\\/tajkertesz.com\\\/termek\\\/agapanthus-kek-viragu-szerelemvirag\\\/\",\"name\":\"Agapanthus k\u00e9k vir\u00e1g\u00fa szerelemvir\u00e1g - T\u00e1jkert\u00e9sz\",\"isPartOf\":{\"@id\":\"https:\\\/\\\/tajkertesz.com\\\/#website\"},\"primaryImageOfPage\":{\"@id\":\"https:\\\/\\\/tajkertesz.com\\\/termek\\\/agapanthus-kek-viragu-szerelemvirag\\\/#primaryimage\"},\"image\":{\"@id\":\"https:\\\/\\\/tajkertesz.com\\\/termek\\\/agapanthus-kek-viragu-szerelemvirag\\\/#primaryimage\"},\"thumbnailUrl\":\"https:\\\/\\\/tajkertesz.com\\\/wp-content\\\/uploads\\\/2024\\\/02\\\/agapanthus-kek.jpg\",\"datePublished\":\"2024-02-08T15:38:22+00:00\",\"dateModified\":\"2025-11-19T15:20:12+00:00\",\"description\":\"Az Agapanthus k\u00e9k vir\u00e1g\u00fa szerelemvir\u00e1g sz\u00e1las levelei 40-60 cm hossz\u00fara is megn\u0151hetnek. Laza talajt, napf\u00e9nyes, meleg helyet kedvel. Kiv\u00e1l\u00f3 v\u00e1gott vir\u00e1g.\",\"breadcrumb\":{\"@id\":\"https:\\\/\\\/tajkertesz.com\\\/termek\\\/agapanthus-kek-viragu-szerelemvirag\\\/#breadcrumb\"},\"inLanguage\":\"en-US\",\"potentialAction\":[{\"@type\":\"ReadAction\",\"target\":[\"https:\\\/\\\/tajkertesz.com\\\/termek\\\/agapanthus-kek-viragu-szerelemvirag\\\/\"]}]},{\"@type\":\"ImageObject\",\"inLanguage\":\"en-US\",\"@id\":\"https:\\\/\\\/tajkertesz.com\\\/termek\\\/agapanthus-kek-viragu-szerelemvirag\\\/#primaryimage\",\"url\":\"https:\\\/\\\/tajkertesz.com\\\/wp-content\\\/uploads\\\/2024\\\/02\\\/agapanthus-kek.jpg\",\"contentUrl\":\"https:\\\/\\\/tajkertesz.com\\\/wp-content\\\/uploads\\\/2024\\\/02\\\/agapanthus-kek.jpg\",\"width\":370,\"height\":559},{\"@type\":\"BreadcrumbList\",\"@id\":\"https:\\\/\\\/tajkertesz.com\\\/termek\\\/agapanthus-kek-viragu-szerelemvirag\\\/#breadcrumb\",\"itemListElement\":[{\"@type\":\"ListItem\",\"position\":1,\"name\":\"Home\",\"item\":\"https:\\\/\\\/tajkertesz.com\\\/\"},{\"@type\":\"ListItem\",\"position\":2,\"name\":\"Kezd\u0151lap\",\"item\":\"https:\\\/\\\/tajkertesz.com\\\/\"},{\"@type\":\"ListItem\",\"position\":3,\"name\":\"Agapanthus k\u00e9k vir\u00e1g\u00fa szerelemvir\u00e1g\"}]},{\"@type\":\"WebSite\",\"@id\":\"https:\\\/\\\/tajkertesz.com\\\/#website\",\"url\":\"https:\\\/\\\/tajkertesz.com\\\/\",\"name\":\"T\u00e1j-Kert\u00e9sz 84 Kft.\",\"description\":\"Kert\u00e9szeti kis- \u00e9s nagykeresked\u00e9s, D\u00edszn\u00f6v\u00e9ny web\u00e1ruh\u00e1z orsz\u00e1gos h\u00e1zhozsz\u00e1ll\u00edt\u00e1ssal!\",\"publisher\":{\"@id\":\"https:\\\/\\\/tajkertesz.com\\\/#organization\"},\"potentialAction\":[{\"@type\":\"SearchAction\",\"target\":{\"@type\":\"EntryPoint\",\"urlTemplate\":\"https:\\\/\\\/tajkertesz.com\\\/?s={search_term_string}\"},\"query-input\":{\"@type\":\"PropertyValueSpecification\",\"valueRequired\":true,\"valueName\":\"search_term_string\"}}],\"inLanguage\":\"en-US\"},{\"@type\":\"Organization\",\"@id\":\"https:\\\/\\\/tajkertesz.com\\\/#organization\",\"name\":\"T\u00e1j-Kert\u00e9sz 84 Kft.\",\"url\":\"https:\\\/\\\/tajkertesz.com\\\/\",\"logo\":{\"@type\":\"ImageObject\",\"inLanguage\":\"en-US\",\"@id\":\"https:\\\/\\\/tajkertesz.com\\\/#\\\/schema\\\/logo\\\/image\\\/\",\"url\":\"https:\\\/\\\/tajkertesz.com\\\/wp-content\\\/uploads\\\/2018\\\/02\\\/logo-2-e1518678052539.png\",\"contentUrl\":\"https:\\\/\\\/tajkertesz.com\\\/wp-content\\\/uploads\\\/2018\\\/02\\\/logo-2-e1518678052539.png\",\"width\":81,\"height\":140,\"caption\":\"T\u00e1j-Kert\u00e9sz 84 Kft.\"},\"image\":{\"@id\":\"https:\\\/\\\/tajkertesz.com\\\/#\\\/schema\\\/logo\\\/image\\\/\"},\"sameAs\":[\"https:\\\/\\\/www.facebook.com\\\/Tajkertesz\\\/\"]}]}<\/script>\n<!-- \/ Yoast SEO plugin. -->","yoast_head_json":{"title":"Agapanthus k\u00e9k vir\u00e1g\u00fa szerelemvir\u00e1g - T\u00e1jkert\u00e9sz","description":"Az Agapanthus k\u00e9k vir\u00e1g\u00fa szerelemvir\u00e1g sz\u00e1las levelei 40-60 cm hossz\u00fara is megn\u0151hetnek. Laza talajt, napf\u00e9nyes, meleg helyet kedvel. Kiv\u00e1l\u00f3 v\u00e1gott vir\u00e1g.","robots":{"index":"index","follow":"follow","max-snippet":"max-snippet:-1","max-image-preview":"max-image-preview:large","max-video-preview":"max-video-preview:-1"},"canonical":"https:\/\/tajkertesz.com\/en_US\/product\/agapanthus-kek-viragu-szerelemvirag\/","og_locale":"en_US","og_type":"article","og_title":"Agapanthus k\u00e9k vir\u00e1g\u00fa szerelemvir\u00e1g - T\u00e1jkert\u00e9sz","og_description":"Az Agapanthus k\u00e9k vir\u00e1g\u00fa szerelemvir\u00e1g sz\u00e1las levelei 40-60 cm hossz\u00fara is megn\u0151hetnek. Laza talajt, napf\u00e9nyes, meleg helyet kedvel. Kiv\u00e1l\u00f3 v\u00e1gott vir\u00e1g.","og_url":"https:\/\/tajkertesz.com\/en_US\/product\/agapanthus-kek-viragu-szerelemvirag\/","og_site_name":"T\u00e1jkert\u00e9sz","article_publisher":"https:\/\/www.facebook.com\/Tajkertesz\/","article_modified_time":"2025-11-19T15:20:12+00:00","og_image":[{"width":370,"height":559,"url":"https:\/\/tajkertesz.com\/wp-content\/uploads\/2024\/02\/agapanthus-kek.jpg","type":"image\/jpeg"}],"twitter_card":"summary_large_image","twitter_misc":{"Est. reading time":"2 minutes"},"schema":{"@context":"https:\/\/schema.org","@graph":[{"@type":"WebPage","@id":"https:\/\/tajkertesz.com\/termek\/agapanthus-kek-viragu-szerelemvirag\/","url":"https:\/\/tajkertesz.com\/termek\/agapanthus-kek-viragu-szerelemvirag\/","name":"Agapanthus k\u00e9k vir\u00e1g\u00fa szerelemvir\u00e1g - T\u00e1jkert\u00e9sz","isPartOf":{"@id":"https:\/\/tajkertesz.com\/#website"},"primaryImageOfPage":{"@id":"https:\/\/tajkertesz.com\/termek\/agapanthus-kek-viragu-szerelemvirag\/#primaryimage"},"image":{"@id":"https:\/\/tajkertesz.com\/termek\/agapanthus-kek-viragu-szerelemvirag\/#primaryimage"},"thumbnailUrl":"https:\/\/tajkertesz.com\/wp-content\/uploads\/2024\/02\/agapanthus-kek.jpg","datePublished":"2024-02-08T15:38:22+00:00","dateModified":"2025-11-19T15:20:12+00:00","description":"Az Agapanthus k\u00e9k vir\u00e1g\u00fa szerelemvir\u00e1g sz\u00e1las levelei 40-60 cm hossz\u00fara is megn\u0151hetnek. Laza talajt, napf\u00e9nyes, meleg helyet kedvel. Kiv\u00e1l\u00f3 v\u00e1gott vir\u00e1g.","breadcrumb":{"@id":"https:\/\/tajkertesz.com\/termek\/agapanthus-kek-viragu-szerelemvirag\/#breadcrumb"},"inLanguage":"en-US","potentialAction":[{"@type":"ReadAction","target":["https:\/\/tajkertesz.com\/termek\/agapanthus-kek-viragu-szerelemvirag\/"]}]},{"@type":"ImageObject","inLanguage":"en-US","@id":"https:\/\/tajkertesz.com\/termek\/agapanthus-kek-viragu-szerelemvirag\/#primaryimage","url":"https:\/\/tajkertesz.com\/wp-content\/uploads\/2024\/02\/agapanthus-kek.jpg","contentUrl":"https:\/\/tajkertesz.com\/wp-content\/uploads\/2024\/02\/agapanthus-kek.jpg","width":370,"height":559},{"@type":"BreadcrumbList","@id":"https:\/\/tajkertesz.com\/termek\/agapanthus-kek-viragu-szerelemvirag\/#breadcrumb","itemListElement":[{"@type":"ListItem","position":1,"name":"Home","item":"https:\/\/tajkertesz.com\/"},{"@type":"ListItem","position":2,"name":"Kezd\u0151lap","item":"https:\/\/tajkertesz.com\/"},{"@type":"ListItem","position":3,"name":"Agapanthus k\u00e9k vir\u00e1g\u00fa szerelemvir\u00e1g"}]},{"@type":"WebSite","@id":"https:\/\/tajkertesz.com\/#website","url":"https:\/\/tajkertesz.com\/","name":"T\u00e1j-Kert\u00e9sz 84 Kft.","description":"Kert\u00e9szeti kis- \u00e9s nagykeresked\u00e9s, D\u00edszn\u00f6v\u00e9ny web\u00e1ruh\u00e1z orsz\u00e1gos h\u00e1zhozsz\u00e1ll\u00edt\u00e1ssal!","publisher":{"@id":"https:\/\/tajkertesz.com\/#organization"},"potentialAction":[{"@type":"SearchAction","target":{"@type":"EntryPoint","urlTemplate":"https:\/\/tajkertesz.com\/?s={search_term_string}"},"query-input":{"@type":"PropertyValueSpecification","valueRequired":true,"valueName":"search_term_string"}}],"inLanguage":"en-US"},{"@type":"Organization","@id":"https:\/\/tajkertesz.com\/#organization","name":"T\u00e1j-Kert\u00e9sz 84 Kft.","url":"https:\/\/tajkertesz.com\/","logo":{"@type":"ImageObject","inLanguage":"en-US","@id":"https:\/\/tajkertesz.com\/#\/schema\/logo\/image\/","url":"https:\/\/tajkertesz.com\/wp-content\/uploads\/2018\/02\/logo-2-e1518678052539.png","contentUrl":"https:\/\/tajkertesz.com\/wp-content\/uploads\/2018\/02\/logo-2-e1518678052539.png","width":81,"height":140,"caption":"T\u00e1j-Kert\u00e9sz 84 Kft."},"image":{"@id":"https:\/\/tajkertesz.com\/#\/schema\/logo\/image\/"},"sameAs":["https:\/\/www.facebook.com\/Tajkertesz\/"]}]}},"_links":{"self":[{"href":"https:\/\/tajkertesz.com\/en_US\/wp-json\/wp\/v2\/product\/19134","targetHints":{"allow":["GET"]}}],"collection":[{"href":"https:\/\/tajkertesz.com\/en_US\/wp-json\/wp\/v2\/product"}],"about":[{"href":"https:\/\/tajkertesz.com\/en_US\/wp-json\/wp\/v2\/types\/product"}],"wp:featuredmedia":[{"embeddable":true,"href":"https:\/\/tajkertesz.com\/en_US\/wp-json\/wp\/v2\/media\/19135"}],"wp:attachment":[{"href":"https:\/\/tajkertesz.com\/en_US\/wp-json\/wp\/v2\/media?parent=19134"}],"wp:term":[{"taxonomy":"product_brand","embeddable":true,"href":"https:\/\/tajkertesz.com\/en_US\/wp-json\/wp\/v2\/product_brand?post=19134"},{"taxonomy":"product_cat","embeddable":true,"href":"https:\/\/tajkertesz.com\/en_US\/wp-json\/wp\/v2\/product_cat?post=19134"},{"taxonomy":"product_tag","embeddable":true,"href":"https:\/\/tajkertesz.com\/en_US\/wp-json\/wp\/v2\/product_tag?post=19134"}],"curies":[{"name":"wp","href":"https:\/\/api.w.org\/{rel}","templated":true}]}}