{"id":19178,"date":"2024-02-13T11:01:07","date_gmt":"2024-02-13T11:01:07","guid":{"rendered":"https:\/\/tajkertesz.com\/?post_type=product&#038;p=19178"},"modified":"2026-02-24T10:16:30","modified_gmt":"2026-02-24T10:16:30","slug":"substral-naturen-bio-lotragya-pellet-20kg","status":"publish","type":"product","link":"https:\/\/tajkertesz.com\/en_US\/product\/substral-naturen-bio-lotragya-pellet-20kg\/","title":{"rendered":"Substral Naturen Bio l\u00f3tr\u00e1gya pellet 20kg"},"content":{"rendered":"<h2>Substral Naturen Bio l\u00f3tr\u00e1gya pellet 20kg<\/h2>\n<p>Substral Naturen Bio l\u00f3tr\u00e1gya pellet 20kg<\/p>\n<p><strong>Tartsuk fenn a term\u00e9szetess\u00e9get, legy\u00fcnk \u00f6sszhangban a k\u00f6rnyezet\u00fcnkkel!<\/strong><\/p>\n<p>Term\u00e9szetesen \u00e1polt, eg\u00e9szs\u00e9ges kert&#8230;<br \/>\nB\u00edzzon a term\u00e9szet erej\u00e9ben!<\/p>\n<p>Ide\u00e1lis vetem\u00e9nyesek \u00e9s magas\u00e1gy\u00e1sok l\u00e9trehoz\u00e1s\u00e1hoz, gyephez \u00e9s m\u00e1r megl\u00e9v\u0151 \u00fcltetv\u00e9nyekhez.<\/p>\n<p><strong>T\u00e1panyagtartalom<\/strong>: NPK 2-2-2.<\/p>\n<p><strong>Felhaszn\u00e1lhat\u00f3:\u00a0<\/strong>febru\u00e1rt\u00f3l &#8211; okt\u00f3berig.<\/p>\n<ul>\n<li>Felhaszn\u00e1l\u00e1sra k\u00e9sz ist\u00e1ll\u00f3tr\u00e1gya, pellet form\u00e1ban.<\/li>\n<li>\u00d6kol\u00f3giai termeszt\u00e9sn\u00e9l is alkalmazhat\u00f3.<\/li>\n<li>Nem ipari jelleg\u0171 \u00e1llattart\u00e1sb\u00f3l sz\u00e1rmazik, steril.<\/li>\n<li>Egyszer\u0171, tiszta haszn\u00e1lat.<\/li>\n<li>Nagy r\u00e9szben szerves, 100%-ban term\u00e9szetes \u00f6sszetev\u0151k<\/li>\n<li>Talaj-el\u0151k\u00e9sz\u00edt\u0151 \u00e9s ind\u00edt\u00f3 tr\u00e1gya d\u00edsz- \u00e9s haszonn\u00f6v\u00e9nyek sz\u00e1m\u00e1ra.<\/li>\n<li>Kev\u00e9sb\u00e9 b\u00fcd\u00f6s<\/li>\n<\/ul>\n<p><strong>Kert\u00e9szeti kult\u00far\u00e1k szerves tr\u00e1gy\u00e1z\u00e1s\u00e1ra &#8211; 100-200 g\/m2 a f\u00f6ldbe bedolgozni<\/strong><\/p>\n<ul>\n<li>z\u00f6lds\u00e9gf\u00e9l\u00e9kben, d\u00edszn\u00f6v\u00e9nyekben, sz\u0151l\u0151- \u00e9s gy\u00fcm\u00f6lcs \u00fcltetv\u00e9nyekben vet\u00e9s, \u00fcltet\u00e9s el\u0151tt kisz\u00f3rva \u00e9s a talajba dolgozva;<\/li>\n<li>d\u00edszf\u00e1k, d\u00edszcserj\u00e9k, \u00e9vel\u0151 d\u00edszn\u00f6v\u00e9nyek, sz\u0151l\u0151- \u00e9s gy\u00fcm\u00f6lcs \u00fcltetv\u00e9nyek fenntart\u00f3 tr\u00e1gy\u00e1z\u00e1s\u00e1ra, \u0151sszel vagy tavasszal kisz\u00f3rva \u00e9s a talajba dolgozva.<\/li>\n<\/ul>\n<p>T\u00e1rol\u00e1s: sz\u00e1raz, h\u0171v\u00f6s, k\u00f6zvetlen napf\u00e9nyt\u0151l v\u00e9dett, fedett helyen.<\/p>\n<p>&nbsp;<\/p>\n<p>El\u00e9rhet\u0151 t\u00f6bbf\u00e9le m\u00e9retben \u00e9s \u00e1rban.<\/p>\n<p><strong>K\u00e9szlet\u00fcnk napi szinten v\u00e1ltozik, ez\u00e9rt k\u00e9rj\u00fck, \u00e9rdekl\u0151dj\u00f6n szem\u00e9lyesen, telefonon vagy email-en.<br \/>\nA v\u00e1ltoztat\u00e1s jog\u00e1t fenntartjuk!\u00a0<\/strong><\/p>\n<p><a href=\"https:\/\/tajkertesz.com\/\">https:\/\/tajkertesz.com\/<\/a><\/p>\n<p><a href=\"https:\/\/www.facebook.com\/tajkertesz\/\">https:\/\/www.facebook.com\/tajkertesz\/<\/a><\/p>\n<p>Kisz\u00e1ll\u00edt\u00e1s: 200cm-ig \u00a0\u00e9s 40 kg-ig a sz\u00e1ll\u00edt\u00e1s fut\u00e1rszolg\u00e1lattal \u00a0t\u00f6rt\u00e9nik.<\/p>\n<p>Szem\u00e9lyes \u00e1tv\u00e9tel nyitvatart\u00e1si id\u0151ben a 17. ker\u00fclet Bakancsos utca 7. sz\u00e1m alatti Kert\u00e9szeti \u00e1rud\u00e1ban.<\/p>\n<p>&nbsp;<\/p>\n<h6>Felhaszn\u00e1l\u00e1sra k\u00e9sz ist\u00e1ll\u00f3tr\u00e1gya, pellet form\u00e1ban<\/h6>\n<h6>Nem ipari jelleg\u0171 \u00e1llattart\u00e1sb\u00f3l sz\u00e1rmazik, steril<br \/>\nNagy r\u00e9szben szerves, 100%-ban term\u00e9szetes \u00f6sszetev\u0151k<br \/>\nTalaj-el\u0151k\u00e9sz\u00edt\u0151 \u00e9s ind\u00edt\u00f3 tr\u00e1gya d\u00edsz- \u00e9s haszonn\u00f6v\u00e9nyek sz\u00e1m\u00e1ra<br \/>\nIde\u00e1lis vetem\u00e9nyesek \u00e9s magas\u00e1gy\u00e1sok l\u00e9trehoz\u00e1s\u00e1hoz, gyephez \u00e9s m\u00e1r megl\u00e9v\u0151 \u00fcltetv\u00e9nyekhez<br \/>\nKev\u00e9sb\u00e9 b\u00fcd\u00f6s<br \/>\n\u00d6kol\u00f3giai termeszt\u00e9sn\u00e9l is alkalmazhat\u00f3<br \/>\n100-200 g\/m2 a f\u00f6ldbe bedolgozni<br \/>\nNPK 2-2-2<br \/>\nFelhaszn\u00e1l\u00e1s: febru\u00e1rt\u00f3l okt\u00f3berig<\/h6>","protected":false},"excerpt":{"rendered":"<h2>Substral Naturen Bio l\u00f3tr\u00e1gya pellet 20kg<\/h2>\n<p><strong>Tartsuk fenn a term\u00e9szetess\u00e9get, legy\u00fcnk \u00f6sszhangban a k\u00f6rnyezet\u00fcnkkel!<\/strong><\/p>\n<p>Ide\u00e1lis vetem\u00e9nyesek \u00e9s magas\u00e1gy\u00e1sok l\u00e9trehoz\u00e1s\u00e1hoz, gyephez \u00e9s m\u00e1r megl\u00e9v\u0151 \u00fcltetv\u00e9nyekhez.<\/p>\n<p><strong>T\u00e1panyagtartalom<\/strong>: NPK 2-2-2.<\/p>\n<p><strong>K\u00e9szlet\u00fcnk napi szinten v\u00e1ltozik, ez\u00e9rt k\u00e9rj\u00fck, \u00e9rdekl\u0151dj\u00f6n szem\u00e9lyesen, telefonon vagy email-en.<br \/>\nA v\u00e1ltoztat\u00e1s jog\u00e1t fenntartjuk!\u00a0<\/strong><\/p>\n<p>&nbsp;<\/p>","protected":false},"featured_media":19180,"template":"","meta":{"_et_pb_use_builder":"","_et_pb_old_content":"","_et_gb_content_width":""},"product_brand":[],"product_cat":[1414],"product_tag":[1486,22,4885,4884,4883,3646,1476,4104,36,1466,1430],"class_list":{"0":"post-19178","1":"product","2":"type-product","3":"status-publish","4":"has-post-thumbnail","6":"product_cat-tapoldatok-mutragyak","7":"product_tag-bio","8":"product_tag-gyumolcs","9":"product_tag-istallotragya","10":"product_tag-lotragya","11":"product_tag-naturen","12":"product_tag-pellet","13":"product_tag-substral","14":"product_tag-tapanyag","15":"product_tag-tragya","16":"product_tag-zoldseg","17":"product_tag-zoldsegekhez","19":"first","20":"instock","21":"shipping-taxable","22":"purchasable","23":"product-type-simple"},"yoast_head":"<!-- This site is optimized with the Yoast SEO plugin v27.3 - https:\/\/yoast.com\/product\/yoast-seo-wordpress\/ -->\n<title>Substral Naturen Bio l\u00f3tr\u00e1gya pellet 20kg - T\u00e1jkert\u00e9sz<\/title>\n<meta name=\"description\" content=\"Substral Naturen Bio l\u00f3tr\u00e1gya pellet 20kgTartsuk fenn a term\u00e9szetess\u00e9get, legy\u00fcnk \u00f6sszhangban a k\u00f6rnyezet\u00fcnkkel! T\u00e1panyag: NPK 2-2-2.Felhaszn\u00e1lhat\u00f3 II-X.\" \/>\n<meta name=\"robots\" content=\"index, follow, max-snippet:-1, max-image-preview:large, max-video-preview:-1\" \/>\n<link rel=\"canonical\" href=\"https:\/\/tajkertesz.com\/en_US\/product\/substral-naturen-bio-lotragya-pellet-20kg\/\" \/>\n<meta property=\"og:locale\" content=\"en_US\" \/>\n<meta property=\"og:type\" content=\"article\" \/>\n<meta property=\"og:title\" content=\"Substral Naturen Bio l\u00f3tr\u00e1gya pellet 20kg - T\u00e1jkert\u00e9sz\" \/>\n<meta property=\"og:description\" content=\"Substral Naturen Bio l\u00f3tr\u00e1gya pellet 20kgTartsuk fenn a term\u00e9szetess\u00e9get, legy\u00fcnk \u00f6sszhangban a k\u00f6rnyezet\u00fcnkkel! T\u00e1panyag: NPK 2-2-2.Felhaszn\u00e1lhat\u00f3 II-X.\" \/>\n<meta property=\"og:url\" content=\"https:\/\/tajkertesz.com\/en_US\/product\/substral-naturen-bio-lotragya-pellet-20kg\/\" \/>\n<meta property=\"og:site_name\" content=\"T\u00e1jkert\u00e9sz\" \/>\n<meta property=\"article:publisher\" content=\"https:\/\/www.facebook.com\/Tajkertesz\/\" \/>\n<meta property=\"article:modified_time\" content=\"2026-02-24T10:16:30+00:00\" \/>\n<meta property=\"og:image\" content=\"https:\/\/tajkertesz.com\/wp-content\/uploads\/2024\/02\/substral-bio-lotragya-pellet-20-kg-490.jpg\" \/>\n\t<meta property=\"og:image:width\" content=\"490\" \/>\n\t<meta property=\"og:image:height\" content=\"490\" \/>\n\t<meta property=\"og:image:type\" content=\"image\/jpeg\" \/>\n<meta name=\"twitter:card\" content=\"summary_large_image\" \/>\n<meta name=\"twitter:label1\" content=\"Est. reading time\" \/>\n\t<meta name=\"twitter:data1\" content=\"2 minutes\" \/>\n<script type=\"application\/ld+json\" class=\"yoast-schema-graph\">{\"@context\":\"https:\\\/\\\/schema.org\",\"@graph\":[{\"@type\":\"WebPage\",\"@id\":\"https:\\\/\\\/tajkertesz.com\\\/termek\\\/substral-naturen-bio-lotragya-pellet-20kg\\\/\",\"url\":\"https:\\\/\\\/tajkertesz.com\\\/termek\\\/substral-naturen-bio-lotragya-pellet-20kg\\\/\",\"name\":\"Substral Naturen Bio l\u00f3tr\u00e1gya pellet 20kg - T\u00e1jkert\u00e9sz\",\"isPartOf\":{\"@id\":\"https:\\\/\\\/tajkertesz.com\\\/#website\"},\"primaryImageOfPage\":{\"@id\":\"https:\\\/\\\/tajkertesz.com\\\/termek\\\/substral-naturen-bio-lotragya-pellet-20kg\\\/#primaryimage\"},\"image\":{\"@id\":\"https:\\\/\\\/tajkertesz.com\\\/termek\\\/substral-naturen-bio-lotragya-pellet-20kg\\\/#primaryimage\"},\"thumbnailUrl\":\"https:\\\/\\\/tajkertesz.com\\\/wp-content\\\/uploads\\\/2024\\\/02\\\/substral-bio-lotragya-pellet-20-kg-490.jpg\",\"datePublished\":\"2024-02-13T11:01:07+00:00\",\"dateModified\":\"2026-02-24T10:16:30+00:00\",\"description\":\"Substral Naturen Bio l\u00f3tr\u00e1gya pellet 20kgTartsuk fenn a term\u00e9szetess\u00e9get, legy\u00fcnk \u00f6sszhangban a k\u00f6rnyezet\u00fcnkkel! T\u00e1panyag: NPK 2-2-2.Felhaszn\u00e1lhat\u00f3 II-X.\",\"breadcrumb\":{\"@id\":\"https:\\\/\\\/tajkertesz.com\\\/termek\\\/substral-naturen-bio-lotragya-pellet-20kg\\\/#breadcrumb\"},\"inLanguage\":\"en-US\",\"potentialAction\":[{\"@type\":\"ReadAction\",\"target\":[\"https:\\\/\\\/tajkertesz.com\\\/termek\\\/substral-naturen-bio-lotragya-pellet-20kg\\\/\"]}]},{\"@type\":\"ImageObject\",\"inLanguage\":\"en-US\",\"@id\":\"https:\\\/\\\/tajkertesz.com\\\/termek\\\/substral-naturen-bio-lotragya-pellet-20kg\\\/#primaryimage\",\"url\":\"https:\\\/\\\/tajkertesz.com\\\/wp-content\\\/uploads\\\/2024\\\/02\\\/substral-bio-lotragya-pellet-20-kg-490.jpg\",\"contentUrl\":\"https:\\\/\\\/tajkertesz.com\\\/wp-content\\\/uploads\\\/2024\\\/02\\\/substral-bio-lotragya-pellet-20-kg-490.jpg\",\"width\":490,\"height\":490},{\"@type\":\"BreadcrumbList\",\"@id\":\"https:\\\/\\\/tajkertesz.com\\\/termek\\\/substral-naturen-bio-lotragya-pellet-20kg\\\/#breadcrumb\",\"itemListElement\":[{\"@type\":\"ListItem\",\"position\":1,\"name\":\"Home\",\"item\":\"https:\\\/\\\/tajkertesz.com\\\/\"},{\"@type\":\"ListItem\",\"position\":2,\"name\":\"Kezd\u0151lap\",\"item\":\"https:\\\/\\\/tajkertesz.com\\\/\"},{\"@type\":\"ListItem\",\"position\":3,\"name\":\"Substral Naturen Bio l\u00f3tr\u00e1gya pellet 20kg\"}]},{\"@type\":\"WebSite\",\"@id\":\"https:\\\/\\\/tajkertesz.com\\\/#website\",\"url\":\"https:\\\/\\\/tajkertesz.com\\\/\",\"name\":\"T\u00e1j-Kert\u00e9sz 84 Kft.\",\"description\":\"Kert\u00e9szeti kis- \u00e9s nagykeresked\u00e9s, D\u00edszn\u00f6v\u00e9ny web\u00e1ruh\u00e1z orsz\u00e1gos h\u00e1zhozsz\u00e1ll\u00edt\u00e1ssal!\",\"publisher\":{\"@id\":\"https:\\\/\\\/tajkertesz.com\\\/#organization\"},\"potentialAction\":[{\"@type\":\"SearchAction\",\"target\":{\"@type\":\"EntryPoint\",\"urlTemplate\":\"https:\\\/\\\/tajkertesz.com\\\/?s={search_term_string}\"},\"query-input\":{\"@type\":\"PropertyValueSpecification\",\"valueRequired\":true,\"valueName\":\"search_term_string\"}}],\"inLanguage\":\"en-US\"},{\"@type\":\"Organization\",\"@id\":\"https:\\\/\\\/tajkertesz.com\\\/#organization\",\"name\":\"T\u00e1j-Kert\u00e9sz 84 Kft.\",\"url\":\"https:\\\/\\\/tajkertesz.com\\\/\",\"logo\":{\"@type\":\"ImageObject\",\"inLanguage\":\"en-US\",\"@id\":\"https:\\\/\\\/tajkertesz.com\\\/#\\\/schema\\\/logo\\\/image\\\/\",\"url\":\"https:\\\/\\\/tajkertesz.com\\\/wp-content\\\/uploads\\\/2018\\\/02\\\/logo-2-e1518678052539.png\",\"contentUrl\":\"https:\\\/\\\/tajkertesz.com\\\/wp-content\\\/uploads\\\/2018\\\/02\\\/logo-2-e1518678052539.png\",\"width\":81,\"height\":140,\"caption\":\"T\u00e1j-Kert\u00e9sz 84 Kft.\"},\"image\":{\"@id\":\"https:\\\/\\\/tajkertesz.com\\\/#\\\/schema\\\/logo\\\/image\\\/\"},\"sameAs\":[\"https:\\\/\\\/www.facebook.com\\\/Tajkertesz\\\/\"]}]}<\/script>\n<!-- \/ Yoast SEO plugin. -->","yoast_head_json":{"title":"Substral Naturen Bio l\u00f3tr\u00e1gya pellet 20kg - T\u00e1jkert\u00e9sz","description":"Substral Naturen Bio l\u00f3tr\u00e1gya pellet 20kgTartsuk fenn a term\u00e9szetess\u00e9get, legy\u00fcnk \u00f6sszhangban a k\u00f6rnyezet\u00fcnkkel! T\u00e1panyag: NPK 2-2-2.Felhaszn\u00e1lhat\u00f3 II-X.","robots":{"index":"index","follow":"follow","max-snippet":"max-snippet:-1","max-image-preview":"max-image-preview:large","max-video-preview":"max-video-preview:-1"},"canonical":"https:\/\/tajkertesz.com\/en_US\/product\/substral-naturen-bio-lotragya-pellet-20kg\/","og_locale":"en_US","og_type":"article","og_title":"Substral Naturen Bio l\u00f3tr\u00e1gya pellet 20kg - T\u00e1jkert\u00e9sz","og_description":"Substral Naturen Bio l\u00f3tr\u00e1gya pellet 20kgTartsuk fenn a term\u00e9szetess\u00e9get, legy\u00fcnk \u00f6sszhangban a k\u00f6rnyezet\u00fcnkkel! T\u00e1panyag: NPK 2-2-2.Felhaszn\u00e1lhat\u00f3 II-X.","og_url":"https:\/\/tajkertesz.com\/en_US\/product\/substral-naturen-bio-lotragya-pellet-20kg\/","og_site_name":"T\u00e1jkert\u00e9sz","article_publisher":"https:\/\/www.facebook.com\/Tajkertesz\/","article_modified_time":"2026-02-24T10:16:30+00:00","og_image":[{"width":490,"height":490,"url":"https:\/\/tajkertesz.com\/wp-content\/uploads\/2024\/02\/substral-bio-lotragya-pellet-20-kg-490.jpg","type":"image\/jpeg"}],"twitter_card":"summary_large_image","twitter_misc":{"Est. reading time":"2 minutes"},"schema":{"@context":"https:\/\/schema.org","@graph":[{"@type":"WebPage","@id":"https:\/\/tajkertesz.com\/termek\/substral-naturen-bio-lotragya-pellet-20kg\/","url":"https:\/\/tajkertesz.com\/termek\/substral-naturen-bio-lotragya-pellet-20kg\/","name":"Substral Naturen Bio l\u00f3tr\u00e1gya pellet 20kg - T\u00e1jkert\u00e9sz","isPartOf":{"@id":"https:\/\/tajkertesz.com\/#website"},"primaryImageOfPage":{"@id":"https:\/\/tajkertesz.com\/termek\/substral-naturen-bio-lotragya-pellet-20kg\/#primaryimage"},"image":{"@id":"https:\/\/tajkertesz.com\/termek\/substral-naturen-bio-lotragya-pellet-20kg\/#primaryimage"},"thumbnailUrl":"https:\/\/tajkertesz.com\/wp-content\/uploads\/2024\/02\/substral-bio-lotragya-pellet-20-kg-490.jpg","datePublished":"2024-02-13T11:01:07+00:00","dateModified":"2026-02-24T10:16:30+00:00","description":"Substral Naturen Bio l\u00f3tr\u00e1gya pellet 20kgTartsuk fenn a term\u00e9szetess\u00e9get, legy\u00fcnk \u00f6sszhangban a k\u00f6rnyezet\u00fcnkkel! T\u00e1panyag: NPK 2-2-2.Felhaszn\u00e1lhat\u00f3 II-X.","breadcrumb":{"@id":"https:\/\/tajkertesz.com\/termek\/substral-naturen-bio-lotragya-pellet-20kg\/#breadcrumb"},"inLanguage":"en-US","potentialAction":[{"@type":"ReadAction","target":["https:\/\/tajkertesz.com\/termek\/substral-naturen-bio-lotragya-pellet-20kg\/"]}]},{"@type":"ImageObject","inLanguage":"en-US","@id":"https:\/\/tajkertesz.com\/termek\/substral-naturen-bio-lotragya-pellet-20kg\/#primaryimage","url":"https:\/\/tajkertesz.com\/wp-content\/uploads\/2024\/02\/substral-bio-lotragya-pellet-20-kg-490.jpg","contentUrl":"https:\/\/tajkertesz.com\/wp-content\/uploads\/2024\/02\/substral-bio-lotragya-pellet-20-kg-490.jpg","width":490,"height":490},{"@type":"BreadcrumbList","@id":"https:\/\/tajkertesz.com\/termek\/substral-naturen-bio-lotragya-pellet-20kg\/#breadcrumb","itemListElement":[{"@type":"ListItem","position":1,"name":"Home","item":"https:\/\/tajkertesz.com\/"},{"@type":"ListItem","position":2,"name":"Kezd\u0151lap","item":"https:\/\/tajkertesz.com\/"},{"@type":"ListItem","position":3,"name":"Substral Naturen Bio l\u00f3tr\u00e1gya pellet 20kg"}]},{"@type":"WebSite","@id":"https:\/\/tajkertesz.com\/#website","url":"https:\/\/tajkertesz.com\/","name":"T\u00e1j-Kert\u00e9sz 84 Kft.","description":"Kert\u00e9szeti kis- \u00e9s nagykeresked\u00e9s, D\u00edszn\u00f6v\u00e9ny web\u00e1ruh\u00e1z orsz\u00e1gos h\u00e1zhozsz\u00e1ll\u00edt\u00e1ssal!","publisher":{"@id":"https:\/\/tajkertesz.com\/#organization"},"potentialAction":[{"@type":"SearchAction","target":{"@type":"EntryPoint","urlTemplate":"https:\/\/tajkertesz.com\/?s={search_term_string}"},"query-input":{"@type":"PropertyValueSpecification","valueRequired":true,"valueName":"search_term_string"}}],"inLanguage":"en-US"},{"@type":"Organization","@id":"https:\/\/tajkertesz.com\/#organization","name":"T\u00e1j-Kert\u00e9sz 84 Kft.","url":"https:\/\/tajkertesz.com\/","logo":{"@type":"ImageObject","inLanguage":"en-US","@id":"https:\/\/tajkertesz.com\/#\/schema\/logo\/image\/","url":"https:\/\/tajkertesz.com\/wp-content\/uploads\/2018\/02\/logo-2-e1518678052539.png","contentUrl":"https:\/\/tajkertesz.com\/wp-content\/uploads\/2018\/02\/logo-2-e1518678052539.png","width":81,"height":140,"caption":"T\u00e1j-Kert\u00e9sz 84 Kft."},"image":{"@id":"https:\/\/tajkertesz.com\/#\/schema\/logo\/image\/"},"sameAs":["https:\/\/www.facebook.com\/Tajkertesz\/"]}]}},"_links":{"self":[{"href":"https:\/\/tajkertesz.com\/en_US\/wp-json\/wp\/v2\/product\/19178","targetHints":{"allow":["GET"]}}],"collection":[{"href":"https:\/\/tajkertesz.com\/en_US\/wp-json\/wp\/v2\/product"}],"about":[{"href":"https:\/\/tajkertesz.com\/en_US\/wp-json\/wp\/v2\/types\/product"}],"wp:featuredmedia":[{"embeddable":true,"href":"https:\/\/tajkertesz.com\/en_US\/wp-json\/wp\/v2\/media\/19180"}],"wp:attachment":[{"href":"https:\/\/tajkertesz.com\/en_US\/wp-json\/wp\/v2\/media?parent=19178"}],"wp:term":[{"taxonomy":"product_brand","embeddable":true,"href":"https:\/\/tajkertesz.com\/en_US\/wp-json\/wp\/v2\/product_brand?post=19178"},{"taxonomy":"product_cat","embeddable":true,"href":"https:\/\/tajkertesz.com\/en_US\/wp-json\/wp\/v2\/product_cat?post=19178"},{"taxonomy":"product_tag","embeddable":true,"href":"https:\/\/tajkertesz.com\/en_US\/wp-json\/wp\/v2\/product_tag?post=19178"}],"curies":[{"name":"wp","href":"https:\/\/api.w.org\/{rel}","templated":true}]}}