{"id":19221,"date":"2024-02-15T14:38:54","date_gmt":"2024-02-15T14:38:54","guid":{"rendered":"https:\/\/tajkertesz.com\/?post_type=product&#038;p=19221"},"modified":"2025-01-19T07:31:34","modified_gmt":"2025-01-19T07:31:34","slug":"climatic-17-fatyolfolia-325m","status":"publish","type":"product","link":"https:\/\/tajkertesz.com\/en_US\/product\/climatic-17-fatyolfolia-325m\/","title":{"rendered":"Climatic 17- f\u00e1tyolf\u00f3lia 3,2*5m"},"content":{"rendered":"<p>Climatic 17- f\u00e1tyolf\u00f3lia 3,5*5m<\/p>\n<p>A Climatic 17- f\u00e1tyolf\u00f3lia\u00a0 3,2*5m t\u00f6k\u00e9letes ha megold\u00e1st keres a kellemetlen id\u0151j\u00e1r\u00e1si viszontags\u00e1gok hat\u00e1sai ellen.<\/p>\n<p>Ez a k\u00f6nny\u0171 f\u00e1tyolf\u00f3lia megv\u00e9di zsenge pal\u00e1nt\u00e1it a tavaszi (\u00e9jszakai) fagyokt\u00f3l, valamint a j\u00e9gt\u0151l, er\u0151s es\u0151z\u00e9st\u0151l vagy sz\u00e9lt\u0151l.<\/p>\n<div class=\"w-full max-w-7xl my-4 py-8 px-5 md:px-10 mx-auto bg-white produit-wrapper\">\n<div class=\"grid grid-cols-1 lg:grid-cols-2 gap-4 lg:gap-12 mt-14\">\n<div>\n<h2 class=\"justtellmewhat uppercase color-green-2 text-3xl mt-10\">EL\u0150NY\u00d6K<\/h2>\n<div class=\"mt-2 color-brown text-lg\">\n<p>&#8211; Ez a nem sz\u0151tt text\u00edlia sokoldal\u00faan felhaszn\u00e1lhat\u00f3 a n\u00f6v\u00e9nytermeszt\u00e9sben.<br \/>\n&#8211; A rendk\u00edv\u00fcl k\u00f6nny\u0171 takar\u00f3 v\u00e9d a kellemetlen id\u0151j\u00e1r\u00e1si viszontags\u00e1gokt\u00f3l (er\u0151s sz\u00e9l, es\u0151 \u00e9s j\u00e9gver\u00e9s), valamint a talajmenti fagyokt\u00f3l.<br \/>\n&#8211; A rovarok, \u00e1llatok \u00e9s madarak \u00e1ltal okozott k\u00e1rok ellen is megold\u00e1st ny\u00fajt.<br \/>\n&#8211; Serkenti a n\u00f6v\u00e9nyek n\u00f6veked\u00e9s\u00e9t, mert \u00e1tengedi a leveg\u0151t \u00e9s a f\u00e9nyt, csapad\u00e9kot, \u00f6nt\u00f6z\u0151 vizet \u00e9s permetl\u00e9t, ez\u00e1ltal optim\u00e1lis mikrokl\u00edm\u00e1t biztos\u00edt a n\u00f6v\u00e9nyek\u00a0cs\u00edr\u00e1z\u00e1s\u00e1hoz \u00e9s n\u00f6veked\u00e9s\u00e9hez.<br \/>\n&#8211; Ellen\u00e1ll az UV sug\u00e1rz\u00e1snak, \u00edgy ak\u00e1r t\u00f6bb \u00e9vig is haszn\u00e1lhat\u00f3.<br \/>\n&#8211; EU-ban gy\u00e1rtott term\u00e9k.<\/p>\n<\/div>\n<h2 class=\"justtellmewhat uppercase color-green-2 text-3xl mt-10\">JELLEMZ\u0150K<\/h2>\n<div class=\"mt-2 color-brown text-lg\">\n<p>&#8211; Anyaga: nem sz\u0151tt (PP) Polipropil\u00e9n<br \/>\n&#8211; Sz\u00edne feh\u00e9r<br \/>\n&#8211; S\u00falya 17 g\/m\u00b2<br \/>\n&#8211; UV \u00e1ll\u00f3: igen<\/p>\n<p>Cikksz\u00e1m: 2006248<\/p>\n<\/div>\n<\/div>\n<\/div>\n<\/div>\n<div class=\"relative\">\n<div class=\"px-8 sm:pt-24 mx-auto w-full max-w-7xl sublistings\">\n<div class=\"filtered-products products-1-sublisting\">\n<div class=\"adapt-content clearfix\">\n<div class=\"filter-panel\" data-ajax=\"\/productmarketing\/ajaxfiltres?new-features=1\" data-tags=\"326\" data-type=\"sousrubrique\" data-dossier=\"0\" data-blog=\"0\">\n<div class=\"v-align\">\n<div class=\"lowercase title\">\n<p>El\u00e9rhet\u0151 t\u00f6bbf\u00e9le m\u00e9retben \u00e9s \u00e1rban.<\/p>\n<p><strong>K\u00e9szlet\u00fcnk napi szinten v\u00e1ltozik, ez\u00e9rt k\u00e9rj\u00fck, \u00e9rdekl\u0151dj\u00f6n szem\u00e9lyesen, telefonon vagy email-en.<br \/>\nA v\u00e1ltoztat\u00e1s jog\u00e1t fenntartjuk!\u00a0<\/strong><\/p>\n<p>&nbsp;<\/p>\n<p><a href=\"https:\/\/tajkertesz.com\/\">https:\/\/tajkertesz.com\/<\/a><\/p>\n<p><a href=\"https:\/\/www.facebook.com\/tajkertesz\/\">https:\/\/www.facebook.com\/tajkertesz\/<\/a><\/p>\n<p>Kisz\u00e1ll\u00edt\u00e1s: 200cm-ig \u00a0\u00e9s 40 kg-ig a sz\u00e1ll\u00edt\u00e1s fut\u00e1rszolg\u00e1lattal \u00a0t\u00f6rt\u00e9nik.<\/p>\n<p>Szem\u00e9lyes \u00e1tv\u00e9tel nyitvatart\u00e1si id\u0151ben a 17. ker\u00fclet Bakancsos utca 7. sz\u00e1m alatti Kert\u00e9szeti \u00e1rud\u00e1ban.<\/p>\n<\/div>\n<form action=\"https:\/\/www.nortene.hu\/produit\/2943\/fatyolfolia\" method=\"post\" name=\"frmFiltres\">\n<div class=\"cat cat1 active\">\n<h6><span style=\"color: #ffffff;\">A Climatic 17- f\u00e1tyolf\u00f3lia 1,6*5m t\u00f6k\u00e9letes ha megold\u00e1st keres a kellemetlen id\u0151j\u00e1r\u00e1si viszontags\u00e1gok hat\u00e1sai ellen.\u00a0\u00a0Ez a k\u00f6nny\u0171 f\u00e1tyolf\u00f3lia megv\u00e9di zsenge pal\u00e1nt\u00e1it a tavaszi (\u00e9jszakai) fagyokt\u00f3l, valamint a j\u00e9gt\u0151l, er\u0151s es\u0151z\u00e9st\u0151l vagy sz\u00e9lt\u0151l. EL\u0150NY\u00d6K &#8211; Ez a nem sz\u0151tt text\u00edlia sokoldal\u00faan felhaszn\u00e1lhat\u00f3 a n\u00f6v\u00e9nytermeszt\u00e9sben. &#8211; A rendk\u00edv\u00fcl k\u00f6nny\u0171 takar\u00f3 v\u00e9d a kellemetlen id\u0151j\u00e1r\u00e1si viszontags\u00e1gokt\u00f3l (er\u0151s sz\u00e9l, es\u0151 \u00e9s j\u00e9gver\u00e9s), valamint a talajmenti fagyokt\u00f3l.- A rovarok, \u00e1llatok \u00e9s madarak \u00e1ltal okozott k\u00e1rok ellen is megold\u00e1st ny\u00fajt.- Serkenti a n\u00f6v\u00e9nyek n\u00f6veked\u00e9s\u00e9t, mert \u00e1tengedi a leveg\u0151t \u00e9s a f\u00e9nyt, csapad\u00e9kot, \u00f6nt\u00f6z\u0151 vizet \u00e9s permetl\u00e9t, ez\u00e1ltal optim\u00e1lis mikrokl\u00edm\u00e1t biztos\u00edt a n\u00f6v\u00e9nyek cs\u00edr\u00e1z\u00e1s\u00e1hoz \u00e9s n\u00f6veked\u00e9s\u00e9hez. &#8211; Ellen\u00e1ll az UV sug\u00e1rz\u00e1snak, \u00edgy ak\u00e1r t\u00f6bb \u00e9vig is haszn\u00e1lhat\u00f3.- EU-ban gy\u00e1rtott term\u00e9k.\u00a0 JELLEMZ\u0150K- Anyaga: nem sz\u0151tt (PP) Polipropil\u00e9n- Sz\u00edne feh\u00e9r<span style=\"font-size: 16px;\">&#8211; S\u00falya 17 g\/m\u00b2<\/span>&#8211; UV \u00e1ll\u00f3: igenCikksz\u00e1m: 2006247<\/span><\/h6>\n<\/div>\n<div class=\"cat cat6\"><\/div>\n<\/form>\n<\/div>\n<\/div>\n<\/div>\n<\/div>\n<\/div>\n<\/div>","protected":false},"excerpt":{"rendered":"<p>A Climatic 17- f\u00e1tyolf\u00f3lia 3,2*5m t\u00f6k\u00e9letes ha megold\u00e1st keres a kellemetlen id\u0151j\u00e1r\u00e1si viszontags\u00e1gok hat\u00e1sai ellen.<\/p>\n<p>Ez a k\u00f6nny\u0171 f\u00e1tyolf\u00f3lia megv\u00e9di zsenge pal\u00e1nt\u00e1it a tavaszi (\u00e9jszakai) fagyokt\u00f3l, valamint a j\u00e9gt\u0151l, er\u0151s es\u0151z\u00e9st\u0151l vagy sz\u00e9lt\u0151l.<\/p>","protected":false},"featured_media":19219,"template":"","meta":{"_et_pb_use_builder":"","_et_pb_old_content":"","_et_gb_content_width":""},"product_brand":[],"product_cat":[1539,3652],"product_tag":[4914,4913,4915],"class_list":{"0":"post-19221","1":"product","2":"type-product","3":"status-publish","4":"has-post-thumbnail","6":"product_cat-kellekek","7":"product_cat-magvetes-palantazas","8":"product_tag-4914","9":"product_tag-climatic","10":"product_tag-fatyolfolia","12":"first","13":"outofstock","14":"shipping-taxable","15":"purchasable","16":"product-type-simple"},"yoast_head":"<!-- This site is optimized with the Yoast SEO plugin v27.4 - https:\/\/yoast.com\/product\/yoast-seo-wordpress\/ -->\n<title>Climatic 17- f\u00e1tyolf\u00f3lia 3,2*5m - T\u00e1jkert\u00e9sz<\/title>\n<meta name=\"description\" content=\"A Climatic 17- f\u00e1tyolf\u00f3lia 3,2*5m t\u00f6k\u00e9letes ha megold\u00e1st keres a kellemetlen id\u0151j\u00e1r\u00e1s, rovarok, madarak \u00e1ltal okozott k\u00e1rok ellen.\" \/>\n<meta name=\"robots\" content=\"index, follow, max-snippet:-1, max-image-preview:large, max-video-preview:-1\" \/>\n<link rel=\"canonical\" href=\"https:\/\/tajkertesz.com\/en_US\/product\/climatic-17-fatyolfolia-325m\/\" \/>\n<meta property=\"og:locale\" content=\"en_US\" \/>\n<meta property=\"og:type\" content=\"article\" \/>\n<meta property=\"og:title\" content=\"Climatic 17- f\u00e1tyolf\u00f3lia 3,2*5m - T\u00e1jkert\u00e9sz\" \/>\n<meta property=\"og:description\" content=\"A Climatic 17- f\u00e1tyolf\u00f3lia 3,2*5m t\u00f6k\u00e9letes ha megold\u00e1st keres a kellemetlen id\u0151j\u00e1r\u00e1s, rovarok, madarak \u00e1ltal okozott k\u00e1rok ellen.\" \/>\n<meta property=\"og:url\" content=\"https:\/\/tajkertesz.com\/en_US\/product\/climatic-17-fatyolfolia-325m\/\" \/>\n<meta property=\"og:site_name\" content=\"T\u00e1jkert\u00e9sz\" \/>\n<meta property=\"article:publisher\" content=\"https:\/\/www.facebook.com\/Tajkertesz\/\" \/>\n<meta property=\"article:modified_time\" content=\"2025-01-19T07:31:34+00:00\" \/>\n<meta property=\"og:image\" content=\"https:\/\/tajkertesz.com\/wp-content\/uploads\/2024\/02\/climatic-fatyolfolia.webp\" \/>\n\t<meta property=\"og:image:width\" content=\"600\" \/>\n\t<meta property=\"og:image:height\" content=\"600\" \/>\n\t<meta property=\"og:image:type\" content=\"image\/webp\" \/>\n<meta name=\"twitter:card\" content=\"summary_large_image\" \/>\n<meta name=\"twitter:label1\" content=\"Est. reading time\" \/>\n\t<meta name=\"twitter:data1\" content=\"2 minutes\" \/>\n<script type=\"application\/ld+json\" class=\"yoast-schema-graph\">{\"@context\":\"https:\\\/\\\/schema.org\",\"@graph\":[{\"@type\":\"WebPage\",\"@id\":\"https:\\\/\\\/tajkertesz.com\\\/termek\\\/climatic-17-fatyolfolia-325m\\\/\",\"url\":\"https:\\\/\\\/tajkertesz.com\\\/termek\\\/climatic-17-fatyolfolia-325m\\\/\",\"name\":\"Climatic 17- f\u00e1tyolf\u00f3lia 3,2*5m - T\u00e1jkert\u00e9sz\",\"isPartOf\":{\"@id\":\"https:\\\/\\\/tajkertesz.com\\\/#website\"},\"primaryImageOfPage\":{\"@id\":\"https:\\\/\\\/tajkertesz.com\\\/termek\\\/climatic-17-fatyolfolia-325m\\\/#primaryimage\"},\"image\":{\"@id\":\"https:\\\/\\\/tajkertesz.com\\\/termek\\\/climatic-17-fatyolfolia-325m\\\/#primaryimage\"},\"thumbnailUrl\":\"https:\\\/\\\/tajkertesz.com\\\/wp-content\\\/uploads\\\/2024\\\/02\\\/climatic-fatyolfolia.webp\",\"datePublished\":\"2024-02-15T14:38:54+00:00\",\"dateModified\":\"2025-01-19T07:31:34+00:00\",\"description\":\"A Climatic 17- f\u00e1tyolf\u00f3lia 3,2*5m t\u00f6k\u00e9letes ha megold\u00e1st keres a kellemetlen id\u0151j\u00e1r\u00e1s, rovarok, madarak \u00e1ltal okozott k\u00e1rok ellen.\",\"breadcrumb\":{\"@id\":\"https:\\\/\\\/tajkertesz.com\\\/termek\\\/climatic-17-fatyolfolia-325m\\\/#breadcrumb\"},\"inLanguage\":\"en-US\",\"potentialAction\":[{\"@type\":\"ReadAction\",\"target\":[\"https:\\\/\\\/tajkertesz.com\\\/termek\\\/climatic-17-fatyolfolia-325m\\\/\"]}]},{\"@type\":\"ImageObject\",\"inLanguage\":\"en-US\",\"@id\":\"https:\\\/\\\/tajkertesz.com\\\/termek\\\/climatic-17-fatyolfolia-325m\\\/#primaryimage\",\"url\":\"https:\\\/\\\/tajkertesz.com\\\/wp-content\\\/uploads\\\/2024\\\/02\\\/climatic-fatyolfolia.webp\",\"contentUrl\":\"https:\\\/\\\/tajkertesz.com\\\/wp-content\\\/uploads\\\/2024\\\/02\\\/climatic-fatyolfolia.webp\",\"width\":600,\"height\":600},{\"@type\":\"BreadcrumbList\",\"@id\":\"https:\\\/\\\/tajkertesz.com\\\/termek\\\/climatic-17-fatyolfolia-325m\\\/#breadcrumb\",\"itemListElement\":[{\"@type\":\"ListItem\",\"position\":1,\"name\":\"Home\",\"item\":\"https:\\\/\\\/tajkertesz.com\\\/\"},{\"@type\":\"ListItem\",\"position\":2,\"name\":\"Kezd\u0151lap\",\"item\":\"https:\\\/\\\/tajkertesz.com\\\/\"},{\"@type\":\"ListItem\",\"position\":3,\"name\":\"Climatic 17- f\u00e1tyolf\u00f3lia 3,2*5m\"}]},{\"@type\":\"WebSite\",\"@id\":\"https:\\\/\\\/tajkertesz.com\\\/#website\",\"url\":\"https:\\\/\\\/tajkertesz.com\\\/\",\"name\":\"T\u00e1j-Kert\u00e9sz 84 Kft.\",\"description\":\"Kert\u00e9szeti kis- \u00e9s nagykeresked\u00e9s, D\u00edszn\u00f6v\u00e9ny web\u00e1ruh\u00e1z orsz\u00e1gos h\u00e1zhozsz\u00e1ll\u00edt\u00e1ssal!\",\"publisher\":{\"@id\":\"https:\\\/\\\/tajkertesz.com\\\/#organization\"},\"potentialAction\":[{\"@type\":\"SearchAction\",\"target\":{\"@type\":\"EntryPoint\",\"urlTemplate\":\"https:\\\/\\\/tajkertesz.com\\\/?s={search_term_string}\"},\"query-input\":{\"@type\":\"PropertyValueSpecification\",\"valueRequired\":true,\"valueName\":\"search_term_string\"}}],\"inLanguage\":\"en-US\"},{\"@type\":\"Organization\",\"@id\":\"https:\\\/\\\/tajkertesz.com\\\/#organization\",\"name\":\"T\u00e1j-Kert\u00e9sz 84 Kft.\",\"url\":\"https:\\\/\\\/tajkertesz.com\\\/\",\"logo\":{\"@type\":\"ImageObject\",\"inLanguage\":\"en-US\",\"@id\":\"https:\\\/\\\/tajkertesz.com\\\/#\\\/schema\\\/logo\\\/image\\\/\",\"url\":\"https:\\\/\\\/tajkertesz.com\\\/wp-content\\\/uploads\\\/2018\\\/02\\\/logo-2-e1518678052539.png\",\"contentUrl\":\"https:\\\/\\\/tajkertesz.com\\\/wp-content\\\/uploads\\\/2018\\\/02\\\/logo-2-e1518678052539.png\",\"width\":81,\"height\":140,\"caption\":\"T\u00e1j-Kert\u00e9sz 84 Kft.\"},\"image\":{\"@id\":\"https:\\\/\\\/tajkertesz.com\\\/#\\\/schema\\\/logo\\\/image\\\/\"},\"sameAs\":[\"https:\\\/\\\/www.facebook.com\\\/Tajkertesz\\\/\"]}]}<\/script>\n<!-- \/ Yoast SEO plugin. -->","yoast_head_json":{"title":"Climatic 17- f\u00e1tyolf\u00f3lia 3,2*5m - T\u00e1jkert\u00e9sz","description":"A Climatic 17- f\u00e1tyolf\u00f3lia 3,2*5m t\u00f6k\u00e9letes ha megold\u00e1st keres a kellemetlen id\u0151j\u00e1r\u00e1s, rovarok, madarak \u00e1ltal okozott k\u00e1rok ellen.","robots":{"index":"index","follow":"follow","max-snippet":"max-snippet:-1","max-image-preview":"max-image-preview:large","max-video-preview":"max-video-preview:-1"},"canonical":"https:\/\/tajkertesz.com\/en_US\/product\/climatic-17-fatyolfolia-325m\/","og_locale":"en_US","og_type":"article","og_title":"Climatic 17- f\u00e1tyolf\u00f3lia 3,2*5m - T\u00e1jkert\u00e9sz","og_description":"A Climatic 17- f\u00e1tyolf\u00f3lia 3,2*5m t\u00f6k\u00e9letes ha megold\u00e1st keres a kellemetlen id\u0151j\u00e1r\u00e1s, rovarok, madarak \u00e1ltal okozott k\u00e1rok ellen.","og_url":"https:\/\/tajkertesz.com\/en_US\/product\/climatic-17-fatyolfolia-325m\/","og_site_name":"T\u00e1jkert\u00e9sz","article_publisher":"https:\/\/www.facebook.com\/Tajkertesz\/","article_modified_time":"2025-01-19T07:31:34+00:00","og_image":[{"width":600,"height":600,"url":"https:\/\/tajkertesz.com\/wp-content\/uploads\/2024\/02\/climatic-fatyolfolia.webp","type":"image\/webp"}],"twitter_card":"summary_large_image","twitter_misc":{"Est. reading time":"2 minutes"},"schema":{"@context":"https:\/\/schema.org","@graph":[{"@type":"WebPage","@id":"https:\/\/tajkertesz.com\/termek\/climatic-17-fatyolfolia-325m\/","url":"https:\/\/tajkertesz.com\/termek\/climatic-17-fatyolfolia-325m\/","name":"Climatic 17- f\u00e1tyolf\u00f3lia 3,2*5m - T\u00e1jkert\u00e9sz","isPartOf":{"@id":"https:\/\/tajkertesz.com\/#website"},"primaryImageOfPage":{"@id":"https:\/\/tajkertesz.com\/termek\/climatic-17-fatyolfolia-325m\/#primaryimage"},"image":{"@id":"https:\/\/tajkertesz.com\/termek\/climatic-17-fatyolfolia-325m\/#primaryimage"},"thumbnailUrl":"https:\/\/tajkertesz.com\/wp-content\/uploads\/2024\/02\/climatic-fatyolfolia.webp","datePublished":"2024-02-15T14:38:54+00:00","dateModified":"2025-01-19T07:31:34+00:00","description":"A Climatic 17- f\u00e1tyolf\u00f3lia 3,2*5m t\u00f6k\u00e9letes ha megold\u00e1st keres a kellemetlen id\u0151j\u00e1r\u00e1s, rovarok, madarak \u00e1ltal okozott k\u00e1rok ellen.","breadcrumb":{"@id":"https:\/\/tajkertesz.com\/termek\/climatic-17-fatyolfolia-325m\/#breadcrumb"},"inLanguage":"en-US","potentialAction":[{"@type":"ReadAction","target":["https:\/\/tajkertesz.com\/termek\/climatic-17-fatyolfolia-325m\/"]}]},{"@type":"ImageObject","inLanguage":"en-US","@id":"https:\/\/tajkertesz.com\/termek\/climatic-17-fatyolfolia-325m\/#primaryimage","url":"https:\/\/tajkertesz.com\/wp-content\/uploads\/2024\/02\/climatic-fatyolfolia.webp","contentUrl":"https:\/\/tajkertesz.com\/wp-content\/uploads\/2024\/02\/climatic-fatyolfolia.webp","width":600,"height":600},{"@type":"BreadcrumbList","@id":"https:\/\/tajkertesz.com\/termek\/climatic-17-fatyolfolia-325m\/#breadcrumb","itemListElement":[{"@type":"ListItem","position":1,"name":"Home","item":"https:\/\/tajkertesz.com\/"},{"@type":"ListItem","position":2,"name":"Kezd\u0151lap","item":"https:\/\/tajkertesz.com\/"},{"@type":"ListItem","position":3,"name":"Climatic 17- f\u00e1tyolf\u00f3lia 3,2*5m"}]},{"@type":"WebSite","@id":"https:\/\/tajkertesz.com\/#website","url":"https:\/\/tajkertesz.com\/","name":"T\u00e1j-Kert\u00e9sz 84 Kft.","description":"Kert\u00e9szeti kis- \u00e9s nagykeresked\u00e9s, D\u00edszn\u00f6v\u00e9ny web\u00e1ruh\u00e1z orsz\u00e1gos h\u00e1zhozsz\u00e1ll\u00edt\u00e1ssal!","publisher":{"@id":"https:\/\/tajkertesz.com\/#organization"},"potentialAction":[{"@type":"SearchAction","target":{"@type":"EntryPoint","urlTemplate":"https:\/\/tajkertesz.com\/?s={search_term_string}"},"query-input":{"@type":"PropertyValueSpecification","valueRequired":true,"valueName":"search_term_string"}}],"inLanguage":"en-US"},{"@type":"Organization","@id":"https:\/\/tajkertesz.com\/#organization","name":"T\u00e1j-Kert\u00e9sz 84 Kft.","url":"https:\/\/tajkertesz.com\/","logo":{"@type":"ImageObject","inLanguage":"en-US","@id":"https:\/\/tajkertesz.com\/#\/schema\/logo\/image\/","url":"https:\/\/tajkertesz.com\/wp-content\/uploads\/2018\/02\/logo-2-e1518678052539.png","contentUrl":"https:\/\/tajkertesz.com\/wp-content\/uploads\/2018\/02\/logo-2-e1518678052539.png","width":81,"height":140,"caption":"T\u00e1j-Kert\u00e9sz 84 Kft."},"image":{"@id":"https:\/\/tajkertesz.com\/#\/schema\/logo\/image\/"},"sameAs":["https:\/\/www.facebook.com\/Tajkertesz\/"]}]}},"_links":{"self":[{"href":"https:\/\/tajkertesz.com\/en_US\/wp-json\/wp\/v2\/product\/19221","targetHints":{"allow":["GET"]}}],"collection":[{"href":"https:\/\/tajkertesz.com\/en_US\/wp-json\/wp\/v2\/product"}],"about":[{"href":"https:\/\/tajkertesz.com\/en_US\/wp-json\/wp\/v2\/types\/product"}],"wp:featuredmedia":[{"embeddable":true,"href":"https:\/\/tajkertesz.com\/en_US\/wp-json\/wp\/v2\/media\/19219"}],"wp:attachment":[{"href":"https:\/\/tajkertesz.com\/en_US\/wp-json\/wp\/v2\/media?parent=19221"}],"wp:term":[{"taxonomy":"product_brand","embeddable":true,"href":"https:\/\/tajkertesz.com\/en_US\/wp-json\/wp\/v2\/product_brand?post=19221"},{"taxonomy":"product_cat","embeddable":true,"href":"https:\/\/tajkertesz.com\/en_US\/wp-json\/wp\/v2\/product_cat?post=19221"},{"taxonomy":"product_tag","embeddable":true,"href":"https:\/\/tajkertesz.com\/en_US\/wp-json\/wp\/v2\/product_tag?post=19221"}],"curies":[{"name":"wp","href":"https:\/\/api.w.org\/{rel}","templated":true}]}}