{"id":19222,"date":"2024-02-15T14:54:51","date_gmt":"2024-02-15T14:54:51","guid":{"rendered":"https:\/\/tajkertesz.com\/?post_type=product&#038;p=19222"},"modified":"2024-02-16T12:16:55","modified_gmt":"2024-02-16T12:16:55","slug":"r-fix-kotozo-futonovenyek-rogzitesehez","status":"publish","type":"product","link":"https:\/\/tajkertesz.com\/en_US\/product\/r-fix-kotozo-futonovenyek-rogzitesehez\/","title":{"rendered":"R-fix-K\u00f6t\u00f6z\u0151 fut\u00f3n\u00f6v\u00e9nyek r\u00f6gz\u00edt\u00e9s\u00e9hez"},"content":{"rendered":"<p>R-fix-K\u00f6t\u00f6z\u0151 fut\u00f3n\u00f6v\u00e9nyek r\u00f6gz\u00edt\u00e9s\u00e9hez<\/p>\n<p>Az R-fix-K\u00f6t\u00f6z\u0151 fut\u00f3n\u00f6v\u00e9nyek r\u00f6gz\u00edt\u00e9s\u00e9hez kiv\u00e1l\u00f3 hi\u00e1ny p\u00f3tl\u00f3 term\u00e9k.<\/p>\n<p>Fut\u00f3n\u00f6v\u00e9nyeinknek id\u0151nk\u00e9nt j\u00f3l j\u00f6n egy kis t\u00e1mogat\u00e1s, hogy hossz\u00fa sz\u00e1raik ne d\u0151ljenek el, ne t\u00f6rjenek meg. Az R-FIX \u00e9rdes fel\u00fclet\u0171 k\u00f6t\u00f6z\u0151 seg\u00edts\u00e9g\u00e9vel egyszer\u0171en a v\u00e1lasztott t\u00e1maszt\u00e9khoz r\u00f6gz\u00edthetj\u00fck n\u00f6v\u00e9ny\u00fcnket.<\/p>\n<h2 class=\"justtellmewhat uppercase color-green-2 text-3xl mt-10\">EL\u0150NY\u00d6K<\/h2>\n<div class=\"mt-2 color-brown text-lg\">\n<p>&#8211; Ellen\u00e1ll\u00f3 \u00e9s rugalmas, haszn\u00e1lata egyszer\u0171, &#8211; K\u00f6nny\u0171 vele dolgozni, mivel a tekercselt kiszerel\u00e9s v\u00e1g\u00f3rendszert is tartalmaz, &#8211; Seg\u00edts\u00e9g\u00e9vel rendezettebb\u00e9 tehetj\u00fck k\u00fasz\u00f3n\u00f6v\u00e9nyeink megjelen\u00e9s\u00e9t, &#8211; Eg\u00e9szs\u00e9gesebb felt\u00e9teleket teremthet\u00fcnk konyhakerti n\u00f6v\u00e9nyeink sz\u00e1m\u00e1ra, &#8211; Hosszantart\u00f3 megold\u00e1st ny\u00fajt<\/p>\n<\/div>\n<h2 class=\"justtellmewhat uppercase color-green-2 text-3xl mt-10\">JELLEMZ\u0150K<\/h2>\n<div class=\"mt-2 color-brown text-lg\">\n<p>&#8211; Anyaga: m\u0171anyag bevonat\u00fa ac\u00e9l &#8211; Sz\u00edne: z\u00f6ld &#8211; Hossza: 50 m &#8211; Vastags\u00e1ga: 0,6 mm &#8211; Fel\u00fclete: \u00e9rdes<\/p>\n<p>Ref. sz\u00e1ma: 5022843<\/p>\n<p>&nbsp;<\/p>\n<p><strong>K\u00e9szlet\u00fcnk napi szinten v\u00e1ltozik, ez\u00e9rt k\u00e9rj\u00fck, \u00e9rdekl\u0151dj\u00f6n szem\u00e9lyesen, telefonon vagy email-en.<br \/>\nA v\u00e1ltoztat\u00e1s jog\u00e1t fenntartjuk!\u00a0<\/strong><\/p>\n<p>&nbsp;<\/p>\n<p><a href=\"https:\/\/tajkertesz.com\/\">https:\/\/tajkertesz.com\/<\/a><\/p>\n<p><a href=\"https:\/\/www.facebook.com\/tajkertesz\/\">https:\/\/www.facebook.com\/tajkertesz\/<\/a><\/p>\n<p>Kisz\u00e1ll\u00edt\u00e1s: 200cm-ig \u00a0\u00e9s 40 kg-ig a sz\u00e1ll\u00edt\u00e1s fut\u00e1rszolg\u00e1lattal \u00a0t\u00f6rt\u00e9nik.<\/p>\n<p>Szem\u00e9lyes \u00e1tv\u00e9tel nyitvatart\u00e1si id\u0151ben a 17. ker\u00fclet Bakancsos utca 7. sz\u00e1m alatti Kert\u00e9szeti \u00e1rud\u00e1ban.<\/p>\n<\/div>\n<h6><span style=\"color: #ffffff;\">Az R-fix-K\u00f6t\u00f6z\u0151 fut\u00f3n\u00f6v\u00e9nyek r\u00f6gz\u00edt\u00e9s\u00e9hez kiv\u00e1l\u00f3 hi\u00e1ny p\u00f3tl\u00f3 term\u00e9k. Fut\u00f3n\u00f6v\u00e9nyeinknek id\u0151nk\u00e9nt j\u00f3l j\u00f6n egy kis t\u00e1mogat\u00e1s, hogy hossz\u00fa sz\u00e1raik ne d\u0151ljenek el, ne t\u00f6rjenek meg. Az R-FIX \u00e9rdes fel\u00fclet\u0171 k\u00f6t\u00f6z\u0151 seg\u00edts\u00e9g\u00e9vel egyszer\u0171en a v\u00e1lasztott t\u00e1maszt\u00e9khoz r\u00f6gz\u00edthetj\u00fck n\u00f6v\u00e9ny\u00fcnket. EL\u0150NY\u00d6K &#8211; Ellen\u00e1ll\u00f3 \u00e9s rugalmas, haszn\u00e1lata egyszer\u0171, &#8211; K\u00f6nny\u0171 vele dolgozni, mivel a tekercselt kiszerel\u00e9s v\u00e1g\u00f3rendszert is tartalmaz, &#8211; Seg\u00edts\u00e9g\u00e9vel rendezettebb\u00e9 tehetj\u00fck k\u00fasz\u00f3n\u00f6v\u00e9nyeink megjelen\u00e9s\u00e9t, &#8211; Eg\u00e9szs\u00e9gesebb felt\u00e9teleket teremthet\u00fcnk konyhakerti n\u00f6v\u00e9nyeink sz\u00e1m\u00e1ra, &#8211; Hosszantart\u00f3 megold\u00e1st ny\u00fajt JELLEMZ\u0150K &#8211; Anyaga: m\u0171anyag bevonat\u00fa ac\u00e9l &#8211; Sz\u00edne: z\u00f6ld &#8211; Hossza: 50 m &#8211; Vastags\u00e1ga: 0,6 mm &#8211; Fel\u00fclete: \u00e9rdes Ref. sz\u00e1ma: 5022843<\/span><\/h6>\n<div class=\"mt-2 color-brown text-lg\">\n<p>&nbsp;<\/p>\n<\/div>","protected":false},"excerpt":{"rendered":"<p>Az R-fix-K\u00f6t\u00f6z\u0151 fut\u00f3n\u00f6v\u00e9nyek r\u00f6gz\u00edt\u00e9s\u00e9hez kiv\u00e1l\u00f3 hi\u00e1ny p\u00f3tl\u00f3 term\u00e9k.<\/p>\n<p>Fut\u00f3n\u00f6v\u00e9nyeinknek id\u0151nk\u00e9nt j\u00f3l j\u00f6n egy kis t\u00e1mogat\u00e1s, hogy hossz\u00fa sz\u00e1raik ne d\u0151ljenek el, ne t\u00f6rjenek meg. Az R-FIX \u00e9rdes fel\u00fclet\u0171 k\u00f6t\u00f6z\u0151 seg\u00edts\u00e9g\u00e9vel egyszer\u0171en a v\u00e1lasztott t\u00e1maszt\u00e9khoz r\u00f6gz\u00edthetj\u00fck n\u00f6v\u00e9ny\u00fcnket.<\/p>","protected":false},"featured_media":19230,"template":"","meta":{"_et_pb_use_builder":"","_et_pb_old_content":"","_et_gb_content_width":""},"product_brand":[],"product_cat":[1526],"product_tag":[4919,4920,1177,4921],"class_list":{"0":"post-19222","1":"product","2":"type-product","3":"status-publish","4":"has-post-thumbnail","6":"product_cat-kotozok","7":"product_tag-fix","8":"product_tag-futonovenyek","9":"product_tag-kotozo","10":"product_tag-rogzitesehez","12":"first","13":"instock","14":"shipping-taxable","15":"purchasable","16":"product-type-simple"},"yoast_head":"<!-- This site is optimized with the Yoast SEO plugin v27.5 - https:\/\/yoast.com\/product\/yoast-seo-wordpress\/ -->\n<title>R-fix-K\u00f6t\u00f6z\u0151 fut\u00f3n\u00f6v\u00e9nyek r\u00f6gz\u00edt\u00e9s\u00e9hez - T\u00e1jkert\u00e9sz<\/title>\n<meta name=\"description\" content=\"Az R-fix-K\u00f6t\u00f6z\u0151 fut\u00f3n\u00f6v\u00e9nyek r\u00f6gz\u00edt\u00e9s\u00e9hez kiv\u00e1l\u00f3 hi\u00e1ny p\u00f3tl\u00f3 term\u00e9k. Az \u00e9rdes fel\u00fclet\u0171 k\u00f6t\u00f6z\u0151vel egyszer\u0171en r\u00f6gz\u00edthetj\u00fck a t\u00e1maszt\u00e9khoz n\u00f6v\u00e9ny\u00fcnket.\" \/>\n<meta name=\"robots\" content=\"index, follow, max-snippet:-1, max-image-preview:large, max-video-preview:-1\" \/>\n<link rel=\"canonical\" href=\"https:\/\/tajkertesz.com\/en_US\/product\/r-fix-kotozo-futonovenyek-rogzitesehez\/\" \/>\n<meta property=\"og:locale\" content=\"en_US\" \/>\n<meta property=\"og:type\" content=\"article\" \/>\n<meta property=\"og:title\" content=\"R-fix-K\u00f6t\u00f6z\u0151 fut\u00f3n\u00f6v\u00e9nyek r\u00f6gz\u00edt\u00e9s\u00e9hez - T\u00e1jkert\u00e9sz\" \/>\n<meta property=\"og:description\" content=\"Az R-fix-K\u00f6t\u00f6z\u0151 fut\u00f3n\u00f6v\u00e9nyek r\u00f6gz\u00edt\u00e9s\u00e9hez kiv\u00e1l\u00f3 hi\u00e1ny p\u00f3tl\u00f3 term\u00e9k. Az \u00e9rdes fel\u00fclet\u0171 k\u00f6t\u00f6z\u0151vel egyszer\u0171en r\u00f6gz\u00edthetj\u00fck a t\u00e1maszt\u00e9khoz n\u00f6v\u00e9ny\u00fcnket.\" \/>\n<meta property=\"og:url\" content=\"https:\/\/tajkertesz.com\/en_US\/product\/r-fix-kotozo-futonovenyek-rogzitesehez\/\" \/>\n<meta property=\"og:site_name\" content=\"T\u00e1jkert\u00e9sz\" \/>\n<meta property=\"article:publisher\" content=\"https:\/\/www.facebook.com\/Tajkertesz\/\" \/>\n<meta property=\"article:modified_time\" content=\"2024-02-16T12:16:55+00:00\" \/>\n<meta property=\"og:image\" content=\"https:\/\/tajkertesz.com\/wp-content\/uploads\/2024\/02\/R-fix-50m.jpg\" \/>\n\t<meta property=\"og:image:width\" content=\"406\" \/>\n\t<meta property=\"og:image:height\" content=\"904\" \/>\n\t<meta property=\"og:image:type\" content=\"image\/jpeg\" \/>\n<meta name=\"twitter:card\" content=\"summary_large_image\" \/>\n<meta name=\"twitter:label1\" content=\"Est. reading time\" \/>\n\t<meta name=\"twitter:data1\" content=\"2 minutes\" \/>\n<script type=\"application\/ld+json\" class=\"yoast-schema-graph\">{\"@context\":\"https:\\\/\\\/schema.org\",\"@graph\":[{\"@type\":\"WebPage\",\"@id\":\"https:\\\/\\\/tajkertesz.com\\\/termek\\\/r-fix-kotozo-futonovenyek-rogzitesehez\\\/\",\"url\":\"https:\\\/\\\/tajkertesz.com\\\/termek\\\/r-fix-kotozo-futonovenyek-rogzitesehez\\\/\",\"name\":\"R-fix-K\u00f6t\u00f6z\u0151 fut\u00f3n\u00f6v\u00e9nyek r\u00f6gz\u00edt\u00e9s\u00e9hez - T\u00e1jkert\u00e9sz\",\"isPartOf\":{\"@id\":\"https:\\\/\\\/tajkertesz.com\\\/#website\"},\"primaryImageOfPage\":{\"@id\":\"https:\\\/\\\/tajkertesz.com\\\/termek\\\/r-fix-kotozo-futonovenyek-rogzitesehez\\\/#primaryimage\"},\"image\":{\"@id\":\"https:\\\/\\\/tajkertesz.com\\\/termek\\\/r-fix-kotozo-futonovenyek-rogzitesehez\\\/#primaryimage\"},\"thumbnailUrl\":\"https:\\\/\\\/tajkertesz.com\\\/wp-content\\\/uploads\\\/2024\\\/02\\\/R-fix-50m.jpg\",\"datePublished\":\"2024-02-15T14:54:51+00:00\",\"dateModified\":\"2024-02-16T12:16:55+00:00\",\"description\":\"Az R-fix-K\u00f6t\u00f6z\u0151 fut\u00f3n\u00f6v\u00e9nyek r\u00f6gz\u00edt\u00e9s\u00e9hez kiv\u00e1l\u00f3 hi\u00e1ny p\u00f3tl\u00f3 term\u00e9k. Az \u00e9rdes fel\u00fclet\u0171 k\u00f6t\u00f6z\u0151vel egyszer\u0171en r\u00f6gz\u00edthetj\u00fck a t\u00e1maszt\u00e9khoz n\u00f6v\u00e9ny\u00fcnket.\",\"breadcrumb\":{\"@id\":\"https:\\\/\\\/tajkertesz.com\\\/termek\\\/r-fix-kotozo-futonovenyek-rogzitesehez\\\/#breadcrumb\"},\"inLanguage\":\"en-US\",\"potentialAction\":[{\"@type\":\"ReadAction\",\"target\":[\"https:\\\/\\\/tajkertesz.com\\\/termek\\\/r-fix-kotozo-futonovenyek-rogzitesehez\\\/\"]}]},{\"@type\":\"ImageObject\",\"inLanguage\":\"en-US\",\"@id\":\"https:\\\/\\\/tajkertesz.com\\\/termek\\\/r-fix-kotozo-futonovenyek-rogzitesehez\\\/#primaryimage\",\"url\":\"https:\\\/\\\/tajkertesz.com\\\/wp-content\\\/uploads\\\/2024\\\/02\\\/R-fix-50m.jpg\",\"contentUrl\":\"https:\\\/\\\/tajkertesz.com\\\/wp-content\\\/uploads\\\/2024\\\/02\\\/R-fix-50m.jpg\",\"width\":406,\"height\":904},{\"@type\":\"BreadcrumbList\",\"@id\":\"https:\\\/\\\/tajkertesz.com\\\/termek\\\/r-fix-kotozo-futonovenyek-rogzitesehez\\\/#breadcrumb\",\"itemListElement\":[{\"@type\":\"ListItem\",\"position\":1,\"name\":\"Home\",\"item\":\"https:\\\/\\\/tajkertesz.com\\\/\"},{\"@type\":\"ListItem\",\"position\":2,\"name\":\"Kezd\u0151lap\",\"item\":\"https:\\\/\\\/tajkertesz.com\\\/\"},{\"@type\":\"ListItem\",\"position\":3,\"name\":\"R-fix-K\u00f6t\u00f6z\u0151 fut\u00f3n\u00f6v\u00e9nyek r\u00f6gz\u00edt\u00e9s\u00e9hez\"}]},{\"@type\":\"WebSite\",\"@id\":\"https:\\\/\\\/tajkertesz.com\\\/#website\",\"url\":\"https:\\\/\\\/tajkertesz.com\\\/\",\"name\":\"T\u00e1j-Kert\u00e9sz 84 Kft.\",\"description\":\"Kert\u00e9szeti kis- \u00e9s nagykeresked\u00e9s, D\u00edszn\u00f6v\u00e9ny web\u00e1ruh\u00e1z orsz\u00e1gos h\u00e1zhozsz\u00e1ll\u00edt\u00e1ssal!\",\"publisher\":{\"@id\":\"https:\\\/\\\/tajkertesz.com\\\/#organization\"},\"potentialAction\":[{\"@type\":\"SearchAction\",\"target\":{\"@type\":\"EntryPoint\",\"urlTemplate\":\"https:\\\/\\\/tajkertesz.com\\\/?s={search_term_string}\"},\"query-input\":{\"@type\":\"PropertyValueSpecification\",\"valueRequired\":true,\"valueName\":\"search_term_string\"}}],\"inLanguage\":\"en-US\"},{\"@type\":\"Organization\",\"@id\":\"https:\\\/\\\/tajkertesz.com\\\/#organization\",\"name\":\"T\u00e1j-Kert\u00e9sz 84 Kft.\",\"url\":\"https:\\\/\\\/tajkertesz.com\\\/\",\"logo\":{\"@type\":\"ImageObject\",\"inLanguage\":\"en-US\",\"@id\":\"https:\\\/\\\/tajkertesz.com\\\/#\\\/schema\\\/logo\\\/image\\\/\",\"url\":\"https:\\\/\\\/tajkertesz.com\\\/wp-content\\\/uploads\\\/2018\\\/02\\\/logo-2-e1518678052539.png\",\"contentUrl\":\"https:\\\/\\\/tajkertesz.com\\\/wp-content\\\/uploads\\\/2018\\\/02\\\/logo-2-e1518678052539.png\",\"width\":81,\"height\":140,\"caption\":\"T\u00e1j-Kert\u00e9sz 84 Kft.\"},\"image\":{\"@id\":\"https:\\\/\\\/tajkertesz.com\\\/#\\\/schema\\\/logo\\\/image\\\/\"},\"sameAs\":[\"https:\\\/\\\/www.facebook.com\\\/Tajkertesz\\\/\"]}]}<\/script>\n<!-- \/ Yoast SEO plugin. -->","yoast_head_json":{"title":"R-fix-K\u00f6t\u00f6z\u0151 fut\u00f3n\u00f6v\u00e9nyek r\u00f6gz\u00edt\u00e9s\u00e9hez - T\u00e1jkert\u00e9sz","description":"Az R-fix-K\u00f6t\u00f6z\u0151 fut\u00f3n\u00f6v\u00e9nyek r\u00f6gz\u00edt\u00e9s\u00e9hez kiv\u00e1l\u00f3 hi\u00e1ny p\u00f3tl\u00f3 term\u00e9k. Az \u00e9rdes fel\u00fclet\u0171 k\u00f6t\u00f6z\u0151vel egyszer\u0171en r\u00f6gz\u00edthetj\u00fck a t\u00e1maszt\u00e9khoz n\u00f6v\u00e9ny\u00fcnket.","robots":{"index":"index","follow":"follow","max-snippet":"max-snippet:-1","max-image-preview":"max-image-preview:large","max-video-preview":"max-video-preview:-1"},"canonical":"https:\/\/tajkertesz.com\/en_US\/product\/r-fix-kotozo-futonovenyek-rogzitesehez\/","og_locale":"en_US","og_type":"article","og_title":"R-fix-K\u00f6t\u00f6z\u0151 fut\u00f3n\u00f6v\u00e9nyek r\u00f6gz\u00edt\u00e9s\u00e9hez - T\u00e1jkert\u00e9sz","og_description":"Az R-fix-K\u00f6t\u00f6z\u0151 fut\u00f3n\u00f6v\u00e9nyek r\u00f6gz\u00edt\u00e9s\u00e9hez kiv\u00e1l\u00f3 hi\u00e1ny p\u00f3tl\u00f3 term\u00e9k. Az \u00e9rdes fel\u00fclet\u0171 k\u00f6t\u00f6z\u0151vel egyszer\u0171en r\u00f6gz\u00edthetj\u00fck a t\u00e1maszt\u00e9khoz n\u00f6v\u00e9ny\u00fcnket.","og_url":"https:\/\/tajkertesz.com\/en_US\/product\/r-fix-kotozo-futonovenyek-rogzitesehez\/","og_site_name":"T\u00e1jkert\u00e9sz","article_publisher":"https:\/\/www.facebook.com\/Tajkertesz\/","article_modified_time":"2024-02-16T12:16:55+00:00","og_image":[{"width":406,"height":904,"url":"https:\/\/tajkertesz.com\/wp-content\/uploads\/2024\/02\/R-fix-50m.jpg","type":"image\/jpeg"}],"twitter_card":"summary_large_image","twitter_misc":{"Est. reading time":"2 minutes"},"schema":{"@context":"https:\/\/schema.org","@graph":[{"@type":"WebPage","@id":"https:\/\/tajkertesz.com\/termek\/r-fix-kotozo-futonovenyek-rogzitesehez\/","url":"https:\/\/tajkertesz.com\/termek\/r-fix-kotozo-futonovenyek-rogzitesehez\/","name":"R-fix-K\u00f6t\u00f6z\u0151 fut\u00f3n\u00f6v\u00e9nyek r\u00f6gz\u00edt\u00e9s\u00e9hez - T\u00e1jkert\u00e9sz","isPartOf":{"@id":"https:\/\/tajkertesz.com\/#website"},"primaryImageOfPage":{"@id":"https:\/\/tajkertesz.com\/termek\/r-fix-kotozo-futonovenyek-rogzitesehez\/#primaryimage"},"image":{"@id":"https:\/\/tajkertesz.com\/termek\/r-fix-kotozo-futonovenyek-rogzitesehez\/#primaryimage"},"thumbnailUrl":"https:\/\/tajkertesz.com\/wp-content\/uploads\/2024\/02\/R-fix-50m.jpg","datePublished":"2024-02-15T14:54:51+00:00","dateModified":"2024-02-16T12:16:55+00:00","description":"Az R-fix-K\u00f6t\u00f6z\u0151 fut\u00f3n\u00f6v\u00e9nyek r\u00f6gz\u00edt\u00e9s\u00e9hez kiv\u00e1l\u00f3 hi\u00e1ny p\u00f3tl\u00f3 term\u00e9k. Az \u00e9rdes fel\u00fclet\u0171 k\u00f6t\u00f6z\u0151vel egyszer\u0171en r\u00f6gz\u00edthetj\u00fck a t\u00e1maszt\u00e9khoz n\u00f6v\u00e9ny\u00fcnket.","breadcrumb":{"@id":"https:\/\/tajkertesz.com\/termek\/r-fix-kotozo-futonovenyek-rogzitesehez\/#breadcrumb"},"inLanguage":"en-US","potentialAction":[{"@type":"ReadAction","target":["https:\/\/tajkertesz.com\/termek\/r-fix-kotozo-futonovenyek-rogzitesehez\/"]}]},{"@type":"ImageObject","inLanguage":"en-US","@id":"https:\/\/tajkertesz.com\/termek\/r-fix-kotozo-futonovenyek-rogzitesehez\/#primaryimage","url":"https:\/\/tajkertesz.com\/wp-content\/uploads\/2024\/02\/R-fix-50m.jpg","contentUrl":"https:\/\/tajkertesz.com\/wp-content\/uploads\/2024\/02\/R-fix-50m.jpg","width":406,"height":904},{"@type":"BreadcrumbList","@id":"https:\/\/tajkertesz.com\/termek\/r-fix-kotozo-futonovenyek-rogzitesehez\/#breadcrumb","itemListElement":[{"@type":"ListItem","position":1,"name":"Home","item":"https:\/\/tajkertesz.com\/"},{"@type":"ListItem","position":2,"name":"Kezd\u0151lap","item":"https:\/\/tajkertesz.com\/"},{"@type":"ListItem","position":3,"name":"R-fix-K\u00f6t\u00f6z\u0151 fut\u00f3n\u00f6v\u00e9nyek r\u00f6gz\u00edt\u00e9s\u00e9hez"}]},{"@type":"WebSite","@id":"https:\/\/tajkertesz.com\/#website","url":"https:\/\/tajkertesz.com\/","name":"T\u00e1j-Kert\u00e9sz 84 Kft.","description":"Kert\u00e9szeti kis- \u00e9s nagykeresked\u00e9s, D\u00edszn\u00f6v\u00e9ny web\u00e1ruh\u00e1z orsz\u00e1gos h\u00e1zhozsz\u00e1ll\u00edt\u00e1ssal!","publisher":{"@id":"https:\/\/tajkertesz.com\/#organization"},"potentialAction":[{"@type":"SearchAction","target":{"@type":"EntryPoint","urlTemplate":"https:\/\/tajkertesz.com\/?s={search_term_string}"},"query-input":{"@type":"PropertyValueSpecification","valueRequired":true,"valueName":"search_term_string"}}],"inLanguage":"en-US"},{"@type":"Organization","@id":"https:\/\/tajkertesz.com\/#organization","name":"T\u00e1j-Kert\u00e9sz 84 Kft.","url":"https:\/\/tajkertesz.com\/","logo":{"@type":"ImageObject","inLanguage":"en-US","@id":"https:\/\/tajkertesz.com\/#\/schema\/logo\/image\/","url":"https:\/\/tajkertesz.com\/wp-content\/uploads\/2018\/02\/logo-2-e1518678052539.png","contentUrl":"https:\/\/tajkertesz.com\/wp-content\/uploads\/2018\/02\/logo-2-e1518678052539.png","width":81,"height":140,"caption":"T\u00e1j-Kert\u00e9sz 84 Kft."},"image":{"@id":"https:\/\/tajkertesz.com\/#\/schema\/logo\/image\/"},"sameAs":["https:\/\/www.facebook.com\/Tajkertesz\/"]}]}},"_links":{"self":[{"href":"https:\/\/tajkertesz.com\/en_US\/wp-json\/wp\/v2\/product\/19222","targetHints":{"allow":["GET"]}}],"collection":[{"href":"https:\/\/tajkertesz.com\/en_US\/wp-json\/wp\/v2\/product"}],"about":[{"href":"https:\/\/tajkertesz.com\/en_US\/wp-json\/wp\/v2\/types\/product"}],"wp:featuredmedia":[{"embeddable":true,"href":"https:\/\/tajkertesz.com\/en_US\/wp-json\/wp\/v2\/media\/19230"}],"wp:attachment":[{"href":"https:\/\/tajkertesz.com\/en_US\/wp-json\/wp\/v2\/media?parent=19222"}],"wp:term":[{"taxonomy":"product_brand","embeddable":true,"href":"https:\/\/tajkertesz.com\/en_US\/wp-json\/wp\/v2\/product_brand?post=19222"},{"taxonomy":"product_cat","embeddable":true,"href":"https:\/\/tajkertesz.com\/en_US\/wp-json\/wp\/v2\/product_cat?post=19222"},{"taxonomy":"product_tag","embeddable":true,"href":"https:\/\/tajkertesz.com\/en_US\/wp-json\/wp\/v2\/product_tag?post=19222"}],"curies":[{"name":"wp","href":"https:\/\/api.w.org\/{rel}","templated":true}]}}