{"id":19266,"date":"2024-02-19T11:56:54","date_gmt":"2024-02-19T11:56:54","guid":{"rendered":"https:\/\/tajkertesz.com\/?post_type=product&#038;p=19266"},"modified":"2026-02-12T15:28:30","modified_gmt":"2026-02-12T15:28:30","slug":"truper-funyiro-ollo-33cmt-80","status":"publish","type":"product","link":"https:\/\/tajkertesz.com\/en_US\/product\/truper-funyiro-ollo-33cmt-80\/","title":{"rendered":"Truper f\u0171ny\u00edr\u00f3 oll\u00f3 33cmT-80"},"content":{"rendered":"<h2>Truper f\u0171ny\u00edr\u00f3 oll\u00f3 33cmT-80<\/h2>\n<p>Truper f\u0171ny\u00edr\u00f3 oll\u00f3 33cmT-80<\/p>\n<p>3 \u00e1ll\u00e1sban v\u00e1g<\/p>\n<p>h\u0151kezelt ac\u00e9l penge<\/p>\n<p>Hossz: 33 cm<\/p>\n<p>F\u0171ny\u00edr\u00f3val nehezen megk\u00f6zel\u00edthet\u0151 helyeken megmarad\u00f3 f\u0171sz\u00e1lak v\u00e1g\u00e1s\u00e1ra aj\u00e1nlott (szeg\u00e9lyek, sarkok)<\/p>","protected":false},"excerpt":{"rendered":"<h2>Truper f\u0171ny\u00edr\u00f3 oll\u00f3 33cmT-80<\/h2>\n<p>3 \u00e1ll\u00e1sban v\u00e1g<\/p>\n<p>h\u0151kezelt ac\u00e9l penge<\/p>\n<p>Hossz: 33 cm<\/p>\n<p>F\u0171ny\u00edr\u00f3val nehezen megk\u00f6zel\u00edthet\u0151 helyeken megmarad\u00f3 f\u0171sz\u00e1lak v\u00e1g\u00e1s\u00e1ra aj\u00e1nlott (szeg\u00e9lyek, sarkok)<\/p>","protected":false},"featured_media":19267,"template":"","meta":{"_et_pb_use_builder":"","_et_pb_old_content":"","_et_gb_content_width":""},"product_brand":[],"product_cat":[2065],"product_tag":[4938,1285,1032,4565,927],"class_list":{"0":"post-19266","1":"product","2":"type-product","3":"status-publish","4":"has-post-thumbnail","6":"product_cat-szerszamok-csavarhuzok-blankolok-meroszalagok-stb","7":"product_tag-funyiro-ollo","8":"product_tag-gyep","9":"product_tag-ollo","10":"product_tag-szerszam","11":"product_tag-truper","13":"first","14":"instock","15":"shipping-taxable","16":"purchasable","17":"product-type-simple"},"yoast_head":"<!-- This site is optimized with the Yoast SEO plugin v27.3 - https:\/\/yoast.com\/product\/yoast-seo-wordpress\/ -->\n<title>Truper f\u0171ny\u00edr\u00f3 oll\u00f3 33cmT-80 - T\u00e1jkert\u00e9sz<\/title>\n<meta name=\"description\" content=\"Truper f\u0171ny\u00edr\u00f3 oll\u00f3 33cmT-80\" \/>\n<meta name=\"robots\" content=\"index, follow, max-snippet:-1, max-image-preview:large, max-video-preview:-1\" \/>\n<link rel=\"canonical\" href=\"https:\/\/tajkertesz.com\/en_US\/product\/truper-funyiro-ollo-33cmt-80\/\" \/>\n<meta property=\"og:locale\" content=\"en_US\" \/>\n<meta property=\"og:type\" content=\"article\" \/>\n<meta property=\"og:title\" content=\"Truper f\u0171ny\u00edr\u00f3 oll\u00f3 33cmT-80 - T\u00e1jkert\u00e9sz\" \/>\n<meta property=\"og:description\" content=\"Truper f\u0171ny\u00edr\u00f3 oll\u00f3 33cmT-80\" \/>\n<meta property=\"og:url\" content=\"https:\/\/tajkertesz.com\/en_US\/product\/truper-funyiro-ollo-33cmt-80\/\" \/>\n<meta property=\"og:site_name\" content=\"T\u00e1jkert\u00e9sz\" \/>\n<meta property=\"article:publisher\" content=\"https:\/\/www.facebook.com\/Tajkertesz\/\" \/>\n<meta property=\"article:modified_time\" content=\"2026-02-12T15:28:30+00:00\" \/>\n<meta property=\"og:image\" content=\"https:\/\/tajkertesz.com\/wp-content\/uploads\/2024\/02\/f_ny_r_oll_33cm_truper_t-80.gif\" \/>\n\t<meta property=\"og:image:width\" content=\"400\" \/>\n\t<meta property=\"og:image:height\" content=\"400\" \/>\n\t<meta property=\"og:image:type\" content=\"image\/gif\" \/>\n<meta name=\"twitter:card\" content=\"summary_large_image\" \/>\n<meta name=\"twitter:label1\" content=\"Est. reading time\" \/>\n\t<meta name=\"twitter:data1\" content=\"1 minute\" \/>\n<script type=\"application\/ld+json\" class=\"yoast-schema-graph\">{\"@context\":\"https:\\\/\\\/schema.org\",\"@graph\":[{\"@type\":\"WebPage\",\"@id\":\"https:\\\/\\\/tajkertesz.com\\\/termek\\\/truper-funyiro-ollo-33cmt-80\\\/\",\"url\":\"https:\\\/\\\/tajkertesz.com\\\/termek\\\/truper-funyiro-ollo-33cmt-80\\\/\",\"name\":\"Truper f\u0171ny\u00edr\u00f3 oll\u00f3 33cmT-80 - T\u00e1jkert\u00e9sz\",\"isPartOf\":{\"@id\":\"https:\\\/\\\/tajkertesz.com\\\/#website\"},\"primaryImageOfPage\":{\"@id\":\"https:\\\/\\\/tajkertesz.com\\\/termek\\\/truper-funyiro-ollo-33cmt-80\\\/#primaryimage\"},\"image\":{\"@id\":\"https:\\\/\\\/tajkertesz.com\\\/termek\\\/truper-funyiro-ollo-33cmt-80\\\/#primaryimage\"},\"thumbnailUrl\":\"https:\\\/\\\/tajkertesz.com\\\/wp-content\\\/uploads\\\/2024\\\/02\\\/f_ny_r_oll_33cm_truper_t-80.gif\",\"datePublished\":\"2024-02-19T11:56:54+00:00\",\"dateModified\":\"2026-02-12T15:28:30+00:00\",\"description\":\"Truper f\u0171ny\u00edr\u00f3 oll\u00f3 33cmT-80\",\"breadcrumb\":{\"@id\":\"https:\\\/\\\/tajkertesz.com\\\/termek\\\/truper-funyiro-ollo-33cmt-80\\\/#breadcrumb\"},\"inLanguage\":\"en-US\",\"potentialAction\":[{\"@type\":\"ReadAction\",\"target\":[\"https:\\\/\\\/tajkertesz.com\\\/termek\\\/truper-funyiro-ollo-33cmt-80\\\/\"]}]},{\"@type\":\"ImageObject\",\"inLanguage\":\"en-US\",\"@id\":\"https:\\\/\\\/tajkertesz.com\\\/termek\\\/truper-funyiro-ollo-33cmt-80\\\/#primaryimage\",\"url\":\"https:\\\/\\\/tajkertesz.com\\\/wp-content\\\/uploads\\\/2024\\\/02\\\/f_ny_r_oll_33cm_truper_t-80.gif\",\"contentUrl\":\"https:\\\/\\\/tajkertesz.com\\\/wp-content\\\/uploads\\\/2024\\\/02\\\/f_ny_r_oll_33cm_truper_t-80.gif\",\"width\":400,\"height\":400},{\"@type\":\"BreadcrumbList\",\"@id\":\"https:\\\/\\\/tajkertesz.com\\\/termek\\\/truper-funyiro-ollo-33cmt-80\\\/#breadcrumb\",\"itemListElement\":[{\"@type\":\"ListItem\",\"position\":1,\"name\":\"Home\",\"item\":\"https:\\\/\\\/tajkertesz.com\\\/\"},{\"@type\":\"ListItem\",\"position\":2,\"name\":\"Kezd\u0151lap\",\"item\":\"https:\\\/\\\/tajkertesz.com\\\/\"},{\"@type\":\"ListItem\",\"position\":3,\"name\":\"Truper f\u0171ny\u00edr\u00f3 oll\u00f3 33cmT-80\"}]},{\"@type\":\"WebSite\",\"@id\":\"https:\\\/\\\/tajkertesz.com\\\/#website\",\"url\":\"https:\\\/\\\/tajkertesz.com\\\/\",\"name\":\"T\u00e1j-Kert\u00e9sz 84 Kft.\",\"description\":\"Kert\u00e9szeti kis- \u00e9s nagykeresked\u00e9s, D\u00edszn\u00f6v\u00e9ny web\u00e1ruh\u00e1z orsz\u00e1gos h\u00e1zhozsz\u00e1ll\u00edt\u00e1ssal!\",\"publisher\":{\"@id\":\"https:\\\/\\\/tajkertesz.com\\\/#organization\"},\"potentialAction\":[{\"@type\":\"SearchAction\",\"target\":{\"@type\":\"EntryPoint\",\"urlTemplate\":\"https:\\\/\\\/tajkertesz.com\\\/?s={search_term_string}\"},\"query-input\":{\"@type\":\"PropertyValueSpecification\",\"valueRequired\":true,\"valueName\":\"search_term_string\"}}],\"inLanguage\":\"en-US\"},{\"@type\":\"Organization\",\"@id\":\"https:\\\/\\\/tajkertesz.com\\\/#organization\",\"name\":\"T\u00e1j-Kert\u00e9sz 84 Kft.\",\"url\":\"https:\\\/\\\/tajkertesz.com\\\/\",\"logo\":{\"@type\":\"ImageObject\",\"inLanguage\":\"en-US\",\"@id\":\"https:\\\/\\\/tajkertesz.com\\\/#\\\/schema\\\/logo\\\/image\\\/\",\"url\":\"https:\\\/\\\/tajkertesz.com\\\/wp-content\\\/uploads\\\/2018\\\/02\\\/logo-2-e1518678052539.png\",\"contentUrl\":\"https:\\\/\\\/tajkertesz.com\\\/wp-content\\\/uploads\\\/2018\\\/02\\\/logo-2-e1518678052539.png\",\"width\":81,\"height\":140,\"caption\":\"T\u00e1j-Kert\u00e9sz 84 Kft.\"},\"image\":{\"@id\":\"https:\\\/\\\/tajkertesz.com\\\/#\\\/schema\\\/logo\\\/image\\\/\"},\"sameAs\":[\"https:\\\/\\\/www.facebook.com\\\/Tajkertesz\\\/\"]}]}<\/script>\n<!-- \/ Yoast SEO plugin. -->","yoast_head_json":{"title":"Truper f\u0171ny\u00edr\u00f3 oll\u00f3 33cmT-80 - T\u00e1jkert\u00e9sz","description":"Truper f\u0171ny\u00edr\u00f3 oll\u00f3 33cmT-80","robots":{"index":"index","follow":"follow","max-snippet":"max-snippet:-1","max-image-preview":"max-image-preview:large","max-video-preview":"max-video-preview:-1"},"canonical":"https:\/\/tajkertesz.com\/en_US\/product\/truper-funyiro-ollo-33cmt-80\/","og_locale":"en_US","og_type":"article","og_title":"Truper f\u0171ny\u00edr\u00f3 oll\u00f3 33cmT-80 - T\u00e1jkert\u00e9sz","og_description":"Truper f\u0171ny\u00edr\u00f3 oll\u00f3 33cmT-80","og_url":"https:\/\/tajkertesz.com\/en_US\/product\/truper-funyiro-ollo-33cmt-80\/","og_site_name":"T\u00e1jkert\u00e9sz","article_publisher":"https:\/\/www.facebook.com\/Tajkertesz\/","article_modified_time":"2026-02-12T15:28:30+00:00","og_image":[{"width":400,"height":400,"url":"https:\/\/tajkertesz.com\/wp-content\/uploads\/2024\/02\/f_ny_r_oll_33cm_truper_t-80.gif","type":"image\/gif"}],"twitter_card":"summary_large_image","twitter_misc":{"Est. reading time":"1 minute"},"schema":{"@context":"https:\/\/schema.org","@graph":[{"@type":"WebPage","@id":"https:\/\/tajkertesz.com\/termek\/truper-funyiro-ollo-33cmt-80\/","url":"https:\/\/tajkertesz.com\/termek\/truper-funyiro-ollo-33cmt-80\/","name":"Truper f\u0171ny\u00edr\u00f3 oll\u00f3 33cmT-80 - T\u00e1jkert\u00e9sz","isPartOf":{"@id":"https:\/\/tajkertesz.com\/#website"},"primaryImageOfPage":{"@id":"https:\/\/tajkertesz.com\/termek\/truper-funyiro-ollo-33cmt-80\/#primaryimage"},"image":{"@id":"https:\/\/tajkertesz.com\/termek\/truper-funyiro-ollo-33cmt-80\/#primaryimage"},"thumbnailUrl":"https:\/\/tajkertesz.com\/wp-content\/uploads\/2024\/02\/f_ny_r_oll_33cm_truper_t-80.gif","datePublished":"2024-02-19T11:56:54+00:00","dateModified":"2026-02-12T15:28:30+00:00","description":"Truper f\u0171ny\u00edr\u00f3 oll\u00f3 33cmT-80","breadcrumb":{"@id":"https:\/\/tajkertesz.com\/termek\/truper-funyiro-ollo-33cmt-80\/#breadcrumb"},"inLanguage":"en-US","potentialAction":[{"@type":"ReadAction","target":["https:\/\/tajkertesz.com\/termek\/truper-funyiro-ollo-33cmt-80\/"]}]},{"@type":"ImageObject","inLanguage":"en-US","@id":"https:\/\/tajkertesz.com\/termek\/truper-funyiro-ollo-33cmt-80\/#primaryimage","url":"https:\/\/tajkertesz.com\/wp-content\/uploads\/2024\/02\/f_ny_r_oll_33cm_truper_t-80.gif","contentUrl":"https:\/\/tajkertesz.com\/wp-content\/uploads\/2024\/02\/f_ny_r_oll_33cm_truper_t-80.gif","width":400,"height":400},{"@type":"BreadcrumbList","@id":"https:\/\/tajkertesz.com\/termek\/truper-funyiro-ollo-33cmt-80\/#breadcrumb","itemListElement":[{"@type":"ListItem","position":1,"name":"Home","item":"https:\/\/tajkertesz.com\/"},{"@type":"ListItem","position":2,"name":"Kezd\u0151lap","item":"https:\/\/tajkertesz.com\/"},{"@type":"ListItem","position":3,"name":"Truper f\u0171ny\u00edr\u00f3 oll\u00f3 33cmT-80"}]},{"@type":"WebSite","@id":"https:\/\/tajkertesz.com\/#website","url":"https:\/\/tajkertesz.com\/","name":"T\u00e1j-Kert\u00e9sz 84 Kft.","description":"Kert\u00e9szeti kis- \u00e9s nagykeresked\u00e9s, D\u00edszn\u00f6v\u00e9ny web\u00e1ruh\u00e1z orsz\u00e1gos h\u00e1zhozsz\u00e1ll\u00edt\u00e1ssal!","publisher":{"@id":"https:\/\/tajkertesz.com\/#organization"},"potentialAction":[{"@type":"SearchAction","target":{"@type":"EntryPoint","urlTemplate":"https:\/\/tajkertesz.com\/?s={search_term_string}"},"query-input":{"@type":"PropertyValueSpecification","valueRequired":true,"valueName":"search_term_string"}}],"inLanguage":"en-US"},{"@type":"Organization","@id":"https:\/\/tajkertesz.com\/#organization","name":"T\u00e1j-Kert\u00e9sz 84 Kft.","url":"https:\/\/tajkertesz.com\/","logo":{"@type":"ImageObject","inLanguage":"en-US","@id":"https:\/\/tajkertesz.com\/#\/schema\/logo\/image\/","url":"https:\/\/tajkertesz.com\/wp-content\/uploads\/2018\/02\/logo-2-e1518678052539.png","contentUrl":"https:\/\/tajkertesz.com\/wp-content\/uploads\/2018\/02\/logo-2-e1518678052539.png","width":81,"height":140,"caption":"T\u00e1j-Kert\u00e9sz 84 Kft."},"image":{"@id":"https:\/\/tajkertesz.com\/#\/schema\/logo\/image\/"},"sameAs":["https:\/\/www.facebook.com\/Tajkertesz\/"]}]}},"_links":{"self":[{"href":"https:\/\/tajkertesz.com\/en_US\/wp-json\/wp\/v2\/product\/19266","targetHints":{"allow":["GET"]}}],"collection":[{"href":"https:\/\/tajkertesz.com\/en_US\/wp-json\/wp\/v2\/product"}],"about":[{"href":"https:\/\/tajkertesz.com\/en_US\/wp-json\/wp\/v2\/types\/product"}],"wp:featuredmedia":[{"embeddable":true,"href":"https:\/\/tajkertesz.com\/en_US\/wp-json\/wp\/v2\/media\/19267"}],"wp:attachment":[{"href":"https:\/\/tajkertesz.com\/en_US\/wp-json\/wp\/v2\/media?parent=19266"}],"wp:term":[{"taxonomy":"product_brand","embeddable":true,"href":"https:\/\/tajkertesz.com\/en_US\/wp-json\/wp\/v2\/product_brand?post=19266"},{"taxonomy":"product_cat","embeddable":true,"href":"https:\/\/tajkertesz.com\/en_US\/wp-json\/wp\/v2\/product_cat?post=19266"},{"taxonomy":"product_tag","embeddable":true,"href":"https:\/\/tajkertesz.com\/en_US\/wp-json\/wp\/v2\/product_tag?post=19266"}],"curies":[{"name":"wp","href":"https:\/\/api.w.org\/{rel}","templated":true}]}}