{"id":19290,"date":"2024-02-20T12:00:07","date_gmt":"2024-02-20T12:00:07","guid":{"rendered":"https:\/\/tajkertesz.com\/?post_type=product&#038;p=19290"},"modified":"2026-02-13T09:05:13","modified_gmt":"2026-02-13T09:05:13","slug":"kapia-paprika-galaxy-05-g","status":"publish","type":"product","link":"https:\/\/tajkertesz.com\/en_US\/product\/kapia-paprika-galaxy-05-g\/","title":{"rendered":"K\u00e1pia paprika Galaxy 0,5 g"},"content":{"rendered":"<p>K\u00e1pia paprika Galaxy 0,5 g<\/p>\n<p>A K\u00e1pia paprika Galaxy 0,5 g folytonn\u00f6v\u0151 \u201ck\u00e1pia\u201d t\u00edpus\u00fa fajta. Bogy\u00f3ja nagym\u00e9ret\u0171, z\u00f6ldb\u0151l pirosba \u00e9r\u0151, cs\u00fcng\u0151 \u00e1ll\u00e1s\u00fa, vastag h\u00fas\u00fa, \u00e9des \u00edz\u0171.<\/p>\n<p>&nbsp;<\/p>\n<div class=\"grid grid-nogutter col-12 md:col-6 p-2\" data-v-d30d407a=\"\">\n<div class=\"flex flex-row align-items-end justify-content-end w-full h-full\" data-v-d30d407a=\"\">\n<div class=\"flex flex-row align-items-center justify-content-start w-full\" data-v-d30d407a=\"\">Faj :Paprika-K\u00e1pia t\u00edpus<\/div>\n<\/div>\n<div class=\"p-divider p-component p-divider-horizontal p-divider-solid p-divider-left m-0\" role=\"separator\" data-v-d30d407a=\"\" aria-orientation=\"horizontal\" data-pc-name=\"divider\" data-pc-section=\"root\"><\/div>\n<\/div>\n<div class=\"grid grid-nogutter col-12 md:col-6 p-2\" data-v-d30d407a=\"\">\n<div class=\"flex flex-row align-items-end justify-content-end w-full h-full\" data-v-d30d407a=\"\">\n<div class=\"flex flex-row align-items-center justify-content-start w-full\" data-v-d30d407a=\"\">Fajta :\u00a0Galaxy (Kurtovska k\u00e1pia)<\/div>\n<\/div>\n<div class=\"p-divider p-component p-divider-horizontal p-divider-solid p-divider-left m-0\" role=\"separator\" data-v-d30d407a=\"\" aria-orientation=\"horizontal\" data-pc-name=\"divider\" data-pc-section=\"root\"><\/div>\n<\/div>\n<div class=\"grid grid-nogutter col-12 md:col-6 p-2\" data-v-d30d407a=\"\">\n<div class=\"flex flex-row align-items-end justify-content-end w-full h-full\" data-v-d30d407a=\"\">\n<div class=\"flex flex-row align-items-center justify-content-start w-full\" data-v-d30d407a=\"\">Vet\u00e9si m\u00e9lys\u00e9g:\u00a01 cm<\/div>\n<\/div>\n<div class=\"p-divider p-component p-divider-horizontal p-divider-solid p-divider-left m-0\" role=\"separator\" data-v-d30d407a=\"\" aria-orientation=\"horizontal\" data-pc-name=\"divider\" data-pc-section=\"root\"><\/div>\n<\/div>\n<div class=\"grid grid-nogutter col-12 md:col-6 p-2\" data-v-d30d407a=\"\">\n<div class=\"flex flex-row align-items-end justify-content-end w-full h-full\" data-v-d30d407a=\"\">\n<div class=\"flex flex-row align-items-center justify-content-start w-full\" data-v-d30d407a=\"\">Sort\u00e1vols\u00e1g :70 cm<\/div>\n<\/div>\n<div class=\"p-divider p-component p-divider-horizontal p-divider-solid p-divider-left m-0\" role=\"separator\" data-v-d30d407a=\"\" aria-orientation=\"horizontal\" data-pc-name=\"divider\" data-pc-section=\"root\"><\/div>\n<\/div>\n<div class=\"grid grid-nogutter col-12 md:col-6 p-2\" data-v-d30d407a=\"\">\n<div class=\"flex flex-row align-items-end justify-content-end w-full h-full\" data-v-d30d407a=\"\">\n<div class=\"flex flex-row align-items-center justify-content-start w-full\" data-v-d30d407a=\"\">T\u0151t\u00e1vols\u00e1g :30 cm<\/div>\n<\/div>\n<div class=\"p-divider p-component p-divider-horizontal p-divider-solid p-divider-left m-0\" role=\"separator\" data-v-d30d407a=\"\" aria-orientation=\"horizontal\" data-pc-name=\"divider\" data-pc-section=\"root\"><\/div>\n<\/div>\n<div class=\"grid grid-nogutter col-12 md:col-6 p-2\" data-v-d30d407a=\"\">\n<div class=\"flex flex-row align-items-end justify-content-end w-full h-full\" data-v-d30d407a=\"\">\n<div class=\"flex flex-row align-items-center justify-content-start w-full\" data-v-d30d407a=\"\">\u00c1tlagos cs\u00edr\u00e1z\u00e1si id\u0151 :14 nap<\/div>\n<\/div>\n<div class=\"p-divider p-component p-divider-horizontal p-divider-solid p-divider-left m-0\" role=\"separator\" data-v-d30d407a=\"\" aria-orientation=\"horizontal\" data-pc-name=\"divider\" data-pc-section=\"root\"><\/div>\n<\/div>\n<div class=\"grid grid-nogutter col-12 md:col-6 p-2\" data-v-d30d407a=\"\">\n<div class=\"flex flex-row align-items-end justify-content-end w-full h-full\" data-v-d30d407a=\"\">\n<div class=\"flex flex-row align-items-center justify-content-start w-full\" data-v-d30d407a=\"\">Optim\u00e1lis cs\u00edr\u00e1z\u00e1si h\u0151m\u00e9rs\u00e9klet :20 \u00b0C<\/div>\n<\/div>\n<div class=\"p-divider p-component p-divider-horizontal p-divider-solid p-divider-left m-0\" role=\"separator\" data-v-d30d407a=\"\" aria-orientation=\"horizontal\" data-pc-name=\"divider\" data-pc-section=\"root\"><\/div>\n<\/div>\n<div class=\"grid grid-nogutter col-12 md:col-6 p-2\" data-v-d30d407a=\"\">\n<div class=\"flex flex-row align-items-end justify-content-end w-full h-full\" data-v-d30d407a=\"\">\n<div class=\"flex flex-row align-items-center justify-content-start w-full\" data-v-d30d407a=\"\">N\u00f6v\u00e9nymagass\u00e1g :60 cm<\/div>\n<\/div>\n<div class=\"p-divider p-component p-divider-horizontal p-divider-solid p-divider-left m-0\" role=\"separator\" data-v-d30d407a=\"\" aria-orientation=\"horizontal\" data-pc-name=\"divider\" data-pc-section=\"root\"><\/div>\n<\/div>\n<div class=\"grid grid-nogutter col-12 md:col-6 p-2\" data-v-d30d407a=\"\">\n<div class=\"flex flex-row align-items-end justify-content-end w-full h-full\" data-v-d30d407a=\"\">\n<div class=\"flex flex-row align-items-center justify-content-start w-full\" data-v-d30d407a=\"\">Term\u00e9s sz\u00edne \/ Vir\u00e1g sz\u00edne :piros<\/div>\n<\/div>\n<div class=\"p-divider p-component p-divider-horizontal p-divider-solid p-divider-left m-0\" role=\"separator\" data-v-d30d407a=\"\" aria-orientation=\"horizontal\" data-pc-name=\"divider\" data-pc-section=\"root\"><\/div>\n<\/div>\n<div class=\"grid grid-nogutter col-12 md:col-6 p-2\" data-v-d30d407a=\"\">\n<div class=\"flex flex-row align-items-end justify-content-end w-full h-full\" data-v-d30d407a=\"\">\n<div class=\"flex flex-row align-items-center justify-content-start w-full\" data-v-d30d407a=\"\">Pal\u00e1nt\u00e1z\u00e1s ideje :M\u00e1j.<\/div>\n<\/div>\n<div class=\"p-divider p-component p-divider-horizontal p-divider-solid p-divider-left m-0\" role=\"separator\" data-v-d30d407a=\"\" aria-orientation=\"horizontal\" data-pc-name=\"divider\" data-pc-section=\"root\"><\/div>\n<\/div>\n<div class=\"grid grid-nogutter col-12 md:col-6 p-2\" data-v-d30d407a=\"\">\n<div class=\"flex flex-row align-items-end justify-content-end w-full h-full\" data-v-d30d407a=\"\">\n<div class=\"flex flex-row align-items-center justify-content-start w-full\" data-v-d30d407a=\"\">Vet\u00e9si id\u0151:\u00a0M\u00e1r.<\/div>\n<\/div>\n<div class=\"p-divider p-component p-divider-horizontal p-divider-solid p-divider-left m-0\" role=\"separator\" data-v-d30d407a=\"\" aria-orientation=\"horizontal\" data-pc-name=\"divider\" data-pc-section=\"root\"><\/div>\n<\/div>\n<div class=\"grid grid-nogutter col-12 md:col-6 p-2\" data-v-d30d407a=\"\">\n<div class=\"flex flex-row align-items-end justify-content-end w-full h-full\" data-v-d30d407a=\"\">\n<div class=\"flex flex-row align-items-center justify-content-start w-full\" data-v-d30d407a=\"\">Betakar\u00edt\u00e1si id\u0151 \/ Be\u00e9r\u00e9si id\u0151 :J\u00fal.-Szept.<\/div>\n<\/div>\n<div class=\"p-divider p-component p-divider-horizontal p-divider-solid p-divider-left m-0\" role=\"separator\" data-v-d30d407a=\"\" aria-orientation=\"horizontal\" data-pc-name=\"divider\" data-pc-section=\"root\"><\/div>\n<\/div>\n<div class=\"grid grid-nogutter col-12 md:col-6 p-2\" data-v-d30d407a=\"\">\n<div class=\"flex flex-row align-items-end justify-content-end w-full h-full\" data-v-d30d407a=\"\">\n<div class=\"flex flex-row align-items-center justify-content-start w-full\" data-v-d30d407a=\"\">\u00c9letciklus :Egyny\u00e1ri<\/div>\n<\/div>\n<div class=\"p-divider p-component p-divider-horizontal p-divider-solid p-divider-left m-0\" role=\"separator\" data-v-d30d407a=\"\" aria-orientation=\"horizontal\" data-pc-name=\"divider\" data-pc-section=\"root\"><\/div>\n<\/div>\n<div class=\"grid grid-nogutter col-12 md:col-6 p-2\" data-v-d30d407a=\"\">\n<div class=\"flex flex-row align-items-end justify-content-end w-full h-full\" data-v-d30d407a=\"\">\n<div class=\"flex flex-row align-items-center justify-content-start w-full\" data-v-d30d407a=\"\">Magok sz\u00e1ma 1g term\u00e9kben :170 db<\/div>\n<\/div>\n<div class=\"p-divider p-component p-divider-horizontal p-divider-solid p-divider-left m-0\" role=\"separator\" data-v-d30d407a=\"\" aria-orientation=\"horizontal\" data-pc-name=\"divider\" data-pc-section=\"root\"><\/div>\n<\/div>\n<div class=\"grid grid-nogutter col-12 md:col-6 p-2\" data-v-d30d407a=\"\">\n<div class=\"flex flex-row align-items-end justify-content-end w-full h-full\" data-v-d30d407a=\"\">\n<div class=\"flex flex-row align-items-center justify-content-start w-full\" data-v-d30d407a=\"\">Vet\u0151mag ig\u00e9ny 10 m2-re :4 g<\/div>\n<div data-v-d30d407a=\"\">\n<p>Folyamatos t\u00e1panyag ut\u00e1np\u00f3tl\u00e1st ig\u00e9nyel, k\u00e9thetente t\u00e1poldatozzuk.<\/p>\n<p>Erre sz\u00edvesen aj\u00e1nljuk az Agrecol m\u0171tr\u00e1gy\u00e1t paprika \u00e9s paradicsomokhoz !<\/p>\n<p><a href=\"https:\/\/tajkertesz.com\/termek\/agrecol-mutragya-paprika-es-paradicsomokhoz-12-kg\/\">https:\/\/tajkertesz.com\/termek\/agrecol-mutragya-paprika-es-paradicsomokhoz-12-kg\/<\/a><\/p>\n<p><strong>A paradicsom- \u00e9s paprika m\u0171tr\u00e1gya<\/strong>\u00a0szemcs\u00e9s \u00e1sv\u00e1nyi m\u0171tr\u00e1gya.\u00a0Paradicsom \u00e9s paprika t\u00e1poz\u00e1s\u00e1ra szolg\u00e1l, mind a f\u00f6ldben, mind a f\u00f3lia alatt. Gazdag \u00f6sszet\u00e9tele teljes m\u00e9rt\u00e9kben fedezi a n\u00f6v\u00e9nyek makro- \u00e9s mikroelemek ir\u00e1nti term\u00e9szetes ig\u00e9nyeit.<\/p>\n<p>Agrecol m\u0171tr\u00e1gya paprika \u00e9s paradicsomokhoz 1,2 kg<\/p>\n<div class=\"main-info\">\n<div class=\"oneoftwo\">\n<div class=\"inner\">\n<ul>\n<li>paradicsom \u00e9s paprika t\u00e1poz\u00e1s\u00e1ra szolg\u00e1l<\/li>\n<li>b\u0151s\u00e9ges term\u00e9st ny\u00fajt<\/li>\n<li>kapacit\u00e1s: 1,2 kg 80 n\u00f6v\u00e9ny sz\u00e1m\u00e1ra elegend\u0151<\/li>\n<\/ul>\n<\/div>\n<\/div>\n<\/div>\n<\/div>\n<\/div>\n<\/div>\n<p><strong>K\u00e9szlet\u00fcnk napi szinten v\u00e1ltozik, ez\u00e9rt k\u00e9rj\u00fck, \u00e9rdekl\u0151dj\u00f6n szem\u00e9lyesen, telefonon vagy email-en.<br \/>\nA v\u00e1ltoztat\u00e1s jog\u00e1t fenntartjuk!\u00a0<\/strong><\/p>\n<p>&nbsp;<\/p>\n<p><a href=\"https:\/\/tajkertesz.com\/\">https:\/\/tajkertesz.com\/<\/a><\/p>\n<p><a href=\"https:\/\/www.facebook.com\/tajkertesz\/\">https:\/\/www.facebook.com\/tajkertesz\/<\/a><\/p>\n<p>Kisz\u00e1ll\u00edt\u00e1s: 200cm-ig \u00a0\u00e9s 40 kg-ig a sz\u00e1ll\u00edt\u00e1s fut\u00e1rszolg\u00e1lattal \u00a0t\u00f6rt\u00e9nik.<\/p>\n<p>Szem\u00e9lyes \u00e1tv\u00e9tel nyitvatart\u00e1si id\u0151ben a 17. ker\u00fclet Bakancsos utca 7. sz\u00e1m alatti Kert\u00e9szeti \u00e1rud\u00e1ban.<\/p>\n<h6><span style=\"color: #ffffff;\">Folyamatos t\u00e1panyag ut\u00e1np\u00f3tl\u00e1st ig\u00e9nyel, k\u00e9thetente t\u00e1poldatozzuk.\u00a0Erre sz\u00edvesen aj\u00e1nljuk az Agrecol m\u0171tr\u00e1gy\u00e1t paprika \u00e9s paradicsomokhoz !<a style=\"color: #ffffff;\" href=\"https:\/\/tajkertesz.com\/termek\/agrecol-mutragya-paprika-es-paradicsomokhoz-12-kg\/\">https:\/\/tajkertesz.com\/termek\/agrecol-mutragya-paprika-es-paradicsomokhoz-12-kg\/\u00a0<\/a><\/span><\/h6>\n<h6><span style=\"color: #ffffff;\"><strong>A paradicsom- \u00e9s paprika m\u0171tr\u00e1gya<\/strong> szemcs\u00e9s \u00e1sv\u00e1nyi m\u0171tr\u00e1gya. Paradicsom \u00e9s paprika t\u00e1poz\u00e1s\u00e1ra szolg\u00e1l, mind a f\u00f6ldben, mind a f\u00f3lia alatt. Gazdag \u00f6sszet\u00e9tele teljes m\u00e9rt\u00e9kben fedezi a n\u00f6v\u00e9nyek makro- \u00e9s mikroelemek ir\u00e1nti term\u00e9szetes ig\u00e9nyeit.Agrecol m\u0171tr\u00e1gya paprika \u00e9s paradicsomokhoz 1,2 kgparadicsom \u00e9s paprika t\u00e1poz\u00e1s\u00e1ra szolg\u00e1lb\u0151s\u00e9ges term\u00e9st ny\u00fajtkapacit\u00e1s: 1,2 kg 80 n\u00f6v\u00e9ny sz\u00e1m\u00e1ra elegend\u0151<\/span><\/h6>\n<p>&nbsp;<\/p>\n<p>&nbsp;<\/p>","protected":false},"excerpt":{"rendered":"<p style=\"text-align: center;\">A K\u00e1pia paprika Galaxy 0,5 g folytonn\u00f6v\u0151 \u201ck\u00e1pia\u201d t\u00edpus\u00fa fajta. Bogy\u00f3ja nagym\u00e9ret\u0171, z\u00f6ldb\u0151l pirosba \u00e9r\u0151, cs\u00fcng\u0151 \u00e1ll\u00e1s\u00fa, vastag h\u00fas\u00fa, \u00e9des \u00edz\u0171.<\/p>","protected":false},"featured_media":19291,"template":"","meta":{"_et_pb_use_builder":"","_et_pb_old_content":"","_et_gb_content_width":""},"product_brand":[],"product_cat":[1233],"product_tag":[4949,4951,4946,4950],"class_list":{"0":"post-19290","1":"product","2":"type-product","3":"status-publish","4":"has-post-thumbnail","6":"product_cat-vetomagok-vetoszalagok-bio-csira-magok","7":"product_tag-galaxy","8":"product_tag-grillezesre","9":"product_tag-kapia","10":"product_tag-paparika","12":"first","13":"instock","14":"shipping-taxable","15":"purchasable","16":"product-type-simple"},"yoast_head":"<!-- This site is optimized with the Yoast SEO plugin v27.4 - https:\/\/yoast.com\/product\/yoast-seo-wordpress\/ -->\n<title>K\u00e1pia paprika Galaxy 0,5 g - T\u00e1jkert\u00e9sz<\/title>\n<meta name=\"description\" content=\"A K\u00e1pia paprika Galaxy 0,5 g folytonn\u00f6v\u0151 \u201ck\u00e1pia\u201d t\u00edpus\u00fa fajta. Bogy\u00f3ja nagym\u00e9ret\u0171, z\u00f6ldb\u0151l pirosba \u00e9r\u0151, cs\u00fcng\u0151 \u00e1ll\u00e1s\u00fa, vastag h\u00fas\u00fa, \u00e9des \u00edz\u0171.\" \/>\n<meta name=\"robots\" content=\"index, follow, max-snippet:-1, max-image-preview:large, max-video-preview:-1\" \/>\n<link rel=\"canonical\" href=\"https:\/\/tajkertesz.com\/en_US\/product\/kapia-paprika-galaxy-05-g\/\" \/>\n<meta property=\"og:locale\" content=\"en_US\" \/>\n<meta property=\"og:type\" content=\"article\" \/>\n<meta property=\"og:title\" content=\"K\u00e1pia paprika Galaxy 0,5 g - T\u00e1jkert\u00e9sz\" \/>\n<meta property=\"og:description\" content=\"A K\u00e1pia paprika Galaxy 0,5 g folytonn\u00f6v\u0151 \u201ck\u00e1pia\u201d t\u00edpus\u00fa fajta. Bogy\u00f3ja nagym\u00e9ret\u0171, z\u00f6ldb\u0151l pirosba \u00e9r\u0151, cs\u00fcng\u0151 \u00e1ll\u00e1s\u00fa, vastag h\u00fas\u00fa, \u00e9des \u00edz\u0171.\" \/>\n<meta property=\"og:url\" content=\"https:\/\/tajkertesz.com\/en_US\/product\/kapia-paprika-galaxy-05-g\/\" \/>\n<meta property=\"og:site_name\" content=\"T\u00e1jkert\u00e9sz\" \/>\n<meta property=\"article:publisher\" content=\"https:\/\/www.facebook.com\/Tajkertesz\/\" \/>\n<meta property=\"article:modified_time\" content=\"2026-02-13T09:05:13+00:00\" \/>\n<meta property=\"og:image\" content=\"https:\/\/tajkertesz.com\/wp-content\/uploads\/2024\/02\/galaxy-kapia.jpg\" \/>\n\t<meta property=\"og:image:width\" content=\"326\" \/>\n\t<meta property=\"og:image:height\" content=\"591\" \/>\n\t<meta property=\"og:image:type\" content=\"image\/jpeg\" \/>\n<meta name=\"twitter:card\" content=\"summary_large_image\" \/>\n<meta name=\"twitter:label1\" content=\"Est. reading time\" \/>\n\t<meta name=\"twitter:data1\" content=\"2 minutes\" \/>\n<script type=\"application\/ld+json\" class=\"yoast-schema-graph\">{\"@context\":\"https:\\\/\\\/schema.org\",\"@graph\":[{\"@type\":\"WebPage\",\"@id\":\"https:\\\/\\\/tajkertesz.com\\\/termek\\\/kapia-paprika-galaxy-05-g\\\/\",\"url\":\"https:\\\/\\\/tajkertesz.com\\\/termek\\\/kapia-paprika-galaxy-05-g\\\/\",\"name\":\"K\u00e1pia paprika Galaxy 0,5 g - T\u00e1jkert\u00e9sz\",\"isPartOf\":{\"@id\":\"https:\\\/\\\/tajkertesz.com\\\/#website\"},\"primaryImageOfPage\":{\"@id\":\"https:\\\/\\\/tajkertesz.com\\\/termek\\\/kapia-paprika-galaxy-05-g\\\/#primaryimage\"},\"image\":{\"@id\":\"https:\\\/\\\/tajkertesz.com\\\/termek\\\/kapia-paprika-galaxy-05-g\\\/#primaryimage\"},\"thumbnailUrl\":\"https:\\\/\\\/tajkertesz.com\\\/wp-content\\\/uploads\\\/2024\\\/02\\\/galaxy-kapia.jpg\",\"datePublished\":\"2024-02-20T12:00:07+00:00\",\"dateModified\":\"2026-02-13T09:05:13+00:00\",\"description\":\"A K\u00e1pia paprika Galaxy 0,5 g folytonn\u00f6v\u0151 \u201ck\u00e1pia\u201d t\u00edpus\u00fa fajta. Bogy\u00f3ja nagym\u00e9ret\u0171, z\u00f6ldb\u0151l pirosba \u00e9r\u0151, cs\u00fcng\u0151 \u00e1ll\u00e1s\u00fa, vastag h\u00fas\u00fa, \u00e9des \u00edz\u0171.\",\"breadcrumb\":{\"@id\":\"https:\\\/\\\/tajkertesz.com\\\/termek\\\/kapia-paprika-galaxy-05-g\\\/#breadcrumb\"},\"inLanguage\":\"en-US\",\"potentialAction\":[{\"@type\":\"ReadAction\",\"target\":[\"https:\\\/\\\/tajkertesz.com\\\/termek\\\/kapia-paprika-galaxy-05-g\\\/\"]}]},{\"@type\":\"ImageObject\",\"inLanguage\":\"en-US\",\"@id\":\"https:\\\/\\\/tajkertesz.com\\\/termek\\\/kapia-paprika-galaxy-05-g\\\/#primaryimage\",\"url\":\"https:\\\/\\\/tajkertesz.com\\\/wp-content\\\/uploads\\\/2024\\\/02\\\/galaxy-kapia.jpg\",\"contentUrl\":\"https:\\\/\\\/tajkertesz.com\\\/wp-content\\\/uploads\\\/2024\\\/02\\\/galaxy-kapia.jpg\",\"width\":326,\"height\":591},{\"@type\":\"BreadcrumbList\",\"@id\":\"https:\\\/\\\/tajkertesz.com\\\/termek\\\/kapia-paprika-galaxy-05-g\\\/#breadcrumb\",\"itemListElement\":[{\"@type\":\"ListItem\",\"position\":1,\"name\":\"Home\",\"item\":\"https:\\\/\\\/tajkertesz.com\\\/\"},{\"@type\":\"ListItem\",\"position\":2,\"name\":\"Kezd\u0151lap\",\"item\":\"https:\\\/\\\/tajkertesz.com\\\/\"},{\"@type\":\"ListItem\",\"position\":3,\"name\":\"K\u00e1pia paprika Galaxy 0,5 g\"}]},{\"@type\":\"WebSite\",\"@id\":\"https:\\\/\\\/tajkertesz.com\\\/#website\",\"url\":\"https:\\\/\\\/tajkertesz.com\\\/\",\"name\":\"T\u00e1j-Kert\u00e9sz 84 Kft.\",\"description\":\"Kert\u00e9szeti kis- \u00e9s nagykeresked\u00e9s, D\u00edszn\u00f6v\u00e9ny web\u00e1ruh\u00e1z orsz\u00e1gos h\u00e1zhozsz\u00e1ll\u00edt\u00e1ssal!\",\"publisher\":{\"@id\":\"https:\\\/\\\/tajkertesz.com\\\/#organization\"},\"potentialAction\":[{\"@type\":\"SearchAction\",\"target\":{\"@type\":\"EntryPoint\",\"urlTemplate\":\"https:\\\/\\\/tajkertesz.com\\\/?s={search_term_string}\"},\"query-input\":{\"@type\":\"PropertyValueSpecification\",\"valueRequired\":true,\"valueName\":\"search_term_string\"}}],\"inLanguage\":\"en-US\"},{\"@type\":\"Organization\",\"@id\":\"https:\\\/\\\/tajkertesz.com\\\/#organization\",\"name\":\"T\u00e1j-Kert\u00e9sz 84 Kft.\",\"url\":\"https:\\\/\\\/tajkertesz.com\\\/\",\"logo\":{\"@type\":\"ImageObject\",\"inLanguage\":\"en-US\",\"@id\":\"https:\\\/\\\/tajkertesz.com\\\/#\\\/schema\\\/logo\\\/image\\\/\",\"url\":\"https:\\\/\\\/tajkertesz.com\\\/wp-content\\\/uploads\\\/2018\\\/02\\\/logo-2-e1518678052539.png\",\"contentUrl\":\"https:\\\/\\\/tajkertesz.com\\\/wp-content\\\/uploads\\\/2018\\\/02\\\/logo-2-e1518678052539.png\",\"width\":81,\"height\":140,\"caption\":\"T\u00e1j-Kert\u00e9sz 84 Kft.\"},\"image\":{\"@id\":\"https:\\\/\\\/tajkertesz.com\\\/#\\\/schema\\\/logo\\\/image\\\/\"},\"sameAs\":[\"https:\\\/\\\/www.facebook.com\\\/Tajkertesz\\\/\"]}]}<\/script>\n<!-- \/ Yoast SEO plugin. -->","yoast_head_json":{"title":"K\u00e1pia paprika Galaxy 0,5 g - T\u00e1jkert\u00e9sz","description":"A K\u00e1pia paprika Galaxy 0,5 g folytonn\u00f6v\u0151 \u201ck\u00e1pia\u201d t\u00edpus\u00fa fajta. Bogy\u00f3ja nagym\u00e9ret\u0171, z\u00f6ldb\u0151l pirosba \u00e9r\u0151, cs\u00fcng\u0151 \u00e1ll\u00e1s\u00fa, vastag h\u00fas\u00fa, \u00e9des \u00edz\u0171.","robots":{"index":"index","follow":"follow","max-snippet":"max-snippet:-1","max-image-preview":"max-image-preview:large","max-video-preview":"max-video-preview:-1"},"canonical":"https:\/\/tajkertesz.com\/en_US\/product\/kapia-paprika-galaxy-05-g\/","og_locale":"en_US","og_type":"article","og_title":"K\u00e1pia paprika Galaxy 0,5 g - T\u00e1jkert\u00e9sz","og_description":"A K\u00e1pia paprika Galaxy 0,5 g folytonn\u00f6v\u0151 \u201ck\u00e1pia\u201d t\u00edpus\u00fa fajta. Bogy\u00f3ja nagym\u00e9ret\u0171, z\u00f6ldb\u0151l pirosba \u00e9r\u0151, cs\u00fcng\u0151 \u00e1ll\u00e1s\u00fa, vastag h\u00fas\u00fa, \u00e9des \u00edz\u0171.","og_url":"https:\/\/tajkertesz.com\/en_US\/product\/kapia-paprika-galaxy-05-g\/","og_site_name":"T\u00e1jkert\u00e9sz","article_publisher":"https:\/\/www.facebook.com\/Tajkertesz\/","article_modified_time":"2026-02-13T09:05:13+00:00","og_image":[{"width":326,"height":591,"url":"https:\/\/tajkertesz.com\/wp-content\/uploads\/2024\/02\/galaxy-kapia.jpg","type":"image\/jpeg"}],"twitter_card":"summary_large_image","twitter_misc":{"Est. reading time":"2 minutes"},"schema":{"@context":"https:\/\/schema.org","@graph":[{"@type":"WebPage","@id":"https:\/\/tajkertesz.com\/termek\/kapia-paprika-galaxy-05-g\/","url":"https:\/\/tajkertesz.com\/termek\/kapia-paprika-galaxy-05-g\/","name":"K\u00e1pia paprika Galaxy 0,5 g - T\u00e1jkert\u00e9sz","isPartOf":{"@id":"https:\/\/tajkertesz.com\/#website"},"primaryImageOfPage":{"@id":"https:\/\/tajkertesz.com\/termek\/kapia-paprika-galaxy-05-g\/#primaryimage"},"image":{"@id":"https:\/\/tajkertesz.com\/termek\/kapia-paprika-galaxy-05-g\/#primaryimage"},"thumbnailUrl":"https:\/\/tajkertesz.com\/wp-content\/uploads\/2024\/02\/galaxy-kapia.jpg","datePublished":"2024-02-20T12:00:07+00:00","dateModified":"2026-02-13T09:05:13+00:00","description":"A K\u00e1pia paprika Galaxy 0,5 g folytonn\u00f6v\u0151 \u201ck\u00e1pia\u201d t\u00edpus\u00fa fajta. Bogy\u00f3ja nagym\u00e9ret\u0171, z\u00f6ldb\u0151l pirosba \u00e9r\u0151, cs\u00fcng\u0151 \u00e1ll\u00e1s\u00fa, vastag h\u00fas\u00fa, \u00e9des \u00edz\u0171.","breadcrumb":{"@id":"https:\/\/tajkertesz.com\/termek\/kapia-paprika-galaxy-05-g\/#breadcrumb"},"inLanguage":"en-US","potentialAction":[{"@type":"ReadAction","target":["https:\/\/tajkertesz.com\/termek\/kapia-paprika-galaxy-05-g\/"]}]},{"@type":"ImageObject","inLanguage":"en-US","@id":"https:\/\/tajkertesz.com\/termek\/kapia-paprika-galaxy-05-g\/#primaryimage","url":"https:\/\/tajkertesz.com\/wp-content\/uploads\/2024\/02\/galaxy-kapia.jpg","contentUrl":"https:\/\/tajkertesz.com\/wp-content\/uploads\/2024\/02\/galaxy-kapia.jpg","width":326,"height":591},{"@type":"BreadcrumbList","@id":"https:\/\/tajkertesz.com\/termek\/kapia-paprika-galaxy-05-g\/#breadcrumb","itemListElement":[{"@type":"ListItem","position":1,"name":"Home","item":"https:\/\/tajkertesz.com\/"},{"@type":"ListItem","position":2,"name":"Kezd\u0151lap","item":"https:\/\/tajkertesz.com\/"},{"@type":"ListItem","position":3,"name":"K\u00e1pia paprika Galaxy 0,5 g"}]},{"@type":"WebSite","@id":"https:\/\/tajkertesz.com\/#website","url":"https:\/\/tajkertesz.com\/","name":"T\u00e1j-Kert\u00e9sz 84 Kft.","description":"Kert\u00e9szeti kis- \u00e9s nagykeresked\u00e9s, D\u00edszn\u00f6v\u00e9ny web\u00e1ruh\u00e1z orsz\u00e1gos h\u00e1zhozsz\u00e1ll\u00edt\u00e1ssal!","publisher":{"@id":"https:\/\/tajkertesz.com\/#organization"},"potentialAction":[{"@type":"SearchAction","target":{"@type":"EntryPoint","urlTemplate":"https:\/\/tajkertesz.com\/?s={search_term_string}"},"query-input":{"@type":"PropertyValueSpecification","valueRequired":true,"valueName":"search_term_string"}}],"inLanguage":"en-US"},{"@type":"Organization","@id":"https:\/\/tajkertesz.com\/#organization","name":"T\u00e1j-Kert\u00e9sz 84 Kft.","url":"https:\/\/tajkertesz.com\/","logo":{"@type":"ImageObject","inLanguage":"en-US","@id":"https:\/\/tajkertesz.com\/#\/schema\/logo\/image\/","url":"https:\/\/tajkertesz.com\/wp-content\/uploads\/2018\/02\/logo-2-e1518678052539.png","contentUrl":"https:\/\/tajkertesz.com\/wp-content\/uploads\/2018\/02\/logo-2-e1518678052539.png","width":81,"height":140,"caption":"T\u00e1j-Kert\u00e9sz 84 Kft."},"image":{"@id":"https:\/\/tajkertesz.com\/#\/schema\/logo\/image\/"},"sameAs":["https:\/\/www.facebook.com\/Tajkertesz\/"]}]}},"_links":{"self":[{"href":"https:\/\/tajkertesz.com\/en_US\/wp-json\/wp\/v2\/product\/19290","targetHints":{"allow":["GET"]}}],"collection":[{"href":"https:\/\/tajkertesz.com\/en_US\/wp-json\/wp\/v2\/product"}],"about":[{"href":"https:\/\/tajkertesz.com\/en_US\/wp-json\/wp\/v2\/types\/product"}],"wp:featuredmedia":[{"embeddable":true,"href":"https:\/\/tajkertesz.com\/en_US\/wp-json\/wp\/v2\/media\/19291"}],"wp:attachment":[{"href":"https:\/\/tajkertesz.com\/en_US\/wp-json\/wp\/v2\/media?parent=19290"}],"wp:term":[{"taxonomy":"product_brand","embeddable":true,"href":"https:\/\/tajkertesz.com\/en_US\/wp-json\/wp\/v2\/product_brand?post=19290"},{"taxonomy":"product_cat","embeddable":true,"href":"https:\/\/tajkertesz.com\/en_US\/wp-json\/wp\/v2\/product_cat?post=19290"},{"taxonomy":"product_tag","embeddable":true,"href":"https:\/\/tajkertesz.com\/en_US\/wp-json\/wp\/v2\/product_tag?post=19290"}],"curies":[{"name":"wp","href":"https:\/\/api.w.org\/{rel}","templated":true}]}}