{"id":19305,"date":"2024-11-09T12:11:06","date_gmt":"2024-11-09T12:11:06","guid":{"rendered":"https:\/\/tajkertesz.com\/?post_type=product&#038;p=19305"},"modified":"2026-03-09T11:53:29","modified_gmt":"2026-03-09T11:53:29","slug":"rubus-canby-tuske-nelkuli-malna","status":"publish","type":"product","link":"https:\/\/tajkertesz.com\/en_US\/product\/rubus-canby-tuske-nelkuli-malna\/","title":{"rendered":"Rubus &#8216;Canby&#8217; &#8211; T\u00fcske n\u00e9lk\u00fcli m\u00e1lna"},"content":{"rendered":"<h1>Rubus &#8216;Canby&#8217; &#8211; T\u00fcske n\u00e9lk\u00fcli m\u00e1lna<\/h1>\n<p>A Rubus &#8216;Canby&#8217; &#8211; T\u00fcske n\u00e9lk\u00fcli m\u00e1lna \u00a0\u00e9des, friss, zamatos bogy\u00f3kat terem.<\/p>\n<h2>A Rubus &#8216;Canby&#8217; &#8211; T\u00fcske n\u00e9lk\u00fcli m\u00e1lna jellemz\u0151i<\/h2>\n<p>Gy\u00fcm\u00f6lcse nagy m\u00e9ret\u0171,f\u00e9nyes, k\u00fap alak\u00fa. Kellemesen \u00e9des,rendkiv\u00fcl arom\u00e1s, nagyon j\u00f3 \u00edz\u0171 m\u00e1lna fajta. Bogy\u00f3ja szil\u00e1rd, l\u00e9d\u00fas, \u00e9l\u00e9nkv\u00f6r\u00f6s, csillog\u00f3, kiv\u00e1l\u00f3 min\u0151s\u00e9g\u0171.<\/p>\n<p>\u00c9r\u00e9si ideje: j\u00fanius v\u00e9ge j\u00falius eleje<\/p>\n<p>A &#8216;Canby m\u00e1lna er\u0151s n\u00f6veked\u00e9s\u0171, vessz\u0151i felfel\u00e9 t\u00f6rekv\u0151ek, t\u00fcske n\u00e9lk\u00fcli m\u00e1lna. Bokros n\u00f6veked\u00e9s\u0171, \u00e9s \u00e1ltal\u00e1ban 1,5-2 m\u00e9ter magasra n\u0151. A n\u00f6v\u00e9ny er\u0151s, f\u00e1s sz\u00e1r\u00fa, \u00e9s s\u0171r\u0171 lombkoron\u00e1t k\u00e9pez. Levelei \u00f6sszetettek, s\u00f6t\u00e9tz\u00f6ldek \u00e9s fogazott sz\u00e9l\u0171ek, ami dekorat\u00edv megjelen\u00e9st k\u00f6lcs\u00f6n\u00f6z a n\u00f6v\u00e9nynek.<\/p>\n<p>T\u00e1mrendszert ig\u00e9nyel!<\/p>\n<p>B\u0151term\u0151 fajta, term\u00e9s\u00e9t a\u00a0 k\u00e9t\u00e9ves hajt\u00e1sokon hozza. A vessz\u0151k er\u0151teljesek \u00e9s term\u00e9kenyek.<\/p>\n<p>\u00d6nterm\u00e9keny.<\/p>\n<p>A Canby magas szint\u0171 v\u00edrus\u00e1ll\u00f3s\u00e1got \u00e9s lev\u00e9ltetvek immunit\u00e1s\u00e1t mutatja. \u00c9rz\u00e9keny a gy\u00f6k\u00e9rrothad\u00e1sra, ez\u00e9rt j\u00f3 talajelvezet\u00e9sre van sz\u00fcks\u00e9ge. A h\u0171v\u00f6sebb nyarakkal rendelkez\u0151 ter\u00fcleteken a legjobban fejl\u0151dik.<\/p>\n<p>T\u00f6k\u00e9letesen t\u00e9l\u00e1ll\u00f3!<\/p>\n<h3>A t\u00fcske n\u00e9lk\u00fcli m\u00e1lna gondoz\u00e1sa<\/h3>\n<p>Napos vagy f\u00e9l\u00e1rny\u00e9kos helyet ig\u00e9nyel, \u00e9s j\u00f3l szell\u0151z\u0151, t\u00e1panyagban gazdag talajban fejl\u0151dik a legjobban. \u00dcltet\u00e9se tavasszal vagy \u0151sszel aj\u00e1nlott, amikor a talaj m\u00e9g meleg, de m\u00e1r nem t\u00fal forr\u00f3. Fontos a rendszeres \u00f6nt\u00f6z\u00e9s, k\u00fcl\u00f6n\u00f6sen a sz\u00e1raz id\u0151szakokban, valamint a talaj mulcsoz\u00e1sa, hogy meg\u0151rizz\u00fck a nedvess\u00e9get \u00e9s megakad\u00e1lyozzuk a gyomok n\u00f6veked\u00e9s\u00e9t.<\/p>\n<p>Viszonylag ellen\u00e1ll\u00f3 a betegs\u00e9gekkel \u00e9s k\u00e1rtev\u0151kkel szemben, de id\u0151nk\u00e9nt el\u0151fordulhatnak lev\u00e9ltetvek, m\u00e1lnarozsda vagy gy\u00f6k\u00e9rrothad\u00e1s. A megfelel\u0151 gondoz\u00e1s \u00e9s a n\u00f6v\u00e9nyek k\u00f6z\u00f6tti megfelel\u0151 t\u00e1vols\u00e1g betart\u00e1sa seg\u00edthet minimaliz\u00e1lni ezeket a probl\u00e9m\u00e1kat.<\/p>\n<p>Ennek a fajt\u00e1nak a term\u00e9sei ny\u00e1r k\u00f6zep\u00e9t\u0151l k\u00e9s\u0151 \u0151szig \u00e9rnek, \u00e9s rendszeres szed\u00e9ssel biztos\u00edthatjuk a folyamatos term\u00e9st. A bogy\u00f3k frissen fogyasztva a legfinomabbak, de kiv\u00e1l\u00f3an alkalmasak lekv\u00e1rok, dzsemek, s\u00fctem\u00e9nyek \u00e9s egy\u00e9b desszertek k\u00e9sz\u00edt\u00e9s\u00e9re is.<\/p>\n<p>Ehhez t\u00f6k\u00e9letesen megfelel\u0151 term\u00e9k az\u00a0 Agrecol m\u0171tr\u00e1gya bogy\u00f3s gy\u00fcm\u00f6lcs\u00f6kh\u00f6z:<\/p>\n<p><a href=\"https:\/\/tajkertesz.com\/termek\/agrecol-mutragya-bogyos-gyumolcsokhoz-12-kg\/\">https:\/\/tajkertesz.com\/termek\/agrecol-mutragya-bogyos-gyumolcsokhoz-12-kg\/<\/a><\/p>\n<p>A m\u00e1lna termeszt\u00e9s\u00e9hez m\u00e9g igen fontos m\u0171velet a metsz\u00e9s.<\/p>\n<p>Ezek az \u00e1ltal\u00e1nos ir\u00e1nyelvek seg\u00edthetnek a Poemat m\u00e1lna sikeres \u00fcltet\u00e9s\u00e9ben \u00e9s gondoz\u00e1s\u00e1ban.<\/p>\n<p>Jelenlegi term\u00e9k\u00fcnk 40-60 cm magas, 2 literes kont\u00e9nerben kaphat\u00f3.<\/p>\n<p><strong>K\u00e9szlet\u00fcnk napi szinten v\u00e1ltozik, ez\u00e9rt k\u00e9rj\u00fck, \u00e9rdekl\u0151dj\u00f6n szem\u00e9lyesen, telefonon vagy email-en.<br \/>\nA v\u00e1ltoztat\u00e1s jog\u00e1t fenntartjuk!\u00a0<\/strong><\/p>\n<p>&nbsp;<\/p>\n<p><a href=\"https:\/\/tajkertesz.com\/\">https:\/\/tajkertesz.com\/<\/a><\/p>\n<p><a href=\"https:\/\/www.facebook.com\/tajkertesz\/\">https:\/\/www.facebook.com\/tajkertesz\/<\/a><\/p>\n<p>Kisz\u00e1ll\u00edt\u00e1s: 200cm-ig \u00a0\u00e9s 40 kg-ig a sz\u00e1ll\u00edt\u00e1s fut\u00e1rszolg\u00e1lattal \u00a0t\u00f6rt\u00e9nik.<\/p>\n<p>Szem\u00e9lyes \u00e1tv\u00e9tel nyitvatart\u00e1si id\u0151ben a 17. ker\u00fclet Bakancsos utca 7. sz\u00e1m alatti Kert\u00e9szeti \u00e1rud\u00e1nkban.<\/p>\n<p>&nbsp;<\/p>\n<pre class=\"tw-data-text tw-text-large tw-ta\" dir=\"ltr\" data-placeholder=\"Ford\u00edt\u00e1s\" data-ved=\"2ahUKEwjhhNqGjb-EAxWJ7LsIHT26DBoQ3ewLegQIBRAU\"><\/pre>","protected":false},"excerpt":{"rendered":"<p>Rubus Canby- t\u00fcske n\u00e9lk\u00fcli m\u00e1lna<\/p>\n<p>1,2-1,8 m magas, 1-1,5 m sz\u00e9les , er\u0151s felt\u00f6r\u0151 n\u00f6veked\u00e9s\u0171, T\u00dcSKE N\u00c9LK\u00dcLI, b\u0151term\u0151, a betegs\u00e9gekkel szemben ellen\u00e1ll\u00f3 \u00f6nterm\u00e9keny fajta.<\/p>\n<p>A k\u00e9t\u00e9ves hajt\u00e1sokon terem.<\/p>\n<p>T\u00e1maszt\u00e9kot ig\u00e9nyel.<\/p>\n<p>Jelen term\u00e9k\u00fcnk 2 literes cser\u00e9pben \u00e9s kb40 cm magass\u00e1ggal kaphat\u00f3.<\/p>","protected":false},"featured_media":19382,"template":"","meta":{"_et_pb_use_builder":"","_et_pb_old_content":"","_et_gb_content_width":""},"product_brand":[],"product_cat":[5384],"product_tag":[4961,726,4962,730,4963,946],"class_list":{"0":"post-19305","1":"product","2":"type-product","3":"status-publish","4":"has-post-thumbnail","6":"product_cat-malna","7":"product_tag-canby","8":"product_tag-malna","9":"product_tag-nelkuli","10":"product_tag-rubus","11":"product_tag-tovis","12":"product_tag-tuske","14":"first","15":"outofstock","16":"shipping-taxable","17":"product-type-simple"},"yoast_head":"<!-- This site is optimized with the Yoast SEO plugin v27.3 - https:\/\/yoast.com\/product\/yoast-seo-wordpress\/ -->\n<title>Rubus &#039;Canby&#039; - T\u00fcske n\u00e9lk\u00fcli m\u00e1lna - T\u00e1jkert\u00e9sz<\/title>\n<meta name=\"description\" content=\"Rubus Canby- t\u00fcske n\u00e9lk\u00fcli m\u00e1lna mely b\u0151term\u0151 \u00e9s a betegs\u00e9gekkel szemben ellen\u00e1ll\u00f3 \u00f6nterm\u00e9keny fajta. A k\u00e9t\u00e9ves hajt\u00e1sokon terem. T\u00e1maszt\u00e9kot ig\u00e9nyel.\" \/>\n<meta name=\"robots\" content=\"index, follow, max-snippet:-1, max-image-preview:large, max-video-preview:-1\" \/>\n<link rel=\"canonical\" href=\"https:\/\/tajkertesz.com\/en_US\/product\/rubus-canby-tuske-nelkuli-malna\/\" \/>\n<meta property=\"og:locale\" content=\"en_US\" \/>\n<meta property=\"og:type\" content=\"article\" \/>\n<meta property=\"og:title\" content=\"Rubus &#039;Canby&#039; - T\u00fcske n\u00e9lk\u00fcli m\u00e1lna - T\u00e1jkert\u00e9sz\" \/>\n<meta property=\"og:description\" content=\"Rubus Canby- t\u00fcske n\u00e9lk\u00fcli m\u00e1lna mely b\u0151term\u0151 \u00e9s a betegs\u00e9gekkel szemben ellen\u00e1ll\u00f3 \u00f6nterm\u00e9keny fajta. A k\u00e9t\u00e9ves hajt\u00e1sokon terem. T\u00e1maszt\u00e9kot ig\u00e9nyel.\" \/>\n<meta property=\"og:url\" content=\"https:\/\/tajkertesz.com\/en_US\/product\/rubus-canby-tuske-nelkuli-malna\/\" \/>\n<meta property=\"og:site_name\" content=\"T\u00e1jkert\u00e9sz\" \/>\n<meta property=\"article:publisher\" content=\"https:\/\/www.facebook.com\/Tajkertesz\/\" \/>\n<meta property=\"article:modified_time\" content=\"2026-03-09T11:53:29+00:00\" \/>\n<meta property=\"og:image\" content=\"https:\/\/tajkertesz.com\/wp-content\/uploads\/2024\/03\/canby.jpg1_.jpg\" \/>\n\t<meta property=\"og:image:width\" content=\"406\" \/>\n\t<meta property=\"og:image:height\" content=\"904\" \/>\n\t<meta property=\"og:image:type\" content=\"image\/jpeg\" \/>\n<meta name=\"twitter:card\" content=\"summary_large_image\" \/>\n<meta name=\"twitter:label1\" content=\"Est. reading time\" \/>\n\t<meta name=\"twitter:data1\" content=\"2 minutes\" \/>\n<script type=\"application\/ld+json\" class=\"yoast-schema-graph\">{\"@context\":\"https:\\\/\\\/schema.org\",\"@graph\":[{\"@type\":\"WebPage\",\"@id\":\"https:\\\/\\\/tajkertesz.com\\\/termek\\\/rubus-canby-tuske-nelkuli-malna\\\/\",\"url\":\"https:\\\/\\\/tajkertesz.com\\\/termek\\\/rubus-canby-tuske-nelkuli-malna\\\/\",\"name\":\"Rubus 'Canby' - T\u00fcske n\u00e9lk\u00fcli m\u00e1lna - T\u00e1jkert\u00e9sz\",\"isPartOf\":{\"@id\":\"https:\\\/\\\/tajkertesz.com\\\/#website\"},\"primaryImageOfPage\":{\"@id\":\"https:\\\/\\\/tajkertesz.com\\\/termek\\\/rubus-canby-tuske-nelkuli-malna\\\/#primaryimage\"},\"image\":{\"@id\":\"https:\\\/\\\/tajkertesz.com\\\/termek\\\/rubus-canby-tuske-nelkuli-malna\\\/#primaryimage\"},\"thumbnailUrl\":\"https:\\\/\\\/tajkertesz.com\\\/wp-content\\\/uploads\\\/2024\\\/03\\\/canby.jpg1_.jpg\",\"datePublished\":\"2024-11-09T12:11:06+00:00\",\"dateModified\":\"2026-03-09T11:53:29+00:00\",\"description\":\"Rubus Canby- t\u00fcske n\u00e9lk\u00fcli m\u00e1lna mely b\u0151term\u0151 \u00e9s a betegs\u00e9gekkel szemben ellen\u00e1ll\u00f3 \u00f6nterm\u00e9keny fajta. A k\u00e9t\u00e9ves hajt\u00e1sokon terem. T\u00e1maszt\u00e9kot ig\u00e9nyel.\",\"breadcrumb\":{\"@id\":\"https:\\\/\\\/tajkertesz.com\\\/termek\\\/rubus-canby-tuske-nelkuli-malna\\\/#breadcrumb\"},\"inLanguage\":\"en-US\",\"potentialAction\":[{\"@type\":\"ReadAction\",\"target\":[\"https:\\\/\\\/tajkertesz.com\\\/termek\\\/rubus-canby-tuske-nelkuli-malna\\\/\"]}]},{\"@type\":\"ImageObject\",\"inLanguage\":\"en-US\",\"@id\":\"https:\\\/\\\/tajkertesz.com\\\/termek\\\/rubus-canby-tuske-nelkuli-malna\\\/#primaryimage\",\"url\":\"https:\\\/\\\/tajkertesz.com\\\/wp-content\\\/uploads\\\/2024\\\/03\\\/canby.jpg1_.jpg\",\"contentUrl\":\"https:\\\/\\\/tajkertesz.com\\\/wp-content\\\/uploads\\\/2024\\\/03\\\/canby.jpg1_.jpg\",\"width\":406,\"height\":904,\"caption\":\"Rubus 'Canby' - T\u00fcske n\u00e9lk\u00fcli m\u00e1lna\"},{\"@type\":\"BreadcrumbList\",\"@id\":\"https:\\\/\\\/tajkertesz.com\\\/termek\\\/rubus-canby-tuske-nelkuli-malna\\\/#breadcrumb\",\"itemListElement\":[{\"@type\":\"ListItem\",\"position\":1,\"name\":\"Home\",\"item\":\"https:\\\/\\\/tajkertesz.com\\\/\"},{\"@type\":\"ListItem\",\"position\":2,\"name\":\"Kezd\u0151lap\",\"item\":\"https:\\\/\\\/tajkertesz.com\\\/\"},{\"@type\":\"ListItem\",\"position\":3,\"name\":\"Rubus &#8216;Canby&#8217; &#8211; T\u00fcske n\u00e9lk\u00fcli m\u00e1lna\"}]},{\"@type\":\"WebSite\",\"@id\":\"https:\\\/\\\/tajkertesz.com\\\/#website\",\"url\":\"https:\\\/\\\/tajkertesz.com\\\/\",\"name\":\"T\u00e1j-Kert\u00e9sz 84 Kft.\",\"description\":\"Kert\u00e9szeti kis- \u00e9s nagykeresked\u00e9s, D\u00edszn\u00f6v\u00e9ny web\u00e1ruh\u00e1z orsz\u00e1gos h\u00e1zhozsz\u00e1ll\u00edt\u00e1ssal!\",\"publisher\":{\"@id\":\"https:\\\/\\\/tajkertesz.com\\\/#organization\"},\"potentialAction\":[{\"@type\":\"SearchAction\",\"target\":{\"@type\":\"EntryPoint\",\"urlTemplate\":\"https:\\\/\\\/tajkertesz.com\\\/?s={search_term_string}\"},\"query-input\":{\"@type\":\"PropertyValueSpecification\",\"valueRequired\":true,\"valueName\":\"search_term_string\"}}],\"inLanguage\":\"en-US\"},{\"@type\":\"Organization\",\"@id\":\"https:\\\/\\\/tajkertesz.com\\\/#organization\",\"name\":\"T\u00e1j-Kert\u00e9sz 84 Kft.\",\"url\":\"https:\\\/\\\/tajkertesz.com\\\/\",\"logo\":{\"@type\":\"ImageObject\",\"inLanguage\":\"en-US\",\"@id\":\"https:\\\/\\\/tajkertesz.com\\\/#\\\/schema\\\/logo\\\/image\\\/\",\"url\":\"https:\\\/\\\/tajkertesz.com\\\/wp-content\\\/uploads\\\/2018\\\/02\\\/logo-2-e1518678052539.png\",\"contentUrl\":\"https:\\\/\\\/tajkertesz.com\\\/wp-content\\\/uploads\\\/2018\\\/02\\\/logo-2-e1518678052539.png\",\"width\":81,\"height\":140,\"caption\":\"T\u00e1j-Kert\u00e9sz 84 Kft.\"},\"image\":{\"@id\":\"https:\\\/\\\/tajkertesz.com\\\/#\\\/schema\\\/logo\\\/image\\\/\"},\"sameAs\":[\"https:\\\/\\\/www.facebook.com\\\/Tajkertesz\\\/\"]}]}<\/script>\n<!-- \/ Yoast SEO plugin. -->","yoast_head_json":{"title":"Rubus 'Canby' - T\u00fcske n\u00e9lk\u00fcli m\u00e1lna - T\u00e1jkert\u00e9sz","description":"Rubus Canby- t\u00fcske n\u00e9lk\u00fcli m\u00e1lna mely b\u0151term\u0151 \u00e9s a betegs\u00e9gekkel szemben ellen\u00e1ll\u00f3 \u00f6nterm\u00e9keny fajta. A k\u00e9t\u00e9ves hajt\u00e1sokon terem. T\u00e1maszt\u00e9kot ig\u00e9nyel.","robots":{"index":"index","follow":"follow","max-snippet":"max-snippet:-1","max-image-preview":"max-image-preview:large","max-video-preview":"max-video-preview:-1"},"canonical":"https:\/\/tajkertesz.com\/en_US\/product\/rubus-canby-tuske-nelkuli-malna\/","og_locale":"en_US","og_type":"article","og_title":"Rubus 'Canby' - T\u00fcske n\u00e9lk\u00fcli m\u00e1lna - T\u00e1jkert\u00e9sz","og_description":"Rubus Canby- t\u00fcske n\u00e9lk\u00fcli m\u00e1lna mely b\u0151term\u0151 \u00e9s a betegs\u00e9gekkel szemben ellen\u00e1ll\u00f3 \u00f6nterm\u00e9keny fajta. A k\u00e9t\u00e9ves hajt\u00e1sokon terem. T\u00e1maszt\u00e9kot ig\u00e9nyel.","og_url":"https:\/\/tajkertesz.com\/en_US\/product\/rubus-canby-tuske-nelkuli-malna\/","og_site_name":"T\u00e1jkert\u00e9sz","article_publisher":"https:\/\/www.facebook.com\/Tajkertesz\/","article_modified_time":"2026-03-09T11:53:29+00:00","og_image":[{"width":406,"height":904,"url":"https:\/\/tajkertesz.com\/wp-content\/uploads\/2024\/03\/canby.jpg1_.jpg","type":"image\/jpeg"}],"twitter_card":"summary_large_image","twitter_misc":{"Est. reading time":"2 minutes"},"schema":{"@context":"https:\/\/schema.org","@graph":[{"@type":"WebPage","@id":"https:\/\/tajkertesz.com\/termek\/rubus-canby-tuske-nelkuli-malna\/","url":"https:\/\/tajkertesz.com\/termek\/rubus-canby-tuske-nelkuli-malna\/","name":"Rubus 'Canby' - T\u00fcske n\u00e9lk\u00fcli m\u00e1lna - T\u00e1jkert\u00e9sz","isPartOf":{"@id":"https:\/\/tajkertesz.com\/#website"},"primaryImageOfPage":{"@id":"https:\/\/tajkertesz.com\/termek\/rubus-canby-tuske-nelkuli-malna\/#primaryimage"},"image":{"@id":"https:\/\/tajkertesz.com\/termek\/rubus-canby-tuske-nelkuli-malna\/#primaryimage"},"thumbnailUrl":"https:\/\/tajkertesz.com\/wp-content\/uploads\/2024\/03\/canby.jpg1_.jpg","datePublished":"2024-11-09T12:11:06+00:00","dateModified":"2026-03-09T11:53:29+00:00","description":"Rubus Canby- t\u00fcske n\u00e9lk\u00fcli m\u00e1lna mely b\u0151term\u0151 \u00e9s a betegs\u00e9gekkel szemben ellen\u00e1ll\u00f3 \u00f6nterm\u00e9keny fajta. A k\u00e9t\u00e9ves hajt\u00e1sokon terem. T\u00e1maszt\u00e9kot ig\u00e9nyel.","breadcrumb":{"@id":"https:\/\/tajkertesz.com\/termek\/rubus-canby-tuske-nelkuli-malna\/#breadcrumb"},"inLanguage":"en-US","potentialAction":[{"@type":"ReadAction","target":["https:\/\/tajkertesz.com\/termek\/rubus-canby-tuske-nelkuli-malna\/"]}]},{"@type":"ImageObject","inLanguage":"en-US","@id":"https:\/\/tajkertesz.com\/termek\/rubus-canby-tuske-nelkuli-malna\/#primaryimage","url":"https:\/\/tajkertesz.com\/wp-content\/uploads\/2024\/03\/canby.jpg1_.jpg","contentUrl":"https:\/\/tajkertesz.com\/wp-content\/uploads\/2024\/03\/canby.jpg1_.jpg","width":406,"height":904,"caption":"Rubus 'Canby' - T\u00fcske n\u00e9lk\u00fcli m\u00e1lna"},{"@type":"BreadcrumbList","@id":"https:\/\/tajkertesz.com\/termek\/rubus-canby-tuske-nelkuli-malna\/#breadcrumb","itemListElement":[{"@type":"ListItem","position":1,"name":"Home","item":"https:\/\/tajkertesz.com\/"},{"@type":"ListItem","position":2,"name":"Kezd\u0151lap","item":"https:\/\/tajkertesz.com\/"},{"@type":"ListItem","position":3,"name":"Rubus &#8216;Canby&#8217; &#8211; T\u00fcske n\u00e9lk\u00fcli m\u00e1lna"}]},{"@type":"WebSite","@id":"https:\/\/tajkertesz.com\/#website","url":"https:\/\/tajkertesz.com\/","name":"T\u00e1j-Kert\u00e9sz 84 Kft.","description":"Kert\u00e9szeti kis- \u00e9s nagykeresked\u00e9s, D\u00edszn\u00f6v\u00e9ny web\u00e1ruh\u00e1z orsz\u00e1gos h\u00e1zhozsz\u00e1ll\u00edt\u00e1ssal!","publisher":{"@id":"https:\/\/tajkertesz.com\/#organization"},"potentialAction":[{"@type":"SearchAction","target":{"@type":"EntryPoint","urlTemplate":"https:\/\/tajkertesz.com\/?s={search_term_string}"},"query-input":{"@type":"PropertyValueSpecification","valueRequired":true,"valueName":"search_term_string"}}],"inLanguage":"en-US"},{"@type":"Organization","@id":"https:\/\/tajkertesz.com\/#organization","name":"T\u00e1j-Kert\u00e9sz 84 Kft.","url":"https:\/\/tajkertesz.com\/","logo":{"@type":"ImageObject","inLanguage":"en-US","@id":"https:\/\/tajkertesz.com\/#\/schema\/logo\/image\/","url":"https:\/\/tajkertesz.com\/wp-content\/uploads\/2018\/02\/logo-2-e1518678052539.png","contentUrl":"https:\/\/tajkertesz.com\/wp-content\/uploads\/2018\/02\/logo-2-e1518678052539.png","width":81,"height":140,"caption":"T\u00e1j-Kert\u00e9sz 84 Kft."},"image":{"@id":"https:\/\/tajkertesz.com\/#\/schema\/logo\/image\/"},"sameAs":["https:\/\/www.facebook.com\/Tajkertesz\/"]}]}},"_links":{"self":[{"href":"https:\/\/tajkertesz.com\/en_US\/wp-json\/wp\/v2\/product\/19305","targetHints":{"allow":["GET"]}}],"collection":[{"href":"https:\/\/tajkertesz.com\/en_US\/wp-json\/wp\/v2\/product"}],"about":[{"href":"https:\/\/tajkertesz.com\/en_US\/wp-json\/wp\/v2\/types\/product"}],"wp:featuredmedia":[{"embeddable":true,"href":"https:\/\/tajkertesz.com\/en_US\/wp-json\/wp\/v2\/media\/19382"}],"wp:attachment":[{"href":"https:\/\/tajkertesz.com\/en_US\/wp-json\/wp\/v2\/media?parent=19305"}],"wp:term":[{"taxonomy":"product_brand","embeddable":true,"href":"https:\/\/tajkertesz.com\/en_US\/wp-json\/wp\/v2\/product_brand?post=19305"},{"taxonomy":"product_cat","embeddable":true,"href":"https:\/\/tajkertesz.com\/en_US\/wp-json\/wp\/v2\/product_cat?post=19305"},{"taxonomy":"product_tag","embeddable":true,"href":"https:\/\/tajkertesz.com\/en_US\/wp-json\/wp\/v2\/product_tag?post=19305"}],"curies":[{"name":"wp","href":"https:\/\/api.w.org\/{rel}","templated":true}]}}