{"id":19325,"date":"2024-02-26T12:32:31","date_gmt":"2024-02-26T12:32:31","guid":{"rendered":"https:\/\/tajkertesz.com\/?post_type=product&#038;p=19325"},"modified":"2026-03-02T08:53:35","modified_gmt":"2026-03-02T08:53:35","slug":"fontelis-5ml-gombaolo-permetezoszer","status":"publish","type":"product","link":"https:\/\/tajkertesz.com\/en_US\/product\/fontelis-5ml-gombaolo-permetezoszer\/","title":{"rendered":"Fontelis 5ml gomba\u00f6l\u0151 permetez\u0151szer"},"content":{"rendered":"<h2>Fontelis 5ml gomba\u00f6l\u0151 permetez\u0151szer<\/h2>\n<p>Fontelis 20sc 5ml gomba\u00f6l\u0151 permetez\u0151szer<\/p>\n<p>El\u0151\u00edrt n\u00f6v\u00e9nyv\u00e9delmi technol\u00f3gia:<br \/>\nAlmaterm\u00e9s\u0171ekben lisztharmat \u00e9s varasod\u00e1s ellen a kezel\u00e9seket prevent\u00edven a t\u00fcnetek megjelen\u00e9se<br \/>\nel\u0151tt el\u0151rejelz\u00e9sre alapozva kell elkezdeni, \u00e9s amennyiben sz\u00fcks\u00e9ges 7 naponta megism\u00e9telni.<\/p>\n<p>Amegfelel\u0151 hat\u00e9konys\u00e1g biztos\u00edt\u00e1sa \u00e9rdek\u00e9ben a k\u00e9sz\u00edtm\u00e9nnyel t\u00f6rt\u00e9n\u0151 k\u00e9t kezel\u00e9s k\u00f6z\u00f6tt ne t\u00f6rt\u00e9njen<br \/>\nm\u00e1s hat\u00f3anyag\u00fa gomba\u00f6l\u0151 szerrel permetez\u00e9s.<\/p>\n<p>A n\u00f6v\u00e9nyv\u00e9d\u0151 szer felhaszn\u00e1l\u00e1sa kontakt hat\u00f3anyag\u00fa<br \/>\n(pl. ditiokarbam\u00e1t, kapt\u00e1n stb.), almaterm\u00e9s\u0171ekben enged\u00e9lyezett gomba\u00f6l\u0151 szer kombin\u00e1ci\u00f3s<br \/>\npartnerek\u00e9nt javasolt 0,5 l\/ha-os d\u00f3zisban, illetve fokozott varasod\u00e1s fert\u0151z\u00e9si vesz\u00e9ly eset\u00e9n.<\/p>\n<p>Akarboxamid hat\u00f3anyagcsoportba tartoz\u00f3 n\u00f6v\u00e9nyv\u00e9d\u0151 szerekkel t\u00f6rt\u00e9nt 3. kezel\u00e9st k\u00f6vet\u0151 tov\u00e1bbi<br \/>\nv\u00e9dekez\u00e9sek sor\u00e1n, a k\u00e9sz\u00edtm\u00e9nyt m\u00e1s t\u00edpus\u00fa \u2013 kontakt hat\u00e1s\u00fa \u2013 n\u00f6v\u00e9nyv\u00e9d\u0151 szerekkel kell felv\u00e1ltani.<\/p>\n<p><strong><span style=\"text-decoration: underline;\">A n\u00f6v\u00e9nyv\u00e9d\u0151 szer felhaszn\u00e1l\u00e1s\u00e1ra vonatkoz\u00f3 el\u0151\u00edr\u00e1sok: <\/span><\/strong><\/p>\n<p>Almaterm\u00e9s\u0171ek(alma, k\u00f6rte, birs) lisztharmat, varasod\u00e1s ellen. A kezel\u00e9sek maxim\u00e1lis sz\u00e1ma 3\/\u00e9v. K\u00e9t kezel\u00e9s k\u00f6zt eltelt minim\u00e1lis id\u0151tartam 7 nap.A kezel\u00e9s ideje (fenol\u00f3giai \u00e1llapot szerint) eg\u00e9rf\u00fcles \u00e1llapott\u00f3l (BBCH10) 3 h\u00e9ttel betakar\u00edt\u00e1s el\u0151tti \u00e1llapotig (BBCH83).<\/p>\n<p>A kijuttat\u00e1shoz sz\u00fcks\u00e9ges szer (0,5*-0,75 l\/ha),\u00a0 v\u00edz (800-1000 l\/ha)<\/p>\n<p>Csak kontakt hat\u00f3anyag\u00fa gomba\u00f6l\u0151 szerrel kombin\u00e1ci\u00f3ban t\u00f6rt\u00e9n\u0151 felhaszn\u00e1l\u00e1s eset\u00e9n<\/p>\n<p>Hat\u00e1smechanizmus: sejtl\u00e9gz\u00e9sg\u00e1tl\u00e1s (szukcin\u00e1t dehidrogen\u00e1z enzim g\u00e1tl\u00f3) (FRAC k\u00f3d: 7)<\/p>\n<p>L\u00e9gi kijuttat\u00e1s: nem enged\u00e9lyezett<\/p>\n<p><strong><span style=\"text-decoration: underline;\">V\u00e1rakoz\u00e1si id\u0151k:<\/span><\/strong><br \/>\nMunkaeg\u00e9szs\u00e9g\u00fcgyi v\u00e1rakoz\u00e1si id\u0151: 0 nap<br \/>\n\u00c9lelmez\u00e9s-eg\u00e9szs\u00e9g\u00fcgyi v\u00e1rakoz\u00e1si id\u0151: kult\u00fara v\u00e1rakoz\u00e1si id\u0151 almaterm\u00e9s\u0171ek (alma, k\u00f6rte, birs) 21 nap<\/p>\n<p>Egy\u00e9ni v\u00e9d\u0151felszerel\u00e9s el\u0151k\u00e9sz\u00edt\u0151knek: v\u00e9d\u0151keszty\u0171<\/p>\n<p>Kijuttat\u00f3knak: v\u00e9d\u0151keszty\u0171 (z\u00e1rt, t\u00falnyom\u00e1sos g\u00e9pkabinban nem sz\u00fcks\u00e9ges)<\/p>\n<p>M\u00e9rgez\u00e9skor, allergi\u00e1s megbeteged\u00e9s eset\u00e9n, vagy annak gyan\u00fajakor a munk\u00e1t azonnal f\u00e9lbe kell<br \/>\nszak\u00edtani, majd helysz\u00edni els\u0151seg\u00e9lyny\u00fajt\u00e1s ut\u00e1n orvosi, int\u00e9zeti ell\u00e1t\u00e1st kell biztos\u00edtani.<\/p>\n<p>El\u00e9rhet\u0151 t\u00f6bbf\u00e9le m\u00e9retben \u00e9s \u00e1rban.<\/p>\n<p><strong>K\u00e9szlet\u00fcnk napi szinten v\u00e1ltozik, ez\u00e9rt k\u00e9rj\u00fck, \u00e9rdekl\u0151dj\u00f6n szem\u00e9lyesen, telefonon vagy email-en.<br \/>\nA v\u00e1ltoztat\u00e1s jog\u00e1t fenntartjuk!\u00a0<\/strong><\/p>\n<p><a href=\"https:\/\/tajkertesz.com\/\">https:\/\/tajkertesz.com\/<\/a><\/p>\n<p><a href=\"https:\/\/www.facebook.com\/tajkertesz\/\">https:\/\/www.facebook.com\/tajkertesz\/<\/a><\/p>\n<p>Kisz\u00e1ll\u00edt\u00e1s: 200cm-ig \u00a0\u00e9s 40 kg-ig a sz\u00e1ll\u00edt\u00e1s fut\u00e1rszolg\u00e1lattal \u00a0t\u00f6rt\u00e9nik, <strong><span style=\"text-decoration: underline;\">kiv\u00e9tel a n\u00f6v\u00e9nyv\u00e9d\u0151szerekn\u00e9l! N\u00f6v\u00e9nyv\u00e9s\u0151szereket a hat\u00e1lyban l\u00e9 v\u0151 jogszab\u00e1ly szerint nem post\u00e1zhatjuk!<\/span><\/strong><\/p>\n<p>Szem\u00e9lyes \u00e1tv\u00e9tel nyitvatart\u00e1si id\u0151ben a 17. ker\u00fclet Bakancsos utca 7. sz\u00e1m alatti Kert\u00e9szeti \u00e1rud\u00e1ban.<\/p>","protected":false},"excerpt":{"rendered":"<h2>Fontelis 5ml gomba\u00f6l\u0151 permetez\u0151szer<\/h2>\n<p>Felsz\u00edv\u00f3d\u00f3 hat\u00e1s\u00fa k\u00e9sz\u00edtm\u00e9ny.<\/p>\n<p>Almaterm\u00e9s\u0171ek(alma, k\u00f6rte, birs) lisztharmat, varasod\u00e1s ellen. A kezel\u00e9sek maxim\u00e1lis sz\u00e1ma 3\/\u00e9v.<\/p>\n<p><span style=\"text-decoration: underline;\"><strong>N\u00f6v\u00e9nyv\u00e9s\u0151szereket nem post\u00e1zhatunk a hat\u00e1lyban l\u00e9v\u0151 jogszab\u00e1ly szerint!<\/strong><\/span><\/p>\n<p><span style=\"text-decoration: underline;\"><strong>Rendel\u00e9se csak szem\u00e9lyes \u00e1tv\u00e9tellel lehets\u00e9ges!<\/strong><\/span><\/p>","protected":false},"featured_media":19326,"template":"","meta":{"_et_pb_use_builder":"","_et_pb_old_content":"","_et_gb_content_width":""},"product_brand":[],"product_cat":[3421],"product_tag":[4359,4362,4964,4740,4493,4332],"class_list":{"0":"post-19325","1":"product","2":"type-product","3":"status-publish","4":"has-post-thumbnail","6":"product_cat-gombaolo-szer","7":"product_tag-alma","8":"product_tag-birs","9":"product_tag-fontelis","10":"product_tag-gombaolo","11":"product_tag-korte","12":"product_tag-permetszer","14":"first","15":"outofstock","16":"shipping-taxable","17":"purchasable","18":"product-type-simple"},"yoast_head":"<!-- This site is optimized with the Yoast SEO plugin v27.3 - https:\/\/yoast.com\/product\/yoast-seo-wordpress\/ -->\n<title>Fontelis 5ml gomba\u00f6l\u0151 permetez\u0151szer - T\u00e1jkert\u00e9sz<\/title>\n<meta name=\"description\" content=\"Fontelis 5ml gomba\u00f6l\u0151 permetez\u0151szer. Almaterm\u00e9s\u0171ek(alma, k\u00f6rte, birs) lisztharmat, varasod\u00e1s ellen. A kezel\u00e9sek maxim\u00e1lis sz\u00e1ma 3\/\u00e9v.\" \/>\n<meta name=\"robots\" content=\"index, follow, max-snippet:-1, max-image-preview:large, max-video-preview:-1\" \/>\n<link rel=\"canonical\" href=\"https:\/\/tajkertesz.com\/en_US\/product\/fontelis-5ml-gombaolo-permetezoszer\/\" \/>\n<meta property=\"og:locale\" content=\"en_US\" \/>\n<meta property=\"og:type\" content=\"article\" \/>\n<meta property=\"og:title\" content=\"Fontelis 5ml gomba\u00f6l\u0151 permetez\u0151szer - T\u00e1jkert\u00e9sz\" \/>\n<meta property=\"og:description\" content=\"Fontelis 5ml gomba\u00f6l\u0151 permetez\u0151szer. Almaterm\u00e9s\u0171ek(alma, k\u00f6rte, birs) lisztharmat, varasod\u00e1s ellen. A kezel\u00e9sek maxim\u00e1lis sz\u00e1ma 3\/\u00e9v.\" \/>\n<meta property=\"og:url\" content=\"https:\/\/tajkertesz.com\/en_US\/product\/fontelis-5ml-gombaolo-permetezoszer\/\" \/>\n<meta property=\"og:site_name\" content=\"T\u00e1jkert\u00e9sz\" \/>\n<meta property=\"article:publisher\" content=\"https:\/\/www.facebook.com\/Tajkertesz\/\" \/>\n<meta property=\"article:modified_time\" content=\"2026-03-02T08:53:35+00:00\" \/>\n<meta property=\"og:image\" content=\"https:\/\/tajkertesz.com\/wp-content\/uploads\/2024\/02\/font4201.jpg\" \/>\n\t<meta property=\"og:image:width\" content=\"940\" \/>\n\t<meta property=\"og:image:height\" content=\"788\" \/>\n\t<meta property=\"og:image:type\" content=\"image\/jpeg\" \/>\n<meta name=\"twitter:card\" content=\"summary_large_image\" \/>\n<meta name=\"twitter:label1\" content=\"Est. reading time\" \/>\n\t<meta name=\"twitter:data1\" content=\"2 minutes\" \/>\n<script type=\"application\/ld+json\" class=\"yoast-schema-graph\">{\"@context\":\"https:\\\/\\\/schema.org\",\"@graph\":[{\"@type\":\"WebPage\",\"@id\":\"https:\\\/\\\/tajkertesz.com\\\/termek\\\/fontelis-5ml-gombaolo-permetezoszer\\\/\",\"url\":\"https:\\\/\\\/tajkertesz.com\\\/termek\\\/fontelis-5ml-gombaolo-permetezoszer\\\/\",\"name\":\"Fontelis 5ml gomba\u00f6l\u0151 permetez\u0151szer - T\u00e1jkert\u00e9sz\",\"isPartOf\":{\"@id\":\"https:\\\/\\\/tajkertesz.com\\\/#website\"},\"primaryImageOfPage\":{\"@id\":\"https:\\\/\\\/tajkertesz.com\\\/termek\\\/fontelis-5ml-gombaolo-permetezoszer\\\/#primaryimage\"},\"image\":{\"@id\":\"https:\\\/\\\/tajkertesz.com\\\/termek\\\/fontelis-5ml-gombaolo-permetezoszer\\\/#primaryimage\"},\"thumbnailUrl\":\"https:\\\/\\\/tajkertesz.com\\\/wp-content\\\/uploads\\\/2024\\\/02\\\/font4201.jpg\",\"datePublished\":\"2024-02-26T12:32:31+00:00\",\"dateModified\":\"2026-03-02T08:53:35+00:00\",\"description\":\"Fontelis 5ml gomba\u00f6l\u0151 permetez\u0151szer. Almaterm\u00e9s\u0171ek(alma, k\u00f6rte, birs) lisztharmat, varasod\u00e1s ellen. A kezel\u00e9sek maxim\u00e1lis sz\u00e1ma 3\\\/\u00e9v.\",\"breadcrumb\":{\"@id\":\"https:\\\/\\\/tajkertesz.com\\\/termek\\\/fontelis-5ml-gombaolo-permetezoszer\\\/#breadcrumb\"},\"inLanguage\":\"en-US\",\"potentialAction\":[{\"@type\":\"ReadAction\",\"target\":[\"https:\\\/\\\/tajkertesz.com\\\/termek\\\/fontelis-5ml-gombaolo-permetezoszer\\\/\"]}]},{\"@type\":\"ImageObject\",\"inLanguage\":\"en-US\",\"@id\":\"https:\\\/\\\/tajkertesz.com\\\/termek\\\/fontelis-5ml-gombaolo-permetezoszer\\\/#primaryimage\",\"url\":\"https:\\\/\\\/tajkertesz.com\\\/wp-content\\\/uploads\\\/2024\\\/02\\\/font4201.jpg\",\"contentUrl\":\"https:\\\/\\\/tajkertesz.com\\\/wp-content\\\/uploads\\\/2024\\\/02\\\/font4201.jpg\",\"width\":940,\"height\":788},{\"@type\":\"BreadcrumbList\",\"@id\":\"https:\\\/\\\/tajkertesz.com\\\/termek\\\/fontelis-5ml-gombaolo-permetezoszer\\\/#breadcrumb\",\"itemListElement\":[{\"@type\":\"ListItem\",\"position\":1,\"name\":\"Home\",\"item\":\"https:\\\/\\\/tajkertesz.com\\\/\"},{\"@type\":\"ListItem\",\"position\":2,\"name\":\"Kezd\u0151lap\",\"item\":\"https:\\\/\\\/tajkertesz.com\\\/\"},{\"@type\":\"ListItem\",\"position\":3,\"name\":\"Fontelis 5ml gomba\u00f6l\u0151 permetez\u0151szer\"}]},{\"@type\":\"WebSite\",\"@id\":\"https:\\\/\\\/tajkertesz.com\\\/#website\",\"url\":\"https:\\\/\\\/tajkertesz.com\\\/\",\"name\":\"T\u00e1j-Kert\u00e9sz 84 Kft.\",\"description\":\"Kert\u00e9szeti kis- \u00e9s nagykeresked\u00e9s, D\u00edszn\u00f6v\u00e9ny web\u00e1ruh\u00e1z orsz\u00e1gos h\u00e1zhozsz\u00e1ll\u00edt\u00e1ssal!\",\"publisher\":{\"@id\":\"https:\\\/\\\/tajkertesz.com\\\/#organization\"},\"potentialAction\":[{\"@type\":\"SearchAction\",\"target\":{\"@type\":\"EntryPoint\",\"urlTemplate\":\"https:\\\/\\\/tajkertesz.com\\\/?s={search_term_string}\"},\"query-input\":{\"@type\":\"PropertyValueSpecification\",\"valueRequired\":true,\"valueName\":\"search_term_string\"}}],\"inLanguage\":\"en-US\"},{\"@type\":\"Organization\",\"@id\":\"https:\\\/\\\/tajkertesz.com\\\/#organization\",\"name\":\"T\u00e1j-Kert\u00e9sz 84 Kft.\",\"url\":\"https:\\\/\\\/tajkertesz.com\\\/\",\"logo\":{\"@type\":\"ImageObject\",\"inLanguage\":\"en-US\",\"@id\":\"https:\\\/\\\/tajkertesz.com\\\/#\\\/schema\\\/logo\\\/image\\\/\",\"url\":\"https:\\\/\\\/tajkertesz.com\\\/wp-content\\\/uploads\\\/2018\\\/02\\\/logo-2-e1518678052539.png\",\"contentUrl\":\"https:\\\/\\\/tajkertesz.com\\\/wp-content\\\/uploads\\\/2018\\\/02\\\/logo-2-e1518678052539.png\",\"width\":81,\"height\":140,\"caption\":\"T\u00e1j-Kert\u00e9sz 84 Kft.\"},\"image\":{\"@id\":\"https:\\\/\\\/tajkertesz.com\\\/#\\\/schema\\\/logo\\\/image\\\/\"},\"sameAs\":[\"https:\\\/\\\/www.facebook.com\\\/Tajkertesz\\\/\"]}]}<\/script>\n<!-- \/ Yoast SEO plugin. -->","yoast_head_json":{"title":"Fontelis 5ml gomba\u00f6l\u0151 permetez\u0151szer - T\u00e1jkert\u00e9sz","description":"Fontelis 5ml gomba\u00f6l\u0151 permetez\u0151szer. Almaterm\u00e9s\u0171ek(alma, k\u00f6rte, birs) lisztharmat, varasod\u00e1s ellen. A kezel\u00e9sek maxim\u00e1lis sz\u00e1ma 3\/\u00e9v.","robots":{"index":"index","follow":"follow","max-snippet":"max-snippet:-1","max-image-preview":"max-image-preview:large","max-video-preview":"max-video-preview:-1"},"canonical":"https:\/\/tajkertesz.com\/en_US\/product\/fontelis-5ml-gombaolo-permetezoszer\/","og_locale":"en_US","og_type":"article","og_title":"Fontelis 5ml gomba\u00f6l\u0151 permetez\u0151szer - T\u00e1jkert\u00e9sz","og_description":"Fontelis 5ml gomba\u00f6l\u0151 permetez\u0151szer. Almaterm\u00e9s\u0171ek(alma, k\u00f6rte, birs) lisztharmat, varasod\u00e1s ellen. A kezel\u00e9sek maxim\u00e1lis sz\u00e1ma 3\/\u00e9v.","og_url":"https:\/\/tajkertesz.com\/en_US\/product\/fontelis-5ml-gombaolo-permetezoszer\/","og_site_name":"T\u00e1jkert\u00e9sz","article_publisher":"https:\/\/www.facebook.com\/Tajkertesz\/","article_modified_time":"2026-03-02T08:53:35+00:00","og_image":[{"width":940,"height":788,"url":"https:\/\/tajkertesz.com\/wp-content\/uploads\/2024\/02\/font4201.jpg","type":"image\/jpeg"}],"twitter_card":"summary_large_image","twitter_misc":{"Est. reading time":"2 minutes"},"schema":{"@context":"https:\/\/schema.org","@graph":[{"@type":"WebPage","@id":"https:\/\/tajkertesz.com\/termek\/fontelis-5ml-gombaolo-permetezoszer\/","url":"https:\/\/tajkertesz.com\/termek\/fontelis-5ml-gombaolo-permetezoszer\/","name":"Fontelis 5ml gomba\u00f6l\u0151 permetez\u0151szer - T\u00e1jkert\u00e9sz","isPartOf":{"@id":"https:\/\/tajkertesz.com\/#website"},"primaryImageOfPage":{"@id":"https:\/\/tajkertesz.com\/termek\/fontelis-5ml-gombaolo-permetezoszer\/#primaryimage"},"image":{"@id":"https:\/\/tajkertesz.com\/termek\/fontelis-5ml-gombaolo-permetezoszer\/#primaryimage"},"thumbnailUrl":"https:\/\/tajkertesz.com\/wp-content\/uploads\/2024\/02\/font4201.jpg","datePublished":"2024-02-26T12:32:31+00:00","dateModified":"2026-03-02T08:53:35+00:00","description":"Fontelis 5ml gomba\u00f6l\u0151 permetez\u0151szer. Almaterm\u00e9s\u0171ek(alma, k\u00f6rte, birs) lisztharmat, varasod\u00e1s ellen. A kezel\u00e9sek maxim\u00e1lis sz\u00e1ma 3\/\u00e9v.","breadcrumb":{"@id":"https:\/\/tajkertesz.com\/termek\/fontelis-5ml-gombaolo-permetezoszer\/#breadcrumb"},"inLanguage":"en-US","potentialAction":[{"@type":"ReadAction","target":["https:\/\/tajkertesz.com\/termek\/fontelis-5ml-gombaolo-permetezoszer\/"]}]},{"@type":"ImageObject","inLanguage":"en-US","@id":"https:\/\/tajkertesz.com\/termek\/fontelis-5ml-gombaolo-permetezoszer\/#primaryimage","url":"https:\/\/tajkertesz.com\/wp-content\/uploads\/2024\/02\/font4201.jpg","contentUrl":"https:\/\/tajkertesz.com\/wp-content\/uploads\/2024\/02\/font4201.jpg","width":940,"height":788},{"@type":"BreadcrumbList","@id":"https:\/\/tajkertesz.com\/termek\/fontelis-5ml-gombaolo-permetezoszer\/#breadcrumb","itemListElement":[{"@type":"ListItem","position":1,"name":"Home","item":"https:\/\/tajkertesz.com\/"},{"@type":"ListItem","position":2,"name":"Kezd\u0151lap","item":"https:\/\/tajkertesz.com\/"},{"@type":"ListItem","position":3,"name":"Fontelis 5ml gomba\u00f6l\u0151 permetez\u0151szer"}]},{"@type":"WebSite","@id":"https:\/\/tajkertesz.com\/#website","url":"https:\/\/tajkertesz.com\/","name":"T\u00e1j-Kert\u00e9sz 84 Kft.","description":"Kert\u00e9szeti kis- \u00e9s nagykeresked\u00e9s, D\u00edszn\u00f6v\u00e9ny web\u00e1ruh\u00e1z orsz\u00e1gos h\u00e1zhozsz\u00e1ll\u00edt\u00e1ssal!","publisher":{"@id":"https:\/\/tajkertesz.com\/#organization"},"potentialAction":[{"@type":"SearchAction","target":{"@type":"EntryPoint","urlTemplate":"https:\/\/tajkertesz.com\/?s={search_term_string}"},"query-input":{"@type":"PropertyValueSpecification","valueRequired":true,"valueName":"search_term_string"}}],"inLanguage":"en-US"},{"@type":"Organization","@id":"https:\/\/tajkertesz.com\/#organization","name":"T\u00e1j-Kert\u00e9sz 84 Kft.","url":"https:\/\/tajkertesz.com\/","logo":{"@type":"ImageObject","inLanguage":"en-US","@id":"https:\/\/tajkertesz.com\/#\/schema\/logo\/image\/","url":"https:\/\/tajkertesz.com\/wp-content\/uploads\/2018\/02\/logo-2-e1518678052539.png","contentUrl":"https:\/\/tajkertesz.com\/wp-content\/uploads\/2018\/02\/logo-2-e1518678052539.png","width":81,"height":140,"caption":"T\u00e1j-Kert\u00e9sz 84 Kft."},"image":{"@id":"https:\/\/tajkertesz.com\/#\/schema\/logo\/image\/"},"sameAs":["https:\/\/www.facebook.com\/Tajkertesz\/"]}]}},"_links":{"self":[{"href":"https:\/\/tajkertesz.com\/en_US\/wp-json\/wp\/v2\/product\/19325","targetHints":{"allow":["GET"]}}],"collection":[{"href":"https:\/\/tajkertesz.com\/en_US\/wp-json\/wp\/v2\/product"}],"about":[{"href":"https:\/\/tajkertesz.com\/en_US\/wp-json\/wp\/v2\/types\/product"}],"wp:featuredmedia":[{"embeddable":true,"href":"https:\/\/tajkertesz.com\/en_US\/wp-json\/wp\/v2\/media\/19326"}],"wp:attachment":[{"href":"https:\/\/tajkertesz.com\/en_US\/wp-json\/wp\/v2\/media?parent=19325"}],"wp:term":[{"taxonomy":"product_brand","embeddable":true,"href":"https:\/\/tajkertesz.com\/en_US\/wp-json\/wp\/v2\/product_brand?post=19325"},{"taxonomy":"product_cat","embeddable":true,"href":"https:\/\/tajkertesz.com\/en_US\/wp-json\/wp\/v2\/product_cat?post=19325"},{"taxonomy":"product_tag","embeddable":true,"href":"https:\/\/tajkertesz.com\/en_US\/wp-json\/wp\/v2\/product_tag?post=19325"}],"curies":[{"name":"wp","href":"https:\/\/api.w.org\/{rel}","templated":true}]}}