{"id":19340,"date":"2024-11-10T07:05:48","date_gmt":"2024-11-10T07:05:48","guid":{"rendered":"https:\/\/tajkertesz.com\/?post_type=product&#038;p=19340"},"modified":"2026-02-12T15:02:47","modified_gmt":"2026-02-12T15:02:47","slug":"magnolia-gradniflora-brackens-brown-beauty-orokzold-liliomfa","status":"publish","type":"product","link":"https:\/\/tajkertesz.com\/en_US\/product\/magnolia-gradniflora-brackens-brown-beauty-orokzold-liliomfa\/","title":{"rendered":"Magnolia gradniflora &#8216;Bracken&#8217;s Brown Beauty&#8217; &#8211; \u00d6r\u00f6kz\u00f6ld liliomfa"},"content":{"rendered":"<h1>Magnolia gradniflora &#8216;Bracken&#8217;s Brown Beauty&#8217; &#8211; \u00d6r\u00f6kz\u00f6ld liliomfa<\/h1>\n<p>Magnolia gradniflora &#8216;Bracken&#8217;s Brown Beauty&#8217; &#8211; \u00d6r\u00f6kz\u00f6ld liliomfa eg\u00e9sz \u00e9vben \u00fcltethet\u0151 \u00f6r\u00f6kz\u00f6ld d\u00edszn\u00f6v\u00e9ny<\/p>\n<p class=\"product-attribute-name\"><span style=\"text-decoration: underline;\"><strong>A n\u00f6v\u00e9ny m\u00e9rete<\/strong><\/span>: <span class=\"product-attribute-value\">Kont\u00e9neres 4,5L, 50-60cm magas + a kont\u00e9ner magass\u00e1ga<\/span><\/p>\n<h2>Magnolia gradniflora &#8216;Bracken&#8217;s Brown Beauty&#8217; jellemz\u0151i<\/h2>\n<p><strong><u>Vir\u00e1gai<\/u>:<\/strong> A telt vir\u00e1gai nagyok, feh\u00e9r sz\u00edn\u0171ek, 10-15 cm \u00e1tm\u00e9r\u0151j\u0171ek.<\/p>\n<p>A Magnolia grandiflora Bracken&#8217;s Brown Beauty &#8211; \u00d6r\u00f6kz\u00f6ld liliomfa, 12-15 m\u00e9ter magass\u00e1got is el\u00e9rheti, lassan n\u00f6v\u0151, \u00f6r\u00f6kz\u00f6ld cserje vagy kisebb fa. Feh\u00e9r, nagym\u00e9ret\u0171, kelyhet form\u00e1z\u00f3, er\u0151sen illatos, vir\u00e1gai, ny\u00e1r elej\u00e9t\u0151l kora \u0151szig folyamatosan ny\u00edlnak.<\/p>\n<p>Koron\u00e1ja s\u0171r\u0171, jellemz\u0151en k\u00fap alak\u00fa. S\u00f6t\u00e9tz\u00f6ld, f\u00e9nyes, 20 cm-es b\u0151rszer\u0171 leveleit eg\u00e9sz \u00e9vben megtartja.<\/p>\n<h3>Az \u00f6r\u00f6kz\u00f6ld liliomfa gondoz\u00e1sa<\/h3>\n<p>D\u00e9li fekv\u00e9s\u0171, meleg, napos, teljesen sz\u00e9lv\u00e9dett helyre, j\u00f3 v\u00edz\u00e1tereszt\u0151 k\u00e9pess\u00e9g\u0171, semleges vagy savas k\u00e9mhat\u00e1s\u00fa talajba \u00fcltess\u00fck.<\/p>\n<p>Szoliternek, ink\u00e1bb f\u00e1v\u00e1 fejl\u0151dik, de metsz\u00e9ssel bokorr\u00e1 is nevelhet\u0151.<\/p>\n<p><strong><u>Betegs\u00e9gei, k\u00e1rtev\u0151i:<\/u><\/strong> Lev\u00e9ltetvek megt\u00e1madhatj\u00e1k, lev\u00e9ls\u00e1rgul\u00e1s meszes talaj eset\u00e9n, lev\u00e9l barnul\u00e1s \u00e9s elsz\u00e1rad\u00e1s szeles helyre t\u00f6rt\u00e9n\u0151 telep\u00edt\u00e9s eset\u00e9n el\u0151fordulhat. Egy\u00e9b betegs\u00e9gek eset\u00e9n megfelel\u0151 n\u00f6v\u00e9nyv\u00e9d\u0151szer haszn\u00e1lata javasolt!<\/p>\n<p><strong><u>V\u00edzig\u00e9nye<\/u>:<\/strong> Nagy v\u00edzig\u00e9ny\u0171 n\u00f6v\u00e9ny, hossz\u00fa asz\u00e1lyos id\u0151szakban \u00f6nt\u00f6z\u00e9st ig\u00e9nyel.<\/p>\n<p><strong>Talajig\u00e9ny<\/strong>: t\u00e1panyagban gazdag kert\u00e9szeti f\u00f6ldkever\u00e9kbe \u00fcltess\u00fck.<\/p>\n<ol>\n<li>Teljes napf\u00e9nyt vagy r\u00e9szleges \u00e1rny\u00e9kot ig\u00e9nyel.\u00a0Hidegebb \u00e9ghajlaton a teljes napf\u00e9ny a legjobb<sup class=\"citation-sup\">1<\/sup>.<\/li>\n<li><strong>Talaj<\/strong>: Gazdag, j\u00f3l v\u00edzelvezet\u0151 talajt kedvel.\u00a0\u00dcltet\u00e9skor \u00e9rdemes jav\u00edtani az agyagos vagy homokos talajt<sup class=\"citation-sup\">2<\/sup>.<\/li>\n<li><strong>\u00d6nt\u00f6z\u00e9s<\/strong>: Rendszeres \u00f6nt\u00f6z\u00e9st ig\u00e9nyel, am\u00edg meg nem er\u0151s\u00f6dik.\u00a0<a class=\"tooltip-target\" href=\"https:\/\/www.monrovia.com\/brackens-brown-beauty-magnolia.html\" target=\"_blank\" rel=\"noopener\" data-citationid=\"4df37606-85f3-23b1-4580-915e2ff7385d-14-group\">Ezut\u00e1n cs\u00f6kkenthet\u0151 az \u00f6nt\u00f6z\u00e9s gyakoris\u00e1ga, de a folyamatos nedvess\u00e9get kedveli<\/a><a class=\"ac-anchor sup-target\" href=\"https:\/\/www.monrovia.com\/brackens-brown-beauty-magnolia.html\" target=\"_blank\" rel=\"noopener\" data-citationid=\"4df37606-85f3-23b1-4580-915e2ff7385d-14\" aria-label=\"3: \u00d6nt\u00f6z\u00e9s\"><sup class=\"citation-sup\">3<\/sup><\/a>.<\/li>\n<li><a class=\"tooltip-target\" href=\"https:\/\/www.missouribotanicalgarden.org\/PlantFinder\/PlantFinderDetails.aspx?kempercode=a345\" target=\"_blank\" rel=\"noopener\" data-citationid=\"4df37606-85f3-23b1-4580-915e2ff7385d-18-group\"><strong>Metsz\u00e9s<\/strong>: Alacsony karbantart\u00e1si ig\u00e9ny\u0171, de a form\u00e1z\u00f3 metsz\u00e9s seg\u00edthet a k\u00edv\u00e1nt alak el\u00e9r\u00e9s\u00e9ben<\/a><a class=\"ac-anchor sup-target\" href=\"https:\/\/www.missouribotanicalgarden.org\/PlantFinder\/PlantFinderDetails.aspx?kempercode=a345\" target=\"_blank\" rel=\"noopener\" data-citationid=\"4df37606-85f3-23b1-4580-915e2ff7385d-18\" aria-label=\"1: Metsz\u00e9s\"><sup class=\"citation-sup\">1<\/sup><\/a>.<\/li>\n<li><a class=\"tooltip-target\" href=\"https:\/\/www.missouribotanicalgarden.org\/PlantFinder\/PlantFinderDetails.aspx?kempercode=a345\" target=\"_blank\" rel=\"noopener\" data-citationid=\"4df37606-85f3-23b1-4580-915e2ff7385d-22-group\"><strong>T\u00e9l\u00e1ll\u00f3s\u00e1g<\/strong>: J\u00f3l t\u0171ri a hideget, de a legjobb, ha v\u00e9dett helyre \u00fcltetj\u00fck<\/a><a class=\"ac-anchor sup-target\" href=\"https:\/\/www.missouribotanicalgarden.org\/PlantFinder\/PlantFinderDetails.aspx?kempercode=a345\" target=\"_blank\" rel=\"noopener\" data-citationid=\"4df37606-85f3-23b1-4580-915e2ff7385d-22\" aria-label=\"1: T\u00e9l\u00e1ll\u00f3s\u00e1g\"><sup class=\"citation-sup\">1<\/sup><\/a>.<\/li>\n<\/ol>\n<p>Ez a fa k\u00fcl\u00f6n\u00f6sen sz\u00e9p, f\u00e9nyes, s\u00f6t\u00e9tz\u00f6ld leveleivel \u00e9s illatos, feh\u00e9r vir\u00e1gaival.\u00a0<a class=\"tooltip-target\" href=\"https:\/\/www.missouribotanicalgarden.org\/PlantFinder\/PlantFinderDetails.aspx?kempercode=a345\" target=\"_blank\" rel=\"noopener\" data-citationid=\"4df37606-85f3-23b1-4580-915e2ff7385d-25-group\">Remek v\u00e1laszt\u00e1s lehet kertekbe, udvarokba vagy ak\u00e1r nagyobb kont\u00e9nerekbe is<\/a><a class=\"ac-anchor sup-target\" href=\"https:\/\/www.monrovia.com\/brackens-brown-beauty-magnolia.html\" target=\"_blank\" rel=\"noopener\" data-citationid=\"4df37606-85f3-23b1-4580-915e2ff7385d-25\" aria-label=\"3: \"><sup class=\"citation-sup\">3<\/sup><\/a>.<\/p>\n<p>&nbsp;<\/p>\n<p><strong>K\u00e9szlet\u00fcnk napi szinten v\u00e1ltozik, ez\u00e9rt k\u00e9rj\u00fck, \u00e9rdekl\u0151dj\u00f6n szem\u00e9lyesen, telefonon vagy email-en.<br \/>\nA v\u00e1ltoztat\u00e1s jog\u00e1t fenntartjuk!\u00a0<\/strong><\/p>\n<p><a href=\"https:\/\/tajkertesz.com\/\">https:\/\/tajkertesz.com\/<\/a><\/p>\n<p><a href=\"https:\/\/www.facebook.com\/tajkertesz\/\">https:\/\/www.facebook.com\/tajkertesz\/<\/a><\/p>\n<p>Kisz\u00e1ll\u00edt\u00e1s: 200cm-ig \u00a0\u00e9s 40 kg-ig a sz\u00e1ll\u00edt\u00e1s fut\u00e1rszolg\u00e1lattal \u00a0t\u00f6rt\u00e9nik.<\/p>\n<p>Szem\u00e9lyes \u00e1tv\u00e9tel nyitvatart\u00e1si id\u0151ben a 17. ker\u00fclet Bakancsos utca 7. sz\u00e1m alatti Kert\u00e9szeti \u00e1rud\u00e1ban.<\/p>\n<h6><span style=\"color: #ffffff;\">A Magnolia grandiflora Bracken&#8217;s Brown Beauty \/ \u00d6r\u00f6kz\u00f6ld liliomfa, 12-15 m\u00e9ter magas, lassan n\u00f6v\u0151, \u00f6r\u00f6kz\u00f6ld cserje vagy kisebb fa. Feh\u00e9r, nagym\u00e9ret\u0171, kelyhet form\u00e1z\u00f3, er\u0151sen illatos, vir\u00e1gai, ny\u00e1r elej\u00e9t\u0151l kora \u0151szig folyamatosan ny\u00edlnak.Koron\u00e1ja s\u0171r\u0171, piramis alak\u00fa. S\u00f6t\u00e9tz\u00f6ld, f\u00e9nyes, 20 cm-es b\u0151rszer\u0171 leveleit eg\u00e9sz \u00e9vben megtartja.D\u00e9li fekv\u00e9s\u0171, meleg, napos, teljesen sz\u00e9lv\u00e9dett helyre, j\u00f3 v\u00edz\u00e1tereszt\u0151 k\u00e9pess\u00e9g\u0171, semleges vagy savas k\u00e9mhat\u00e1s\u00fa talajba \u00fcltess\u00fck.<\/span><\/h6>\n<p>&nbsp;<\/p>","protected":false},"excerpt":{"rendered":"<h2>Magnolia gradniflora &#8216;Bracken&#8217;s Brown Beauty&#8217; \/ \u00d6r\u00f6kz\u00f6ld liliomfa<\/h2>\n<p>\u00d6r\u00f6kz\u00f6ld liliomfa, 12-15 m\u00e9ter magas, lassan n\u00f6v\u0151, \u00f6r\u00f6kz\u00f6ld cserje vagy kisebb fa.<\/p>\n<p>Eg\u00e9sz \u00e9vben \u00fcltethet\u0151 \u00f6r\u00f6kz\u00f6ld d\u00edszn\u00f6v\u00e9ny<\/p>\n<p class=\"product-attribute-name\"><span style=\"text-decoration: underline;\"><strong>A n\u00f6v\u00e9ny m\u00e9rete<\/strong><\/span>: <span class=\"product-attribute-value\">Kont\u00e9neres 4,5L, 50-60cm magas + a kont\u00e9ner magass\u00e1ga<\/span><\/p>\n<p>&nbsp;<\/p>\n<p>&nbsp;<\/p>","protected":false},"featured_media":19341,"template":"","meta":{"_et_pb_use_builder":"","_et_pb_old_content":"","_et_gb_content_width":""},"product_brand":[],"product_cat":[28],"product_tag":[4967,4376,4965,91,99,4966,1428],"class_list":{"0":"post-19340","1":"product","2":"type-product","3":"status-publish","4":"has-post-thumbnail","6":"product_cat-diszfak","7":"product_tag-cserjek","8":"product_tag-fak","9":"product_tag-grandiflora","10":"product_tag-liliomfa","11":"product_tag-magnolia","12":"product_tag-orokzold-liliomfa","13":"product_tag-viragzo","15":"first","16":"outofstock","17":"shipping-taxable","18":"product-type-simple"},"yoast_head":"<!-- This site is optimized with the Yoast SEO plugin v27.4 - https:\/\/yoast.com\/product\/yoast-seo-wordpress\/ -->\n<title>Magnolia gradniflora &#039;Bracken&#039;s Brown Beauty&#039; - \u00d6r\u00f6kz\u00f6ld liliomfa - T\u00e1jkert\u00e9sz<\/title>\n<meta name=\"description\" content=\"Magnolia gradniflora &#039;Bracken&#039;s Brown Beauty&#039; - \u00d6r\u00f6kz\u00f6ld liliomfa. \u00d6r\u00f6kz\u00f6ld liliomfa, 12-15 m\u00e9ter magas, lassan n\u00f6v\u0151, \u00f6r\u00f6kz\u00f6ld cserje vagy kisebb fa.\" \/>\n<meta name=\"robots\" content=\"index, follow, max-snippet:-1, max-image-preview:large, max-video-preview:-1\" \/>\n<link rel=\"canonical\" href=\"https:\/\/tajkertesz.com\/en_US\/product\/magnolia-gradniflora-brackens-brown-beauty-orokzold-liliomfa\/\" \/>\n<meta property=\"og:locale\" content=\"en_US\" \/>\n<meta property=\"og:type\" content=\"article\" \/>\n<meta property=\"og:title\" content=\"Magnolia gradniflora &#039;Bracken&#039;s Brown Beauty&#039; - \u00d6r\u00f6kz\u00f6ld liliomfa - T\u00e1jkert\u00e9sz\" \/>\n<meta property=\"og:description\" content=\"Magnolia gradniflora &#039;Bracken&#039;s Brown Beauty&#039; - \u00d6r\u00f6kz\u00f6ld liliomfa. \u00d6r\u00f6kz\u00f6ld liliomfa, 12-15 m\u00e9ter magas, lassan n\u00f6v\u0151, \u00f6r\u00f6kz\u00f6ld cserje vagy kisebb fa.\" \/>\n<meta property=\"og:url\" content=\"https:\/\/tajkertesz.com\/en_US\/product\/magnolia-gradniflora-brackens-brown-beauty-orokzold-liliomfa\/\" \/>\n<meta property=\"og:site_name\" content=\"T\u00e1jkert\u00e9sz\" \/>\n<meta property=\"article:publisher\" content=\"https:\/\/www.facebook.com\/Tajkertesz\/\" \/>\n<meta property=\"article:modified_time\" content=\"2026-02-12T15:02:47+00:00\" \/>\n<meta property=\"og:image\" content=\"https:\/\/tajkertesz.com\/wp-content\/uploads\/2024\/02\/20240227_170320-1-scaled.jpg\" \/>\n\t<meta property=\"og:image:width\" content=\"1154\" \/>\n\t<meta property=\"og:image:height\" content=\"2560\" \/>\n\t<meta property=\"og:image:type\" content=\"image\/jpeg\" \/>\n<meta name=\"twitter:card\" content=\"summary_large_image\" \/>\n<meta name=\"twitter:label1\" content=\"Est. reading time\" \/>\n\t<meta name=\"twitter:data1\" content=\"3 minutes\" \/>\n<script type=\"application\/ld+json\" class=\"yoast-schema-graph\">{\"@context\":\"https:\\\/\\\/schema.org\",\"@graph\":[{\"@type\":\"WebPage\",\"@id\":\"https:\\\/\\\/tajkertesz.com\\\/termek\\\/magnolia-gradniflora-brackens-brown-beauty-orokzold-liliomfa\\\/\",\"url\":\"https:\\\/\\\/tajkertesz.com\\\/termek\\\/magnolia-gradniflora-brackens-brown-beauty-orokzold-liliomfa\\\/\",\"name\":\"Magnolia gradniflora 'Bracken's Brown Beauty' - \u00d6r\u00f6kz\u00f6ld liliomfa - T\u00e1jkert\u00e9sz\",\"isPartOf\":{\"@id\":\"https:\\\/\\\/tajkertesz.com\\\/#website\"},\"primaryImageOfPage\":{\"@id\":\"https:\\\/\\\/tajkertesz.com\\\/termek\\\/magnolia-gradniflora-brackens-brown-beauty-orokzold-liliomfa\\\/#primaryimage\"},\"image\":{\"@id\":\"https:\\\/\\\/tajkertesz.com\\\/termek\\\/magnolia-gradniflora-brackens-brown-beauty-orokzold-liliomfa\\\/#primaryimage\"},\"thumbnailUrl\":\"https:\\\/\\\/tajkertesz.com\\\/wp-content\\\/uploads\\\/2024\\\/02\\\/20240227_170320-1-scaled.jpg\",\"datePublished\":\"2024-11-10T07:05:48+00:00\",\"dateModified\":\"2026-02-12T15:02:47+00:00\",\"description\":\"Magnolia gradniflora 'Bracken's Brown Beauty' - \u00d6r\u00f6kz\u00f6ld liliomfa. \u00d6r\u00f6kz\u00f6ld liliomfa, 12-15 m\u00e9ter magas, lassan n\u00f6v\u0151, \u00f6r\u00f6kz\u00f6ld cserje vagy kisebb fa.\",\"breadcrumb\":{\"@id\":\"https:\\\/\\\/tajkertesz.com\\\/termek\\\/magnolia-gradniflora-brackens-brown-beauty-orokzold-liliomfa\\\/#breadcrumb\"},\"inLanguage\":\"en-US\",\"potentialAction\":[{\"@type\":\"ReadAction\",\"target\":[\"https:\\\/\\\/tajkertesz.com\\\/termek\\\/magnolia-gradniflora-brackens-brown-beauty-orokzold-liliomfa\\\/\"]}]},{\"@type\":\"ImageObject\",\"inLanguage\":\"en-US\",\"@id\":\"https:\\\/\\\/tajkertesz.com\\\/termek\\\/magnolia-gradniflora-brackens-brown-beauty-orokzold-liliomfa\\\/#primaryimage\",\"url\":\"https:\\\/\\\/tajkertesz.com\\\/wp-content\\\/uploads\\\/2024\\\/02\\\/20240227_170320-1-scaled.jpg\",\"contentUrl\":\"https:\\\/\\\/tajkertesz.com\\\/wp-content\\\/uploads\\\/2024\\\/02\\\/20240227_170320-1-scaled.jpg\",\"width\":1154,\"height\":2560,\"caption\":\"Magnolia gradniflora 'Bracken's Brown Beauty' - \u00d6r\u00f6kz\u00f6ld liliomfa\"},{\"@type\":\"BreadcrumbList\",\"@id\":\"https:\\\/\\\/tajkertesz.com\\\/termek\\\/magnolia-gradniflora-brackens-brown-beauty-orokzold-liliomfa\\\/#breadcrumb\",\"itemListElement\":[{\"@type\":\"ListItem\",\"position\":1,\"name\":\"Home\",\"item\":\"https:\\\/\\\/tajkertesz.com\\\/\"},{\"@type\":\"ListItem\",\"position\":2,\"name\":\"Kezd\u0151lap\",\"item\":\"https:\\\/\\\/tajkertesz.com\\\/\"},{\"@type\":\"ListItem\",\"position\":3,\"name\":\"Magnolia gradniflora &#8216;Bracken&#8217;s Brown Beauty&#8217; &#8211; \u00d6r\u00f6kz\u00f6ld liliomfa\"}]},{\"@type\":\"WebSite\",\"@id\":\"https:\\\/\\\/tajkertesz.com\\\/#website\",\"url\":\"https:\\\/\\\/tajkertesz.com\\\/\",\"name\":\"T\u00e1j-Kert\u00e9sz 84 Kft.\",\"description\":\"Kert\u00e9szeti kis- \u00e9s nagykeresked\u00e9s, D\u00edszn\u00f6v\u00e9ny web\u00e1ruh\u00e1z orsz\u00e1gos h\u00e1zhozsz\u00e1ll\u00edt\u00e1ssal!\",\"publisher\":{\"@id\":\"https:\\\/\\\/tajkertesz.com\\\/#organization\"},\"potentialAction\":[{\"@type\":\"SearchAction\",\"target\":{\"@type\":\"EntryPoint\",\"urlTemplate\":\"https:\\\/\\\/tajkertesz.com\\\/?s={search_term_string}\"},\"query-input\":{\"@type\":\"PropertyValueSpecification\",\"valueRequired\":true,\"valueName\":\"search_term_string\"}}],\"inLanguage\":\"en-US\"},{\"@type\":\"Organization\",\"@id\":\"https:\\\/\\\/tajkertesz.com\\\/#organization\",\"name\":\"T\u00e1j-Kert\u00e9sz 84 Kft.\",\"url\":\"https:\\\/\\\/tajkertesz.com\\\/\",\"logo\":{\"@type\":\"ImageObject\",\"inLanguage\":\"en-US\",\"@id\":\"https:\\\/\\\/tajkertesz.com\\\/#\\\/schema\\\/logo\\\/image\\\/\",\"url\":\"https:\\\/\\\/tajkertesz.com\\\/wp-content\\\/uploads\\\/2018\\\/02\\\/logo-2-e1518678052539.png\",\"contentUrl\":\"https:\\\/\\\/tajkertesz.com\\\/wp-content\\\/uploads\\\/2018\\\/02\\\/logo-2-e1518678052539.png\",\"width\":81,\"height\":140,\"caption\":\"T\u00e1j-Kert\u00e9sz 84 Kft.\"},\"image\":{\"@id\":\"https:\\\/\\\/tajkertesz.com\\\/#\\\/schema\\\/logo\\\/image\\\/\"},\"sameAs\":[\"https:\\\/\\\/www.facebook.com\\\/Tajkertesz\\\/\"]}]}<\/script>\n<!-- \/ Yoast SEO plugin. -->","yoast_head_json":{"title":"Magnolia gradniflora 'Bracken's Brown Beauty' - \u00d6r\u00f6kz\u00f6ld liliomfa - T\u00e1jkert\u00e9sz","description":"Magnolia gradniflora 'Bracken's Brown Beauty' - \u00d6r\u00f6kz\u00f6ld liliomfa. \u00d6r\u00f6kz\u00f6ld liliomfa, 12-15 m\u00e9ter magas, lassan n\u00f6v\u0151, \u00f6r\u00f6kz\u00f6ld cserje vagy kisebb fa.","robots":{"index":"index","follow":"follow","max-snippet":"max-snippet:-1","max-image-preview":"max-image-preview:large","max-video-preview":"max-video-preview:-1"},"canonical":"https:\/\/tajkertesz.com\/en_US\/product\/magnolia-gradniflora-brackens-brown-beauty-orokzold-liliomfa\/","og_locale":"en_US","og_type":"article","og_title":"Magnolia gradniflora 'Bracken's Brown Beauty' - \u00d6r\u00f6kz\u00f6ld liliomfa - T\u00e1jkert\u00e9sz","og_description":"Magnolia gradniflora 'Bracken's Brown Beauty' - \u00d6r\u00f6kz\u00f6ld liliomfa. \u00d6r\u00f6kz\u00f6ld liliomfa, 12-15 m\u00e9ter magas, lassan n\u00f6v\u0151, \u00f6r\u00f6kz\u00f6ld cserje vagy kisebb fa.","og_url":"https:\/\/tajkertesz.com\/en_US\/product\/magnolia-gradniflora-brackens-brown-beauty-orokzold-liliomfa\/","og_site_name":"T\u00e1jkert\u00e9sz","article_publisher":"https:\/\/www.facebook.com\/Tajkertesz\/","article_modified_time":"2026-02-12T15:02:47+00:00","og_image":[{"width":1154,"height":2560,"url":"https:\/\/tajkertesz.com\/wp-content\/uploads\/2024\/02\/20240227_170320-1-scaled.jpg","type":"image\/jpeg"}],"twitter_card":"summary_large_image","twitter_misc":{"Est. reading time":"3 minutes"},"schema":{"@context":"https:\/\/schema.org","@graph":[{"@type":"WebPage","@id":"https:\/\/tajkertesz.com\/termek\/magnolia-gradniflora-brackens-brown-beauty-orokzold-liliomfa\/","url":"https:\/\/tajkertesz.com\/termek\/magnolia-gradniflora-brackens-brown-beauty-orokzold-liliomfa\/","name":"Magnolia gradniflora 'Bracken's Brown Beauty' - \u00d6r\u00f6kz\u00f6ld liliomfa - T\u00e1jkert\u00e9sz","isPartOf":{"@id":"https:\/\/tajkertesz.com\/#website"},"primaryImageOfPage":{"@id":"https:\/\/tajkertesz.com\/termek\/magnolia-gradniflora-brackens-brown-beauty-orokzold-liliomfa\/#primaryimage"},"image":{"@id":"https:\/\/tajkertesz.com\/termek\/magnolia-gradniflora-brackens-brown-beauty-orokzold-liliomfa\/#primaryimage"},"thumbnailUrl":"https:\/\/tajkertesz.com\/wp-content\/uploads\/2024\/02\/20240227_170320-1-scaled.jpg","datePublished":"2024-11-10T07:05:48+00:00","dateModified":"2026-02-12T15:02:47+00:00","description":"Magnolia gradniflora 'Bracken's Brown Beauty' - \u00d6r\u00f6kz\u00f6ld liliomfa. \u00d6r\u00f6kz\u00f6ld liliomfa, 12-15 m\u00e9ter magas, lassan n\u00f6v\u0151, \u00f6r\u00f6kz\u00f6ld cserje vagy kisebb fa.","breadcrumb":{"@id":"https:\/\/tajkertesz.com\/termek\/magnolia-gradniflora-brackens-brown-beauty-orokzold-liliomfa\/#breadcrumb"},"inLanguage":"en-US","potentialAction":[{"@type":"ReadAction","target":["https:\/\/tajkertesz.com\/termek\/magnolia-gradniflora-brackens-brown-beauty-orokzold-liliomfa\/"]}]},{"@type":"ImageObject","inLanguage":"en-US","@id":"https:\/\/tajkertesz.com\/termek\/magnolia-gradniflora-brackens-brown-beauty-orokzold-liliomfa\/#primaryimage","url":"https:\/\/tajkertesz.com\/wp-content\/uploads\/2024\/02\/20240227_170320-1-scaled.jpg","contentUrl":"https:\/\/tajkertesz.com\/wp-content\/uploads\/2024\/02\/20240227_170320-1-scaled.jpg","width":1154,"height":2560,"caption":"Magnolia gradniflora 'Bracken's Brown Beauty' - \u00d6r\u00f6kz\u00f6ld liliomfa"},{"@type":"BreadcrumbList","@id":"https:\/\/tajkertesz.com\/termek\/magnolia-gradniflora-brackens-brown-beauty-orokzold-liliomfa\/#breadcrumb","itemListElement":[{"@type":"ListItem","position":1,"name":"Home","item":"https:\/\/tajkertesz.com\/"},{"@type":"ListItem","position":2,"name":"Kezd\u0151lap","item":"https:\/\/tajkertesz.com\/"},{"@type":"ListItem","position":3,"name":"Magnolia gradniflora &#8216;Bracken&#8217;s Brown Beauty&#8217; &#8211; \u00d6r\u00f6kz\u00f6ld liliomfa"}]},{"@type":"WebSite","@id":"https:\/\/tajkertesz.com\/#website","url":"https:\/\/tajkertesz.com\/","name":"T\u00e1j-Kert\u00e9sz 84 Kft.","description":"Kert\u00e9szeti kis- \u00e9s nagykeresked\u00e9s, D\u00edszn\u00f6v\u00e9ny web\u00e1ruh\u00e1z orsz\u00e1gos h\u00e1zhozsz\u00e1ll\u00edt\u00e1ssal!","publisher":{"@id":"https:\/\/tajkertesz.com\/#organization"},"potentialAction":[{"@type":"SearchAction","target":{"@type":"EntryPoint","urlTemplate":"https:\/\/tajkertesz.com\/?s={search_term_string}"},"query-input":{"@type":"PropertyValueSpecification","valueRequired":true,"valueName":"search_term_string"}}],"inLanguage":"en-US"},{"@type":"Organization","@id":"https:\/\/tajkertesz.com\/#organization","name":"T\u00e1j-Kert\u00e9sz 84 Kft.","url":"https:\/\/tajkertesz.com\/","logo":{"@type":"ImageObject","inLanguage":"en-US","@id":"https:\/\/tajkertesz.com\/#\/schema\/logo\/image\/","url":"https:\/\/tajkertesz.com\/wp-content\/uploads\/2018\/02\/logo-2-e1518678052539.png","contentUrl":"https:\/\/tajkertesz.com\/wp-content\/uploads\/2018\/02\/logo-2-e1518678052539.png","width":81,"height":140,"caption":"T\u00e1j-Kert\u00e9sz 84 Kft."},"image":{"@id":"https:\/\/tajkertesz.com\/#\/schema\/logo\/image\/"},"sameAs":["https:\/\/www.facebook.com\/Tajkertesz\/"]}]}},"_links":{"self":[{"href":"https:\/\/tajkertesz.com\/en_US\/wp-json\/wp\/v2\/product\/19340","targetHints":{"allow":["GET"]}}],"collection":[{"href":"https:\/\/tajkertesz.com\/en_US\/wp-json\/wp\/v2\/product"}],"about":[{"href":"https:\/\/tajkertesz.com\/en_US\/wp-json\/wp\/v2\/types\/product"}],"wp:featuredmedia":[{"embeddable":true,"href":"https:\/\/tajkertesz.com\/en_US\/wp-json\/wp\/v2\/media\/19341"}],"wp:attachment":[{"href":"https:\/\/tajkertesz.com\/en_US\/wp-json\/wp\/v2\/media?parent=19340"}],"wp:term":[{"taxonomy":"product_brand","embeddable":true,"href":"https:\/\/tajkertesz.com\/en_US\/wp-json\/wp\/v2\/product_brand?post=19340"},{"taxonomy":"product_cat","embeddable":true,"href":"https:\/\/tajkertesz.com\/en_US\/wp-json\/wp\/v2\/product_cat?post=19340"},{"taxonomy":"product_tag","embeddable":true,"href":"https:\/\/tajkertesz.com\/en_US\/wp-json\/wp\/v2\/product_tag?post=19340"}],"curies":[{"name":"wp","href":"https:\/\/api.w.org\/{rel}","templated":true}]}}