{"id":19346,"date":"2024-02-28T08:30:29","date_gmt":"2024-02-28T08:30:29","guid":{"rendered":"https:\/\/tajkertesz.com\/?post_type=product&#038;p=19346"},"modified":"2026-04-08T09:14:53","modified_gmt":"2026-04-08T09:14:53","slug":"drencso-perforalt-80-mm","status":"publish","type":"product","link":"https:\/\/tajkertesz.com\/en_US\/product\/drencso-perforalt-80-mm\/","title":{"rendered":"Dr\u00e9ncs\u0151 perfor\u00e1lt 80 mm"},"content":{"rendered":"<h2>Dr\u00e9ncs\u0151 perfor\u00e1lt 80 mm<\/h2>\n<p>Dr\u00e9ncs\u0151 perfor\u00e1lt 80 mm<\/p>\n<p><strong>EGY EG\u00c9SZ TEKERCS 50 m\u00e9teres, de foly\u00f3m\u00e9terre is v\u00e1s\u00e1rolhat\u00f3.<\/strong><\/p>\n<p>A felt\u00fcntetett \u00e1r foly\u00f3m\u00e9terre vonatkozik, rendel\u00e9sn\u00e9l a k\u00e9rt hossz\u00fas\u00e1got kell megadni!<\/p>\n<p>Flexibilis cs\u0151rendszer mely szinte minden helyzetben fektethet\u0151 \u00e9s teljesk\u00f6r\u0171 idomell\u00e1totts\u00e1g\u00e1nak k\u00f6sz\u00f6nhet\u0151en b\u00e1rmilyen rendszer kialak\u00edthat\u00f3. Sokr\u00e9t\u0171 felhaszn\u00e1l\u00e1s: \u2022 talajv\u00edzszint-szab\u00e1lyz\u00e1s \u2022 talajv\u00edz elvezet\u00e9s \u2022 szikkaszt\u00e1s \u2022 felsz\u00edn alatti \u00f6nt\u00f6z\u00e9s\/n\u00f6v\u00e9nyek, f\u00e1k \u00f6nt\u00f6z\u00e9se. Csomagol\u00e1si egys\u00e9g: 50fm\/tekercs, de m\u00e9terre is v\u00e1s\u00e1rolhat\u00f3! M\u00e9rete: K\u00fcls\u0151 \u00e1tm\u00e9r\u0151: 80 mm Bels\u0151 \u00e1tm\u00e9r\u0151: 71,5 mm Fekete sz\u00edn\u0171, UV-stabiliz\u00e1lt PVC-U M\u00e9terjelz\u00e9ssel ell\u00e1tva<\/p>\n<p>DIN 1187\u00a0 szabv\u00e1ny szerint.<\/p>\n<p>El\u00e9rhet\u0151 t\u00f6bbf\u00e9le m\u00e9retben \u00e9s \u00e1rban.<\/p>\n<p><strong>K\u00e9szlet\u00fcnk napi szinten v\u00e1ltozik, ez\u00e9rt k\u00e9rj\u00fck, \u00e9rdekl\u0151dj\u00f6n szem\u00e9lyesen, telefonon vagy email-en.<br \/>\nA v\u00e1ltoztat\u00e1s jog\u00e1t fenntartjuk!\u00a0<\/strong><\/p>\n<p><a href=\"https:\/\/tajkertesz.com\/\">https:\/\/tajkertesz.com\/<\/a><\/p>\n<p><a href=\"https:\/\/www.facebook.com\/tajkertesz\/\">https:\/\/www.facebook.com\/tajkertesz\/<\/a><\/p>\n<p>Kisz\u00e1ll\u00edt\u00e1s: 200cm-ig \u00a0\u00e9s 40 kg-ig a sz\u00e1ll\u00edt\u00e1s fut\u00e1rszolg\u00e1lattal \u00a0t\u00f6rt\u00e9nik, ezeket az \u00e9rt\u00e9keket meghaladva csak egyedi sz\u00e1ll\u00edt\u00e1si d\u00edjjal tudunk post\u00e1zni term\u00e9keket!<\/p>\n<p>Szem\u00e9lyes \u00e1tv\u00e9tel nyitvatart\u00e1si id\u0151ben a 17. ker\u00fclet Bakancsos utca 7. sz\u00e1m alatti Kert\u00e9szeti \u00e1rud\u00e1ban.<\/p>\n<p>&nbsp;<\/p>\n<h6><span style=\"color: #ffffff;\"><strong>EGY EG\u00c9SZ TEKERCS 50 m\u00e9teres, de foly\u00f3m\u00e9terre is v\u00e1s\u00e1rolhat\u00f3.<\/strong>A felt\u00fcntetett \u00e1r foly\u00f3m\u00e9terre vonatkozik, rendel\u00e9sn\u00e9l a k\u00e9rt hossz\u00fas\u00e1got kell megadni!Flexibilis cs\u0151rendszer mely szinte minden helyzetben fektethet\u0151 \u00e9s teljesk\u00f6r\u0171 idomell\u00e1totts\u00e1g\u00e1nak k\u00f6sz\u00f6nhet\u0151en b\u00e1rmilyen rendszer kialak\u00edthat\u00f3. Sokr\u00e9t\u0171 felhaszn\u00e1l\u00e1s: \u2022 talajv\u00edzszint-szab\u00e1lyz\u00e1s \u2022 talajv\u00edz elvezet\u00e9s \u2022 szikkaszt\u00e1s \u2022 felsz\u00edn alatti \u00f6nt\u00f6z\u00e9s\/n\u00f6v\u00e9nyek, f\u00e1k \u00f6nt\u00f6z\u00e9se. Csomagol\u00e1si egys\u00e9g: 50fm\/tekercs, de m\u00e9terre is v\u00e1s\u00e1rolhat\u00f3! M\u00e9rete: K\u00fcls\u0151 \u00e1tm\u00e9r\u0151: 80 mm Bels\u0151 \u00e1tm\u00e9r\u0151: 71,5 mm Fekete sz\u00edn\u0171, UV-stabiliz\u00e1lt PVC-U M\u00e9terjelz\u00e9ssel ell\u00e1tva<\/span><\/h6>","protected":false},"excerpt":{"rendered":"<h2>Dr\u00e9ncs\u0151 perfor\u00e1lt 80 mm<\/h2>\n<h2>Dr\u00e9ncs\u0151 80 mm k\u00fcls\u0151 \u00e1tm\u00e9r\u0151j\u0171 szimplafal\u00fa perfor\u00e1lt (lyukacsos) hull\u00e1mos fal\u00fa pvc dr\u00e9ncs\u0151 , sziv\u00e1rg\u00f3cs\u0151<\/h2>\n<p><strong>EGY EG\u00c9SZ TEKERCS 50 m\u00e9teres, de foly\u00f3m\u00e9terre is v\u00e1s\u00e1rolhat\u00f3.<\/strong><\/p>\n<p>A felt\u00fcntetett \u00e1r foly\u00f3m\u00e9terre vonatkozik, rendel\u00e9sn\u00e9l a k\u00e9rt hossz\u00fas\u00e1got kell megadni!<\/p>\n<p>Kisz\u00e1ll\u00edt\u00e1s: 200cm-ig \u00a0\u00e9s 40 kg-ig a sz\u00e1ll\u00edt\u00e1s fut\u00e1rszolg\u00e1lattal \u00a0t\u00f6rt\u00e9nik, ezeket az \u00e9rt\u00e9keket meghaladva csak egyedi sz\u00e1ll\u00edt\u00e1si d\u00edjjal tudunk post\u00e1zni term\u00e9keket!<\/p>\n<p>&nbsp;<\/p>\n<p>&nbsp;<\/p>","protected":false},"featured_media":19347,"template":"","meta":{"_et_pb_use_builder":"","_et_pb_old_content":"","_et_gb_content_width":""},"product_brand":[],"product_cat":[1539],"product_tag":[4973,4971,4972,4969,4975,4970,4974],"class_list":{"0":"post-19346","1":"product","2":"type-product","3":"status-publish","4":"has-post-thumbnail","6":"product_cat-kellekek","7":"product_tag-80-drencso-faulteteshez","8":"product_tag-80mm-bordas-drencso","9":"product_tag-80mm-pvc-drencso","10":"product_tag-drencso","11":"product_tag-ontozo-drencso","12":"product_tag-perforalt-drencso","13":"product_tag-perforalt-gegecso-sarga","15":"first","16":"instock","17":"shipping-taxable","18":"purchasable","19":"product-type-simple"},"yoast_head":"<!-- This site is optimized with the Yoast SEO plugin v27.5 - https:\/\/yoast.com\/product\/yoast-seo-wordpress\/ -->\n<title>Dr\u00e9ncs\u0151 perfor\u00e1lt 80 mm - T\u00e1jkert\u00e9sz<\/title>\n<meta name=\"description\" content=\"Dr\u00e9ncs\u0151 perfor\u00e1lt 80 mm. Dr\u00e9ncs\u0151 80 mm k\u00fcls\u0151 \u00e1tm\u00e9r\u0151j\u0171 szimplafal\u00fa perfor\u00e1lt (lyukacsos) hull\u00e1mos fal\u00fa pvc dr\u00e9ncs\u0151 , sziv\u00e1rg\u00f3cs\u0151.\" \/>\n<meta name=\"robots\" content=\"index, follow, max-snippet:-1, max-image-preview:large, max-video-preview:-1\" \/>\n<link rel=\"canonical\" href=\"https:\/\/tajkertesz.com\/en_US\/product\/drencso-perforalt-80-mm\/\" \/>\n<meta property=\"og:locale\" content=\"en_US\" \/>\n<meta property=\"og:type\" content=\"article\" \/>\n<meta property=\"og:title\" content=\"Dr\u00e9ncs\u0151 perfor\u00e1lt 80 mm - T\u00e1jkert\u00e9sz\" \/>\n<meta property=\"og:description\" content=\"Dr\u00e9ncs\u0151 perfor\u00e1lt 80 mm. Dr\u00e9ncs\u0151 80 mm k\u00fcls\u0151 \u00e1tm\u00e9r\u0151j\u0171 szimplafal\u00fa perfor\u00e1lt (lyukacsos) hull\u00e1mos fal\u00fa pvc dr\u00e9ncs\u0151 , sziv\u00e1rg\u00f3cs\u0151.\" \/>\n<meta property=\"og:url\" content=\"https:\/\/tajkertesz.com\/en_US\/product\/drencso-perforalt-80-mm\/\" \/>\n<meta property=\"og:site_name\" content=\"T\u00e1jkert\u00e9sz\" \/>\n<meta property=\"article:publisher\" content=\"https:\/\/www.facebook.com\/Tajkertesz\/\" \/>\n<meta property=\"article:modified_time\" content=\"2026-04-08T09:14:53+00:00\" \/>\n<meta property=\"og:image\" content=\"https:\/\/tajkertesz.com\/wp-content\/uploads\/2024\/02\/20240228_073835-1-scaled.jpg\" \/>\n\t<meta property=\"og:image:width\" content=\"1154\" \/>\n\t<meta property=\"og:image:height\" content=\"2560\" \/>\n\t<meta property=\"og:image:type\" content=\"image\/jpeg\" \/>\n<meta name=\"twitter:card\" content=\"summary_large_image\" \/>\n<meta name=\"twitter:label1\" content=\"Est. reading time\" \/>\n\t<meta name=\"twitter:data1\" content=\"2 minutes\" \/>\n<script type=\"application\/ld+json\" class=\"yoast-schema-graph\">{\"@context\":\"https:\\\/\\\/schema.org\",\"@graph\":[{\"@type\":\"WebPage\",\"@id\":\"https:\\\/\\\/tajkertesz.com\\\/termek\\\/drencso-perforalt-80-mm\\\/\",\"url\":\"https:\\\/\\\/tajkertesz.com\\\/termek\\\/drencso-perforalt-80-mm\\\/\",\"name\":\"Dr\u00e9ncs\u0151 perfor\u00e1lt 80 mm - T\u00e1jkert\u00e9sz\",\"isPartOf\":{\"@id\":\"https:\\\/\\\/tajkertesz.com\\\/#website\"},\"primaryImageOfPage\":{\"@id\":\"https:\\\/\\\/tajkertesz.com\\\/termek\\\/drencso-perforalt-80-mm\\\/#primaryimage\"},\"image\":{\"@id\":\"https:\\\/\\\/tajkertesz.com\\\/termek\\\/drencso-perforalt-80-mm\\\/#primaryimage\"},\"thumbnailUrl\":\"https:\\\/\\\/tajkertesz.com\\\/wp-content\\\/uploads\\\/2024\\\/02\\\/20240228_073835-1-scaled.jpg\",\"datePublished\":\"2024-02-28T08:30:29+00:00\",\"dateModified\":\"2026-04-08T09:14:53+00:00\",\"description\":\"Dr\u00e9ncs\u0151 perfor\u00e1lt 80 mm. Dr\u00e9ncs\u0151 80 mm k\u00fcls\u0151 \u00e1tm\u00e9r\u0151j\u0171 szimplafal\u00fa perfor\u00e1lt (lyukacsos) hull\u00e1mos fal\u00fa pvc dr\u00e9ncs\u0151 , sziv\u00e1rg\u00f3cs\u0151.\",\"breadcrumb\":{\"@id\":\"https:\\\/\\\/tajkertesz.com\\\/termek\\\/drencso-perforalt-80-mm\\\/#breadcrumb\"},\"inLanguage\":\"en-US\",\"potentialAction\":[{\"@type\":\"ReadAction\",\"target\":[\"https:\\\/\\\/tajkertesz.com\\\/termek\\\/drencso-perforalt-80-mm\\\/\"]}]},{\"@type\":\"ImageObject\",\"inLanguage\":\"en-US\",\"@id\":\"https:\\\/\\\/tajkertesz.com\\\/termek\\\/drencso-perforalt-80-mm\\\/#primaryimage\",\"url\":\"https:\\\/\\\/tajkertesz.com\\\/wp-content\\\/uploads\\\/2024\\\/02\\\/20240228_073835-1-scaled.jpg\",\"contentUrl\":\"https:\\\/\\\/tajkertesz.com\\\/wp-content\\\/uploads\\\/2024\\\/02\\\/20240228_073835-1-scaled.jpg\",\"width\":1154,\"height\":2560},{\"@type\":\"BreadcrumbList\",\"@id\":\"https:\\\/\\\/tajkertesz.com\\\/termek\\\/drencso-perforalt-80-mm\\\/#breadcrumb\",\"itemListElement\":[{\"@type\":\"ListItem\",\"position\":1,\"name\":\"Home\",\"item\":\"https:\\\/\\\/tajkertesz.com\\\/\"},{\"@type\":\"ListItem\",\"position\":2,\"name\":\"Kezd\u0151lap\",\"item\":\"https:\\\/\\\/tajkertesz.com\\\/\"},{\"@type\":\"ListItem\",\"position\":3,\"name\":\"Dr\u00e9ncs\u0151 perfor\u00e1lt 80 mm\"}]},{\"@type\":\"WebSite\",\"@id\":\"https:\\\/\\\/tajkertesz.com\\\/#website\",\"url\":\"https:\\\/\\\/tajkertesz.com\\\/\",\"name\":\"T\u00e1j-Kert\u00e9sz 84 Kft.\",\"description\":\"Kert\u00e9szeti kis- \u00e9s nagykeresked\u00e9s, D\u00edszn\u00f6v\u00e9ny web\u00e1ruh\u00e1z orsz\u00e1gos h\u00e1zhozsz\u00e1ll\u00edt\u00e1ssal!\",\"publisher\":{\"@id\":\"https:\\\/\\\/tajkertesz.com\\\/#organization\"},\"potentialAction\":[{\"@type\":\"SearchAction\",\"target\":{\"@type\":\"EntryPoint\",\"urlTemplate\":\"https:\\\/\\\/tajkertesz.com\\\/?s={search_term_string}\"},\"query-input\":{\"@type\":\"PropertyValueSpecification\",\"valueRequired\":true,\"valueName\":\"search_term_string\"}}],\"inLanguage\":\"en-US\"},{\"@type\":\"Organization\",\"@id\":\"https:\\\/\\\/tajkertesz.com\\\/#organization\",\"name\":\"T\u00e1j-Kert\u00e9sz 84 Kft.\",\"url\":\"https:\\\/\\\/tajkertesz.com\\\/\",\"logo\":{\"@type\":\"ImageObject\",\"inLanguage\":\"en-US\",\"@id\":\"https:\\\/\\\/tajkertesz.com\\\/#\\\/schema\\\/logo\\\/image\\\/\",\"url\":\"https:\\\/\\\/tajkertesz.com\\\/wp-content\\\/uploads\\\/2018\\\/02\\\/logo-2-e1518678052539.png\",\"contentUrl\":\"https:\\\/\\\/tajkertesz.com\\\/wp-content\\\/uploads\\\/2018\\\/02\\\/logo-2-e1518678052539.png\",\"width\":81,\"height\":140,\"caption\":\"T\u00e1j-Kert\u00e9sz 84 Kft.\"},\"image\":{\"@id\":\"https:\\\/\\\/tajkertesz.com\\\/#\\\/schema\\\/logo\\\/image\\\/\"},\"sameAs\":[\"https:\\\/\\\/www.facebook.com\\\/Tajkertesz\\\/\"]}]}<\/script>\n<!-- \/ Yoast SEO plugin. -->","yoast_head_json":{"title":"Dr\u00e9ncs\u0151 perfor\u00e1lt 80 mm - T\u00e1jkert\u00e9sz","description":"Dr\u00e9ncs\u0151 perfor\u00e1lt 80 mm. Dr\u00e9ncs\u0151 80 mm k\u00fcls\u0151 \u00e1tm\u00e9r\u0151j\u0171 szimplafal\u00fa perfor\u00e1lt (lyukacsos) hull\u00e1mos fal\u00fa pvc dr\u00e9ncs\u0151 , sziv\u00e1rg\u00f3cs\u0151.","robots":{"index":"index","follow":"follow","max-snippet":"max-snippet:-1","max-image-preview":"max-image-preview:large","max-video-preview":"max-video-preview:-1"},"canonical":"https:\/\/tajkertesz.com\/en_US\/product\/drencso-perforalt-80-mm\/","og_locale":"en_US","og_type":"article","og_title":"Dr\u00e9ncs\u0151 perfor\u00e1lt 80 mm - T\u00e1jkert\u00e9sz","og_description":"Dr\u00e9ncs\u0151 perfor\u00e1lt 80 mm. Dr\u00e9ncs\u0151 80 mm k\u00fcls\u0151 \u00e1tm\u00e9r\u0151j\u0171 szimplafal\u00fa perfor\u00e1lt (lyukacsos) hull\u00e1mos fal\u00fa pvc dr\u00e9ncs\u0151 , sziv\u00e1rg\u00f3cs\u0151.","og_url":"https:\/\/tajkertesz.com\/en_US\/product\/drencso-perforalt-80-mm\/","og_site_name":"T\u00e1jkert\u00e9sz","article_publisher":"https:\/\/www.facebook.com\/Tajkertesz\/","article_modified_time":"2026-04-08T09:14:53+00:00","og_image":[{"width":1154,"height":2560,"url":"https:\/\/tajkertesz.com\/wp-content\/uploads\/2024\/02\/20240228_073835-1-scaled.jpg","type":"image\/jpeg"}],"twitter_card":"summary_large_image","twitter_misc":{"Est. reading time":"2 minutes"},"schema":{"@context":"https:\/\/schema.org","@graph":[{"@type":"WebPage","@id":"https:\/\/tajkertesz.com\/termek\/drencso-perforalt-80-mm\/","url":"https:\/\/tajkertesz.com\/termek\/drencso-perforalt-80-mm\/","name":"Dr\u00e9ncs\u0151 perfor\u00e1lt 80 mm - T\u00e1jkert\u00e9sz","isPartOf":{"@id":"https:\/\/tajkertesz.com\/#website"},"primaryImageOfPage":{"@id":"https:\/\/tajkertesz.com\/termek\/drencso-perforalt-80-mm\/#primaryimage"},"image":{"@id":"https:\/\/tajkertesz.com\/termek\/drencso-perforalt-80-mm\/#primaryimage"},"thumbnailUrl":"https:\/\/tajkertesz.com\/wp-content\/uploads\/2024\/02\/20240228_073835-1-scaled.jpg","datePublished":"2024-02-28T08:30:29+00:00","dateModified":"2026-04-08T09:14:53+00:00","description":"Dr\u00e9ncs\u0151 perfor\u00e1lt 80 mm. Dr\u00e9ncs\u0151 80 mm k\u00fcls\u0151 \u00e1tm\u00e9r\u0151j\u0171 szimplafal\u00fa perfor\u00e1lt (lyukacsos) hull\u00e1mos fal\u00fa pvc dr\u00e9ncs\u0151 , sziv\u00e1rg\u00f3cs\u0151.","breadcrumb":{"@id":"https:\/\/tajkertesz.com\/termek\/drencso-perforalt-80-mm\/#breadcrumb"},"inLanguage":"en-US","potentialAction":[{"@type":"ReadAction","target":["https:\/\/tajkertesz.com\/termek\/drencso-perforalt-80-mm\/"]}]},{"@type":"ImageObject","inLanguage":"en-US","@id":"https:\/\/tajkertesz.com\/termek\/drencso-perforalt-80-mm\/#primaryimage","url":"https:\/\/tajkertesz.com\/wp-content\/uploads\/2024\/02\/20240228_073835-1-scaled.jpg","contentUrl":"https:\/\/tajkertesz.com\/wp-content\/uploads\/2024\/02\/20240228_073835-1-scaled.jpg","width":1154,"height":2560},{"@type":"BreadcrumbList","@id":"https:\/\/tajkertesz.com\/termek\/drencso-perforalt-80-mm\/#breadcrumb","itemListElement":[{"@type":"ListItem","position":1,"name":"Home","item":"https:\/\/tajkertesz.com\/"},{"@type":"ListItem","position":2,"name":"Kezd\u0151lap","item":"https:\/\/tajkertesz.com\/"},{"@type":"ListItem","position":3,"name":"Dr\u00e9ncs\u0151 perfor\u00e1lt 80 mm"}]},{"@type":"WebSite","@id":"https:\/\/tajkertesz.com\/#website","url":"https:\/\/tajkertesz.com\/","name":"T\u00e1j-Kert\u00e9sz 84 Kft.","description":"Kert\u00e9szeti kis- \u00e9s nagykeresked\u00e9s, D\u00edszn\u00f6v\u00e9ny web\u00e1ruh\u00e1z orsz\u00e1gos h\u00e1zhozsz\u00e1ll\u00edt\u00e1ssal!","publisher":{"@id":"https:\/\/tajkertesz.com\/#organization"},"potentialAction":[{"@type":"SearchAction","target":{"@type":"EntryPoint","urlTemplate":"https:\/\/tajkertesz.com\/?s={search_term_string}"},"query-input":{"@type":"PropertyValueSpecification","valueRequired":true,"valueName":"search_term_string"}}],"inLanguage":"en-US"},{"@type":"Organization","@id":"https:\/\/tajkertesz.com\/#organization","name":"T\u00e1j-Kert\u00e9sz 84 Kft.","url":"https:\/\/tajkertesz.com\/","logo":{"@type":"ImageObject","inLanguage":"en-US","@id":"https:\/\/tajkertesz.com\/#\/schema\/logo\/image\/","url":"https:\/\/tajkertesz.com\/wp-content\/uploads\/2018\/02\/logo-2-e1518678052539.png","contentUrl":"https:\/\/tajkertesz.com\/wp-content\/uploads\/2018\/02\/logo-2-e1518678052539.png","width":81,"height":140,"caption":"T\u00e1j-Kert\u00e9sz 84 Kft."},"image":{"@id":"https:\/\/tajkertesz.com\/#\/schema\/logo\/image\/"},"sameAs":["https:\/\/www.facebook.com\/Tajkertesz\/"]}]}},"_links":{"self":[{"href":"https:\/\/tajkertesz.com\/en_US\/wp-json\/wp\/v2\/product\/19346","targetHints":{"allow":["GET"]}}],"collection":[{"href":"https:\/\/tajkertesz.com\/en_US\/wp-json\/wp\/v2\/product"}],"about":[{"href":"https:\/\/tajkertesz.com\/en_US\/wp-json\/wp\/v2\/types\/product"}],"wp:featuredmedia":[{"embeddable":true,"href":"https:\/\/tajkertesz.com\/en_US\/wp-json\/wp\/v2\/media\/19347"}],"wp:attachment":[{"href":"https:\/\/tajkertesz.com\/en_US\/wp-json\/wp\/v2\/media?parent=19346"}],"wp:term":[{"taxonomy":"product_brand","embeddable":true,"href":"https:\/\/tajkertesz.com\/en_US\/wp-json\/wp\/v2\/product_brand?post=19346"},{"taxonomy":"product_cat","embeddable":true,"href":"https:\/\/tajkertesz.com\/en_US\/wp-json\/wp\/v2\/product_cat?post=19346"},{"taxonomy":"product_tag","embeddable":true,"href":"https:\/\/tajkertesz.com\/en_US\/wp-json\/wp\/v2\/product_tag?post=19346"}],"curies":[{"name":"wp","href":"https:\/\/api.w.org\/{rel}","templated":true}]}}