{"id":19352,"date":"2024-02-28T10:07:41","date_gmt":"2024-02-28T10:07:41","guid":{"rendered":"https:\/\/tajkertesz.com\/?post_type=product&#038;p=19352"},"modified":"2025-08-23T13:23:41","modified_gmt":"2025-08-23T13:23:41","slug":"vakond-csapda-swissinno-supercat","status":"publish","type":"product","link":"https:\/\/tajkertesz.com\/en_US\/product\/vakond-csapda-swissinno-supercat\/","title":{"rendered":"Vakond csapda SwissInno\/Supercat"},"content":{"rendered":"<h2>Vakond csapda SwissInno\/Supercat<\/h2>\n<p>Vakond csapda SwissInno\/Supercat<\/p>\n<p><strong>A Swissimo olyan vakond csapd\u00e1t fejlesztett ki<\/strong>, amellyel kik\u00fcsz\u00f6b\u00f6lhet\u0151ek a t\u00f6bbi, piacon tal\u00e1lhat\u00f3 csapda hi\u00e1nyoss\u00e1gai.<br \/>\n<strong>Egyszer\u0171 \u00f6ssze\u00e1ll\u00edt\u00e1s<\/strong>\u00a0m\u00e1sodpercek alatt: h\u00fazzuk ki a rug\u00f3s egys\u00e9get, ameddig lehet, \u00e9s a csapda m\u00e1ris be van \u00e1ll\u00edtva.<br \/>\n&#8211; Gyors \u00e9s egyszer\u0171 haszn\u00e1lat<br \/>\n&#8211; Az alag\u00fat b\u00e1rmelyik ir\u00e1ny\u00e1b\u00f3l m\u0171k\u00f6dik<br \/>\n&#8211; A siker t\u00e1volr\u00f3l l\u00e1that\u00f3<br \/>\n&#8211; Biztons\u00e1gos a felhaszn\u00e1l\u00f3nak, \u00e9s nem<br \/>\nvesz\u00e9lyes a h\u00e1zi\u00e1llatokra<\/p>\n<p>&nbsp;<\/p>\n<ol>\n<li>A vole csapd\u00e1z\u00f3 tartoz\u00e9kk\u00e9szlet\u00a0<strong>k\u00fcl\u00f6n<\/strong>\u00a0kaphat\u00f3,\u00a0\u00a0<strong>amely<\/strong>\u00a0\u00a0egy alag\u00fat helymeghat\u00e1roz\u00f3 szond\u00e1t \u00e9s egy 6 cm-es lyukv\u00e1g\u00f3t tartalmaz.<\/li>\n<li>Alag\u00fat-munka megtal\u00e1l\u00e1sa k\u00e9t f\u00f6lddomb \u00e9s \/ vagy l\u00e1that\u00f3 alag\u00fatny\u00edl\u00e1s k\u00f6z\u00f6tti vonalon, mivel val\u00f3sz\u00edn\u0171, hogy \u00f6sszek\u00f6t\u0151 alag\u00fat van.\u00a0Tolja a szond\u00e1t a\u00a0\u00a0<strong>f\u00f6ldbe<\/strong>\u00a0\u00a0sok helyen, \u00e9s amikor a szonda hirtelen nagyon k\u00f6nnyen a f\u00f6ldbe cs\u00faszik, akkor egy alagutat tal\u00e1l.\u00a0Ide\u00e1lis esetben a csapd\u00e1t ott kell elhelyezni, ahol az alag\u00fat egyenes \u00e9s v\u00edzszintes.\u00a0Teh\u00e1t ellen\u0151rizze, hogy a tart\u00f3zkod\u00e1si helye ide\u00e1lis-e, ha el\u0151tte \u00e9s m\u00f6g\u00f6tte tapogat, mint az \u00f6sszek\u00f6t\u0151 alag\u00fat.<\/li>\n<li>A 6 cm-es furatv\u00e1g\u00f3 seg\u00edts\u00e9g\u00e9vel, csavar\u00e1ssal, v\u00e1gjon le egy sz\u00e9p f\u00fcgg\u0151leges lyukat az alag\u00fatba,\u00a0\u00a0<strong>plusz tov\u00e1bbi 2 cm-<\/strong>\u00a0\u00a0t az alag\u00fat padl\u00f3j\u00e1ba.\u00a0\u00d3vatosan emelje ki a laza talajt az alag\u00fatb\u00f3l, vagy tolja laposan az alag\u00fat padl\u00f3j\u00e1ba.<\/li>\n<li>Helyezze be a csapd\u00e1t a furatba, \u00e9s \u00f3vatosan h\u00fazza felfel\u00e9 a rug\u00f3s foganty\u00fat.\u00a0Ebben a helyzetben r\u00f6gz\u00fcl.\u00a0Gy\u0151z\u0151dj\u00f6n meg arr\u00f3l, hogy a csapdany\u00edl\u00e1sok\u00a0\u00a0\u00a0az alag\u00fattal azonos ir\u00e1nyban\u00a0<strong>futnak<\/strong>\u00a0.<\/li>\n<li>Sz\u00e9tsz\u00f3rja a laza leveleket vagy a f\u00fcvet a csapda k\u00f6r\u00fcl, hogy elz\u00e1rja a huzatot \u00e9s a f\u00e9nyt.\u00a0<i>A\u00a0<\/i>\u00a0<i>csapda most cselekv\u00e9sre \u00e1ll<\/i>\u00a0.\u00a0Legk\u00e9s\u0151bb m\u00e1snap ellen\u0151rizze a csapd\u00e1t.\u00a0Gyakran\u00a0\u00a0<strong>csak n\u00e9h\u00e1ny \u00f3ra alatt fog<\/strong>\u00a0.<\/li>\n<\/ol>\n<p>El\u00e9rhet\u0151 t\u00f6bbf\u00e9le m\u00e9retben \u00e9s \u00e1rban.<\/p>\n<p><strong>K\u00e9szlet\u00fcnk napi szinten v\u00e1ltozik, ez\u00e9rt k\u00e9rj\u00fck, \u00e9rdekl\u0151dj\u00f6n szem\u00e9lyesen, telefonon vagy email-en.<br \/>\nA v\u00e1ltoztat\u00e1s jog\u00e1t fenntartjuk!\u00a0<\/strong><\/p>\n<p>&nbsp;<\/p>\n<p><a href=\"https:\/\/tajkertesz.com\/\">https:\/\/tajkertesz.com\/<\/a><\/p>\n<p><a href=\"https:\/\/www.facebook.com\/tajkertesz\/\">https:\/\/www.facebook.com\/tajkertesz\/<\/a><\/p>\n<p>Kisz\u00e1ll\u00edt\u00e1s: 200cm-ig \u00a0\u00e9s 40 kg-ig a sz\u00e1ll\u00edt\u00e1s fut\u00e1rszolg\u00e1lattal \u00a0t\u00f6rt\u00e9nik.<\/p>\n<p>Szem\u00e9lyes \u00e1tv\u00e9tel nyitvatart\u00e1si id\u0151ben a 17. ker\u00fclet Bakancsos utca 7. sz\u00e1m alatti Kert\u00e9szeti \u00e1rud\u00e1ban.<\/p>\n<p>&nbsp;<\/p>","protected":false},"excerpt":{"rendered":"<h2>Vakond csapda SwissInno\/Supercat<\/h2>\n<p><strong>A Swissimo olyan vakond csapd\u00e1t fejlesztett ki<\/strong>, amellyel kik\u00fcsz\u00f6b\u00f6lhet\u0151ek a t\u00f6bbi, piacon tal\u00e1lhat\u00f3 csapda hi\u00e1nyoss\u00e1gai.<br \/>\n<strong>Egyszer\u0171 \u00f6ssze\u00e1ll\u00edt\u00e1s<\/strong>\u00a0m\u00e1sodpercek alatt: h\u00fazzuk ki a rug\u00f3s egys\u00e9get, ameddig lehet, \u00e9s a csapda m\u00e1ris be van \u00e1ll\u00edtva.<\/p>","protected":false},"featured_media":19353,"template":"","meta":{"_et_pb_use_builder":"","_et_pb_old_content":"","_et_gb_content_width":""},"product_brand":[],"product_cat":[4091],"product_tag":[4985,4984,4979,4982],"class_list":{"0":"post-19352","1":"product","2":"type-product","3":"status-publish","4":"has-post-thumbnail","6":"product_cat-egyeb-csapdak-riasztok","7":"product_tag-ragcsalo-csapda","8":"product_tag-swissinno","9":"product_tag-vakond","10":"product_tag-vakondcsapda","12":"first","13":"instock","14":"shipping-taxable","15":"purchasable","16":"product-type-simple"},"yoast_head":"<!-- This site is optimized with the Yoast SEO plugin v27.6 - https:\/\/yoast.com\/product\/yoast-seo-wordpress\/ -->\n<title>Vakond csapda SwissInno\/Supercat - T\u00e1jkert\u00e9sz<\/title>\n<meta name=\"description\" content=\"Vakond csapda SwissInno\/Supercat. A Swissimo olyan vakond csapd\u00e1t fejlesztett ki, amellyel kik\u00fcsz\u00f6b\u00f6lhet\u0151ek a t\u00f6bbi, piacon tal\u00e1lhat\u00f3 csapda hi\u00e1nyoss\u00e1gai.\" \/>\n<meta name=\"robots\" content=\"index, follow, max-snippet:-1, max-image-preview:large, max-video-preview:-1\" \/>\n<link rel=\"canonical\" href=\"https:\/\/tajkertesz.com\/en_US\/product\/vakond-csapda-swissinno-supercat\/\" \/>\n<meta property=\"og:locale\" content=\"en_US\" \/>\n<meta property=\"og:type\" content=\"article\" \/>\n<meta property=\"og:title\" content=\"Vakond csapda SwissInno\/Supercat - T\u00e1jkert\u00e9sz\" \/>\n<meta property=\"og:description\" content=\"Vakond csapda SwissInno\/Supercat. A Swissimo olyan vakond csapd\u00e1t fejlesztett ki, amellyel kik\u00fcsz\u00f6b\u00f6lhet\u0151ek a t\u00f6bbi, piacon tal\u00e1lhat\u00f3 csapda hi\u00e1nyoss\u00e1gai.\" \/>\n<meta property=\"og:url\" content=\"https:\/\/tajkertesz.com\/en_US\/product\/vakond-csapda-swissinno-supercat\/\" \/>\n<meta property=\"og:site_name\" content=\"T\u00e1jkert\u00e9sz\" \/>\n<meta property=\"article:publisher\" content=\"https:\/\/www.facebook.com\/Tajkertesz\/\" \/>\n<meta property=\"article:modified_time\" content=\"2025-08-23T13:23:41+00:00\" \/>\n<meta property=\"og:image\" content=\"https:\/\/tajkertesz.com\/wp-content\/uploads\/2024\/02\/59c117ff09858118bc72f572ddbfa7a9.jpg\" \/>\n\t<meta property=\"og:image:width\" content=\"570\" \/>\n\t<meta property=\"og:image:height\" content=\"570\" \/>\n\t<meta property=\"og:image:type\" content=\"image\/jpeg\" \/>\n<meta name=\"twitter:card\" content=\"summary_large_image\" \/>\n<meta name=\"twitter:label1\" content=\"Est. reading time\" \/>\n\t<meta name=\"twitter:data1\" content=\"2 minutes\" \/>\n<script type=\"application\/ld+json\" class=\"yoast-schema-graph\">{\"@context\":\"https:\\\/\\\/schema.org\",\"@graph\":[{\"@type\":\"WebPage\",\"@id\":\"https:\\\/\\\/tajkertesz.com\\\/termek\\\/vakond-csapda-swissinno-supercat\\\/\",\"url\":\"https:\\\/\\\/tajkertesz.com\\\/termek\\\/vakond-csapda-swissinno-supercat\\\/\",\"name\":\"Vakond csapda SwissInno\\\/Supercat - T\u00e1jkert\u00e9sz\",\"isPartOf\":{\"@id\":\"https:\\\/\\\/tajkertesz.com\\\/#website\"},\"primaryImageOfPage\":{\"@id\":\"https:\\\/\\\/tajkertesz.com\\\/termek\\\/vakond-csapda-swissinno-supercat\\\/#primaryimage\"},\"image\":{\"@id\":\"https:\\\/\\\/tajkertesz.com\\\/termek\\\/vakond-csapda-swissinno-supercat\\\/#primaryimage\"},\"thumbnailUrl\":\"https:\\\/\\\/tajkertesz.com\\\/wp-content\\\/uploads\\\/2024\\\/02\\\/59c117ff09858118bc72f572ddbfa7a9.jpg\",\"datePublished\":\"2024-02-28T10:07:41+00:00\",\"dateModified\":\"2025-08-23T13:23:41+00:00\",\"description\":\"Vakond csapda SwissInno\\\/Supercat. A Swissimo olyan vakond csapd\u00e1t fejlesztett ki, amellyel kik\u00fcsz\u00f6b\u00f6lhet\u0151ek a t\u00f6bbi, piacon tal\u00e1lhat\u00f3 csapda hi\u00e1nyoss\u00e1gai.\",\"breadcrumb\":{\"@id\":\"https:\\\/\\\/tajkertesz.com\\\/termek\\\/vakond-csapda-swissinno-supercat\\\/#breadcrumb\"},\"inLanguage\":\"en-US\",\"potentialAction\":[{\"@type\":\"ReadAction\",\"target\":[\"https:\\\/\\\/tajkertesz.com\\\/termek\\\/vakond-csapda-swissinno-supercat\\\/\"]}]},{\"@type\":\"ImageObject\",\"inLanguage\":\"en-US\",\"@id\":\"https:\\\/\\\/tajkertesz.com\\\/termek\\\/vakond-csapda-swissinno-supercat\\\/#primaryimage\",\"url\":\"https:\\\/\\\/tajkertesz.com\\\/wp-content\\\/uploads\\\/2024\\\/02\\\/59c117ff09858118bc72f572ddbfa7a9.jpg\",\"contentUrl\":\"https:\\\/\\\/tajkertesz.com\\\/wp-content\\\/uploads\\\/2024\\\/02\\\/59c117ff09858118bc72f572ddbfa7a9.jpg\",\"width\":570,\"height\":570},{\"@type\":\"BreadcrumbList\",\"@id\":\"https:\\\/\\\/tajkertesz.com\\\/termek\\\/vakond-csapda-swissinno-supercat\\\/#breadcrumb\",\"itemListElement\":[{\"@type\":\"ListItem\",\"position\":1,\"name\":\"Home\",\"item\":\"https:\\\/\\\/tajkertesz.com\\\/\"},{\"@type\":\"ListItem\",\"position\":2,\"name\":\"Kezd\u0151lap\",\"item\":\"https:\\\/\\\/tajkertesz.com\\\/\"},{\"@type\":\"ListItem\",\"position\":3,\"name\":\"Vakond csapda SwissInno\\\/Supercat\"}]},{\"@type\":\"WebSite\",\"@id\":\"https:\\\/\\\/tajkertesz.com\\\/#website\",\"url\":\"https:\\\/\\\/tajkertesz.com\\\/\",\"name\":\"T\u00e1j-Kert\u00e9sz 84 Kft.\",\"description\":\"Kert\u00e9szeti kis- \u00e9s nagykeresked\u00e9s, D\u00edszn\u00f6v\u00e9ny web\u00e1ruh\u00e1z orsz\u00e1gos h\u00e1zhozsz\u00e1ll\u00edt\u00e1ssal!\",\"publisher\":{\"@id\":\"https:\\\/\\\/tajkertesz.com\\\/#organization\"},\"potentialAction\":[{\"@type\":\"SearchAction\",\"target\":{\"@type\":\"EntryPoint\",\"urlTemplate\":\"https:\\\/\\\/tajkertesz.com\\\/?s={search_term_string}\"},\"query-input\":{\"@type\":\"PropertyValueSpecification\",\"valueRequired\":true,\"valueName\":\"search_term_string\"}}],\"inLanguage\":\"en-US\"},{\"@type\":\"Organization\",\"@id\":\"https:\\\/\\\/tajkertesz.com\\\/#organization\",\"name\":\"T\u00e1j-Kert\u00e9sz 84 Kft.\",\"url\":\"https:\\\/\\\/tajkertesz.com\\\/\",\"logo\":{\"@type\":\"ImageObject\",\"inLanguage\":\"en-US\",\"@id\":\"https:\\\/\\\/tajkertesz.com\\\/#\\\/schema\\\/logo\\\/image\\\/\",\"url\":\"https:\\\/\\\/tajkertesz.com\\\/wp-content\\\/uploads\\\/2018\\\/02\\\/logo-2-e1518678052539.png\",\"contentUrl\":\"https:\\\/\\\/tajkertesz.com\\\/wp-content\\\/uploads\\\/2018\\\/02\\\/logo-2-e1518678052539.png\",\"width\":81,\"height\":140,\"caption\":\"T\u00e1j-Kert\u00e9sz 84 Kft.\"},\"image\":{\"@id\":\"https:\\\/\\\/tajkertesz.com\\\/#\\\/schema\\\/logo\\\/image\\\/\"},\"sameAs\":[\"https:\\\/\\\/www.facebook.com\\\/Tajkertesz\\\/\"]}]}<\/script>\n<!-- \/ Yoast SEO plugin. -->","yoast_head_json":{"title":"Vakond csapda SwissInno\/Supercat - T\u00e1jkert\u00e9sz","description":"Vakond csapda SwissInno\/Supercat. A Swissimo olyan vakond csapd\u00e1t fejlesztett ki, amellyel kik\u00fcsz\u00f6b\u00f6lhet\u0151ek a t\u00f6bbi, piacon tal\u00e1lhat\u00f3 csapda hi\u00e1nyoss\u00e1gai.","robots":{"index":"index","follow":"follow","max-snippet":"max-snippet:-1","max-image-preview":"max-image-preview:large","max-video-preview":"max-video-preview:-1"},"canonical":"https:\/\/tajkertesz.com\/en_US\/product\/vakond-csapda-swissinno-supercat\/","og_locale":"en_US","og_type":"article","og_title":"Vakond csapda SwissInno\/Supercat - T\u00e1jkert\u00e9sz","og_description":"Vakond csapda SwissInno\/Supercat. A Swissimo olyan vakond csapd\u00e1t fejlesztett ki, amellyel kik\u00fcsz\u00f6b\u00f6lhet\u0151ek a t\u00f6bbi, piacon tal\u00e1lhat\u00f3 csapda hi\u00e1nyoss\u00e1gai.","og_url":"https:\/\/tajkertesz.com\/en_US\/product\/vakond-csapda-swissinno-supercat\/","og_site_name":"T\u00e1jkert\u00e9sz","article_publisher":"https:\/\/www.facebook.com\/Tajkertesz\/","article_modified_time":"2025-08-23T13:23:41+00:00","og_image":[{"width":570,"height":570,"url":"https:\/\/tajkertesz.com\/wp-content\/uploads\/2024\/02\/59c117ff09858118bc72f572ddbfa7a9.jpg","type":"image\/jpeg"}],"twitter_card":"summary_large_image","twitter_misc":{"Est. reading time":"2 minutes"},"schema":{"@context":"https:\/\/schema.org","@graph":[{"@type":"WebPage","@id":"https:\/\/tajkertesz.com\/termek\/vakond-csapda-swissinno-supercat\/","url":"https:\/\/tajkertesz.com\/termek\/vakond-csapda-swissinno-supercat\/","name":"Vakond csapda SwissInno\/Supercat - T\u00e1jkert\u00e9sz","isPartOf":{"@id":"https:\/\/tajkertesz.com\/#website"},"primaryImageOfPage":{"@id":"https:\/\/tajkertesz.com\/termek\/vakond-csapda-swissinno-supercat\/#primaryimage"},"image":{"@id":"https:\/\/tajkertesz.com\/termek\/vakond-csapda-swissinno-supercat\/#primaryimage"},"thumbnailUrl":"https:\/\/tajkertesz.com\/wp-content\/uploads\/2024\/02\/59c117ff09858118bc72f572ddbfa7a9.jpg","datePublished":"2024-02-28T10:07:41+00:00","dateModified":"2025-08-23T13:23:41+00:00","description":"Vakond csapda SwissInno\/Supercat. A Swissimo olyan vakond csapd\u00e1t fejlesztett ki, amellyel kik\u00fcsz\u00f6b\u00f6lhet\u0151ek a t\u00f6bbi, piacon tal\u00e1lhat\u00f3 csapda hi\u00e1nyoss\u00e1gai.","breadcrumb":{"@id":"https:\/\/tajkertesz.com\/termek\/vakond-csapda-swissinno-supercat\/#breadcrumb"},"inLanguage":"en-US","potentialAction":[{"@type":"ReadAction","target":["https:\/\/tajkertesz.com\/termek\/vakond-csapda-swissinno-supercat\/"]}]},{"@type":"ImageObject","inLanguage":"en-US","@id":"https:\/\/tajkertesz.com\/termek\/vakond-csapda-swissinno-supercat\/#primaryimage","url":"https:\/\/tajkertesz.com\/wp-content\/uploads\/2024\/02\/59c117ff09858118bc72f572ddbfa7a9.jpg","contentUrl":"https:\/\/tajkertesz.com\/wp-content\/uploads\/2024\/02\/59c117ff09858118bc72f572ddbfa7a9.jpg","width":570,"height":570},{"@type":"BreadcrumbList","@id":"https:\/\/tajkertesz.com\/termek\/vakond-csapda-swissinno-supercat\/#breadcrumb","itemListElement":[{"@type":"ListItem","position":1,"name":"Home","item":"https:\/\/tajkertesz.com\/"},{"@type":"ListItem","position":2,"name":"Kezd\u0151lap","item":"https:\/\/tajkertesz.com\/"},{"@type":"ListItem","position":3,"name":"Vakond csapda SwissInno\/Supercat"}]},{"@type":"WebSite","@id":"https:\/\/tajkertesz.com\/#website","url":"https:\/\/tajkertesz.com\/","name":"T\u00e1j-Kert\u00e9sz 84 Kft.","description":"Kert\u00e9szeti kis- \u00e9s nagykeresked\u00e9s, D\u00edszn\u00f6v\u00e9ny web\u00e1ruh\u00e1z orsz\u00e1gos h\u00e1zhozsz\u00e1ll\u00edt\u00e1ssal!","publisher":{"@id":"https:\/\/tajkertesz.com\/#organization"},"potentialAction":[{"@type":"SearchAction","target":{"@type":"EntryPoint","urlTemplate":"https:\/\/tajkertesz.com\/?s={search_term_string}"},"query-input":{"@type":"PropertyValueSpecification","valueRequired":true,"valueName":"search_term_string"}}],"inLanguage":"en-US"},{"@type":"Organization","@id":"https:\/\/tajkertesz.com\/#organization","name":"T\u00e1j-Kert\u00e9sz 84 Kft.","url":"https:\/\/tajkertesz.com\/","logo":{"@type":"ImageObject","inLanguage":"en-US","@id":"https:\/\/tajkertesz.com\/#\/schema\/logo\/image\/","url":"https:\/\/tajkertesz.com\/wp-content\/uploads\/2018\/02\/logo-2-e1518678052539.png","contentUrl":"https:\/\/tajkertesz.com\/wp-content\/uploads\/2018\/02\/logo-2-e1518678052539.png","width":81,"height":140,"caption":"T\u00e1j-Kert\u00e9sz 84 Kft."},"image":{"@id":"https:\/\/tajkertesz.com\/#\/schema\/logo\/image\/"},"sameAs":["https:\/\/www.facebook.com\/Tajkertesz\/"]}]}},"_links":{"self":[{"href":"https:\/\/tajkertesz.com\/en_US\/wp-json\/wp\/v2\/product\/19352","targetHints":{"allow":["GET"]}}],"collection":[{"href":"https:\/\/tajkertesz.com\/en_US\/wp-json\/wp\/v2\/product"}],"about":[{"href":"https:\/\/tajkertesz.com\/en_US\/wp-json\/wp\/v2\/types\/product"}],"wp:featuredmedia":[{"embeddable":true,"href":"https:\/\/tajkertesz.com\/en_US\/wp-json\/wp\/v2\/media\/19353"}],"wp:attachment":[{"href":"https:\/\/tajkertesz.com\/en_US\/wp-json\/wp\/v2\/media?parent=19352"}],"wp:term":[{"taxonomy":"product_brand","embeddable":true,"href":"https:\/\/tajkertesz.com\/en_US\/wp-json\/wp\/v2\/product_brand?post=19352"},{"taxonomy":"product_cat","embeddable":true,"href":"https:\/\/tajkertesz.com\/en_US\/wp-json\/wp\/v2\/product_cat?post=19352"},{"taxonomy":"product_tag","embeddable":true,"href":"https:\/\/tajkertesz.com\/en_US\/wp-json\/wp\/v2\/product_tag?post=19352"}],"curies":[{"name":"wp","href":"https:\/\/api.w.org\/{rel}","templated":true}]}}