{"id":19356,"date":"2024-02-28T10:50:30","date_gmt":"2024-02-28T10:50:30","guid":{"rendered":"https:\/\/tajkertesz.com\/?post_type=product&#038;p=19356"},"modified":"2026-02-12T15:27:46","modified_gmt":"2026-02-12T15:27:46","slug":"granucol-ge-aktivszen","status":"publish","type":"product","link":"https:\/\/tajkertesz.com\/en_US\/product\/granucol-ge-aktivszen\/","title":{"rendered":"Granucol Ge\/akt\u00edvsz\u00e9n"},"content":{"rendered":"<h2>Granucol Ge\/akt\u00edvsz\u00e9n<\/h2>\n<p>Granucol Ge\/akt\u00edvsz\u00e9n<\/p>\n<p style=\"font-weight: 400;\">Kezel\u00e9si c\u00e9l<\/p>\n<p style=\"font-weight: 400;\">Az egyes Granucol\u00ae- t\u00edpusokat a k\u00f6vetkez\u0151 kezel\u00e9si c\u00e9lokra aj\u00e1nljuk:<\/p>\n<ul>\n<li style=\"font-weight: 400;\">Granucol GE:\u00a0\u00a0 nemk\u00edv\u00e1natos \u00edz- \u00e9s illatanyagok adszorpci\u00f3j\u00e1ra<\/li>\n<li style=\"font-weight: 400;\">Granucol FA:\u00a0\u00a0 barnat\u00f6r\u00e9s okozta v\u00f6r\u00f6sbe hajl\u00f3 sz\u00ednelv\u00e1ltoz\u00e1sok elt\u00e1vol\u00edt\u00e1s\u00e1ra<\/li>\n<\/ul>\n<p style=\"font-weight: 400;\">\n<p style=\"font-weight: 400;\">A term\u00e9k \u00e9s hat\u00e1sa<\/p>\n<p style=\"font-weight: 400;\">A Granucol\u00ae k\u00f6nnyed alkalmaz\u00e1s\u00e1val a nemk\u00edv\u00e1natos sz\u00edn-, \u00edz- vagy illatanyagok szelekt\u00edv m\u00f3don elt\u00e1vol\u00edthat\u00f3ak. A speci\u00e1lis gy\u00e1rt\u00e1si elj\u00e1r\u00e1s sor\u00e1n az akt\u00edv sz\u00e9n legfinomabb r\u00e9szecsk\u00e9it a teljes adszorpci\u00f3s hat\u00e1s megtart\u00e1sa mellett megk\u00f6tik; \u00edgy a kezel\u00e9s ut\u00e1n a lev\u00e1laszt\u00e1s gyorsan megt\u00f6rt\u00e9nik, \u00e9s az italok bouquet-ja \u00e9rintetlen marad.<\/p>\n<p style=\"font-weight: 400;\">Az egyes Granucol\u00ae- t\u00edpusok szelekt\u00edven hatnak a nemk\u00edv\u00e1natos \u00edz- \u00e9s illatanyagokra, valamint cs\u00f6kkentik a t\u00falzott sz\u00ednanyagtartalmat. A Granucol\u00ae nemcsak meglehet\u0151sen gyorsan, hanem j\u00f3l is \u00fclepszik. Kombin\u00e1lt kezel\u00e9s eset\u00e9n a Granucol\u00ae-t kell el\u0151sz\u00f6r adagolni, \u00edgy az ezt k\u00f6vet\u0151 zselatin-kovasavszolos kezel\u00e9s mind az \u00fcleped\u00e9st, mind a sz\u0171rhet\u0151s\u00e9get jav\u00edtja.<\/p>\n<p style=\"font-weight: 400;\">Alkalmaz\u00e1sa<\/p>\n<p style=\"font-weight: 400;\">Granucol\u00ae-t borhoz, gy\u00fcm\u00f6lcslevekhez, vagy m\u00e1s italokhoz k\u00f6zvetlen\u00fcl, el\u0151zetes felold\u00e1s n\u00e9lk\u00fcl adagoljuk. A hozz\u00e1ad\u00e1st k\u00f6vet\u0151en azonnal megkezd\u0151dik az egyes pelletek eloszl\u00e1sa.<\/p>\n<p style=\"font-weight: 400;\">Ezut\u00e1n a kezelend\u0151 italt perceken \u00e1t intenz\u00edven keverj\u00fck. K\u00e9s\u0151bb aj\u00e1nlatos m\u00e9g r\u00f6vid id\u0151k\u00f6z\u00f6nk\u00e9nt 2-3-szor \u00fajra \u00e1tkeverni. Az adszorpci\u00f3 m\u00e1r n\u00e9h\u00e1ny \u00f3ra alatt, de egy nap eltelt\u00e9vel biztosan lezajlik.<\/p>\n<p style=\"font-weight: 400;\">Ezut\u00e1n az akt\u00edvsz\u00e9n-\u00fcled\u00e9kr\u0151l a bort mihamarabb le kell fejteni. Iszapol\u00e1sos sz\u0171r\u00e9sn\u00e9l a Granucol\u00ae folyamatosan, a sz\u0171r\u00e9si seg\u00e9danyaggal egy\u00fctt adagolhat\u00f3. Az optim\u00e1lis adagol\u00e1si mennyis\u00e9gek meghat\u00e1roz\u00e1s\u00e1hoz el\u0151k\u00eds\u00e9rleteket aj\u00e1nlatos v\u00e9gezni. Ir\u00e1ny\u00e9rt\u00e9kk\u00e9nt a k\u00f6vetkez\u0151 adagol\u00e1si mennyis\u00e9geket aj\u00e1nljuk:<\/p>\n<ol>\n<li style=\"font-weight: 400;\">Borok, mustkoncentr\u00e1tumok \u00e9s gy\u00fcm\u00f6lcslevek kezel\u00e9se:<\/li>\n<li style=\"font-weight: 400;\">a)\u00a0\u00a0\u00a0\u00a0\u00a0\u00a0 Enyhe pen\u00e9sz-, rothadt-, hord\u00f3-, dug\u00f3-, vad\u00e9leszt\u0151-, vagy egy\u00e9b idegen \u00edz, vagy illat eset\u00e9n: 10-40 g Granucol\u00ae GE\/100 l. Bakszag\u00fa (k\u00e9nhidrog\u00e9n szag) idegen \u00edzek, enyhe f\u00e1radt olaj-, vagy petr\u00f3leumszag eset\u00e9n: 20-60 g\/100 l Granucol\u00ae GE. Nagyobb mennyis\u00e9g\u0171 Granucol\u00ae adagol\u00e1sa az ital tulajdons\u00e1gait nagym\u00e9rt\u00e9kben befoly\u00e1solhatja, ez\u00e9rt el\u0151fordulhat, hogy a kezelt ital h\u00e1zas\u00edt\u00e1sa lesz sz\u00fcks\u00e9ges.\u00a0 A fagy okozta, \u00e9vj\u00e1rati eredet\u0171, vagy szokatlan \u00edzeket legc\u00e9lszer\u0171bb m\u00e9g must-st\u00e1diumban elt\u00e1vol\u00edtani (az idegen \u00edz er\u0151ss\u00e9g\u00e9t\u0151l f\u00fcgg\u0151en 50-100 g Granucol\u00ae GE\/100 l adagol\u00e1s\u00e1val). Rothadt sz\u0151l\u0151n\u00e9l a k\u00f6vetkez\u0151 szab\u00e1ly k\u00f6vethet\u0151: a rothadt sz\u0151l\u0151 %-nak megfelel\u0151en 1 g\/100 l Granucol\u00ae GE. Kombin\u00e1lva Seporit PORE-TEC-el \u00e9s Mostgelatine-nal tiszta bort kapunk.<\/li>\n<li style=\"font-weight: 400;\">b)\u00a0\u00a0\u00a0\u00a0\u00a0\u00a0 Sz\u00ednkorrekci\u00f3 eset\u00e9n \u00e1ltal\u00e1ban &#8211; a sz\u00edner\u0151ss\u00e9gt\u0151l f\u00fcgg\u0151en &#8211; 10-30 g Granucol\u00ae FA\/100 l adagol\u00e1sa elegend\u0151.<\/li>\n<li style=\"font-weight: 400;\">\u00c9getett szeszes italok \u00e9s borp\u00e1rlatok kezel\u00e9se:<\/li>\n<li style=\"font-weight: 400;\">a)\u00a0\u00a0\u00a0\u00a0\u00a0\u00a0\u00a0 Zavar\u00f3 \u00edz- \u00e9s illatkomponensek jelenl\u00e9te eset\u00e9n aj\u00e1nlatos \u2013 a zavar\u00f3 hat\u00e1sok er\u0151ss\u00e9g\u00e9t\u0151l f\u00fcgg\u0151en &#8211; a Granucol\u00ae GE-vel t\u00f6rt\u00e9n\u0151 kezel\u00e9s. Kozm\u00e1s \u00edz elt\u00e1vol\u00edt\u00e1s\u00e1ra, vagy \u00edz lekerek\u00edt\u00e9sre a legt\u00f6bb esetben el\u00e9gs\u00e9ges a minim\u00e1lis 50-100 g Granucol\u00ae GE\/100 l adagol\u00e1sa.<\/li>\n<li style=\"font-weight: 400;\">b)\u00a0\u00a0\u00a0\u00a0\u00a0\u00a0\u00a0 Sz\u00edntelen\u00edt\u00e9sre \u00e1ltal\u00e1ban 50-100 g Granucol\u00ae FA\/100 l sz\u00fcks\u00e9ges. A kezel\u00e9seket a fogyaszt\u00e1si koncentr\u00e1ci\u00f3n (max. 55 t\u00e9rf.%) kell elv\u00e9gezni.<\/li>\n<\/ol>\n<p style=\"font-weight: 400;\">T\u00e1rol\u00e1sa<\/p>\n<p style=\"font-weight: 400;\">A term\u00e9ket idegen szagt\u00f3l \u00e9s nedvess\u00e9gt\u0151l \u00f3vni kell. A felbontott csomagokat azonnal gondosan z\u00e1rjuk vissza.<\/p>\n<p>El\u00e9rhet\u0151 t\u00f6bbf\u00e9le m\u00e9retben \u00e9s \u00e1rban.<\/p>\n<p><strong>K\u00e9szlet\u00fcnk napi szinten v\u00e1ltozik, ez\u00e9rt k\u00e9rj\u00fck, \u00e9rdekl\u0151dj\u00f6n szem\u00e9lyesen, telefonon vagy email-en.<br \/>\nA v\u00e1ltoztat\u00e1s jog\u00e1t fenntartjuk!\u00a0<\/strong><\/p>\n<p><a href=\"https:\/\/tajkertesz.com\/\">https:\/\/tajkertesz.com\/<\/a><\/p>\n<p><a href=\"https:\/\/www.facebook.com\/tajkertesz\/\">https:\/\/www.facebook.com\/tajkertesz\/<\/a><\/p>\n<p>Kisz\u00e1ll\u00edt\u00e1s: 200cm-ig \u00a0\u00e9s 40 kg-ig a sz\u00e1ll\u00edt\u00e1s fut\u00e1rszolg\u00e1lattal \u00a0t\u00f6rt\u00e9nik.<\/p>\n<p>Szem\u00e9lyes \u00e1tv\u00e9tel nyitvatart\u00e1si id\u0151ben a 17. ker\u00fclet Bakancsos utca 7. sz\u00e1m alatti Kert\u00e9szeti \u00e1rud\u00e1ban.<\/p>","protected":false},"excerpt":{"rendered":"<h2>Granucol Ge\/akt\u00edvsz\u00e9n<\/h2>\n<h4><i>R\u00f6vid ismertet\u00e9se:<\/i><\/h4>\n<p style=\"font-weight: 400;\">Granucol GE:\u00a0\u00a0 nemk\u00edv\u00e1natos \u00edz- \u00e9s illatanyagok adszorpci\u00f3j\u00e1ra<\/p>\n<p>A k\u00fcl\u00f6nb\u00f6z\u0151 t\u00edpus\u00fa Granucol\u00ae-ok mind n\u00f6v\u00e9nyi eredet\u0171 granul\u00e1lt akt\u00edvszenek. Gy\u00e1rt\u00e1suk minden esetben por\u00edtott akt\u00edv sz\u00e9nb\u0151l indul ki, \u00e9s a t\u00edpust\u00f3l f\u00fcgg\u0151en v\u00e1ltozik a k\u00fcl\u00f6nb\u00f6z\u0151 granul\u00e1tumok bels\u0151 fel\u00fclete \u00e9s fajlagos adszorpci\u00f3s k\u00e9pess\u00e9ge. A speci\u00e1lis gy\u00e1rt\u00e1si technol\u00f3gi\u00e1nak k\u00f6sz\u00f6nhet\u0151en t\u00f6k\u00e9letesen elk\u00fcl\u00f6n\u00fclnek egym\u00e1st\u00f3l az egyes pelletek. A jelenleg hat\u00e1lyos t\u00f6rv\u00e9nyek \u00e9s rendelkez\u00e9sek szerint enged\u00e9lyezett, tisztas\u00e1g \u00e9s min\u0151s\u00e9g tekintet\u00e9ben szaklaborat\u00f3riumban bevizsg\u00e1lt term\u00e9k.<\/p>\n<p>&nbsp;<\/p>","protected":false},"featured_media":19357,"template":"","meta":{"_et_pb_use_builder":"","_et_pb_old_content":"","_et_gb_content_width":""},"product_brand":[],"product_cat":[4314],"product_tag":[4988,4989,4987],"class_list":{"0":"post-19356","1":"product","2":"type-product","3":"status-publish","4":"has-post-thumbnail","6":"product_cat-boraszati-es-elelmiszeripari-termekek","7":"product_tag-aktiv-szen","8":"product_tag-granucol","9":"product_tag-szen","11":"first","12":"instock","13":"shipping-taxable","14":"purchasable","15":"product-type-simple"},"yoast_head":"<!-- This site is optimized with the Yoast SEO plugin v27.5 - https:\/\/yoast.com\/product\/yoast-seo-wordpress\/ -->\n<title>Granucol Ge\/akt\u00edvsz\u00e9n - T\u00e1jkert\u00e9sz<\/title>\n<meta name=\"description\" content=\"Granucol Ge\/akt\u00edvsz\u00e9n. Granucol\u00ae-t borhoz, gy\u00fcm\u00f6lcslevekhez, vagy m\u00e1s italokhoz k\u00f6zvetlen\u00fcl, el\u0151zetes felold\u00e1s n\u00e9lk\u00fcl adagoljuk.\" \/>\n<meta name=\"robots\" content=\"index, follow, max-snippet:-1, max-image-preview:large, max-video-preview:-1\" \/>\n<link rel=\"canonical\" href=\"https:\/\/tajkertesz.com\/en_US\/product\/granucol-ge-aktivszen\/\" \/>\n<meta property=\"og:locale\" content=\"en_US\" \/>\n<meta property=\"og:type\" content=\"article\" \/>\n<meta property=\"og:title\" content=\"Granucol Ge\/akt\u00edvsz\u00e9n - T\u00e1jkert\u00e9sz\" \/>\n<meta property=\"og:description\" content=\"Granucol Ge\/akt\u00edvsz\u00e9n. Granucol\u00ae-t borhoz, gy\u00fcm\u00f6lcslevekhez, vagy m\u00e1s italokhoz k\u00f6zvetlen\u00fcl, el\u0151zetes felold\u00e1s n\u00e9lk\u00fcl adagoljuk.\" \/>\n<meta property=\"og:url\" content=\"https:\/\/tajkertesz.com\/en_US\/product\/granucol-ge-aktivszen\/\" \/>\n<meta property=\"og:site_name\" content=\"T\u00e1jkert\u00e9sz\" \/>\n<meta property=\"article:publisher\" content=\"https:\/\/www.facebook.com\/Tajkertesz\/\" \/>\n<meta property=\"article:modified_time\" content=\"2026-02-12T15:27:46+00:00\" \/>\n<meta property=\"og:image\" content=\"https:\/\/tajkertesz.com\/wp-content\/uploads\/2024\/02\/gran5101.jpg\" \/>\n\t<meta property=\"og:image:width\" content=\"940\" \/>\n\t<meta property=\"og:image:height\" content=\"788\" \/>\n\t<meta property=\"og:image:type\" content=\"image\/jpeg\" \/>\n<meta name=\"twitter:card\" content=\"summary_large_image\" \/>\n<meta name=\"twitter:label1\" content=\"Est. reading time\" \/>\n\t<meta name=\"twitter:data1\" content=\"3 minutes\" \/>\n<script type=\"application\/ld+json\" class=\"yoast-schema-graph\">{\"@context\":\"https:\\\/\\\/schema.org\",\"@graph\":[{\"@type\":\"WebPage\",\"@id\":\"https:\\\/\\\/tajkertesz.com\\\/termek\\\/granucol-ge-aktivszen\\\/\",\"url\":\"https:\\\/\\\/tajkertesz.com\\\/termek\\\/granucol-ge-aktivszen\\\/\",\"name\":\"Granucol Ge\\\/akt\u00edvsz\u00e9n - T\u00e1jkert\u00e9sz\",\"isPartOf\":{\"@id\":\"https:\\\/\\\/tajkertesz.com\\\/#website\"},\"primaryImageOfPage\":{\"@id\":\"https:\\\/\\\/tajkertesz.com\\\/termek\\\/granucol-ge-aktivszen\\\/#primaryimage\"},\"image\":{\"@id\":\"https:\\\/\\\/tajkertesz.com\\\/termek\\\/granucol-ge-aktivszen\\\/#primaryimage\"},\"thumbnailUrl\":\"https:\\\/\\\/tajkertesz.com\\\/wp-content\\\/uploads\\\/2024\\\/02\\\/gran5101.jpg\",\"datePublished\":\"2024-02-28T10:50:30+00:00\",\"dateModified\":\"2026-02-12T15:27:46+00:00\",\"description\":\"Granucol Ge\\\/akt\u00edvsz\u00e9n. Granucol\u00ae-t borhoz, gy\u00fcm\u00f6lcslevekhez, vagy m\u00e1s italokhoz k\u00f6zvetlen\u00fcl, el\u0151zetes felold\u00e1s n\u00e9lk\u00fcl adagoljuk.\",\"breadcrumb\":{\"@id\":\"https:\\\/\\\/tajkertesz.com\\\/termek\\\/granucol-ge-aktivszen\\\/#breadcrumb\"},\"inLanguage\":\"en-US\",\"potentialAction\":[{\"@type\":\"ReadAction\",\"target\":[\"https:\\\/\\\/tajkertesz.com\\\/termek\\\/granucol-ge-aktivszen\\\/\"]}]},{\"@type\":\"ImageObject\",\"inLanguage\":\"en-US\",\"@id\":\"https:\\\/\\\/tajkertesz.com\\\/termek\\\/granucol-ge-aktivszen\\\/#primaryimage\",\"url\":\"https:\\\/\\\/tajkertesz.com\\\/wp-content\\\/uploads\\\/2024\\\/02\\\/gran5101.jpg\",\"contentUrl\":\"https:\\\/\\\/tajkertesz.com\\\/wp-content\\\/uploads\\\/2024\\\/02\\\/gran5101.jpg\",\"width\":940,\"height\":788},{\"@type\":\"BreadcrumbList\",\"@id\":\"https:\\\/\\\/tajkertesz.com\\\/termek\\\/granucol-ge-aktivszen\\\/#breadcrumb\",\"itemListElement\":[{\"@type\":\"ListItem\",\"position\":1,\"name\":\"Home\",\"item\":\"https:\\\/\\\/tajkertesz.com\\\/\"},{\"@type\":\"ListItem\",\"position\":2,\"name\":\"Kezd\u0151lap\",\"item\":\"https:\\\/\\\/tajkertesz.com\\\/\"},{\"@type\":\"ListItem\",\"position\":3,\"name\":\"Granucol Ge\\\/akt\u00edvsz\u00e9n\"}]},{\"@type\":\"WebSite\",\"@id\":\"https:\\\/\\\/tajkertesz.com\\\/#website\",\"url\":\"https:\\\/\\\/tajkertesz.com\\\/\",\"name\":\"T\u00e1j-Kert\u00e9sz 84 Kft.\",\"description\":\"Kert\u00e9szeti kis- \u00e9s nagykeresked\u00e9s, D\u00edszn\u00f6v\u00e9ny web\u00e1ruh\u00e1z orsz\u00e1gos h\u00e1zhozsz\u00e1ll\u00edt\u00e1ssal!\",\"publisher\":{\"@id\":\"https:\\\/\\\/tajkertesz.com\\\/#organization\"},\"potentialAction\":[{\"@type\":\"SearchAction\",\"target\":{\"@type\":\"EntryPoint\",\"urlTemplate\":\"https:\\\/\\\/tajkertesz.com\\\/?s={search_term_string}\"},\"query-input\":{\"@type\":\"PropertyValueSpecification\",\"valueRequired\":true,\"valueName\":\"search_term_string\"}}],\"inLanguage\":\"en-US\"},{\"@type\":\"Organization\",\"@id\":\"https:\\\/\\\/tajkertesz.com\\\/#organization\",\"name\":\"T\u00e1j-Kert\u00e9sz 84 Kft.\",\"url\":\"https:\\\/\\\/tajkertesz.com\\\/\",\"logo\":{\"@type\":\"ImageObject\",\"inLanguage\":\"en-US\",\"@id\":\"https:\\\/\\\/tajkertesz.com\\\/#\\\/schema\\\/logo\\\/image\\\/\",\"url\":\"https:\\\/\\\/tajkertesz.com\\\/wp-content\\\/uploads\\\/2018\\\/02\\\/logo-2-e1518678052539.png\",\"contentUrl\":\"https:\\\/\\\/tajkertesz.com\\\/wp-content\\\/uploads\\\/2018\\\/02\\\/logo-2-e1518678052539.png\",\"width\":81,\"height\":140,\"caption\":\"T\u00e1j-Kert\u00e9sz 84 Kft.\"},\"image\":{\"@id\":\"https:\\\/\\\/tajkertesz.com\\\/#\\\/schema\\\/logo\\\/image\\\/\"},\"sameAs\":[\"https:\\\/\\\/www.facebook.com\\\/Tajkertesz\\\/\"]}]}<\/script>\n<!-- \/ Yoast SEO plugin. -->","yoast_head_json":{"title":"Granucol Ge\/akt\u00edvsz\u00e9n - T\u00e1jkert\u00e9sz","description":"Granucol Ge\/akt\u00edvsz\u00e9n. Granucol\u00ae-t borhoz, gy\u00fcm\u00f6lcslevekhez, vagy m\u00e1s italokhoz k\u00f6zvetlen\u00fcl, el\u0151zetes felold\u00e1s n\u00e9lk\u00fcl adagoljuk.","robots":{"index":"index","follow":"follow","max-snippet":"max-snippet:-1","max-image-preview":"max-image-preview:large","max-video-preview":"max-video-preview:-1"},"canonical":"https:\/\/tajkertesz.com\/en_US\/product\/granucol-ge-aktivszen\/","og_locale":"en_US","og_type":"article","og_title":"Granucol Ge\/akt\u00edvsz\u00e9n - T\u00e1jkert\u00e9sz","og_description":"Granucol Ge\/akt\u00edvsz\u00e9n. Granucol\u00ae-t borhoz, gy\u00fcm\u00f6lcslevekhez, vagy m\u00e1s italokhoz k\u00f6zvetlen\u00fcl, el\u0151zetes felold\u00e1s n\u00e9lk\u00fcl adagoljuk.","og_url":"https:\/\/tajkertesz.com\/en_US\/product\/granucol-ge-aktivszen\/","og_site_name":"T\u00e1jkert\u00e9sz","article_publisher":"https:\/\/www.facebook.com\/Tajkertesz\/","article_modified_time":"2026-02-12T15:27:46+00:00","og_image":[{"width":940,"height":788,"url":"https:\/\/tajkertesz.com\/wp-content\/uploads\/2024\/02\/gran5101.jpg","type":"image\/jpeg"}],"twitter_card":"summary_large_image","twitter_misc":{"Est. reading time":"3 minutes"},"schema":{"@context":"https:\/\/schema.org","@graph":[{"@type":"WebPage","@id":"https:\/\/tajkertesz.com\/termek\/granucol-ge-aktivszen\/","url":"https:\/\/tajkertesz.com\/termek\/granucol-ge-aktivszen\/","name":"Granucol Ge\/akt\u00edvsz\u00e9n - T\u00e1jkert\u00e9sz","isPartOf":{"@id":"https:\/\/tajkertesz.com\/#website"},"primaryImageOfPage":{"@id":"https:\/\/tajkertesz.com\/termek\/granucol-ge-aktivszen\/#primaryimage"},"image":{"@id":"https:\/\/tajkertesz.com\/termek\/granucol-ge-aktivszen\/#primaryimage"},"thumbnailUrl":"https:\/\/tajkertesz.com\/wp-content\/uploads\/2024\/02\/gran5101.jpg","datePublished":"2024-02-28T10:50:30+00:00","dateModified":"2026-02-12T15:27:46+00:00","description":"Granucol Ge\/akt\u00edvsz\u00e9n. Granucol\u00ae-t borhoz, gy\u00fcm\u00f6lcslevekhez, vagy m\u00e1s italokhoz k\u00f6zvetlen\u00fcl, el\u0151zetes felold\u00e1s n\u00e9lk\u00fcl adagoljuk.","breadcrumb":{"@id":"https:\/\/tajkertesz.com\/termek\/granucol-ge-aktivszen\/#breadcrumb"},"inLanguage":"en-US","potentialAction":[{"@type":"ReadAction","target":["https:\/\/tajkertesz.com\/termek\/granucol-ge-aktivszen\/"]}]},{"@type":"ImageObject","inLanguage":"en-US","@id":"https:\/\/tajkertesz.com\/termek\/granucol-ge-aktivszen\/#primaryimage","url":"https:\/\/tajkertesz.com\/wp-content\/uploads\/2024\/02\/gran5101.jpg","contentUrl":"https:\/\/tajkertesz.com\/wp-content\/uploads\/2024\/02\/gran5101.jpg","width":940,"height":788},{"@type":"BreadcrumbList","@id":"https:\/\/tajkertesz.com\/termek\/granucol-ge-aktivszen\/#breadcrumb","itemListElement":[{"@type":"ListItem","position":1,"name":"Home","item":"https:\/\/tajkertesz.com\/"},{"@type":"ListItem","position":2,"name":"Kezd\u0151lap","item":"https:\/\/tajkertesz.com\/"},{"@type":"ListItem","position":3,"name":"Granucol Ge\/akt\u00edvsz\u00e9n"}]},{"@type":"WebSite","@id":"https:\/\/tajkertesz.com\/#website","url":"https:\/\/tajkertesz.com\/","name":"T\u00e1j-Kert\u00e9sz 84 Kft.","description":"Kert\u00e9szeti kis- \u00e9s nagykeresked\u00e9s, D\u00edszn\u00f6v\u00e9ny web\u00e1ruh\u00e1z orsz\u00e1gos h\u00e1zhozsz\u00e1ll\u00edt\u00e1ssal!","publisher":{"@id":"https:\/\/tajkertesz.com\/#organization"},"potentialAction":[{"@type":"SearchAction","target":{"@type":"EntryPoint","urlTemplate":"https:\/\/tajkertesz.com\/?s={search_term_string}"},"query-input":{"@type":"PropertyValueSpecification","valueRequired":true,"valueName":"search_term_string"}}],"inLanguage":"en-US"},{"@type":"Organization","@id":"https:\/\/tajkertesz.com\/#organization","name":"T\u00e1j-Kert\u00e9sz 84 Kft.","url":"https:\/\/tajkertesz.com\/","logo":{"@type":"ImageObject","inLanguage":"en-US","@id":"https:\/\/tajkertesz.com\/#\/schema\/logo\/image\/","url":"https:\/\/tajkertesz.com\/wp-content\/uploads\/2018\/02\/logo-2-e1518678052539.png","contentUrl":"https:\/\/tajkertesz.com\/wp-content\/uploads\/2018\/02\/logo-2-e1518678052539.png","width":81,"height":140,"caption":"T\u00e1j-Kert\u00e9sz 84 Kft."},"image":{"@id":"https:\/\/tajkertesz.com\/#\/schema\/logo\/image\/"},"sameAs":["https:\/\/www.facebook.com\/Tajkertesz\/"]}]}},"_links":{"self":[{"href":"https:\/\/tajkertesz.com\/en_US\/wp-json\/wp\/v2\/product\/19356","targetHints":{"allow":["GET"]}}],"collection":[{"href":"https:\/\/tajkertesz.com\/en_US\/wp-json\/wp\/v2\/product"}],"about":[{"href":"https:\/\/tajkertesz.com\/en_US\/wp-json\/wp\/v2\/types\/product"}],"wp:featuredmedia":[{"embeddable":true,"href":"https:\/\/tajkertesz.com\/en_US\/wp-json\/wp\/v2\/media\/19357"}],"wp:attachment":[{"href":"https:\/\/tajkertesz.com\/en_US\/wp-json\/wp\/v2\/media?parent=19356"}],"wp:term":[{"taxonomy":"product_brand","embeddable":true,"href":"https:\/\/tajkertesz.com\/en_US\/wp-json\/wp\/v2\/product_brand?post=19356"},{"taxonomy":"product_cat","embeddable":true,"href":"https:\/\/tajkertesz.com\/en_US\/wp-json\/wp\/v2\/product_cat?post=19356"},{"taxonomy":"product_tag","embeddable":true,"href":"https:\/\/tajkertesz.com\/en_US\/wp-json\/wp\/v2\/product_tag?post=19356"}],"curies":[{"name":"wp","href":"https:\/\/api.w.org\/{rel}","templated":true}]}}