{"id":19396,"date":"2024-03-02T09:32:17","date_gmt":"2024-03-02T09:32:17","guid":{"rendered":"https:\/\/tajkertesz.com\/?post_type=product&#038;p=19396"},"modified":"2026-02-12T15:26:42","modified_gmt":"2026-02-12T15:26:42","slug":"voroskaposzta-rufus-vetomag","status":"publish","type":"product","link":"https:\/\/tajkertesz.com\/en_US\/product\/voroskaposzta-rufus-vetomag\/","title":{"rendered":"V\u00f6r\u00f6sk\u00e1poszta Rufus vet\u0151mag"},"content":{"rendered":"<h1>V\u00f6r\u00f6sk\u00e1poszta Rufus vet\u0151mag<\/h1>\n<p>V\u00f6r\u00f6sk\u00e1poszta Rufus vet\u0151mag<\/p>\n<p><strong>Rufus:<\/strong>\u00a0K\u00f6z\u00e9pkorai, j\u00f3 term\u0151k\u00e9pess\u00e9g\u0171 fajta, t\u00e1rol\u00e1sra \u00e9s friss fogyaszt\u00e1sra egyar\u00e1nt alkalmas. A fej 1,3-2 kg \u00e1tlagt\u00f6meg\u0171, megny\u00falt g\u00f6mb alak\u00fa, s\u00f6t\u00e9tlila sz\u00edn\u0171.<\/p>\n<p>A fejes k\u00e1poszta f\u00e9nyig\u00e9nyes n\u00f6v\u00e9ny napos, vil\u00e1gos helyen termeszthet\u0151 sikerrel. Talajok k\u00f6z\u00fcl a t\u00e1panyagban, humuszban gazdag, j\u00f3 v\u00edzell\u00e1t\u00e1s\u00fa, porhany\u00f3s fels\u0151 talajr\u00e9teg\u0171 talajokat szereti legink\u00e1bb.<\/p>\n<p>T\u00e1panyagig\u00e9nyes n\u00f6v\u00e9ny, magas a nitrog\u00e9n sz\u00fcks\u00e9glete.<\/p>\n<p>Az \u0151szi id\u0151szakban, az alaptr\u00e1gy\u00e1z\u00e1s sor\u00e1n szerves tr\u00e1gy\u00e1t, foszfortartalm\u00fa m\u0171tr\u00e1gy\u00e1t \u00e9s a k\u00e1lium 70%-\u00e1t juttassuk ki a talajba. Az \u00fcltet\u00e9s el\u0151tt v\u00e9gezz\u00fck el az ind\u00edt\u00f3tr\u00e1gy\u00e1z\u00e1st, ekkor a k\u00e1lium t\u00f6bbi r\u00e9sze \u00e9s a nitrog\u00e9n 30%-a ker\u00fcl kijuttat\u00e1sra.<\/p>\n<p>A fejtr\u00e1gy\u00e1z\u00e1s sor\u00e1n juttathatunk ki nitrog\u00e9nt, korai termeszt\u00e9s eset\u00e9n egyn\u00e9l t\u00f6bbsz\u00f6r ne fejtr\u00e1gy\u00e1zzunk, ny\u00e1ri \u00e9s \u0151szi termeszt\u00e9sn\u00e9l 2-3 alkalommal is fejtr\u00e1gy\u00e1zhatunk.<\/p>\n<p>A k\u00e1poszta v\u00edzig\u00e9nyes n\u00f6v\u00e9ny, mely egyenletes v\u00edzell\u00e1t\u00e1s mellett neveli a legszebb k\u00e1posztafejeket. A megfelel\u0151 v\u00edzell\u00e1t\u00e1ssal gyorsan \u00e9s folyamatosan fejl\u0151dik a fej, sz\u00e1raz id\u0151szakokban term\u00e9nycs\u00f6kken\u00e9sre sz\u00e1m\u00edthatunk. Ingadoz\u00f3 v\u00edzell\u00e1t\u00e1s mellett, a k\u00e1posztafej megrepedhet.<\/p>\n<p>A r\u00f6vid teny\u00e9szidej\u0171 fajt\u00e1kat \u00e1ltal\u00e1ban 4-5 alkalommal kell locsolni, a hosszabb teny\u00e9szidej\u0171eket t\u00f6bb alkalommal \u00e9s nagyobb mennyis\u00e9ggel, ny\u00e1ron \u00e1tlagosan 8-10 naponta.<\/p>\n<p>A v\u00f6r\u00f6sk\u00e1poszt\u00e1t\u00a0 el\u0151nevelt pal\u00e1nt\u00e1k \u00fcltet\u00e9s\u00e9vel a legegyszer\u0171bb termeszteni.<\/p>\n<p>A pal\u00e1nt\u00e1k kiszoktat\u00e1s, edz\u00e9s ut\u00e1n \u00e1prilis elej\u00e9n \u00fcltess\u00fck ki az el\u0151k\u00e9sz\u00edtett \u00e1gy\u00e1sba 40 x 40 cm-es t\u00e9r\u00e1ll\u00e1sba. A k\u00e9s\u0151i k\u00e1poszta fajt\u00e1k pal\u00e1nt\u00e1it j\u00falius elej\u00e9n \u00fcltetj\u00fck, a korai fajt\u00e1kn\u00e1l nagyobb 50 x 50 cm-es t\u0151t\u00e1vols\u00e1gra.<\/p>\n<p>B1, B2 \u00e9s C-vitamin tartalma kimondottan magas, a savany\u00edt\u00e1s sor\u00e1n C-vitamin tartalm\u00e1nak mintegy 90%-\u00e1t meg\u0151rzi. \u00c1sv\u00e1nyi anyag \u00e9s rosttartalma is jelent\u0151s. A savany\u00edt\u00e1s mellett, hagyom\u00e1nyos magyar \u00e9telek alapanyag\u00e1ul is szolg\u00e1l, el\u00e9g csak a t\u00f6lt\u00f6tt k\u00e1poszt\u00e1ra gondolni.<\/p>\n<p>A vitaminokban, \u00e1sv\u00e1nyi s\u00f3kban gazdag, magas rosttartalm\u00fa v\u00f6r\u00f6sk\u00e1poszta, termeszt\u00e9si, k\u00f6rnyezeti \u00e9s t\u00e1panyagig\u00e9nye a fejes k\u00e1poszt\u00e1\u00e9val l\u00e9nyeg\u00e9ben azonos, termeszt\u00e9s\u00fckben nincs elt\u00e9r\u00e9s. K\u00f6retk\u00e9nt \u00e9s savany\u00fas\u00e1gk\u00e9nt is rendk\u00edv\u00fcl \u00edzletes, \u00edgy \u00e9rdemes lehet a v\u00f6r\u00f6sk\u00e1poszta sz\u00e1m\u00e1ra is helyet szor\u00edtanunk a kertben.<\/p>\n<p>&nbsp;<\/p>\n<p>&nbsp;<\/p>\n<p><strong>K\u00e9szlet\u00fcnk napi szinten v\u00e1ltozik, ez\u00e9rt k\u00e9rj\u00fck, \u00e9rdekl\u0151dj\u00f6n szem\u00e9lyesen, telefonon vagy email-en.<br \/>\nA v\u00e1ltoztat\u00e1s jog\u00e1t fenntartjuk!\u00a0<\/strong><\/p>\n<p>&nbsp;<\/p>\n<p><a href=\"https:\/\/tajkertesz.com\/\">https:\/\/tajkertesz.com\/<\/a><\/p>\n<p><a href=\"https:\/\/www.facebook.com\/tajkertesz\/\">https:\/\/www.facebook.com\/tajkertesz\/<\/a><\/p>\n<p>Kisz\u00e1ll\u00edt\u00e1s: 200cm-ig \u00a0\u00e9s 40 kg-ig a sz\u00e1ll\u00edt\u00e1s fut\u00e1rszolg\u00e1lattal \u00a0t\u00f6rt\u00e9nik.<\/p>\n<p>Szem\u00e9lyes \u00e1tv\u00e9tel nyitvatart\u00e1si id\u0151ben a 17. ker\u00fclet Bakancsos utca 7. sz\u00e1m alatti Kert\u00e9szeti \u00e1rud\u00e1ban.<\/p>\n<p>&nbsp;<\/p>\n<p>&nbsp;<\/p>\n<p>&nbsp;<\/p>","protected":false},"excerpt":{"rendered":"<h1>V\u00f6r\u00f6sk\u00e1poszta Rufus vet\u0151mag<\/h1>\n<p>V\u00f6r\u00f6sk\u00e1poszta Rufus vet\u0151mag<\/p>\n<p><strong>Rufus:<\/strong>\u00a0K\u00f6z\u00e9pkorai, j\u00f3 term\u0151k\u00e9pess\u00e9g\u0171 fajta, t\u00e1rol\u00e1sra \u00e9s friss fogyaszt\u00e1sra egyar\u00e1nt alkalmas. A fej 1,3-2 kg \u00e1tlagt\u00f6meg\u0171, megny\u00falt g\u00f6mb alak\u00fa, s\u00f6t\u00e9tlila sz\u00edn\u0171.<\/p>\n<p>A fejes k\u00e1poszta f\u00e9nyig\u00e9nyes n\u00f6v\u00e9ny napos, vil\u00e1gos helyen termeszthet\u0151 sikerrel. Talajok k\u00f6z\u00fcl a t\u00e1panyagban, humuszban gazdag, j\u00f3 v\u00edzell\u00e1t\u00e1s\u00fa, porhany\u00f3s fels\u0151 talajr\u00e9teg\u0171 talajokat szereti legink\u00e1bb.<\/p>","protected":false},"featured_media":19397,"template":"","meta":{"_et_pb_use_builder":"","_et_pb_old_content":"","_et_gb_content_width":""},"product_brand":[],"product_cat":[2881],"product_tag":[],"class_list":{"0":"post-19396","1":"product","2":"type-product","3":"status-publish","4":"has-post-thumbnail","6":"product_cat-zoldsegnoveny-vetomagok","8":"first","9":"instock","10":"shipping-taxable","11":"purchasable","12":"product-type-simple"},"yoast_head":"<!-- This site is optimized with the Yoast SEO plugin v27.5 - https:\/\/yoast.com\/product\/yoast-seo-wordpress\/ -->\n<title>V\u00f6r\u00f6sk\u00e1poszta Rufus vet\u0151mag - T\u00e1jkert\u00e9sz<\/title>\n<meta name=\"robots\" content=\"index, follow, max-snippet:-1, max-image-preview:large, max-video-preview:-1\" \/>\n<link rel=\"canonical\" href=\"https:\/\/tajkertesz.com\/en_US\/product\/voroskaposzta-rufus-vetomag\/\" \/>\n<meta property=\"og:locale\" content=\"en_US\" \/>\n<meta property=\"og:type\" content=\"article\" \/>\n<meta property=\"og:title\" content=\"V\u00f6r\u00f6sk\u00e1poszta Rufus vet\u0151mag - T\u00e1jkert\u00e9sz\" \/>\n<meta property=\"og:description\" content=\"V\u00f6r\u00f6sk\u00e1poszta Rufus vet\u0151mag V\u00f6r\u00f6sk\u00e1poszta Rufus vet\u0151mag  Rufus:\u00a0K\u00f6z\u00e9pkorai, j\u00f3 term\u0151k\u00e9pess\u00e9g\u0171 fajta, t\u00e1rol\u00e1sra \u00e9s friss fogyaszt\u00e1sra egyar\u00e1nt alkalmas. A fej 1,3-2 kg \u00e1tlagt\u00f6meg\u0171, megny\u00falt g\u00f6mb alak\u00fa, s\u00f6t\u00e9tlila sz\u00edn\u0171.  A fejes k\u00e1poszta f\u00e9nyig\u00e9nyes n\u00f6v\u00e9ny napos, vil\u00e1gos helyen termeszthet\u0151 sikerrel. Talajok k\u00f6z\u00fcl a t\u00e1panyagban, humuszban gazdag, j\u00f3 v\u00edzell\u00e1t\u00e1s\u00fa, porhany\u00f3s fels\u0151 talajr\u00e9teg\u0171 talajokat szereti legink\u00e1bb.\" \/>\n<meta property=\"og:url\" content=\"https:\/\/tajkertesz.com\/en_US\/product\/voroskaposzta-rufus-vetomag\/\" \/>\n<meta property=\"og:site_name\" content=\"T\u00e1jkert\u00e9sz\" \/>\n<meta property=\"article:publisher\" content=\"https:\/\/www.facebook.com\/Tajkertesz\/\" \/>\n<meta property=\"article:modified_time\" content=\"2026-02-12T15:26:42+00:00\" \/>\n<meta property=\"og:image\" content=\"https:\/\/tajkertesz.com\/wp-content\/uploads\/2024\/03\/01_614002_voroskaposzta_RUFUS_KK.jpg\" \/>\n\t<meta property=\"og:image:width\" content=\"650\" \/>\n\t<meta property=\"og:image:height\" content=\"1178\" \/>\n\t<meta property=\"og:image:type\" content=\"image\/jpeg\" \/>\n<meta name=\"twitter:card\" content=\"summary_large_image\" \/>\n<meta name=\"twitter:label1\" content=\"Est. reading time\" \/>\n\t<meta name=\"twitter:data1\" content=\"2 minutes\" \/>\n<script type=\"application\/ld+json\" class=\"yoast-schema-graph\">{\"@context\":\"https:\\\/\\\/schema.org\",\"@graph\":[{\"@type\":\"WebPage\",\"@id\":\"https:\\\/\\\/tajkertesz.com\\\/termek\\\/voroskaposzta-rufus-vetomag\\\/\",\"url\":\"https:\\\/\\\/tajkertesz.com\\\/termek\\\/voroskaposzta-rufus-vetomag\\\/\",\"name\":\"V\u00f6r\u00f6sk\u00e1poszta Rufus vet\u0151mag - T\u00e1jkert\u00e9sz\",\"isPartOf\":{\"@id\":\"https:\\\/\\\/tajkertesz.com\\\/#website\"},\"primaryImageOfPage\":{\"@id\":\"https:\\\/\\\/tajkertesz.com\\\/termek\\\/voroskaposzta-rufus-vetomag\\\/#primaryimage\"},\"image\":{\"@id\":\"https:\\\/\\\/tajkertesz.com\\\/termek\\\/voroskaposzta-rufus-vetomag\\\/#primaryimage\"},\"thumbnailUrl\":\"https:\\\/\\\/tajkertesz.com\\\/wp-content\\\/uploads\\\/2024\\\/03\\\/01_614002_voroskaposzta_RUFUS_KK.jpg\",\"datePublished\":\"2024-03-02T09:32:17+00:00\",\"dateModified\":\"2026-02-12T15:26:42+00:00\",\"breadcrumb\":{\"@id\":\"https:\\\/\\\/tajkertesz.com\\\/termek\\\/voroskaposzta-rufus-vetomag\\\/#breadcrumb\"},\"inLanguage\":\"en-US\",\"potentialAction\":[{\"@type\":\"ReadAction\",\"target\":[\"https:\\\/\\\/tajkertesz.com\\\/termek\\\/voroskaposzta-rufus-vetomag\\\/\"]}]},{\"@type\":\"ImageObject\",\"inLanguage\":\"en-US\",\"@id\":\"https:\\\/\\\/tajkertesz.com\\\/termek\\\/voroskaposzta-rufus-vetomag\\\/#primaryimage\",\"url\":\"https:\\\/\\\/tajkertesz.com\\\/wp-content\\\/uploads\\\/2024\\\/03\\\/01_614002_voroskaposzta_RUFUS_KK.jpg\",\"contentUrl\":\"https:\\\/\\\/tajkertesz.com\\\/wp-content\\\/uploads\\\/2024\\\/03\\\/01_614002_voroskaposzta_RUFUS_KK.jpg\",\"width\":650,\"height\":1178},{\"@type\":\"BreadcrumbList\",\"@id\":\"https:\\\/\\\/tajkertesz.com\\\/termek\\\/voroskaposzta-rufus-vetomag\\\/#breadcrumb\",\"itemListElement\":[{\"@type\":\"ListItem\",\"position\":1,\"name\":\"Home\",\"item\":\"https:\\\/\\\/tajkertesz.com\\\/\"},{\"@type\":\"ListItem\",\"position\":2,\"name\":\"Kezd\u0151lap\",\"item\":\"https:\\\/\\\/tajkertesz.com\\\/\"},{\"@type\":\"ListItem\",\"position\":3,\"name\":\"V\u00f6r\u00f6sk\u00e1poszta Rufus vet\u0151mag\"}]},{\"@type\":\"WebSite\",\"@id\":\"https:\\\/\\\/tajkertesz.com\\\/#website\",\"url\":\"https:\\\/\\\/tajkertesz.com\\\/\",\"name\":\"T\u00e1j-Kert\u00e9sz 84 Kft.\",\"description\":\"Kert\u00e9szeti kis- \u00e9s nagykeresked\u00e9s, D\u00edszn\u00f6v\u00e9ny web\u00e1ruh\u00e1z orsz\u00e1gos h\u00e1zhozsz\u00e1ll\u00edt\u00e1ssal!\",\"publisher\":{\"@id\":\"https:\\\/\\\/tajkertesz.com\\\/#organization\"},\"potentialAction\":[{\"@type\":\"SearchAction\",\"target\":{\"@type\":\"EntryPoint\",\"urlTemplate\":\"https:\\\/\\\/tajkertesz.com\\\/?s={search_term_string}\"},\"query-input\":{\"@type\":\"PropertyValueSpecification\",\"valueRequired\":true,\"valueName\":\"search_term_string\"}}],\"inLanguage\":\"en-US\"},{\"@type\":\"Organization\",\"@id\":\"https:\\\/\\\/tajkertesz.com\\\/#organization\",\"name\":\"T\u00e1j-Kert\u00e9sz 84 Kft.\",\"url\":\"https:\\\/\\\/tajkertesz.com\\\/\",\"logo\":{\"@type\":\"ImageObject\",\"inLanguage\":\"en-US\",\"@id\":\"https:\\\/\\\/tajkertesz.com\\\/#\\\/schema\\\/logo\\\/image\\\/\",\"url\":\"https:\\\/\\\/tajkertesz.com\\\/wp-content\\\/uploads\\\/2018\\\/02\\\/logo-2-e1518678052539.png\",\"contentUrl\":\"https:\\\/\\\/tajkertesz.com\\\/wp-content\\\/uploads\\\/2018\\\/02\\\/logo-2-e1518678052539.png\",\"width\":81,\"height\":140,\"caption\":\"T\u00e1j-Kert\u00e9sz 84 Kft.\"},\"image\":{\"@id\":\"https:\\\/\\\/tajkertesz.com\\\/#\\\/schema\\\/logo\\\/image\\\/\"},\"sameAs\":[\"https:\\\/\\\/www.facebook.com\\\/Tajkertesz\\\/\"]}]}<\/script>\n<!-- \/ Yoast SEO plugin. -->","yoast_head_json":{"title":"V\u00f6r\u00f6sk\u00e1poszta Rufus vet\u0151mag - T\u00e1jkert\u00e9sz","robots":{"index":"index","follow":"follow","max-snippet":"max-snippet:-1","max-image-preview":"max-image-preview:large","max-video-preview":"max-video-preview:-1"},"canonical":"https:\/\/tajkertesz.com\/en_US\/product\/voroskaposzta-rufus-vetomag\/","og_locale":"en_US","og_type":"article","og_title":"V\u00f6r\u00f6sk\u00e1poszta Rufus vet\u0151mag - T\u00e1jkert\u00e9sz","og_description":"V\u00f6r\u00f6sk\u00e1poszta Rufus vet\u0151mag V\u00f6r\u00f6sk\u00e1poszta Rufus vet\u0151mag  Rufus:\u00a0K\u00f6z\u00e9pkorai, j\u00f3 term\u0151k\u00e9pess\u00e9g\u0171 fajta, t\u00e1rol\u00e1sra \u00e9s friss fogyaszt\u00e1sra egyar\u00e1nt alkalmas. A fej 1,3-2 kg \u00e1tlagt\u00f6meg\u0171, megny\u00falt g\u00f6mb alak\u00fa, s\u00f6t\u00e9tlila sz\u00edn\u0171.  A fejes k\u00e1poszta f\u00e9nyig\u00e9nyes n\u00f6v\u00e9ny napos, vil\u00e1gos helyen termeszthet\u0151 sikerrel. Talajok k\u00f6z\u00fcl a t\u00e1panyagban, humuszban gazdag, j\u00f3 v\u00edzell\u00e1t\u00e1s\u00fa, porhany\u00f3s fels\u0151 talajr\u00e9teg\u0171 talajokat szereti legink\u00e1bb.","og_url":"https:\/\/tajkertesz.com\/en_US\/product\/voroskaposzta-rufus-vetomag\/","og_site_name":"T\u00e1jkert\u00e9sz","article_publisher":"https:\/\/www.facebook.com\/Tajkertesz\/","article_modified_time":"2026-02-12T15:26:42+00:00","og_image":[{"width":650,"height":1178,"url":"https:\/\/tajkertesz.com\/wp-content\/uploads\/2024\/03\/01_614002_voroskaposzta_RUFUS_KK.jpg","type":"image\/jpeg"}],"twitter_card":"summary_large_image","twitter_misc":{"Est. reading time":"2 minutes"},"schema":{"@context":"https:\/\/schema.org","@graph":[{"@type":"WebPage","@id":"https:\/\/tajkertesz.com\/termek\/voroskaposzta-rufus-vetomag\/","url":"https:\/\/tajkertesz.com\/termek\/voroskaposzta-rufus-vetomag\/","name":"V\u00f6r\u00f6sk\u00e1poszta Rufus vet\u0151mag - T\u00e1jkert\u00e9sz","isPartOf":{"@id":"https:\/\/tajkertesz.com\/#website"},"primaryImageOfPage":{"@id":"https:\/\/tajkertesz.com\/termek\/voroskaposzta-rufus-vetomag\/#primaryimage"},"image":{"@id":"https:\/\/tajkertesz.com\/termek\/voroskaposzta-rufus-vetomag\/#primaryimage"},"thumbnailUrl":"https:\/\/tajkertesz.com\/wp-content\/uploads\/2024\/03\/01_614002_voroskaposzta_RUFUS_KK.jpg","datePublished":"2024-03-02T09:32:17+00:00","dateModified":"2026-02-12T15:26:42+00:00","breadcrumb":{"@id":"https:\/\/tajkertesz.com\/termek\/voroskaposzta-rufus-vetomag\/#breadcrumb"},"inLanguage":"en-US","potentialAction":[{"@type":"ReadAction","target":["https:\/\/tajkertesz.com\/termek\/voroskaposzta-rufus-vetomag\/"]}]},{"@type":"ImageObject","inLanguage":"en-US","@id":"https:\/\/tajkertesz.com\/termek\/voroskaposzta-rufus-vetomag\/#primaryimage","url":"https:\/\/tajkertesz.com\/wp-content\/uploads\/2024\/03\/01_614002_voroskaposzta_RUFUS_KK.jpg","contentUrl":"https:\/\/tajkertesz.com\/wp-content\/uploads\/2024\/03\/01_614002_voroskaposzta_RUFUS_KK.jpg","width":650,"height":1178},{"@type":"BreadcrumbList","@id":"https:\/\/tajkertesz.com\/termek\/voroskaposzta-rufus-vetomag\/#breadcrumb","itemListElement":[{"@type":"ListItem","position":1,"name":"Home","item":"https:\/\/tajkertesz.com\/"},{"@type":"ListItem","position":2,"name":"Kezd\u0151lap","item":"https:\/\/tajkertesz.com\/"},{"@type":"ListItem","position":3,"name":"V\u00f6r\u00f6sk\u00e1poszta Rufus vet\u0151mag"}]},{"@type":"WebSite","@id":"https:\/\/tajkertesz.com\/#website","url":"https:\/\/tajkertesz.com\/","name":"T\u00e1j-Kert\u00e9sz 84 Kft.","description":"Kert\u00e9szeti kis- \u00e9s nagykeresked\u00e9s, D\u00edszn\u00f6v\u00e9ny web\u00e1ruh\u00e1z orsz\u00e1gos h\u00e1zhozsz\u00e1ll\u00edt\u00e1ssal!","publisher":{"@id":"https:\/\/tajkertesz.com\/#organization"},"potentialAction":[{"@type":"SearchAction","target":{"@type":"EntryPoint","urlTemplate":"https:\/\/tajkertesz.com\/?s={search_term_string}"},"query-input":{"@type":"PropertyValueSpecification","valueRequired":true,"valueName":"search_term_string"}}],"inLanguage":"en-US"},{"@type":"Organization","@id":"https:\/\/tajkertesz.com\/#organization","name":"T\u00e1j-Kert\u00e9sz 84 Kft.","url":"https:\/\/tajkertesz.com\/","logo":{"@type":"ImageObject","inLanguage":"en-US","@id":"https:\/\/tajkertesz.com\/#\/schema\/logo\/image\/","url":"https:\/\/tajkertesz.com\/wp-content\/uploads\/2018\/02\/logo-2-e1518678052539.png","contentUrl":"https:\/\/tajkertesz.com\/wp-content\/uploads\/2018\/02\/logo-2-e1518678052539.png","width":81,"height":140,"caption":"T\u00e1j-Kert\u00e9sz 84 Kft."},"image":{"@id":"https:\/\/tajkertesz.com\/#\/schema\/logo\/image\/"},"sameAs":["https:\/\/www.facebook.com\/Tajkertesz\/"]}]}},"_links":{"self":[{"href":"https:\/\/tajkertesz.com\/en_US\/wp-json\/wp\/v2\/product\/19396","targetHints":{"allow":["GET"]}}],"collection":[{"href":"https:\/\/tajkertesz.com\/en_US\/wp-json\/wp\/v2\/product"}],"about":[{"href":"https:\/\/tajkertesz.com\/en_US\/wp-json\/wp\/v2\/types\/product"}],"wp:featuredmedia":[{"embeddable":true,"href":"https:\/\/tajkertesz.com\/en_US\/wp-json\/wp\/v2\/media\/19397"}],"wp:attachment":[{"href":"https:\/\/tajkertesz.com\/en_US\/wp-json\/wp\/v2\/media?parent=19396"}],"wp:term":[{"taxonomy":"product_brand","embeddable":true,"href":"https:\/\/tajkertesz.com\/en_US\/wp-json\/wp\/v2\/product_brand?post=19396"},{"taxonomy":"product_cat","embeddable":true,"href":"https:\/\/tajkertesz.com\/en_US\/wp-json\/wp\/v2\/product_cat?post=19396"},{"taxonomy":"product_tag","embeddable":true,"href":"https:\/\/tajkertesz.com\/en_US\/wp-json\/wp\/v2\/product_tag?post=19396"}],"curies":[{"name":"wp","href":"https:\/\/api.w.org\/{rel}","templated":true}]}}