{"id":19421,"date":"2024-03-04T09:09:08","date_gmt":"2024-03-04T09:09:08","guid":{"rendered":"https:\/\/tajkertesz.com\/?post_type=product&#038;p=19421"},"modified":"2026-02-12T15:25:27","modified_gmt":"2026-02-12T15:25:27","slug":"bofix-garden-10-ml-50-m2-szelektiv-gyomirto","status":"publish","type":"product","link":"https:\/\/tajkertesz.com\/en_US\/product\/bofix-garden-10-ml-50-m2-szelektiv-gyomirto\/","title":{"rendered":"Bofix Garden 10 ml\/50 m2\/ szelekt\u00edv gyomirt\u00f3"},"content":{"rendered":"<h2>Bofix Garden 10 ml\/50 m2\/ szelekt\u00edv gyomirt\u00f3<\/h2>\n<p>Bofix Garden 10 ml\/50 m2\/ szelekt\u00edv gyomirt\u00f3<\/p>\n<h2><i>R\u00f6vid ismertet\u00e9se<\/i><\/h2>\n<p style=\"font-weight: 400;\">Azonos a Colombus EC gyomirt\u00f3val.<\/p>\n<p style=\"font-weight: 400;\">A Bo\ufb01x Garden az eddig ismert gyomirt\u00f3 szerekn\u00e9l sz\u00e9lesebb gyomirt\u00f3 spektrummal rendelkezik.<\/p>\n<p style=\"font-weight: 400;\">A k\u00e9sz\u00edtm\u00e9nyt 15-20 ml\/100 m2 d\u00f3zisban kell kijuttatni 10 l v\u00edzzel kipermetezve az \u00e9vel\u0151 k\u00e9tszik\u0171 gyomfajok intenz\u00edv n\u00f6veked\u00e9s\u00e9nek kezdet\u00e9n, m\u00e9g vir\u00e1gz\u00e1s el\u0151 (a k\u00e9sz\u00edtm\u00e9ny hat\u00e9konys\u00e1ga fokozottabb \ufb01atal gyomn\u00f6v\u00e9nyek ellen, amikor a leveleket bor\u00edt\u00f3 viaszr\u00e9teg m\u00e9g nem vastagodott meg).<\/p>\n<p style=\"font-weight: 400;\">A gyomn\u00f6v\u00e9nyekben gyorsan felsz\u00edv\u00f3dik, majd a nedvkering\u00e9ssel eljut a n\u00f6veked\u00e9si pontokba (hajt\u00e1scs\u00facs \u00e9s gy\u00f6k\u00e9rzet). Az \u00e9vel\u0151 gyomok eset\u00e9ben a f\u00f6ldalatti szapor\u00edt\u00f3 k\u00e9pleteket (riz\u00f3m\u00e1kat) is elpuszt\u00edtja, ez\u00e1ltal megakad\u00e1lyozza \u00fajrahajt\u00e1sukat.<\/p>\n<p style=\"font-weight: 400;\">A gyomirt\u00e1sra legalkalmasabb a meleg, p\u00e1r\u00e1s id\u0151, amikor a levelek fel\u00fclete sz\u00e1raz. Asz\u00e1lyos vagy hideg (10\u00b0C alatt) id\u0151j\u00e1r\u00e1s eset\u00e9n a gyomirt\u00e1st ker\u00fclni kell. Sz\u00e1razs\u00e1g eset\u00e9n az els\u0151 es\u0151t k\u00f6vet\u0151 1-2 h\u00e9t m\u00falva kell a kezel\u00e9st elv\u00e9gezni.<\/p>\n<p style=\"font-weight: 400;\">Egy teny\u00e9szid\u0151szakban a k\u00e9sz\u00edtm\u00e9nnyel k\u00e9t kezel\u00e9s v\u00e9gezhet\u0151, az egyik tavasszal, a m\u00e1sik pedig \u0151sszel, amikor a gyep n\u00f6veked\u00e9se m\u00e9g nem olyan intenz\u00edv.<\/p>\n<p style=\"font-weight: 400;\">Fontos, hogy ne ny\u00edrjunk f\u00fcvet a tervezett gyomirt\u00e1s el\u0151 \u00e9s ut\u00e1n 3-5 napon bel\u00fcl!<\/p>\n<p style=\"font-weight: 400;\">Fiatal telep\u00edt\u00e9sekn\u00e9l az els\u0151 gyomirt\u00e1s csak be\u00e1llt \u00e1llom\u00e1nyban, a gyepet alkot\u00f3 f\u0171fajok bokrosod\u00e1sa ut\u00e1n v\u00e9gezhet\u0151 el.<\/p>\n<p style=\"font-weight: 400;\">Hat\u00f3anyag<\/p>\n<p style=\"font-weight: 400;\">\u00a0\u00a0\u00a0 80 g\/l klopiralid + 2,5 g\/l floraszulam + 144 g\/l fluroxipir-meptil<\/p>\n<p style=\"font-weight: 400;\">Kiszerel\u00e9s<\/p>\n<p style=\"font-weight: 400;\">\u00a0\u00a0\u00a0 10 ml<\/p>\n<p>El\u00e9rhet\u0151 t\u00f6bbf\u00e9le m\u00e9retben \u00e9s \u00e1rban.<\/p>\n<p><strong>K\u00e9szlet\u00fcnk napi szinten v\u00e1ltozik, ez\u00e9rt k\u00e9rj\u00fck, \u00e9rdekl\u0151dj\u00f6n szem\u00e9lyesen, telefonon vagy email-en.<br \/>\nA v\u00e1ltoztat\u00e1s jog\u00e1t fenntartjuk!\u00a0<\/strong><\/p>\n<p>&nbsp;<\/p>\n<p><a href=\"https:\/\/tajkertesz.com\/\">https:\/\/tajkertesz.com\/<\/a><\/p>\n<p><a href=\"https:\/\/www.facebook.com\/tajkertesz\/\">https:\/\/www.facebook.com\/tajkertesz\/<\/a><\/p>\n<p><strong>N\u00f6v\u00e9nyv\u00e9s\u0151szereket nem post\u00e1zhatunk a hat\u00e1lyban l\u00e9v\u0151 jogszab\u00e1ly szerint!<\/strong><\/p>\n<p><strong>Rendel\u00e9se csak szem\u00e9lyes \u00e1tv\u00e9tellel lehets\u00e9ges!<\/strong><\/p>\n<p>Szem\u00e9lyes \u00e1tv\u00e9tel nyitvatart\u00e1si id\u0151ben a 17. ker\u00fclet Bakancsos utca 7. sz\u00e1m alatti Kert\u00e9szeti \u00e1rud\u00e1ban.<\/p>\n<p>&nbsp;<\/p>","protected":false},"excerpt":{"rendered":"<h2>Bofix Garden 10 ml\/50 m2\/ szelekt\u00edv gyomirt\u00f3<\/h2>\n<p>A k\u00e9sz\u00edtm\u00e9nyt 15-20 ml\/100 m2 d\u00f3zisban kell kijuttatni 10 l v\u00edzzel kipermetezve az \u00e9vel\u0151 k\u00e9tszik\u0171 gyomfajok intenz\u00edv n\u00f6veked\u00e9s\u00e9nek kezdet\u00e9n, m\u00e9g vir\u00e1gz\u00e1s el\u0151 (a k\u00e9sz\u00edtm\u00e9ny hat\u00e9konys\u00e1ga fokozottabb \ufb01atal gyomn\u00f6v\u00e9nyek ellen, amikor a leveleket bor\u00edt\u00f3 viaszr\u00e9teg m\u00e9g nem vastagodott meg).<\/p>","protected":false},"featured_media":19423,"template":"","meta":{"_et_pb_use_builder":"","_et_pb_old_content":"","_et_gb_content_width":""},"product_brand":[],"product_cat":[3422],"product_tag":[4996,1285,4735,1470,4332,4997],"class_list":{"0":"post-19421","1":"product","2":"type-product","3":"status-publish","4":"has-post-thumbnail","6":"product_cat-gyomirto-szer","7":"product_tag-bofix-garden","8":"product_tag-gyep","9":"product_tag-gyomirto","10":"product_tag-pazsit","11":"product_tag-permetszer","12":"product_tag-szelektiv-gyomirto","14":"first","15":"instock","16":"shipping-taxable","17":"purchasable","18":"product-type-simple"},"yoast_head":"<!-- This site is optimized with the Yoast SEO plugin v27.3 - https:\/\/yoast.com\/product\/yoast-seo-wordpress\/ -->\n<title>Bofix Garden 10 ml\/50 m2\/ szelekt\u00edv gyomirt\u00f3 - T\u00e1jkert\u00e9sz<\/title>\n<meta name=\"description\" content=\"Bofix Garden 10 ml\/50 m2\/ szelekt\u00edv gyomirt\u00f3 gyepfel\u00fcletre. 10 l v\u00edzzel kipermetezve az \u00e9vel\u0151 k\u00e9tszik\u0171 gyomfajok ellen hat\u00e1sos permetez\u0151szer.\" \/>\n<meta name=\"robots\" content=\"index, follow, max-snippet:-1, max-image-preview:large, max-video-preview:-1\" \/>\n<link rel=\"canonical\" href=\"https:\/\/tajkertesz.com\/en_US\/product\/bofix-garden-10-ml-50-m2-szelektiv-gyomirto\/\" \/>\n<meta property=\"og:locale\" content=\"en_US\" \/>\n<meta property=\"og:type\" content=\"article\" \/>\n<meta property=\"og:title\" content=\"Bofix Garden 10 ml\/50 m2\/ szelekt\u00edv gyomirt\u00f3 - T\u00e1jkert\u00e9sz\" \/>\n<meta property=\"og:description\" content=\"Bofix Garden 10 ml\/50 m2\/ szelekt\u00edv gyomirt\u00f3 gyepfel\u00fcletre. 10 l v\u00edzzel kipermetezve az \u00e9vel\u0151 k\u00e9tszik\u0171 gyomfajok ellen hat\u00e1sos permetez\u0151szer.\" \/>\n<meta property=\"og:url\" content=\"https:\/\/tajkertesz.com\/en_US\/product\/bofix-garden-10-ml-50-m2-szelektiv-gyomirto\/\" \/>\n<meta property=\"og:site_name\" content=\"T\u00e1jkert\u00e9sz\" \/>\n<meta property=\"article:publisher\" content=\"https:\/\/www.facebook.com\/Tajkertesz\/\" \/>\n<meta property=\"article:modified_time\" content=\"2026-02-12T15:25:27+00:00\" \/>\n<meta property=\"og:image\" content=\"https:\/\/tajkertesz.com\/wp-content\/uploads\/2024\/03\/bofi4001-1.jpg\" \/>\n\t<meta property=\"og:image:width\" content=\"940\" \/>\n\t<meta property=\"og:image:height\" content=\"788\" \/>\n\t<meta property=\"og:image:type\" content=\"image\/jpeg\" \/>\n<meta name=\"twitter:card\" content=\"summary_large_image\" \/>\n<meta name=\"twitter:label1\" content=\"Est. reading time\" \/>\n\t<meta name=\"twitter:data1\" content=\"2 minutes\" \/>\n<script type=\"application\/ld+json\" class=\"yoast-schema-graph\">{\"@context\":\"https:\\\/\\\/schema.org\",\"@graph\":[{\"@type\":\"WebPage\",\"@id\":\"https:\\\/\\\/tajkertesz.com\\\/termek\\\/bofix-garden-10-ml-50-m2-szelektiv-gyomirto\\\/\",\"url\":\"https:\\\/\\\/tajkertesz.com\\\/termek\\\/bofix-garden-10-ml-50-m2-szelektiv-gyomirto\\\/\",\"name\":\"Bofix Garden 10 ml\\\/50 m2\\\/ szelekt\u00edv gyomirt\u00f3 - T\u00e1jkert\u00e9sz\",\"isPartOf\":{\"@id\":\"https:\\\/\\\/tajkertesz.com\\\/#website\"},\"primaryImageOfPage\":{\"@id\":\"https:\\\/\\\/tajkertesz.com\\\/termek\\\/bofix-garden-10-ml-50-m2-szelektiv-gyomirto\\\/#primaryimage\"},\"image\":{\"@id\":\"https:\\\/\\\/tajkertesz.com\\\/termek\\\/bofix-garden-10-ml-50-m2-szelektiv-gyomirto\\\/#primaryimage\"},\"thumbnailUrl\":\"https:\\\/\\\/tajkertesz.com\\\/wp-content\\\/uploads\\\/2024\\\/03\\\/bofi4001-1.jpg\",\"datePublished\":\"2024-03-04T09:09:08+00:00\",\"dateModified\":\"2026-02-12T15:25:27+00:00\",\"description\":\"Bofix Garden 10 ml\\\/50 m2\\\/ szelekt\u00edv gyomirt\u00f3 gyepfel\u00fcletre. 10 l v\u00edzzel kipermetezve az \u00e9vel\u0151 k\u00e9tszik\u0171 gyomfajok ellen hat\u00e1sos permetez\u0151szer.\",\"breadcrumb\":{\"@id\":\"https:\\\/\\\/tajkertesz.com\\\/termek\\\/bofix-garden-10-ml-50-m2-szelektiv-gyomirto\\\/#breadcrumb\"},\"inLanguage\":\"en-US\",\"potentialAction\":[{\"@type\":\"ReadAction\",\"target\":[\"https:\\\/\\\/tajkertesz.com\\\/termek\\\/bofix-garden-10-ml-50-m2-szelektiv-gyomirto\\\/\"]}]},{\"@type\":\"ImageObject\",\"inLanguage\":\"en-US\",\"@id\":\"https:\\\/\\\/tajkertesz.com\\\/termek\\\/bofix-garden-10-ml-50-m2-szelektiv-gyomirto\\\/#primaryimage\",\"url\":\"https:\\\/\\\/tajkertesz.com\\\/wp-content\\\/uploads\\\/2024\\\/03\\\/bofi4001-1.jpg\",\"contentUrl\":\"https:\\\/\\\/tajkertesz.com\\\/wp-content\\\/uploads\\\/2024\\\/03\\\/bofi4001-1.jpg\",\"width\":940,\"height\":788},{\"@type\":\"BreadcrumbList\",\"@id\":\"https:\\\/\\\/tajkertesz.com\\\/termek\\\/bofix-garden-10-ml-50-m2-szelektiv-gyomirto\\\/#breadcrumb\",\"itemListElement\":[{\"@type\":\"ListItem\",\"position\":1,\"name\":\"Home\",\"item\":\"https:\\\/\\\/tajkertesz.com\\\/\"},{\"@type\":\"ListItem\",\"position\":2,\"name\":\"Kezd\u0151lap\",\"item\":\"https:\\\/\\\/tajkertesz.com\\\/\"},{\"@type\":\"ListItem\",\"position\":3,\"name\":\"Bofix Garden 10 ml\\\/50 m2\\\/ szelekt\u00edv gyomirt\u00f3\"}]},{\"@type\":\"WebSite\",\"@id\":\"https:\\\/\\\/tajkertesz.com\\\/#website\",\"url\":\"https:\\\/\\\/tajkertesz.com\\\/\",\"name\":\"T\u00e1j-Kert\u00e9sz 84 Kft.\",\"description\":\"Kert\u00e9szeti kis- \u00e9s nagykeresked\u00e9s, D\u00edszn\u00f6v\u00e9ny web\u00e1ruh\u00e1z orsz\u00e1gos h\u00e1zhozsz\u00e1ll\u00edt\u00e1ssal!\",\"publisher\":{\"@id\":\"https:\\\/\\\/tajkertesz.com\\\/#organization\"},\"potentialAction\":[{\"@type\":\"SearchAction\",\"target\":{\"@type\":\"EntryPoint\",\"urlTemplate\":\"https:\\\/\\\/tajkertesz.com\\\/?s={search_term_string}\"},\"query-input\":{\"@type\":\"PropertyValueSpecification\",\"valueRequired\":true,\"valueName\":\"search_term_string\"}}],\"inLanguage\":\"en-US\"},{\"@type\":\"Organization\",\"@id\":\"https:\\\/\\\/tajkertesz.com\\\/#organization\",\"name\":\"T\u00e1j-Kert\u00e9sz 84 Kft.\",\"url\":\"https:\\\/\\\/tajkertesz.com\\\/\",\"logo\":{\"@type\":\"ImageObject\",\"inLanguage\":\"en-US\",\"@id\":\"https:\\\/\\\/tajkertesz.com\\\/#\\\/schema\\\/logo\\\/image\\\/\",\"url\":\"https:\\\/\\\/tajkertesz.com\\\/wp-content\\\/uploads\\\/2018\\\/02\\\/logo-2-e1518678052539.png\",\"contentUrl\":\"https:\\\/\\\/tajkertesz.com\\\/wp-content\\\/uploads\\\/2018\\\/02\\\/logo-2-e1518678052539.png\",\"width\":81,\"height\":140,\"caption\":\"T\u00e1j-Kert\u00e9sz 84 Kft.\"},\"image\":{\"@id\":\"https:\\\/\\\/tajkertesz.com\\\/#\\\/schema\\\/logo\\\/image\\\/\"},\"sameAs\":[\"https:\\\/\\\/www.facebook.com\\\/Tajkertesz\\\/\"]}]}<\/script>\n<!-- \/ Yoast SEO plugin. -->","yoast_head_json":{"title":"Bofix Garden 10 ml\/50 m2\/ szelekt\u00edv gyomirt\u00f3 - T\u00e1jkert\u00e9sz","description":"Bofix Garden 10 ml\/50 m2\/ szelekt\u00edv gyomirt\u00f3 gyepfel\u00fcletre. 10 l v\u00edzzel kipermetezve az \u00e9vel\u0151 k\u00e9tszik\u0171 gyomfajok ellen hat\u00e1sos permetez\u0151szer.","robots":{"index":"index","follow":"follow","max-snippet":"max-snippet:-1","max-image-preview":"max-image-preview:large","max-video-preview":"max-video-preview:-1"},"canonical":"https:\/\/tajkertesz.com\/en_US\/product\/bofix-garden-10-ml-50-m2-szelektiv-gyomirto\/","og_locale":"en_US","og_type":"article","og_title":"Bofix Garden 10 ml\/50 m2\/ szelekt\u00edv gyomirt\u00f3 - T\u00e1jkert\u00e9sz","og_description":"Bofix Garden 10 ml\/50 m2\/ szelekt\u00edv gyomirt\u00f3 gyepfel\u00fcletre. 10 l v\u00edzzel kipermetezve az \u00e9vel\u0151 k\u00e9tszik\u0171 gyomfajok ellen hat\u00e1sos permetez\u0151szer.","og_url":"https:\/\/tajkertesz.com\/en_US\/product\/bofix-garden-10-ml-50-m2-szelektiv-gyomirto\/","og_site_name":"T\u00e1jkert\u00e9sz","article_publisher":"https:\/\/www.facebook.com\/Tajkertesz\/","article_modified_time":"2026-02-12T15:25:27+00:00","og_image":[{"width":940,"height":788,"url":"https:\/\/tajkertesz.com\/wp-content\/uploads\/2024\/03\/bofi4001-1.jpg","type":"image\/jpeg"}],"twitter_card":"summary_large_image","twitter_misc":{"Est. reading time":"2 minutes"},"schema":{"@context":"https:\/\/schema.org","@graph":[{"@type":"WebPage","@id":"https:\/\/tajkertesz.com\/termek\/bofix-garden-10-ml-50-m2-szelektiv-gyomirto\/","url":"https:\/\/tajkertesz.com\/termek\/bofix-garden-10-ml-50-m2-szelektiv-gyomirto\/","name":"Bofix Garden 10 ml\/50 m2\/ szelekt\u00edv gyomirt\u00f3 - T\u00e1jkert\u00e9sz","isPartOf":{"@id":"https:\/\/tajkertesz.com\/#website"},"primaryImageOfPage":{"@id":"https:\/\/tajkertesz.com\/termek\/bofix-garden-10-ml-50-m2-szelektiv-gyomirto\/#primaryimage"},"image":{"@id":"https:\/\/tajkertesz.com\/termek\/bofix-garden-10-ml-50-m2-szelektiv-gyomirto\/#primaryimage"},"thumbnailUrl":"https:\/\/tajkertesz.com\/wp-content\/uploads\/2024\/03\/bofi4001-1.jpg","datePublished":"2024-03-04T09:09:08+00:00","dateModified":"2026-02-12T15:25:27+00:00","description":"Bofix Garden 10 ml\/50 m2\/ szelekt\u00edv gyomirt\u00f3 gyepfel\u00fcletre. 10 l v\u00edzzel kipermetezve az \u00e9vel\u0151 k\u00e9tszik\u0171 gyomfajok ellen hat\u00e1sos permetez\u0151szer.","breadcrumb":{"@id":"https:\/\/tajkertesz.com\/termek\/bofix-garden-10-ml-50-m2-szelektiv-gyomirto\/#breadcrumb"},"inLanguage":"en-US","potentialAction":[{"@type":"ReadAction","target":["https:\/\/tajkertesz.com\/termek\/bofix-garden-10-ml-50-m2-szelektiv-gyomirto\/"]}]},{"@type":"ImageObject","inLanguage":"en-US","@id":"https:\/\/tajkertesz.com\/termek\/bofix-garden-10-ml-50-m2-szelektiv-gyomirto\/#primaryimage","url":"https:\/\/tajkertesz.com\/wp-content\/uploads\/2024\/03\/bofi4001-1.jpg","contentUrl":"https:\/\/tajkertesz.com\/wp-content\/uploads\/2024\/03\/bofi4001-1.jpg","width":940,"height":788},{"@type":"BreadcrumbList","@id":"https:\/\/tajkertesz.com\/termek\/bofix-garden-10-ml-50-m2-szelektiv-gyomirto\/#breadcrumb","itemListElement":[{"@type":"ListItem","position":1,"name":"Home","item":"https:\/\/tajkertesz.com\/"},{"@type":"ListItem","position":2,"name":"Kezd\u0151lap","item":"https:\/\/tajkertesz.com\/"},{"@type":"ListItem","position":3,"name":"Bofix Garden 10 ml\/50 m2\/ szelekt\u00edv gyomirt\u00f3"}]},{"@type":"WebSite","@id":"https:\/\/tajkertesz.com\/#website","url":"https:\/\/tajkertesz.com\/","name":"T\u00e1j-Kert\u00e9sz 84 Kft.","description":"Kert\u00e9szeti kis- \u00e9s nagykeresked\u00e9s, D\u00edszn\u00f6v\u00e9ny web\u00e1ruh\u00e1z orsz\u00e1gos h\u00e1zhozsz\u00e1ll\u00edt\u00e1ssal!","publisher":{"@id":"https:\/\/tajkertesz.com\/#organization"},"potentialAction":[{"@type":"SearchAction","target":{"@type":"EntryPoint","urlTemplate":"https:\/\/tajkertesz.com\/?s={search_term_string}"},"query-input":{"@type":"PropertyValueSpecification","valueRequired":true,"valueName":"search_term_string"}}],"inLanguage":"en-US"},{"@type":"Organization","@id":"https:\/\/tajkertesz.com\/#organization","name":"T\u00e1j-Kert\u00e9sz 84 Kft.","url":"https:\/\/tajkertesz.com\/","logo":{"@type":"ImageObject","inLanguage":"en-US","@id":"https:\/\/tajkertesz.com\/#\/schema\/logo\/image\/","url":"https:\/\/tajkertesz.com\/wp-content\/uploads\/2018\/02\/logo-2-e1518678052539.png","contentUrl":"https:\/\/tajkertesz.com\/wp-content\/uploads\/2018\/02\/logo-2-e1518678052539.png","width":81,"height":140,"caption":"T\u00e1j-Kert\u00e9sz 84 Kft."},"image":{"@id":"https:\/\/tajkertesz.com\/#\/schema\/logo\/image\/"},"sameAs":["https:\/\/www.facebook.com\/Tajkertesz\/"]}]}},"_links":{"self":[{"href":"https:\/\/tajkertesz.com\/en_US\/wp-json\/wp\/v2\/product\/19421","targetHints":{"allow":["GET"]}}],"collection":[{"href":"https:\/\/tajkertesz.com\/en_US\/wp-json\/wp\/v2\/product"}],"about":[{"href":"https:\/\/tajkertesz.com\/en_US\/wp-json\/wp\/v2\/types\/product"}],"wp:featuredmedia":[{"embeddable":true,"href":"https:\/\/tajkertesz.com\/en_US\/wp-json\/wp\/v2\/media\/19423"}],"wp:attachment":[{"href":"https:\/\/tajkertesz.com\/en_US\/wp-json\/wp\/v2\/media?parent=19421"}],"wp:term":[{"taxonomy":"product_brand","embeddable":true,"href":"https:\/\/tajkertesz.com\/en_US\/wp-json\/wp\/v2\/product_brand?post=19421"},{"taxonomy":"product_cat","embeddable":true,"href":"https:\/\/tajkertesz.com\/en_US\/wp-json\/wp\/v2\/product_cat?post=19421"},{"taxonomy":"product_tag","embeddable":true,"href":"https:\/\/tajkertesz.com\/en_US\/wp-json\/wp\/v2\/product_tag?post=19421"}],"curies":[{"name":"wp","href":"https:\/\/api.w.org\/{rel}","templated":true}]}}