{"id":1946,"date":"2020-05-19T10:13:43","date_gmt":"2020-05-19T10:13:43","guid":{"rendered":"https:\/\/tajkertesz.com\/?post_type=product&#038;p=1946"},"modified":"2024-03-21T10:13:50","modified_gmt":"2024-03-21T10:13:50","slug":"salix-integra-hakuro-nishikitarka-levelu-japanfuz-2","status":"publish","type":"product","link":"https:\/\/tajkertesz.com\/en_US\/product\/salix-integra-hakuro-nishikitarka-levelu-japanfuz-2\/","title":{"rendered":"Salix integra &#8216;Hakuro &#8216;Nishiki&#8217;,Tarka level\u0171 jap\u00e1nf\u0171z"},"content":{"rendered":"<h3>Salix integra &#8216;Hakuro &#8216;Nishiki&#8217;,Tarka level\u0171 jap\u00e1nf\u0171z<\/h3>\n<p>A Salix integra &#8216;Hakuro &#8216;Nishiki&#8217;,Tarka level\u0171 jap\u00e1nf\u0171z k\u00f6zkedvelt bokor.<\/p>\n<p><b>N\u00f6veked\u00e9s, alak:<\/b>\u00a01,5-2 m magasra n\u00f6v\u0151 cserje, melyet t\u00f6rzsre oltva is forgalmaznak. S\u0171r\u0171 el\u00e1gaz\u00e1s\u00fa, g\u00f6mb\u00f6lyded habitus\u00fa.<br \/>\n<b>Lev\u00e9l:<\/b> Feh\u00e9r-tarka, fiatalon flaming\u00f3-r\u00f3zsasz\u00edn tarka, nagyon dekorat\u00edv f\u0171z lev\u00e9l.<br \/>\n<b>Vir\u00e1g:<\/b>\u00a0Jelent\u00e9ktelen.<br \/>\n<b>Term\u00e9s:<\/b>\u00a0Van, de jelent\u00e9ktelen.<br \/>\n<b>Term\u0151hely, ig\u00e9ny:<\/b>\u00a0Talaj ir\u00e1nt nem ig\u00e9nyes, de a nedvesebb, t\u00e1panyaggal k\u00f6zepesen ell\u00e1tott talajokon jobban, szebben n\u0151 \u00e9s d\u00edsz\u00edt<br \/>\n<b>Felhaszn\u00e1l\u00e1s:<\/b>\u00a0Cserjek\u00e9nt t\u00f6megesen is, t\u00f6rzsre oltva szoliter n\u00f6v\u00e9nyk\u00e9nt haszn\u00e1ljuk, kertben, parkban, tet\u0151kertben, ed\u00e9nyben. Veget\u00e1ci\u00f3ban is t\u00f6bbsz\u00f6r \u00e9rdemes visszav\u00e1gni, mert a fiatal hajt\u00e1sok levelei fokozottan d\u00edszesebbek, tark\u00e1bbak.<\/p>\n<p>Jelen term\u00e9k\u00fcnk 2literes cser\u00e9pben kaphat\u00f3 \u00e9s\u00a0 kb:40\/60 cm magas.<\/p>\n<p style=\"line-height: 18.0pt; background: white; margin: 0cm 0cm 15.0pt 0cm;\"><span style=\"font-family: 'Ubuntu',serif; color: black;\">El\u00e9rhet\u0151 t\u00f6bbf\u00e9le m\u00e9retben \u00e9s \u00e1rban.<\/span><\/p>\n<p style=\"line-height: 18.0pt; background: white; margin: 0cm 0cm 15.0pt 0cm;\"><b><span style=\"font-family: 'Ubuntu',serif; color: black;\">K\u00e9szlet\u00fcnk napi szinten v\u00e1ltozik, ez\u00e9rt k\u00e9rj\u00fck, \u00e9rdekl\u0151dj\u00f6n szem\u00e9lyesen, telefonon vagy email-en.<br \/>\nA v\u00e1ltoztat\u00e1s jog\u00e1t fenntartjuk!\u00a0<\/span><\/b><\/p>\n<p><a href=\"https:\/\/tajkertesz.com\/\">https:\/\/tajkertesz.com\/<\/a><\/p>\n<p><span style=\"color: #333333;\"><a style=\"color: #333333;\" href=\"https:\/\/en.wikipedia.org\/wiki\/Salix_integra\">https:\/\/en.wikipedia.org\/wiki\/Salix_integra<\/a><\/span><\/p>\n<p><span style=\"color: #ffffff;\">Jap\u00e1nb\u00f3l sz\u00e1rmaz\u00f3 s\u0171r\u0171, v\u00e9kony \u00e1g\u00fa f\u0171z k\u00fcl\u00f6nlegess\u00e9g, alb\u00edn\u00f3 tark\u00e1zotts\u00e1g\u00fa levelekkel, melyek feh\u00e9rek, r\u00f3zsasz\u00edn\u0171ek, z\u00f6ld foltokkal m\u00e1rv\u00e1nyozottak. Az id\u0151nk\u00e9nt el\u0151t\u00f6r\u0151 z\u00f6ld r\u00e9szeket metsz\u00e9ssel kell kord\u00e1ban tartani. V\u00edzig\u00e9nyes, intenz\u00edven gondozott kertekbe aj\u00e1nlott, ed\u00e9nyben is nevelhetj\u00fck.<\/span><\/p>\n<p><span style=\"color: #ffffff;\"><span style=\"text-align: left; text-transform: none; text-indent: 0px; letter-spacing: normal; font-family: 'Roboto','Arial',sans-serif; font-size: 100%; font-style: normal; font-variant: normal; font-weight: 400; text-decoration: none; word-spacing: 0px; display: inline !important; white-space: normal; orphans: 2; float: none; -webkit-text-stroke-width: 0px; background-color: #ffffff;\">A f\u0151k\u00e9nt Jap\u00e1nban \u00e9s Kore\u00e1ban \u0151shonos tarkalevel\u0171 jap\u00e1n f\u0171z <\/span><em>(Salix integra &#8216;Hakuro-nishiki&#8217;)<\/em><span style=\"text-align: left; text-transform: none; text-indent: 0px; letter-spacing: normal; font-family: 'Roboto','Arial',sans-serif; font-size: 100%; font-style: normal; font-variant: normal; font-weight: 400; text-decoration: none; word-spacing: 0px; display: inline !important; white-space: normal; orphans: 2; float: none; -webkit-text-stroke-width: 0px; background-color: #ffffff;\">\u00a0 igen sokoldal\u00fa cserje. Ha olyan n\u00f6v\u00e9nyt keres\u00fcnk, amelyik k\u00e9pes megf\u00e9kezni az er\u00f3zi\u00f3t v\u00edzpart k\u00f6zel\u00e9ben, vagy az a c\u00e9lunk, hogy mutat\u00f3s s\u00f6v\u00e9nnyel rejts\u00fck el a kert\u00fcnk h\u00e1ts\u00f3 r\u00e9sz\u00e9t a k\u00edv\u00e1ncsi tekintetek el\u0151l, v\u00e1lasszuk az es\u0151 \u00e1ztatta \u00e1zsiai zen-kertek eme eleg\u00e1ns kedvenc\u00e9t a p\u00e1zsitunkra.<\/span><\/span><\/p>\n<p>&nbsp;<\/p>\n<p>&nbsp;<\/p>\n<p><span style=\"color: #ffffff;\"><strong>A tarkalevel\u0171 jap\u00e1n f\u0171z (Salix integra \u2018Hakuro-nishiki\u2019) kistermet\u0171, lass\u00fa n\u00f6veked\u00e9s\u0171, lombhullat\u00f3 fa, mely Jap\u00e1nban, K\u00edn\u00e1ban, Kore\u00e1ban \u00e9s Oroszorsz\u00e1gban is \u0151shonos.<\/strong> A kert\u00e9szetek gyakran magas t\u00f6rzse oltott v\u00e1ltozat\u00e1t forgalmazz\u00e1k.<\/span><\/p>\n<p><span style=\"color: #ffffff;\">Igaz\u00e1n k\u00fcl\u00f6nleges megjelen\u00e9s\u0171 n\u00f6v\u00e9ny, mely \u00fcltethet\u0151 l\u00e9gvezet\u00e9k al\u00e1, el\u0151kertbe, szoliterk\u00e9nt, de nevelhet\u0151 ak\u00e1r d\u00e9zs\u00e1ban is. <strong>Koron\u00e1j\u00e1t mereven felfel\u00e9 \u00e1ll\u00f3 vessz\u0151k alkotj\u00e1k. <\/strong><\/span><\/p>\n<p><span style=\"color: #ffffff;\"><strong>Hossz\u00fak\u00e1s levelei tavasszal a kihajt\u00e1skor tark\u00e1k, r\u00f3zsasz\u00edn, majd feh\u00e9r foltokkal d\u00edsz\u00edtettek, k\u00e9s\u0151bb teljesen z\u00f6ld sz\u00edn\u0171v\u00e9 v\u00e1lnak,<\/strong> \u0151sszel s\u00e1rg\u00e1ra sz\u00ednez\u0151dnek.<\/span><\/p>\n<p>&nbsp;<\/p>\n<p><span style=\"color: #ffffff;\"><strong>A tarkalevel\u0171 jap\u00e1n f\u0171z napos, kellemesen meleg helyen, laz\u00e1bb szerkezet\u0171, nem t\u00fal k\u00f6t\u00f6tt talajba \u00fcltetve, rendszeres \u00f6nt\u00f6z\u00e9s mellett fejl\u0151dik legszebben.<\/strong><\/span><\/p>\n<p><span style=\"color: #ffffff;\">Ha szeretn\u00e9nk form\u00e1j\u00e1t alak\u00edtani, t\u00e9l v\u00e9g\u00e9n, kora tavasszal lehet metszeni. Szapor\u00edtani dugv\u00e1nyoz\u00e1ssal lehet.<\/span><\/p>\n<p><span style=\"color: #ffffff;\"><sup class=\"reference\"><a style=\"color: #ffffff;\" href=\"https:\/\/en.wikipedia.org\/wiki\/Salix_integra#cite_note-foc-1\">[1]<\/a><\/sup><\/span><\/p>\n<p>&nbsp;<\/p>\n<p><span style=\"color: #ffffff;\"><sup id=\"cite_ref-foc_1-2\" class=\"reference\"><\/sup><sup id=\"cite_ref-jt_3-1\" class=\"reference\"><a style=\"color: #ffffff;\" href=\"https:\/\/en.wikipedia.org\/wiki\/Salix_integra#cite_note-jt-3\">[3]<\/a><\/sup><\/span><\/p>\n","protected":false},"excerpt":{"rendered":"<p>Salix integra &#8216;Hakuro &#8216;Nishiki&#8217;,Tarka level\u0171 jap\u00e1nf\u0171z<\/p>\n<p><b>N\u00f6veked\u00e9s, alak:<\/b>\u00a01,5-2 m magasra n\u00f6v\u0151 cserje, melyet t\u00f6rzsre oltva is forgalmaznak. S\u0171r\u0171 el\u00e1gaz\u00e1s\u00fa, g\u00f6mb\u00f6lyded habitus\u00fa.<br \/>\n<b>Lev\u00e9l:<\/b>\u00a0Feh\u00e9rtarka, fiatalon flaming\u00f3-r\u00f3zsasz\u00edn tarka, nagyon dekorat\u00edv f\u0171z lev\u00e9l.<br \/>\n<b>Vir\u00e1g:<\/b>\u00a0Jelent\u00e9ktelen.<br \/>\n<b>Term\u00e9s:<\/b>\u00a0Van, de jelent\u00e9ktelen.<br \/>\n<b>Term\u0151hely, ig\u00e9ny:<\/b>\u00a0Talaj ir\u00e1nt nem ig\u00e9nyes, de a nedvesebb, t\u00e1panyaggal k\u00f6zepesen ell\u00e1tott talajokon jobban, szebben n\u0151 \u00e9s d\u00edsz\u00edt<br \/>\n<b>Felhaszn\u00e1l\u00e1s:<\/b>\u00a0Cserjek\u00e9nt t\u00f6megesen is, t\u00f6rzsre oltva szoliter n\u00f6v\u00e9nyk\u00e9nt haszn\u00e1ljuk, kertben, parkban, tet\u0151kertben, ed\u00e9nyben. Veget\u00e1ci\u00f3ban is t\u00f6bbsz\u00f6r \u00e9rdemes visszav\u00e1gni, mert a fiatal hajt\u00e1sok levelei fokozottan d\u00edszesebbek, tark\u00e1bbak.<\/p>\n<p>Jelen term\u00e9k\u00fcnk 2literes cser\u00e9pben kaphat\u00f3 \u00e9s\u00a0 kb:40\/60 cm magas.<\/p>","protected":false},"featured_media":1969,"template":"","meta":{"_et_pb_use_builder":"","_et_pb_old_content":"","_et_gb_content_width":""},"product_brand":[],"product_cat":[27],"product_tag":[1776,1775,1774,159,528,160],"class_list":{"0":"post-1946","1":"product","2":"type-product","3":"status-publish","4":"has-post-thumbnail","6":"product_cat-cserjek","7":"product_tag-dekorativ","8":"product_tag-igenytelen","9":"product_tag-japanfuz","10":"product_tag-salix-integra-hakuro-nishiki","11":"product_tag-soveny","12":"product_tag-tarka-levelu-japanfuz","14":"first","15":"outofstock","16":"shipping-taxable","17":"purchasable","18":"product-type-simple"},"yoast_head":"<!-- This site is optimized with the Yoast SEO plugin v27.4 - https:\/\/yoast.com\/product\/yoast-seo-wordpress\/ -->\n<title>Salix integra &#039;Hakuro &#039;Nishiki&#039;,Tarka level\u0171 jap\u00e1nf\u0171z - T\u00e1jkert\u00e9sz<\/title>\n<meta name=\"description\" content=\"A Salix integra &#039;Hakuro &#039;Nishiki&#039;,Tarka level\u0171 jap\u00e1nf\u0171z k\u00f6zkedvelt bokor vagy t\u00f6rzsre oltott ki fa.K\u00fcl\u00f6nlegess\u00e9ge a r\u00f3zsasz\u00edn tarka levelei.\" \/>\n<meta name=\"robots\" content=\"index, follow, max-snippet:-1, max-image-preview:large, max-video-preview:-1\" \/>\n<link rel=\"canonical\" href=\"https:\/\/tajkertesz.com\/en_US\/product\/salix-integra-hakuro-nishikitarka-levelu-japanfuz-2\/\" \/>\n<meta property=\"og:locale\" content=\"en_US\" \/>\n<meta property=\"og:type\" content=\"article\" \/>\n<meta property=\"og:title\" content=\"Salix integra &#039;Hakuro &#039;Nishiki&#039;,Tarka level\u0171 jap\u00e1nf\u0171z - T\u00e1jkert\u00e9sz\" \/>\n<meta property=\"og:description\" content=\"A Salix integra &#039;Hakuro &#039;Nishiki&#039;,Tarka level\u0171 jap\u00e1nf\u0171z k\u00f6zkedvelt bokor vagy t\u00f6rzsre oltott ki fa.K\u00fcl\u00f6nlegess\u00e9ge a r\u00f3zsasz\u00edn tarka levelei.\" \/>\n<meta property=\"og:url\" content=\"https:\/\/tajkertesz.com\/en_US\/product\/salix-integra-hakuro-nishikitarka-levelu-japanfuz-2\/\" \/>\n<meta property=\"og:site_name\" content=\"T\u00e1jkert\u00e9sz\" \/>\n<meta property=\"article:publisher\" content=\"https:\/\/www.facebook.com\/Tajkertesz\/\" \/>\n<meta property=\"article:modified_time\" content=\"2024-03-21T10:13:50+00:00\" \/>\n<meta property=\"og:image\" content=\"https:\/\/tajkertesz.com\/wp-content\/uploads\/2020\/05\/Hakuro.jpg\" \/>\n\t<meta property=\"og:image:width\" content=\"203\" \/>\n\t<meta property=\"og:image:height\" content=\"202\" \/>\n\t<meta property=\"og:image:type\" content=\"image\/jpeg\" \/>\n<meta name=\"twitter:card\" content=\"summary_large_image\" \/>\n<meta name=\"twitter:label1\" content=\"Est. reading time\" \/>\n\t<meta name=\"twitter:data1\" content=\"2 minutes\" \/>\n<script type=\"application\/ld+json\" class=\"yoast-schema-graph\">{\"@context\":\"https:\\\/\\\/schema.org\",\"@graph\":[{\"@type\":\"WebPage\",\"@id\":\"https:\\\/\\\/tajkertesz.com\\\/termek\\\/salix-integra-hakuro-nishikitarka-levelu-japanfuz-2\\\/\",\"url\":\"https:\\\/\\\/tajkertesz.com\\\/termek\\\/salix-integra-hakuro-nishikitarka-levelu-japanfuz-2\\\/\",\"name\":\"Salix integra 'Hakuro 'Nishiki',Tarka level\u0171 jap\u00e1nf\u0171z - T\u00e1jkert\u00e9sz\",\"isPartOf\":{\"@id\":\"https:\\\/\\\/tajkertesz.com\\\/#website\"},\"primaryImageOfPage\":{\"@id\":\"https:\\\/\\\/tajkertesz.com\\\/termek\\\/salix-integra-hakuro-nishikitarka-levelu-japanfuz-2\\\/#primaryimage\"},\"image\":{\"@id\":\"https:\\\/\\\/tajkertesz.com\\\/termek\\\/salix-integra-hakuro-nishikitarka-levelu-japanfuz-2\\\/#primaryimage\"},\"thumbnailUrl\":\"https:\\\/\\\/tajkertesz.com\\\/wp-content\\\/uploads\\\/2020\\\/05\\\/Hakuro.jpg\",\"datePublished\":\"2020-05-19T10:13:43+00:00\",\"dateModified\":\"2024-03-21T10:13:50+00:00\",\"description\":\"A Salix integra 'Hakuro 'Nishiki',Tarka level\u0171 jap\u00e1nf\u0171z k\u00f6zkedvelt bokor vagy t\u00f6rzsre oltott ki fa.K\u00fcl\u00f6nlegess\u00e9ge a r\u00f3zsasz\u00edn tarka levelei.\",\"breadcrumb\":{\"@id\":\"https:\\\/\\\/tajkertesz.com\\\/termek\\\/salix-integra-hakuro-nishikitarka-levelu-japanfuz-2\\\/#breadcrumb\"},\"inLanguage\":\"en-US\",\"potentialAction\":[{\"@type\":\"ReadAction\",\"target\":[\"https:\\\/\\\/tajkertesz.com\\\/termek\\\/salix-integra-hakuro-nishikitarka-levelu-japanfuz-2\\\/\"]}]},{\"@type\":\"ImageObject\",\"inLanguage\":\"en-US\",\"@id\":\"https:\\\/\\\/tajkertesz.com\\\/termek\\\/salix-integra-hakuro-nishikitarka-levelu-japanfuz-2\\\/#primaryimage\",\"url\":\"https:\\\/\\\/tajkertesz.com\\\/wp-content\\\/uploads\\\/2020\\\/05\\\/Hakuro.jpg\",\"contentUrl\":\"https:\\\/\\\/tajkertesz.com\\\/wp-content\\\/uploads\\\/2020\\\/05\\\/Hakuro.jpg\",\"width\":203,\"height\":202},{\"@type\":\"BreadcrumbList\",\"@id\":\"https:\\\/\\\/tajkertesz.com\\\/termek\\\/salix-integra-hakuro-nishikitarka-levelu-japanfuz-2\\\/#breadcrumb\",\"itemListElement\":[{\"@type\":\"ListItem\",\"position\":1,\"name\":\"Home\",\"item\":\"https:\\\/\\\/tajkertesz.com\\\/\"},{\"@type\":\"ListItem\",\"position\":2,\"name\":\"Kezd\u0151lap\",\"item\":\"https:\\\/\\\/tajkertesz.com\\\/\"},{\"@type\":\"ListItem\",\"position\":3,\"name\":\"Salix integra &#8216;Hakuro &#8216;Nishiki&#8217;,Tarka level\u0171 jap\u00e1nf\u0171z\"}]},{\"@type\":\"WebSite\",\"@id\":\"https:\\\/\\\/tajkertesz.com\\\/#website\",\"url\":\"https:\\\/\\\/tajkertesz.com\\\/\",\"name\":\"T\u00e1j-Kert\u00e9sz 84 Kft.\",\"description\":\"Kert\u00e9szeti kis- \u00e9s nagykeresked\u00e9s, D\u00edszn\u00f6v\u00e9ny web\u00e1ruh\u00e1z orsz\u00e1gos h\u00e1zhozsz\u00e1ll\u00edt\u00e1ssal!\",\"publisher\":{\"@id\":\"https:\\\/\\\/tajkertesz.com\\\/#organization\"},\"potentialAction\":[{\"@type\":\"SearchAction\",\"target\":{\"@type\":\"EntryPoint\",\"urlTemplate\":\"https:\\\/\\\/tajkertesz.com\\\/?s={search_term_string}\"},\"query-input\":{\"@type\":\"PropertyValueSpecification\",\"valueRequired\":true,\"valueName\":\"search_term_string\"}}],\"inLanguage\":\"en-US\"},{\"@type\":\"Organization\",\"@id\":\"https:\\\/\\\/tajkertesz.com\\\/#organization\",\"name\":\"T\u00e1j-Kert\u00e9sz 84 Kft.\",\"url\":\"https:\\\/\\\/tajkertesz.com\\\/\",\"logo\":{\"@type\":\"ImageObject\",\"inLanguage\":\"en-US\",\"@id\":\"https:\\\/\\\/tajkertesz.com\\\/#\\\/schema\\\/logo\\\/image\\\/\",\"url\":\"https:\\\/\\\/tajkertesz.com\\\/wp-content\\\/uploads\\\/2018\\\/02\\\/logo-2-e1518678052539.png\",\"contentUrl\":\"https:\\\/\\\/tajkertesz.com\\\/wp-content\\\/uploads\\\/2018\\\/02\\\/logo-2-e1518678052539.png\",\"width\":81,\"height\":140,\"caption\":\"T\u00e1j-Kert\u00e9sz 84 Kft.\"},\"image\":{\"@id\":\"https:\\\/\\\/tajkertesz.com\\\/#\\\/schema\\\/logo\\\/image\\\/\"},\"sameAs\":[\"https:\\\/\\\/www.facebook.com\\\/Tajkertesz\\\/\"]}]}<\/script>\n<!-- \/ Yoast SEO plugin. -->","yoast_head_json":{"title":"Salix integra 'Hakuro 'Nishiki',Tarka level\u0171 jap\u00e1nf\u0171z - T\u00e1jkert\u00e9sz","description":"A Salix integra 'Hakuro 'Nishiki',Tarka level\u0171 jap\u00e1nf\u0171z k\u00f6zkedvelt bokor vagy t\u00f6rzsre oltott ki fa.K\u00fcl\u00f6nlegess\u00e9ge a r\u00f3zsasz\u00edn tarka levelei.","robots":{"index":"index","follow":"follow","max-snippet":"max-snippet:-1","max-image-preview":"max-image-preview:large","max-video-preview":"max-video-preview:-1"},"canonical":"https:\/\/tajkertesz.com\/en_US\/product\/salix-integra-hakuro-nishikitarka-levelu-japanfuz-2\/","og_locale":"en_US","og_type":"article","og_title":"Salix integra 'Hakuro 'Nishiki',Tarka level\u0171 jap\u00e1nf\u0171z - T\u00e1jkert\u00e9sz","og_description":"A Salix integra 'Hakuro 'Nishiki',Tarka level\u0171 jap\u00e1nf\u0171z k\u00f6zkedvelt bokor vagy t\u00f6rzsre oltott ki fa.K\u00fcl\u00f6nlegess\u00e9ge a r\u00f3zsasz\u00edn tarka levelei.","og_url":"https:\/\/tajkertesz.com\/en_US\/product\/salix-integra-hakuro-nishikitarka-levelu-japanfuz-2\/","og_site_name":"T\u00e1jkert\u00e9sz","article_publisher":"https:\/\/www.facebook.com\/Tajkertesz\/","article_modified_time":"2024-03-21T10:13:50+00:00","og_image":[{"width":203,"height":202,"url":"https:\/\/tajkertesz.com\/wp-content\/uploads\/2020\/05\/Hakuro.jpg","type":"image\/jpeg"}],"twitter_card":"summary_large_image","twitter_misc":{"Est. reading time":"2 minutes"},"schema":{"@context":"https:\/\/schema.org","@graph":[{"@type":"WebPage","@id":"https:\/\/tajkertesz.com\/termek\/salix-integra-hakuro-nishikitarka-levelu-japanfuz-2\/","url":"https:\/\/tajkertesz.com\/termek\/salix-integra-hakuro-nishikitarka-levelu-japanfuz-2\/","name":"Salix integra 'Hakuro 'Nishiki',Tarka level\u0171 jap\u00e1nf\u0171z - T\u00e1jkert\u00e9sz","isPartOf":{"@id":"https:\/\/tajkertesz.com\/#website"},"primaryImageOfPage":{"@id":"https:\/\/tajkertesz.com\/termek\/salix-integra-hakuro-nishikitarka-levelu-japanfuz-2\/#primaryimage"},"image":{"@id":"https:\/\/tajkertesz.com\/termek\/salix-integra-hakuro-nishikitarka-levelu-japanfuz-2\/#primaryimage"},"thumbnailUrl":"https:\/\/tajkertesz.com\/wp-content\/uploads\/2020\/05\/Hakuro.jpg","datePublished":"2020-05-19T10:13:43+00:00","dateModified":"2024-03-21T10:13:50+00:00","description":"A Salix integra 'Hakuro 'Nishiki',Tarka level\u0171 jap\u00e1nf\u0171z k\u00f6zkedvelt bokor vagy t\u00f6rzsre oltott ki fa.K\u00fcl\u00f6nlegess\u00e9ge a r\u00f3zsasz\u00edn tarka levelei.","breadcrumb":{"@id":"https:\/\/tajkertesz.com\/termek\/salix-integra-hakuro-nishikitarka-levelu-japanfuz-2\/#breadcrumb"},"inLanguage":"en-US","potentialAction":[{"@type":"ReadAction","target":["https:\/\/tajkertesz.com\/termek\/salix-integra-hakuro-nishikitarka-levelu-japanfuz-2\/"]}]},{"@type":"ImageObject","inLanguage":"en-US","@id":"https:\/\/tajkertesz.com\/termek\/salix-integra-hakuro-nishikitarka-levelu-japanfuz-2\/#primaryimage","url":"https:\/\/tajkertesz.com\/wp-content\/uploads\/2020\/05\/Hakuro.jpg","contentUrl":"https:\/\/tajkertesz.com\/wp-content\/uploads\/2020\/05\/Hakuro.jpg","width":203,"height":202},{"@type":"BreadcrumbList","@id":"https:\/\/tajkertesz.com\/termek\/salix-integra-hakuro-nishikitarka-levelu-japanfuz-2\/#breadcrumb","itemListElement":[{"@type":"ListItem","position":1,"name":"Home","item":"https:\/\/tajkertesz.com\/"},{"@type":"ListItem","position":2,"name":"Kezd\u0151lap","item":"https:\/\/tajkertesz.com\/"},{"@type":"ListItem","position":3,"name":"Salix integra &#8216;Hakuro &#8216;Nishiki&#8217;,Tarka level\u0171 jap\u00e1nf\u0171z"}]},{"@type":"WebSite","@id":"https:\/\/tajkertesz.com\/#website","url":"https:\/\/tajkertesz.com\/","name":"T\u00e1j-Kert\u00e9sz 84 Kft.","description":"Kert\u00e9szeti kis- \u00e9s nagykeresked\u00e9s, D\u00edszn\u00f6v\u00e9ny web\u00e1ruh\u00e1z orsz\u00e1gos h\u00e1zhozsz\u00e1ll\u00edt\u00e1ssal!","publisher":{"@id":"https:\/\/tajkertesz.com\/#organization"},"potentialAction":[{"@type":"SearchAction","target":{"@type":"EntryPoint","urlTemplate":"https:\/\/tajkertesz.com\/?s={search_term_string}"},"query-input":{"@type":"PropertyValueSpecification","valueRequired":true,"valueName":"search_term_string"}}],"inLanguage":"en-US"},{"@type":"Organization","@id":"https:\/\/tajkertesz.com\/#organization","name":"T\u00e1j-Kert\u00e9sz 84 Kft.","url":"https:\/\/tajkertesz.com\/","logo":{"@type":"ImageObject","inLanguage":"en-US","@id":"https:\/\/tajkertesz.com\/#\/schema\/logo\/image\/","url":"https:\/\/tajkertesz.com\/wp-content\/uploads\/2018\/02\/logo-2-e1518678052539.png","contentUrl":"https:\/\/tajkertesz.com\/wp-content\/uploads\/2018\/02\/logo-2-e1518678052539.png","width":81,"height":140,"caption":"T\u00e1j-Kert\u00e9sz 84 Kft."},"image":{"@id":"https:\/\/tajkertesz.com\/#\/schema\/logo\/image\/"},"sameAs":["https:\/\/www.facebook.com\/Tajkertesz\/"]}]}},"_links":{"self":[{"href":"https:\/\/tajkertesz.com\/en_US\/wp-json\/wp\/v2\/product\/1946","targetHints":{"allow":["GET"]}}],"collection":[{"href":"https:\/\/tajkertesz.com\/en_US\/wp-json\/wp\/v2\/product"}],"about":[{"href":"https:\/\/tajkertesz.com\/en_US\/wp-json\/wp\/v2\/types\/product"}],"wp:featuredmedia":[{"embeddable":true,"href":"https:\/\/tajkertesz.com\/en_US\/wp-json\/wp\/v2\/media\/1969"}],"wp:attachment":[{"href":"https:\/\/tajkertesz.com\/en_US\/wp-json\/wp\/v2\/media?parent=1946"}],"wp:term":[{"taxonomy":"product_brand","embeddable":true,"href":"https:\/\/tajkertesz.com\/en_US\/wp-json\/wp\/v2\/product_brand?post=1946"},{"taxonomy":"product_cat","embeddable":true,"href":"https:\/\/tajkertesz.com\/en_US\/wp-json\/wp\/v2\/product_cat?post=1946"},{"taxonomy":"product_tag","embeddable":true,"href":"https:\/\/tajkertesz.com\/en_US\/wp-json\/wp\/v2\/product_tag?post=1946"}],"curies":[{"name":"wp","href":"https:\/\/api.w.org\/{rel}","templated":true}]}}