{"id":19726,"date":"2024-03-13T14:07:24","date_gmt":"2024-03-13T14:07:24","guid":{"rendered":"https:\/\/tajkertesz.com\/?post_type=product&#038;p=19726"},"modified":"2026-03-10T11:05:47","modified_gmt":"2026-03-10T11:05:47","slug":"cortaderia-selloana-rosea-rozsaszin-viragu-pampafu","status":"publish","type":"product","link":"https:\/\/tajkertesz.com\/en_US\/product\/cortaderia-selloana-rosea-rozsaszin-viragu-pampafu\/","title":{"rendered":"Cortaderia selloana &#8216;Rosea&#8217; &#8211; R\u00f3zsasz\u00edn vir\u00e1g\u00fa pampaf\u0171"},"content":{"rendered":"<h1>Cortaderia selloana &#8216;Rosea&#8217; &#8211; R\u00f3zsasz\u00edn vir\u00e1g\u00fa pampaf\u0171<\/h1>\n<p>A Cortaderia selloana &#8216;Rosea&#8217; &#8211; R\u00f3zsasz\u00edn vir\u00e1g\u00fa pampaf\u0171 2,5 m magara n\u00f6v\u0151 \u00e9vel\u0151 f\u0171f\u00e9le.<\/p>\n<h2>Cortaderia selloana &#8216;Rosea&#8217; jellemz\u0151i:<\/h2>\n<ul>\n<li data-start=\"327\" data-end=\"476\">A <strong data-start=\"331\" data-end=\"362\">Cortaderia selloana &#8216;Rosea&#8217;<\/strong> egy impoz\u00e1ns, nagy termet\u0171, \u00e9vel\u0151 f\u0171f\u00e9le, amely ak\u00e1r 2\u20133 m\u00e9ter magasra is megn\u0151het, \u00e9s hasonl\u00f3an sz\u00e9les is lehet.<\/li>\n<li data-start=\"480\" data-end=\"698\">A legfelt\u0171n\u0151bb jellemz\u0151je a vir\u00e1gzata, amely sz\u00e9p, <strong data-start=\"533\" data-end=\"566\">r\u00f3zsasz\u00edn, selymes pelyhekb\u0151l<\/strong> \u00e1ll\u00f3 vir\u00e1gfejeket alkot. Ezek a vir\u00e1gok magas, 1\u20132 m\u00e9ter hossz\u00fa vir\u00e1gsz\u00e1rakon helyezkednek el, amelyek impoz\u00e1ns l\u00e1tv\u00e1nyt ny\u00fajtanak.<\/li>\n<li data-start=\"702\" data-end=\"820\">A n\u00f6v\u00e9ny z\u00f6ld, hossz\u00fa, keskeny levelei is d\u00edszesek, \u00e9s a vir\u00e1gzati sz\u00e1rak f\u00f6l\u00f6tt \u00edvelt, d\u00fas lev\u00e9lrengeteg alakul ki.<\/li>\n<\/ul>\n<h3>A r\u00f3zsasz\u00edn vir\u00e1g\u00fapampaf\u0171 gondoz\u00e1sa<\/h3>\n<ul>\n<li data-start=\"1162\" data-end=\"1252\">A r\u00f3zsasz\u00edn pampaf\u0171 napos helyeken fejl\u0151dik legjobban, de j\u00f3l t\u0171ri az enyhe \u00e1rny\u00e9kot is.<\/li>\n<li data-start=\"1256\" data-end=\"1455\">A talajjal szemben nem t\u00fal ig\u00e9nyes, de a j\u00f3 v\u00edzelvezet\u00e9s\u0171, t\u00e1panyagban gazdag talajokban \u00e9rzi mag\u00e1t a legjobban. A megfelel\u0151 talajnedvess\u00e9g fontos a n\u00f6v\u00e9ny sz\u00e1m\u00e1ra, k\u00fcl\u00f6n\u00f6sen a melegebb h\u00f3napokban.<\/li>\n<li data-start=\"1459\" data-end=\"1522\">A n\u00f6v\u00e9ny gyors n\u00f6veked\u00e9s\u0171, \u00e9s \u00e9vr\u0151l \u00e9vre egyre d\u00fasabb\u00e1 v\u00e1lik.<\/li>\n<\/ul>\n<p>&nbsp;<\/p>\n<p>Jelen term\u00e9k\u00fcnk kb: 80-100 -140cm magas \u00e9s 5\u00a0 literes\u00a0 kaphat\u00f3.<\/p>\n<p><b>K\u00e9szlet\u00fcnk napi szinten v\u00e1ltozik, ez\u00e9rt k\u00e9rj\u00fck, \u00e9rdekl\u0151dj\u00f6n szem\u00e9lyesen, telefonon vagy email-en.<br \/>\nA v\u00e1ltoztat\u00e1s jog\u00e1t fenntartjuk!<\/b><b>\u00a0<\/b><\/p>\n<p><a href=\"https:\/\/tajkertesz.com\/\">https:\/\/tajkertesz.com\/<\/a><\/p>\n<p><a href=\"https:\/\/www.facebook.com\/tajkertesz\/\">https:\/\/www.facebook.com\/tajkertesz\/<\/a><\/p>\n<p>Kisz\u00e1ll\u00edt\u00e1s: 200cm-ig \u00e9s 40 kg-ig a sz\u00e1ll\u00edt\u00e1s fut\u00e1rszolg\u00e1lattal t\u00f6rt\u00e9nik.<\/p>\n<p>Szem\u00e9lyes \u00e1tv\u00e9tel nyitvatart\u00e1si id\u0151ben a 17. ker\u00fclet Bakancsos utca 7. sz\u00e1m alatti Kert\u00e9szeti \u00e1rud\u00e1nkban.<\/p>\n<p>Kert\u00e9p\u00edt\u0151k \u00e9s viszontelad\u00f3k regisztr\u00e1l\u00e1s ut\u00e1n egyedi kedvezm\u00e9nnyel v\u00e1s\u00e1rolhatnak kert\u00e9szeti kis-\u00e9s nagykeresked\u00e9s\u00fcnkben.<\/p>\n<p><strong>Az \u00e1rak egy darab term\u00e9kre vonatkoznak.<\/strong><\/p>\n<p><strong>J\u00f3 tudni!<\/strong><\/p>\n<p>K\u00e9pek-elt\u00e9r\u00e9sek:<\/p>\n<p>A n\u00f6v\u00e9nyekr\u0151l felt\u00f6lt\u00f6tt k\u00e9pek illusztr\u00e1ci\u00f3k. N\u00f6v\u00e9nyekn\u00e9l el\u0151fordulhatnak minim\u00e1lis elt\u00e9r\u00e9sek a k\u00e9peken szerepl\u0151 n\u00f6v\u00e9nyek \u00e9s az \u00e1tvett n\u00f6v\u00e9nyek k\u00f6z\u00f6tt, mivel minden n\u00f6v\u00e9ny egyedi.<\/p>\n<h4>N\u00f6v\u00e9nyek sz\u00e1ll\u00edt\u00e1sa:<\/h4>\n<p>A megrendelt n\u00f6v\u00e9nyeket igyeksz\u00fcnk a lehet\u0151 legbiztons\u00e1gosabban egyes\u00e9vel csomagolni, azonban a sz\u00e1ll\u00edt\u00e1s sor\u00e1n m\u00e9g ennek ellen\u00e9re is\u00a0bek\u00f6vetkezhetnek apr\u00f3bb s\u00e9r\u00fcl\u00e9sek (lev\u00e9l- vagy vir\u00e1ghull\u00e1s).<br \/>\nN\u00f6v\u00e9ny rendel\u00e9s eset\u00e9n k\u00e9rj\u00fck a k\u00e9zbes\u00edt\u00e9st k\u00f6vet\u0151en a lehet\u0151 leghamarabb bonts\u00e1k ki a csomagot.<\/p>\n<p>Abban az esetben, ha a megrendelt n\u00f6v\u00e9ny\u00a0a sz\u00e1ll\u00edt\u00e1st k\u00f6vet\u0151en\u00a0nem megfelel\u0151 gondoz\u00e1sban r\u00e9szes\u00fcl \u00e9s ebb\u0151l kifoly\u00f3lag\u00a0k\u00e1rosodik,\u00a0elpusztul, felel\u0151ss\u00e9get sajnos nem tudunk v\u00e1llalni.<\/p>\n<p>V\u00e1s\u00e1rl\u00e1st\u00f3l val\u00f3 el\u00e1ll\u00e1s \u00e9l\u0151 n\u00f6v\u00e9ny v\u00e1s\u00e1rl\u00e1sa eset\u00e9n:<\/p>\n<p>Az \u00e1ltal\u00e1nos 14 napos el\u00e1ll\u00e1s lehet\u0151s\u00e9ge \u00e9l\u0151 n\u00f6v\u00e9nyekre nem vonatkozik. V\u00e1s\u00e1rl\u00e1st\u00f3l val\u00f3 el\u00e1ll\u00e1sra, visszak\u00fcld\u00e9sre nincs lehet\u0151s\u00e9g.\u00a0(17\/1999. (II. 5.) Korm. rendelet 5c pontja)<\/p>\n<p><strong>K\u00e9rj\u00fck fentiek figyelembev\u00e9tel\u00e9t n\u00f6v\u00e9ny rendel\u00e9se sor\u00e1n!<\/strong><\/p>","protected":false},"excerpt":{"rendered":"<p>A Cortaderia selloana &#8216;Rosea&#8217;, R\u00f3zsasz\u00edn vir\u00e1g\u00fa pampaf\u0171 2,5 m magara n\u00f6v\u0151 \u00e9vel\u0151 f\u0171f\u00e9le. A levelek \u00f6r\u00f6kz\u00f6ldek bar\u00e1zd\u00e1ltak, keskenyek, \u00edvesen kihajl\u00f3k, z\u00f6ld sz\u00edn\u0171ek \u00e9s \u00e9les sz\u00e9l\u0171ek. Egyenesen fel\u00e1ll\u00f3 vir\u00e1gsz\u00e1rai el\u00e9rik a 120-300cm-es magass\u00e1got. Hatalmas bug\u00e1ja 50-120 cm hossz\u00fa k\u00fapos, melyeket \u0151sszel hoz.<\/p>\n<p>Keszty\u0171t h\u00fazva a t\u00e9l el\u0151tt \u00f6ssze kell k\u00f6tni a leveleit, hogy a h\u00f3 ne \u00fclj\u00f6n a t\u00f6v\u00e9be. \u00c9rdemes 1 m\u00e9ter magass\u00e1gban visszav\u00e1gni.\u00a0 Aj\u00e1nlatos a t\u00f6v\u00e9t takarni, de nem a fagy miatt, ink\u00e1bb a besziv\u00e1rg\u00f3 v\u00edz mennyis\u00e9g\u00e9t korl\u00e1tozni. K\u00e1rtev\u0151je, betegs\u00e9ge nincs.<\/p>\n<p>Jelen term\u00e9k\u00fcnk kb: 80-100 -140 cm magas \u00e9s 5\u00a0 literes kont\u00e9nerben kaphat\u00f3.<\/p>","protected":false},"featured_media":1717,"template":"","meta":{"_et_pb_use_builder":"","_et_pb_old_content":"","_et_gb_content_width":""},"product_brand":[],"product_cat":[197],"product_tag":[474,476,475],"class_list":{"0":"post-19726","1":"product","2":"type-product","3":"status-publish","4":"has-post-thumbnail","6":"product_cat-diszfuvek-fufelek","7":"product_tag-cortaderia-selloana-rosea","8":"product_tag-pampafu","9":"product_tag-rozsaszin-viragu-pampafu","11":"first","12":"outofstock","13":"shipping-taxable","14":"product-type-simple"},"yoast_head":"<!-- This site is optimized with the Yoast SEO plugin v27.4 - https:\/\/yoast.com\/product\/yoast-seo-wordpress\/ -->\n<title>Cortaderia selloana &#039;Rosea&#039; - R\u00f3zsasz\u00edn vir\u00e1g\u00fa pampaf\u0171 - T\u00e1jkert\u00e9sz<\/title>\n<meta name=\"description\" content=\"A Cortaderia selloana &#039;Rosea&#039;, R\u00f3zsasz\u00edn vir\u00e1g\u00fa pampaf\u0171 2,5 m magara n\u00f6v\u0151 \u00e9vel\u0151 f\u0171f\u00e9le. A levelek \u00f6r\u00f6kz\u00f6ldek bar\u00e1zd\u00e1ltak.\" \/>\n<meta name=\"robots\" content=\"index, follow, max-snippet:-1, max-image-preview:large, max-video-preview:-1\" \/>\n<link rel=\"canonical\" href=\"https:\/\/tajkertesz.com\/en_US\/product\/cortaderia-selloana-rosea-rozsaszin-viragu-pampafu\/\" \/>\n<meta property=\"og:locale\" content=\"en_US\" \/>\n<meta property=\"og:type\" content=\"article\" \/>\n<meta property=\"og:title\" content=\"Cortaderia selloana &#039;Rosea&#039; - R\u00f3zsasz\u00edn vir\u00e1g\u00fa pampaf\u0171 - T\u00e1jkert\u00e9sz\" \/>\n<meta property=\"og:description\" content=\"A Cortaderia selloana &#039;Rosea&#039;, R\u00f3zsasz\u00edn vir\u00e1g\u00fa pampaf\u0171 2,5 m magara n\u00f6v\u0151 \u00e9vel\u0151 f\u0171f\u00e9le. A levelek \u00f6r\u00f6kz\u00f6ldek bar\u00e1zd\u00e1ltak.\" \/>\n<meta property=\"og:url\" content=\"https:\/\/tajkertesz.com\/en_US\/product\/cortaderia-selloana-rosea-rozsaszin-viragu-pampafu\/\" \/>\n<meta property=\"og:site_name\" content=\"T\u00e1jkert\u00e9sz\" \/>\n<meta property=\"article:publisher\" content=\"https:\/\/www.facebook.com\/Tajkertesz\/\" \/>\n<meta property=\"article:modified_time\" content=\"2026-03-10T11:05:47+00:00\" \/>\n<meta property=\"og:image\" content=\"https:\/\/tajkertesz.com\/wp-content\/uploads\/2020\/04\/cortaderia-rosea.jpg4_.jpg\" \/>\n\t<meta property=\"og:image:width\" content=\"570\" \/>\n\t<meta property=\"og:image:height\" content=\"570\" \/>\n\t<meta property=\"og:image:type\" content=\"image\/jpeg\" \/>\n<meta name=\"twitter:card\" content=\"summary_large_image\" \/>\n<meta name=\"twitter:label1\" content=\"Est. reading time\" \/>\n\t<meta name=\"twitter:data1\" content=\"3 minutes\" \/>\n<script type=\"application\/ld+json\" class=\"yoast-schema-graph\">{\"@context\":\"https:\\\/\\\/schema.org\",\"@graph\":[{\"@type\":\"WebPage\",\"@id\":\"https:\\\/\\\/tajkertesz.com\\\/termek\\\/cortaderia-selloana-rosea-rozsaszin-viragu-pampafu\\\/\",\"url\":\"https:\\\/\\\/tajkertesz.com\\\/termek\\\/cortaderia-selloana-rosea-rozsaszin-viragu-pampafu\\\/\",\"name\":\"Cortaderia selloana 'Rosea' - R\u00f3zsasz\u00edn vir\u00e1g\u00fa pampaf\u0171 - T\u00e1jkert\u00e9sz\",\"isPartOf\":{\"@id\":\"https:\\\/\\\/tajkertesz.com\\\/#website\"},\"primaryImageOfPage\":{\"@id\":\"https:\\\/\\\/tajkertesz.com\\\/termek\\\/cortaderia-selloana-rosea-rozsaszin-viragu-pampafu\\\/#primaryimage\"},\"image\":{\"@id\":\"https:\\\/\\\/tajkertesz.com\\\/termek\\\/cortaderia-selloana-rosea-rozsaszin-viragu-pampafu\\\/#primaryimage\"},\"thumbnailUrl\":\"https:\\\/\\\/tajkertesz.com\\\/wp-content\\\/uploads\\\/2020\\\/04\\\/cortaderia-rosea.jpg4_.jpg\",\"datePublished\":\"2024-03-13T14:07:24+00:00\",\"dateModified\":\"2026-03-10T11:05:47+00:00\",\"description\":\"A Cortaderia selloana 'Rosea', R\u00f3zsasz\u00edn vir\u00e1g\u00fa pampaf\u0171 2,5 m magara n\u00f6v\u0151 \u00e9vel\u0151 f\u0171f\u00e9le. A levelek \u00f6r\u00f6kz\u00f6ldek bar\u00e1zd\u00e1ltak.\",\"breadcrumb\":{\"@id\":\"https:\\\/\\\/tajkertesz.com\\\/termek\\\/cortaderia-selloana-rosea-rozsaszin-viragu-pampafu\\\/#breadcrumb\"},\"inLanguage\":\"en-US\",\"potentialAction\":[{\"@type\":\"ReadAction\",\"target\":[\"https:\\\/\\\/tajkertesz.com\\\/termek\\\/cortaderia-selloana-rosea-rozsaszin-viragu-pampafu\\\/\"]}]},{\"@type\":\"ImageObject\",\"inLanguage\":\"en-US\",\"@id\":\"https:\\\/\\\/tajkertesz.com\\\/termek\\\/cortaderia-selloana-rosea-rozsaszin-viragu-pampafu\\\/#primaryimage\",\"url\":\"https:\\\/\\\/tajkertesz.com\\\/wp-content\\\/uploads\\\/2020\\\/04\\\/cortaderia-rosea.jpg4_.jpg\",\"contentUrl\":\"https:\\\/\\\/tajkertesz.com\\\/wp-content\\\/uploads\\\/2020\\\/04\\\/cortaderia-rosea.jpg4_.jpg\",\"width\":570,\"height\":570,\"caption\":\"Cortaderia selloana 'Rosea' - R\u00f3zsasz\u00edn vir\u00e1g\u00fa pampaf\u0171\"},{\"@type\":\"BreadcrumbList\",\"@id\":\"https:\\\/\\\/tajkertesz.com\\\/termek\\\/cortaderia-selloana-rosea-rozsaszin-viragu-pampafu\\\/#breadcrumb\",\"itemListElement\":[{\"@type\":\"ListItem\",\"position\":1,\"name\":\"Home\",\"item\":\"https:\\\/\\\/tajkertesz.com\\\/\"},{\"@type\":\"ListItem\",\"position\":2,\"name\":\"Kezd\u0151lap\",\"item\":\"https:\\\/\\\/tajkertesz.com\\\/\"},{\"@type\":\"ListItem\",\"position\":3,\"name\":\"Cortaderia selloana &#8216;Rosea&#8217; &#8211; R\u00f3zsasz\u00edn vir\u00e1g\u00fa pampaf\u0171\"}]},{\"@type\":\"WebSite\",\"@id\":\"https:\\\/\\\/tajkertesz.com\\\/#website\",\"url\":\"https:\\\/\\\/tajkertesz.com\\\/\",\"name\":\"T\u00e1j-Kert\u00e9sz 84 Kft.\",\"description\":\"Kert\u00e9szeti kis- \u00e9s nagykeresked\u00e9s, D\u00edszn\u00f6v\u00e9ny web\u00e1ruh\u00e1z orsz\u00e1gos h\u00e1zhozsz\u00e1ll\u00edt\u00e1ssal!\",\"publisher\":{\"@id\":\"https:\\\/\\\/tajkertesz.com\\\/#organization\"},\"potentialAction\":[{\"@type\":\"SearchAction\",\"target\":{\"@type\":\"EntryPoint\",\"urlTemplate\":\"https:\\\/\\\/tajkertesz.com\\\/?s={search_term_string}\"},\"query-input\":{\"@type\":\"PropertyValueSpecification\",\"valueRequired\":true,\"valueName\":\"search_term_string\"}}],\"inLanguage\":\"en-US\"},{\"@type\":\"Organization\",\"@id\":\"https:\\\/\\\/tajkertesz.com\\\/#organization\",\"name\":\"T\u00e1j-Kert\u00e9sz 84 Kft.\",\"url\":\"https:\\\/\\\/tajkertesz.com\\\/\",\"logo\":{\"@type\":\"ImageObject\",\"inLanguage\":\"en-US\",\"@id\":\"https:\\\/\\\/tajkertesz.com\\\/#\\\/schema\\\/logo\\\/image\\\/\",\"url\":\"https:\\\/\\\/tajkertesz.com\\\/wp-content\\\/uploads\\\/2018\\\/02\\\/logo-2-e1518678052539.png\",\"contentUrl\":\"https:\\\/\\\/tajkertesz.com\\\/wp-content\\\/uploads\\\/2018\\\/02\\\/logo-2-e1518678052539.png\",\"width\":81,\"height\":140,\"caption\":\"T\u00e1j-Kert\u00e9sz 84 Kft.\"},\"image\":{\"@id\":\"https:\\\/\\\/tajkertesz.com\\\/#\\\/schema\\\/logo\\\/image\\\/\"},\"sameAs\":[\"https:\\\/\\\/www.facebook.com\\\/Tajkertesz\\\/\"]}]}<\/script>\n<!-- \/ Yoast SEO plugin. -->","yoast_head_json":{"title":"Cortaderia selloana 'Rosea' - R\u00f3zsasz\u00edn vir\u00e1g\u00fa pampaf\u0171 - T\u00e1jkert\u00e9sz","description":"A Cortaderia selloana 'Rosea', R\u00f3zsasz\u00edn vir\u00e1g\u00fa pampaf\u0171 2,5 m magara n\u00f6v\u0151 \u00e9vel\u0151 f\u0171f\u00e9le. A levelek \u00f6r\u00f6kz\u00f6ldek bar\u00e1zd\u00e1ltak.","robots":{"index":"index","follow":"follow","max-snippet":"max-snippet:-1","max-image-preview":"max-image-preview:large","max-video-preview":"max-video-preview:-1"},"canonical":"https:\/\/tajkertesz.com\/en_US\/product\/cortaderia-selloana-rosea-rozsaszin-viragu-pampafu\/","og_locale":"en_US","og_type":"article","og_title":"Cortaderia selloana 'Rosea' - R\u00f3zsasz\u00edn vir\u00e1g\u00fa pampaf\u0171 - T\u00e1jkert\u00e9sz","og_description":"A Cortaderia selloana 'Rosea', R\u00f3zsasz\u00edn vir\u00e1g\u00fa pampaf\u0171 2,5 m magara n\u00f6v\u0151 \u00e9vel\u0151 f\u0171f\u00e9le. A levelek \u00f6r\u00f6kz\u00f6ldek bar\u00e1zd\u00e1ltak.","og_url":"https:\/\/tajkertesz.com\/en_US\/product\/cortaderia-selloana-rosea-rozsaszin-viragu-pampafu\/","og_site_name":"T\u00e1jkert\u00e9sz","article_publisher":"https:\/\/www.facebook.com\/Tajkertesz\/","article_modified_time":"2026-03-10T11:05:47+00:00","og_image":[{"width":570,"height":570,"url":"https:\/\/tajkertesz.com\/wp-content\/uploads\/2020\/04\/cortaderia-rosea.jpg4_.jpg","type":"image\/jpeg"}],"twitter_card":"summary_large_image","twitter_misc":{"Est. reading time":"3 minutes"},"schema":{"@context":"https:\/\/schema.org","@graph":[{"@type":"WebPage","@id":"https:\/\/tajkertesz.com\/termek\/cortaderia-selloana-rosea-rozsaszin-viragu-pampafu\/","url":"https:\/\/tajkertesz.com\/termek\/cortaderia-selloana-rosea-rozsaszin-viragu-pampafu\/","name":"Cortaderia selloana 'Rosea' - R\u00f3zsasz\u00edn vir\u00e1g\u00fa pampaf\u0171 - T\u00e1jkert\u00e9sz","isPartOf":{"@id":"https:\/\/tajkertesz.com\/#website"},"primaryImageOfPage":{"@id":"https:\/\/tajkertesz.com\/termek\/cortaderia-selloana-rosea-rozsaszin-viragu-pampafu\/#primaryimage"},"image":{"@id":"https:\/\/tajkertesz.com\/termek\/cortaderia-selloana-rosea-rozsaszin-viragu-pampafu\/#primaryimage"},"thumbnailUrl":"https:\/\/tajkertesz.com\/wp-content\/uploads\/2020\/04\/cortaderia-rosea.jpg4_.jpg","datePublished":"2024-03-13T14:07:24+00:00","dateModified":"2026-03-10T11:05:47+00:00","description":"A Cortaderia selloana 'Rosea', R\u00f3zsasz\u00edn vir\u00e1g\u00fa pampaf\u0171 2,5 m magara n\u00f6v\u0151 \u00e9vel\u0151 f\u0171f\u00e9le. A levelek \u00f6r\u00f6kz\u00f6ldek bar\u00e1zd\u00e1ltak.","breadcrumb":{"@id":"https:\/\/tajkertesz.com\/termek\/cortaderia-selloana-rosea-rozsaszin-viragu-pampafu\/#breadcrumb"},"inLanguage":"en-US","potentialAction":[{"@type":"ReadAction","target":["https:\/\/tajkertesz.com\/termek\/cortaderia-selloana-rosea-rozsaszin-viragu-pampafu\/"]}]},{"@type":"ImageObject","inLanguage":"en-US","@id":"https:\/\/tajkertesz.com\/termek\/cortaderia-selloana-rosea-rozsaszin-viragu-pampafu\/#primaryimage","url":"https:\/\/tajkertesz.com\/wp-content\/uploads\/2020\/04\/cortaderia-rosea.jpg4_.jpg","contentUrl":"https:\/\/tajkertesz.com\/wp-content\/uploads\/2020\/04\/cortaderia-rosea.jpg4_.jpg","width":570,"height":570,"caption":"Cortaderia selloana 'Rosea' - R\u00f3zsasz\u00edn vir\u00e1g\u00fa pampaf\u0171"},{"@type":"BreadcrumbList","@id":"https:\/\/tajkertesz.com\/termek\/cortaderia-selloana-rosea-rozsaszin-viragu-pampafu\/#breadcrumb","itemListElement":[{"@type":"ListItem","position":1,"name":"Home","item":"https:\/\/tajkertesz.com\/"},{"@type":"ListItem","position":2,"name":"Kezd\u0151lap","item":"https:\/\/tajkertesz.com\/"},{"@type":"ListItem","position":3,"name":"Cortaderia selloana &#8216;Rosea&#8217; &#8211; R\u00f3zsasz\u00edn vir\u00e1g\u00fa pampaf\u0171"}]},{"@type":"WebSite","@id":"https:\/\/tajkertesz.com\/#website","url":"https:\/\/tajkertesz.com\/","name":"T\u00e1j-Kert\u00e9sz 84 Kft.","description":"Kert\u00e9szeti kis- \u00e9s nagykeresked\u00e9s, D\u00edszn\u00f6v\u00e9ny web\u00e1ruh\u00e1z orsz\u00e1gos h\u00e1zhozsz\u00e1ll\u00edt\u00e1ssal!","publisher":{"@id":"https:\/\/tajkertesz.com\/#organization"},"potentialAction":[{"@type":"SearchAction","target":{"@type":"EntryPoint","urlTemplate":"https:\/\/tajkertesz.com\/?s={search_term_string}"},"query-input":{"@type":"PropertyValueSpecification","valueRequired":true,"valueName":"search_term_string"}}],"inLanguage":"en-US"},{"@type":"Organization","@id":"https:\/\/tajkertesz.com\/#organization","name":"T\u00e1j-Kert\u00e9sz 84 Kft.","url":"https:\/\/tajkertesz.com\/","logo":{"@type":"ImageObject","inLanguage":"en-US","@id":"https:\/\/tajkertesz.com\/#\/schema\/logo\/image\/","url":"https:\/\/tajkertesz.com\/wp-content\/uploads\/2018\/02\/logo-2-e1518678052539.png","contentUrl":"https:\/\/tajkertesz.com\/wp-content\/uploads\/2018\/02\/logo-2-e1518678052539.png","width":81,"height":140,"caption":"T\u00e1j-Kert\u00e9sz 84 Kft."},"image":{"@id":"https:\/\/tajkertesz.com\/#\/schema\/logo\/image\/"},"sameAs":["https:\/\/www.facebook.com\/Tajkertesz\/"]}]}},"_links":{"self":[{"href":"https:\/\/tajkertesz.com\/en_US\/wp-json\/wp\/v2\/product\/19726","targetHints":{"allow":["GET"]}}],"collection":[{"href":"https:\/\/tajkertesz.com\/en_US\/wp-json\/wp\/v2\/product"}],"about":[{"href":"https:\/\/tajkertesz.com\/en_US\/wp-json\/wp\/v2\/types\/product"}],"wp:featuredmedia":[{"embeddable":true,"href":"https:\/\/tajkertesz.com\/en_US\/wp-json\/wp\/v2\/media\/1717"}],"wp:attachment":[{"href":"https:\/\/tajkertesz.com\/en_US\/wp-json\/wp\/v2\/media?parent=19726"}],"wp:term":[{"taxonomy":"product_brand","embeddable":true,"href":"https:\/\/tajkertesz.com\/en_US\/wp-json\/wp\/v2\/product_brand?post=19726"},{"taxonomy":"product_cat","embeddable":true,"href":"https:\/\/tajkertesz.com\/en_US\/wp-json\/wp\/v2\/product_cat?post=19726"},{"taxonomy":"product_tag","embeddable":true,"href":"https:\/\/tajkertesz.com\/en_US\/wp-json\/wp\/v2\/product_tag?post=19726"}],"curies":[{"name":"wp","href":"https:\/\/api.w.org\/{rel}","templated":true}]}}