{"id":19809,"date":"2024-03-21T11:16:42","date_gmt":"2024-03-21T11:16:42","guid":{"rendered":"https:\/\/tajkertesz.com\/?post_type=product&#038;p=19809"},"modified":"2024-08-06T12:10:43","modified_gmt":"2024-08-06T12:10:43","slug":"chitalpa-tashkentensis-summer-bells-rozsaszin-viragu-trombitafa","status":"publish","type":"product","link":"https:\/\/tajkertesz.com\/en_US\/product\/chitalpa-tashkentensis-summer-bells-rozsaszin-viragu-trombitafa\/","title":{"rendered":"Chitalpa tashkentensis &#8216;Summer Bells&#8217; &#8211; R\u00f3zsasz\u00edn vir\u00e1g\u00fa trombitafa"},"content":{"rendered":"<h1>Chitalpa tashkentensis &#8216;Summer Bells&#8217; &#8211; R\u00f3zsasz\u00edn vir\u00e1g\u00fa trombitafa<\/h1>\n<p>A\u00a0Chitalpa tashkentensis &#8216;Summer Bells&#8217; &#8211; R\u00f3zsasz\u00edn vir\u00e1g\u00fa trombitafa t\u00e9l\u00e1ll\u00f3, kistermet\u0171 d\u00edszfa. Igaz\u00e1n k\u00fcl\u00f6nleges ritkas\u00e1g, hatalmas r\u00f3zsasz\u00edn t\u00f6lcs\u00e9res vir\u00e1gaival eg\u00e9sz ny\u00e1ron \u00e9ke lehet kert\u00fcnknek.<\/p>\n<p><strong>A r\u00f3zsasz\u00edn trombitafa (Chitalpa tashkentensis) a szivarfa (Catalpa bignonioides)\u00a0\u00e9s a sivatagi f\u0171z (<em>Chilopsis linearis<\/em>)\u00a0keresztez\u00e9s\u00e9vel, \u00dczbegiszt\u00e1nban l\u00e9trehozott k\u00fcl\u00f6nleges sz\u00e9ps\u00e9g\u0171 lombhullat\u00f3 d\u00edszfa.<\/strong><\/p>\n<p>Haz\u00e1nkban k\u00f6r\u00fclbel\u00fcl\u00a0 5-6 m\u00e9teres magass\u00e1gra is megn\u0151het.\u00a0 Gyors n\u00f6veked\u00e9s\u0171 lombhullat\u00f3 d\u00edszfa.\u00a0 Levele hossz\u00fak\u00e1s,\u00a0 nagym\u00e9ret\u0171. T<strong>rombita alak\u00fa, fodros sz\u00e9l\u0171, halv\u00e1nyr\u00f3zsasz\u00edn\u00a0 vir\u00e1gai ny\u00e1ron d\u00edsz\u00edtenek.<\/strong><\/p>\n<p><strong>A trombitafa napos, vil\u00e1gos, f\u00e9l\u00e1rny\u00e9kos v\u00e9dett helyen \u00e9rzi mag\u00e1t a legjobban. Kedveli a j\u00f3 v\u00edz\u00e1tereszt\u0151, m\u00e9ly term\u0151r\u00e9teg\u0171, k\u00f6zepesen t\u00e1pd\u00fas talajt.\u00a0 <\/strong>A fiatal n\u00f6v\u00e9nyek kiss\u00e9 fagy\u00e9rz\u00e9kenyek, ez\u00e9rt c\u00e9lszer\u0171 v\u00e9dett helyett keresni neki.<\/p>\n<p>Az id\u0151sebb n\u00f6v\u00e9nyek, j\u00f3l b\u00edrj\u00e1k a sz\u00e1razs\u00e1got,<strong>\u00a0a fiatal p\u00e9ld\u00e1nyok rendszeres \u00f6nt\u00f6z\u00e9st ig\u00e9nyelnek.<\/strong> Sarjakat hoz, ez\u00e9rt ha egyt\u00f6rzses f\u00e1t szeretn\u00e9nk bel\u0151le nevelni, ezeket t\u00e1vol\u00edtsuk el.<\/p>\n<p style=\"line-height: 18.0pt; background: white; margin: 0cm 0cm 15.0pt 0cm;\"><span style=\"color: black;\">El\u00e9rhet\u0151 t\u00f6bbf\u00e9le m\u00e9retben \u00e9s \u00e1rban.<\/span><\/p>\n<p><strong>K\u00e9szlet\u00fcnk napi szinten v\u00e1ltozik, ez\u00e9rt k\u00e9rj\u00fck, \u00e9rdekl\u0151dj\u00f6n szem\u00e9lyesen, telefonon vagy email-en.<br \/>\nA v\u00e1ltoztat\u00e1s jog\u00e1t fenntartjuk!\u00a0<\/strong><\/p>\n<p><a href=\"https:\/\/tajkertesz.com\/\">https:\/\/tajkertesz.com\/<\/a><\/p>\n<p><a href=\"https:\/\/www.facebook.com\/tajkertesz\/\">https:\/\/www.facebook.com\/tajkertesz\/<\/a><\/p>\n<p>Kisz\u00e1ll\u00edt\u00e1s: 200cm-ig \u00a0\u00e9s 40 kg-ig a sz\u00e1ll\u00edt\u00e1s fut\u00e1rszolg\u00e1lattal \u00a0t\u00f6rt\u00e9nik.<\/p>\n<p>Szem\u00e9lyes \u00e1tv\u00e9tel nyitvatart\u00e1si id\u0151ben a 17. ker\u00fclet Bakancsos utca 7. sz\u00e1m alatti Kert\u00e9szeti \u00e1rud\u00e1ban.<\/p>\n<p>&nbsp;<\/p>\n<p>A\u00a0Chitalpa tashkentensis &#8216;Summer Bells&#8217; &#8211; R\u00f3zsasz\u00edn vir\u00e1g\u00fa trombitafa t\u00e9l\u00e1ll\u00f3, kistermet\u0171 d\u00edszfa. Igaz\u00e1n k\u00fcl\u00f6nleges ritkas\u00e1g, hatalmas r\u00f3zsasz\u00edn t\u00f6lcs\u00e9res vir\u00e1gaival eg\u00e9sz ny\u00e1ron \u00e9ke lehet kert\u00fcnknek.<\/p>\n<p><strong>A r\u00f3zsasz\u00edn trombitafa (Chitalpa tashkentensis) a szivarfa (Catalpa bignonioides)\u00a0\u00e9s a sivatagi f\u0171z (<em>Chilopsis linearis<\/em>)\u00a0keresztez\u00e9s\u00e9vel, \u00dczbegiszt\u00e1nban l\u00e9trehozott k\u00fcl\u00f6nleges sz\u00e9ps\u00e9g\u0171 lombhullat\u00f3 d\u00edszfa.<\/strong><\/p>\n<p>Haz\u00e1nkban k\u00f6r\u00fclbel\u00fcl\u00a0 5-6 m\u00e9teres magass\u00e1gra is megn\u0151het.\u00a0 Gyors n\u00f6veked\u00e9s\u0171 lombhullat\u00f3 d\u00edszfa.\u00a0 Levele hossz\u00fak\u00e1s,\u00a0 nagym\u00e9ret\u0171. T<strong>rombita alak\u00fa, fodros sz\u00e9l\u0171, halv\u00e1nyr\u00f3zsasz\u00edn\u00a0 vir\u00e1gai ny\u00e1ron d\u00edsz\u00edtenek.<\/strong><\/p>\n<p><strong>A trombitafa napos, vil\u00e1gos, f\u00e9l\u00e1rny\u00e9kos v\u00e9dett helyen \u00e9rzi mag\u00e1t a legjobban. Kedveli a j\u00f3 v\u00edz\u00e1tereszt\u0151, m\u00e9ly term\u0151r\u00e9teg\u0171, k\u00f6zepesen t\u00e1pd\u00fas talajt.\u00a0 <\/strong>A fiatal n\u00f6v\u00e9nyek kiss\u00e9 fagy\u00e9rz\u00e9kenyek, ez\u00e9rt c\u00e9lszer\u0171 v\u00e9dett helyett keresni neki.<\/p>\n<p>Az id\u0151sebb n\u00f6v\u00e9nyek, j\u00f3l b\u00edrj\u00e1k a sz\u00e1razs\u00e1got,<strong>\u00a0a fiatal p\u00e9ld\u00e1nyok rendszeres \u00f6nt\u00f6z\u00e9st ig\u00e9nyelnek.<\/strong> Sarjakat hoz, ez\u00e9rt ha egy t\u00f6rzses f\u00e1t szeretn\u00e9nk bel\u0151le nevelni, ezeket t\u00e1vol\u00edtsuk el.<\/p>\n<p>&nbsp;<\/p>","protected":false},"excerpt":{"rendered":"<p><strong>Chitalpa tashkentensis &#8216;Summer Bells&#8217; &#8211; R\u00f3zsasz\u00edn vir\u00e1g\u00fa trombitafa<\/strong><\/p>\n<p>T\u00e9l\u00e1ll\u00f3, kistermet\u0171 d\u00edszfa. Igaz\u00e1n k\u00fcl\u00f6nleges ritkas\u00e1g, hatalmas r\u00f3zsasz\u00edn t\u00f6lcs\u00e9res vir\u00e1gaival eg\u00e9sz ny\u00e1ron \u00e9ke lehet kert\u00fcnknek.<\/p>\n<p>Jelen term\u00e9k\u00fcnk 5 literes cser\u00e9pben Kb: 100\/120 cm magas.<\/p>","protected":false},"featured_media":19810,"template":"","meta":{"_et_pb_use_builder":"","_et_pb_old_content":"","_et_gb_content_width":""},"product_brand":[],"product_cat":[28],"product_tag":[5248,5249,5250],"class_list":{"0":"post-19809","1":"product","2":"type-product","3":"status-publish","4":"has-post-thumbnail","6":"product_cat-diszfak","7":"product_tag-chitalpa","8":"product_tag-summer","9":"product_tag-trombitafa","11":"first","12":"outofstock","13":"shipping-taxable","14":"purchasable","15":"product-type-simple"},"yoast_head":"<!-- This site is optimized with the Yoast SEO plugin v27.3 - https:\/\/yoast.com\/product\/yoast-seo-wordpress\/ -->\n<title>Chitalpa tashkentensis &#039;Summer Bells&#039; - R\u00f3zsasz\u00edn vir\u00e1g\u00fa trombitafa - T\u00e1jkert\u00e9sz<\/title>\n<meta name=\"description\" content=\"Chitalpa tashkentensis &#039;Summer Bells&#039; - R\u00f3zsasz\u00edn vir\u00e1g\u00fa trombitafa T\u00e9l\u00e1ll\u00f3, kistermet\u0171 d\u00edszfa. Hatalmas t\u00f6lcs\u00e9res vir\u00e1gaival eg\u00e9sz ny\u00e1ron \u00e9ke kert\u00fcnknek.\" \/>\n<meta name=\"robots\" content=\"index, follow, max-snippet:-1, max-image-preview:large, max-video-preview:-1\" \/>\n<link rel=\"canonical\" href=\"https:\/\/tajkertesz.com\/en_US\/product\/chitalpa-tashkentensis-summer-bells-rozsaszin-viragu-trombitafa\/\" \/>\n<meta property=\"og:locale\" content=\"en_US\" \/>\n<meta property=\"og:type\" content=\"article\" \/>\n<meta property=\"og:title\" content=\"Chitalpa tashkentensis &#039;Summer Bells&#039; - R\u00f3zsasz\u00edn vir\u00e1g\u00fa trombitafa - T\u00e1jkert\u00e9sz\" \/>\n<meta property=\"og:description\" content=\"Chitalpa tashkentensis &#039;Summer Bells&#039; - R\u00f3zsasz\u00edn vir\u00e1g\u00fa trombitafa T\u00e9l\u00e1ll\u00f3, kistermet\u0171 d\u00edszfa. Hatalmas t\u00f6lcs\u00e9res vir\u00e1gaival eg\u00e9sz ny\u00e1ron \u00e9ke kert\u00fcnknek.\" \/>\n<meta property=\"og:url\" content=\"https:\/\/tajkertesz.com\/en_US\/product\/chitalpa-tashkentensis-summer-bells-rozsaszin-viragu-trombitafa\/\" \/>\n<meta property=\"og:site_name\" content=\"T\u00e1jkert\u00e9sz\" \/>\n<meta property=\"article:publisher\" content=\"https:\/\/www.facebook.com\/Tajkertesz\/\" \/>\n<meta property=\"article:modified_time\" content=\"2024-08-06T12:10:43+00:00\" \/>\n<meta property=\"og:image\" content=\"https:\/\/tajkertesz.com\/wp-content\/uploads\/2024\/03\/y9g2nnrw.png\" \/>\n\t<meta property=\"og:image:width\" content=\"770\" \/>\n\t<meta property=\"og:image:height\" content=\"988\" \/>\n\t<meta property=\"og:image:type\" content=\"image\/png\" \/>\n<meta name=\"twitter:card\" content=\"summary_large_image\" \/>\n<meta name=\"twitter:label1\" content=\"Est. reading time\" \/>\n\t<meta name=\"twitter:data1\" content=\"2 minutes\" \/>\n<script type=\"application\/ld+json\" class=\"yoast-schema-graph\">{\"@context\":\"https:\\\/\\\/schema.org\",\"@graph\":[{\"@type\":\"WebPage\",\"@id\":\"https:\\\/\\\/tajkertesz.com\\\/termek\\\/chitalpa-tashkentensis-summer-bells-rozsaszin-viragu-trombitafa\\\/\",\"url\":\"https:\\\/\\\/tajkertesz.com\\\/termek\\\/chitalpa-tashkentensis-summer-bells-rozsaszin-viragu-trombitafa\\\/\",\"name\":\"Chitalpa tashkentensis 'Summer Bells' - R\u00f3zsasz\u00edn vir\u00e1g\u00fa trombitafa - T\u00e1jkert\u00e9sz\",\"isPartOf\":{\"@id\":\"https:\\\/\\\/tajkertesz.com\\\/#website\"},\"primaryImageOfPage\":{\"@id\":\"https:\\\/\\\/tajkertesz.com\\\/termek\\\/chitalpa-tashkentensis-summer-bells-rozsaszin-viragu-trombitafa\\\/#primaryimage\"},\"image\":{\"@id\":\"https:\\\/\\\/tajkertesz.com\\\/termek\\\/chitalpa-tashkentensis-summer-bells-rozsaszin-viragu-trombitafa\\\/#primaryimage\"},\"thumbnailUrl\":\"https:\\\/\\\/tajkertesz.com\\\/wp-content\\\/uploads\\\/2024\\\/03\\\/y9g2nnrw.png\",\"datePublished\":\"2024-03-21T11:16:42+00:00\",\"dateModified\":\"2024-08-06T12:10:43+00:00\",\"description\":\"Chitalpa tashkentensis 'Summer Bells' - R\u00f3zsasz\u00edn vir\u00e1g\u00fa trombitafa T\u00e9l\u00e1ll\u00f3, kistermet\u0171 d\u00edszfa. Hatalmas t\u00f6lcs\u00e9res vir\u00e1gaival eg\u00e9sz ny\u00e1ron \u00e9ke kert\u00fcnknek.\",\"breadcrumb\":{\"@id\":\"https:\\\/\\\/tajkertesz.com\\\/termek\\\/chitalpa-tashkentensis-summer-bells-rozsaszin-viragu-trombitafa\\\/#breadcrumb\"},\"inLanguage\":\"en-US\",\"potentialAction\":[{\"@type\":\"ReadAction\",\"target\":[\"https:\\\/\\\/tajkertesz.com\\\/termek\\\/chitalpa-tashkentensis-summer-bells-rozsaszin-viragu-trombitafa\\\/\"]}]},{\"@type\":\"ImageObject\",\"inLanguage\":\"en-US\",\"@id\":\"https:\\\/\\\/tajkertesz.com\\\/termek\\\/chitalpa-tashkentensis-summer-bells-rozsaszin-viragu-trombitafa\\\/#primaryimage\",\"url\":\"https:\\\/\\\/tajkertesz.com\\\/wp-content\\\/uploads\\\/2024\\\/03\\\/y9g2nnrw.png\",\"contentUrl\":\"https:\\\/\\\/tajkertesz.com\\\/wp-content\\\/uploads\\\/2024\\\/03\\\/y9g2nnrw.png\",\"width\":770,\"height\":988},{\"@type\":\"BreadcrumbList\",\"@id\":\"https:\\\/\\\/tajkertesz.com\\\/termek\\\/chitalpa-tashkentensis-summer-bells-rozsaszin-viragu-trombitafa\\\/#breadcrumb\",\"itemListElement\":[{\"@type\":\"ListItem\",\"position\":1,\"name\":\"Home\",\"item\":\"https:\\\/\\\/tajkertesz.com\\\/\"},{\"@type\":\"ListItem\",\"position\":2,\"name\":\"Kezd\u0151lap\",\"item\":\"https:\\\/\\\/tajkertesz.com\\\/\"},{\"@type\":\"ListItem\",\"position\":3,\"name\":\"Chitalpa tashkentensis &#8216;Summer Bells&#8217; &#8211; R\u00f3zsasz\u00edn vir\u00e1g\u00fa trombitafa\"}]},{\"@type\":\"WebSite\",\"@id\":\"https:\\\/\\\/tajkertesz.com\\\/#website\",\"url\":\"https:\\\/\\\/tajkertesz.com\\\/\",\"name\":\"T\u00e1j-Kert\u00e9sz 84 Kft.\",\"description\":\"Kert\u00e9szeti kis- \u00e9s nagykeresked\u00e9s, D\u00edszn\u00f6v\u00e9ny web\u00e1ruh\u00e1z orsz\u00e1gos h\u00e1zhozsz\u00e1ll\u00edt\u00e1ssal!\",\"publisher\":{\"@id\":\"https:\\\/\\\/tajkertesz.com\\\/#organization\"},\"potentialAction\":[{\"@type\":\"SearchAction\",\"target\":{\"@type\":\"EntryPoint\",\"urlTemplate\":\"https:\\\/\\\/tajkertesz.com\\\/?s={search_term_string}\"},\"query-input\":{\"@type\":\"PropertyValueSpecification\",\"valueRequired\":true,\"valueName\":\"search_term_string\"}}],\"inLanguage\":\"en-US\"},{\"@type\":\"Organization\",\"@id\":\"https:\\\/\\\/tajkertesz.com\\\/#organization\",\"name\":\"T\u00e1j-Kert\u00e9sz 84 Kft.\",\"url\":\"https:\\\/\\\/tajkertesz.com\\\/\",\"logo\":{\"@type\":\"ImageObject\",\"inLanguage\":\"en-US\",\"@id\":\"https:\\\/\\\/tajkertesz.com\\\/#\\\/schema\\\/logo\\\/image\\\/\",\"url\":\"https:\\\/\\\/tajkertesz.com\\\/wp-content\\\/uploads\\\/2018\\\/02\\\/logo-2-e1518678052539.png\",\"contentUrl\":\"https:\\\/\\\/tajkertesz.com\\\/wp-content\\\/uploads\\\/2018\\\/02\\\/logo-2-e1518678052539.png\",\"width\":81,\"height\":140,\"caption\":\"T\u00e1j-Kert\u00e9sz 84 Kft.\"},\"image\":{\"@id\":\"https:\\\/\\\/tajkertesz.com\\\/#\\\/schema\\\/logo\\\/image\\\/\"},\"sameAs\":[\"https:\\\/\\\/www.facebook.com\\\/Tajkertesz\\\/\"]}]}<\/script>\n<!-- \/ Yoast SEO plugin. -->","yoast_head_json":{"title":"Chitalpa tashkentensis 'Summer Bells' - R\u00f3zsasz\u00edn vir\u00e1g\u00fa trombitafa - T\u00e1jkert\u00e9sz","description":"Chitalpa tashkentensis 'Summer Bells' - R\u00f3zsasz\u00edn vir\u00e1g\u00fa trombitafa T\u00e9l\u00e1ll\u00f3, kistermet\u0171 d\u00edszfa. Hatalmas t\u00f6lcs\u00e9res vir\u00e1gaival eg\u00e9sz ny\u00e1ron \u00e9ke kert\u00fcnknek.","robots":{"index":"index","follow":"follow","max-snippet":"max-snippet:-1","max-image-preview":"max-image-preview:large","max-video-preview":"max-video-preview:-1"},"canonical":"https:\/\/tajkertesz.com\/en_US\/product\/chitalpa-tashkentensis-summer-bells-rozsaszin-viragu-trombitafa\/","og_locale":"en_US","og_type":"article","og_title":"Chitalpa tashkentensis 'Summer Bells' - R\u00f3zsasz\u00edn vir\u00e1g\u00fa trombitafa - T\u00e1jkert\u00e9sz","og_description":"Chitalpa tashkentensis 'Summer Bells' - R\u00f3zsasz\u00edn vir\u00e1g\u00fa trombitafa T\u00e9l\u00e1ll\u00f3, kistermet\u0171 d\u00edszfa. Hatalmas t\u00f6lcs\u00e9res vir\u00e1gaival eg\u00e9sz ny\u00e1ron \u00e9ke kert\u00fcnknek.","og_url":"https:\/\/tajkertesz.com\/en_US\/product\/chitalpa-tashkentensis-summer-bells-rozsaszin-viragu-trombitafa\/","og_site_name":"T\u00e1jkert\u00e9sz","article_publisher":"https:\/\/www.facebook.com\/Tajkertesz\/","article_modified_time":"2024-08-06T12:10:43+00:00","og_image":[{"width":770,"height":988,"url":"https:\/\/tajkertesz.com\/wp-content\/uploads\/2024\/03\/y9g2nnrw.png","type":"image\/png"}],"twitter_card":"summary_large_image","twitter_misc":{"Est. reading time":"2 minutes"},"schema":{"@context":"https:\/\/schema.org","@graph":[{"@type":"WebPage","@id":"https:\/\/tajkertesz.com\/termek\/chitalpa-tashkentensis-summer-bells-rozsaszin-viragu-trombitafa\/","url":"https:\/\/tajkertesz.com\/termek\/chitalpa-tashkentensis-summer-bells-rozsaszin-viragu-trombitafa\/","name":"Chitalpa tashkentensis 'Summer Bells' - R\u00f3zsasz\u00edn vir\u00e1g\u00fa trombitafa - T\u00e1jkert\u00e9sz","isPartOf":{"@id":"https:\/\/tajkertesz.com\/#website"},"primaryImageOfPage":{"@id":"https:\/\/tajkertesz.com\/termek\/chitalpa-tashkentensis-summer-bells-rozsaszin-viragu-trombitafa\/#primaryimage"},"image":{"@id":"https:\/\/tajkertesz.com\/termek\/chitalpa-tashkentensis-summer-bells-rozsaszin-viragu-trombitafa\/#primaryimage"},"thumbnailUrl":"https:\/\/tajkertesz.com\/wp-content\/uploads\/2024\/03\/y9g2nnrw.png","datePublished":"2024-03-21T11:16:42+00:00","dateModified":"2024-08-06T12:10:43+00:00","description":"Chitalpa tashkentensis 'Summer Bells' - R\u00f3zsasz\u00edn vir\u00e1g\u00fa trombitafa T\u00e9l\u00e1ll\u00f3, kistermet\u0171 d\u00edszfa. Hatalmas t\u00f6lcs\u00e9res vir\u00e1gaival eg\u00e9sz ny\u00e1ron \u00e9ke kert\u00fcnknek.","breadcrumb":{"@id":"https:\/\/tajkertesz.com\/termek\/chitalpa-tashkentensis-summer-bells-rozsaszin-viragu-trombitafa\/#breadcrumb"},"inLanguage":"en-US","potentialAction":[{"@type":"ReadAction","target":["https:\/\/tajkertesz.com\/termek\/chitalpa-tashkentensis-summer-bells-rozsaszin-viragu-trombitafa\/"]}]},{"@type":"ImageObject","inLanguage":"en-US","@id":"https:\/\/tajkertesz.com\/termek\/chitalpa-tashkentensis-summer-bells-rozsaszin-viragu-trombitafa\/#primaryimage","url":"https:\/\/tajkertesz.com\/wp-content\/uploads\/2024\/03\/y9g2nnrw.png","contentUrl":"https:\/\/tajkertesz.com\/wp-content\/uploads\/2024\/03\/y9g2nnrw.png","width":770,"height":988},{"@type":"BreadcrumbList","@id":"https:\/\/tajkertesz.com\/termek\/chitalpa-tashkentensis-summer-bells-rozsaszin-viragu-trombitafa\/#breadcrumb","itemListElement":[{"@type":"ListItem","position":1,"name":"Home","item":"https:\/\/tajkertesz.com\/"},{"@type":"ListItem","position":2,"name":"Kezd\u0151lap","item":"https:\/\/tajkertesz.com\/"},{"@type":"ListItem","position":3,"name":"Chitalpa tashkentensis &#8216;Summer Bells&#8217; &#8211; R\u00f3zsasz\u00edn vir\u00e1g\u00fa trombitafa"}]},{"@type":"WebSite","@id":"https:\/\/tajkertesz.com\/#website","url":"https:\/\/tajkertesz.com\/","name":"T\u00e1j-Kert\u00e9sz 84 Kft.","description":"Kert\u00e9szeti kis- \u00e9s nagykeresked\u00e9s, D\u00edszn\u00f6v\u00e9ny web\u00e1ruh\u00e1z orsz\u00e1gos h\u00e1zhozsz\u00e1ll\u00edt\u00e1ssal!","publisher":{"@id":"https:\/\/tajkertesz.com\/#organization"},"potentialAction":[{"@type":"SearchAction","target":{"@type":"EntryPoint","urlTemplate":"https:\/\/tajkertesz.com\/?s={search_term_string}"},"query-input":{"@type":"PropertyValueSpecification","valueRequired":true,"valueName":"search_term_string"}}],"inLanguage":"en-US"},{"@type":"Organization","@id":"https:\/\/tajkertesz.com\/#organization","name":"T\u00e1j-Kert\u00e9sz 84 Kft.","url":"https:\/\/tajkertesz.com\/","logo":{"@type":"ImageObject","inLanguage":"en-US","@id":"https:\/\/tajkertesz.com\/#\/schema\/logo\/image\/","url":"https:\/\/tajkertesz.com\/wp-content\/uploads\/2018\/02\/logo-2-e1518678052539.png","contentUrl":"https:\/\/tajkertesz.com\/wp-content\/uploads\/2018\/02\/logo-2-e1518678052539.png","width":81,"height":140,"caption":"T\u00e1j-Kert\u00e9sz 84 Kft."},"image":{"@id":"https:\/\/tajkertesz.com\/#\/schema\/logo\/image\/"},"sameAs":["https:\/\/www.facebook.com\/Tajkertesz\/"]}]}},"_links":{"self":[{"href":"https:\/\/tajkertesz.com\/en_US\/wp-json\/wp\/v2\/product\/19809","targetHints":{"allow":["GET"]}}],"collection":[{"href":"https:\/\/tajkertesz.com\/en_US\/wp-json\/wp\/v2\/product"}],"about":[{"href":"https:\/\/tajkertesz.com\/en_US\/wp-json\/wp\/v2\/types\/product"}],"wp:featuredmedia":[{"embeddable":true,"href":"https:\/\/tajkertesz.com\/en_US\/wp-json\/wp\/v2\/media\/19810"}],"wp:attachment":[{"href":"https:\/\/tajkertesz.com\/en_US\/wp-json\/wp\/v2\/media?parent=19809"}],"wp:term":[{"taxonomy":"product_brand","embeddable":true,"href":"https:\/\/tajkertesz.com\/en_US\/wp-json\/wp\/v2\/product_brand?post=19809"},{"taxonomy":"product_cat","embeddable":true,"href":"https:\/\/tajkertesz.com\/en_US\/wp-json\/wp\/v2\/product_cat?post=19809"},{"taxonomy":"product_tag","embeddable":true,"href":"https:\/\/tajkertesz.com\/en_US\/wp-json\/wp\/v2\/product_tag?post=19809"}],"curies":[{"name":"wp","href":"https:\/\/api.w.org\/{rel}","templated":true}]}}