{"id":19832,"date":"2025-06-05T10:01:50","date_gmt":"2025-06-05T10:01:50","guid":{"rendered":"https:\/\/tajkertesz.com\/?post_type=product&#038;p=19832"},"modified":"2026-02-21T14:08:59","modified_gmt":"2026-02-21T14:08:59","slug":"sambucus-nigra-golden-tower-arany-levelu-bodza","status":"publish","type":"product","link":"https:\/\/tajkertesz.com\/en_US\/product\/sambucus-nigra-golden-tower-arany-levelu-bodza\/","title":{"rendered":"Sambucus nigra &#8216;Golden Tower&#8217; &#8211; Arany level\u0171 bodza"},"content":{"rendered":"<h1>Sambucus nigra &#8216;Golden Tower&#8217; &#8211; Arany level\u0171 bodza<\/h1>\n<p>A Sambucus nigra &#8216;Golden Tower&#8217; &#8211; Arany level\u0171 bodza egy oszlopos n\u00f6veked\u00e9s\u0171 d\u00edszcserje, amelyet a s\u00e1rga, csipk\u00e9s levelei \u00e9s a jap\u00e1n juharra eml\u00e9keztet\u0151 megjelen\u00e9se tesz k\u00fcl\u00f6nlegess\u00e9. Tavasszal feh\u00e9r vir\u00e1gok, majd piros bogy\u00f3k jelennek meg rajta, amelyek sz\u00e9p kontrasztot alkotnak a lombozattal.<\/p>\n<h2>Sambucus nigra &#8216;Golden Tower&#8217; jellemz\u0151i<\/h2>\n<p>Az arany level\u0171 bodza 2,5\u20134 m\u00e9ter magasra n\u0151het, \u00e9s 0,5\u20131 m\u00e9ter sz\u00e9lesre terjedhet. J\u00f3l fejl\u0151dik napos vagy r\u00e9szben \u00e1rny\u00e9kos helyen, \u00e9s alkalmas v\u00e1rosi kertekbe vagy kisebb udvarokba is.<\/p>\n<h3>Arany level\u0171 bodza gondoz\u00e1sa<\/h3>\n<p>F\u00e9nyig\u00e9ny: Teljes naps\u00fct\u00e9sben vagy r\u00e9szleges \u00e1rny\u00e9kban \u00e9rzi j\u00f3l mag\u00e1t.<br \/>\nV\u00edz ig\u00e9ny: \u00dcgyeljen r\u00e1, hogy a talaja mindig nedves legyen.<br \/>\nT\u00e1panyag: \u00c9vente minimum egyszer tegyen\u00a0 a n\u00f6v\u00e9ny al\u00e1\u00a0 tr\u00e1gy\u00e1t vagy lev\u00e9lkomposztot.<\/p>\n<p>Ezek az alapvet\u0151 l\u00e9p\u00e9sek seg\u00edtenek abban, hogy a\u00a0Sambucus Golden Tower\u00a0eg\u00e9szs\u00e9gesen n\u00f6vekedjen \u00e9s sz\u00e9p lombozatot fejlesszen.<\/p>\n<p>A kert\u00e9szked\u00e9s ir\u00e1nt \u00e9rdekl\u0151d\u0151k sz\u00e1m\u00e1ra ez a n\u00f6v\u00e9ny \u00e9l\u00e9nk sz\u00ednfoltot \u00e9s text\u00far\u00e1t adhat a k\u00fclt\u00e9ri t\u00e9rnek. Elegend\u0151en sokoldal\u00fa ahhoz, hogy k\u00fcl\u00f6nb\u00f6z\u0151 kertt\u00edpusokba illeszkedjen, legyen az \u00e9p\u00edtett vagy vid\u00e9ki\u00a0 kert.<\/p>\n<p><b>K\u00e9szlet\u00fcnk napi szinten v\u00e1ltozik, ez\u00e9rt k\u00e9rj\u00fck, \u00e9rdekl\u0151dj\u00f6n szem\u00e9lyesen, telefonon vagy email-en.<br \/>\nA v\u00e1ltoztat\u00e1s jog\u00e1t fenntartjuk!<\/b><b>\u00a0<\/b><\/p>\n<p><a href=\"https:\/\/tajkertesz.com\/\">https:\/\/tajkertesz.com\/<\/a><\/p>\n<p><a href=\"https:\/\/www.facebook.com\/tajkertesz\/\">https:\/\/www.facebook.com\/tajkertesz\/<\/a><\/p>\n<p>Kisz\u00e1ll\u00edt\u00e1s: 200cm-ig \u00e9s 40 kg-ig a sz\u00e1ll\u00edt\u00e1s fut\u00e1rszolg\u00e1lattal t\u00f6rt\u00e9nik.<\/p>\n<p>Szem\u00e9lyes \u00e1tv\u00e9tel nyitvatart\u00e1si id\u0151ben a 17. ker\u00fclet Bakancsos utca 7. sz\u00e1m alatti Kert\u00e9szeti \u00e1rud\u00e1nkban.<\/p>\n<p>Kert\u00e9p\u00edt\u0151k \u00e9s viszontelad\u00f3k regisztr\u00e1l\u00e1s ut\u00e1n egyedi kedvezm\u00e9nnyel v\u00e1s\u00e1rolhatnak kert\u00e9szeti kis-\u00e9s nagykeresked\u00e9s\u00fcnkben.<\/p>\n<p><strong>Az \u00e1rak egy darab term\u00e9kre vonatkoznak.<\/strong><\/p>\n<p><strong>J\u00f3 tudni!<\/strong><\/p>\n<p>K\u00e9pek-elt\u00e9r\u00e9sek:<\/p>\n<p>A n\u00f6v\u00e9nyekr\u0151l felt\u00f6lt\u00f6tt k\u00e9pek illusztr\u00e1ci\u00f3k. N\u00f6v\u00e9nyekn\u00e9l el\u0151fordulhatnak minim\u00e1lis elt\u00e9r\u00e9sek a k\u00e9peken szerepl\u0151 n\u00f6v\u00e9nyek \u00e9s az \u00e1tvett n\u00f6v\u00e9nyek k\u00f6z\u00f6tt, mivel minden n\u00f6v\u00e9ny egyedi.<\/p>\n<h4>N\u00f6v\u00e9nyek sz\u00e1ll\u00edt\u00e1sa:<\/h4>\n<p>A megrendelt n\u00f6v\u00e9nyeket igyeksz\u00fcnk a lehet\u0151 legbiztons\u00e1gosabban egyes\u00e9vel csomagolni, azonban a sz\u00e1ll\u00edt\u00e1s sor\u00e1n m\u00e9g ennek ellen\u00e9re is\u00a0bek\u00f6vetkezhetnek apr\u00f3bb s\u00e9r\u00fcl\u00e9sek (lev\u00e9l- vagy vir\u00e1ghull\u00e1s).<br \/>\nN\u00f6v\u00e9ny rendel\u00e9s eset\u00e9n k\u00e9rj\u00fck a k\u00e9zbes\u00edt\u00e9st k\u00f6vet\u0151en a lehet\u0151 leghamarabb bonts\u00e1k ki a csomagot.<\/p>\n<p>Abban az esetben, ha a megrendelt n\u00f6v\u00e9ny\u00a0a sz\u00e1ll\u00edt\u00e1st k\u00f6vet\u0151en\u00a0nem megfelel\u0151 gondoz\u00e1sban r\u00e9szes\u00fcl \u00e9s ebb\u0151l kifoly\u00f3lag\u00a0k\u00e1rosodik,\u00a0elpusztul, felel\u0151ss\u00e9get sajnos nem tudunk v\u00e1llalni.<\/p>\n<p>V\u00e1s\u00e1rl\u00e1st\u00f3l val\u00f3 el\u00e1ll\u00e1s \u00e9l\u0151 n\u00f6v\u00e9ny v\u00e1s\u00e1rl\u00e1sa eset\u00e9n:<\/p>\n<p>Az \u00e1ltal\u00e1nos 14 napos el\u00e1ll\u00e1s lehet\u0151s\u00e9ge \u00e9l\u0151 n\u00f6v\u00e9nyekre nem vonatkozik. V\u00e1s\u00e1rl\u00e1st\u00f3l val\u00f3 el\u00e1ll\u00e1sra, visszak\u00fcld\u00e9sre nincs lehet\u0151s\u00e9g.\u00a0(17\/1999. (II. 5.) Korm. rendelet 5c pontja)<\/p>\n<p><strong>K\u00e9rj\u00fck fentiek figyelembev\u00e9tel\u00e9t n\u00f6v\u00e9ny rendel\u00e9se sor\u00e1n!<\/strong><\/p>","protected":false},"excerpt":{"rendered":"<p>A n\u00f6v\u00e9ny jelenlegi m\u00e9rete: 30\/40 cm magas, 2 literes kont\u00e9nerben.<\/p>\n<p><b>K\u00e9szlet\u00fcnk napi szinten v\u00e1ltozik, ez\u00e9rt k\u00e9rj\u00fck, \u00e9rdekl\u0151dj\u00f6n szem\u00e9lyesen, telefonon vagy email-en.<br \/>\nA v\u00e1ltoztat\u00e1s jog\u00e1t fenntartjuk!<\/b><b>\u00a0<\/b><\/p>\n<p><span style=\"color: #ff0000;\"><strong>Sz\u00e1ll\u00edt\u00e1s fut\u00e1rszolg\u00e1lattal 200 cm-ig, \u00e9s 40 kg-ig lehets\u00e9ges. E felett szem\u00e9lyes \u00e1tv\u00e9tellel vagy egyeztetett sz\u00e1ll\u00edt\u00e1si felt\u00e9tellel lehet.<\/strong><\/span><\/p>","protected":false},"featured_media":19833,"template":"","meta":{"_et_pb_use_builder":"","_et_pb_old_content":"","_et_gb_content_width":""},"product_brand":[],"product_cat":[27],"product_tag":[5848,375,5847,4013,130,5012],"class_list":{"0":"post-19832","1":"product","2":"type-product","3":"status-publish","4":"has-post-thumbnail","6":"product_cat-cserjek","7":"product_tag-arany-levelu-bodza","8":"product_tag-bodza","9":"product_tag-goldentower","10":"product_tag-nigra","11":"product_tag-oszlopos","12":"product_tag-sambucus","14":"first","15":"instock","16":"shipping-taxable","17":"purchasable","18":"product-type-simple"},"yoast_head":"<!-- This site is optimized with the Yoast SEO plugin v27.3 - https:\/\/yoast.com\/product\/yoast-seo-wordpress\/ -->\n<title>Sambucus nigra &#039;Golden Tower&#039; - Arany level\u0171 bodza - T\u00e1jkert\u00e9sz<\/title>\n<meta name=\"description\" content=\"A Sambucus nigra &#039;Golden Tower&#039; - arany level\u0171 bodza egy oszlopos n\u00f6veked\u00e9s\u0171 d\u00edszcserje, amelyet a s\u00e1rga, csipk\u00e9s levelei tesznek k\u00fcl\u00f6nlegess\u00e9.\" \/>\n<meta name=\"robots\" content=\"index, follow, max-snippet:-1, max-image-preview:large, max-video-preview:-1\" \/>\n<link rel=\"canonical\" href=\"https:\/\/tajkertesz.com\/en_US\/product\/sambucus-nigra-golden-tower-arany-levelu-bodza\/\" \/>\n<meta property=\"og:locale\" content=\"en_US\" \/>\n<meta property=\"og:type\" content=\"article\" \/>\n<meta property=\"og:title\" content=\"Sambucus nigra &#039;Golden Tower&#039; - Arany level\u0171 bodza - T\u00e1jkert\u00e9sz\" \/>\n<meta property=\"og:description\" content=\"A Sambucus nigra &#039;Golden Tower&#039; - arany level\u0171 bodza egy oszlopos n\u00f6veked\u00e9s\u0171 d\u00edszcserje, amelyet a s\u00e1rga, csipk\u00e9s levelei tesznek k\u00fcl\u00f6nlegess\u00e9.\" \/>\n<meta property=\"og:url\" content=\"https:\/\/tajkertesz.com\/en_US\/product\/sambucus-nigra-golden-tower-arany-levelu-bodza\/\" \/>\n<meta property=\"og:site_name\" content=\"T\u00e1jkert\u00e9sz\" \/>\n<meta property=\"article:publisher\" content=\"https:\/\/www.facebook.com\/Tajkertesz\/\" \/>\n<meta property=\"article:modified_time\" content=\"2026-02-21T14:08:59+00:00\" \/>\n<meta property=\"og:image\" content=\"https:\/\/tajkertesz.com\/wp-content\/uploads\/2024\/03\/Sambuccu-sGolden-Tower.jpg\" \/>\n\t<meta property=\"og:image:width\" content=\"1500\" \/>\n\t<meta property=\"og:image:height\" content=\"1500\" \/>\n\t<meta property=\"og:image:type\" content=\"image\/jpeg\" \/>\n<meta name=\"twitter:card\" content=\"summary_large_image\" \/>\n<meta name=\"twitter:label1\" content=\"Est. reading time\" \/>\n\t<meta name=\"twitter:data1\" content=\"3 minutes\" \/>\n<script type=\"application\/ld+json\" class=\"yoast-schema-graph\">{\"@context\":\"https:\\\/\\\/schema.org\",\"@graph\":[{\"@type\":\"WebPage\",\"@id\":\"https:\\\/\\\/tajkertesz.com\\\/termek\\\/sambucus-nigra-golden-tower-arany-levelu-bodza\\\/\",\"url\":\"https:\\\/\\\/tajkertesz.com\\\/termek\\\/sambucus-nigra-golden-tower-arany-levelu-bodza\\\/\",\"name\":\"Sambucus nigra 'Golden Tower' - Arany level\u0171 bodza - T\u00e1jkert\u00e9sz\",\"isPartOf\":{\"@id\":\"https:\\\/\\\/tajkertesz.com\\\/#website\"},\"primaryImageOfPage\":{\"@id\":\"https:\\\/\\\/tajkertesz.com\\\/termek\\\/sambucus-nigra-golden-tower-arany-levelu-bodza\\\/#primaryimage\"},\"image\":{\"@id\":\"https:\\\/\\\/tajkertesz.com\\\/termek\\\/sambucus-nigra-golden-tower-arany-levelu-bodza\\\/#primaryimage\"},\"thumbnailUrl\":\"https:\\\/\\\/tajkertesz.com\\\/wp-content\\\/uploads\\\/2024\\\/03\\\/Sambuccu-sGolden-Tower.jpg\",\"datePublished\":\"2025-06-05T10:01:50+00:00\",\"dateModified\":\"2026-02-21T14:08:59+00:00\",\"description\":\"A Sambucus nigra 'Golden Tower' - arany level\u0171 bodza egy oszlopos n\u00f6veked\u00e9s\u0171 d\u00edszcserje, amelyet a s\u00e1rga, csipk\u00e9s levelei tesznek k\u00fcl\u00f6nlegess\u00e9.\",\"breadcrumb\":{\"@id\":\"https:\\\/\\\/tajkertesz.com\\\/termek\\\/sambucus-nigra-golden-tower-arany-levelu-bodza\\\/#breadcrumb\"},\"inLanguage\":\"en-US\",\"potentialAction\":[{\"@type\":\"ReadAction\",\"target\":[\"https:\\\/\\\/tajkertesz.com\\\/termek\\\/sambucus-nigra-golden-tower-arany-levelu-bodza\\\/\"]}]},{\"@type\":\"ImageObject\",\"inLanguage\":\"en-US\",\"@id\":\"https:\\\/\\\/tajkertesz.com\\\/termek\\\/sambucus-nigra-golden-tower-arany-levelu-bodza\\\/#primaryimage\",\"url\":\"https:\\\/\\\/tajkertesz.com\\\/wp-content\\\/uploads\\\/2024\\\/03\\\/Sambuccu-sGolden-Tower.jpg\",\"contentUrl\":\"https:\\\/\\\/tajkertesz.com\\\/wp-content\\\/uploads\\\/2024\\\/03\\\/Sambuccu-sGolden-Tower.jpg\",\"width\":1500,\"height\":1500,\"caption\":\"Sambucus nigra 'Golden Tower' - arany level\u0171 bodza\"},{\"@type\":\"BreadcrumbList\",\"@id\":\"https:\\\/\\\/tajkertesz.com\\\/termek\\\/sambucus-nigra-golden-tower-arany-levelu-bodza\\\/#breadcrumb\",\"itemListElement\":[{\"@type\":\"ListItem\",\"position\":1,\"name\":\"Home\",\"item\":\"https:\\\/\\\/tajkertesz.com\\\/\"},{\"@type\":\"ListItem\",\"position\":2,\"name\":\"Kezd\u0151lap\",\"item\":\"https:\\\/\\\/tajkertesz.com\\\/\"},{\"@type\":\"ListItem\",\"position\":3,\"name\":\"Sambucus nigra &#8216;Golden Tower&#8217; &#8211; Arany level\u0171 bodza\"}]},{\"@type\":\"WebSite\",\"@id\":\"https:\\\/\\\/tajkertesz.com\\\/#website\",\"url\":\"https:\\\/\\\/tajkertesz.com\\\/\",\"name\":\"T\u00e1j-Kert\u00e9sz 84 Kft.\",\"description\":\"Kert\u00e9szeti kis- \u00e9s nagykeresked\u00e9s, D\u00edszn\u00f6v\u00e9ny web\u00e1ruh\u00e1z orsz\u00e1gos h\u00e1zhozsz\u00e1ll\u00edt\u00e1ssal!\",\"publisher\":{\"@id\":\"https:\\\/\\\/tajkertesz.com\\\/#organization\"},\"potentialAction\":[{\"@type\":\"SearchAction\",\"target\":{\"@type\":\"EntryPoint\",\"urlTemplate\":\"https:\\\/\\\/tajkertesz.com\\\/?s={search_term_string}\"},\"query-input\":{\"@type\":\"PropertyValueSpecification\",\"valueRequired\":true,\"valueName\":\"search_term_string\"}}],\"inLanguage\":\"en-US\"},{\"@type\":\"Organization\",\"@id\":\"https:\\\/\\\/tajkertesz.com\\\/#organization\",\"name\":\"T\u00e1j-Kert\u00e9sz 84 Kft.\",\"url\":\"https:\\\/\\\/tajkertesz.com\\\/\",\"logo\":{\"@type\":\"ImageObject\",\"inLanguage\":\"en-US\",\"@id\":\"https:\\\/\\\/tajkertesz.com\\\/#\\\/schema\\\/logo\\\/image\\\/\",\"url\":\"https:\\\/\\\/tajkertesz.com\\\/wp-content\\\/uploads\\\/2018\\\/02\\\/logo-2-e1518678052539.png\",\"contentUrl\":\"https:\\\/\\\/tajkertesz.com\\\/wp-content\\\/uploads\\\/2018\\\/02\\\/logo-2-e1518678052539.png\",\"width\":81,\"height\":140,\"caption\":\"T\u00e1j-Kert\u00e9sz 84 Kft.\"},\"image\":{\"@id\":\"https:\\\/\\\/tajkertesz.com\\\/#\\\/schema\\\/logo\\\/image\\\/\"},\"sameAs\":[\"https:\\\/\\\/www.facebook.com\\\/Tajkertesz\\\/\"]}]}<\/script>\n<!-- \/ Yoast SEO plugin. -->","yoast_head_json":{"title":"Sambucus nigra 'Golden Tower' - Arany level\u0171 bodza - T\u00e1jkert\u00e9sz","description":"A Sambucus nigra 'Golden Tower' - arany level\u0171 bodza egy oszlopos n\u00f6veked\u00e9s\u0171 d\u00edszcserje, amelyet a s\u00e1rga, csipk\u00e9s levelei tesznek k\u00fcl\u00f6nlegess\u00e9.","robots":{"index":"index","follow":"follow","max-snippet":"max-snippet:-1","max-image-preview":"max-image-preview:large","max-video-preview":"max-video-preview:-1"},"canonical":"https:\/\/tajkertesz.com\/en_US\/product\/sambucus-nigra-golden-tower-arany-levelu-bodza\/","og_locale":"en_US","og_type":"article","og_title":"Sambucus nigra 'Golden Tower' - Arany level\u0171 bodza - T\u00e1jkert\u00e9sz","og_description":"A Sambucus nigra 'Golden Tower' - arany level\u0171 bodza egy oszlopos n\u00f6veked\u00e9s\u0171 d\u00edszcserje, amelyet a s\u00e1rga, csipk\u00e9s levelei tesznek k\u00fcl\u00f6nlegess\u00e9.","og_url":"https:\/\/tajkertesz.com\/en_US\/product\/sambucus-nigra-golden-tower-arany-levelu-bodza\/","og_site_name":"T\u00e1jkert\u00e9sz","article_publisher":"https:\/\/www.facebook.com\/Tajkertesz\/","article_modified_time":"2026-02-21T14:08:59+00:00","og_image":[{"width":1500,"height":1500,"url":"https:\/\/tajkertesz.com\/wp-content\/uploads\/2024\/03\/Sambuccu-sGolden-Tower.jpg","type":"image\/jpeg"}],"twitter_card":"summary_large_image","twitter_misc":{"Est. reading time":"3 minutes"},"schema":{"@context":"https:\/\/schema.org","@graph":[{"@type":"WebPage","@id":"https:\/\/tajkertesz.com\/termek\/sambucus-nigra-golden-tower-arany-levelu-bodza\/","url":"https:\/\/tajkertesz.com\/termek\/sambucus-nigra-golden-tower-arany-levelu-bodza\/","name":"Sambucus nigra 'Golden Tower' - Arany level\u0171 bodza - T\u00e1jkert\u00e9sz","isPartOf":{"@id":"https:\/\/tajkertesz.com\/#website"},"primaryImageOfPage":{"@id":"https:\/\/tajkertesz.com\/termek\/sambucus-nigra-golden-tower-arany-levelu-bodza\/#primaryimage"},"image":{"@id":"https:\/\/tajkertesz.com\/termek\/sambucus-nigra-golden-tower-arany-levelu-bodza\/#primaryimage"},"thumbnailUrl":"https:\/\/tajkertesz.com\/wp-content\/uploads\/2024\/03\/Sambuccu-sGolden-Tower.jpg","datePublished":"2025-06-05T10:01:50+00:00","dateModified":"2026-02-21T14:08:59+00:00","description":"A Sambucus nigra 'Golden Tower' - arany level\u0171 bodza egy oszlopos n\u00f6veked\u00e9s\u0171 d\u00edszcserje, amelyet a s\u00e1rga, csipk\u00e9s levelei tesznek k\u00fcl\u00f6nlegess\u00e9.","breadcrumb":{"@id":"https:\/\/tajkertesz.com\/termek\/sambucus-nigra-golden-tower-arany-levelu-bodza\/#breadcrumb"},"inLanguage":"en-US","potentialAction":[{"@type":"ReadAction","target":["https:\/\/tajkertesz.com\/termek\/sambucus-nigra-golden-tower-arany-levelu-bodza\/"]}]},{"@type":"ImageObject","inLanguage":"en-US","@id":"https:\/\/tajkertesz.com\/termek\/sambucus-nigra-golden-tower-arany-levelu-bodza\/#primaryimage","url":"https:\/\/tajkertesz.com\/wp-content\/uploads\/2024\/03\/Sambuccu-sGolden-Tower.jpg","contentUrl":"https:\/\/tajkertesz.com\/wp-content\/uploads\/2024\/03\/Sambuccu-sGolden-Tower.jpg","width":1500,"height":1500,"caption":"Sambucus nigra 'Golden Tower' - arany level\u0171 bodza"},{"@type":"BreadcrumbList","@id":"https:\/\/tajkertesz.com\/termek\/sambucus-nigra-golden-tower-arany-levelu-bodza\/#breadcrumb","itemListElement":[{"@type":"ListItem","position":1,"name":"Home","item":"https:\/\/tajkertesz.com\/"},{"@type":"ListItem","position":2,"name":"Kezd\u0151lap","item":"https:\/\/tajkertesz.com\/"},{"@type":"ListItem","position":3,"name":"Sambucus nigra &#8216;Golden Tower&#8217; &#8211; Arany level\u0171 bodza"}]},{"@type":"WebSite","@id":"https:\/\/tajkertesz.com\/#website","url":"https:\/\/tajkertesz.com\/","name":"T\u00e1j-Kert\u00e9sz 84 Kft.","description":"Kert\u00e9szeti kis- \u00e9s nagykeresked\u00e9s, D\u00edszn\u00f6v\u00e9ny web\u00e1ruh\u00e1z orsz\u00e1gos h\u00e1zhozsz\u00e1ll\u00edt\u00e1ssal!","publisher":{"@id":"https:\/\/tajkertesz.com\/#organization"},"potentialAction":[{"@type":"SearchAction","target":{"@type":"EntryPoint","urlTemplate":"https:\/\/tajkertesz.com\/?s={search_term_string}"},"query-input":{"@type":"PropertyValueSpecification","valueRequired":true,"valueName":"search_term_string"}}],"inLanguage":"en-US"},{"@type":"Organization","@id":"https:\/\/tajkertesz.com\/#organization","name":"T\u00e1j-Kert\u00e9sz 84 Kft.","url":"https:\/\/tajkertesz.com\/","logo":{"@type":"ImageObject","inLanguage":"en-US","@id":"https:\/\/tajkertesz.com\/#\/schema\/logo\/image\/","url":"https:\/\/tajkertesz.com\/wp-content\/uploads\/2018\/02\/logo-2-e1518678052539.png","contentUrl":"https:\/\/tajkertesz.com\/wp-content\/uploads\/2018\/02\/logo-2-e1518678052539.png","width":81,"height":140,"caption":"T\u00e1j-Kert\u00e9sz 84 Kft."},"image":{"@id":"https:\/\/tajkertesz.com\/#\/schema\/logo\/image\/"},"sameAs":["https:\/\/www.facebook.com\/Tajkertesz\/"]}]}},"_links":{"self":[{"href":"https:\/\/tajkertesz.com\/en_US\/wp-json\/wp\/v2\/product\/19832","targetHints":{"allow":["GET"]}}],"collection":[{"href":"https:\/\/tajkertesz.com\/en_US\/wp-json\/wp\/v2\/product"}],"about":[{"href":"https:\/\/tajkertesz.com\/en_US\/wp-json\/wp\/v2\/types\/product"}],"wp:featuredmedia":[{"embeddable":true,"href":"https:\/\/tajkertesz.com\/en_US\/wp-json\/wp\/v2\/media\/19833"}],"wp:attachment":[{"href":"https:\/\/tajkertesz.com\/en_US\/wp-json\/wp\/v2\/media?parent=19832"}],"wp:term":[{"taxonomy":"product_brand","embeddable":true,"href":"https:\/\/tajkertesz.com\/en_US\/wp-json\/wp\/v2\/product_brand?post=19832"},{"taxonomy":"product_cat","embeddable":true,"href":"https:\/\/tajkertesz.com\/en_US\/wp-json\/wp\/v2\/product_cat?post=19832"},{"taxonomy":"product_tag","embeddable":true,"href":"https:\/\/tajkertesz.com\/en_US\/wp-json\/wp\/v2\/product_tag?post=19832"}],"curies":[{"name":"wp","href":"https:\/\/api.w.org\/{rel}","templated":true}]}}