{"id":19860,"date":"2024-03-26T12:05:53","date_gmt":"2024-03-26T12:05:53","guid":{"rendered":"https:\/\/tajkertesz.com\/?post_type=product&#038;p=19860"},"modified":"2026-03-09T11:47:44","modified_gmt":"2026-03-09T11:47:44","slug":"ribes-uva-crispa-kamieniar-piros-egres","status":"publish","type":"product","link":"https:\/\/tajkertesz.com\/en_US\/product\/ribes-uva-crispa-kamieniar-piros-egres\/","title":{"rendered":"Ribes uva-crispa \u2018Kamieniar\u2019-piros egres"},"content":{"rendered":"<p>Ribes uva-crispa \u2018Kamieniar\u2019-piros egres<\/p>\n<p>A\u00a0<strong>Ribes uva-crispa \u2018Kamieniar\u2019<\/strong> -piros egres egy ukr\u00e1n eredet\u0171, fagy\u00e1ll\u00f3 fajta. K\u00f6zepesen er\u0151s n\u00f6veked\u00e9s\u0171, \u00e9s hajlamos a terjed\u00e9sre. A gy\u00fcm\u00f6lcs\u00f6k k\u00f6zepes m\u00e9ret\u0171ek, vil\u00e1gosz\u00f6ld sz\u00edn\u0171ek, majd \u00e9r\u00e9s\u00fck sor\u00e1n s\u00f6t\u00e9tv\u00f6r\u00f6sre v\u00e1ltoznak. A b\u0151r\u00fck v\u00e9kony, \u00e9s az \u00edz\u00fck finom, desszert t\u00edpus\u00fa.<\/p>\n<p>A \u2018Kamieniar\u2019 ribiszke egyenes n\u00f6veked\u00e9s\u0171, ami k\u00fcl\u00f6n\u00f6sen el\u0151ny\u00f6s kisebb kertekben. Ellen\u00e1ll az amerikai ribiszke lisztharmatnak \u00e9s a lev\u00e9lhull\u00e1snak. A bokor k\u00f6r\u00fclbel\u00fcl 1 m\u00e9ter magasra n\u0151, \u00e9s a vir\u00e1gz\u00e1sa k\u00f6zepesen korai. A r\u00fcgyek barn\u00e1k \u00e9s k\u00f6zepes m\u00e9ret\u0171ek. A levelek z\u00f6ldek, \u00e1tlagos m\u00e9ret\u0171ek \u00e9s h\u00e1romkar\u00e9j\u00faak. A \u2018Kamieniar\u2019 ribiszke gy\u00fcm\u00f6lcsei nagyok vagy nagyon nagyok (4 g), \u00e9s \u00e9retten s\u00f6t\u00e9tv\u00f6r\u00f6s sz\u00edn\u0171ek. A h\u00e9juk v\u00e9kony \u00e9s finom. A fajta desszertk\u00e9nt fogyaszthat\u00f3, \u00e9s az egyszer\u0171 termeszt\u00e9s miatt k\u00fcl\u00f6n\u00f6sen aj\u00e1nlott amat\u0151r kert\u00e9szeknek otthoni kertekbe vagy telekre.<\/p>\n<p>A n\u00f6v\u00e9ny ig\u00e9nyei:<\/p>\n<p>F\u00e9ny: Az egres szereti a napf\u00e9nyt, de nem sz\u00fcks\u00e9ges eg\u00e9sz nap k\u00f6zvetlen naps\u00fct\u00e9snek kitenni. Ide\u00e1lis, ha a n\u00f6v\u00e9ny legal\u00e1bb a nap egy r\u00e9sz\u00e9ben kap k\u00f6zvetlen f\u00e9nyt, k\u00fcl\u00f6n\u00f6sen reggel, amikor a napf\u00e9ny m\u00e9g nem t\u00fal intenz\u00edv.<br \/>\nTalaj: A talajnak j\u00f3 v\u00edztart\u00f3 k\u00e9pess\u00e9ggel kell rendelkeznie, de emellett j\u00f3 v\u00edzelvezet\u0151 k\u00e9pess\u00e9ggel \u00e9s megfelel\u0151 leveg\u0151ztet\u00e9ssel is. A sal\u00e9tromos vagy agyagos talaj, amely gazdag szerves anyagokban, ide\u00e1lis az egres sz\u00e1m\u00e1ra.<br \/>\n\u00d6nt\u00f6z\u00e9s: Az egres nem ig\u00e9nyel t\u00falzott \u00f6nt\u00f6z\u00e9st, mivel nem kedveli a t\u00fal sok vizet. A talajnak nedvesnek kell lennie, de nem vizesnek.<br \/>\nTr\u00e1gy\u00e1z\u00e1s: A feketeribizlihez hasonl\u00f3an az egres is ig\u00e9nyelhet tr\u00e1gy\u00e1z\u00e1st, hogy megfelel\u0151 t\u00e1panyagokat kapjon a n\u00f6veked\u00e9shez.<br \/>\nEnnek elv\u00e9gz\u00e9s\u00e9re sz\u00edvesen aj\u00e1nljuk az Agrecol bogy\u00f3s gy\u00fcm\u00f6lcs t\u00e1pot:<\/p>\n<p><a href=\"https:\/\/tajkertesz.com\/termek\/agrecol-mutragya-bogyos-gyumolcsokhoz-12-kg\/\">https:\/\/tajkertesz.com\/termek\/agrecol-mutragya-bogyos-gyumolcsokhoz-12-kg\/<\/a><em>\u00a0<\/em><\/p>\n<p>El\u00e9rhet\u0151 t\u00f6bbf\u00e9le m\u00e9retben \u00e9s \u00e1rban.<\/p>\n<p><strong>K\u00e9szlet\u00fcnk napi szinten v\u00e1ltozik, ez\u00e9rt k\u00e9rj\u00fck, \u00e9rdekl\u0151dj\u00f6n szem\u00e9lyesen, telefonon vagy email-en.<br \/>\nA v\u00e1ltoztat\u00e1s jog\u00e1t fenntartjuk!\u00a0<\/strong><\/p>\n<p><a href=\"https:\/\/tajkertesz.com\/\">https:\/\/tajkertesz.com\/<\/a><\/p>\n<p><a href=\"https:\/\/www.facebook.com\/tajkertesz\/\">https:\/\/www.facebook.com\/tajkertesz\/<\/a><\/p>\n<p>Kisz\u00e1ll\u00edt\u00e1s: 200cm-ig \u00a0\u00e9s 40 kg-ig a sz\u00e1ll\u00edt\u00e1s fut\u00e1rszolg\u00e1lattal \u00a0t\u00f6rt\u00e9nik.<\/p>\n<p>Szem\u00e9lyes \u00e1tv\u00e9tel nyitvatart\u00e1si id\u0151ben a 17. ker\u00fclet Bakancsos utca 7. sz\u00e1m alatti Kert\u00e9szeti \u00e1rud\u00e1nkban.<\/p>","protected":false},"excerpt":{"rendered":"<p>A\u00a0<strong>Ribes uva-crispa \u2018Kamieniar\u2019<\/strong> -piros egres egy ukr\u00e1n eredet\u0171, fagy\u00e1ll\u00f3 fajta. K\u00f6zepesen er\u0151s n\u00f6veked\u00e9s\u0171, \u00e9s hajlamos a terjed\u00e9sre. A gy\u00fcm\u00f6lcs\u00f6k k\u00f6zepes m\u00e9ret\u0171ek, vil\u00e1gosz\u00f6ld sz\u00edn\u0171ek, majd \u00e9r\u00e9s\u00fck sor\u00e1n s\u00f6t\u00e9tv\u00f6r\u00f6sre v\u00e1ltoznak. A b\u0151r\u00fck v\u00e9kony, \u00e9s az \u00edz\u00fck finom, desszert t\u00edpus\u00fa.<\/p>\n<p>Jelen term\u00e9k\u00fcnk : 2 literes cser\u00e9pben kaphat\u00f3 \u00e9s kb: 20\/30 cm magas.<\/p>","protected":false},"featured_media":19863,"template":"","meta":{"_et_pb_use_builder":"","_et_pb_old_content":"","_et_gb_content_width":""},"product_brand":[],"product_cat":[8083],"product_tag":[5027,773,5028,950,4999,5026],"class_list":{"0":"post-19860","1":"product","2":"type-product","3":"status-publish","4":"has-post-thumbnail","6":"product_cat-egres-gyumolcstermok","7":"product_tag-crispa","8":"product_tag-egres","9":"product_tag-kamieniar","10":"product_tag-piros","11":"product_tag-ribes","12":"product_tag-uva","14":"first","15":"outofstock","16":"shipping-taxable","17":"product-type-simple"},"yoast_head":"<!-- This site is optimized with the Yoast SEO plugin v27.4 - https:\/\/yoast.com\/product\/yoast-seo-wordpress\/ -->\n<title>Ribes uva-crispa \u2018Kamieniar\u2019-piros egres - T\u00e1jkert\u00e9sz<\/title>\n<meta name=\"description\" content=\"A\u00a0Ribes uva-crispa \u2018Kamieniar\u2019 -piros egres egy ukr\u00e1n eredet\u0171, fagy\u00e1ll\u00f3 fajta. K\u00f6zepesen er\u0151s n\u00f6veked\u00e9s\u0171, \u00e9s hajlamos a terjed\u00e9sre.\" \/>\n<meta name=\"robots\" content=\"index, follow, max-snippet:-1, max-image-preview:large, max-video-preview:-1\" \/>\n<link rel=\"canonical\" href=\"https:\/\/tajkertesz.com\/en_US\/product\/ribes-uva-crispa-kamieniar-piros-egres\/\" \/>\n<meta property=\"og:locale\" content=\"en_US\" \/>\n<meta property=\"og:type\" content=\"article\" \/>\n<meta property=\"og:title\" content=\"Ribes uva-crispa \u2018Kamieniar\u2019-piros egres - T\u00e1jkert\u00e9sz\" \/>\n<meta property=\"og:description\" content=\"A\u00a0Ribes uva-crispa \u2018Kamieniar\u2019 -piros egres egy ukr\u00e1n eredet\u0171, fagy\u00e1ll\u00f3 fajta. K\u00f6zepesen er\u0151s n\u00f6veked\u00e9s\u0171, \u00e9s hajlamos a terjed\u00e9sre.\" \/>\n<meta property=\"og:url\" content=\"https:\/\/tajkertesz.com\/en_US\/product\/ribes-uva-crispa-kamieniar-piros-egres\/\" \/>\n<meta property=\"og:site_name\" content=\"T\u00e1jkert\u00e9sz\" \/>\n<meta property=\"article:publisher\" content=\"https:\/\/www.facebook.com\/Tajkertesz\/\" \/>\n<meta property=\"article:modified_time\" content=\"2026-03-09T11:47:44+00:00\" \/>\n<meta property=\"og:image\" content=\"https:\/\/tajkertesz.com\/wp-content\/uploads\/2024\/03\/Kameniar.jpg\" \/>\n\t<meta property=\"og:image:width\" content=\"2021\" \/>\n\t<meta property=\"og:image:height\" content=\"1208\" \/>\n\t<meta property=\"og:image:type\" content=\"image\/jpeg\" \/>\n<meta name=\"twitter:card\" content=\"summary_large_image\" \/>\n<meta name=\"twitter:label1\" content=\"Est. reading time\" \/>\n\t<meta name=\"twitter:data1\" content=\"2 minutes\" \/>\n<script type=\"application\/ld+json\" class=\"yoast-schema-graph\">{\"@context\":\"https:\\\/\\\/schema.org\",\"@graph\":[{\"@type\":\"WebPage\",\"@id\":\"https:\\\/\\\/tajkertesz.com\\\/termek\\\/ribes-uva-crispa-kamieniar-piros-egres\\\/\",\"url\":\"https:\\\/\\\/tajkertesz.com\\\/termek\\\/ribes-uva-crispa-kamieniar-piros-egres\\\/\",\"name\":\"Ribes uva-crispa \u2018Kamieniar\u2019-piros egres - T\u00e1jkert\u00e9sz\",\"isPartOf\":{\"@id\":\"https:\\\/\\\/tajkertesz.com\\\/#website\"},\"primaryImageOfPage\":{\"@id\":\"https:\\\/\\\/tajkertesz.com\\\/termek\\\/ribes-uva-crispa-kamieniar-piros-egres\\\/#primaryimage\"},\"image\":{\"@id\":\"https:\\\/\\\/tajkertesz.com\\\/termek\\\/ribes-uva-crispa-kamieniar-piros-egres\\\/#primaryimage\"},\"thumbnailUrl\":\"https:\\\/\\\/tajkertesz.com\\\/wp-content\\\/uploads\\\/2024\\\/03\\\/Kameniar.jpg\",\"datePublished\":\"2024-03-26T12:05:53+00:00\",\"dateModified\":\"2026-03-09T11:47:44+00:00\",\"description\":\"A\u00a0Ribes uva-crispa \u2018Kamieniar\u2019 -piros egres egy ukr\u00e1n eredet\u0171, fagy\u00e1ll\u00f3 fajta. K\u00f6zepesen er\u0151s n\u00f6veked\u00e9s\u0171, \u00e9s hajlamos a terjed\u00e9sre.\",\"breadcrumb\":{\"@id\":\"https:\\\/\\\/tajkertesz.com\\\/termek\\\/ribes-uva-crispa-kamieniar-piros-egres\\\/#breadcrumb\"},\"inLanguage\":\"en-US\",\"potentialAction\":[{\"@type\":\"ReadAction\",\"target\":[\"https:\\\/\\\/tajkertesz.com\\\/termek\\\/ribes-uva-crispa-kamieniar-piros-egres\\\/\"]}]},{\"@type\":\"ImageObject\",\"inLanguage\":\"en-US\",\"@id\":\"https:\\\/\\\/tajkertesz.com\\\/termek\\\/ribes-uva-crispa-kamieniar-piros-egres\\\/#primaryimage\",\"url\":\"https:\\\/\\\/tajkertesz.com\\\/wp-content\\\/uploads\\\/2024\\\/03\\\/Kameniar.jpg\",\"contentUrl\":\"https:\\\/\\\/tajkertesz.com\\\/wp-content\\\/uploads\\\/2024\\\/03\\\/Kameniar.jpg\",\"width\":2021,\"height\":1208},{\"@type\":\"BreadcrumbList\",\"@id\":\"https:\\\/\\\/tajkertesz.com\\\/termek\\\/ribes-uva-crispa-kamieniar-piros-egres\\\/#breadcrumb\",\"itemListElement\":[{\"@type\":\"ListItem\",\"position\":1,\"name\":\"Home\",\"item\":\"https:\\\/\\\/tajkertesz.com\\\/\"},{\"@type\":\"ListItem\",\"position\":2,\"name\":\"Kezd\u0151lap\",\"item\":\"https:\\\/\\\/tajkertesz.com\\\/\"},{\"@type\":\"ListItem\",\"position\":3,\"name\":\"Ribes uva-crispa \u2018Kamieniar\u2019-piros egres\"}]},{\"@type\":\"WebSite\",\"@id\":\"https:\\\/\\\/tajkertesz.com\\\/#website\",\"url\":\"https:\\\/\\\/tajkertesz.com\\\/\",\"name\":\"T\u00e1j-Kert\u00e9sz 84 Kft.\",\"description\":\"Kert\u00e9szeti kis- \u00e9s nagykeresked\u00e9s, D\u00edszn\u00f6v\u00e9ny web\u00e1ruh\u00e1z orsz\u00e1gos h\u00e1zhozsz\u00e1ll\u00edt\u00e1ssal!\",\"publisher\":{\"@id\":\"https:\\\/\\\/tajkertesz.com\\\/#organization\"},\"potentialAction\":[{\"@type\":\"SearchAction\",\"target\":{\"@type\":\"EntryPoint\",\"urlTemplate\":\"https:\\\/\\\/tajkertesz.com\\\/?s={search_term_string}\"},\"query-input\":{\"@type\":\"PropertyValueSpecification\",\"valueRequired\":true,\"valueName\":\"search_term_string\"}}],\"inLanguage\":\"en-US\"},{\"@type\":\"Organization\",\"@id\":\"https:\\\/\\\/tajkertesz.com\\\/#organization\",\"name\":\"T\u00e1j-Kert\u00e9sz 84 Kft.\",\"url\":\"https:\\\/\\\/tajkertesz.com\\\/\",\"logo\":{\"@type\":\"ImageObject\",\"inLanguage\":\"en-US\",\"@id\":\"https:\\\/\\\/tajkertesz.com\\\/#\\\/schema\\\/logo\\\/image\\\/\",\"url\":\"https:\\\/\\\/tajkertesz.com\\\/wp-content\\\/uploads\\\/2018\\\/02\\\/logo-2-e1518678052539.png\",\"contentUrl\":\"https:\\\/\\\/tajkertesz.com\\\/wp-content\\\/uploads\\\/2018\\\/02\\\/logo-2-e1518678052539.png\",\"width\":81,\"height\":140,\"caption\":\"T\u00e1j-Kert\u00e9sz 84 Kft.\"},\"image\":{\"@id\":\"https:\\\/\\\/tajkertesz.com\\\/#\\\/schema\\\/logo\\\/image\\\/\"},\"sameAs\":[\"https:\\\/\\\/www.facebook.com\\\/Tajkertesz\\\/\"]}]}<\/script>\n<!-- \/ Yoast SEO plugin. -->","yoast_head_json":{"title":"Ribes uva-crispa \u2018Kamieniar\u2019-piros egres - T\u00e1jkert\u00e9sz","description":"A\u00a0Ribes uva-crispa \u2018Kamieniar\u2019 -piros egres egy ukr\u00e1n eredet\u0171, fagy\u00e1ll\u00f3 fajta. K\u00f6zepesen er\u0151s n\u00f6veked\u00e9s\u0171, \u00e9s hajlamos a terjed\u00e9sre.","robots":{"index":"index","follow":"follow","max-snippet":"max-snippet:-1","max-image-preview":"max-image-preview:large","max-video-preview":"max-video-preview:-1"},"canonical":"https:\/\/tajkertesz.com\/en_US\/product\/ribes-uva-crispa-kamieniar-piros-egres\/","og_locale":"en_US","og_type":"article","og_title":"Ribes uva-crispa \u2018Kamieniar\u2019-piros egres - T\u00e1jkert\u00e9sz","og_description":"A\u00a0Ribes uva-crispa \u2018Kamieniar\u2019 -piros egres egy ukr\u00e1n eredet\u0171, fagy\u00e1ll\u00f3 fajta. K\u00f6zepesen er\u0151s n\u00f6veked\u00e9s\u0171, \u00e9s hajlamos a terjed\u00e9sre.","og_url":"https:\/\/tajkertesz.com\/en_US\/product\/ribes-uva-crispa-kamieniar-piros-egres\/","og_site_name":"T\u00e1jkert\u00e9sz","article_publisher":"https:\/\/www.facebook.com\/Tajkertesz\/","article_modified_time":"2026-03-09T11:47:44+00:00","og_image":[{"width":2021,"height":1208,"url":"https:\/\/tajkertesz.com\/wp-content\/uploads\/2024\/03\/Kameniar.jpg","type":"image\/jpeg"}],"twitter_card":"summary_large_image","twitter_misc":{"Est. reading time":"2 minutes"},"schema":{"@context":"https:\/\/schema.org","@graph":[{"@type":"WebPage","@id":"https:\/\/tajkertesz.com\/termek\/ribes-uva-crispa-kamieniar-piros-egres\/","url":"https:\/\/tajkertesz.com\/termek\/ribes-uva-crispa-kamieniar-piros-egres\/","name":"Ribes uva-crispa \u2018Kamieniar\u2019-piros egres - T\u00e1jkert\u00e9sz","isPartOf":{"@id":"https:\/\/tajkertesz.com\/#website"},"primaryImageOfPage":{"@id":"https:\/\/tajkertesz.com\/termek\/ribes-uva-crispa-kamieniar-piros-egres\/#primaryimage"},"image":{"@id":"https:\/\/tajkertesz.com\/termek\/ribes-uva-crispa-kamieniar-piros-egres\/#primaryimage"},"thumbnailUrl":"https:\/\/tajkertesz.com\/wp-content\/uploads\/2024\/03\/Kameniar.jpg","datePublished":"2024-03-26T12:05:53+00:00","dateModified":"2026-03-09T11:47:44+00:00","description":"A\u00a0Ribes uva-crispa \u2018Kamieniar\u2019 -piros egres egy ukr\u00e1n eredet\u0171, fagy\u00e1ll\u00f3 fajta. K\u00f6zepesen er\u0151s n\u00f6veked\u00e9s\u0171, \u00e9s hajlamos a terjed\u00e9sre.","breadcrumb":{"@id":"https:\/\/tajkertesz.com\/termek\/ribes-uva-crispa-kamieniar-piros-egres\/#breadcrumb"},"inLanguage":"en-US","potentialAction":[{"@type":"ReadAction","target":["https:\/\/tajkertesz.com\/termek\/ribes-uva-crispa-kamieniar-piros-egres\/"]}]},{"@type":"ImageObject","inLanguage":"en-US","@id":"https:\/\/tajkertesz.com\/termek\/ribes-uva-crispa-kamieniar-piros-egres\/#primaryimage","url":"https:\/\/tajkertesz.com\/wp-content\/uploads\/2024\/03\/Kameniar.jpg","contentUrl":"https:\/\/tajkertesz.com\/wp-content\/uploads\/2024\/03\/Kameniar.jpg","width":2021,"height":1208},{"@type":"BreadcrumbList","@id":"https:\/\/tajkertesz.com\/termek\/ribes-uva-crispa-kamieniar-piros-egres\/#breadcrumb","itemListElement":[{"@type":"ListItem","position":1,"name":"Home","item":"https:\/\/tajkertesz.com\/"},{"@type":"ListItem","position":2,"name":"Kezd\u0151lap","item":"https:\/\/tajkertesz.com\/"},{"@type":"ListItem","position":3,"name":"Ribes uva-crispa \u2018Kamieniar\u2019-piros egres"}]},{"@type":"WebSite","@id":"https:\/\/tajkertesz.com\/#website","url":"https:\/\/tajkertesz.com\/","name":"T\u00e1j-Kert\u00e9sz 84 Kft.","description":"Kert\u00e9szeti kis- \u00e9s nagykeresked\u00e9s, D\u00edszn\u00f6v\u00e9ny web\u00e1ruh\u00e1z orsz\u00e1gos h\u00e1zhozsz\u00e1ll\u00edt\u00e1ssal!","publisher":{"@id":"https:\/\/tajkertesz.com\/#organization"},"potentialAction":[{"@type":"SearchAction","target":{"@type":"EntryPoint","urlTemplate":"https:\/\/tajkertesz.com\/?s={search_term_string}"},"query-input":{"@type":"PropertyValueSpecification","valueRequired":true,"valueName":"search_term_string"}}],"inLanguage":"en-US"},{"@type":"Organization","@id":"https:\/\/tajkertesz.com\/#organization","name":"T\u00e1j-Kert\u00e9sz 84 Kft.","url":"https:\/\/tajkertesz.com\/","logo":{"@type":"ImageObject","inLanguage":"en-US","@id":"https:\/\/tajkertesz.com\/#\/schema\/logo\/image\/","url":"https:\/\/tajkertesz.com\/wp-content\/uploads\/2018\/02\/logo-2-e1518678052539.png","contentUrl":"https:\/\/tajkertesz.com\/wp-content\/uploads\/2018\/02\/logo-2-e1518678052539.png","width":81,"height":140,"caption":"T\u00e1j-Kert\u00e9sz 84 Kft."},"image":{"@id":"https:\/\/tajkertesz.com\/#\/schema\/logo\/image\/"},"sameAs":["https:\/\/www.facebook.com\/Tajkertesz\/"]}]}},"_links":{"self":[{"href":"https:\/\/tajkertesz.com\/en_US\/wp-json\/wp\/v2\/product\/19860","targetHints":{"allow":["GET"]}}],"collection":[{"href":"https:\/\/tajkertesz.com\/en_US\/wp-json\/wp\/v2\/product"}],"about":[{"href":"https:\/\/tajkertesz.com\/en_US\/wp-json\/wp\/v2\/types\/product"}],"wp:featuredmedia":[{"embeddable":true,"href":"https:\/\/tajkertesz.com\/en_US\/wp-json\/wp\/v2\/media\/19863"}],"wp:attachment":[{"href":"https:\/\/tajkertesz.com\/en_US\/wp-json\/wp\/v2\/media?parent=19860"}],"wp:term":[{"taxonomy":"product_brand","embeddable":true,"href":"https:\/\/tajkertesz.com\/en_US\/wp-json\/wp\/v2\/product_brand?post=19860"},{"taxonomy":"product_cat","embeddable":true,"href":"https:\/\/tajkertesz.com\/en_US\/wp-json\/wp\/v2\/product_cat?post=19860"},{"taxonomy":"product_tag","embeddable":true,"href":"https:\/\/tajkertesz.com\/en_US\/wp-json\/wp\/v2\/product_tag?post=19860"}],"curies":[{"name":"wp","href":"https:\/\/api.w.org\/{rel}","templated":true}]}}