{"id":19864,"date":"2024-03-26T12:10:43","date_gmt":"2024-03-26T12:10:43","guid":{"rendered":"https:\/\/tajkertesz.com\/?post_type=product&#038;p=19864"},"modified":"2026-02-12T15:25:02","modified_gmt":"2026-02-12T15:25:02","slug":"nortene-green-zurich-evolution-30-mufu","status":"publish","type":"product","link":"https:\/\/tajkertesz.com\/en_US\/product\/nortene-green-zurich-evolution-30-mufu\/","title":{"rendered":"Nortene Green Zurich Evolution 30 m\u0171f\u0171"},"content":{"rendered":"<h2>Nortene Green Zurich Evolution 30 m\u0171f\u0171<\/h2>\n<p class=\"sensabrush lowercase color-brown mt-8 text-6xl sm:text-8xl leading-10\">green zurich evolution 30<\/p>\n<h1 class=\"justtellmewhat color-green-2 mt-4 text-2xl leading-none\">Term\u00e9szetes hat\u00e1s\u00fa m\u0171f\u0171 be\u00e9p\u00edtett mem\u00f3ri\u00e1val<\/h1>\n<div class=\"mt-2 color-brown text-lg\">Bemutatjuk a ZURICH EVOLUTION-t, egy m\u0171f\u00fcvet, amit nem csak az\u00e9rt fog szeretni, mert l\u00e1tv\u00e1nyosan hasonl\u00edt a term\u00e9szetes f\u0171h\u00f6z, hanem mert sz\u00edne intenz\u00edv z\u00f6ld, \u00fcde, vizes hat\u00e1s\u00fa. Be\u00e9p\u00edtett mem\u00f3ri\u00e1ja miatt nem lapul le. A leg\u00e9leth\u0171bb m\u0171f\u00fcv\u00fcnk, hosszan tart\u00f3 puhas\u00e1ggal \u00e9s min\u0151s\u00e9ggel!<\/div>\n<div><\/div>\n<div>\n<h2 class=\"justtellmewhat uppercase color-green-2 text-3xl mt-10\">EL\u0150NY\u00d6K<\/h2>\n<div class=\"mt-2 color-brown text-lg\">\n<p>&#8211; Nem ig\u00e9nyel \u00f6nt\u00f6z\u00e9st, tr\u00e1gy\u00e1z\u00e1st, f\u0171ny\u00edr\u00e1st, sem egy\u00e9b karbantart\u00e1st, ez\u00e1ltal id\u0151t \u00e9s hossz\u00fa t\u00e1von p\u00e9nzt sp\u00f3rolhat meg.<br \/>\n&#8211; T\u00e9len-ny\u00e1ron z\u00f6ld az \u00e1ltala telep\u00edtett ter\u00fclet, UV \u00e1ll\u00f3s\u00e1g\u00e1nak k\u00f6sz\u00f6nhet\u0151en hossz\u00fat\u00e1von megtartja sz\u00e9p z\u00f6ld sz\u00edn\u00e9t.<br \/>\n&#8211; Nem gyomosodik.<br \/>\n&#8211; A z\u00f6ld \u00e9s a barna sz\u00edn 4-f\u00e9le \u00e1rnyalat\u00e1nak k\u00f6sz\u00f6nhet\u0151en term\u00e9szetes hat\u00e1st biztos\u00edt.<br \/>\n&#8211; Ellen\u00e1ll a kl\u00f3rnak. &#8211; A perfor\u00e1lt alap j\u00f3 v\u00edzelvezet\u00e9st biztos\u00edt.<br \/>\n&#8211; \u00daj gener\u00e1ci\u00f3s alap: nem repedezik meg, ellen\u00e1ll a talajjal val\u00f3 s\u00farl\u00f3d\u00e1snak \u00e9s nagyon rugalmas.<br \/>\n&#8211; 100% gyerek-,kutya-, p\u00e9nzt\u00e1rcabar\u00e1t, \u00e9s vakondbiztos.<\/p>\n<\/div>\n<h2 class=\"justtellmewhat uppercase color-green-2 text-3xl mt-10\">JELLEMZ\u0150K<\/h2>\n<div class=\"mt-2 color-brown text-lg\">\n<p>&#8211; Fonal anyag: PE (egyenes sz\u00e1lak) + PP (g\u00f6nd\u00f6r sz\u00e1lak) &#8211; Alap: PP + latex &#8211; Sz\u0151nyeg teljes magass\u00e1ga: 40 mm &#8211; DTEX: 7 800 (\u00b1 3%). &#8211; \u00d6lt\u00e9sek: 19950 m\u00b2 (\u00b1 100) &#8211; S\u00faly: 2,6 kg \/ m\u00b2 (\u00b1 3%) &#8211; Sz\u00edn: barna- z\u00f6ld (4 \u00e1rnyalat\u00fa) &#8211; UV \u00e1ll\u00f3 &#8211; V\u00edzelvezet\u00e9s: 800 -1000 l \/ h \/ m\u00b2 &#8211; Garancia: 8 \u00e9v<\/p>\n<p>KARBANTART\u00c1SI TIPPEK:<br \/>\n&#8211; Miut\u00e1n a f\u00fcvet letekerte, hagyja legal\u00e1bb 24 \u00f3r\u00e1n \u00e1t pihenni, miel\u0151tt kihelyezi.<br \/>\n&#8211; Kihelyez\u00e9s ut\u00e1n id\u0151nk\u00e9nt seperje \u00e1t a f\u00fcvet, att\u00f3l f\u00fcgg\u0151en, hogyan haszn\u00e1lja.<br \/>\n&#8211; A jobb eredm\u00e9ny \u00e9rdek\u00e9ben haszn\u00e1ljon speci\u00e1lis m\u0171f\u0171 kef\u00e9t, p\u00e9ld\u00e1ul a Nortene BRUSHY modellt.<br \/>\n&#8211; A f\u0171ben l\u00e9v\u0151 por, homok vagy egy\u00e9b apr\u00f3 t\u00f6rmel\u00e9k elt\u00e1vol\u00edt\u00e1s\u00e1hoz hagyom\u00e1nyos porsz\u00edv\u00f3 is haszn\u00e1lhat\u00f3.<\/p>\n<p>El\u00e9rhet\u0151 t\u00f6bbf\u00e9le m\u00e9retben \u00e9s \u00e1rban.<\/p>\n<p><strong>K\u00e9szlet\u00fcnk napi szinten v\u00e1ltozik, ez\u00e9rt k\u00e9rj\u00fck, \u00e9rdekl\u0151dj\u00f6n szem\u00e9lyesen, telefonon vagy email-en.<br \/>\nA v\u00e1ltoztat\u00e1s jog\u00e1t fenntartjuk!\u00a0<\/strong><\/p>\n<p><a href=\"https:\/\/tajkertesz.com\/\">https:\/\/tajkertesz.com\/<\/a><\/p>\n<p><a href=\"https:\/\/www.facebook.com\/tajkertesz\/\">https:\/\/www.facebook.com\/tajkertesz\/<\/a><\/p>\n<p>Kisz\u00e1ll\u00edt\u00e1s: 200cm-ig \u00a0\u00e9s 40 kg-ig a sz\u00e1ll\u00edt\u00e1s fut\u00e1rszolg\u00e1lattal \u00a0t\u00f6rt\u00e9nik.<\/p>\n<p>Szem\u00e9lyes \u00e1tv\u00e9tel nyitvatart\u00e1si id\u0151ben a 17. ker\u00fclet Bakancsos utca 7. sz\u00e1m alatti Kert\u00e9szeti \u00e1rud\u00e1nkban.<\/p>\n<\/div>\n<\/div>","protected":false},"excerpt":{"rendered":"<h2>Nortene Green Zurich Evolution 30 m\u0171f\u0171<\/h2>\n<h4 class=\"justtellmewhat color-green-2 mt-4 text-2xl leading-none\">Term\u00e9szetes hat\u00e1s\u00fa m\u0171f\u0171 be\u00e9p\u00edtett mem\u00f3ri\u00e1val<\/h4>\n<p>M\u00e9rete: 2mx4m<\/p>\n<div class=\"mt-2 color-brown text-lg\">Bemutatjuk a ZURICH EVOLUTION-t, egy m\u0171f\u00fcvet, amit nem csak az\u00e9rt fog szeretni, mert l\u00e1tv\u00e1nyosan hasonl\u00edt a term\u00e9szetes f\u0171h\u00f6z, hanem mert sz\u00edne intenz\u00edv z\u00f6ld, \u00fcde, vizes hat\u00e1s\u00fa. Be\u00e9p\u00edtett mem\u00f3ri\u00e1ja miatt nem lapul le. A leg\u00e9leth\u0171bb m\u0171f\u00fcv\u00fcnk, hosszan tart\u00f3 puhas\u00e1ggal \u00e9s min\u0151s\u00e9ggel!<\/div>","protected":false},"featured_media":19865,"template":"","meta":{"_et_pb_use_builder":"","_et_pb_old_content":"","_et_gb_content_width":""},"product_brand":[],"product_cat":[1539],"product_tag":[5017,5029,943],"class_list":{"0":"post-19864","1":"product","2":"type-product","3":"status-publish","4":"has-post-thumbnail","6":"product_cat-kellekek","7":"product_tag-fu","8":"product_tag-mufu","9":"product_tag-nortene","11":"first","12":"instock","13":"shipping-taxable","14":"purchasable","15":"product-type-simple"},"yoast_head":"<!-- This site is optimized with the Yoast SEO plugin v27.3 - https:\/\/yoast.com\/product\/yoast-seo-wordpress\/ -->\n<title>Nortene Green Zurich Evolution 30 m\u0171f\u0171 - T\u00e1jkert\u00e9sz<\/title>\n<meta name=\"description\" content=\"Bemutatjuk a ZURICH EVOLUTION-t, egy m\u0171f\u00fcvet, amit nem csak az\u00e9rt fog szeretni, mert l\u00e1tv\u00e1nyosan hasonl\u00edt a term\u00e9szetes f\u0171h\u00f6z, hanem mert sz\u00edne intenz\u00edv...\" \/>\n<meta name=\"robots\" content=\"index, follow, max-snippet:-1, max-image-preview:large, max-video-preview:-1\" \/>\n<link rel=\"canonical\" href=\"https:\/\/tajkertesz.com\/en_US\/product\/nortene-green-zurich-evolution-30-mufu\/\" \/>\n<meta property=\"og:locale\" content=\"en_US\" \/>\n<meta property=\"og:type\" content=\"article\" \/>\n<meta property=\"og:title\" content=\"Nortene Green Zurich Evolution 30 m\u0171f\u0171 - T\u00e1jkert\u00e9sz\" \/>\n<meta property=\"og:description\" content=\"Bemutatjuk a ZURICH EVOLUTION-t, egy m\u0171f\u00fcvet, amit nem csak az\u00e9rt fog szeretni, mert l\u00e1tv\u00e1nyosan hasonl\u00edt a term\u00e9szetes f\u0171h\u00f6z, hanem mert sz\u00edne intenz\u00edv...\" \/>\n<meta property=\"og:url\" content=\"https:\/\/tajkertesz.com\/en_US\/product\/nortene-green-zurich-evolution-30-mufu\/\" \/>\n<meta property=\"og:site_name\" content=\"T\u00e1jkert\u00e9sz\" \/>\n<meta property=\"article:publisher\" content=\"https:\/\/www.facebook.com\/Tajkertesz\/\" \/>\n<meta property=\"article:modified_time\" content=\"2026-02-12T15:25:02+00:00\" \/>\n<meta property=\"og:image\" content=\"https:\/\/tajkertesz.com\/wp-content\/uploads\/2024\/03\/2018164_A.jpg-478x430-1.jpg\" \/>\n\t<meta property=\"og:image:width\" content=\"478\" \/>\n\t<meta property=\"og:image:height\" content=\"430\" \/>\n\t<meta property=\"og:image:type\" content=\"image\/jpeg\" \/>\n<meta name=\"twitter:card\" content=\"summary_large_image\" \/>\n<meta name=\"twitter:label1\" content=\"Est. reading time\" \/>\n\t<meta name=\"twitter:data1\" content=\"2 minutes\" \/>\n<script type=\"application\/ld+json\" class=\"yoast-schema-graph\">{\"@context\":\"https:\\\/\\\/schema.org\",\"@graph\":[{\"@type\":\"WebPage\",\"@id\":\"https:\\\/\\\/tajkertesz.com\\\/termek\\\/nortene-green-zurich-evolution-30-mufu\\\/\",\"url\":\"https:\\\/\\\/tajkertesz.com\\\/termek\\\/nortene-green-zurich-evolution-30-mufu\\\/\",\"name\":\"Nortene Green Zurich Evolution 30 m\u0171f\u0171 - T\u00e1jkert\u00e9sz\",\"isPartOf\":{\"@id\":\"https:\\\/\\\/tajkertesz.com\\\/#website\"},\"primaryImageOfPage\":{\"@id\":\"https:\\\/\\\/tajkertesz.com\\\/termek\\\/nortene-green-zurich-evolution-30-mufu\\\/#primaryimage\"},\"image\":{\"@id\":\"https:\\\/\\\/tajkertesz.com\\\/termek\\\/nortene-green-zurich-evolution-30-mufu\\\/#primaryimage\"},\"thumbnailUrl\":\"https:\\\/\\\/tajkertesz.com\\\/wp-content\\\/uploads\\\/2024\\\/03\\\/2018164_A.jpg-478x430-1.jpg\",\"datePublished\":\"2024-03-26T12:10:43+00:00\",\"dateModified\":\"2026-02-12T15:25:02+00:00\",\"description\":\"Bemutatjuk a ZURICH EVOLUTION-t, egy m\u0171f\u00fcvet, amit nem csak az\u00e9rt fog szeretni, mert l\u00e1tv\u00e1nyosan hasonl\u00edt a term\u00e9szetes f\u0171h\u00f6z, hanem mert sz\u00edne intenz\u00edv...\",\"breadcrumb\":{\"@id\":\"https:\\\/\\\/tajkertesz.com\\\/termek\\\/nortene-green-zurich-evolution-30-mufu\\\/#breadcrumb\"},\"inLanguage\":\"en-US\",\"potentialAction\":[{\"@type\":\"ReadAction\",\"target\":[\"https:\\\/\\\/tajkertesz.com\\\/termek\\\/nortene-green-zurich-evolution-30-mufu\\\/\"]}]},{\"@type\":\"ImageObject\",\"inLanguage\":\"en-US\",\"@id\":\"https:\\\/\\\/tajkertesz.com\\\/termek\\\/nortene-green-zurich-evolution-30-mufu\\\/#primaryimage\",\"url\":\"https:\\\/\\\/tajkertesz.com\\\/wp-content\\\/uploads\\\/2024\\\/03\\\/2018164_A.jpg-478x430-1.jpg\",\"contentUrl\":\"https:\\\/\\\/tajkertesz.com\\\/wp-content\\\/uploads\\\/2024\\\/03\\\/2018164_A.jpg-478x430-1.jpg\",\"width\":478,\"height\":430},{\"@type\":\"BreadcrumbList\",\"@id\":\"https:\\\/\\\/tajkertesz.com\\\/termek\\\/nortene-green-zurich-evolution-30-mufu\\\/#breadcrumb\",\"itemListElement\":[{\"@type\":\"ListItem\",\"position\":1,\"name\":\"Home\",\"item\":\"https:\\\/\\\/tajkertesz.com\\\/\"},{\"@type\":\"ListItem\",\"position\":2,\"name\":\"Kezd\u0151lap\",\"item\":\"https:\\\/\\\/tajkertesz.com\\\/\"},{\"@type\":\"ListItem\",\"position\":3,\"name\":\"Nortene Green Zurich Evolution 30 m\u0171f\u0171\"}]},{\"@type\":\"WebSite\",\"@id\":\"https:\\\/\\\/tajkertesz.com\\\/#website\",\"url\":\"https:\\\/\\\/tajkertesz.com\\\/\",\"name\":\"T\u00e1j-Kert\u00e9sz 84 Kft.\",\"description\":\"Kert\u00e9szeti kis- \u00e9s nagykeresked\u00e9s, D\u00edszn\u00f6v\u00e9ny web\u00e1ruh\u00e1z orsz\u00e1gos h\u00e1zhozsz\u00e1ll\u00edt\u00e1ssal!\",\"publisher\":{\"@id\":\"https:\\\/\\\/tajkertesz.com\\\/#organization\"},\"potentialAction\":[{\"@type\":\"SearchAction\",\"target\":{\"@type\":\"EntryPoint\",\"urlTemplate\":\"https:\\\/\\\/tajkertesz.com\\\/?s={search_term_string}\"},\"query-input\":{\"@type\":\"PropertyValueSpecification\",\"valueRequired\":true,\"valueName\":\"search_term_string\"}}],\"inLanguage\":\"en-US\"},{\"@type\":\"Organization\",\"@id\":\"https:\\\/\\\/tajkertesz.com\\\/#organization\",\"name\":\"T\u00e1j-Kert\u00e9sz 84 Kft.\",\"url\":\"https:\\\/\\\/tajkertesz.com\\\/\",\"logo\":{\"@type\":\"ImageObject\",\"inLanguage\":\"en-US\",\"@id\":\"https:\\\/\\\/tajkertesz.com\\\/#\\\/schema\\\/logo\\\/image\\\/\",\"url\":\"https:\\\/\\\/tajkertesz.com\\\/wp-content\\\/uploads\\\/2018\\\/02\\\/logo-2-e1518678052539.png\",\"contentUrl\":\"https:\\\/\\\/tajkertesz.com\\\/wp-content\\\/uploads\\\/2018\\\/02\\\/logo-2-e1518678052539.png\",\"width\":81,\"height\":140,\"caption\":\"T\u00e1j-Kert\u00e9sz 84 Kft.\"},\"image\":{\"@id\":\"https:\\\/\\\/tajkertesz.com\\\/#\\\/schema\\\/logo\\\/image\\\/\"},\"sameAs\":[\"https:\\\/\\\/www.facebook.com\\\/Tajkertesz\\\/\"]}]}<\/script>\n<!-- \/ Yoast SEO plugin. -->","yoast_head_json":{"title":"Nortene Green Zurich Evolution 30 m\u0171f\u0171 - T\u00e1jkert\u00e9sz","description":"Bemutatjuk a ZURICH EVOLUTION-t, egy m\u0171f\u00fcvet, amit nem csak az\u00e9rt fog szeretni, mert l\u00e1tv\u00e1nyosan hasonl\u00edt a term\u00e9szetes f\u0171h\u00f6z, hanem mert sz\u00edne intenz\u00edv...","robots":{"index":"index","follow":"follow","max-snippet":"max-snippet:-1","max-image-preview":"max-image-preview:large","max-video-preview":"max-video-preview:-1"},"canonical":"https:\/\/tajkertesz.com\/en_US\/product\/nortene-green-zurich-evolution-30-mufu\/","og_locale":"en_US","og_type":"article","og_title":"Nortene Green Zurich Evolution 30 m\u0171f\u0171 - T\u00e1jkert\u00e9sz","og_description":"Bemutatjuk a ZURICH EVOLUTION-t, egy m\u0171f\u00fcvet, amit nem csak az\u00e9rt fog szeretni, mert l\u00e1tv\u00e1nyosan hasonl\u00edt a term\u00e9szetes f\u0171h\u00f6z, hanem mert sz\u00edne intenz\u00edv...","og_url":"https:\/\/tajkertesz.com\/en_US\/product\/nortene-green-zurich-evolution-30-mufu\/","og_site_name":"T\u00e1jkert\u00e9sz","article_publisher":"https:\/\/www.facebook.com\/Tajkertesz\/","article_modified_time":"2026-02-12T15:25:02+00:00","og_image":[{"width":478,"height":430,"url":"https:\/\/tajkertesz.com\/wp-content\/uploads\/2024\/03\/2018164_A.jpg-478x430-1.jpg","type":"image\/jpeg"}],"twitter_card":"summary_large_image","twitter_misc":{"Est. reading time":"2 minutes"},"schema":{"@context":"https:\/\/schema.org","@graph":[{"@type":"WebPage","@id":"https:\/\/tajkertesz.com\/termek\/nortene-green-zurich-evolution-30-mufu\/","url":"https:\/\/tajkertesz.com\/termek\/nortene-green-zurich-evolution-30-mufu\/","name":"Nortene Green Zurich Evolution 30 m\u0171f\u0171 - T\u00e1jkert\u00e9sz","isPartOf":{"@id":"https:\/\/tajkertesz.com\/#website"},"primaryImageOfPage":{"@id":"https:\/\/tajkertesz.com\/termek\/nortene-green-zurich-evolution-30-mufu\/#primaryimage"},"image":{"@id":"https:\/\/tajkertesz.com\/termek\/nortene-green-zurich-evolution-30-mufu\/#primaryimage"},"thumbnailUrl":"https:\/\/tajkertesz.com\/wp-content\/uploads\/2024\/03\/2018164_A.jpg-478x430-1.jpg","datePublished":"2024-03-26T12:10:43+00:00","dateModified":"2026-02-12T15:25:02+00:00","description":"Bemutatjuk a ZURICH EVOLUTION-t, egy m\u0171f\u00fcvet, amit nem csak az\u00e9rt fog szeretni, mert l\u00e1tv\u00e1nyosan hasonl\u00edt a term\u00e9szetes f\u0171h\u00f6z, hanem mert sz\u00edne intenz\u00edv...","breadcrumb":{"@id":"https:\/\/tajkertesz.com\/termek\/nortene-green-zurich-evolution-30-mufu\/#breadcrumb"},"inLanguage":"en-US","potentialAction":[{"@type":"ReadAction","target":["https:\/\/tajkertesz.com\/termek\/nortene-green-zurich-evolution-30-mufu\/"]}]},{"@type":"ImageObject","inLanguage":"en-US","@id":"https:\/\/tajkertesz.com\/termek\/nortene-green-zurich-evolution-30-mufu\/#primaryimage","url":"https:\/\/tajkertesz.com\/wp-content\/uploads\/2024\/03\/2018164_A.jpg-478x430-1.jpg","contentUrl":"https:\/\/tajkertesz.com\/wp-content\/uploads\/2024\/03\/2018164_A.jpg-478x430-1.jpg","width":478,"height":430},{"@type":"BreadcrumbList","@id":"https:\/\/tajkertesz.com\/termek\/nortene-green-zurich-evolution-30-mufu\/#breadcrumb","itemListElement":[{"@type":"ListItem","position":1,"name":"Home","item":"https:\/\/tajkertesz.com\/"},{"@type":"ListItem","position":2,"name":"Kezd\u0151lap","item":"https:\/\/tajkertesz.com\/"},{"@type":"ListItem","position":3,"name":"Nortene Green Zurich Evolution 30 m\u0171f\u0171"}]},{"@type":"WebSite","@id":"https:\/\/tajkertesz.com\/#website","url":"https:\/\/tajkertesz.com\/","name":"T\u00e1j-Kert\u00e9sz 84 Kft.","description":"Kert\u00e9szeti kis- \u00e9s nagykeresked\u00e9s, D\u00edszn\u00f6v\u00e9ny web\u00e1ruh\u00e1z orsz\u00e1gos h\u00e1zhozsz\u00e1ll\u00edt\u00e1ssal!","publisher":{"@id":"https:\/\/tajkertesz.com\/#organization"},"potentialAction":[{"@type":"SearchAction","target":{"@type":"EntryPoint","urlTemplate":"https:\/\/tajkertesz.com\/?s={search_term_string}"},"query-input":{"@type":"PropertyValueSpecification","valueRequired":true,"valueName":"search_term_string"}}],"inLanguage":"en-US"},{"@type":"Organization","@id":"https:\/\/tajkertesz.com\/#organization","name":"T\u00e1j-Kert\u00e9sz 84 Kft.","url":"https:\/\/tajkertesz.com\/","logo":{"@type":"ImageObject","inLanguage":"en-US","@id":"https:\/\/tajkertesz.com\/#\/schema\/logo\/image\/","url":"https:\/\/tajkertesz.com\/wp-content\/uploads\/2018\/02\/logo-2-e1518678052539.png","contentUrl":"https:\/\/tajkertesz.com\/wp-content\/uploads\/2018\/02\/logo-2-e1518678052539.png","width":81,"height":140,"caption":"T\u00e1j-Kert\u00e9sz 84 Kft."},"image":{"@id":"https:\/\/tajkertesz.com\/#\/schema\/logo\/image\/"},"sameAs":["https:\/\/www.facebook.com\/Tajkertesz\/"]}]}},"_links":{"self":[{"href":"https:\/\/tajkertesz.com\/en_US\/wp-json\/wp\/v2\/product\/19864","targetHints":{"allow":["GET"]}}],"collection":[{"href":"https:\/\/tajkertesz.com\/en_US\/wp-json\/wp\/v2\/product"}],"about":[{"href":"https:\/\/tajkertesz.com\/en_US\/wp-json\/wp\/v2\/types\/product"}],"wp:featuredmedia":[{"embeddable":true,"href":"https:\/\/tajkertesz.com\/en_US\/wp-json\/wp\/v2\/media\/19865"}],"wp:attachment":[{"href":"https:\/\/tajkertesz.com\/en_US\/wp-json\/wp\/v2\/media?parent=19864"}],"wp:term":[{"taxonomy":"product_brand","embeddable":true,"href":"https:\/\/tajkertesz.com\/en_US\/wp-json\/wp\/v2\/product_brand?post=19864"},{"taxonomy":"product_cat","embeddable":true,"href":"https:\/\/tajkertesz.com\/en_US\/wp-json\/wp\/v2\/product_cat?post=19864"},{"taxonomy":"product_tag","embeddable":true,"href":"https:\/\/tajkertesz.com\/en_US\/wp-json\/wp\/v2\/product_tag?post=19864"}],"curies":[{"name":"wp","href":"https:\/\/api.w.org\/{rel}","templated":true}]}}