{"id":19877,"date":"2024-10-29T14:35:51","date_gmt":"2024-10-29T14:35:51","guid":{"rendered":"https:\/\/tajkertesz.com\/?post_type=product&#038;p=19877"},"modified":"2025-03-10T07:42:54","modified_gmt":"2025-03-10T07:42:54","slug":"rubus-idaeus-poemat-folytontermo-malna","status":"publish","type":"product","link":"https:\/\/tajkertesz.com\/en_US\/product\/rubus-idaeus-poemat-folytontermo-malna\/","title":{"rendered":"Rubus idaeus \u2018Poemat\u2019 &#8211; folytonterm\u0151 m\u00e1lna"},"content":{"rendered":"<h1>Rubus idaeus \u2018Poemat\u2019 &#8211; folytonterm\u0151 m\u00e1lna<\/h1>\n<p>A Rubus idaeus \u2018Poemat\u2019 &#8211; folytonterm\u0151 m\u00e1lna egy k\u00fcl\u00f6nleges m\u00e1lnafajta, amelyet a kiv\u00e1l\u00f3 \u00edze \u00e9s term\u0151k\u00e9pess\u00e9ge miatt kedvelnek a kert\u00e9szek. A\u00a0 folytonterm\u0151 m\u00e1ln\u00e1t Lengyelorsz\u00e1gban nemes\u00edtettek.<\/p>\n<h2>Rubus idaeus \u2018Poemat\u2019 jellemz\u0151i<\/h2>\n<p>Nagym\u00e9ret\u0171, k\u00fap alak\u00fa gy\u00fcm\u00f6lcs\u00f6ket hoz, amelyek \u00e9desek \u00e9s enyh\u00e9n savanyk\u00e1sak. A gy\u00fcm\u00f6lcs\u00f6k szed\u00e9se j\u00fanius v\u00e9g\u00e9n kezd\u0151dik \u00e9s okt\u00f3berig tart.<\/p>\n<p>Ez a fajta rendk\u00edv\u00fcl ellen\u00e1ll\u00f3 a gy\u00f6k\u00e9rrothad\u00e1ssal szemben, \u00e9s b\u00e1rmilyen talajban j\u00f3l \u00e9rzi mag\u00e1t.<\/p>\n<p>Egy bokorr\u00f3l ak\u00e1r 4-5 kg term\u00e9s is sz\u00fcretelhet\u0151. A gy\u00fcm\u00f6lcs\u00f6k nem esnek sz\u00e9t \u00e9s j\u00f3l sz\u00e1ll\u00edthat\u00f3k,\u00a0 friss fogyaszt\u00e1sra, konyhai feldolgoz\u00e1sra dzsem, sz\u00f6rp, desszert k\u00e9sz\u00edt\u00e9s\u00e9re \u00e9s fagyaszt\u00e1sra is alkalmasak.<\/p>\n<p>Bokros n\u00f6veked\u00e9s\u0171, \u00e9s \u00e1ltal\u00e1ban 1,5-2 m\u00e9ter magasra n\u0151. A n\u00f6v\u00e9ny er\u0151s, f\u00e1s sz\u00e1r\u00fa, \u00e9s s\u0171r\u0171 lombkoron\u00e1t k\u00e9pez. Levelei \u00f6sszetettek, s\u00f6t\u00e9tz\u00f6ldek \u00e9s fogazott sz\u00e9l\u0171ek, ami dekorat\u00edv megjelen\u00e9st k\u00f6lcs\u00f6n\u00f6z a n\u00f6v\u00e9nynek.<\/p>\n<p>Vir\u00e1gai kicsik, feh\u00e9rek vagy halv\u00e1ny r\u00f3zsasz\u00edn\u0171ek, \u00e9s tavasszal ny\u00edlnak. A vir\u00e1gz\u00e1s ut\u00e1n a n\u00f6v\u00e9ny b\u0151s\u00e9gesen hozza a term\u00e9seit, amelyek nagyok, g\u00f6mb\u00f6ly\u0171ek \u00e9s \u00e9l\u00e9nkpiros sz\u00edn\u0171ek. A bogy\u00f3k \u00edze \u00e9des, enyh\u00e9n savanyk\u00e1s, \u00e9s rendk\u00edv\u00fcl arom\u00e1s, ami miatt kiv\u00e1l\u00f3an alkalmas friss fogyaszt\u00e1sra, lekv\u00e1rok, dzsemek \u00e9s s\u00fctem\u00e9nyek k\u00e9sz\u00edt\u00e9s\u00e9re.<\/p>\n<h3>A folytonterm\u0151 m\u00e1lna gondoz\u00e1sa<\/h3>\n<p>Napos vagy f\u00e9l\u00e1rny\u00e9kos helyet ig\u00e9nyel, \u00e9s j\u00f3l szell\u0151z\u0151, t\u00e1panyagban gazdag talajban fejl\u0151dik a legjobban. \u00dcltet\u00e9se tavasszal vagy \u0151sszel aj\u00e1nlott, amikor a talaj m\u00e9g meleg, de m\u00e1r nem t\u00fal forr\u00f3. Fontos a rendszeres \u00f6nt\u00f6z\u00e9s, k\u00fcl\u00f6n\u00f6sen a sz\u00e1raz id\u0151szakokban, valamint a talaj mulcsoz\u00e1sa, hogy meg\u0151rizz\u00fck a nedvess\u00e9get \u00e9s megakad\u00e1lyozzuk a gyomok n\u00f6veked\u00e9s\u00e9t.<\/p>\n<p>Viszonylag ellen\u00e1ll\u00f3 a betegs\u00e9gekkel \u00e9s k\u00e1rtev\u0151kkel szemben, de id\u0151nk\u00e9nt el\u0151fordulhatnak lev\u00e9ltetvek, m\u00e1lnarozsda vagy gy\u00f6k\u00e9rrothad\u00e1s. A megfelel\u0151 gondoz\u00e1s \u00e9s a n\u00f6v\u00e9nyek k\u00f6z\u00f6tti megfelel\u0151 t\u00e1vols\u00e1g betart\u00e1sa seg\u00edthet minimaliz\u00e1lni ezeket a probl\u00e9m\u00e1kat.<\/p>\n<p>Ennek a fajt\u00e1nak a term\u00e9sei ny\u00e1r k\u00f6zep\u00e9t\u0151l k\u00e9s\u0151 \u0151szig \u00e9rnek, \u00e9s rendszeres szed\u00e9ssel biztos\u00edthatjuk a folyamatos term\u00e9st. A bogy\u00f3k frissen fogyasztva a legfinomabbak, de kiv\u00e1l\u00f3an alkalmasak lekv\u00e1rok, dzsemek, s\u00fctem\u00e9nyek \u00e9s egy\u00e9b desszertek k\u00e9sz\u00edt\u00e9s\u00e9re is.<\/p>\n<p>Ehhez t\u00f6k\u00e9letesen megfelel\u0151 term\u00e9k az\u00a0 Agrecol m\u0171tr\u00e1gya bogy\u00f3s gy\u00fcm\u00f6lcs\u00f6kh\u00f6z:<\/p>\n<p><a href=\"https:\/\/tajkertesz.com\/termek\/agrecol-mutragya-bogyos-gyumolcsokhoz-12-kg\/\">https:\/\/tajkertesz.com\/termek\/agrecol-mutragya-bogyos-gyumolcsokhoz-12-kg\/<\/a><\/p>\n<p>A m\u00e1lna termeszt\u00e9s\u00e9hez m\u00e9g igen fontos m\u0171velet a metsz\u00e9s.<\/p>\n<p>Ezek az \u00e1ltal\u00e1nos ir\u00e1nyelvek seg\u00edthetnek a Poemat m\u00e1lna sikeres \u00fcltet\u00e9s\u00e9ben \u00e9s gondoz\u00e1s\u00e1ban.<\/p>\n<p>Jelenlegi term\u00e9k\u00fcnk 40-60 cm magas, 2 literes kont\u00e9nerben kaphat\u00f3.<\/p>\n<p><strong>K\u00e9szlet\u00fcnk napi szinten v\u00e1ltozik, ez\u00e9rt k\u00e9rj\u00fck, \u00e9rdekl\u0151dj\u00f6n szem\u00e9lyesen, telefonon vagy email-en.<br \/>\nA v\u00e1ltoztat\u00e1s jog\u00e1t fenntartjuk!\u00a0<\/strong><\/p>\n<p>&nbsp;<\/p>\n<p><a href=\"https:\/\/tajkertesz.com\/\">https:\/\/tajkertesz.com\/<\/a><\/p>\n<p><a href=\"https:\/\/www.facebook.com\/tajkertesz\/\">https:\/\/www.facebook.com\/tajkertesz\/<\/a><\/p>\n<p>Kisz\u00e1ll\u00edt\u00e1s: 200cm-ig \u00a0\u00e9s 40 kg-ig a sz\u00e1ll\u00edt\u00e1s fut\u00e1rszolg\u00e1lattal \u00a0t\u00f6rt\u00e9nik.<\/p>\n<p>Szem\u00e9lyes \u00e1tv\u00e9tel nyitvatart\u00e1si id\u0151ben a 17. ker\u00fclet Bakancsos utca 7. sz\u00e1m alatti Kert\u00e9szeti \u00e1rud\u00e1nkban.<\/p>","protected":false},"excerpt":{"rendered":"<p>A Rubus idaeus \u2018Poemat\u2019 &#8211; folytonterm\u0151 m\u00e1ln\u00e1t Lengyelorsz\u00e1gban nemes\u00edtettek. Nagym\u00e9ret\u0171, k\u00fap alak\u00fa gy\u00fcm\u00f6lcs\u00f6ket hoz, amelyek \u00e9desek \u00e9s enyh\u00e9n savanyk\u00e1sak. A gy\u00fcm\u00f6lcs\u00f6k szed\u00e9se j\u00fanius v\u00e9g\u00e9n kezd\u0151dik \u00e9s okt\u00f3berig tart.<\/p>\n<p>Ez a fajta rendk\u00edv\u00fcl ellen\u00e1ll\u00f3 a gy\u00f6k\u00e9rrothad\u00e1ssal szemben, \u00e9s b\u00e1rmilyen talajban j\u00f3l \u00e9rzi mag\u00e1t.<\/p>\n<p>Egy bokorr\u00f3l ak\u00e1r 4-5 kg term\u00e9s is sz\u00fcretelhet\u0151. A gy\u00fcm\u00f6lcs\u00f6k nem esnek sz\u00e9t \u00e9s j\u00f3l sz\u00e1ll\u00edthat\u00f3k,\u00a0 friss fogyaszt\u00e1sra, konyhai feldolgoz\u00e1sra dzsem, sz\u00f6rp, desszert k\u00e9sz\u00edt\u00e9s\u00e9re \u00e9s fagyaszt\u00e1sra is alkalmasak.<\/p>\n<p>Jelen term\u00e9k\u00fcnk 2 literes cser\u00e9pben kaphat\u00f3 \u00e9s kb: 20\/30 cm magas.<\/p>","protected":false},"featured_media":19878,"template":"","meta":{"_et_pb_use_builder":"","_et_pb_old_content":"","_et_gb_content_width":""},"product_brand":[],"product_cat":[5384],"product_tag":[729,731,726,5033,730],"class_list":{"0":"post-19877","1":"product","2":"type-product","3":"status-publish","4":"has-post-thumbnail","6":"product_cat-malna","7":"product_tag-folytontermo","8":"product_tag-idaeus","9":"product_tag-malna","10":"product_tag-poemat","11":"product_tag-rubus","13":"first","14":"outofstock","15":"shipping-taxable","16":"product-type-simple"},"yoast_head":"<!-- This site is optimized with the Yoast SEO plugin v27.3 - https:\/\/yoast.com\/product\/yoast-seo-wordpress\/ -->\n<title>Rubus idaeus \u2018Poemat\u2019 - folytonterm\u0151 m\u00e1lna - T\u00e1jkert\u00e9sz<\/title>\n<meta name=\"description\" content=\"A Rubus idaeus \u2018Poemat\u2019 - folytonterm\u0151 m\u00e1lna kiv\u00e1l\u00f3 \u00edz\u0171 \u00e9s term\u0151k\u00e9pess\u00e9g\u0171. Nagym\u00e9ret\u0171, k\u00fap alak\u00fa gy\u00fcm\u00f6lcs\u00f6ket hoz, \u00e9desek \u00e9s enyh\u00e9n savanyk\u00e1sak.\" \/>\n<meta name=\"robots\" content=\"index, follow, max-snippet:-1, max-image-preview:large, max-video-preview:-1\" \/>\n<link rel=\"canonical\" href=\"https:\/\/tajkertesz.com\/en_US\/product\/rubus-idaeus-poemat-folytontermo-malna\/\" \/>\n<meta property=\"og:locale\" content=\"en_US\" \/>\n<meta property=\"og:type\" content=\"article\" \/>\n<meta property=\"og:title\" content=\"Rubus idaeus \u2018Poemat\u2019 - folytonterm\u0151 m\u00e1lna - T\u00e1jkert\u00e9sz\" \/>\n<meta property=\"og:description\" content=\"A Rubus idaeus \u2018Poemat\u2019 - folytonterm\u0151 m\u00e1lna kiv\u00e1l\u00f3 \u00edz\u0171 \u00e9s term\u0151k\u00e9pess\u00e9g\u0171. Nagym\u00e9ret\u0171, k\u00fap alak\u00fa gy\u00fcm\u00f6lcs\u00f6ket hoz, \u00e9desek \u00e9s enyh\u00e9n savanyk\u00e1sak.\" \/>\n<meta property=\"og:url\" content=\"https:\/\/tajkertesz.com\/en_US\/product\/rubus-idaeus-poemat-folytontermo-malna\/\" \/>\n<meta property=\"og:site_name\" content=\"T\u00e1jkert\u00e9sz\" \/>\n<meta property=\"article:publisher\" content=\"https:\/\/www.facebook.com\/Tajkertesz\/\" \/>\n<meta property=\"article:modified_time\" content=\"2025-03-10T07:42:54+00:00\" \/>\n<meta property=\"og:image\" content=\"https:\/\/tajkertesz.com\/wp-content\/uploads\/2024\/03\/poemat.jpg\" \/>\n\t<meta property=\"og:image:width\" content=\"423\" \/>\n\t<meta property=\"og:image:height\" content=\"318\" \/>\n\t<meta property=\"og:image:type\" content=\"image\/jpeg\" \/>\n<meta name=\"twitter:card\" content=\"summary_large_image\" \/>\n<meta name=\"twitter:label1\" content=\"Est. reading time\" \/>\n\t<meta name=\"twitter:data1\" content=\"3 minutes\" \/>\n<script type=\"application\/ld+json\" class=\"yoast-schema-graph\">{\"@context\":\"https:\\\/\\\/schema.org\",\"@graph\":[{\"@type\":\"WebPage\",\"@id\":\"https:\\\/\\\/tajkertesz.com\\\/termek\\\/rubus-idaeus-poemat-folytontermo-malna\\\/\",\"url\":\"https:\\\/\\\/tajkertesz.com\\\/termek\\\/rubus-idaeus-poemat-folytontermo-malna\\\/\",\"name\":\"Rubus idaeus \u2018Poemat\u2019 - folytonterm\u0151 m\u00e1lna - T\u00e1jkert\u00e9sz\",\"isPartOf\":{\"@id\":\"https:\\\/\\\/tajkertesz.com\\\/#website\"},\"primaryImageOfPage\":{\"@id\":\"https:\\\/\\\/tajkertesz.com\\\/termek\\\/rubus-idaeus-poemat-folytontermo-malna\\\/#primaryimage\"},\"image\":{\"@id\":\"https:\\\/\\\/tajkertesz.com\\\/termek\\\/rubus-idaeus-poemat-folytontermo-malna\\\/#primaryimage\"},\"thumbnailUrl\":\"https:\\\/\\\/tajkertesz.com\\\/wp-content\\\/uploads\\\/2024\\\/03\\\/poemat.jpg\",\"datePublished\":\"2024-10-29T14:35:51+00:00\",\"dateModified\":\"2025-03-10T07:42:54+00:00\",\"description\":\"A Rubus idaeus \u2018Poemat\u2019 - folytonterm\u0151 m\u00e1lna kiv\u00e1l\u00f3 \u00edz\u0171 \u00e9s term\u0151k\u00e9pess\u00e9g\u0171. Nagym\u00e9ret\u0171, k\u00fap alak\u00fa gy\u00fcm\u00f6lcs\u00f6ket hoz, \u00e9desek \u00e9s enyh\u00e9n savanyk\u00e1sak.\",\"breadcrumb\":{\"@id\":\"https:\\\/\\\/tajkertesz.com\\\/termek\\\/rubus-idaeus-poemat-folytontermo-malna\\\/#breadcrumb\"},\"inLanguage\":\"en-US\",\"potentialAction\":[{\"@type\":\"ReadAction\",\"target\":[\"https:\\\/\\\/tajkertesz.com\\\/termek\\\/rubus-idaeus-poemat-folytontermo-malna\\\/\"]}]},{\"@type\":\"ImageObject\",\"inLanguage\":\"en-US\",\"@id\":\"https:\\\/\\\/tajkertesz.com\\\/termek\\\/rubus-idaeus-poemat-folytontermo-malna\\\/#primaryimage\",\"url\":\"https:\\\/\\\/tajkertesz.com\\\/wp-content\\\/uploads\\\/2024\\\/03\\\/poemat.jpg\",\"contentUrl\":\"https:\\\/\\\/tajkertesz.com\\\/wp-content\\\/uploads\\\/2024\\\/03\\\/poemat.jpg\",\"width\":423,\"height\":318,\"caption\":\"Rubus idaeus \u2018Poemat\u2019 - folytonterm\u0151 m\u00e1lna\"},{\"@type\":\"BreadcrumbList\",\"@id\":\"https:\\\/\\\/tajkertesz.com\\\/termek\\\/rubus-idaeus-poemat-folytontermo-malna\\\/#breadcrumb\",\"itemListElement\":[{\"@type\":\"ListItem\",\"position\":1,\"name\":\"Home\",\"item\":\"https:\\\/\\\/tajkertesz.com\\\/\"},{\"@type\":\"ListItem\",\"position\":2,\"name\":\"Kezd\u0151lap\",\"item\":\"https:\\\/\\\/tajkertesz.com\\\/\"},{\"@type\":\"ListItem\",\"position\":3,\"name\":\"Rubus idaeus \u2018Poemat\u2019 &#8211; folytonterm\u0151 m\u00e1lna\"}]},{\"@type\":\"WebSite\",\"@id\":\"https:\\\/\\\/tajkertesz.com\\\/#website\",\"url\":\"https:\\\/\\\/tajkertesz.com\\\/\",\"name\":\"T\u00e1j-Kert\u00e9sz 84 Kft.\",\"description\":\"Kert\u00e9szeti kis- \u00e9s nagykeresked\u00e9s, D\u00edszn\u00f6v\u00e9ny web\u00e1ruh\u00e1z orsz\u00e1gos h\u00e1zhozsz\u00e1ll\u00edt\u00e1ssal!\",\"publisher\":{\"@id\":\"https:\\\/\\\/tajkertesz.com\\\/#organization\"},\"potentialAction\":[{\"@type\":\"SearchAction\",\"target\":{\"@type\":\"EntryPoint\",\"urlTemplate\":\"https:\\\/\\\/tajkertesz.com\\\/?s={search_term_string}\"},\"query-input\":{\"@type\":\"PropertyValueSpecification\",\"valueRequired\":true,\"valueName\":\"search_term_string\"}}],\"inLanguage\":\"en-US\"},{\"@type\":\"Organization\",\"@id\":\"https:\\\/\\\/tajkertesz.com\\\/#organization\",\"name\":\"T\u00e1j-Kert\u00e9sz 84 Kft.\",\"url\":\"https:\\\/\\\/tajkertesz.com\\\/\",\"logo\":{\"@type\":\"ImageObject\",\"inLanguage\":\"en-US\",\"@id\":\"https:\\\/\\\/tajkertesz.com\\\/#\\\/schema\\\/logo\\\/image\\\/\",\"url\":\"https:\\\/\\\/tajkertesz.com\\\/wp-content\\\/uploads\\\/2018\\\/02\\\/logo-2-e1518678052539.png\",\"contentUrl\":\"https:\\\/\\\/tajkertesz.com\\\/wp-content\\\/uploads\\\/2018\\\/02\\\/logo-2-e1518678052539.png\",\"width\":81,\"height\":140,\"caption\":\"T\u00e1j-Kert\u00e9sz 84 Kft.\"},\"image\":{\"@id\":\"https:\\\/\\\/tajkertesz.com\\\/#\\\/schema\\\/logo\\\/image\\\/\"},\"sameAs\":[\"https:\\\/\\\/www.facebook.com\\\/Tajkertesz\\\/\"]}]}<\/script>\n<!-- \/ Yoast SEO plugin. -->","yoast_head_json":{"title":"Rubus idaeus \u2018Poemat\u2019 - folytonterm\u0151 m\u00e1lna - T\u00e1jkert\u00e9sz","description":"A Rubus idaeus \u2018Poemat\u2019 - folytonterm\u0151 m\u00e1lna kiv\u00e1l\u00f3 \u00edz\u0171 \u00e9s term\u0151k\u00e9pess\u00e9g\u0171. Nagym\u00e9ret\u0171, k\u00fap alak\u00fa gy\u00fcm\u00f6lcs\u00f6ket hoz, \u00e9desek \u00e9s enyh\u00e9n savanyk\u00e1sak.","robots":{"index":"index","follow":"follow","max-snippet":"max-snippet:-1","max-image-preview":"max-image-preview:large","max-video-preview":"max-video-preview:-1"},"canonical":"https:\/\/tajkertesz.com\/en_US\/product\/rubus-idaeus-poemat-folytontermo-malna\/","og_locale":"en_US","og_type":"article","og_title":"Rubus idaeus \u2018Poemat\u2019 - folytonterm\u0151 m\u00e1lna - T\u00e1jkert\u00e9sz","og_description":"A Rubus idaeus \u2018Poemat\u2019 - folytonterm\u0151 m\u00e1lna kiv\u00e1l\u00f3 \u00edz\u0171 \u00e9s term\u0151k\u00e9pess\u00e9g\u0171. Nagym\u00e9ret\u0171, k\u00fap alak\u00fa gy\u00fcm\u00f6lcs\u00f6ket hoz, \u00e9desek \u00e9s enyh\u00e9n savanyk\u00e1sak.","og_url":"https:\/\/tajkertesz.com\/en_US\/product\/rubus-idaeus-poemat-folytontermo-malna\/","og_site_name":"T\u00e1jkert\u00e9sz","article_publisher":"https:\/\/www.facebook.com\/Tajkertesz\/","article_modified_time":"2025-03-10T07:42:54+00:00","og_image":[{"width":423,"height":318,"url":"https:\/\/tajkertesz.com\/wp-content\/uploads\/2024\/03\/poemat.jpg","type":"image\/jpeg"}],"twitter_card":"summary_large_image","twitter_misc":{"Est. reading time":"3 minutes"},"schema":{"@context":"https:\/\/schema.org","@graph":[{"@type":"WebPage","@id":"https:\/\/tajkertesz.com\/termek\/rubus-idaeus-poemat-folytontermo-malna\/","url":"https:\/\/tajkertesz.com\/termek\/rubus-idaeus-poemat-folytontermo-malna\/","name":"Rubus idaeus \u2018Poemat\u2019 - folytonterm\u0151 m\u00e1lna - T\u00e1jkert\u00e9sz","isPartOf":{"@id":"https:\/\/tajkertesz.com\/#website"},"primaryImageOfPage":{"@id":"https:\/\/tajkertesz.com\/termek\/rubus-idaeus-poemat-folytontermo-malna\/#primaryimage"},"image":{"@id":"https:\/\/tajkertesz.com\/termek\/rubus-idaeus-poemat-folytontermo-malna\/#primaryimage"},"thumbnailUrl":"https:\/\/tajkertesz.com\/wp-content\/uploads\/2024\/03\/poemat.jpg","datePublished":"2024-10-29T14:35:51+00:00","dateModified":"2025-03-10T07:42:54+00:00","description":"A Rubus idaeus \u2018Poemat\u2019 - folytonterm\u0151 m\u00e1lna kiv\u00e1l\u00f3 \u00edz\u0171 \u00e9s term\u0151k\u00e9pess\u00e9g\u0171. Nagym\u00e9ret\u0171, k\u00fap alak\u00fa gy\u00fcm\u00f6lcs\u00f6ket hoz, \u00e9desek \u00e9s enyh\u00e9n savanyk\u00e1sak.","breadcrumb":{"@id":"https:\/\/tajkertesz.com\/termek\/rubus-idaeus-poemat-folytontermo-malna\/#breadcrumb"},"inLanguage":"en-US","potentialAction":[{"@type":"ReadAction","target":["https:\/\/tajkertesz.com\/termek\/rubus-idaeus-poemat-folytontermo-malna\/"]}]},{"@type":"ImageObject","inLanguage":"en-US","@id":"https:\/\/tajkertesz.com\/termek\/rubus-idaeus-poemat-folytontermo-malna\/#primaryimage","url":"https:\/\/tajkertesz.com\/wp-content\/uploads\/2024\/03\/poemat.jpg","contentUrl":"https:\/\/tajkertesz.com\/wp-content\/uploads\/2024\/03\/poemat.jpg","width":423,"height":318,"caption":"Rubus idaeus \u2018Poemat\u2019 - folytonterm\u0151 m\u00e1lna"},{"@type":"BreadcrumbList","@id":"https:\/\/tajkertesz.com\/termek\/rubus-idaeus-poemat-folytontermo-malna\/#breadcrumb","itemListElement":[{"@type":"ListItem","position":1,"name":"Home","item":"https:\/\/tajkertesz.com\/"},{"@type":"ListItem","position":2,"name":"Kezd\u0151lap","item":"https:\/\/tajkertesz.com\/"},{"@type":"ListItem","position":3,"name":"Rubus idaeus \u2018Poemat\u2019 &#8211; folytonterm\u0151 m\u00e1lna"}]},{"@type":"WebSite","@id":"https:\/\/tajkertesz.com\/#website","url":"https:\/\/tajkertesz.com\/","name":"T\u00e1j-Kert\u00e9sz 84 Kft.","description":"Kert\u00e9szeti kis- \u00e9s nagykeresked\u00e9s, D\u00edszn\u00f6v\u00e9ny web\u00e1ruh\u00e1z orsz\u00e1gos h\u00e1zhozsz\u00e1ll\u00edt\u00e1ssal!","publisher":{"@id":"https:\/\/tajkertesz.com\/#organization"},"potentialAction":[{"@type":"SearchAction","target":{"@type":"EntryPoint","urlTemplate":"https:\/\/tajkertesz.com\/?s={search_term_string}"},"query-input":{"@type":"PropertyValueSpecification","valueRequired":true,"valueName":"search_term_string"}}],"inLanguage":"en-US"},{"@type":"Organization","@id":"https:\/\/tajkertesz.com\/#organization","name":"T\u00e1j-Kert\u00e9sz 84 Kft.","url":"https:\/\/tajkertesz.com\/","logo":{"@type":"ImageObject","inLanguage":"en-US","@id":"https:\/\/tajkertesz.com\/#\/schema\/logo\/image\/","url":"https:\/\/tajkertesz.com\/wp-content\/uploads\/2018\/02\/logo-2-e1518678052539.png","contentUrl":"https:\/\/tajkertesz.com\/wp-content\/uploads\/2018\/02\/logo-2-e1518678052539.png","width":81,"height":140,"caption":"T\u00e1j-Kert\u00e9sz 84 Kft."},"image":{"@id":"https:\/\/tajkertesz.com\/#\/schema\/logo\/image\/"},"sameAs":["https:\/\/www.facebook.com\/Tajkertesz\/"]}]}},"_links":{"self":[{"href":"https:\/\/tajkertesz.com\/en_US\/wp-json\/wp\/v2\/product\/19877","targetHints":{"allow":["GET"]}}],"collection":[{"href":"https:\/\/tajkertesz.com\/en_US\/wp-json\/wp\/v2\/product"}],"about":[{"href":"https:\/\/tajkertesz.com\/en_US\/wp-json\/wp\/v2\/types\/product"}],"wp:featuredmedia":[{"embeddable":true,"href":"https:\/\/tajkertesz.com\/en_US\/wp-json\/wp\/v2\/media\/19878"}],"wp:attachment":[{"href":"https:\/\/tajkertesz.com\/en_US\/wp-json\/wp\/v2\/media?parent=19877"}],"wp:term":[{"taxonomy":"product_brand","embeddable":true,"href":"https:\/\/tajkertesz.com\/en_US\/wp-json\/wp\/v2\/product_brand?post=19877"},{"taxonomy":"product_cat","embeddable":true,"href":"https:\/\/tajkertesz.com\/en_US\/wp-json\/wp\/v2\/product_cat?post=19877"},{"taxonomy":"product_tag","embeddable":true,"href":"https:\/\/tajkertesz.com\/en_US\/wp-json\/wp\/v2\/product_tag?post=19877"}],"curies":[{"name":"wp","href":"https:\/\/api.w.org\/{rel}","templated":true}]}}