{"id":1988,"date":"2020-06-15T08:59:05","date_gmt":"2020-06-15T08:59:05","guid":{"rendered":"https:\/\/tajkertesz.com\/?post_type=product&#038;p=1988"},"modified":"2024-10-29T14:11:17","modified_gmt":"2024-10-29T14:11:17","slug":"weigela-bristol-ruby-rozsalonc-piros-viragu","status":"publish","type":"product","link":"https:\/\/tajkertesz.com\/en_US\/product\/weigela-bristol-ruby-rozsalonc-piros-viragu\/","title":{"rendered":"Weigela &#8216;Bristol Ruby&#8217; , R\u00f3zsalonc piros vir\u00e1g\u00fa"},"content":{"rendered":"<p>Weigela &#8216;Bristol Ruby&#8217; , R\u00f3zsalonc piros vir\u00e1g\u00fa<\/p>\n<p>A Weigela &#8216;Bristol Ruby&#8217; , R\u00f3zsalonc piros vir\u00e1g\u00fa 2-3 m magasra n\u00f6v\u0151 lombhullat\u00f3 cserje b\u00f3kol\u00f3 \u00e1gv\u00e9gekkel.<\/p>\n<p>Piros vir\u00e1gait m\u00e1jus-j\u00faniusban hozza. Gyakran van \u0151szi ut\u00f3vir\u00e1gz\u00e1sa.<\/p>\n<p>A legjobb v\u00f6r\u00f6s vir\u00e1g\u00fa r\u00f3zsalonc f\u00e9le.<\/p>\n<p>Szoliternek \u00e9s cserje csoportba alkalmazzuk.<\/p>\n<p>Kit\u0171n\u0151 v\u00e1rost\u0171r\u0151\u00a0 , talajban nem v\u00e1logat\u00f3s.<\/p>\n<p style=\"line-height: 18.0pt; background: white; margin: 0cm 0cm 15.0pt 0cm;\"><b><span style=\"color: black;\">K\u00e9szlet\u00fcnk napi szinten v\u00e1ltozik, ez\u00e9rt k\u00e9rj\u00fck, \u00e9rdekl\u0151dj\u00f6n szem\u00e9lyesen, telefonon vagy email-en.<br \/>\nA v\u00e1ltoztat\u00e1s jog\u00e1t fenntartjuk!\u00a0<\/span><\/b><\/p>\n<p><a href=\"https:\/\/tajkertesz.com\/\">https:\/\/tajkertesz.com\/<\/a><\/p>\n<p><a href=\"https:\/\/hu.wikipedia.org\/wiki\/R%C3%B3zsalonc\">https:\/\/hu.wikipedia.org\/wiki\/R%C3%B3zsalonc<\/a><sup id=\"cite_ref-4\" class=\"reference\"><\/sup><\/p>\n<p>&nbsp;<\/p>\n<h6><span style=\"color: #ffffff;\">A Weigela Bristol Ruby \/ R\u00f3zsalonc piros vir\u00e1g\u00fa, s\u0171r\u0171 bokros, 2-2,5 m\u00e9ter magas, lombhullat\u00f3 cserje. K\u00e9s\u0151 tavasszal \u00e9s ny\u00e1r elej\u00e9n t\u00f6megesen nyitja t\u00f6lcs\u00e9r alak\u00fa, s\u00f6t\u00e9tv\u00f6r\u00f6s vir\u00e1gait. Vir\u00e1gai m\u00e1jus, j\u00faniusban ny\u00edlnak. M\u00e1sodvir\u00e1gz\u00e1sa augusztusban \u00e9s szeptemberben folytat\u00f3dik.<\/span><\/h6>\n<h6><span style=\"color: #ffffff;\">F\u00e9l\u00e1rny\u00e9kos, napos helyeket \u00e9s a savany\u00fa vagy enyh\u00e9n l\u00fagos, t\u00e1panyagban gazdag talajt kedveli. A megfelel\u0151 fejl\u0151d\u00e9s \u00e9rdek\u00e9ben, elvir\u00e1gz\u00e1s ut\u00e1n v\u00e1gjuk ki az id\u0151s \u00e1gakat. Az \u00f6reg n\u00f6v\u00e9nyeket tavasszal er\u0151sen visszametszhetj\u00fck. K\u00e1rtev\u0151je, k\u00f3rokoz\u00f3ja nem ismert.<\/span><\/h6>\n<h6><span style=\"color: #ffffff;\">Ha figyelmet sz\u00e1nunk a metsz\u00e9s\u00e9re, sok gy\u00f6ny\u00f6r\u0171 \u00e9s hosszantart\u00f3 vir\u00e1g lesz. Vir\u00e1gok az \u00faj \u00e1gakon n\u0151nek, teh\u00e1t a bokornak id\u0151re van sz\u00fcks\u00e9ge, hogy \u00fajakat n\u00f6vesszen. A metsz\u00e9st, t\u00fal kor\u00e1n vagy t\u00fal k\u00e9s\u0151n v\u00e9gezz\u00fck, kevesebb vir\u00e1gra sz\u00e1m\u00edthatunk. Legjobb, ha ny\u00e1r k\u00f6zep\u00e9n metssz\u00fck, a vir\u00e1gok hervad\u00e1s\u00e1t k\u00f6vet\u0151en. A korai metsz\u00e9s elegend\u0151 id\u0151t biztos\u00edt ahhoz, hogy a bokor ism\u00e9t elkezdjen vir\u00e1gozni.<\/span><\/h6>\n<h6><span style=\"color: #ffffff;\">A Weigela Bristol Ruby \/ R\u00f3zsalonc piros vir\u00e1g\u00fa, s\u0171r\u0171 bokros, 2-2,5 m\u00e9ter magas, lombhullat\u00f3 cserje. K\u00e9s\u0151 tavasszal \u00e9s ny\u00e1r elej\u00e9n t\u00f6megesen nyitja t\u00f6lcs\u00e9r alak\u00fa, s\u00f6t\u00e9tv\u00f6r\u00f6s vir\u00e1gait. Vir\u00e1gai m\u00e1jus, j\u00faniusban ny\u00edlnak. M\u00e1sodvir\u00e1gz\u00e1sa augusztusban \u00e9s szeptemberben folytat\u00f3dik.<\/span><\/h6>\n<h6><span style=\"color: #ffffff;\">F\u00e9l\u00e1rny\u00e9kos, napos helyeket \u00e9s a savany\u00fa vagy enyh\u00e9n l\u00fagos, t\u00e1panyagban gazdag talajt kedveli. A megfelel\u0151 fejl\u0151d\u00e9s \u00e9<\/span><\/h6>\n<p>&nbsp;<\/p>","protected":false},"excerpt":{"rendered":"<p>A Weigela &#8216;Bristol Ruby&#8217; , R\u00f3zsalonc piros vir\u00e1g\u00fa 2-3 m magasra n\u00f6v\u0151 lombhullat\u00f3 cserje b\u00f3kol\u00f3 \u00e1gv\u00e9gekkel.<\/p>\n<p>Piros vir\u00e1gait m\u00e1jus-j\u00faniusban hozza. Gyakran van \u0151szi ut\u00f3vir\u00e1gz\u00e1sa.<\/p>\n<p>A legjobb v\u00f6r\u00f6s vir\u00e1g\u00fa r\u00f3zsalonc f\u00e9le.<\/p>\n<p>Szoliternek \u00e9s cserje csoportba alkalmazzuk.<\/p>\n<p>Kit\u0171n\u0151 v\u00e1rost\u0171r\u0151\u00a0 , talajban nem v\u00e1logat\u00f3s.<\/p>\n<p>M\u00e9rete: 2 literes cser\u00e9pben 40\/60cm<\/p>","protected":false},"featured_media":1638,"template":"","meta":{"_et_pb_use_builder":"","_et_pb_old_content":"","_et_gb_content_width":""},"product_brand":[],"product_cat":[27],"product_tag":[432,431],"class_list":{"0":"post-1988","1":"product","2":"type-product","3":"status-publish","4":"has-post-thumbnail","6":"product_cat-cserjek","7":"product_tag-rozsalonc-piros-viragu","8":"product_tag-weigela-bristol-ruby","10":"first","11":"instock","12":"shipping-taxable","13":"purchasable","14":"product-type-simple"},"yoast_head":"<!-- This site is optimized with the Yoast SEO plugin v27.4 - https:\/\/yoast.com\/product\/yoast-seo-wordpress\/ -->\n<title>Weigela &#039;Bristol Ruby&#039; , R\u00f3zsalonc piros vir\u00e1g\u00fa - T\u00e1jkert\u00e9sz<\/title>\n<meta name=\"description\" content=\"A Weigela &#039;Bristol Ruby&#039; , R\u00f3zsalonc piros vir\u00e1g\u00fa 2-3 m magasra n\u00f6v\u0151 lombhullat\u00f3 cserje b\u00f3kol\u00f3 \u00e1gv\u00e9gekkel.\u00a0Piros vir\u00e1gait m\u00e1jus-j\u00faniusban hozza.\" \/>\n<meta name=\"robots\" content=\"index, follow, max-snippet:-1, max-image-preview:large, max-video-preview:-1\" \/>\n<link rel=\"canonical\" href=\"https:\/\/tajkertesz.com\/en_US\/product\/weigela-bristol-ruby-rozsalonc-piros-viragu\/\" \/>\n<meta property=\"og:locale\" content=\"en_US\" \/>\n<meta property=\"og:type\" content=\"article\" \/>\n<meta property=\"og:title\" content=\"Weigela &#039;Bristol Ruby&#039; , R\u00f3zsalonc piros vir\u00e1g\u00fa - T\u00e1jkert\u00e9sz\" \/>\n<meta property=\"og:description\" content=\"A Weigela &#039;Bristol Ruby&#039; , R\u00f3zsalonc piros vir\u00e1g\u00fa 2-3 m magasra n\u00f6v\u0151 lombhullat\u00f3 cserje b\u00f3kol\u00f3 \u00e1gv\u00e9gekkel.\u00a0Piros vir\u00e1gait m\u00e1jus-j\u00faniusban hozza.\" \/>\n<meta property=\"og:url\" content=\"https:\/\/tajkertesz.com\/en_US\/product\/weigela-bristol-ruby-rozsalonc-piros-viragu\/\" \/>\n<meta property=\"og:site_name\" content=\"T\u00e1jkert\u00e9sz\" \/>\n<meta property=\"article:publisher\" content=\"https:\/\/www.facebook.com\/Tajkertesz\/\" \/>\n<meta property=\"article:modified_time\" content=\"2024-10-29T14:11:17+00:00\" \/>\n<meta property=\"og:image\" content=\"https:\/\/tajkertesz.com\/wp-content\/uploads\/2020\/04\/weigela-bristol-ruby.jpg\" \/>\n\t<meta property=\"og:image:width\" content=\"460\" \/>\n\t<meta property=\"og:image:height\" content=\"460\" \/>\n\t<meta property=\"og:image:type\" content=\"image\/jpeg\" \/>\n<meta name=\"twitter:card\" content=\"summary_large_image\" \/>\n<meta name=\"twitter:label1\" content=\"Est. reading time\" \/>\n\t<meta name=\"twitter:data1\" content=\"2 minutes\" \/>\n<script type=\"application\/ld+json\" class=\"yoast-schema-graph\">{\"@context\":\"https:\\\/\\\/schema.org\",\"@graph\":[{\"@type\":\"WebPage\",\"@id\":\"https:\\\/\\\/tajkertesz.com\\\/termek\\\/weigela-bristol-ruby-rozsalonc-piros-viragu\\\/\",\"url\":\"https:\\\/\\\/tajkertesz.com\\\/termek\\\/weigela-bristol-ruby-rozsalonc-piros-viragu\\\/\",\"name\":\"Weigela 'Bristol Ruby' , R\u00f3zsalonc piros vir\u00e1g\u00fa - T\u00e1jkert\u00e9sz\",\"isPartOf\":{\"@id\":\"https:\\\/\\\/tajkertesz.com\\\/#website\"},\"primaryImageOfPage\":{\"@id\":\"https:\\\/\\\/tajkertesz.com\\\/termek\\\/weigela-bristol-ruby-rozsalonc-piros-viragu\\\/#primaryimage\"},\"image\":{\"@id\":\"https:\\\/\\\/tajkertesz.com\\\/termek\\\/weigela-bristol-ruby-rozsalonc-piros-viragu\\\/#primaryimage\"},\"thumbnailUrl\":\"https:\\\/\\\/tajkertesz.com\\\/wp-content\\\/uploads\\\/2020\\\/04\\\/weigela-bristol-ruby.jpg\",\"datePublished\":\"2020-06-15T08:59:05+00:00\",\"dateModified\":\"2024-10-29T14:11:17+00:00\",\"description\":\"A Weigela 'Bristol Ruby' , R\u00f3zsalonc piros vir\u00e1g\u00fa 2-3 m magasra n\u00f6v\u0151 lombhullat\u00f3 cserje b\u00f3kol\u00f3 \u00e1gv\u00e9gekkel.\u00a0Piros vir\u00e1gait m\u00e1jus-j\u00faniusban hozza.\",\"breadcrumb\":{\"@id\":\"https:\\\/\\\/tajkertesz.com\\\/termek\\\/weigela-bristol-ruby-rozsalonc-piros-viragu\\\/#breadcrumb\"},\"inLanguage\":\"en-US\",\"potentialAction\":[{\"@type\":\"ReadAction\",\"target\":[\"https:\\\/\\\/tajkertesz.com\\\/termek\\\/weigela-bristol-ruby-rozsalonc-piros-viragu\\\/\"]}]},{\"@type\":\"ImageObject\",\"inLanguage\":\"en-US\",\"@id\":\"https:\\\/\\\/tajkertesz.com\\\/termek\\\/weigela-bristol-ruby-rozsalonc-piros-viragu\\\/#primaryimage\",\"url\":\"https:\\\/\\\/tajkertesz.com\\\/wp-content\\\/uploads\\\/2020\\\/04\\\/weigela-bristol-ruby.jpg\",\"contentUrl\":\"https:\\\/\\\/tajkertesz.com\\\/wp-content\\\/uploads\\\/2020\\\/04\\\/weigela-bristol-ruby.jpg\",\"width\":460,\"height\":460,\"caption\":\"Weigela florida 'Bristol Ruby' - R\u00f3zsalonc\"},{\"@type\":\"BreadcrumbList\",\"@id\":\"https:\\\/\\\/tajkertesz.com\\\/termek\\\/weigela-bristol-ruby-rozsalonc-piros-viragu\\\/#breadcrumb\",\"itemListElement\":[{\"@type\":\"ListItem\",\"position\":1,\"name\":\"Home\",\"item\":\"https:\\\/\\\/tajkertesz.com\\\/\"},{\"@type\":\"ListItem\",\"position\":2,\"name\":\"Kezd\u0151lap\",\"item\":\"https:\\\/\\\/tajkertesz.com\\\/\"},{\"@type\":\"ListItem\",\"position\":3,\"name\":\"Weigela &#8216;Bristol Ruby&#8217; , R\u00f3zsalonc piros vir\u00e1g\u00fa\"}]},{\"@type\":\"WebSite\",\"@id\":\"https:\\\/\\\/tajkertesz.com\\\/#website\",\"url\":\"https:\\\/\\\/tajkertesz.com\\\/\",\"name\":\"T\u00e1j-Kert\u00e9sz 84 Kft.\",\"description\":\"Kert\u00e9szeti kis- \u00e9s nagykeresked\u00e9s, D\u00edszn\u00f6v\u00e9ny web\u00e1ruh\u00e1z orsz\u00e1gos h\u00e1zhozsz\u00e1ll\u00edt\u00e1ssal!\",\"publisher\":{\"@id\":\"https:\\\/\\\/tajkertesz.com\\\/#organization\"},\"potentialAction\":[{\"@type\":\"SearchAction\",\"target\":{\"@type\":\"EntryPoint\",\"urlTemplate\":\"https:\\\/\\\/tajkertesz.com\\\/?s={search_term_string}\"},\"query-input\":{\"@type\":\"PropertyValueSpecification\",\"valueRequired\":true,\"valueName\":\"search_term_string\"}}],\"inLanguage\":\"en-US\"},{\"@type\":\"Organization\",\"@id\":\"https:\\\/\\\/tajkertesz.com\\\/#organization\",\"name\":\"T\u00e1j-Kert\u00e9sz 84 Kft.\",\"url\":\"https:\\\/\\\/tajkertesz.com\\\/\",\"logo\":{\"@type\":\"ImageObject\",\"inLanguage\":\"en-US\",\"@id\":\"https:\\\/\\\/tajkertesz.com\\\/#\\\/schema\\\/logo\\\/image\\\/\",\"url\":\"https:\\\/\\\/tajkertesz.com\\\/wp-content\\\/uploads\\\/2018\\\/02\\\/logo-2-e1518678052539.png\",\"contentUrl\":\"https:\\\/\\\/tajkertesz.com\\\/wp-content\\\/uploads\\\/2018\\\/02\\\/logo-2-e1518678052539.png\",\"width\":81,\"height\":140,\"caption\":\"T\u00e1j-Kert\u00e9sz 84 Kft.\"},\"image\":{\"@id\":\"https:\\\/\\\/tajkertesz.com\\\/#\\\/schema\\\/logo\\\/image\\\/\"},\"sameAs\":[\"https:\\\/\\\/www.facebook.com\\\/Tajkertesz\\\/\"]}]}<\/script>\n<!-- \/ Yoast SEO plugin. -->","yoast_head_json":{"title":"Weigela 'Bristol Ruby' , R\u00f3zsalonc piros vir\u00e1g\u00fa - T\u00e1jkert\u00e9sz","description":"A Weigela 'Bristol Ruby' , R\u00f3zsalonc piros vir\u00e1g\u00fa 2-3 m magasra n\u00f6v\u0151 lombhullat\u00f3 cserje b\u00f3kol\u00f3 \u00e1gv\u00e9gekkel.\u00a0Piros vir\u00e1gait m\u00e1jus-j\u00faniusban hozza.","robots":{"index":"index","follow":"follow","max-snippet":"max-snippet:-1","max-image-preview":"max-image-preview:large","max-video-preview":"max-video-preview:-1"},"canonical":"https:\/\/tajkertesz.com\/en_US\/product\/weigela-bristol-ruby-rozsalonc-piros-viragu\/","og_locale":"en_US","og_type":"article","og_title":"Weigela 'Bristol Ruby' , R\u00f3zsalonc piros vir\u00e1g\u00fa - T\u00e1jkert\u00e9sz","og_description":"A Weigela 'Bristol Ruby' , R\u00f3zsalonc piros vir\u00e1g\u00fa 2-3 m magasra n\u00f6v\u0151 lombhullat\u00f3 cserje b\u00f3kol\u00f3 \u00e1gv\u00e9gekkel.\u00a0Piros vir\u00e1gait m\u00e1jus-j\u00faniusban hozza.","og_url":"https:\/\/tajkertesz.com\/en_US\/product\/weigela-bristol-ruby-rozsalonc-piros-viragu\/","og_site_name":"T\u00e1jkert\u00e9sz","article_publisher":"https:\/\/www.facebook.com\/Tajkertesz\/","article_modified_time":"2024-10-29T14:11:17+00:00","og_image":[{"width":460,"height":460,"url":"https:\/\/tajkertesz.com\/wp-content\/uploads\/2020\/04\/weigela-bristol-ruby.jpg","type":"image\/jpeg"}],"twitter_card":"summary_large_image","twitter_misc":{"Est. reading time":"2 minutes"},"schema":{"@context":"https:\/\/schema.org","@graph":[{"@type":"WebPage","@id":"https:\/\/tajkertesz.com\/termek\/weigela-bristol-ruby-rozsalonc-piros-viragu\/","url":"https:\/\/tajkertesz.com\/termek\/weigela-bristol-ruby-rozsalonc-piros-viragu\/","name":"Weigela 'Bristol Ruby' , R\u00f3zsalonc piros vir\u00e1g\u00fa - T\u00e1jkert\u00e9sz","isPartOf":{"@id":"https:\/\/tajkertesz.com\/#website"},"primaryImageOfPage":{"@id":"https:\/\/tajkertesz.com\/termek\/weigela-bristol-ruby-rozsalonc-piros-viragu\/#primaryimage"},"image":{"@id":"https:\/\/tajkertesz.com\/termek\/weigela-bristol-ruby-rozsalonc-piros-viragu\/#primaryimage"},"thumbnailUrl":"https:\/\/tajkertesz.com\/wp-content\/uploads\/2020\/04\/weigela-bristol-ruby.jpg","datePublished":"2020-06-15T08:59:05+00:00","dateModified":"2024-10-29T14:11:17+00:00","description":"A Weigela 'Bristol Ruby' , R\u00f3zsalonc piros vir\u00e1g\u00fa 2-3 m magasra n\u00f6v\u0151 lombhullat\u00f3 cserje b\u00f3kol\u00f3 \u00e1gv\u00e9gekkel.\u00a0Piros vir\u00e1gait m\u00e1jus-j\u00faniusban hozza.","breadcrumb":{"@id":"https:\/\/tajkertesz.com\/termek\/weigela-bristol-ruby-rozsalonc-piros-viragu\/#breadcrumb"},"inLanguage":"en-US","potentialAction":[{"@type":"ReadAction","target":["https:\/\/tajkertesz.com\/termek\/weigela-bristol-ruby-rozsalonc-piros-viragu\/"]}]},{"@type":"ImageObject","inLanguage":"en-US","@id":"https:\/\/tajkertesz.com\/termek\/weigela-bristol-ruby-rozsalonc-piros-viragu\/#primaryimage","url":"https:\/\/tajkertesz.com\/wp-content\/uploads\/2020\/04\/weigela-bristol-ruby.jpg","contentUrl":"https:\/\/tajkertesz.com\/wp-content\/uploads\/2020\/04\/weigela-bristol-ruby.jpg","width":460,"height":460,"caption":"Weigela florida 'Bristol Ruby' - R\u00f3zsalonc"},{"@type":"BreadcrumbList","@id":"https:\/\/tajkertesz.com\/termek\/weigela-bristol-ruby-rozsalonc-piros-viragu\/#breadcrumb","itemListElement":[{"@type":"ListItem","position":1,"name":"Home","item":"https:\/\/tajkertesz.com\/"},{"@type":"ListItem","position":2,"name":"Kezd\u0151lap","item":"https:\/\/tajkertesz.com\/"},{"@type":"ListItem","position":3,"name":"Weigela &#8216;Bristol Ruby&#8217; , R\u00f3zsalonc piros vir\u00e1g\u00fa"}]},{"@type":"WebSite","@id":"https:\/\/tajkertesz.com\/#website","url":"https:\/\/tajkertesz.com\/","name":"T\u00e1j-Kert\u00e9sz 84 Kft.","description":"Kert\u00e9szeti kis- \u00e9s nagykeresked\u00e9s, D\u00edszn\u00f6v\u00e9ny web\u00e1ruh\u00e1z orsz\u00e1gos h\u00e1zhozsz\u00e1ll\u00edt\u00e1ssal!","publisher":{"@id":"https:\/\/tajkertesz.com\/#organization"},"potentialAction":[{"@type":"SearchAction","target":{"@type":"EntryPoint","urlTemplate":"https:\/\/tajkertesz.com\/?s={search_term_string}"},"query-input":{"@type":"PropertyValueSpecification","valueRequired":true,"valueName":"search_term_string"}}],"inLanguage":"en-US"},{"@type":"Organization","@id":"https:\/\/tajkertesz.com\/#organization","name":"T\u00e1j-Kert\u00e9sz 84 Kft.","url":"https:\/\/tajkertesz.com\/","logo":{"@type":"ImageObject","inLanguage":"en-US","@id":"https:\/\/tajkertesz.com\/#\/schema\/logo\/image\/","url":"https:\/\/tajkertesz.com\/wp-content\/uploads\/2018\/02\/logo-2-e1518678052539.png","contentUrl":"https:\/\/tajkertesz.com\/wp-content\/uploads\/2018\/02\/logo-2-e1518678052539.png","width":81,"height":140,"caption":"T\u00e1j-Kert\u00e9sz 84 Kft."},"image":{"@id":"https:\/\/tajkertesz.com\/#\/schema\/logo\/image\/"},"sameAs":["https:\/\/www.facebook.com\/Tajkertesz\/"]}]}},"_links":{"self":[{"href":"https:\/\/tajkertesz.com\/en_US\/wp-json\/wp\/v2\/product\/1988","targetHints":{"allow":["GET"]}}],"collection":[{"href":"https:\/\/tajkertesz.com\/en_US\/wp-json\/wp\/v2\/product"}],"about":[{"href":"https:\/\/tajkertesz.com\/en_US\/wp-json\/wp\/v2\/types\/product"}],"wp:featuredmedia":[{"embeddable":true,"href":"https:\/\/tajkertesz.com\/en_US\/wp-json\/wp\/v2\/media\/1638"}],"wp:attachment":[{"href":"https:\/\/tajkertesz.com\/en_US\/wp-json\/wp\/v2\/media?parent=1988"}],"wp:term":[{"taxonomy":"product_brand","embeddable":true,"href":"https:\/\/tajkertesz.com\/en_US\/wp-json\/wp\/v2\/product_brand?post=1988"},{"taxonomy":"product_cat","embeddable":true,"href":"https:\/\/tajkertesz.com\/en_US\/wp-json\/wp\/v2\/product_cat?post=1988"},{"taxonomy":"product_tag","embeddable":true,"href":"https:\/\/tajkertesz.com\/en_US\/wp-json\/wp\/v2\/product_tag?post=1988"}],"curies":[{"name":"wp","href":"https:\/\/api.w.org\/{rel}","templated":true}]}}