{"id":19919,"date":"2024-04-02T12:27:32","date_gmt":"2024-04-02T12:27:32","guid":{"rendered":"https:\/\/tajkertesz.com\/?post_type=product&#038;p=19919"},"modified":"2026-02-12T14:00:43","modified_gmt":"2026-02-12T14:00:43","slug":"florimo-altalanos-taprud","status":"publish","type":"product","link":"https:\/\/tajkertesz.com\/en_US\/product\/florimo-altalanos-taprud\/","title":{"rendered":"FLORIMO\u00ae \u00c1ltal\u00e1nos t\u00e1pr\u00fad"},"content":{"rendered":"<div class=\"elementor-column elementor-col-50 elementor-inner-column elementor-element elementor-element-12e30271\" data-id=\"12e30271\" data-element_type=\"column\">\n<div class=\"elementor-widget-wrap elementor-element-populated\">\n<div class=\"elementor-element elementor-element-139acd33 elementor-hidden-mobile elementor-widget elementor-widget-spacer\" data-id=\"139acd33\" data-element_type=\"widget\" data-widget_type=\"spacer.default\">\n<div class=\"elementor-widget-container\">\n<div class=\"elementor-spacer\">\n<div class=\"elementor-spacer-inner\"><\/div>\n<\/div>\n<\/div>\n<\/div>\n<\/div>\n<\/div>\n<div class=\"elementor-column elementor-col-50 elementor-inner-column elementor-element elementor-element-64794a35\" data-id=\"64794a35\" data-element_type=\"column\">\n<div class=\"elementor-widget-wrap elementor-element-populated\">\n<div class=\"elementor-element elementor-element-6f9d8c19 elementor-widget elementor-widget-theme-page-title elementor-page-title elementor-widget-heading animated fadeInDown\" data-id=\"6f9d8c19\" data-element_type=\"widget\" data-settings=\"{&quot;_animation&quot;:&quot;fadeInDown&quot;}\" data-widget_type=\"theme-page-title.default\">\n<div class=\"elementor-widget-container\">\n<h1 class=\"elementor-heading-title elementor-size-default\">FLORIMO<sup>\u00ae <\/sup>\u00c1ltal\u00e1nos t\u00e1pr\u00fad<\/h1>\n<div class=\"elementor-column elementor-col-50 elementor-inner-column elementor-element elementor-element-64794a35\" data-id=\"64794a35\" data-element_type=\"column\">\n<div class=\"elementor-widget-wrap elementor-element-populated\">\n<div class=\"elementor-element elementor-element-6f9d8c19 elementor-widget elementor-widget-theme-page-title elementor-page-title elementor-widget-heading animated fadeInDown\" data-id=\"6f9d8c19\" data-element_type=\"widget\" data-settings=\"{&quot;_animation&quot;:&quot;fadeInDown&quot;}\" data-widget_type=\"theme-page-title.default\">\n<div class=\"elementor-widget-container\">\n<h6 class=\"elementor-heading-title elementor-size-default\">FLORIMO<sup>\u00ae <\/sup>\u00c1ltal\u00e1nos t\u00e1pr\u00fad<\/h6>\n<p>Tartalom: 30 db t\u00e1pr\u00fad<\/p>\n<p>Lev\u00e9l \u00e9s z\u00f6ldn\u00f6v\u00e9ny t\u00e1panyag-ell\u00e1t\u00e1s\u00e1ra. El\u0151seg\u00edti a lass\u00fa, hossz\u00fa id\u0151n \u00e1t tart\u00f3 t\u00e1panyagfelv\u00e9telt. A megn\u00f6velt nitrog\u00e9ntartalomnak k\u00f6sz\u00f6nhet\u0151en a n\u00f6v\u00e9nyek er\u0151teljesebben n\u00f6vekednek \u00e9s level\u00fckkel d\u00edsz\u00edtenek.<\/p>\n<p class=\"elementor-background-overlay\">\u00d6sszet\u00e9tel: N: 10,2%, P2O5: 5%, K2O 6%, (+2MgO)<\/p>\n<div>\n<div class=\"elementor-widget-container\">\n<p class=\"elementor-heading-title elementor-size-default\">Felhaszn\u00e1l\u00e1s: Lev\u00e9l \u00e9s z\u00f6ldn\u00f6v\u00e9ny t\u00e1panyag-ell\u00e1t\u00e1s\u00e1ra.<\/p>\n<\/div>\n<div class=\"elementor-element elementor-element-2ed6727f elementor-widget elementor-widget-text-editor\" data-id=\"2ed6727f\" data-element_type=\"widget\" data-widget_type=\"text-editor.default\">\n<div class=\"elementor-widget-container\">\n<div class=\"elementor-container elementor-column-gap-default\">\n<div class=\"elementor-column elementor-col-100 elementor-inner-column elementor-element elementor-element-7aa3e8ec\" data-id=\"7aa3e8ec\" data-element_type=\"column\">\n<div class=\"elementor-widget-wrap elementor-element-populated\">\n<div class=\"elementor-element elementor-element-3c7a43ca elementor-widget elementor-widget-heading\" data-id=\"3c7a43ca\" data-element_type=\"widget\" data-widget_type=\"heading.default\">\n<div class=\"elementor-widget-container\">\n<p class=\"elementor-heading-title elementor-size-default\">Adagol\u00e1s m\u00f3dja: Dugja be a t\u00e1prudat teljesen a f\u00f6ldbe, a n\u00f6v\u00e9ny \u00e9s az ed\u00e9ny fala k\u00f6z\u00e9, majd a n\u00f6v\u00e9ny ig\u00e9nye szerint \u00f6nt\u00f6zze. Okt\u00f3ber \u00e9s febru\u00e1r h\u00f3napok k\u00f6z\u00f6tt az adagot cs\u00f6kkentse fel\u00e9re.<\/p>\n<\/div>\n<p>&nbsp;<\/p>\n<\/div>\n<\/div>\n<p>El\u00e9rhet\u0151 t\u00f6bbf\u00e9le m\u00e9retben \u00e9s \u00e1rban.<\/p>\n<p><strong>K\u00e9szlet\u00fcnk napi szinten v\u00e1ltozik, ez\u00e9rt k\u00e9rj\u00fck, \u00e9rdekl\u0151dj\u00f6n szem\u00e9lyesen, telefonon vagy email-en.<br \/>\nA v\u00e1ltoztat\u00e1s jog\u00e1t fenntartjuk!\u00a0<\/strong><\/p>\n<p><a href=\"https:\/\/tajkertesz.com\/\">https:\/\/tajkertesz.com\/<\/a><\/p>\n<p><a href=\"https:\/\/www.facebook.com\/tajkertesz\/\">https:\/\/www.facebook.com\/tajkertesz\/<\/a><\/p>\n<p>Kisz\u00e1ll\u00edt\u00e1s: 200cm-ig \u00a0\u00e9s 40 kg-ig a sz\u00e1ll\u00edt\u00e1s fut\u00e1rszolg\u00e1lattal \u00a0t\u00f6rt\u00e9nik.<\/p>\n<p>Szem\u00e9lyes \u00e1tv\u00e9tel nyitvatart\u00e1si id\u0151ben a 17. ker\u00fclet Bakancsos utca 7. sz\u00e1m alatti Kert\u00e9szeti \u00e1rud\u00e1nkban.<\/p>\n<\/div>\n<\/div>\n<\/div>\n<\/div>\n<\/div>\n<\/div>\n<\/div>\n<\/div>\n<\/div>\n<\/div>\n<\/div>\n<\/div>\n<\/div>","protected":false},"excerpt":{"rendered":"<div class=\"elementor-column elementor-col-50 elementor-inner-column elementor-element elementor-element-12e30271\" data-id=\"12e30271\" data-element_type=\"column\">\n<div class=\"elementor-widget-wrap elementor-element-populated\">\n<div class=\"elementor-element elementor-element-139acd33 elementor-hidden-mobile elementor-widget elementor-widget-spacer\" data-id=\"139acd33\" data-element_type=\"widget\" data-widget_type=\"spacer.default\">\n<div class=\"elementor-widget-container\">\n<div class=\"elementor-spacer\">\n<div class=\"elementor-spacer-inner\"><\/div>\n<\/div>\n<\/div>\n<\/div>\n<\/div>\n<\/div>\n<div class=\"elementor-column elementor-col-50 elementor-inner-column elementor-element elementor-element-64794a35\" data-id=\"64794a35\" data-element_type=\"column\">\n<div class=\"elementor-widget-wrap elementor-element-populated\">\n<div class=\"elementor-element elementor-element-6f9d8c19 elementor-widget elementor-widget-theme-page-title elementor-page-title elementor-widget-heading animated fadeInDown\" data-id=\"6f9d8c19\" data-element_type=\"widget\" data-settings=\"{&quot;_animation&quot;:&quot;fadeInDown&quot;}\" data-widget_type=\"theme-page-title.default\">\n<div class=\"elementor-widget-container\">\n<h1 class=\"elementor-heading-title elementor-size-default\">FLORIMO<sup>\u00ae <\/sup>\u00c1ltal\u00e1nos t\u00e1pr\u00fad<\/h1>\n<p>Lev\u00e9l \u00e9s z\u00f6ldn\u00f6v\u00e9ny t\u00e1panyag-ell\u00e1t\u00e1s\u00e1ra. El\u0151seg\u00edti a lass\u00fa, hossz\u00fa id\u0151n \u00e1t tart\u00f3 t\u00e1panyagfelv\u00e9telt. A megn\u00f6velt nitrog\u00e9ntartalomnak k\u00f6sz\u00f6nhet\u0151en a n\u00f6v\u00e9nyek er\u0151teljesebben n\u00f6vekednek \u00e9s level\u00fckkel d\u00edsz\u00edtenek.<\/p>\n<p>&nbsp;<\/p>\n<p>&nbsp;<\/p>\n<\/div>\n<\/div>\n<\/div>\n<\/div>","protected":false},"featured_media":19920,"template":"","meta":{"_et_pb_use_builder":"","_et_pb_old_content":"","_et_gb_content_width":""},"product_brand":[],"product_cat":[5055],"product_tag":[1459,5054,705,1480],"class_list":{"0":"post-19919","1":"product","2":"type-product","3":"status-publish","4":"has-post-thumbnail","6":"product_cat-florimo-tapoldatok","7":"product_tag-florimo","8":"product_tag-florimo-altalanos-taprud","9":"product_tag-mutragya","10":"product_tag-taprud","12":"first","13":"instock","14":"shipping-taxable","15":"purchasable","16":"product-type-simple"},"yoast_head":"<!-- This site is optimized with the Yoast SEO plugin v27.4 - https:\/\/yoast.com\/product\/yoast-seo-wordpress\/ -->\n<title>FLORIMO\u00ae \u00c1ltal\u00e1nos t\u00e1pr\u00fad - T\u00e1jkert\u00e9sz<\/title>\n<meta name=\"description\" content=\"FLORIMO\u00ae\u00c1ltal\u00e1nos t\u00e1pr\u00fad. Lev\u00e9l \u00e9s z\u00f6ldn\u00f6v\u00e9ny t\u00e1panyag-ell\u00e1t\u00e1s\u00e1ra. El\u0151seg\u00edti a lass\u00fa, hossz\u00fa id\u0151n \u00e1t tart\u00f3 t\u00e1panyagfelv\u00e9telt.\" \/>\n<meta name=\"robots\" content=\"index, follow, max-snippet:-1, max-image-preview:large, max-video-preview:-1\" \/>\n<link rel=\"canonical\" href=\"https:\/\/tajkertesz.com\/en_US\/product\/florimo-altalanos-taprud\/\" \/>\n<meta property=\"og:locale\" content=\"en_US\" \/>\n<meta property=\"og:type\" content=\"article\" \/>\n<meta property=\"og:title\" content=\"FLORIMO\u00ae \u00c1ltal\u00e1nos t\u00e1pr\u00fad - T\u00e1jkert\u00e9sz\" \/>\n<meta property=\"og:description\" content=\"FLORIMO\u00ae\u00c1ltal\u00e1nos t\u00e1pr\u00fad. Lev\u00e9l \u00e9s z\u00f6ldn\u00f6v\u00e9ny t\u00e1panyag-ell\u00e1t\u00e1s\u00e1ra. El\u0151seg\u00edti a lass\u00fa, hossz\u00fa id\u0151n \u00e1t tart\u00f3 t\u00e1panyagfelv\u00e9telt.\" \/>\n<meta property=\"og:url\" content=\"https:\/\/tajkertesz.com\/en_US\/product\/florimo-altalanos-taprud\/\" \/>\n<meta property=\"og:site_name\" content=\"T\u00e1jkert\u00e9sz\" \/>\n<meta property=\"article:publisher\" content=\"https:\/\/www.facebook.com\/Tajkertesz\/\" \/>\n<meta property=\"article:modified_time\" content=\"2026-02-12T14:00:43+00:00\" \/>\n<meta property=\"og:image\" content=\"https:\/\/tajkertesz.com\/wp-content\/uploads\/2024\/04\/altalanos_taprud.png\" \/>\n\t<meta property=\"og:image:width\" content=\"600\" \/>\n\t<meta property=\"og:image:height\" content=\"800\" \/>\n\t<meta property=\"og:image:type\" content=\"image\/png\" \/>\n<meta name=\"twitter:card\" content=\"summary_large_image\" \/>\n<meta name=\"twitter:label1\" content=\"Est. reading time\" \/>\n\t<meta name=\"twitter:data1\" content=\"1 minute\" \/>\n<script type=\"application\/ld+json\" class=\"yoast-schema-graph\">{\"@context\":\"https:\\\/\\\/schema.org\",\"@graph\":[{\"@type\":\"WebPage\",\"@id\":\"https:\\\/\\\/tajkertesz.com\\\/termek\\\/florimo-altalanos-taprud\\\/\",\"url\":\"https:\\\/\\\/tajkertesz.com\\\/termek\\\/florimo-altalanos-taprud\\\/\",\"name\":\"FLORIMO\u00ae \u00c1ltal\u00e1nos t\u00e1pr\u00fad - T\u00e1jkert\u00e9sz\",\"isPartOf\":{\"@id\":\"https:\\\/\\\/tajkertesz.com\\\/#website\"},\"primaryImageOfPage\":{\"@id\":\"https:\\\/\\\/tajkertesz.com\\\/termek\\\/florimo-altalanos-taprud\\\/#primaryimage\"},\"image\":{\"@id\":\"https:\\\/\\\/tajkertesz.com\\\/termek\\\/florimo-altalanos-taprud\\\/#primaryimage\"},\"thumbnailUrl\":\"https:\\\/\\\/tajkertesz.com\\\/wp-content\\\/uploads\\\/2024\\\/04\\\/altalanos_taprud.png\",\"datePublished\":\"2024-04-02T12:27:32+00:00\",\"dateModified\":\"2026-02-12T14:00:43+00:00\",\"description\":\"FLORIMO\u00ae\u00c1ltal\u00e1nos t\u00e1pr\u00fad. Lev\u00e9l \u00e9s z\u00f6ldn\u00f6v\u00e9ny t\u00e1panyag-ell\u00e1t\u00e1s\u00e1ra. El\u0151seg\u00edti a lass\u00fa, hossz\u00fa id\u0151n \u00e1t tart\u00f3 t\u00e1panyagfelv\u00e9telt.\",\"breadcrumb\":{\"@id\":\"https:\\\/\\\/tajkertesz.com\\\/termek\\\/florimo-altalanos-taprud\\\/#breadcrumb\"},\"inLanguage\":\"en-US\",\"potentialAction\":[{\"@type\":\"ReadAction\",\"target\":[\"https:\\\/\\\/tajkertesz.com\\\/termek\\\/florimo-altalanos-taprud\\\/\"]}]},{\"@type\":\"ImageObject\",\"inLanguage\":\"en-US\",\"@id\":\"https:\\\/\\\/tajkertesz.com\\\/termek\\\/florimo-altalanos-taprud\\\/#primaryimage\",\"url\":\"https:\\\/\\\/tajkertesz.com\\\/wp-content\\\/uploads\\\/2024\\\/04\\\/altalanos_taprud.png\",\"contentUrl\":\"https:\\\/\\\/tajkertesz.com\\\/wp-content\\\/uploads\\\/2024\\\/04\\\/altalanos_taprud.png\",\"width\":600,\"height\":800},{\"@type\":\"BreadcrumbList\",\"@id\":\"https:\\\/\\\/tajkertesz.com\\\/termek\\\/florimo-altalanos-taprud\\\/#breadcrumb\",\"itemListElement\":[{\"@type\":\"ListItem\",\"position\":1,\"name\":\"Home\",\"item\":\"https:\\\/\\\/tajkertesz.com\\\/\"},{\"@type\":\"ListItem\",\"position\":2,\"name\":\"Kezd\u0151lap\",\"item\":\"https:\\\/\\\/tajkertesz.com\\\/\"},{\"@type\":\"ListItem\",\"position\":3,\"name\":\"FLORIMO\u00ae \u00c1ltal\u00e1nos t\u00e1pr\u00fad\"}]},{\"@type\":\"WebSite\",\"@id\":\"https:\\\/\\\/tajkertesz.com\\\/#website\",\"url\":\"https:\\\/\\\/tajkertesz.com\\\/\",\"name\":\"T\u00e1j-Kert\u00e9sz 84 Kft.\",\"description\":\"Kert\u00e9szeti kis- \u00e9s nagykeresked\u00e9s, D\u00edszn\u00f6v\u00e9ny web\u00e1ruh\u00e1z orsz\u00e1gos h\u00e1zhozsz\u00e1ll\u00edt\u00e1ssal!\",\"publisher\":{\"@id\":\"https:\\\/\\\/tajkertesz.com\\\/#organization\"},\"potentialAction\":[{\"@type\":\"SearchAction\",\"target\":{\"@type\":\"EntryPoint\",\"urlTemplate\":\"https:\\\/\\\/tajkertesz.com\\\/?s={search_term_string}\"},\"query-input\":{\"@type\":\"PropertyValueSpecification\",\"valueRequired\":true,\"valueName\":\"search_term_string\"}}],\"inLanguage\":\"en-US\"},{\"@type\":\"Organization\",\"@id\":\"https:\\\/\\\/tajkertesz.com\\\/#organization\",\"name\":\"T\u00e1j-Kert\u00e9sz 84 Kft.\",\"url\":\"https:\\\/\\\/tajkertesz.com\\\/\",\"logo\":{\"@type\":\"ImageObject\",\"inLanguage\":\"en-US\",\"@id\":\"https:\\\/\\\/tajkertesz.com\\\/#\\\/schema\\\/logo\\\/image\\\/\",\"url\":\"https:\\\/\\\/tajkertesz.com\\\/wp-content\\\/uploads\\\/2018\\\/02\\\/logo-2-e1518678052539.png\",\"contentUrl\":\"https:\\\/\\\/tajkertesz.com\\\/wp-content\\\/uploads\\\/2018\\\/02\\\/logo-2-e1518678052539.png\",\"width\":81,\"height\":140,\"caption\":\"T\u00e1j-Kert\u00e9sz 84 Kft.\"},\"image\":{\"@id\":\"https:\\\/\\\/tajkertesz.com\\\/#\\\/schema\\\/logo\\\/image\\\/\"},\"sameAs\":[\"https:\\\/\\\/www.facebook.com\\\/Tajkertesz\\\/\"]}]}<\/script>\n<!-- \/ Yoast SEO plugin. -->","yoast_head_json":{"title":"FLORIMO\u00ae \u00c1ltal\u00e1nos t\u00e1pr\u00fad - T\u00e1jkert\u00e9sz","description":"FLORIMO\u00ae\u00c1ltal\u00e1nos t\u00e1pr\u00fad. Lev\u00e9l \u00e9s z\u00f6ldn\u00f6v\u00e9ny t\u00e1panyag-ell\u00e1t\u00e1s\u00e1ra. El\u0151seg\u00edti a lass\u00fa, hossz\u00fa id\u0151n \u00e1t tart\u00f3 t\u00e1panyagfelv\u00e9telt.","robots":{"index":"index","follow":"follow","max-snippet":"max-snippet:-1","max-image-preview":"max-image-preview:large","max-video-preview":"max-video-preview:-1"},"canonical":"https:\/\/tajkertesz.com\/en_US\/product\/florimo-altalanos-taprud\/","og_locale":"en_US","og_type":"article","og_title":"FLORIMO\u00ae \u00c1ltal\u00e1nos t\u00e1pr\u00fad - T\u00e1jkert\u00e9sz","og_description":"FLORIMO\u00ae\u00c1ltal\u00e1nos t\u00e1pr\u00fad. Lev\u00e9l \u00e9s z\u00f6ldn\u00f6v\u00e9ny t\u00e1panyag-ell\u00e1t\u00e1s\u00e1ra. El\u0151seg\u00edti a lass\u00fa, hossz\u00fa id\u0151n \u00e1t tart\u00f3 t\u00e1panyagfelv\u00e9telt.","og_url":"https:\/\/tajkertesz.com\/en_US\/product\/florimo-altalanos-taprud\/","og_site_name":"T\u00e1jkert\u00e9sz","article_publisher":"https:\/\/www.facebook.com\/Tajkertesz\/","article_modified_time":"2026-02-12T14:00:43+00:00","og_image":[{"width":600,"height":800,"url":"https:\/\/tajkertesz.com\/wp-content\/uploads\/2024\/04\/altalanos_taprud.png","type":"image\/png"}],"twitter_card":"summary_large_image","twitter_misc":{"Est. reading time":"1 minute"},"schema":{"@context":"https:\/\/schema.org","@graph":[{"@type":"WebPage","@id":"https:\/\/tajkertesz.com\/termek\/florimo-altalanos-taprud\/","url":"https:\/\/tajkertesz.com\/termek\/florimo-altalanos-taprud\/","name":"FLORIMO\u00ae \u00c1ltal\u00e1nos t\u00e1pr\u00fad - T\u00e1jkert\u00e9sz","isPartOf":{"@id":"https:\/\/tajkertesz.com\/#website"},"primaryImageOfPage":{"@id":"https:\/\/tajkertesz.com\/termek\/florimo-altalanos-taprud\/#primaryimage"},"image":{"@id":"https:\/\/tajkertesz.com\/termek\/florimo-altalanos-taprud\/#primaryimage"},"thumbnailUrl":"https:\/\/tajkertesz.com\/wp-content\/uploads\/2024\/04\/altalanos_taprud.png","datePublished":"2024-04-02T12:27:32+00:00","dateModified":"2026-02-12T14:00:43+00:00","description":"FLORIMO\u00ae\u00c1ltal\u00e1nos t\u00e1pr\u00fad. Lev\u00e9l \u00e9s z\u00f6ldn\u00f6v\u00e9ny t\u00e1panyag-ell\u00e1t\u00e1s\u00e1ra. El\u0151seg\u00edti a lass\u00fa, hossz\u00fa id\u0151n \u00e1t tart\u00f3 t\u00e1panyagfelv\u00e9telt.","breadcrumb":{"@id":"https:\/\/tajkertesz.com\/termek\/florimo-altalanos-taprud\/#breadcrumb"},"inLanguage":"en-US","potentialAction":[{"@type":"ReadAction","target":["https:\/\/tajkertesz.com\/termek\/florimo-altalanos-taprud\/"]}]},{"@type":"ImageObject","inLanguage":"en-US","@id":"https:\/\/tajkertesz.com\/termek\/florimo-altalanos-taprud\/#primaryimage","url":"https:\/\/tajkertesz.com\/wp-content\/uploads\/2024\/04\/altalanos_taprud.png","contentUrl":"https:\/\/tajkertesz.com\/wp-content\/uploads\/2024\/04\/altalanos_taprud.png","width":600,"height":800},{"@type":"BreadcrumbList","@id":"https:\/\/tajkertesz.com\/termek\/florimo-altalanos-taprud\/#breadcrumb","itemListElement":[{"@type":"ListItem","position":1,"name":"Home","item":"https:\/\/tajkertesz.com\/"},{"@type":"ListItem","position":2,"name":"Kezd\u0151lap","item":"https:\/\/tajkertesz.com\/"},{"@type":"ListItem","position":3,"name":"FLORIMO\u00ae \u00c1ltal\u00e1nos t\u00e1pr\u00fad"}]},{"@type":"WebSite","@id":"https:\/\/tajkertesz.com\/#website","url":"https:\/\/tajkertesz.com\/","name":"T\u00e1j-Kert\u00e9sz 84 Kft.","description":"Kert\u00e9szeti kis- \u00e9s nagykeresked\u00e9s, D\u00edszn\u00f6v\u00e9ny web\u00e1ruh\u00e1z orsz\u00e1gos h\u00e1zhozsz\u00e1ll\u00edt\u00e1ssal!","publisher":{"@id":"https:\/\/tajkertesz.com\/#organization"},"potentialAction":[{"@type":"SearchAction","target":{"@type":"EntryPoint","urlTemplate":"https:\/\/tajkertesz.com\/?s={search_term_string}"},"query-input":{"@type":"PropertyValueSpecification","valueRequired":true,"valueName":"search_term_string"}}],"inLanguage":"en-US"},{"@type":"Organization","@id":"https:\/\/tajkertesz.com\/#organization","name":"T\u00e1j-Kert\u00e9sz 84 Kft.","url":"https:\/\/tajkertesz.com\/","logo":{"@type":"ImageObject","inLanguage":"en-US","@id":"https:\/\/tajkertesz.com\/#\/schema\/logo\/image\/","url":"https:\/\/tajkertesz.com\/wp-content\/uploads\/2018\/02\/logo-2-e1518678052539.png","contentUrl":"https:\/\/tajkertesz.com\/wp-content\/uploads\/2018\/02\/logo-2-e1518678052539.png","width":81,"height":140,"caption":"T\u00e1j-Kert\u00e9sz 84 Kft."},"image":{"@id":"https:\/\/tajkertesz.com\/#\/schema\/logo\/image\/"},"sameAs":["https:\/\/www.facebook.com\/Tajkertesz\/"]}]}},"_links":{"self":[{"href":"https:\/\/tajkertesz.com\/en_US\/wp-json\/wp\/v2\/product\/19919","targetHints":{"allow":["GET"]}}],"collection":[{"href":"https:\/\/tajkertesz.com\/en_US\/wp-json\/wp\/v2\/product"}],"about":[{"href":"https:\/\/tajkertesz.com\/en_US\/wp-json\/wp\/v2\/types\/product"}],"wp:featuredmedia":[{"embeddable":true,"href":"https:\/\/tajkertesz.com\/en_US\/wp-json\/wp\/v2\/media\/19920"}],"wp:attachment":[{"href":"https:\/\/tajkertesz.com\/en_US\/wp-json\/wp\/v2\/media?parent=19919"}],"wp:term":[{"taxonomy":"product_brand","embeddable":true,"href":"https:\/\/tajkertesz.com\/en_US\/wp-json\/wp\/v2\/product_brand?post=19919"},{"taxonomy":"product_cat","embeddable":true,"href":"https:\/\/tajkertesz.com\/en_US\/wp-json\/wp\/v2\/product_cat?post=19919"},{"taxonomy":"product_tag","embeddable":true,"href":"https:\/\/tajkertesz.com\/en_US\/wp-json\/wp\/v2\/product_tag?post=19919"}],"curies":[{"name":"wp","href":"https:\/\/api.w.org\/{rel}","templated":true}]}}