{"id":19935,"date":"2024-04-02T13:27:53","date_gmt":"2024-04-02T13:27:53","guid":{"rendered":"https:\/\/tajkertesz.com\/?post_type=product&#038;p=19935"},"modified":"2026-02-12T15:23:11","modified_gmt":"2026-02-12T15:23:11","slug":"florimo-fenyo-es-orokzold-tapoldat","status":"publish","type":"product","link":"https:\/\/tajkertesz.com\/en_US\/product\/florimo-fenyo-es-orokzold-tapoldat\/","title":{"rendered":"FLORIMO\u00ae Feny\u0151 \u00e9s \u00f6r\u00f6kz\u00f6ld t\u00e1poldat"},"content":{"rendered":"<h1 class=\"elementor-heading-title elementor-size-default\">FLORIMO<sup>\u00ae <\/sup>Feny\u0151 \u00e9s \u00f6r\u00f6kz\u00f6ld t\u00e1poldat<\/h1>\n<p class=\"elementor-heading-title elementor-size-default\">FLORIMO<sup>\u00ae <\/sup>Feny\u0151 \u00e9s \u00f6r\u00f6kz\u00f6ld t\u00e1poldat<\/p>\n<div class=\"elementor-element elementor-element-59831824 elementor-widget elementor-widget-heading\" data-id=\"59831824\" data-element_type=\"widget\" data-widget_type=\"heading.default\">\n<div class=\"elementor-widget-container\">\n<h2 class=\"elementor-heading-title elementor-size-default\">Adagol\u00e1s<\/h2>\n<\/div>\n<\/div>\n<div class=\"elementor-element elementor-element-63bb3841 elementor-widget elementor-widget-text-editor\" data-id=\"63bb3841\" data-element_type=\"widget\" data-widget_type=\"text-editor.default\">\n<div class=\"elementor-widget-container\">\n<p>Az \u00f6nt\u00f6z\u0151v\u00edzhez adagolva haszn\u00e1lhat\u00f3 tavaszt\u00f3l \u0151szig hetente, t\u00e9len 3 hetente, 1 kupak (35 ml)\/3 liter \u00f6nt\u00f6z\u0151v\u00edz t\u00f6m\u00e9nys\u00e9gben. Ker\u00fclj\u00fck a t\u00faladagol\u00e1st! A t\u00f6m\u00e9ny oldat a n\u00f6v\u00e9nyen perzsel\u00e9st okozhat.<\/p>\n<div class=\"elementor-element elementor-element-46ecb657 elementor-widget elementor-widget-heading\" data-id=\"46ecb657\" data-element_type=\"widget\" data-widget_type=\"heading.default\">\n<div class=\"elementor-widget-container\">\n<h2 class=\"elementor-heading-title elementor-size-default\">Felhaszn\u00e1l\u00e1s<\/h2>\n<\/div>\n<\/div>\n<div class=\"elementor-element elementor-element-1ee29d84 elementor-widget elementor-widget-text-editor\" data-id=\"1ee29d84\" data-element_type=\"widget\" data-widget_type=\"text-editor.default\">\n<div class=\"elementor-widget-container\">\n<p>Feny\u0151f\u00e9l\u00e9k, tiszaf\u00e1k, tuj\u00e1k, bor\u00f3k\u00e1k, fagyalok, rhododendronok, az\u00e1le\u00e1k t\u00e1panyag ut\u00e1np\u00f3tl\u00e1s\u00e1ra. Tartalmazza a n\u00f6v\u00e9nyek saj\u00e1tos von\u00e1sainak meg\u0151rz\u00e9s\u00e9hez sz\u00fcks\u00e9ges t\u00e1panyagokat kiegyenl\u00edtett form\u00e1ban.<\/p>\n<div class=\"elementor-element elementor-element-4e91c688 elementor-widget elementor-widget-heading\" data-id=\"4e91c688\" data-element_type=\"widget\" data-widget_type=\"heading.default\">\n<div class=\"elementor-widget-container\">\n<h2 class=\"elementor-heading-title elementor-size-default\">Hat\u00f3anyagok<\/h2>\n<\/div>\n<\/div>\n<div class=\"elementor-element elementor-element-64f63d98 elementor-widget elementor-widget-text-editor\" data-id=\"64f63d98\" data-element_type=\"widget\" data-widget_type=\"text-editor.default\">\n<div class=\"elementor-widget-container\">\n<p>N: 3,2% P2O5: 1,4% K2O: 1,7% + vas + mikroelemek + magn\u00e9zium hozz\u00e1ad\u00e1s\u00e1val.<\/p>\n<p>&nbsp;<\/p>\n<p>El\u00e9rhet\u0151 t\u00f6bbf\u00e9le m\u00e9retben \u00e9s \u00e1rban.<\/p>\n<\/div>\n<\/div>\n<\/div>\n<\/div>\n<\/div>\n<\/div>\n<h4><strong>\ud83d\udd04 K\u00e9szletinform\u00e1ci\u00f3<\/strong><\/h4>\n<p><strong>K\u00e9szlet\u00fcnk napi szinten v\u00e1ltozik, \u00edgy a webshopban szerepl<\/strong><strong>\u0151<\/strong><strong>\u00a0term\u00e9kek el\u00e9rhet<\/strong><strong>\u0151<\/strong><strong>s\u00e9ge nem garant\u00e1lt.<br \/>\n\ud83d\udcde A megrendel\u00e9s el<\/strong><strong>\u0151<\/strong><strong>tt k\u00e9rj\u00fck, \u00e9rdekl<\/strong><strong>\u0151<\/strong><strong>dj\u00f6n szem\u00e9lyesen, telefonon vagy e-mailben!<\/strong><\/p>\n<h4><strong>\u27a1\ufe0f Kapcsolat:<\/strong><\/h4>\n<ul>\n<li><strong>Weboldal:\u00a0<\/strong><a href=\"https:\/\/tajkertesz.com\/\"><strong>tajkertesz.com<\/strong><\/a><\/li>\n<li><strong>Facebook:\u00a0<\/strong><a href=\"https:\/\/www.facebook.com\/tajkertesz\/\"><strong>facebook.com\/tajkertesz<\/strong><\/a><\/li>\n<li><strong>Telefonsz\u00e1m, e-mail: +36\/20-319-3770\u00a0<\/strong><a href=\"mailto:tajkerteszaruda@gmail.com\"><strong>tajkerteszaruda@gmail.com<\/strong><\/a><\/li>\n<\/ul>\n<h4><strong>\ud83d\ude9a Sz\u00e1ll\u00edt\u00e1si inform\u00e1ci\u00f3k<\/strong><\/h4>\n<p><strong>A megrendelt n\u00f6v\u00e9nyek kisz\u00e1ll\u00edt\u00e1sa az al\u00e1bbi felt\u00e9telek mellett t\u00f6rt\u00e9nik:<\/strong><\/p>\n<h4><strong>\ud83d\udce6 Fut\u00e1rszolg\u00e1latos sz\u00e1ll\u00edt\u00e1s<\/strong><\/h4>\n<ul>\n<li><strong>Maxim\u00e1lis m\u00e9ret: 200 cm (hossz\u00fas\u00e1g)<\/strong><\/li>\n<li><strong>Maxim\u00e1lis s\u00faly: 40 kg<\/strong><\/li>\n<li><strong>Az enn\u00e9l kisebb \u00e9s k\u00f6nnyebb csomagokat fut\u00e1rszolg\u00e1lattal k\u00e9zbes\u00edtj\u00fck a lehet<\/strong><strong>\u0151<\/strong><strong>\u00a0legbiztons\u00e1gosabb csomagol\u00e1sban.<\/strong><\/li>\n<\/ul>\n<h4><strong>\ud83d\udefb Szem\u00e9lyes \u00e1tv\u00e9tel<\/strong><\/h4>\n<ul>\n<li><strong>1173 Budapest, Bakancsos utca 7. sz\u00e1m alatt nyitvatart\u00e1si id<\/strong><strong>\u0151<\/strong><strong>ben szem\u00e9lyesen \u00e1tvehet<\/strong><strong>\u0151<\/strong><strong>\u00a0kert\u00e9szeti \u00e1rud\u00e1nkban.<\/strong><\/li>\n<li><strong>K\u00f6lts\u00e9ghat\u00e9kony megold\u00e1s nagyobb, t\u00f6r\u00e9kenyebb vagy t\u00falm\u00e9retes n\u00f6v\u00e9nyek eset\u00e9n.<\/strong><\/li>\n<\/ul>\n<h4><strong>\ud83d\udcde Nagy m\u00e9ret<\/strong><strong>\u0171<\/strong><strong>\u00a0vagy s\u00faly\u00fa n\u00f6v\u00e9nyek eset\u00e9n<\/strong><\/h4>\n<p><strong>Ha a term\u00e9k:<\/strong><\/p>\n<ul>\n<li><strong>meghaladja a 200 cm hossz\u00fas\u00e1got vagy<\/strong><\/li>\n<li><strong>meghaladja a 40 kg s\u00falyt,<\/strong><\/li>\n<\/ul>\n<p><strong>akkor szem\u00e9lyes \u00e1tv\u00e9tellel vagy egyedi, el<\/strong><strong>\u0151<\/strong><strong>re egyeztetett sz\u00e1ll\u00edt\u00e1si felt\u00e9telek mellett t\u00f6rt\u00e9nik.<br \/>\nK\u00e9rj\u00fck, ilyen esetben rendel\u00e9s el<\/strong><strong>\u0151<\/strong><strong>tt vegye fel vel\u00fcnk a kapcsolatot, hogy a lehet<\/strong><strong>\u0151<\/strong><strong>\u00a0legmegfelel<\/strong><strong>\u0151<\/strong><strong>bb sz\u00e1ll\u00edt\u00e1si megold\u00e1st k\u00edn\u00e1lhassuk.<\/strong><\/p>\n<p><strong>\ud83d\udd14 Fontos: A n\u00f6v\u00e9nyeket minden esetben igyeksz\u00fcnk gondosan, egyes\u00e9vel csomagolni, azonban a sz\u00e1ll\u00edt\u00e1s sor\u00e1n kisebb eszt\u00e9tikai s\u00e9r\u00fcl\u00e9sek el<\/strong><strong>\u0151<\/strong><strong>fordulhatnak (pl. lev\u00e9lhull\u00e1s). Ez nem min<\/strong><strong>\u0151<\/strong><strong>s\u00fcl hib\u00e1s teljes\u00edt\u00e9snek.<\/strong><\/p>\n<h4><strong>\ud83d\udcf7 Fontos tudni a k\u00e9pekr<\/strong><strong>\u0151<\/strong><strong>l<\/strong><\/h4>\n<p><strong>A webshopban szerepl<\/strong><strong>\u0151<\/strong><strong>\u00a0k\u00e9pek illusztr\u00e1ci\u00f3k, a n\u00f6v\u00e9nyek term\u00e9szet\u00fckn\u00e9l fogva egyediek, \u00edgy m\u00e9retben, alakban \u00e9s sz\u00ednben minim\u00e1lis elt\u00e9r\u00e9sek el<\/strong><strong>\u0151<\/strong><strong>fordulhatnak a k\u00e9pen l\u00e1that\u00f3 \u00e9s a val\u00f3s p\u00e9ld\u00e1nyok k\u00f6z\u00f6tt.<\/strong><\/p>\n<h4><strong>\ud83e\uddfe \u00c1rak \u00e9s el\u00e1ll\u00e1si jog<\/strong><\/h4>\n<ul>\n<li><strong>Az \u00e1rak egy darab\u00a0n\u00f6v\u00e9nyre vonatkoznak.<\/strong><\/li>\n<li><strong>\u00c9l<\/strong><strong>\u0151<\/strong><strong>\u00a0n\u00f6v\u00e9nyek rendel\u00e9se eset\u00e9n a 14 napos el\u00e1ll\u00e1s joga nem \u00e9rv\u00e9nyes\u00edthet<\/strong><strong>\u0151<\/strong><strong>, mivel azok romland\u00f3, biol\u00f3giailag \u00e9l<\/strong><strong>\u0151<\/strong><strong>\u00a0term\u00e9keknek min<\/strong><strong>\u0151<\/strong><strong>s\u00fclnek.<br \/>\n\ud83d\udd12 (17\/1999. (II. 5.) Korm. rendelet 5. \u00a7 c) pontja alapj\u00e1n)<\/strong><\/li>\n<\/ul>\n<h4><strong>\ud83d\udce6 K\u00e9zbes\u00edt\u00e9s ut\u00e1ni teend<\/strong><strong>\u0151<\/strong><strong>k<\/strong><\/h4>\n<p><strong>A k\u00e9zbes\u00edt\u00e9st k\u00f6vet<\/strong><strong>\u0151<\/strong><strong>en a csomagot azonnal bontsuk ki, \u00e9s a n\u00f6v\u00e9nyt helyezz\u00fck el megfelel<\/strong><strong>\u0151<\/strong><strong>\u00a0k\u00f6rnyezetben.<br \/>\nFontos: ha a n\u00f6v\u00e9ny nem r\u00e9szes\u00fcl megfelel<\/strong><strong>\u0151<\/strong><strong>\u00a0gondoz\u00e1sban \u00e9s ennek k\u00f6vetkezt\u00e9ben k\u00e1rosodik vagy elpusztul, felel<\/strong><strong>\u0151<\/strong><strong>ss\u00e9get nem tudunk v\u00e1llalni.<\/strong><\/p>","protected":false},"excerpt":{"rendered":"<h1 class=\"elementor-heading-title elementor-size-default\">FLORIMO<sup>\u00ae <\/sup>Feny\u0151 \u00e9s \u00f6r\u00f6kz\u00f6ld t\u00e1poldat<\/h1>\n<div class=\"elementor-background-overlay\"><\/div>\n<div class=\"elementor-container elementor-column-gap-default\">\n<div class=\"elementor-column elementor-col-100 elementor-inner-column elementor-element elementor-element-1e5ab38e\" data-id=\"1e5ab38e\" data-element_type=\"column\">\n<div class=\"elementor-widget-wrap elementor-element-populated\">\n<div class=\"elementor-element elementor-element-46ecb657 elementor-widget elementor-widget-heading\" data-id=\"46ecb657\" data-element_type=\"widget\" data-widget_type=\"heading.default\">\n<div class=\"elementor-widget-container\">\n<h2 class=\"elementor-heading-title elementor-size-default\">Felhaszn\u00e1l\u00e1s<\/h2>\n<\/div>\n<\/div>\n<div class=\"elementor-element elementor-element-1ee29d84 elementor-widget elementor-widget-text-editor\" data-id=\"1ee29d84\" data-element_type=\"widget\" data-widget_type=\"text-editor.default\">\n<div class=\"elementor-widget-container\">\n<p>Feny\u0151f\u00e9l\u00e9k, tiszaf\u00e1k, tuj\u00e1k, bor\u00f3k\u00e1k, fagyalok, rhododendronok, az\u00e1le\u00e1k t\u00e1panyag ut\u00e1np\u00f3tl\u00e1s\u00e1ra. Tartalmazza a n\u00f6v\u00e9nyek saj\u00e1tos von\u00e1sainak meg\u0151rz\u00e9s\u00e9hez sz\u00fcks\u00e9ges t\u00e1panyagokat kiegyenl\u00edtett form\u00e1ban.<\/p>\n<\/div>\n<\/div>\n<\/div>\n<\/div>\n<\/div>\n<p>&nbsp;<\/p>","protected":false},"featured_media":19936,"template":"","meta":{"_et_pb_use_builder":"","_et_pb_old_content":"","_et_gb_content_width":""},"product_brand":[],"product_cat":[5055],"product_tag":[1447,1459,5064,24,1450],"class_list":{"0":"post-19935","1":"product","2":"type-product","3":"status-publish","4":"has-post-thumbnail","6":"product_cat-florimo-tapoldatok","7":"product_tag-fenyo","8":"product_tag-florimo","9":"product_tag-florimo-fenyo-es-orokzold-tapoldat","10":"product_tag-orokzold","11":"product_tag-tapoldat","13":"first","14":"instock","15":"shipping-taxable","16":"purchasable","17":"product-type-simple"},"yoast_head":"<!-- This site is optimized with the Yoast SEO plugin v27.4 - https:\/\/yoast.com\/product\/yoast-seo-wordpress\/ -->\n<title>FLORIMO\u00ae Feny\u0151 \u00e9s \u00f6r\u00f6kz\u00f6ld t\u00e1poldat - T\u00e1jkert\u00e9sz<\/title>\n<meta name=\"description\" content=\"FLORIMO\u00aeFeny\u0151 \u00e9s \u00f6r\u00f6kz\u00f6ld t\u00e1poldat. Feny\u0151f\u00e9l\u00e9k, tiszaf\u00e1k, tuj\u00e1k, bor\u00f3k\u00e1k, fagyalok, rhododendronok, az\u00e1le\u00e1k t\u00e1panyag ut\u00e1np\u00f3tl\u00e1s\u00e1ra.\" \/>\n<meta name=\"robots\" content=\"index, follow, max-snippet:-1, max-image-preview:large, max-video-preview:-1\" \/>\n<link rel=\"canonical\" href=\"https:\/\/tajkertesz.com\/en_US\/product\/florimo-fenyo-es-orokzold-tapoldat\/\" \/>\n<meta property=\"og:locale\" content=\"en_US\" \/>\n<meta property=\"og:type\" content=\"article\" \/>\n<meta property=\"og:title\" content=\"FLORIMO\u00ae Feny\u0151 \u00e9s \u00f6r\u00f6kz\u00f6ld t\u00e1poldat - T\u00e1jkert\u00e9sz\" \/>\n<meta property=\"og:description\" content=\"FLORIMO\u00aeFeny\u0151 \u00e9s \u00f6r\u00f6kz\u00f6ld t\u00e1poldat. Feny\u0151f\u00e9l\u00e9k, tiszaf\u00e1k, tuj\u00e1k, bor\u00f3k\u00e1k, fagyalok, rhododendronok, az\u00e1le\u00e1k t\u00e1panyag ut\u00e1np\u00f3tl\u00e1s\u00e1ra.\" \/>\n<meta property=\"og:url\" content=\"https:\/\/tajkertesz.com\/en_US\/product\/florimo-fenyo-es-orokzold-tapoldat\/\" \/>\n<meta property=\"og:site_name\" content=\"T\u00e1jkert\u00e9sz\" \/>\n<meta property=\"article:publisher\" content=\"https:\/\/www.facebook.com\/Tajkertesz\/\" \/>\n<meta property=\"article:modified_time\" content=\"2026-02-12T15:23:11+00:00\" \/>\n<meta property=\"og:image\" content=\"https:\/\/tajkertesz.com\/wp-content\/uploads\/2024\/04\/fenyo_es_orokzold_tapoldat.png\" \/>\n\t<meta property=\"og:image:width\" content=\"410\" \/>\n\t<meta property=\"og:image:height\" content=\"635\" \/>\n\t<meta property=\"og:image:type\" content=\"image\/png\" \/>\n<meta name=\"twitter:card\" content=\"summary_large_image\" \/>\n<meta name=\"twitter:label1\" content=\"Est. reading time\" \/>\n\t<meta name=\"twitter:data1\" content=\"3 minutes\" \/>\n<script type=\"application\/ld+json\" class=\"yoast-schema-graph\">{\"@context\":\"https:\\\/\\\/schema.org\",\"@graph\":[{\"@type\":\"WebPage\",\"@id\":\"https:\\\/\\\/tajkertesz.com\\\/termek\\\/florimo-fenyo-es-orokzold-tapoldat\\\/\",\"url\":\"https:\\\/\\\/tajkertesz.com\\\/termek\\\/florimo-fenyo-es-orokzold-tapoldat\\\/\",\"name\":\"FLORIMO\u00ae Feny\u0151 \u00e9s \u00f6r\u00f6kz\u00f6ld t\u00e1poldat - T\u00e1jkert\u00e9sz\",\"isPartOf\":{\"@id\":\"https:\\\/\\\/tajkertesz.com\\\/#website\"},\"primaryImageOfPage\":{\"@id\":\"https:\\\/\\\/tajkertesz.com\\\/termek\\\/florimo-fenyo-es-orokzold-tapoldat\\\/#primaryimage\"},\"image\":{\"@id\":\"https:\\\/\\\/tajkertesz.com\\\/termek\\\/florimo-fenyo-es-orokzold-tapoldat\\\/#primaryimage\"},\"thumbnailUrl\":\"https:\\\/\\\/tajkertesz.com\\\/wp-content\\\/uploads\\\/2024\\\/04\\\/fenyo_es_orokzold_tapoldat.png\",\"datePublished\":\"2024-04-02T13:27:53+00:00\",\"dateModified\":\"2026-02-12T15:23:11+00:00\",\"description\":\"FLORIMO\u00aeFeny\u0151 \u00e9s \u00f6r\u00f6kz\u00f6ld t\u00e1poldat. Feny\u0151f\u00e9l\u00e9k, tiszaf\u00e1k, tuj\u00e1k, bor\u00f3k\u00e1k, fagyalok, rhododendronok, az\u00e1le\u00e1k t\u00e1panyag ut\u00e1np\u00f3tl\u00e1s\u00e1ra.\",\"breadcrumb\":{\"@id\":\"https:\\\/\\\/tajkertesz.com\\\/termek\\\/florimo-fenyo-es-orokzold-tapoldat\\\/#breadcrumb\"},\"inLanguage\":\"en-US\",\"potentialAction\":[{\"@type\":\"ReadAction\",\"target\":[\"https:\\\/\\\/tajkertesz.com\\\/termek\\\/florimo-fenyo-es-orokzold-tapoldat\\\/\"]}]},{\"@type\":\"ImageObject\",\"inLanguage\":\"en-US\",\"@id\":\"https:\\\/\\\/tajkertesz.com\\\/termek\\\/florimo-fenyo-es-orokzold-tapoldat\\\/#primaryimage\",\"url\":\"https:\\\/\\\/tajkertesz.com\\\/wp-content\\\/uploads\\\/2024\\\/04\\\/fenyo_es_orokzold_tapoldat.png\",\"contentUrl\":\"https:\\\/\\\/tajkertesz.com\\\/wp-content\\\/uploads\\\/2024\\\/04\\\/fenyo_es_orokzold_tapoldat.png\",\"width\":410,\"height\":635},{\"@type\":\"BreadcrumbList\",\"@id\":\"https:\\\/\\\/tajkertesz.com\\\/termek\\\/florimo-fenyo-es-orokzold-tapoldat\\\/#breadcrumb\",\"itemListElement\":[{\"@type\":\"ListItem\",\"position\":1,\"name\":\"Home\",\"item\":\"https:\\\/\\\/tajkertesz.com\\\/\"},{\"@type\":\"ListItem\",\"position\":2,\"name\":\"Kezd\u0151lap\",\"item\":\"https:\\\/\\\/tajkertesz.com\\\/\"},{\"@type\":\"ListItem\",\"position\":3,\"name\":\"FLORIMO\u00ae Feny\u0151 \u00e9s \u00f6r\u00f6kz\u00f6ld t\u00e1poldat\"}]},{\"@type\":\"WebSite\",\"@id\":\"https:\\\/\\\/tajkertesz.com\\\/#website\",\"url\":\"https:\\\/\\\/tajkertesz.com\\\/\",\"name\":\"T\u00e1j-Kert\u00e9sz 84 Kft.\",\"description\":\"Kert\u00e9szeti kis- \u00e9s nagykeresked\u00e9s, D\u00edszn\u00f6v\u00e9ny web\u00e1ruh\u00e1z orsz\u00e1gos h\u00e1zhozsz\u00e1ll\u00edt\u00e1ssal!\",\"publisher\":{\"@id\":\"https:\\\/\\\/tajkertesz.com\\\/#organization\"},\"potentialAction\":[{\"@type\":\"SearchAction\",\"target\":{\"@type\":\"EntryPoint\",\"urlTemplate\":\"https:\\\/\\\/tajkertesz.com\\\/?s={search_term_string}\"},\"query-input\":{\"@type\":\"PropertyValueSpecification\",\"valueRequired\":true,\"valueName\":\"search_term_string\"}}],\"inLanguage\":\"en-US\"},{\"@type\":\"Organization\",\"@id\":\"https:\\\/\\\/tajkertesz.com\\\/#organization\",\"name\":\"T\u00e1j-Kert\u00e9sz 84 Kft.\",\"url\":\"https:\\\/\\\/tajkertesz.com\\\/\",\"logo\":{\"@type\":\"ImageObject\",\"inLanguage\":\"en-US\",\"@id\":\"https:\\\/\\\/tajkertesz.com\\\/#\\\/schema\\\/logo\\\/image\\\/\",\"url\":\"https:\\\/\\\/tajkertesz.com\\\/wp-content\\\/uploads\\\/2018\\\/02\\\/logo-2-e1518678052539.png\",\"contentUrl\":\"https:\\\/\\\/tajkertesz.com\\\/wp-content\\\/uploads\\\/2018\\\/02\\\/logo-2-e1518678052539.png\",\"width\":81,\"height\":140,\"caption\":\"T\u00e1j-Kert\u00e9sz 84 Kft.\"},\"image\":{\"@id\":\"https:\\\/\\\/tajkertesz.com\\\/#\\\/schema\\\/logo\\\/image\\\/\"},\"sameAs\":[\"https:\\\/\\\/www.facebook.com\\\/Tajkertesz\\\/\"]}]}<\/script>\n<!-- \/ Yoast SEO plugin. -->","yoast_head_json":{"title":"FLORIMO\u00ae Feny\u0151 \u00e9s \u00f6r\u00f6kz\u00f6ld t\u00e1poldat - T\u00e1jkert\u00e9sz","description":"FLORIMO\u00aeFeny\u0151 \u00e9s \u00f6r\u00f6kz\u00f6ld t\u00e1poldat. Feny\u0151f\u00e9l\u00e9k, tiszaf\u00e1k, tuj\u00e1k, bor\u00f3k\u00e1k, fagyalok, rhododendronok, az\u00e1le\u00e1k t\u00e1panyag ut\u00e1np\u00f3tl\u00e1s\u00e1ra.","robots":{"index":"index","follow":"follow","max-snippet":"max-snippet:-1","max-image-preview":"max-image-preview:large","max-video-preview":"max-video-preview:-1"},"canonical":"https:\/\/tajkertesz.com\/en_US\/product\/florimo-fenyo-es-orokzold-tapoldat\/","og_locale":"en_US","og_type":"article","og_title":"FLORIMO\u00ae Feny\u0151 \u00e9s \u00f6r\u00f6kz\u00f6ld t\u00e1poldat - T\u00e1jkert\u00e9sz","og_description":"FLORIMO\u00aeFeny\u0151 \u00e9s \u00f6r\u00f6kz\u00f6ld t\u00e1poldat. Feny\u0151f\u00e9l\u00e9k, tiszaf\u00e1k, tuj\u00e1k, bor\u00f3k\u00e1k, fagyalok, rhododendronok, az\u00e1le\u00e1k t\u00e1panyag ut\u00e1np\u00f3tl\u00e1s\u00e1ra.","og_url":"https:\/\/tajkertesz.com\/en_US\/product\/florimo-fenyo-es-orokzold-tapoldat\/","og_site_name":"T\u00e1jkert\u00e9sz","article_publisher":"https:\/\/www.facebook.com\/Tajkertesz\/","article_modified_time":"2026-02-12T15:23:11+00:00","og_image":[{"width":410,"height":635,"url":"https:\/\/tajkertesz.com\/wp-content\/uploads\/2024\/04\/fenyo_es_orokzold_tapoldat.png","type":"image\/png"}],"twitter_card":"summary_large_image","twitter_misc":{"Est. reading time":"3 minutes"},"schema":{"@context":"https:\/\/schema.org","@graph":[{"@type":"WebPage","@id":"https:\/\/tajkertesz.com\/termek\/florimo-fenyo-es-orokzold-tapoldat\/","url":"https:\/\/tajkertesz.com\/termek\/florimo-fenyo-es-orokzold-tapoldat\/","name":"FLORIMO\u00ae Feny\u0151 \u00e9s \u00f6r\u00f6kz\u00f6ld t\u00e1poldat - T\u00e1jkert\u00e9sz","isPartOf":{"@id":"https:\/\/tajkertesz.com\/#website"},"primaryImageOfPage":{"@id":"https:\/\/tajkertesz.com\/termek\/florimo-fenyo-es-orokzold-tapoldat\/#primaryimage"},"image":{"@id":"https:\/\/tajkertesz.com\/termek\/florimo-fenyo-es-orokzold-tapoldat\/#primaryimage"},"thumbnailUrl":"https:\/\/tajkertesz.com\/wp-content\/uploads\/2024\/04\/fenyo_es_orokzold_tapoldat.png","datePublished":"2024-04-02T13:27:53+00:00","dateModified":"2026-02-12T15:23:11+00:00","description":"FLORIMO\u00aeFeny\u0151 \u00e9s \u00f6r\u00f6kz\u00f6ld t\u00e1poldat. Feny\u0151f\u00e9l\u00e9k, tiszaf\u00e1k, tuj\u00e1k, bor\u00f3k\u00e1k, fagyalok, rhododendronok, az\u00e1le\u00e1k t\u00e1panyag ut\u00e1np\u00f3tl\u00e1s\u00e1ra.","breadcrumb":{"@id":"https:\/\/tajkertesz.com\/termek\/florimo-fenyo-es-orokzold-tapoldat\/#breadcrumb"},"inLanguage":"en-US","potentialAction":[{"@type":"ReadAction","target":["https:\/\/tajkertesz.com\/termek\/florimo-fenyo-es-orokzold-tapoldat\/"]}]},{"@type":"ImageObject","inLanguage":"en-US","@id":"https:\/\/tajkertesz.com\/termek\/florimo-fenyo-es-orokzold-tapoldat\/#primaryimage","url":"https:\/\/tajkertesz.com\/wp-content\/uploads\/2024\/04\/fenyo_es_orokzold_tapoldat.png","contentUrl":"https:\/\/tajkertesz.com\/wp-content\/uploads\/2024\/04\/fenyo_es_orokzold_tapoldat.png","width":410,"height":635},{"@type":"BreadcrumbList","@id":"https:\/\/tajkertesz.com\/termek\/florimo-fenyo-es-orokzold-tapoldat\/#breadcrumb","itemListElement":[{"@type":"ListItem","position":1,"name":"Home","item":"https:\/\/tajkertesz.com\/"},{"@type":"ListItem","position":2,"name":"Kezd\u0151lap","item":"https:\/\/tajkertesz.com\/"},{"@type":"ListItem","position":3,"name":"FLORIMO\u00ae Feny\u0151 \u00e9s \u00f6r\u00f6kz\u00f6ld t\u00e1poldat"}]},{"@type":"WebSite","@id":"https:\/\/tajkertesz.com\/#website","url":"https:\/\/tajkertesz.com\/","name":"T\u00e1j-Kert\u00e9sz 84 Kft.","description":"Kert\u00e9szeti kis- \u00e9s nagykeresked\u00e9s, D\u00edszn\u00f6v\u00e9ny web\u00e1ruh\u00e1z orsz\u00e1gos h\u00e1zhozsz\u00e1ll\u00edt\u00e1ssal!","publisher":{"@id":"https:\/\/tajkertesz.com\/#organization"},"potentialAction":[{"@type":"SearchAction","target":{"@type":"EntryPoint","urlTemplate":"https:\/\/tajkertesz.com\/?s={search_term_string}"},"query-input":{"@type":"PropertyValueSpecification","valueRequired":true,"valueName":"search_term_string"}}],"inLanguage":"en-US"},{"@type":"Organization","@id":"https:\/\/tajkertesz.com\/#organization","name":"T\u00e1j-Kert\u00e9sz 84 Kft.","url":"https:\/\/tajkertesz.com\/","logo":{"@type":"ImageObject","inLanguage":"en-US","@id":"https:\/\/tajkertesz.com\/#\/schema\/logo\/image\/","url":"https:\/\/tajkertesz.com\/wp-content\/uploads\/2018\/02\/logo-2-e1518678052539.png","contentUrl":"https:\/\/tajkertesz.com\/wp-content\/uploads\/2018\/02\/logo-2-e1518678052539.png","width":81,"height":140,"caption":"T\u00e1j-Kert\u00e9sz 84 Kft."},"image":{"@id":"https:\/\/tajkertesz.com\/#\/schema\/logo\/image\/"},"sameAs":["https:\/\/www.facebook.com\/Tajkertesz\/"]}]}},"_links":{"self":[{"href":"https:\/\/tajkertesz.com\/en_US\/wp-json\/wp\/v2\/product\/19935","targetHints":{"allow":["GET"]}}],"collection":[{"href":"https:\/\/tajkertesz.com\/en_US\/wp-json\/wp\/v2\/product"}],"about":[{"href":"https:\/\/tajkertesz.com\/en_US\/wp-json\/wp\/v2\/types\/product"}],"wp:featuredmedia":[{"embeddable":true,"href":"https:\/\/tajkertesz.com\/en_US\/wp-json\/wp\/v2\/media\/19936"}],"wp:attachment":[{"href":"https:\/\/tajkertesz.com\/en_US\/wp-json\/wp\/v2\/media?parent=19935"}],"wp:term":[{"taxonomy":"product_brand","embeddable":true,"href":"https:\/\/tajkertesz.com\/en_US\/wp-json\/wp\/v2\/product_brand?post=19935"},{"taxonomy":"product_cat","embeddable":true,"href":"https:\/\/tajkertesz.com\/en_US\/wp-json\/wp\/v2\/product_cat?post=19935"},{"taxonomy":"product_tag","embeddable":true,"href":"https:\/\/tajkertesz.com\/en_US\/wp-json\/wp\/v2\/product_tag?post=19935"}],"curies":[{"name":"wp","href":"https:\/\/api.w.org\/{rel}","templated":true}]}}