{"id":19941,"date":"2024-04-04T09:41:09","date_gmt":"2024-04-04T09:41:09","guid":{"rendered":"https:\/\/tajkertesz.com\/?post_type=product&#038;p=19941"},"modified":"2025-07-10T13:00:37","modified_gmt":"2025-07-10T13:00:37","slug":"hylocereus-undatus-dragon-fruit-sarkanygyumolcs-pitaja","status":"publish","type":"product","link":"https:\/\/tajkertesz.com\/en_US\/product\/hylocereus-undatus-dragon-fruit-sarkanygyumolcs-pitaja\/","title":{"rendered":"Hylocereus undatus  dragon fruit-S\u00e1rk\u00e1nygy\u00fcm\u00f6lcs, Pitaja"},"content":{"rendered":"<p>Hylocereus undatus dragon fruit-S\u00e1rk\u00e1nygy\u00fcm\u00f6lcs, Pitaja<\/p>\n<p>A Hylocereus undatus dragon fruit-S\u00e1rk\u00e1nygy\u00fcm\u00f6lcs, Pitaja, K\u00f6z\u00e9p- \u00e9s D\u00e9l-Amerik\u00e1ban \u0151shonos. Ez a k\u00fcl\u00f6nleges gy\u00fcm\u00f6lcs vil\u00e1gszerte n\u00e9pszer\u0171v\u00e9 v\u00e1lt egyedi megjelen\u00e9se, friss \u00edze \u00e9s potenci\u00e1lis eg\u00e9szs\u00e9g\u00fcgyi el\u0151nyei miatt.<\/p>\n<p>A Hylocereus undatus n\u00f6v\u00e9nyek epifita vagy m\u00e1sz\u00f3 kaktuszok, hossz\u00fa, szegment\u00e1lt sz\u00e1raikkal, amelyek leveg\u0151gy\u00f6kerekkel tapadnak fel\u00fcletekre. Sz\u00e1raik \u00e1ltal\u00e1ban z\u00f6ldek vagy v\u00f6r\u00f6sesek, \u00e9s t\u00f6bb m\u00e9ter hossz\u00faak lehetnek.<\/p>\n<p>A gy\u00fcm\u00f6lcs\u00f6k ov\u00e1lis alak\u00faak, 10-15 cm hossz\u00faak, b\u0151r\u00fck enyh\u00e9n viaszos \u00e9s r\u00f3zsasz\u00edn vagy s\u00e1rga, a v\u00e1ltozatt\u00f3l f\u00fcgg\u0151en. A gy\u00fcm\u00f6lcs h\u00fasa l\u00e9d\u00fas, fekete, ehet\u0151 magokkal teli. A vir\u00e1gok nagyok, felt\u0171n\u0151ek \u00e9s , \u00e9jszaka ny\u00edlnak, hogy denev\u00e9rek, lepk\u00e9k vagy m\u00e9hek porozz\u00e1k be \u0151ket.<\/p>\n<p>A vir\u00e1gokb\u00f3l ehet\u0151, h\u00fasos piros gy\u00fcm\u00f6lcs\u00f6k fejl\u0151dnek ki. A n\u00f6v\u00e9nyek legink\u00e1bb USDA 10-11 z\u00f3n\u00e1j\u00e1ban \u00e9letk\u00e9pesek, fagymentes k\u00f6rnyezetet \u00e9s 4\u00b0C feletti h\u0151m\u00e9rs\u00e9kletet ig\u00e9nyelnek. A s\u00e1rk\u00e1nygy\u00fcm\u00f6lcs\u00f6t frissen fogyaszthatjuk, smoothie-khoz vagy desszertekhez adhatjuk, vagy lekv\u00e1rokat\u00a0 k\u00e9sz\u00edthet\u00fcnk bel\u0151le. Emellett d\u00edsz\u00e9rt\u00e9k\u0171 n\u00f6v\u00e9nyk\u00e9nt is termesztik, k\u00fcl\u00f6nleges n\u00f6veked\u00e9si szok\u00e1s\u00e1val \u00e9s felt\u0171n\u0151 vir\u00e1gaival \u00e9rdekes l\u00e1tv\u00e1nyt ny\u00fajtva kertekben \u00e9s belt\u00e9ri terekben.<\/p>\n<p>&nbsp;<\/p>\n<p>Itt van n\u00e9h\u00e1ny l\u00e9p\u00e9s, amely seg\u00edthet a s\u00e1rk\u00e1nygy\u00fcm\u00f6lcs sikeres termeszt\u00e9s\u00e9ben:<\/p>\n<hr \/>\n<hr \/>\n<hr \/>\n<p>Hely \u00e9s f\u00e9nyviszonyok: V\u00e1lassz egy napos, meleg helyet a s\u00e1rk\u00e1nygy\u00fcm\u00f6lcs sz\u00e1m\u00e1ra. A n\u00f6v\u00e9nyeknek legal\u00e1bb hat \u00f3ra k\u00f6zvetlen napf\u00e9nyre van sz\u00fcks\u00e9g\u00fck. Ha van olyan ablakod vagy teraszod, ahol sok napf\u00e9ny \u00e9ri a n\u00f6v\u00e9nyt, ott is termesztheted.<\/p>\n<p>Talaj : Haszn\u00e1lj j\u00f3 v\u00edzelvezet\u00e9s\u0171 talajt. A s\u00e1rk\u00e1nygy\u00fcm\u00f6lcs j\u00f3l \u00e9rzi mag\u00e1t cser\u00e9pben vagy ed\u00e9nyben, amelynek alj\u00e1n lyuk van a v\u00edzelvezet\u00e9shez.<\/p>\n<p>T\u00e1maszt\u00e1s: A s\u00e1rk\u00e1nygy\u00fcm\u00f6lcs n\u00f6v\u00e9nyek kar\u00f3z\u00e1st\u00a0 ig\u00e9nyel, mivel sz\u00e1raik nem \u00e1ll meg \u00f6nmagukban . Haszn\u00e1lj r\u00e1csot vagy m\u00e1s szerkezetet, hogy a n\u00f6v\u00e9nyek sz\u00e1r\u00e1t t\u00e1mogasd.<\/p>\n<p>\u00d6nt\u00f6z\u00e9s: A s\u00e1rk\u00e1nygy\u00fcm\u00f6lcs\u00f6k nem szeretik a t\u00falzott nedvess\u00e9get, de rendszeres \u00f6nt\u00f6z\u00e9sre van sz\u00fcks\u00e9g\u00fck. Engedd meg, hogy a talaj fels\u0151 r\u00e9tege kisz\u00e1radjon \u00f6nt\u00f6z\u00e9sek k\u00f6z\u00f6tt.<\/p>\n<p>H\u0151m\u00e9rs\u00e9klet: A s\u00e1rk\u00e1nygy\u00fcm\u00f6lcs\u00f6k kedvelik a meleg k\u00f6rnyezetet. A legjobban 18-27\u00b0C k\u00f6z\u00f6tti h\u0151m\u00e9rs\u00e9kleten fejl\u0151dnek.<br \/>\nVir\u00e1gz\u00e1s \u00e9s term\u00e9s: A s\u00e1rk\u00e1nygy\u00fcm\u00f6lcs n\u00f6v\u00e9nyek \u00e1ltal\u00e1ban k\u00e9s\u0151 tavasszal vagy korai ny\u00e1ron vir\u00e1goznak. A tr\u00f3pusi kl\u00edm\u00e1ban ak\u00e1r 4-6 vir\u00e1gz\u00e1s\/term\u00e9sk\u00e9pz\u00e9si ciklus is lehet egy \u00e9vben.<br \/>\nFelhaszn\u00e1l\u00e1s: A s\u00e1rk\u00e1nygy\u00fcm\u00f6lcs f\u0151 felhaszn\u00e1l\u00e1sa a gy\u00fcm\u00f6lcse, amely enyhe \u00edz\u0171 \u00e9s k\u00fcl\u00f6nleges megjelen\u00e9s\u0171. A gy\u00fcm\u00f6lcs\u00f6t frissen fogyaszthatod, smoothie-hoz vagy desszertekhez adhatod, vagy lekv\u00e1rokat\u00a0 k\u00e9sz\u00edthetsz bel\u0151le.<\/p>\n<p>Emellett d\u00edsz\u00e9rt\u00e9k\u0171 n\u00f6v\u00e9nyk\u00e9nt is termesztik, k\u00fcl\u00f6nleges n\u00f6veked\u00e9si szok\u00e1s\u00e1val \u00e9s felt\u0171n\u0151 vir\u00e1gaival \u00e9rdekes l\u00e1tv\u00e1nyt ny\u00fajtva kertekben \u00e9s belt\u00e9ri terekben<\/p>\n<p>El\u00e9rhet\u0151 t\u00f6bbf\u00e9le m\u00e9retben \u00e9s \u00e1rban.<\/p>\n<p><strong>K\u00e9szlet\u00fcnk napi szinten v\u00e1ltozik, ez\u00e9rt k\u00e9rj\u00fck, \u00e9rdekl\u0151dj\u00f6n szem\u00e9lyesen, telefonon vagy email-en.<br \/>\nA v\u00e1ltoztat\u00e1s jog\u00e1t fenntartjuk!\u00a0<\/strong><\/p>\n<p>&nbsp;<\/p>\n<p><a href=\"https:\/\/tajkertesz.com\/\">https:\/\/tajkertesz.com\/<\/a><\/p>\n<p><a href=\"https:\/\/www.facebook.com\/tajkertesz\/\">https:\/\/www.facebook.com\/tajkertesz\/<\/a><\/p>\n<p>Kisz\u00e1ll\u00edt\u00e1s: 200cm-ig \u00a0\u00e9s 40 kg-ig a sz\u00e1ll\u00edt\u00e1s fut\u00e1rszolg\u00e1lattal \u00a0t\u00f6rt\u00e9nik.<\/p>\n<p>Szem\u00e9lyes \u00e1tv\u00e9tel nyitvatart\u00e1si id\u0151ben a 17. ker\u00fclet Bakancsos utca 7. sz\u00e1m alatti Kert\u00e9szeti \u00e1rud\u00e1nkban.<\/p>","protected":false},"excerpt":{"rendered":"<p>A Hylocereus undatus dragon fruit-S\u00e1rk\u00e1nygy\u00fcm\u00f6lcs, Pitaja, K\u00f6z\u00e9p- \u00e9s D\u00e9l-Amerik\u00e1ban \u0151shonos. Ez a k\u00fcl\u00f6nleges gy\u00fcm\u00f6lcs vil\u00e1gszerte n\u00e9pszer\u0171v\u00e9 v\u00e1lt egyedi megjelen\u00e9se, friss \u00edze \u00e9s potenci\u00e1lis eg\u00e9szs\u00e9g\u00fcgyi el\u0151nyei miatt.<\/p>\n<p>A Hylocereus undatus n\u00f6v\u00e9nyek epifita vagy m\u00e1sz\u00f3 kaktuszok, hossz\u00fa, szegment\u00e1lt sz\u00e1raikkal, amelyek leveg\u0151gy\u00f6kerekkel tapadnak fel\u00fcletekre. Sz\u00e1raik \u00e1ltal\u00e1ban z\u00f6ldek vagy v\u00f6r\u00f6sesek, \u00e9s t\u00f6bb m\u00e9ter hossz\u00faak lehetnek.<\/p>\n<p>A gy\u00fcm\u00f6lcs\u00f6k ov\u00e1lis alak\u00faak, 10-15 cm hossz\u00faak, b\u0151r\u00fck enyh\u00e9n viaszos \u00e9s r\u00f3zsasz\u00edn vagy s\u00e1rga, a v\u00e1ltozatt\u00f3l f\u00fcgg\u0151en. A gy\u00fcm\u00f6lcs h\u00fasa l\u00e9d\u00fas, fekete, ehet\u0151 magokkal teli. A vir\u00e1gok nagyok, felt\u0171n\u0151ek \u00e9s , \u00e9jszaka ny\u00edlnak, hogy denev\u00e9rek, lepk\u00e9k vagy m\u00e9hek porozz\u00e1k be \u0151ket.<\/p>","protected":false},"featured_media":19956,"template":"","meta":{"_et_pb_use_builder":"","_et_pb_old_content":"","_et_gb_content_width":""},"product_brand":[],"product_cat":[29,517],"product_tag":[5072,5073,5070,5069,5074,5071],"class_list":{"0":"post-19941","1":"product","2":"type-product","3":"status-publish","4":"has-post-thumbnail","6":"product_cat-gyumolcsfak-gyumolcstermo-novenyek","7":"product_cat-palmak-citrusok-es-mediterran-novenyek","8":"product_tag-dragon","9":"product_tag-fruit","10":"product_tag-hylocereus","11":"product_tag-pitaja","12":"product_tag-sarkanygyumolcs","13":"product_tag-undatus","15":"first","16":"outofstock","17":"shipping-taxable","18":"product-type-simple"},"yoast_head":"<!-- This site is optimized with the Yoast SEO plugin v27.3 - https:\/\/yoast.com\/product\/yoast-seo-wordpress\/ -->\n<title>Hylocereus undatus dragon fruit-S\u00e1rk\u00e1nygy\u00fcm\u00f6lcs, Pitaja - T\u00e1jkert\u00e9sz<\/title>\n<meta name=\"description\" content=\"A Hylocereus undatus dragon fruit-S\u00e1rk\u00e1nygy\u00fcm\u00f6lcs, Pitaja, egy k\u00fcl\u00f6nleges gy\u00fcm\u00f6lcs egyedi megjelen\u00e9se, friss \u00edze \u00e9s potenci\u00e1lis eg\u00e9szs\u00e9g\u00fcgyi el\u0151nyei miatt.\" \/>\n<meta name=\"robots\" content=\"index, follow, max-snippet:-1, max-image-preview:large, max-video-preview:-1\" \/>\n<link rel=\"canonical\" href=\"https:\/\/tajkertesz.com\/en_US\/product\/hylocereus-undatus-dragon-fruit-sarkanygyumolcs-pitaja\/\" \/>\n<meta property=\"og:locale\" content=\"en_US\" \/>\n<meta property=\"og:type\" content=\"article\" \/>\n<meta property=\"og:title\" content=\"Hylocereus undatus dragon fruit-S\u00e1rk\u00e1nygy\u00fcm\u00f6lcs, Pitaja - T\u00e1jkert\u00e9sz\" \/>\n<meta property=\"og:description\" content=\"A Hylocereus undatus dragon fruit-S\u00e1rk\u00e1nygy\u00fcm\u00f6lcs, Pitaja, egy k\u00fcl\u00f6nleges gy\u00fcm\u00f6lcs egyedi megjelen\u00e9se, friss \u00edze \u00e9s potenci\u00e1lis eg\u00e9szs\u00e9g\u00fcgyi el\u0151nyei miatt.\" \/>\n<meta property=\"og:url\" content=\"https:\/\/tajkertesz.com\/en_US\/product\/hylocereus-undatus-dragon-fruit-sarkanygyumolcs-pitaja\/\" \/>\n<meta property=\"og:site_name\" content=\"T\u00e1jkert\u00e9sz\" \/>\n<meta property=\"article:publisher\" content=\"https:\/\/www.facebook.com\/Tajkertesz\/\" \/>\n<meta property=\"article:modified_time\" content=\"2025-07-10T13:00:37+00:00\" \/>\n<meta property=\"og:image\" content=\"https:\/\/tajkertesz.com\/wp-content\/uploads\/2024\/04\/pitaya-scaled.jpg\" \/>\n\t<meta property=\"og:image:width\" content=\"1154\" \/>\n\t<meta property=\"og:image:height\" content=\"2560\" \/>\n\t<meta property=\"og:image:type\" content=\"image\/jpeg\" \/>\n<meta name=\"twitter:card\" content=\"summary_large_image\" \/>\n<meta name=\"twitter:label1\" content=\"Est. reading time\" \/>\n\t<meta name=\"twitter:data1\" content=\"3 minutes\" \/>\n<script type=\"application\/ld+json\" class=\"yoast-schema-graph\">{\"@context\":\"https:\\\/\\\/schema.org\",\"@graph\":[{\"@type\":\"WebPage\",\"@id\":\"https:\\\/\\\/tajkertesz.com\\\/termek\\\/hylocereus-undatus-dragon-fruit-sarkanygyumolcs-pitaja\\\/\",\"url\":\"https:\\\/\\\/tajkertesz.com\\\/termek\\\/hylocereus-undatus-dragon-fruit-sarkanygyumolcs-pitaja\\\/\",\"name\":\"Hylocereus undatus dragon fruit-S\u00e1rk\u00e1nygy\u00fcm\u00f6lcs, Pitaja - T\u00e1jkert\u00e9sz\",\"isPartOf\":{\"@id\":\"https:\\\/\\\/tajkertesz.com\\\/#website\"},\"primaryImageOfPage\":{\"@id\":\"https:\\\/\\\/tajkertesz.com\\\/termek\\\/hylocereus-undatus-dragon-fruit-sarkanygyumolcs-pitaja\\\/#primaryimage\"},\"image\":{\"@id\":\"https:\\\/\\\/tajkertesz.com\\\/termek\\\/hylocereus-undatus-dragon-fruit-sarkanygyumolcs-pitaja\\\/#primaryimage\"},\"thumbnailUrl\":\"https:\\\/\\\/tajkertesz.com\\\/wp-content\\\/uploads\\\/2024\\\/04\\\/pitaya-scaled.jpg\",\"datePublished\":\"2024-04-04T09:41:09+00:00\",\"dateModified\":\"2025-07-10T13:00:37+00:00\",\"description\":\"A Hylocereus undatus dragon fruit-S\u00e1rk\u00e1nygy\u00fcm\u00f6lcs, Pitaja, egy k\u00fcl\u00f6nleges gy\u00fcm\u00f6lcs egyedi megjelen\u00e9se, friss \u00edze \u00e9s potenci\u00e1lis eg\u00e9szs\u00e9g\u00fcgyi el\u0151nyei miatt.\",\"breadcrumb\":{\"@id\":\"https:\\\/\\\/tajkertesz.com\\\/termek\\\/hylocereus-undatus-dragon-fruit-sarkanygyumolcs-pitaja\\\/#breadcrumb\"},\"inLanguage\":\"en-US\",\"potentialAction\":[{\"@type\":\"ReadAction\",\"target\":[\"https:\\\/\\\/tajkertesz.com\\\/termek\\\/hylocereus-undatus-dragon-fruit-sarkanygyumolcs-pitaja\\\/\"]}]},{\"@type\":\"ImageObject\",\"inLanguage\":\"en-US\",\"@id\":\"https:\\\/\\\/tajkertesz.com\\\/termek\\\/hylocereus-undatus-dragon-fruit-sarkanygyumolcs-pitaja\\\/#primaryimage\",\"url\":\"https:\\\/\\\/tajkertesz.com\\\/wp-content\\\/uploads\\\/2024\\\/04\\\/pitaya-scaled.jpg\",\"contentUrl\":\"https:\\\/\\\/tajkertesz.com\\\/wp-content\\\/uploads\\\/2024\\\/04\\\/pitaya-scaled.jpg\",\"width\":1154,\"height\":2560},{\"@type\":\"BreadcrumbList\",\"@id\":\"https:\\\/\\\/tajkertesz.com\\\/termek\\\/hylocereus-undatus-dragon-fruit-sarkanygyumolcs-pitaja\\\/#breadcrumb\",\"itemListElement\":[{\"@type\":\"ListItem\",\"position\":1,\"name\":\"Home\",\"item\":\"https:\\\/\\\/tajkertesz.com\\\/\"},{\"@type\":\"ListItem\",\"position\":2,\"name\":\"Kezd\u0151lap\",\"item\":\"https:\\\/\\\/tajkertesz.com\\\/\"},{\"@type\":\"ListItem\",\"position\":3,\"name\":\"Hylocereus undatus dragon fruit-S\u00e1rk\u00e1nygy\u00fcm\u00f6lcs, Pitaja\"}]},{\"@type\":\"WebSite\",\"@id\":\"https:\\\/\\\/tajkertesz.com\\\/#website\",\"url\":\"https:\\\/\\\/tajkertesz.com\\\/\",\"name\":\"T\u00e1j-Kert\u00e9sz 84 Kft.\",\"description\":\"Kert\u00e9szeti kis- \u00e9s nagykeresked\u00e9s, D\u00edszn\u00f6v\u00e9ny web\u00e1ruh\u00e1z orsz\u00e1gos h\u00e1zhozsz\u00e1ll\u00edt\u00e1ssal!\",\"publisher\":{\"@id\":\"https:\\\/\\\/tajkertesz.com\\\/#organization\"},\"potentialAction\":[{\"@type\":\"SearchAction\",\"target\":{\"@type\":\"EntryPoint\",\"urlTemplate\":\"https:\\\/\\\/tajkertesz.com\\\/?s={search_term_string}\"},\"query-input\":{\"@type\":\"PropertyValueSpecification\",\"valueRequired\":true,\"valueName\":\"search_term_string\"}}],\"inLanguage\":\"en-US\"},{\"@type\":\"Organization\",\"@id\":\"https:\\\/\\\/tajkertesz.com\\\/#organization\",\"name\":\"T\u00e1j-Kert\u00e9sz 84 Kft.\",\"url\":\"https:\\\/\\\/tajkertesz.com\\\/\",\"logo\":{\"@type\":\"ImageObject\",\"inLanguage\":\"en-US\",\"@id\":\"https:\\\/\\\/tajkertesz.com\\\/#\\\/schema\\\/logo\\\/image\\\/\",\"url\":\"https:\\\/\\\/tajkertesz.com\\\/wp-content\\\/uploads\\\/2018\\\/02\\\/logo-2-e1518678052539.png\",\"contentUrl\":\"https:\\\/\\\/tajkertesz.com\\\/wp-content\\\/uploads\\\/2018\\\/02\\\/logo-2-e1518678052539.png\",\"width\":81,\"height\":140,\"caption\":\"T\u00e1j-Kert\u00e9sz 84 Kft.\"},\"image\":{\"@id\":\"https:\\\/\\\/tajkertesz.com\\\/#\\\/schema\\\/logo\\\/image\\\/\"},\"sameAs\":[\"https:\\\/\\\/www.facebook.com\\\/Tajkertesz\\\/\"]}]}<\/script>\n<!-- \/ Yoast SEO plugin. -->","yoast_head_json":{"title":"Hylocereus undatus dragon fruit-S\u00e1rk\u00e1nygy\u00fcm\u00f6lcs, Pitaja - T\u00e1jkert\u00e9sz","description":"A Hylocereus undatus dragon fruit-S\u00e1rk\u00e1nygy\u00fcm\u00f6lcs, Pitaja, egy k\u00fcl\u00f6nleges gy\u00fcm\u00f6lcs egyedi megjelen\u00e9se, friss \u00edze \u00e9s potenci\u00e1lis eg\u00e9szs\u00e9g\u00fcgyi el\u0151nyei miatt.","robots":{"index":"index","follow":"follow","max-snippet":"max-snippet:-1","max-image-preview":"max-image-preview:large","max-video-preview":"max-video-preview:-1"},"canonical":"https:\/\/tajkertesz.com\/en_US\/product\/hylocereus-undatus-dragon-fruit-sarkanygyumolcs-pitaja\/","og_locale":"en_US","og_type":"article","og_title":"Hylocereus undatus dragon fruit-S\u00e1rk\u00e1nygy\u00fcm\u00f6lcs, Pitaja - T\u00e1jkert\u00e9sz","og_description":"A Hylocereus undatus dragon fruit-S\u00e1rk\u00e1nygy\u00fcm\u00f6lcs, Pitaja, egy k\u00fcl\u00f6nleges gy\u00fcm\u00f6lcs egyedi megjelen\u00e9se, friss \u00edze \u00e9s potenci\u00e1lis eg\u00e9szs\u00e9g\u00fcgyi el\u0151nyei miatt.","og_url":"https:\/\/tajkertesz.com\/en_US\/product\/hylocereus-undatus-dragon-fruit-sarkanygyumolcs-pitaja\/","og_site_name":"T\u00e1jkert\u00e9sz","article_publisher":"https:\/\/www.facebook.com\/Tajkertesz\/","article_modified_time":"2025-07-10T13:00:37+00:00","og_image":[{"width":1154,"height":2560,"url":"https:\/\/tajkertesz.com\/wp-content\/uploads\/2024\/04\/pitaya-scaled.jpg","type":"image\/jpeg"}],"twitter_card":"summary_large_image","twitter_misc":{"Est. reading time":"3 minutes"},"schema":{"@context":"https:\/\/schema.org","@graph":[{"@type":"WebPage","@id":"https:\/\/tajkertesz.com\/termek\/hylocereus-undatus-dragon-fruit-sarkanygyumolcs-pitaja\/","url":"https:\/\/tajkertesz.com\/termek\/hylocereus-undatus-dragon-fruit-sarkanygyumolcs-pitaja\/","name":"Hylocereus undatus dragon fruit-S\u00e1rk\u00e1nygy\u00fcm\u00f6lcs, Pitaja - T\u00e1jkert\u00e9sz","isPartOf":{"@id":"https:\/\/tajkertesz.com\/#website"},"primaryImageOfPage":{"@id":"https:\/\/tajkertesz.com\/termek\/hylocereus-undatus-dragon-fruit-sarkanygyumolcs-pitaja\/#primaryimage"},"image":{"@id":"https:\/\/tajkertesz.com\/termek\/hylocereus-undatus-dragon-fruit-sarkanygyumolcs-pitaja\/#primaryimage"},"thumbnailUrl":"https:\/\/tajkertesz.com\/wp-content\/uploads\/2024\/04\/pitaya-scaled.jpg","datePublished":"2024-04-04T09:41:09+00:00","dateModified":"2025-07-10T13:00:37+00:00","description":"A Hylocereus undatus dragon fruit-S\u00e1rk\u00e1nygy\u00fcm\u00f6lcs, Pitaja, egy k\u00fcl\u00f6nleges gy\u00fcm\u00f6lcs egyedi megjelen\u00e9se, friss \u00edze \u00e9s potenci\u00e1lis eg\u00e9szs\u00e9g\u00fcgyi el\u0151nyei miatt.","breadcrumb":{"@id":"https:\/\/tajkertesz.com\/termek\/hylocereus-undatus-dragon-fruit-sarkanygyumolcs-pitaja\/#breadcrumb"},"inLanguage":"en-US","potentialAction":[{"@type":"ReadAction","target":["https:\/\/tajkertesz.com\/termek\/hylocereus-undatus-dragon-fruit-sarkanygyumolcs-pitaja\/"]}]},{"@type":"ImageObject","inLanguage":"en-US","@id":"https:\/\/tajkertesz.com\/termek\/hylocereus-undatus-dragon-fruit-sarkanygyumolcs-pitaja\/#primaryimage","url":"https:\/\/tajkertesz.com\/wp-content\/uploads\/2024\/04\/pitaya-scaled.jpg","contentUrl":"https:\/\/tajkertesz.com\/wp-content\/uploads\/2024\/04\/pitaya-scaled.jpg","width":1154,"height":2560},{"@type":"BreadcrumbList","@id":"https:\/\/tajkertesz.com\/termek\/hylocereus-undatus-dragon-fruit-sarkanygyumolcs-pitaja\/#breadcrumb","itemListElement":[{"@type":"ListItem","position":1,"name":"Home","item":"https:\/\/tajkertesz.com\/"},{"@type":"ListItem","position":2,"name":"Kezd\u0151lap","item":"https:\/\/tajkertesz.com\/"},{"@type":"ListItem","position":3,"name":"Hylocereus undatus dragon fruit-S\u00e1rk\u00e1nygy\u00fcm\u00f6lcs, Pitaja"}]},{"@type":"WebSite","@id":"https:\/\/tajkertesz.com\/#website","url":"https:\/\/tajkertesz.com\/","name":"T\u00e1j-Kert\u00e9sz 84 Kft.","description":"Kert\u00e9szeti kis- \u00e9s nagykeresked\u00e9s, D\u00edszn\u00f6v\u00e9ny web\u00e1ruh\u00e1z orsz\u00e1gos h\u00e1zhozsz\u00e1ll\u00edt\u00e1ssal!","publisher":{"@id":"https:\/\/tajkertesz.com\/#organization"},"potentialAction":[{"@type":"SearchAction","target":{"@type":"EntryPoint","urlTemplate":"https:\/\/tajkertesz.com\/?s={search_term_string}"},"query-input":{"@type":"PropertyValueSpecification","valueRequired":true,"valueName":"search_term_string"}}],"inLanguage":"en-US"},{"@type":"Organization","@id":"https:\/\/tajkertesz.com\/#organization","name":"T\u00e1j-Kert\u00e9sz 84 Kft.","url":"https:\/\/tajkertesz.com\/","logo":{"@type":"ImageObject","inLanguage":"en-US","@id":"https:\/\/tajkertesz.com\/#\/schema\/logo\/image\/","url":"https:\/\/tajkertesz.com\/wp-content\/uploads\/2018\/02\/logo-2-e1518678052539.png","contentUrl":"https:\/\/tajkertesz.com\/wp-content\/uploads\/2018\/02\/logo-2-e1518678052539.png","width":81,"height":140,"caption":"T\u00e1j-Kert\u00e9sz 84 Kft."},"image":{"@id":"https:\/\/tajkertesz.com\/#\/schema\/logo\/image\/"},"sameAs":["https:\/\/www.facebook.com\/Tajkertesz\/"]}]}},"_links":{"self":[{"href":"https:\/\/tajkertesz.com\/en_US\/wp-json\/wp\/v2\/product\/19941","targetHints":{"allow":["GET"]}}],"collection":[{"href":"https:\/\/tajkertesz.com\/en_US\/wp-json\/wp\/v2\/product"}],"about":[{"href":"https:\/\/tajkertesz.com\/en_US\/wp-json\/wp\/v2\/types\/product"}],"wp:featuredmedia":[{"embeddable":true,"href":"https:\/\/tajkertesz.com\/en_US\/wp-json\/wp\/v2\/media\/19956"}],"wp:attachment":[{"href":"https:\/\/tajkertesz.com\/en_US\/wp-json\/wp\/v2\/media?parent=19941"}],"wp:term":[{"taxonomy":"product_brand","embeddable":true,"href":"https:\/\/tajkertesz.com\/en_US\/wp-json\/wp\/v2\/product_brand?post=19941"},{"taxonomy":"product_cat","embeddable":true,"href":"https:\/\/tajkertesz.com\/en_US\/wp-json\/wp\/v2\/product_cat?post=19941"},{"taxonomy":"product_tag","embeddable":true,"href":"https:\/\/tajkertesz.com\/en_US\/wp-json\/wp\/v2\/product_tag?post=19941"}],"curies":[{"name":"wp","href":"https:\/\/api.w.org\/{rel}","templated":true}]}}