{"id":19942,"date":"2024-04-03T14:55:40","date_gmt":"2024-04-03T14:55:40","guid":{"rendered":"https:\/\/tajkertesz.com\/?post_type=product&#038;p=19942"},"modified":"2026-02-12T15:23:02","modified_gmt":"2026-02-12T15:23:02","slug":"citrus-mitis-calamondino-kalamondin","status":"publish","type":"product","link":"https:\/\/tajkertesz.com\/en_US\/product\/citrus-mitis-calamondino-kalamondin\/","title":{"rendered":"Citrus mitis &#8216;Calamondino&#8217; Kalamondin"},"content":{"rendered":"<h2>Citrus mitis &#8216;Calamondino&#8217; Kalamondin<\/h2>\n<p>Citrus mitis &#8216;Calamondino&#8217; Kalamondin<\/p>\n<p>A kalamondin bokor vagy kisebb\u00a0fa, amely 3\u20136 m\u00e9ter magasra n\u0151het. Feh\u00e9r vagy lil\u00e1s nagyon illatos vir\u00e1gok jellemz\u0151ek r\u00e1. Gy\u00fcm\u00f6lcse kis, kerek limera hasonl\u00edt, \u00e1tm\u00e9r\u0151je \u00e1ltal\u00e1ban 2-4cm, de n\u00e9ha. A gy\u00fcm\u00f6lcs v\u00e9kony, k\u00f6nnyen h\u00e1mozhat\u00f3 h\u00e9ja b\u0151rszer\u0171 vagy szivacsos, h\u00fasa puha, szaftos gerezdekre osztott. Sz\u00f3r \u00e1ll\u00e1s\u00fa, arom\u00e1s illat\u00fa, b\u0151rnem\u0171 \u00f6r\u00f6kz\u00f6ld levelei s\u00f6t\u00e9tz\u00f6ldek, f\u00e9nyesek.<\/p>\n<p>Fagy\u00e9rz\u00e9kenys\u00e9ge folyt\u00e1n a tr\u00f3pusi \u00e9s szubtr\u00f3pusi ter\u00fcleteken honos.<\/p>\n<p>\u00c9szak-Amerik\u00e1ban els\u0151sorban\u00a0d\u00edszn\u00f6v\u00e9nyk\u00e9nt \u00fcltetik a kertekbe, cserepekbe; a gy\u00fcm\u00f6lcs\u00f6k \u00e9r\u00e9sekor k\u00fcl\u00f6n\u00f6sen l\u00e1tv\u00e1nyos.<\/p>\n<h2>Kalamondin gondoz\u00e1sa:<\/h2>\n<p>Legal\u00e1bb 4 \u00f3ra k\u00f6zvetlen napf\u00e9nyt ig\u00e9nyel. Forgat\u00e1ssal megakad\u00e1lyozhat\u00f3, hogy a f\u00e9ny ir\u00e1ny\u00e1ba elhajoljon a n\u00f6v\u00e9ny. K\u00e9t \u00f6nt\u00f6z\u00e9s k\u00f6z\u00f6tt hagyja a talaj\u00e1t kisz\u00e1radni. Meleg nyarakon finom permetezze a Kaklamondin lombozat\u00e1t<\/p>\n<h2>Kalamondin gy\u00fcm\u00f6lcse:<\/h2>\n<p>N\u00e1lunk egy\u00e9rtelm\u0171en d\u00edszn\u00f6v\u00e9ny, de C-vitaminban gazdag gy\u00fcm\u00f6lcse fogyaszthat\u00f3, m\u00e9ghozz\u00e1 a kumkvathoz hasonl\u00f3an h\u00e9jast\u00f3l. Gy\u00fcm\u00f6lcs\u00e9b\u0151l lekv\u00e1r is k\u00e9sz\u00fclhet. A gy\u00fcm\u00f6lcs forr\u00e1zat\u00e1t a mal\u00e1jok gy\u00fcm\u00f6lcsteak\u00e9nt fogyasztj\u00e1k. Z\u00f6ld te\u00e1val fogyasztva megh\u0171l\u00e9ses t\u00fcnetek kezel\u00e9s\u00e9re haszn\u00e1lhat\u00f3. Sz\u00e1r\u00edtott h\u00e9j\u00e1t cukorral \u00e9s s\u00f3val is fogyasztj\u00e1k chipsk\u00e9nt. Ill\u00f3olaj\u00e1val a citromolajat helyettes\u00edtik.<\/p>\n<p>&nbsp;<\/p>\n<p>El\u00e9rhet\u0151 t\u00f6bbf\u00e9le m\u00e9retben \u00e9s \u00e1rban.<\/p>\n<p><strong>K\u00e9szlet\u00fcnk napi szinten v\u00e1ltozik, ez\u00e9rt k\u00e9rj\u00fck, \u00e9rdekl\u0151dj\u00f6n szem\u00e9lyesen, telefonon vagy email-en.<br \/>\nA v\u00e1ltoztat\u00e1s jog\u00e1t fenntartjuk!\u00a0<\/strong><\/p>\n<p><a href=\"https:\/\/tajkertesz.com\/\">https:\/\/tajkertesz.com\/<\/a><\/p>\n<p><a href=\"https:\/\/www.facebook.com\/tajkertesz\/\">https:\/\/www.facebook.com\/tajkertesz\/<\/a><\/p>\n<p>Kisz\u00e1ll\u00edt\u00e1s: 200cm-ig \u00a0\u00e9s 40 kg-ig a sz\u00e1ll\u00edt\u00e1s fut\u00e1rszolg\u00e1lattal \u00a0t\u00f6rt\u00e9nik.<\/p>\n<p>Szem\u00e9lyes \u00e1tv\u00e9tel nyitvatart\u00e1si id\u0151ben a 17. ker\u00fclet Bakancsos utca 7. sz\u00e1m alatti Kert\u00e9szeti \u00e1rud\u00e1nkban.<\/p>","protected":false},"excerpt":{"rendered":"<p>N\u00f6v\u00e9ny teljes magass\u00e1ga kb. 25\/30cm<\/p>\n<p>A kalamondin bokor vagy kisebb\u00a0fa, amely 3\u20136 m\u00e9ter magasra n\u0151het. Feh\u00e9r vagy lil\u00e1s nagyon illatos vir\u00e1gok jellemz\u0151ek r\u00e1.<\/p>","protected":false},"featured_media":19944,"template":"","meta":{"_et_pb_use_builder":"","_et_pb_old_content":"","_et_gb_content_width":""},"product_brand":[],"product_cat":[4326],"product_tag":[5067,1442,5065,5068,5066,4866,1463,4867],"class_list":{"0":"post-19942","1":"product","2":"type-product","3":"status-publish","4":"has-post-thumbnail","6":"product_cat-citrusok","7":"product_tag-citrom","8":"product_tag-citrus","9":"product_tag-citrus-mitis-calamondino-kalamondin","10":"product_tag-gyumolcstermo","11":"product_tag-kalamondin","12":"product_tag-mandarin","13":"product_tag-mediterran","14":"product_tag-narancs","16":"first","17":"instock","18":"shipping-taxable","19":"product-type-simple"},"yoast_head":"<!-- This site is optimized with the Yoast SEO plugin v27.5 - https:\/\/yoast.com\/product\/yoast-seo-wordpress\/ -->\n<title>Citrus mitis &#039;Calamondino&#039; Kalamondin - T\u00e1jkert\u00e9sz<\/title>\n<meta name=\"description\" content=\"Citrus mitis &#039;Calamondino&#039; Kalamondin. A kalamondin bokor vagy kisebb\u00a0fa, amely 3\u20136 m\u00e9ter magasra n\u0151het. Feh\u00e9r vagy lil\u00e1s nagyon illatos vir\u00e1gok jellemz\u0151ek\" \/>\n<meta name=\"robots\" content=\"index, follow, max-snippet:-1, max-image-preview:large, max-video-preview:-1\" \/>\n<link rel=\"canonical\" href=\"https:\/\/tajkertesz.com\/en_US\/product\/citrus-mitis-calamondino-kalamondin\/\" \/>\n<meta property=\"og:locale\" content=\"en_US\" \/>\n<meta property=\"og:type\" content=\"article\" \/>\n<meta property=\"og:title\" content=\"Citrus mitis &#039;Calamondino&#039; Kalamondin - T\u00e1jkert\u00e9sz\" \/>\n<meta property=\"og:description\" content=\"Citrus mitis &#039;Calamondino&#039; Kalamondin. A kalamondin bokor vagy kisebb\u00a0fa, amely 3\u20136 m\u00e9ter magasra n\u0151het. Feh\u00e9r vagy lil\u00e1s nagyon illatos vir\u00e1gok jellemz\u0151ek\" \/>\n<meta property=\"og:url\" content=\"https:\/\/tajkertesz.com\/en_US\/product\/citrus-mitis-calamondino-kalamondin\/\" \/>\n<meta property=\"og:site_name\" content=\"T\u00e1jkert\u00e9sz\" \/>\n<meta property=\"article:publisher\" content=\"https:\/\/www.facebook.com\/Tajkertesz\/\" \/>\n<meta property=\"article:modified_time\" content=\"2026-02-12T15:23:02+00:00\" \/>\n<meta property=\"og:image\" content=\"https:\/\/tajkertesz.com\/wp-content\/uploads\/2024\/04\/20240403_163036-1-scaled.jpg\" \/>\n\t<meta property=\"og:image:width\" content=\"1154\" \/>\n\t<meta property=\"og:image:height\" content=\"2560\" \/>\n\t<meta property=\"og:image:type\" content=\"image\/jpeg\" \/>\n<meta name=\"twitter:card\" content=\"summary_large_image\" \/>\n<meta name=\"twitter:label1\" content=\"Est. reading time\" \/>\n\t<meta name=\"twitter:data1\" content=\"2 minutes\" \/>\n<script type=\"application\/ld+json\" class=\"yoast-schema-graph\">{\"@context\":\"https:\\\/\\\/schema.org\",\"@graph\":[{\"@type\":\"WebPage\",\"@id\":\"https:\\\/\\\/tajkertesz.com\\\/termek\\\/citrus-mitis-calamondino-kalamondin\\\/\",\"url\":\"https:\\\/\\\/tajkertesz.com\\\/termek\\\/citrus-mitis-calamondino-kalamondin\\\/\",\"name\":\"Citrus mitis 'Calamondino' Kalamondin - T\u00e1jkert\u00e9sz\",\"isPartOf\":{\"@id\":\"https:\\\/\\\/tajkertesz.com\\\/#website\"},\"primaryImageOfPage\":{\"@id\":\"https:\\\/\\\/tajkertesz.com\\\/termek\\\/citrus-mitis-calamondino-kalamondin\\\/#primaryimage\"},\"image\":{\"@id\":\"https:\\\/\\\/tajkertesz.com\\\/termek\\\/citrus-mitis-calamondino-kalamondin\\\/#primaryimage\"},\"thumbnailUrl\":\"https:\\\/\\\/tajkertesz.com\\\/wp-content\\\/uploads\\\/2024\\\/04\\\/20240403_163036-1-scaled.jpg\",\"datePublished\":\"2024-04-03T14:55:40+00:00\",\"dateModified\":\"2026-02-12T15:23:02+00:00\",\"description\":\"Citrus mitis 'Calamondino' Kalamondin. A kalamondin bokor vagy kisebb\u00a0fa, amely 3\u20136 m\u00e9ter magasra n\u0151het. Feh\u00e9r vagy lil\u00e1s nagyon illatos vir\u00e1gok jellemz\u0151ek\",\"breadcrumb\":{\"@id\":\"https:\\\/\\\/tajkertesz.com\\\/termek\\\/citrus-mitis-calamondino-kalamondin\\\/#breadcrumb\"},\"inLanguage\":\"en-US\",\"potentialAction\":[{\"@type\":\"ReadAction\",\"target\":[\"https:\\\/\\\/tajkertesz.com\\\/termek\\\/citrus-mitis-calamondino-kalamondin\\\/\"]}]},{\"@type\":\"ImageObject\",\"inLanguage\":\"en-US\",\"@id\":\"https:\\\/\\\/tajkertesz.com\\\/termek\\\/citrus-mitis-calamondino-kalamondin\\\/#primaryimage\",\"url\":\"https:\\\/\\\/tajkertesz.com\\\/wp-content\\\/uploads\\\/2024\\\/04\\\/20240403_163036-1-scaled.jpg\",\"contentUrl\":\"https:\\\/\\\/tajkertesz.com\\\/wp-content\\\/uploads\\\/2024\\\/04\\\/20240403_163036-1-scaled.jpg\",\"width\":1154,\"height\":2560},{\"@type\":\"BreadcrumbList\",\"@id\":\"https:\\\/\\\/tajkertesz.com\\\/termek\\\/citrus-mitis-calamondino-kalamondin\\\/#breadcrumb\",\"itemListElement\":[{\"@type\":\"ListItem\",\"position\":1,\"name\":\"Home\",\"item\":\"https:\\\/\\\/tajkertesz.com\\\/\"},{\"@type\":\"ListItem\",\"position\":2,\"name\":\"Kezd\u0151lap\",\"item\":\"https:\\\/\\\/tajkertesz.com\\\/\"},{\"@type\":\"ListItem\",\"position\":3,\"name\":\"Citrus mitis &#8216;Calamondino&#8217; Kalamondin\"}]},{\"@type\":\"WebSite\",\"@id\":\"https:\\\/\\\/tajkertesz.com\\\/#website\",\"url\":\"https:\\\/\\\/tajkertesz.com\\\/\",\"name\":\"T\u00e1j-Kert\u00e9sz 84 Kft.\",\"description\":\"Kert\u00e9szeti kis- \u00e9s nagykeresked\u00e9s, D\u00edszn\u00f6v\u00e9ny web\u00e1ruh\u00e1z orsz\u00e1gos h\u00e1zhozsz\u00e1ll\u00edt\u00e1ssal!\",\"publisher\":{\"@id\":\"https:\\\/\\\/tajkertesz.com\\\/#organization\"},\"potentialAction\":[{\"@type\":\"SearchAction\",\"target\":{\"@type\":\"EntryPoint\",\"urlTemplate\":\"https:\\\/\\\/tajkertesz.com\\\/?s={search_term_string}\"},\"query-input\":{\"@type\":\"PropertyValueSpecification\",\"valueRequired\":true,\"valueName\":\"search_term_string\"}}],\"inLanguage\":\"en-US\"},{\"@type\":\"Organization\",\"@id\":\"https:\\\/\\\/tajkertesz.com\\\/#organization\",\"name\":\"T\u00e1j-Kert\u00e9sz 84 Kft.\",\"url\":\"https:\\\/\\\/tajkertesz.com\\\/\",\"logo\":{\"@type\":\"ImageObject\",\"inLanguage\":\"en-US\",\"@id\":\"https:\\\/\\\/tajkertesz.com\\\/#\\\/schema\\\/logo\\\/image\\\/\",\"url\":\"https:\\\/\\\/tajkertesz.com\\\/wp-content\\\/uploads\\\/2018\\\/02\\\/logo-2-e1518678052539.png\",\"contentUrl\":\"https:\\\/\\\/tajkertesz.com\\\/wp-content\\\/uploads\\\/2018\\\/02\\\/logo-2-e1518678052539.png\",\"width\":81,\"height\":140,\"caption\":\"T\u00e1j-Kert\u00e9sz 84 Kft.\"},\"image\":{\"@id\":\"https:\\\/\\\/tajkertesz.com\\\/#\\\/schema\\\/logo\\\/image\\\/\"},\"sameAs\":[\"https:\\\/\\\/www.facebook.com\\\/Tajkertesz\\\/\"]}]}<\/script>\n<!-- \/ Yoast SEO plugin. -->","yoast_head_json":{"title":"Citrus mitis 'Calamondino' Kalamondin - T\u00e1jkert\u00e9sz","description":"Citrus mitis 'Calamondino' Kalamondin. A kalamondin bokor vagy kisebb\u00a0fa, amely 3\u20136 m\u00e9ter magasra n\u0151het. Feh\u00e9r vagy lil\u00e1s nagyon illatos vir\u00e1gok jellemz\u0151ek","robots":{"index":"index","follow":"follow","max-snippet":"max-snippet:-1","max-image-preview":"max-image-preview:large","max-video-preview":"max-video-preview:-1"},"canonical":"https:\/\/tajkertesz.com\/en_US\/product\/citrus-mitis-calamondino-kalamondin\/","og_locale":"en_US","og_type":"article","og_title":"Citrus mitis 'Calamondino' Kalamondin - T\u00e1jkert\u00e9sz","og_description":"Citrus mitis 'Calamondino' Kalamondin. A kalamondin bokor vagy kisebb\u00a0fa, amely 3\u20136 m\u00e9ter magasra n\u0151het. Feh\u00e9r vagy lil\u00e1s nagyon illatos vir\u00e1gok jellemz\u0151ek","og_url":"https:\/\/tajkertesz.com\/en_US\/product\/citrus-mitis-calamondino-kalamondin\/","og_site_name":"T\u00e1jkert\u00e9sz","article_publisher":"https:\/\/www.facebook.com\/Tajkertesz\/","article_modified_time":"2026-02-12T15:23:02+00:00","og_image":[{"width":1154,"height":2560,"url":"https:\/\/tajkertesz.com\/wp-content\/uploads\/2024\/04\/20240403_163036-1-scaled.jpg","type":"image\/jpeg"}],"twitter_card":"summary_large_image","twitter_misc":{"Est. reading time":"2 minutes"},"schema":{"@context":"https:\/\/schema.org","@graph":[{"@type":"WebPage","@id":"https:\/\/tajkertesz.com\/termek\/citrus-mitis-calamondino-kalamondin\/","url":"https:\/\/tajkertesz.com\/termek\/citrus-mitis-calamondino-kalamondin\/","name":"Citrus mitis 'Calamondino' Kalamondin - T\u00e1jkert\u00e9sz","isPartOf":{"@id":"https:\/\/tajkertesz.com\/#website"},"primaryImageOfPage":{"@id":"https:\/\/tajkertesz.com\/termek\/citrus-mitis-calamondino-kalamondin\/#primaryimage"},"image":{"@id":"https:\/\/tajkertesz.com\/termek\/citrus-mitis-calamondino-kalamondin\/#primaryimage"},"thumbnailUrl":"https:\/\/tajkertesz.com\/wp-content\/uploads\/2024\/04\/20240403_163036-1-scaled.jpg","datePublished":"2024-04-03T14:55:40+00:00","dateModified":"2026-02-12T15:23:02+00:00","description":"Citrus mitis 'Calamondino' Kalamondin. A kalamondin bokor vagy kisebb\u00a0fa, amely 3\u20136 m\u00e9ter magasra n\u0151het. Feh\u00e9r vagy lil\u00e1s nagyon illatos vir\u00e1gok jellemz\u0151ek","breadcrumb":{"@id":"https:\/\/tajkertesz.com\/termek\/citrus-mitis-calamondino-kalamondin\/#breadcrumb"},"inLanguage":"en-US","potentialAction":[{"@type":"ReadAction","target":["https:\/\/tajkertesz.com\/termek\/citrus-mitis-calamondino-kalamondin\/"]}]},{"@type":"ImageObject","inLanguage":"en-US","@id":"https:\/\/tajkertesz.com\/termek\/citrus-mitis-calamondino-kalamondin\/#primaryimage","url":"https:\/\/tajkertesz.com\/wp-content\/uploads\/2024\/04\/20240403_163036-1-scaled.jpg","contentUrl":"https:\/\/tajkertesz.com\/wp-content\/uploads\/2024\/04\/20240403_163036-1-scaled.jpg","width":1154,"height":2560},{"@type":"BreadcrumbList","@id":"https:\/\/tajkertesz.com\/termek\/citrus-mitis-calamondino-kalamondin\/#breadcrumb","itemListElement":[{"@type":"ListItem","position":1,"name":"Home","item":"https:\/\/tajkertesz.com\/"},{"@type":"ListItem","position":2,"name":"Kezd\u0151lap","item":"https:\/\/tajkertesz.com\/"},{"@type":"ListItem","position":3,"name":"Citrus mitis &#8216;Calamondino&#8217; Kalamondin"}]},{"@type":"WebSite","@id":"https:\/\/tajkertesz.com\/#website","url":"https:\/\/tajkertesz.com\/","name":"T\u00e1j-Kert\u00e9sz 84 Kft.","description":"Kert\u00e9szeti kis- \u00e9s nagykeresked\u00e9s, D\u00edszn\u00f6v\u00e9ny web\u00e1ruh\u00e1z orsz\u00e1gos h\u00e1zhozsz\u00e1ll\u00edt\u00e1ssal!","publisher":{"@id":"https:\/\/tajkertesz.com\/#organization"},"potentialAction":[{"@type":"SearchAction","target":{"@type":"EntryPoint","urlTemplate":"https:\/\/tajkertesz.com\/?s={search_term_string}"},"query-input":{"@type":"PropertyValueSpecification","valueRequired":true,"valueName":"search_term_string"}}],"inLanguage":"en-US"},{"@type":"Organization","@id":"https:\/\/tajkertesz.com\/#organization","name":"T\u00e1j-Kert\u00e9sz 84 Kft.","url":"https:\/\/tajkertesz.com\/","logo":{"@type":"ImageObject","inLanguage":"en-US","@id":"https:\/\/tajkertesz.com\/#\/schema\/logo\/image\/","url":"https:\/\/tajkertesz.com\/wp-content\/uploads\/2018\/02\/logo-2-e1518678052539.png","contentUrl":"https:\/\/tajkertesz.com\/wp-content\/uploads\/2018\/02\/logo-2-e1518678052539.png","width":81,"height":140,"caption":"T\u00e1j-Kert\u00e9sz 84 Kft."},"image":{"@id":"https:\/\/tajkertesz.com\/#\/schema\/logo\/image\/"},"sameAs":["https:\/\/www.facebook.com\/Tajkertesz\/"]}]}},"_links":{"self":[{"href":"https:\/\/tajkertesz.com\/en_US\/wp-json\/wp\/v2\/product\/19942","targetHints":{"allow":["GET"]}}],"collection":[{"href":"https:\/\/tajkertesz.com\/en_US\/wp-json\/wp\/v2\/product"}],"about":[{"href":"https:\/\/tajkertesz.com\/en_US\/wp-json\/wp\/v2\/types\/product"}],"wp:featuredmedia":[{"embeddable":true,"href":"https:\/\/tajkertesz.com\/en_US\/wp-json\/wp\/v2\/media\/19944"}],"wp:attachment":[{"href":"https:\/\/tajkertesz.com\/en_US\/wp-json\/wp\/v2\/media?parent=19942"}],"wp:term":[{"taxonomy":"product_brand","embeddable":true,"href":"https:\/\/tajkertesz.com\/en_US\/wp-json\/wp\/v2\/product_brand?post=19942"},{"taxonomy":"product_cat","embeddable":true,"href":"https:\/\/tajkertesz.com\/en_US\/wp-json\/wp\/v2\/product_cat?post=19942"},{"taxonomy":"product_tag","embeddable":true,"href":"https:\/\/tajkertesz.com\/en_US\/wp-json\/wp\/v2\/product_tag?post=19942"}],"curies":[{"name":"wp","href":"https:\/\/api.w.org\/{rel}","templated":true}]}}