{"id":19946,"date":"2024-04-03T15:23:34","date_gmt":"2024-04-03T15:23:34","guid":{"rendered":"https:\/\/tajkertesz.com\/?post_type=product&#038;p=19946"},"modified":"2024-08-01T06:36:52","modified_gmt":"2024-08-01T06:36:52","slug":"telallo-banan-musa-basjoo","status":"publish","type":"product","link":"https:\/\/tajkertesz.com\/en_US\/product\/telallo-banan-musa-basjoo\/","title":{"rendered":"T\u00e9l\u00e1ll\u00f3 ban\u00e1n\/Musa basjoo"},"content":{"rendered":"<h2>T\u00e9l\u00e1ll\u00f3 ban\u00e1n\/Musa basjoo<\/h2>\n<p>T\u00e9l\u00e1ll\u00f3 ban\u00e1n\/Musa basjoo<\/p>\n<p>Eg\u00e9sz \u00e9vben \u00fcltethet\u0151 kont\u00e9neres n\u00f6v\u00e9ny.<\/p>\n<p>N\u00f6v\u00e9ny magass\u00e1ga kb.40cm<\/p>\n<p>A t\u00e9lt\u0171r\u0151 ban\u00e1n ak\u00e1r az \u00d6n kertj\u00e9ben nevelhet\u0151!<\/p>\n<p>Egy tr\u00f3pusi n\u00f6v\u00e9ny, amelyet a term\u00e9s\u00e9\u00e9rt termesztenek ,de haz\u00e1nkban az \u00e9ghajlatunkon csak a k\u00fcl\u00f6nleges ak\u00e1r k\u00e9t m\u00e9teres leveli miatt tartjuk. Sajnos n\u00e1lunk a ban\u00e1n vir\u00e1got, \u00e9s term\u00e9st csak ritk\u00e1n hoz.<\/p>\n<p>M\u00e1ra m\u00e1r igen elterjedt, sok hazai kertben tal\u00e1lkozhatunk hatalmasra fejl\u0151d\u00f6tt egyedeivel.<\/p>\n<div class=\"field field-type-text field-field-talajtpus\">\n<div class=\"field-label\">Talajt\u00edpus: k\u00f6z\u00f6mb\u00f6s<\/div>\n<\/div>\n<div class=\"field field-type-text field-field-tlllsg\">\n<div class=\"field-label\">T\u00e9l\u00e1ll\u00f3s\u00e1g: -20\u00b0C<\/div>\n<\/div>\n<div class=\"field field-type-text field-field-tpanyagigny\">\n<div class=\"field-label\">T\u00e1panyagig\u00e9ny: nagy<\/div>\n<\/div>\n<div class=\"field field-type-text field-field-vzigny\">\n<div class=\"field-label\">V\u00edzig\u00e9ny: nagy<\/div>\n<\/div>\n<div class=\"field field-type-text field-field-fnyigny\">\n<div class=\"field-label\">F\u00e9nyig\u00e9ny: napos\/f\u00e9l\u00e1rny\u00e9kos<\/div>\n<\/div>\n<p>Megfelel\u0151 takar\u00e1ssal -20 \u00b0C-ig t\u00e9l\u00e1ll\u00f3! Szabadban is teleltethet\u0151 ,cser\u00e9pben, d\u00e9zs\u00e1ban is tarthat\u00f3 mediterr\u00e1n n\u00f6v\u00e9ny.<\/p>\n<p>A gy\u00f6kere &#8211; a talajt lombbal, vagy szalm\u00e1val takarva &#8211; \u00e1ttelel (- 20 \u00b0C-ig) \u00e9s a n\u00f6v\u00e9ny tavasszal ism\u00e9t kihajt.<\/p>\n<p>T\u00e1panyagban gazdag talajon a 4-5 m\u00e9teres magass\u00e1got is el\u00e9ri. P\u00e1r \u00e9ves kor\u00e1t\u00f3l m\u00e1r l\u00e1tv\u00e1nyos vir\u00e1got hoz.<\/p>\n<p>Egyszer tavasszal el\u00e9g tr\u00e1gy\u00e1zni term\u00e9szetes tr\u00e1gy\u00e1val.<\/p>\n<p>T\u00e9lire a n\u00f6v\u00e9ny t\u00f6v\u00e9t, sz\u00e1r\u00e1t kukoricasz\u00e1rk\u00fappal vagy szalm\u00e1val, f\u00f3li\u00e1val, n\u00e1dsz\u00f6vettel takarjuk be. Tavasszal fagyok elm\u00falt\u00e1val a hajt\u00e1sokat v\u00e1gjuk vissza kb. 1 m magasan. Ahogy bek\u00f6sz\u00f6ntenek a melegebb napok, \u00fajra kihajt a ban\u00e1nf\u00e1nk.<\/p>\n<p>Ak\u00e1r a 4 m-es magass\u00e1got is el\u00e9rheti. Nagy d\u00e9zs\u00e1ban is tarthat\u00f3. Er\u0151s, cserepes n\u00f6v\u00e9nyeket sz\u00e1ll\u00edtunk.<\/p>\n<p>El\u00e9rhet\u0151 t\u00f6bbf\u00e9le m\u00e9retben \u00e9s \u00e1rban.<\/p>\n<p><strong>K\u00e9szlet\u00fcnk napi szinten v\u00e1ltozik, ez\u00e9rt k\u00e9rj\u00fck, \u00e9rdekl\u0151dj\u00f6n szem\u00e9lyesen, telefonon vagy email-en.<br \/>\nA v\u00e1ltoztat\u00e1s jog\u00e1t fenntartjuk!\u00a0<\/strong><\/p>\n<p><a href=\"https:\/\/tajkertesz.com\/\">https:\/\/tajkertesz.com\/<\/a><\/p>\n<p><a href=\"https:\/\/www.facebook.com\/tajkertesz\/\">https:\/\/www.facebook.com\/tajkertesz\/<\/a><\/p>\n<p>Kisz\u00e1ll\u00edt\u00e1s: 200cm-ig \u00a0\u00e9s 40 kg-ig a sz\u00e1ll\u00edt\u00e1s fut\u00e1rszolg\u00e1lattal \u00a0t\u00f6rt\u00e9nik.<\/p>\n<p>Szem\u00e9lyes \u00e1tv\u00e9tel nyitvatart\u00e1si id\u0151ben a 17. ker\u00fclet Bakancsos utca 7. sz\u00e1m alatti Kert\u00e9szeti \u00e1rud\u00e1nkban.<\/p>","protected":false},"excerpt":{"rendered":"<h2>T\u00e9l\u00e1ll\u00f3 ban\u00e1n\/Musa basjoo<\/h2>\n<p>N\u00f6v\u00e9ny magass\u00e1ga kb.40cm<\/p>\n<p>Megfelel\u0151 takar\u00e1ssal -20 \u00b0C-ig t\u00e9l\u00e1ll\u00f3! Szabadban is teleltethet\u0151 ,cser\u00e9pben, d\u00e9zs\u00e1ban is tarthat\u00f3 mediterr\u00e1n n\u00f6v\u00e9ny.<\/p>","protected":false},"featured_media":19948,"template":"","meta":{"_et_pb_use_builder":"","_et_pb_old_content":"","_et_gb_content_width":""},"product_brand":[],"product_cat":[517],"product_tag":[5076,5079,1463,5078,5077,5075],"class_list":{"0":"post-19946","1":"product","2":"type-product","3":"status-publish","4":"has-post-thumbnail","6":"product_cat-palmak-citrusok-es-mediterran-novenyek","7":"product_tag-banan","8":"product_tag-bananfa","9":"product_tag-mediterran","10":"product_tag-musa","11":"product_tag-telallo-banan","12":"product_tag-telallo-banan-musa-basjoo","14":"first","15":"outofstock","16":"shipping-taxable","17":"product-type-simple"},"yoast_head":"<!-- This site is optimized with the Yoast SEO plugin v27.5 - https:\/\/yoast.com\/product\/yoast-seo-wordpress\/ -->\n<title>T\u00e9l\u00e1ll\u00f3 ban\u00e1n\/Musa basjoo - T\u00e1jkert\u00e9sz<\/title>\n<meta name=\"description\" content=\"T\u00e9l\u00e1ll\u00f3 ban\u00e1n\/Musa basjoo. N\u00f6v\u00e9ny magass\u00e1ga kb.40cm. Megfelel\u0151 takar\u00e1ssal -20 \u00b0C-ig t\u00e9l\u00e1ll\u00f3! Szabadban is teleltethet\u0151 ,cser\u00e9pben, d\u00e9zs\u00e1ban is tarthat\u00f3\" \/>\n<meta name=\"robots\" content=\"index, follow, max-snippet:-1, max-image-preview:large, max-video-preview:-1\" \/>\n<link rel=\"canonical\" href=\"https:\/\/tajkertesz.com\/en_US\/product\/telallo-banan-musa-basjoo\/\" \/>\n<meta property=\"og:locale\" content=\"en_US\" \/>\n<meta property=\"og:type\" content=\"article\" \/>\n<meta property=\"og:title\" content=\"T\u00e9l\u00e1ll\u00f3 ban\u00e1n\/Musa basjoo - T\u00e1jkert\u00e9sz\" \/>\n<meta property=\"og:description\" content=\"T\u00e9l\u00e1ll\u00f3 ban\u00e1n\/Musa basjoo. N\u00f6v\u00e9ny magass\u00e1ga kb.40cm. Megfelel\u0151 takar\u00e1ssal -20 \u00b0C-ig t\u00e9l\u00e1ll\u00f3! Szabadban is teleltethet\u0151 ,cser\u00e9pben, d\u00e9zs\u00e1ban is tarthat\u00f3\" \/>\n<meta property=\"og:url\" content=\"https:\/\/tajkertesz.com\/en_US\/product\/telallo-banan-musa-basjoo\/\" \/>\n<meta property=\"og:site_name\" content=\"T\u00e1jkert\u00e9sz\" \/>\n<meta property=\"article:publisher\" content=\"https:\/\/www.facebook.com\/Tajkertesz\/\" \/>\n<meta property=\"article:modified_time\" content=\"2024-08-01T06:36:52+00:00\" \/>\n<meta property=\"og:image\" content=\"https:\/\/tajkertesz.com\/wp-content\/uploads\/2024\/04\/20240403_163026-1-scaled.jpg\" \/>\n\t<meta property=\"og:image:width\" content=\"1154\" \/>\n\t<meta property=\"og:image:height\" content=\"2560\" \/>\n\t<meta property=\"og:image:type\" content=\"image\/jpeg\" \/>\n<meta name=\"twitter:card\" content=\"summary_large_image\" \/>\n<meta name=\"twitter:label1\" content=\"Est. reading time\" \/>\n\t<meta name=\"twitter:data1\" content=\"2 minutes\" \/>\n<script type=\"application\/ld+json\" class=\"yoast-schema-graph\">{\"@context\":\"https:\\\/\\\/schema.org\",\"@graph\":[{\"@type\":\"WebPage\",\"@id\":\"https:\\\/\\\/tajkertesz.com\\\/termek\\\/telallo-banan-musa-basjoo\\\/\",\"url\":\"https:\\\/\\\/tajkertesz.com\\\/termek\\\/telallo-banan-musa-basjoo\\\/\",\"name\":\"T\u00e9l\u00e1ll\u00f3 ban\u00e1n\\\/Musa basjoo - T\u00e1jkert\u00e9sz\",\"isPartOf\":{\"@id\":\"https:\\\/\\\/tajkertesz.com\\\/#website\"},\"primaryImageOfPage\":{\"@id\":\"https:\\\/\\\/tajkertesz.com\\\/termek\\\/telallo-banan-musa-basjoo\\\/#primaryimage\"},\"image\":{\"@id\":\"https:\\\/\\\/tajkertesz.com\\\/termek\\\/telallo-banan-musa-basjoo\\\/#primaryimage\"},\"thumbnailUrl\":\"https:\\\/\\\/tajkertesz.com\\\/wp-content\\\/uploads\\\/2024\\\/04\\\/20240403_163026-1-scaled.jpg\",\"datePublished\":\"2024-04-03T15:23:34+00:00\",\"dateModified\":\"2024-08-01T06:36:52+00:00\",\"description\":\"T\u00e9l\u00e1ll\u00f3 ban\u00e1n\\\/Musa basjoo. N\u00f6v\u00e9ny magass\u00e1ga kb.40cm. Megfelel\u0151 takar\u00e1ssal -20 \u00b0C-ig t\u00e9l\u00e1ll\u00f3! Szabadban is teleltethet\u0151 ,cser\u00e9pben, d\u00e9zs\u00e1ban is tarthat\u00f3\",\"breadcrumb\":{\"@id\":\"https:\\\/\\\/tajkertesz.com\\\/termek\\\/telallo-banan-musa-basjoo\\\/#breadcrumb\"},\"inLanguage\":\"en-US\",\"potentialAction\":[{\"@type\":\"ReadAction\",\"target\":[\"https:\\\/\\\/tajkertesz.com\\\/termek\\\/telallo-banan-musa-basjoo\\\/\"]}]},{\"@type\":\"ImageObject\",\"inLanguage\":\"en-US\",\"@id\":\"https:\\\/\\\/tajkertesz.com\\\/termek\\\/telallo-banan-musa-basjoo\\\/#primaryimage\",\"url\":\"https:\\\/\\\/tajkertesz.com\\\/wp-content\\\/uploads\\\/2024\\\/04\\\/20240403_163026-1-scaled.jpg\",\"contentUrl\":\"https:\\\/\\\/tajkertesz.com\\\/wp-content\\\/uploads\\\/2024\\\/04\\\/20240403_163026-1-scaled.jpg\",\"width\":1154,\"height\":2560},{\"@type\":\"BreadcrumbList\",\"@id\":\"https:\\\/\\\/tajkertesz.com\\\/termek\\\/telallo-banan-musa-basjoo\\\/#breadcrumb\",\"itemListElement\":[{\"@type\":\"ListItem\",\"position\":1,\"name\":\"Home\",\"item\":\"https:\\\/\\\/tajkertesz.com\\\/\"},{\"@type\":\"ListItem\",\"position\":2,\"name\":\"Kezd\u0151lap\",\"item\":\"https:\\\/\\\/tajkertesz.com\\\/\"},{\"@type\":\"ListItem\",\"position\":3,\"name\":\"T\u00e9l\u00e1ll\u00f3 ban\u00e1n\\\/Musa basjoo\"}]},{\"@type\":\"WebSite\",\"@id\":\"https:\\\/\\\/tajkertesz.com\\\/#website\",\"url\":\"https:\\\/\\\/tajkertesz.com\\\/\",\"name\":\"T\u00e1j-Kert\u00e9sz 84 Kft.\",\"description\":\"Kert\u00e9szeti kis- \u00e9s nagykeresked\u00e9s, D\u00edszn\u00f6v\u00e9ny web\u00e1ruh\u00e1z orsz\u00e1gos h\u00e1zhozsz\u00e1ll\u00edt\u00e1ssal!\",\"publisher\":{\"@id\":\"https:\\\/\\\/tajkertesz.com\\\/#organization\"},\"potentialAction\":[{\"@type\":\"SearchAction\",\"target\":{\"@type\":\"EntryPoint\",\"urlTemplate\":\"https:\\\/\\\/tajkertesz.com\\\/?s={search_term_string}\"},\"query-input\":{\"@type\":\"PropertyValueSpecification\",\"valueRequired\":true,\"valueName\":\"search_term_string\"}}],\"inLanguage\":\"en-US\"},{\"@type\":\"Organization\",\"@id\":\"https:\\\/\\\/tajkertesz.com\\\/#organization\",\"name\":\"T\u00e1j-Kert\u00e9sz 84 Kft.\",\"url\":\"https:\\\/\\\/tajkertesz.com\\\/\",\"logo\":{\"@type\":\"ImageObject\",\"inLanguage\":\"en-US\",\"@id\":\"https:\\\/\\\/tajkertesz.com\\\/#\\\/schema\\\/logo\\\/image\\\/\",\"url\":\"https:\\\/\\\/tajkertesz.com\\\/wp-content\\\/uploads\\\/2018\\\/02\\\/logo-2-e1518678052539.png\",\"contentUrl\":\"https:\\\/\\\/tajkertesz.com\\\/wp-content\\\/uploads\\\/2018\\\/02\\\/logo-2-e1518678052539.png\",\"width\":81,\"height\":140,\"caption\":\"T\u00e1j-Kert\u00e9sz 84 Kft.\"},\"image\":{\"@id\":\"https:\\\/\\\/tajkertesz.com\\\/#\\\/schema\\\/logo\\\/image\\\/\"},\"sameAs\":[\"https:\\\/\\\/www.facebook.com\\\/Tajkertesz\\\/\"]}]}<\/script>\n<!-- \/ Yoast SEO plugin. -->","yoast_head_json":{"title":"T\u00e9l\u00e1ll\u00f3 ban\u00e1n\/Musa basjoo - T\u00e1jkert\u00e9sz","description":"T\u00e9l\u00e1ll\u00f3 ban\u00e1n\/Musa basjoo. N\u00f6v\u00e9ny magass\u00e1ga kb.40cm. Megfelel\u0151 takar\u00e1ssal -20 \u00b0C-ig t\u00e9l\u00e1ll\u00f3! Szabadban is teleltethet\u0151 ,cser\u00e9pben, d\u00e9zs\u00e1ban is tarthat\u00f3","robots":{"index":"index","follow":"follow","max-snippet":"max-snippet:-1","max-image-preview":"max-image-preview:large","max-video-preview":"max-video-preview:-1"},"canonical":"https:\/\/tajkertesz.com\/en_US\/product\/telallo-banan-musa-basjoo\/","og_locale":"en_US","og_type":"article","og_title":"T\u00e9l\u00e1ll\u00f3 ban\u00e1n\/Musa basjoo - T\u00e1jkert\u00e9sz","og_description":"T\u00e9l\u00e1ll\u00f3 ban\u00e1n\/Musa basjoo. N\u00f6v\u00e9ny magass\u00e1ga kb.40cm. Megfelel\u0151 takar\u00e1ssal -20 \u00b0C-ig t\u00e9l\u00e1ll\u00f3! Szabadban is teleltethet\u0151 ,cser\u00e9pben, d\u00e9zs\u00e1ban is tarthat\u00f3","og_url":"https:\/\/tajkertesz.com\/en_US\/product\/telallo-banan-musa-basjoo\/","og_site_name":"T\u00e1jkert\u00e9sz","article_publisher":"https:\/\/www.facebook.com\/Tajkertesz\/","article_modified_time":"2024-08-01T06:36:52+00:00","og_image":[{"width":1154,"height":2560,"url":"https:\/\/tajkertesz.com\/wp-content\/uploads\/2024\/04\/20240403_163026-1-scaled.jpg","type":"image\/jpeg"}],"twitter_card":"summary_large_image","twitter_misc":{"Est. reading time":"2 minutes"},"schema":{"@context":"https:\/\/schema.org","@graph":[{"@type":"WebPage","@id":"https:\/\/tajkertesz.com\/termek\/telallo-banan-musa-basjoo\/","url":"https:\/\/tajkertesz.com\/termek\/telallo-banan-musa-basjoo\/","name":"T\u00e9l\u00e1ll\u00f3 ban\u00e1n\/Musa basjoo - T\u00e1jkert\u00e9sz","isPartOf":{"@id":"https:\/\/tajkertesz.com\/#website"},"primaryImageOfPage":{"@id":"https:\/\/tajkertesz.com\/termek\/telallo-banan-musa-basjoo\/#primaryimage"},"image":{"@id":"https:\/\/tajkertesz.com\/termek\/telallo-banan-musa-basjoo\/#primaryimage"},"thumbnailUrl":"https:\/\/tajkertesz.com\/wp-content\/uploads\/2024\/04\/20240403_163026-1-scaled.jpg","datePublished":"2024-04-03T15:23:34+00:00","dateModified":"2024-08-01T06:36:52+00:00","description":"T\u00e9l\u00e1ll\u00f3 ban\u00e1n\/Musa basjoo. N\u00f6v\u00e9ny magass\u00e1ga kb.40cm. Megfelel\u0151 takar\u00e1ssal -20 \u00b0C-ig t\u00e9l\u00e1ll\u00f3! Szabadban is teleltethet\u0151 ,cser\u00e9pben, d\u00e9zs\u00e1ban is tarthat\u00f3","breadcrumb":{"@id":"https:\/\/tajkertesz.com\/termek\/telallo-banan-musa-basjoo\/#breadcrumb"},"inLanguage":"en-US","potentialAction":[{"@type":"ReadAction","target":["https:\/\/tajkertesz.com\/termek\/telallo-banan-musa-basjoo\/"]}]},{"@type":"ImageObject","inLanguage":"en-US","@id":"https:\/\/tajkertesz.com\/termek\/telallo-banan-musa-basjoo\/#primaryimage","url":"https:\/\/tajkertesz.com\/wp-content\/uploads\/2024\/04\/20240403_163026-1-scaled.jpg","contentUrl":"https:\/\/tajkertesz.com\/wp-content\/uploads\/2024\/04\/20240403_163026-1-scaled.jpg","width":1154,"height":2560},{"@type":"BreadcrumbList","@id":"https:\/\/tajkertesz.com\/termek\/telallo-banan-musa-basjoo\/#breadcrumb","itemListElement":[{"@type":"ListItem","position":1,"name":"Home","item":"https:\/\/tajkertesz.com\/"},{"@type":"ListItem","position":2,"name":"Kezd\u0151lap","item":"https:\/\/tajkertesz.com\/"},{"@type":"ListItem","position":3,"name":"T\u00e9l\u00e1ll\u00f3 ban\u00e1n\/Musa basjoo"}]},{"@type":"WebSite","@id":"https:\/\/tajkertesz.com\/#website","url":"https:\/\/tajkertesz.com\/","name":"T\u00e1j-Kert\u00e9sz 84 Kft.","description":"Kert\u00e9szeti kis- \u00e9s nagykeresked\u00e9s, D\u00edszn\u00f6v\u00e9ny web\u00e1ruh\u00e1z orsz\u00e1gos h\u00e1zhozsz\u00e1ll\u00edt\u00e1ssal!","publisher":{"@id":"https:\/\/tajkertesz.com\/#organization"},"potentialAction":[{"@type":"SearchAction","target":{"@type":"EntryPoint","urlTemplate":"https:\/\/tajkertesz.com\/?s={search_term_string}"},"query-input":{"@type":"PropertyValueSpecification","valueRequired":true,"valueName":"search_term_string"}}],"inLanguage":"en-US"},{"@type":"Organization","@id":"https:\/\/tajkertesz.com\/#organization","name":"T\u00e1j-Kert\u00e9sz 84 Kft.","url":"https:\/\/tajkertesz.com\/","logo":{"@type":"ImageObject","inLanguage":"en-US","@id":"https:\/\/tajkertesz.com\/#\/schema\/logo\/image\/","url":"https:\/\/tajkertesz.com\/wp-content\/uploads\/2018\/02\/logo-2-e1518678052539.png","contentUrl":"https:\/\/tajkertesz.com\/wp-content\/uploads\/2018\/02\/logo-2-e1518678052539.png","width":81,"height":140,"caption":"T\u00e1j-Kert\u00e9sz 84 Kft."},"image":{"@id":"https:\/\/tajkertesz.com\/#\/schema\/logo\/image\/"},"sameAs":["https:\/\/www.facebook.com\/Tajkertesz\/"]}]}},"_links":{"self":[{"href":"https:\/\/tajkertesz.com\/en_US\/wp-json\/wp\/v2\/product\/19946","targetHints":{"allow":["GET"]}}],"collection":[{"href":"https:\/\/tajkertesz.com\/en_US\/wp-json\/wp\/v2\/product"}],"about":[{"href":"https:\/\/tajkertesz.com\/en_US\/wp-json\/wp\/v2\/types\/product"}],"wp:featuredmedia":[{"embeddable":true,"href":"https:\/\/tajkertesz.com\/en_US\/wp-json\/wp\/v2\/media\/19948"}],"wp:attachment":[{"href":"https:\/\/tajkertesz.com\/en_US\/wp-json\/wp\/v2\/media?parent=19946"}],"wp:term":[{"taxonomy":"product_brand","embeddable":true,"href":"https:\/\/tajkertesz.com\/en_US\/wp-json\/wp\/v2\/product_brand?post=19946"},{"taxonomy":"product_cat","embeddable":true,"href":"https:\/\/tajkertesz.com\/en_US\/wp-json\/wp\/v2\/product_cat?post=19946"},{"taxonomy":"product_tag","embeddable":true,"href":"https:\/\/tajkertesz.com\/en_US\/wp-json\/wp\/v2\/product_tag?post=19946"}],"curies":[{"name":"wp","href":"https:\/\/api.w.org\/{rel}","templated":true}]}}