{"id":19950,"date":"2024-04-03T15:42:48","date_gmt":"2024-04-03T15:42:48","guid":{"rendered":"https:\/\/tajkertesz.com\/?post_type=product&#038;p=19950"},"modified":"2024-08-01T06:37:59","modified_gmt":"2024-08-01T06:37:59","slug":"voros-abesszin-banan-ensete-ventricosum-maurelli","status":"publish","type":"product","link":"https:\/\/tajkertesz.com\/en_US\/product\/voros-abesszin-banan-ensete-ventricosum-maurelli\/","title":{"rendered":"V\u00f6r\u00f6s abesszin Ban\u00e1n\/Ensete ventricosum &#8216;Maurelli&#8217;"},"content":{"rendered":"<h2>V\u00f6r\u00f6s abesszin Ban\u00e1n\/Ensete ventricosum &#8216;Maurelli&#8217;<\/h2>\n<p>V\u00f6r\u00f6s abesszin Ban\u00e1n\/Ensete ventricosum &#8216;Maurelli&#8217;<\/p>\n<p>Dekorat\u00edv megjelen\u00e9s\u00e9nek k\u00f6sz\u00f6nhet\u0151en az egyik legkedveltebb ban\u00e1nfajta haz\u00e1nkban. \u00a0Kilimandzs\u00e1r\u00f3 2300 m\u00e9teres magaslatair\u00f3l sz\u00e1rmazik. Eredeti \u00e9l\u0151hely\u00e9n ak\u00e1r 12 m\u00e9tert is el\u00e9rhet 6 m hossz\u00fa levelekkel, \u00e9s robusztus \u00e1tm\u00e9r\u0151j\u0171 t\u00f6rzzsel. M\u00e1jusban ki\u00fcltethet\u0151 szabad f\u00f6ldbe, mivel nagy t\u00e1panyagig\u00e9ny\u0171 n\u00f6v\u00e9ny, tan\u00e1csos hetente egyszer t\u00e1poldatos v\u00edzzel \u00f6nt\u00f6zni.<\/p>\n<p>A ny\u00e1ri h\u00f3napokban nagy mennyis\u00e9g\u0171 \u00e9s gyakori \u00f6nt\u00f6z\u00e9sre van sz\u00fcks\u00e9ge, hogy j\u00f3 nagyra n\u0151j\u00f6n. A legjobb megold\u00e1s, ha hetente egyszer egy kis m\u0171tr\u00e1gy\u00e1val t\u00e1pozzuk. Szoliterk\u00e9nt mutat j\u00f3l egy kertben, ak\u00e1r m\u00e1s ban\u00e1nokkal tark\u00edtva azt.<\/p>\n<p>Az \u00fcltet\u0151g\u00f6dr\u00e9be keverhet\u00fcnk marhatr\u00e1gy\u00e1t \u00e9s t\u0151zeget. Olyan helyre \u00fcltess\u00fck, ahol naponta legal\u00e1bb 6 \u00f3r\u00e1n \u00e1t s\u00fcti a nap. V\u00edzig\u00e9nyes n\u00f6v\u00e9ny, ny\u00e1ron \u00e9rdemes naponta locsolni.<\/p>\n<p>Kiv\u00e1l\u00f3an alkalmas tr\u00f3pusi kertekben val\u00f3 tart\u00e1sra, vastag, lombos t\u00f6rzs\u00e9b\u0151l d\u00fas, v\u00f6r\u00f6s \u00e9s z\u00f6ld levelek hatalmas, dzsungelszer\u0171 lap\u00e1tjait hordozza.<\/p>\n<p><em><span>Az Ensete ventricosum<\/span><\/em><span> rendk\u00edv\u00fcl gyorsan n\u00f6vekszik.<\/span><\/p>\n<p>M\u00e9g a fagyok be\u00e1llta el\u0151tt fel kell szedni a ki\u00fcltetett n\u00f6v\u00e9nyt \u00e9s becserepezni. \u00a0Ebben az id\u0151szakban nincs sz\u00fcks\u00e9ge az \u00f6nt\u00f6z\u00e9sre amennyiben h\u0171v\u00f6s helyen tartjuk (+6 \u2013 +8 fok).<\/p>\n<p>&nbsp;<\/p>\n<p>El\u00e9rhet\u0151 t\u00f6bbf\u00e9le m\u00e9retben \u00e9s \u00e1rban.<\/p>\n<p><strong>K\u00e9szlet\u00fcnk napi szinten v\u00e1ltozik, ez\u00e9rt k\u00e9rj\u00fck, \u00e9rdekl\u0151dj\u00f6n szem\u00e9lyesen, telefonon vagy email-en.<br \/>\nA v\u00e1ltoztat\u00e1s jog\u00e1t fenntartjuk!\u00a0<\/strong><\/p>\n<p><a href=\"https:\/\/tajkertesz.com\/\">https:\/\/tajkertesz.com\/<\/a><\/p>\n<p><a href=\"https:\/\/www.facebook.com\/tajkertesz\/\">https:\/\/www.facebook.com\/tajkertesz\/<\/a><\/p>\n<p>Kisz\u00e1ll\u00edt\u00e1s: 200cm-ig \u00a0\u00e9s 40 kg-ig a sz\u00e1ll\u00edt\u00e1s fut\u00e1rszolg\u00e1lattal \u00a0t\u00f6rt\u00e9nik.<\/p>\n<p>Szem\u00e9lyes \u00e1tv\u00e9tel nyitvatart\u00e1si id\u0151ben a 17. ker\u00fclet Bakancsos utca 7. sz\u00e1m alatti Kert\u00e9szeti \u00e1rud\u00e1nkban.<\/p>","protected":false},"excerpt":{"rendered":"<h2>V\u00f6r\u00f6s abesszin Ban\u00e1n\/Ensete ventricosum &#8216;Maurelli&#8217;<\/h2>\n<p>Dekorat\u00edv megjelen\u00e9s\u00e9nek k\u00f6sz\u00f6nhet\u0151en az egyik legkedveltebb ban\u00e1nfajta haz\u00e1nkban.<\/p>\n<p>Kilimandzs\u00e1r\u00f3 2300 m\u00e9teres magaslatair\u00f3l sz\u00e1rmazik. Eredeti \u00e9l\u0151hely\u00e9n ak\u00e1r 12 m\u00e9tert is el\u00e9rhet 6 m hossz\u00fa levelekkel, \u00e9s robusztus \u00e1tm\u00e9r\u0151j\u0171 t\u00f6rzzsel.<\/p>\n<p>&nbsp;<\/p>","protected":false},"featured_media":19951,"template":"","meta":{"_et_pb_use_builder":"","_et_pb_old_content":"","_et_gb_content_width":""},"product_brand":[],"product_cat":[517],"product_tag":[5076,5079,1463,5080],"class_list":{"0":"post-19950","1":"product","2":"type-product","3":"status-publish","4":"has-post-thumbnail","6":"product_cat-palmak-citrusok-es-mediterran-novenyek","7":"product_tag-banan","8":"product_tag-bananfa","9":"product_tag-mediterran","10":"product_tag-voros-abesszin-banan-ensete-ventricosum-maurelli","12":"first","13":"outofstock","14":"shipping-taxable","15":"product-type-simple"},"yoast_head":"<!-- This site is optimized with the Yoast SEO plugin v27.3 - https:\/\/yoast.com\/product\/yoast-seo-wordpress\/ -->\n<title>V\u00f6r\u00f6s abesszin Ban\u00e1n\/Ensete ventricosum &#039;Maurelli&#039; - T\u00e1jkert\u00e9sz<\/title>\n<meta name=\"description\" content=\"V\u00f6r\u00f6s abesszin Ban\u00e1n\/Ensete ventricosum &#039;Maurelli&#039;. Dekorat\u00edv megjelen\u00e9s\u00e9nek k\u00f6sz\u00f6nhet\u0151en az egyik legkedveltebb ban\u00e1nfajta haz\u00e1nkban.\" \/>\n<meta name=\"robots\" content=\"index, follow, max-snippet:-1, max-image-preview:large, max-video-preview:-1\" \/>\n<link rel=\"canonical\" href=\"https:\/\/tajkertesz.com\/en_US\/product\/voros-abesszin-banan-ensete-ventricosum-maurelli\/\" \/>\n<meta property=\"og:locale\" content=\"en_US\" \/>\n<meta property=\"og:type\" content=\"article\" \/>\n<meta property=\"og:title\" content=\"V\u00f6r\u00f6s abesszin Ban\u00e1n\/Ensete ventricosum &#039;Maurelli&#039; - T\u00e1jkert\u00e9sz\" \/>\n<meta property=\"og:description\" content=\"V\u00f6r\u00f6s abesszin Ban\u00e1n\/Ensete ventricosum &#039;Maurelli&#039;. Dekorat\u00edv megjelen\u00e9s\u00e9nek k\u00f6sz\u00f6nhet\u0151en az egyik legkedveltebb ban\u00e1nfajta haz\u00e1nkban.\" \/>\n<meta property=\"og:url\" content=\"https:\/\/tajkertesz.com\/en_US\/product\/voros-abesszin-banan-ensete-ventricosum-maurelli\/\" \/>\n<meta property=\"og:site_name\" content=\"T\u00e1jkert\u00e9sz\" \/>\n<meta property=\"article:publisher\" content=\"https:\/\/www.facebook.com\/Tajkertesz\/\" \/>\n<meta property=\"article:modified_time\" content=\"2024-08-01T06:37:59+00:00\" \/>\n<meta property=\"og:image\" content=\"https:\/\/tajkertesz.com\/wp-content\/uploads\/2024\/04\/20240403_162939-1-scaled.jpg\" \/>\n\t<meta property=\"og:image:width\" content=\"1154\" \/>\n\t<meta property=\"og:image:height\" content=\"2560\" \/>\n\t<meta property=\"og:image:type\" content=\"image\/jpeg\" \/>\n<meta name=\"twitter:card\" content=\"summary_large_image\" \/>\n<meta name=\"twitter:label1\" content=\"Est. reading time\" \/>\n\t<meta name=\"twitter:data1\" content=\"2 minutes\" \/>\n<script type=\"application\/ld+json\" class=\"yoast-schema-graph\">{\"@context\":\"https:\\\/\\\/schema.org\",\"@graph\":[{\"@type\":\"WebPage\",\"@id\":\"https:\\\/\\\/tajkertesz.com\\\/termek\\\/voros-abesszin-banan-ensete-ventricosum-maurelli\\\/\",\"url\":\"https:\\\/\\\/tajkertesz.com\\\/termek\\\/voros-abesszin-banan-ensete-ventricosum-maurelli\\\/\",\"name\":\"V\u00f6r\u00f6s abesszin Ban\u00e1n\\\/Ensete ventricosum 'Maurelli' - T\u00e1jkert\u00e9sz\",\"isPartOf\":{\"@id\":\"https:\\\/\\\/tajkertesz.com\\\/#website\"},\"primaryImageOfPage\":{\"@id\":\"https:\\\/\\\/tajkertesz.com\\\/termek\\\/voros-abesszin-banan-ensete-ventricosum-maurelli\\\/#primaryimage\"},\"image\":{\"@id\":\"https:\\\/\\\/tajkertesz.com\\\/termek\\\/voros-abesszin-banan-ensete-ventricosum-maurelli\\\/#primaryimage\"},\"thumbnailUrl\":\"https:\\\/\\\/tajkertesz.com\\\/wp-content\\\/uploads\\\/2024\\\/04\\\/20240403_162939-1-scaled.jpg\",\"datePublished\":\"2024-04-03T15:42:48+00:00\",\"dateModified\":\"2024-08-01T06:37:59+00:00\",\"description\":\"V\u00f6r\u00f6s abesszin Ban\u00e1n\\\/Ensete ventricosum 'Maurelli'. Dekorat\u00edv megjelen\u00e9s\u00e9nek k\u00f6sz\u00f6nhet\u0151en az egyik legkedveltebb ban\u00e1nfajta haz\u00e1nkban.\",\"breadcrumb\":{\"@id\":\"https:\\\/\\\/tajkertesz.com\\\/termek\\\/voros-abesszin-banan-ensete-ventricosum-maurelli\\\/#breadcrumb\"},\"inLanguage\":\"en-US\",\"potentialAction\":[{\"@type\":\"ReadAction\",\"target\":[\"https:\\\/\\\/tajkertesz.com\\\/termek\\\/voros-abesszin-banan-ensete-ventricosum-maurelli\\\/\"]}]},{\"@type\":\"ImageObject\",\"inLanguage\":\"en-US\",\"@id\":\"https:\\\/\\\/tajkertesz.com\\\/termek\\\/voros-abesszin-banan-ensete-ventricosum-maurelli\\\/#primaryimage\",\"url\":\"https:\\\/\\\/tajkertesz.com\\\/wp-content\\\/uploads\\\/2024\\\/04\\\/20240403_162939-1-scaled.jpg\",\"contentUrl\":\"https:\\\/\\\/tajkertesz.com\\\/wp-content\\\/uploads\\\/2024\\\/04\\\/20240403_162939-1-scaled.jpg\",\"width\":1154,\"height\":2560},{\"@type\":\"BreadcrumbList\",\"@id\":\"https:\\\/\\\/tajkertesz.com\\\/termek\\\/voros-abesszin-banan-ensete-ventricosum-maurelli\\\/#breadcrumb\",\"itemListElement\":[{\"@type\":\"ListItem\",\"position\":1,\"name\":\"Home\",\"item\":\"https:\\\/\\\/tajkertesz.com\\\/\"},{\"@type\":\"ListItem\",\"position\":2,\"name\":\"Kezd\u0151lap\",\"item\":\"https:\\\/\\\/tajkertesz.com\\\/\"},{\"@type\":\"ListItem\",\"position\":3,\"name\":\"V\u00f6r\u00f6s abesszin Ban\u00e1n\\\/Ensete ventricosum &#8216;Maurelli&#8217;\"}]},{\"@type\":\"WebSite\",\"@id\":\"https:\\\/\\\/tajkertesz.com\\\/#website\",\"url\":\"https:\\\/\\\/tajkertesz.com\\\/\",\"name\":\"T\u00e1j-Kert\u00e9sz 84 Kft.\",\"description\":\"Kert\u00e9szeti kis- \u00e9s nagykeresked\u00e9s, D\u00edszn\u00f6v\u00e9ny web\u00e1ruh\u00e1z orsz\u00e1gos h\u00e1zhozsz\u00e1ll\u00edt\u00e1ssal!\",\"publisher\":{\"@id\":\"https:\\\/\\\/tajkertesz.com\\\/#organization\"},\"potentialAction\":[{\"@type\":\"SearchAction\",\"target\":{\"@type\":\"EntryPoint\",\"urlTemplate\":\"https:\\\/\\\/tajkertesz.com\\\/?s={search_term_string}\"},\"query-input\":{\"@type\":\"PropertyValueSpecification\",\"valueRequired\":true,\"valueName\":\"search_term_string\"}}],\"inLanguage\":\"en-US\"},{\"@type\":\"Organization\",\"@id\":\"https:\\\/\\\/tajkertesz.com\\\/#organization\",\"name\":\"T\u00e1j-Kert\u00e9sz 84 Kft.\",\"url\":\"https:\\\/\\\/tajkertesz.com\\\/\",\"logo\":{\"@type\":\"ImageObject\",\"inLanguage\":\"en-US\",\"@id\":\"https:\\\/\\\/tajkertesz.com\\\/#\\\/schema\\\/logo\\\/image\\\/\",\"url\":\"https:\\\/\\\/tajkertesz.com\\\/wp-content\\\/uploads\\\/2018\\\/02\\\/logo-2-e1518678052539.png\",\"contentUrl\":\"https:\\\/\\\/tajkertesz.com\\\/wp-content\\\/uploads\\\/2018\\\/02\\\/logo-2-e1518678052539.png\",\"width\":81,\"height\":140,\"caption\":\"T\u00e1j-Kert\u00e9sz 84 Kft.\"},\"image\":{\"@id\":\"https:\\\/\\\/tajkertesz.com\\\/#\\\/schema\\\/logo\\\/image\\\/\"},\"sameAs\":[\"https:\\\/\\\/www.facebook.com\\\/Tajkertesz\\\/\"]}]}<\/script>\n<!-- \/ Yoast SEO plugin. -->","yoast_head_json":{"title":"V\u00f6r\u00f6s abesszin Ban\u00e1n\/Ensete ventricosum 'Maurelli' - T\u00e1jkert\u00e9sz","description":"V\u00f6r\u00f6s abesszin Ban\u00e1n\/Ensete ventricosum 'Maurelli'. Dekorat\u00edv megjelen\u00e9s\u00e9nek k\u00f6sz\u00f6nhet\u0151en az egyik legkedveltebb ban\u00e1nfajta haz\u00e1nkban.","robots":{"index":"index","follow":"follow","max-snippet":"max-snippet:-1","max-image-preview":"max-image-preview:large","max-video-preview":"max-video-preview:-1"},"canonical":"https:\/\/tajkertesz.com\/en_US\/product\/voros-abesszin-banan-ensete-ventricosum-maurelli\/","og_locale":"en_US","og_type":"article","og_title":"V\u00f6r\u00f6s abesszin Ban\u00e1n\/Ensete ventricosum 'Maurelli' - T\u00e1jkert\u00e9sz","og_description":"V\u00f6r\u00f6s abesszin Ban\u00e1n\/Ensete ventricosum 'Maurelli'. Dekorat\u00edv megjelen\u00e9s\u00e9nek k\u00f6sz\u00f6nhet\u0151en az egyik legkedveltebb ban\u00e1nfajta haz\u00e1nkban.","og_url":"https:\/\/tajkertesz.com\/en_US\/product\/voros-abesszin-banan-ensete-ventricosum-maurelli\/","og_site_name":"T\u00e1jkert\u00e9sz","article_publisher":"https:\/\/www.facebook.com\/Tajkertesz\/","article_modified_time":"2024-08-01T06:37:59+00:00","og_image":[{"width":1154,"height":2560,"url":"https:\/\/tajkertesz.com\/wp-content\/uploads\/2024\/04\/20240403_162939-1-scaled.jpg","type":"image\/jpeg"}],"twitter_card":"summary_large_image","twitter_misc":{"Est. reading time":"2 minutes"},"schema":{"@context":"https:\/\/schema.org","@graph":[{"@type":"WebPage","@id":"https:\/\/tajkertesz.com\/termek\/voros-abesszin-banan-ensete-ventricosum-maurelli\/","url":"https:\/\/tajkertesz.com\/termek\/voros-abesszin-banan-ensete-ventricosum-maurelli\/","name":"V\u00f6r\u00f6s abesszin Ban\u00e1n\/Ensete ventricosum 'Maurelli' - T\u00e1jkert\u00e9sz","isPartOf":{"@id":"https:\/\/tajkertesz.com\/#website"},"primaryImageOfPage":{"@id":"https:\/\/tajkertesz.com\/termek\/voros-abesszin-banan-ensete-ventricosum-maurelli\/#primaryimage"},"image":{"@id":"https:\/\/tajkertesz.com\/termek\/voros-abesszin-banan-ensete-ventricosum-maurelli\/#primaryimage"},"thumbnailUrl":"https:\/\/tajkertesz.com\/wp-content\/uploads\/2024\/04\/20240403_162939-1-scaled.jpg","datePublished":"2024-04-03T15:42:48+00:00","dateModified":"2024-08-01T06:37:59+00:00","description":"V\u00f6r\u00f6s abesszin Ban\u00e1n\/Ensete ventricosum 'Maurelli'. Dekorat\u00edv megjelen\u00e9s\u00e9nek k\u00f6sz\u00f6nhet\u0151en az egyik legkedveltebb ban\u00e1nfajta haz\u00e1nkban.","breadcrumb":{"@id":"https:\/\/tajkertesz.com\/termek\/voros-abesszin-banan-ensete-ventricosum-maurelli\/#breadcrumb"},"inLanguage":"en-US","potentialAction":[{"@type":"ReadAction","target":["https:\/\/tajkertesz.com\/termek\/voros-abesszin-banan-ensete-ventricosum-maurelli\/"]}]},{"@type":"ImageObject","inLanguage":"en-US","@id":"https:\/\/tajkertesz.com\/termek\/voros-abesszin-banan-ensete-ventricosum-maurelli\/#primaryimage","url":"https:\/\/tajkertesz.com\/wp-content\/uploads\/2024\/04\/20240403_162939-1-scaled.jpg","contentUrl":"https:\/\/tajkertesz.com\/wp-content\/uploads\/2024\/04\/20240403_162939-1-scaled.jpg","width":1154,"height":2560},{"@type":"BreadcrumbList","@id":"https:\/\/tajkertesz.com\/termek\/voros-abesszin-banan-ensete-ventricosum-maurelli\/#breadcrumb","itemListElement":[{"@type":"ListItem","position":1,"name":"Home","item":"https:\/\/tajkertesz.com\/"},{"@type":"ListItem","position":2,"name":"Kezd\u0151lap","item":"https:\/\/tajkertesz.com\/"},{"@type":"ListItem","position":3,"name":"V\u00f6r\u00f6s abesszin Ban\u00e1n\/Ensete ventricosum &#8216;Maurelli&#8217;"}]},{"@type":"WebSite","@id":"https:\/\/tajkertesz.com\/#website","url":"https:\/\/tajkertesz.com\/","name":"T\u00e1j-Kert\u00e9sz 84 Kft.","description":"Kert\u00e9szeti kis- \u00e9s nagykeresked\u00e9s, D\u00edszn\u00f6v\u00e9ny web\u00e1ruh\u00e1z orsz\u00e1gos h\u00e1zhozsz\u00e1ll\u00edt\u00e1ssal!","publisher":{"@id":"https:\/\/tajkertesz.com\/#organization"},"potentialAction":[{"@type":"SearchAction","target":{"@type":"EntryPoint","urlTemplate":"https:\/\/tajkertesz.com\/?s={search_term_string}"},"query-input":{"@type":"PropertyValueSpecification","valueRequired":true,"valueName":"search_term_string"}}],"inLanguage":"en-US"},{"@type":"Organization","@id":"https:\/\/tajkertesz.com\/#organization","name":"T\u00e1j-Kert\u00e9sz 84 Kft.","url":"https:\/\/tajkertesz.com\/","logo":{"@type":"ImageObject","inLanguage":"en-US","@id":"https:\/\/tajkertesz.com\/#\/schema\/logo\/image\/","url":"https:\/\/tajkertesz.com\/wp-content\/uploads\/2018\/02\/logo-2-e1518678052539.png","contentUrl":"https:\/\/tajkertesz.com\/wp-content\/uploads\/2018\/02\/logo-2-e1518678052539.png","width":81,"height":140,"caption":"T\u00e1j-Kert\u00e9sz 84 Kft."},"image":{"@id":"https:\/\/tajkertesz.com\/#\/schema\/logo\/image\/"},"sameAs":["https:\/\/www.facebook.com\/Tajkertesz\/"]}]}},"_links":{"self":[{"href":"https:\/\/tajkertesz.com\/en_US\/wp-json\/wp\/v2\/product\/19950","targetHints":{"allow":["GET"]}}],"collection":[{"href":"https:\/\/tajkertesz.com\/en_US\/wp-json\/wp\/v2\/product"}],"about":[{"href":"https:\/\/tajkertesz.com\/en_US\/wp-json\/wp\/v2\/types\/product"}],"wp:featuredmedia":[{"embeddable":true,"href":"https:\/\/tajkertesz.com\/en_US\/wp-json\/wp\/v2\/media\/19951"}],"wp:attachment":[{"href":"https:\/\/tajkertesz.com\/en_US\/wp-json\/wp\/v2\/media?parent=19950"}],"wp:term":[{"taxonomy":"product_brand","embeddable":true,"href":"https:\/\/tajkertesz.com\/en_US\/wp-json\/wp\/v2\/product_brand?post=19950"},{"taxonomy":"product_cat","embeddable":true,"href":"https:\/\/tajkertesz.com\/en_US\/wp-json\/wp\/v2\/product_cat?post=19950"},{"taxonomy":"product_tag","embeddable":true,"href":"https:\/\/tajkertesz.com\/en_US\/wp-json\/wp\/v2\/product_tag?post=19950"}],"curies":[{"name":"wp","href":"https:\/\/api.w.org\/{rel}","templated":true}]}}