{"id":19960,"date":"2024-04-04T10:10:36","date_gmt":"2024-04-04T10:10:36","guid":{"rendered":"https:\/\/tajkertesz.com\/?post_type=product&#038;p=19960"},"modified":"2026-04-13T06:46:32","modified_gmt":"2026-04-13T06:46:32","slug":"carica-papaya-papaya-sunnybees","status":"publish","type":"product","link":"https:\/\/tajkertesz.com\/en_US\/product\/carica-papaya-papaya-sunnybees\/","title":{"rendered":"Carica papaya &#8216;Sunnybees&#8217; &#8211; Papaya"},"content":{"rendered":"<h1>Carica papaya &#8216;Sunnybees&#8217; &#8211; Papaya<\/h1>\n<p data-start=\"548\" data-end=\"951\">A Carica papaya &#8216;Sunnybees&#8217; &#8211; Papaya\u00a0egy gyors n\u00f6veked\u00e9s\u0171, tr\u00f3pusi gy\u00fcm\u00f6lcsterm\u0151 n\u00f6v\u00e9ny, mely m\u00e1r az \u00fcltet\u00e9st\u0151l sz\u00e1m\u00edtott 6\u201312 h\u00f3napon bel\u00fcl term\u00e9st hozhat ide\u00e1lis k\u00f6r\u00fclm\u00e9nyek k\u00f6z\u00f6tt. A papaya \u00e9des, s\u00e1rg\u00e1s-narancss\u00e1rga h\u00fas\u00fa gy\u00fcm\u00f6lcse nemcsak finom, de tele van vitaminokkal \u00e9s enzimekkel, k\u00fcl\u00f6n\u00f6sen <strong data-start=\"869\" data-end=\"885\">C-vitaminnal<\/strong>, <strong data-start=\"887\" data-end=\"903\">A-vitaminnal<\/strong> \u00e9s a <strong data-start=\"909\" data-end=\"919\">papain<\/strong> nev\u0171 em\u00e9szt\u00e9st seg\u00edt\u0151 enzimmel.<\/p>\n<p data-start=\"953\" data-end=\"1173\">Ez a k\u00fcl\u00f6nleges n\u00f6v\u00e9ny nemcsak \u00edzletes term\u00e9se miatt n\u00e9pszer\u0171, de dekorat\u00edv megjelen\u00e9se is figyelemfelkelt\u0151. A nagy, ujjny\u00e9l alak\u00fa levelek, valamint a p\u00e1lmat\u00f6rzsszer\u0171 megjelen\u00e9s miatt d\u00edszn\u00f6v\u00e9nyk\u00e9nt is meg\u00e1llja a hely\u00e9t.<\/p>\n<p data-start=\"1175\" data-end=\"1192\">\ud83c\udf3f <strong data-start=\"1178\" data-end=\"1192\">Jellemz\u0151k:<\/strong><\/p>\n<ul data-start=\"1193\" data-end=\"1532\">\n<li data-start=\"1193\" data-end=\"1219\">\n<p data-start=\"1195\" data-end=\"1219\">Fajta: <strong data-start=\"1202\" data-end=\"1219\">Carica papaya &#8216;Sunnybees&#8217;<\/strong><\/p>\n<\/li>\n<li data-start=\"1220\" data-end=\"1243\">\n<p data-start=\"1222\" data-end=\"1243\">Eredet: K\u00f6z\u00e9p-Amerika<\/p>\n<\/li>\n<li data-start=\"1244\" data-end=\"1306\">\n<p data-start=\"1246\" data-end=\"1306\">Term\u00e9s: S\u00e1rg\u00e1s-narancss\u00e1rga h\u00fas\u00fa, ak\u00e1r 20 cm hossz\u00fa gy\u00fcm\u00f6lcs<\/p>\n<\/li>\n<li data-start=\"1307\" data-end=\"1354\">\n<p data-start=\"1309\" data-end=\"1354\">F\u00e9nyig\u00e9ny: Nagyon magas, napos hely sz\u00fcks\u00e9ges<\/p>\n<\/li>\n<li data-start=\"1355\" data-end=\"1396\">\n<p data-start=\"1357\" data-end=\"1396\">V\u00edzig\u00e9ny: M\u00e9rs\u00e9kelt, de ne sz\u00e1radjon ki<\/p>\n<\/li>\n<li data-start=\"1397\" data-end=\"1456\">\n<p data-start=\"1399\" data-end=\"1456\">Teleltet\u00e9s: 10\u201315\u00b0C fok alatt \u00e9rdemes f\u0171t\u00f6tt helyre vinni<\/p>\n<\/li>\n<li data-start=\"1457\" data-end=\"1532\">\n<p data-start=\"1459\" data-end=\"1532\">Term\u0151k\u00e9pess\u00e9g: Megfelel\u0151 gondoz\u00e1s mellett ak\u00e1r m\u00e1r az els\u0151 \u00e9vben teremhet<\/p>\n<\/li>\n<\/ul>\n<p data-start=\"1534\" data-end=\"1605\">\ud83c\udf1e <strong data-start=\"1537\" data-end=\"1604\">T\u00f6k\u00e9letes v\u00e1laszt\u00e1s teraszra, t\u00e9likertbe vagy napos ablak mell\u00e9<\/strong>!<\/p>\n<h4><strong>\ud83d\udd04 K\u00e9szletinform\u00e1ci\u00f3<\/strong><\/h4>\n<p><strong>K\u00e9szlet\u00fcnk napi szinten v\u00e1ltozik, \u00edgy a webshopban szerepl<\/strong><strong>\u0151<\/strong><strong>\u00a0term\u00e9kek el\u00e9rhet<\/strong><strong>\u0151<\/strong><strong>s\u00e9ge nem garant\u00e1lt.<br \/>\n\ud83d\udcde A megrendel\u00e9s el<\/strong><strong>\u0151<\/strong><strong>tt k\u00e9rj\u00fck, \u00e9rdekl<\/strong><strong>\u0151<\/strong><strong>dj\u00f6n szem\u00e9lyesen, telefonon vagy e-mailben!<\/strong><\/p>\n<h4><strong>\u27a1\ufe0f Kapcsolat:<\/strong><\/h4>\n<ul>\n<li><strong>Weboldal:\u00a0<\/strong><a href=\"https:\/\/tajkertesz.com\/\"><strong>tajkertesz.com<\/strong><\/a><\/li>\n<li><strong>Facebook:\u00a0<\/strong><a href=\"https:\/\/www.facebook.com\/tajkertesz\/\"><strong>facebook.com\/tajkertesz<\/strong><\/a><\/li>\n<li><strong>Telefonsz\u00e1m, e-mail: +36\/20-319-3770\u00a0<\/strong><a href=\"mailto:tajkerteszaruda@gmail.com\"><strong>tajkerteszaruda@gmail.com<\/strong><\/a><\/li>\n<\/ul>\n<h4><strong>\ud83d\ude9a Sz\u00e1ll\u00edt\u00e1si inform\u00e1ci\u00f3k<\/strong><\/h4>\n<p><strong>A megrendelt n\u00f6v\u00e9nyek kisz\u00e1ll\u00edt\u00e1sa az al\u00e1bbi felt\u00e9telek mellett t\u00f6rt\u00e9nik:<\/strong><\/p>\n<h4><strong>\ud83d\udce6 Fut\u00e1rszolg\u00e1latos sz\u00e1ll\u00edt\u00e1s<\/strong><\/h4>\n<ul>\n<li><strong>Maxim\u00e1lis m\u00e9ret: 200 cm (hossz\u00fas\u00e1g)<\/strong><\/li>\n<li><strong>Maxim\u00e1lis s\u00faly: 40 kg<\/strong><\/li>\n<li><strong>Az enn\u00e9l kisebb \u00e9s k\u00f6nnyebb csomagokat fut\u00e1rszolg\u00e1lattal k\u00e9zbes\u00edtj\u00fck a lehet<\/strong><strong>\u0151<\/strong><strong>\u00a0legbiztons\u00e1gosabb csomagol\u00e1sban.<\/strong><\/li>\n<\/ul>\n<h4><strong>\ud83d\udefb Szem\u00e9lyes \u00e1tv\u00e9tel<\/strong><\/h4>\n<ul>\n<li><strong>1173 Budapest, Bakancsos utca 7. sz\u00e1m alatt nyitvatart\u00e1si id<\/strong><strong>\u0151<\/strong><strong>ben szem\u00e9lyesen \u00e1tvehet<\/strong><strong>\u0151<\/strong><strong>\u00a0kert\u00e9szeti \u00e1rud\u00e1nkban.<\/strong><\/li>\n<li><strong>K\u00f6lts\u00e9ghat\u00e9kony megold\u00e1s nagyobb, t\u00f6r\u00e9kenyebb vagy t\u00falm\u00e9retes n\u00f6v\u00e9nyek eset\u00e9n.<\/strong><\/li>\n<\/ul>\n<h4><strong>\ud83d\udcde Nagy m\u00e9ret<\/strong><strong>\u0171<\/strong><strong>\u00a0vagy s\u00faly\u00fa n\u00f6v\u00e9nyek eset\u00e9n<\/strong><\/h4>\n<p><strong>Ha a term\u00e9k:<\/strong><\/p>\n<ul>\n<li><strong>meghaladja a 200 cm hossz\u00fas\u00e1got vagy<\/strong><\/li>\n<li><strong>meghaladja a 40 kg s\u00falyt,<\/strong><\/li>\n<\/ul>\n<p><strong>akkor szem\u00e9lyes \u00e1tv\u00e9tellel vagy egyedi, el<\/strong><strong>\u0151<\/strong><strong>re egyeztetett sz\u00e1ll\u00edt\u00e1si felt\u00e9telek mellett t\u00f6rt\u00e9nik.<br \/>\nK\u00e9rj\u00fck, ilyen esetben rendel\u00e9s el<\/strong><strong>\u0151<\/strong><strong>tt vegye fel vel\u00fcnk a kapcsolatot, hogy a lehet<\/strong><strong>\u0151<\/strong><strong>\u00a0legmegfelel<\/strong><strong>\u0151<\/strong><strong>bb sz\u00e1ll\u00edt\u00e1si megold\u00e1st k\u00edn\u00e1lhassuk.<\/strong><\/p>\n<p><strong>\ud83d\udd14 Fontos: A n\u00f6v\u00e9nyeket minden esetben igyeksz\u00fcnk gondosan, egyes\u00e9vel csomagolni, azonban a sz\u00e1ll\u00edt\u00e1s sor\u00e1n kisebb eszt\u00e9tikai s\u00e9r\u00fcl\u00e9sek el<\/strong><strong>\u0151<\/strong><strong>fordulhatnak (pl. lev\u00e9lhull\u00e1s). Ez nem min<\/strong><strong>\u0151<\/strong><strong>s\u00fcl hib\u00e1s teljes\u00edt\u00e9snek.<\/strong><\/p>\n<h4><strong>\ud83d\udcf7 Fontos tudni a k\u00e9pekr<\/strong><strong>\u0151<\/strong><strong>l<\/strong><\/h4>\n<p><strong>A webshopban szerepl<\/strong><strong>\u0151<\/strong><strong>\u00a0k\u00e9pek illusztr\u00e1ci\u00f3k, a n\u00f6v\u00e9nyek term\u00e9szet\u00fckn\u00e9l fogva egyediek, \u00edgy m\u00e9retben, alakban \u00e9s sz\u00ednben minim\u00e1lis elt\u00e9r\u00e9sek el<\/strong><strong>\u0151<\/strong><strong>fordulhatnak a k\u00e9pen l\u00e1that\u00f3 \u00e9s a val\u00f3s p\u00e9ld\u00e1nyok k\u00f6z\u00f6tt.<\/strong><\/p>\n<h4><strong>\ud83e\uddfe \u00c1rak \u00e9s el\u00e1ll\u00e1si jog<\/strong><\/h4>\n<ul>\n<li><strong>Az \u00e1rak egy darab\u00a0n\u00f6v\u00e9nyre vonatkoznak.<\/strong><\/li>\n<li><strong>\u00c9l<\/strong><strong>\u0151<\/strong><strong>\u00a0n\u00f6v\u00e9nyek rendel\u00e9se eset\u00e9n a 14 napos el\u00e1ll\u00e1s joga nem \u00e9rv\u00e9nyes\u00edthet<\/strong><strong>\u0151<\/strong><strong>, mivel azok romland\u00f3, biol\u00f3giailag \u00e9l<\/strong><strong>\u0151<\/strong><strong>\u00a0term\u00e9keknek min<\/strong><strong>\u0151<\/strong><strong>s\u00fclnek.<br \/>\n\ud83d\udd12 (17\/1999. (II. 5.) Korm. rendelet 5. \u00a7 c) pontja alapj\u00e1n)<\/strong><\/li>\n<\/ul>\n<h4><strong>\ud83d\udce6 K\u00e9zbes\u00edt\u00e9s ut\u00e1ni teend<\/strong><strong>\u0151<\/strong><strong>k<\/strong><\/h4>\n<p><strong>A k\u00e9zbes\u00edt\u00e9st k\u00f6vet<\/strong><strong>\u0151<\/strong><strong>en a csomagot azonnal bontsuk ki, \u00e9s a n\u00f6v\u00e9nyt helyezz\u00fck el megfelel<\/strong><strong>\u0151<\/strong><strong>\u00a0k\u00f6rnyezetben.<br \/>\nFontos: ha a n\u00f6v\u00e9ny nem r\u00e9szes\u00fcl megfelel<\/strong><strong>\u0151<\/strong><strong>\u00a0gondoz\u00e1sban \u00e9s ennek k\u00f6vetkezt\u00e9ben k\u00e1rosodik vagy elpusztul, felel<\/strong><strong>\u0151<\/strong><strong>ss\u00e9get nem tudunk v\u00e1llalni.<\/strong><\/p>","protected":false},"excerpt":{"rendered":"<p>Egzotikus, gyorsan n\u00f6v\u0151 papaya fa, mely megfelel\u0151 gondoz\u00e1s mellett m\u00e1r az els\u0151 \u00e9vben term\u00e9st hozhat.<\/p>\n<p>M\u00e9ret: 20-30 cm magas, 2 literes kont\u00e9nerben.<\/p>","protected":false},"featured_media":19961,"template":"","meta":{"_et_pb_use_builder":"","_et_pb_old_content":"","_et_gb_content_width":""},"product_brand":[],"product_cat":[5357,517],"product_tag":[7059,7065,5087,7060,7063,7061,5085,7064,7066,7062,6235],"class_list":{"0":"post-19960","1":"product","2":"type-product","3":"status-publish","4":"has-post-thumbnail","6":"product_cat-mediterran-gyumolcsuk","7":"product_cat-palmak-citrusok-es-mediterran-novenyek","8":"product_tag-carica-papaya","9":"product_tag-cserepben-kaphato-papaya","10":"product_tag-dinnyefa","11":"product_tag-egzotikus-gyumolcs","12":"product_tag-egzotikus-noveny-webaruhaz","13":"product_tag-gyumolcstermo-noveny","14":"product_tag-papaya","15":"product_tag-papaya-fa","16":"product_tag-papaya-nevelese","17":"product_tag-papaya-vasarlas","18":"product_tag-tropusi-noveny","20":"first","21":"outofstock","22":"shipping-taxable","23":"product-type-simple"},"yoast_head":"<!-- This site is optimized with the Yoast SEO plugin v27.4 - https:\/\/yoast.com\/product\/yoast-seo-wordpress\/ -->\n<title>Carica papaya &#039;Sunnybees&#039; - Papaya - T\u00e1jkert\u00e9sz<\/title>\n<meta name=\"description\" content=\"Carica papaya &#039;Sunnybees&#039; - Papaya egzotikus gy\u00fcm\u00f6lcsterm\u0151 n\u00f6v\u00e9ny cser\u00e9pben. V\u00e1s\u00e1rold meg most, \u00e9s nevelj saj\u00e1t papaya gy\u00fcm\u00f6lcs\u00f6t otthonodban!\" \/>\n<meta name=\"robots\" content=\"index, follow, max-snippet:-1, max-image-preview:large, max-video-preview:-1\" \/>\n<link rel=\"canonical\" href=\"https:\/\/tajkertesz.com\/en_US\/product\/carica-papaya-papaya-sunnybees\/\" \/>\n<meta property=\"og:locale\" content=\"en_US\" \/>\n<meta property=\"og:type\" content=\"article\" \/>\n<meta property=\"og:title\" content=\"Carica papaya &#039;Sunnybees&#039; - Papaya - T\u00e1jkert\u00e9sz\" \/>\n<meta property=\"og:description\" content=\"Carica papaya &#039;Sunnybees&#039; - Papaya egzotikus gy\u00fcm\u00f6lcsterm\u0151 n\u00f6v\u00e9ny cser\u00e9pben. V\u00e1s\u00e1rold meg most, \u00e9s nevelj saj\u00e1t papaya gy\u00fcm\u00f6lcs\u00f6t otthonodban!\" \/>\n<meta property=\"og:url\" content=\"https:\/\/tajkertesz.com\/en_US\/product\/carica-papaya-papaya-sunnybees\/\" \/>\n<meta property=\"og:site_name\" content=\"T\u00e1jkert\u00e9sz\" \/>\n<meta property=\"article:publisher\" content=\"https:\/\/www.facebook.com\/Tajkertesz\/\" \/>\n<meta property=\"article:modified_time\" content=\"2026-04-13T06:46:32+00:00\" \/>\n<meta property=\"og:image\" content=\"https:\/\/tajkertesz.com\/wp-content\/uploads\/2024\/04\/papaya-scaled.jpg\" \/>\n\t<meta property=\"og:image:width\" content=\"1154\" \/>\n\t<meta property=\"og:image:height\" content=\"2560\" \/>\n\t<meta property=\"og:image:type\" content=\"image\/jpeg\" \/>\n<meta name=\"twitter:card\" content=\"summary_large_image\" \/>\n<meta name=\"twitter:label1\" content=\"Est. reading time\" \/>\n\t<meta name=\"twitter:data1\" content=\"3 minutes\" \/>\n<script type=\"application\/ld+json\" class=\"yoast-schema-graph\">{\"@context\":\"https:\\\/\\\/schema.org\",\"@graph\":[{\"@type\":\"WebPage\",\"@id\":\"https:\\\/\\\/tajkertesz.com\\\/termek\\\/carica-papaya-papaya-sunnybees\\\/\",\"url\":\"https:\\\/\\\/tajkertesz.com\\\/termek\\\/carica-papaya-papaya-sunnybees\\\/\",\"name\":\"Carica papaya 'Sunnybees' - Papaya - T\u00e1jkert\u00e9sz\",\"isPartOf\":{\"@id\":\"https:\\\/\\\/tajkertesz.com\\\/#website\"},\"primaryImageOfPage\":{\"@id\":\"https:\\\/\\\/tajkertesz.com\\\/termek\\\/carica-papaya-papaya-sunnybees\\\/#primaryimage\"},\"image\":{\"@id\":\"https:\\\/\\\/tajkertesz.com\\\/termek\\\/carica-papaya-papaya-sunnybees\\\/#primaryimage\"},\"thumbnailUrl\":\"https:\\\/\\\/tajkertesz.com\\\/wp-content\\\/uploads\\\/2024\\\/04\\\/papaya-scaled.jpg\",\"datePublished\":\"2024-04-04T10:10:36+00:00\",\"dateModified\":\"2026-04-13T06:46:32+00:00\",\"description\":\"Carica papaya 'Sunnybees' - Papaya egzotikus gy\u00fcm\u00f6lcsterm\u0151 n\u00f6v\u00e9ny cser\u00e9pben. V\u00e1s\u00e1rold meg most, \u00e9s nevelj saj\u00e1t papaya gy\u00fcm\u00f6lcs\u00f6t otthonodban!\",\"breadcrumb\":{\"@id\":\"https:\\\/\\\/tajkertesz.com\\\/termek\\\/carica-papaya-papaya-sunnybees\\\/#breadcrumb\"},\"inLanguage\":\"en-US\",\"potentialAction\":[{\"@type\":\"ReadAction\",\"target\":[\"https:\\\/\\\/tajkertesz.com\\\/termek\\\/carica-papaya-papaya-sunnybees\\\/\"]}]},{\"@type\":\"ImageObject\",\"inLanguage\":\"en-US\",\"@id\":\"https:\\\/\\\/tajkertesz.com\\\/termek\\\/carica-papaya-papaya-sunnybees\\\/#primaryimage\",\"url\":\"https:\\\/\\\/tajkertesz.com\\\/wp-content\\\/uploads\\\/2024\\\/04\\\/papaya-scaled.jpg\",\"contentUrl\":\"https:\\\/\\\/tajkertesz.com\\\/wp-content\\\/uploads\\\/2024\\\/04\\\/papaya-scaled.jpg\",\"width\":1154,\"height\":2560,\"caption\":\"Carica papaya 'Sunnybees' - Papaya\"},{\"@type\":\"BreadcrumbList\",\"@id\":\"https:\\\/\\\/tajkertesz.com\\\/termek\\\/carica-papaya-papaya-sunnybees\\\/#breadcrumb\",\"itemListElement\":[{\"@type\":\"ListItem\",\"position\":1,\"name\":\"Home\",\"item\":\"https:\\\/\\\/tajkertesz.com\\\/\"},{\"@type\":\"ListItem\",\"position\":2,\"name\":\"Kezd\u0151lap\",\"item\":\"https:\\\/\\\/tajkertesz.com\\\/\"},{\"@type\":\"ListItem\",\"position\":3,\"name\":\"Carica papaya &#8216;Sunnybees&#8217; &#8211; Papaya\"}]},{\"@type\":\"WebSite\",\"@id\":\"https:\\\/\\\/tajkertesz.com\\\/#website\",\"url\":\"https:\\\/\\\/tajkertesz.com\\\/\",\"name\":\"T\u00e1j-Kert\u00e9sz 84 Kft.\",\"description\":\"Kert\u00e9szeti kis- \u00e9s nagykeresked\u00e9s, D\u00edszn\u00f6v\u00e9ny web\u00e1ruh\u00e1z orsz\u00e1gos h\u00e1zhozsz\u00e1ll\u00edt\u00e1ssal!\",\"publisher\":{\"@id\":\"https:\\\/\\\/tajkertesz.com\\\/#organization\"},\"potentialAction\":[{\"@type\":\"SearchAction\",\"target\":{\"@type\":\"EntryPoint\",\"urlTemplate\":\"https:\\\/\\\/tajkertesz.com\\\/?s={search_term_string}\"},\"query-input\":{\"@type\":\"PropertyValueSpecification\",\"valueRequired\":true,\"valueName\":\"search_term_string\"}}],\"inLanguage\":\"en-US\"},{\"@type\":\"Organization\",\"@id\":\"https:\\\/\\\/tajkertesz.com\\\/#organization\",\"name\":\"T\u00e1j-Kert\u00e9sz 84 Kft.\",\"url\":\"https:\\\/\\\/tajkertesz.com\\\/\",\"logo\":{\"@type\":\"ImageObject\",\"inLanguage\":\"en-US\",\"@id\":\"https:\\\/\\\/tajkertesz.com\\\/#\\\/schema\\\/logo\\\/image\\\/\",\"url\":\"https:\\\/\\\/tajkertesz.com\\\/wp-content\\\/uploads\\\/2018\\\/02\\\/logo-2-e1518678052539.png\",\"contentUrl\":\"https:\\\/\\\/tajkertesz.com\\\/wp-content\\\/uploads\\\/2018\\\/02\\\/logo-2-e1518678052539.png\",\"width\":81,\"height\":140,\"caption\":\"T\u00e1j-Kert\u00e9sz 84 Kft.\"},\"image\":{\"@id\":\"https:\\\/\\\/tajkertesz.com\\\/#\\\/schema\\\/logo\\\/image\\\/\"},\"sameAs\":[\"https:\\\/\\\/www.facebook.com\\\/Tajkertesz\\\/\"]}]}<\/script>\n<!-- \/ Yoast SEO plugin. -->","yoast_head_json":{"title":"Carica papaya 'Sunnybees' - Papaya - T\u00e1jkert\u00e9sz","description":"Carica papaya 'Sunnybees' - Papaya egzotikus gy\u00fcm\u00f6lcsterm\u0151 n\u00f6v\u00e9ny cser\u00e9pben. V\u00e1s\u00e1rold meg most, \u00e9s nevelj saj\u00e1t papaya gy\u00fcm\u00f6lcs\u00f6t otthonodban!","robots":{"index":"index","follow":"follow","max-snippet":"max-snippet:-1","max-image-preview":"max-image-preview:large","max-video-preview":"max-video-preview:-1"},"canonical":"https:\/\/tajkertesz.com\/en_US\/product\/carica-papaya-papaya-sunnybees\/","og_locale":"en_US","og_type":"article","og_title":"Carica papaya 'Sunnybees' - Papaya - T\u00e1jkert\u00e9sz","og_description":"Carica papaya 'Sunnybees' - Papaya egzotikus gy\u00fcm\u00f6lcsterm\u0151 n\u00f6v\u00e9ny cser\u00e9pben. V\u00e1s\u00e1rold meg most, \u00e9s nevelj saj\u00e1t papaya gy\u00fcm\u00f6lcs\u00f6t otthonodban!","og_url":"https:\/\/tajkertesz.com\/en_US\/product\/carica-papaya-papaya-sunnybees\/","og_site_name":"T\u00e1jkert\u00e9sz","article_publisher":"https:\/\/www.facebook.com\/Tajkertesz\/","article_modified_time":"2026-04-13T06:46:32+00:00","og_image":[{"width":1154,"height":2560,"url":"https:\/\/tajkertesz.com\/wp-content\/uploads\/2024\/04\/papaya-scaled.jpg","type":"image\/jpeg"}],"twitter_card":"summary_large_image","twitter_misc":{"Est. reading time":"3 minutes"},"schema":{"@context":"https:\/\/schema.org","@graph":[{"@type":"WebPage","@id":"https:\/\/tajkertesz.com\/termek\/carica-papaya-papaya-sunnybees\/","url":"https:\/\/tajkertesz.com\/termek\/carica-papaya-papaya-sunnybees\/","name":"Carica papaya 'Sunnybees' - Papaya - T\u00e1jkert\u00e9sz","isPartOf":{"@id":"https:\/\/tajkertesz.com\/#website"},"primaryImageOfPage":{"@id":"https:\/\/tajkertesz.com\/termek\/carica-papaya-papaya-sunnybees\/#primaryimage"},"image":{"@id":"https:\/\/tajkertesz.com\/termek\/carica-papaya-papaya-sunnybees\/#primaryimage"},"thumbnailUrl":"https:\/\/tajkertesz.com\/wp-content\/uploads\/2024\/04\/papaya-scaled.jpg","datePublished":"2024-04-04T10:10:36+00:00","dateModified":"2026-04-13T06:46:32+00:00","description":"Carica papaya 'Sunnybees' - Papaya egzotikus gy\u00fcm\u00f6lcsterm\u0151 n\u00f6v\u00e9ny cser\u00e9pben. V\u00e1s\u00e1rold meg most, \u00e9s nevelj saj\u00e1t papaya gy\u00fcm\u00f6lcs\u00f6t otthonodban!","breadcrumb":{"@id":"https:\/\/tajkertesz.com\/termek\/carica-papaya-papaya-sunnybees\/#breadcrumb"},"inLanguage":"en-US","potentialAction":[{"@type":"ReadAction","target":["https:\/\/tajkertesz.com\/termek\/carica-papaya-papaya-sunnybees\/"]}]},{"@type":"ImageObject","inLanguage":"en-US","@id":"https:\/\/tajkertesz.com\/termek\/carica-papaya-papaya-sunnybees\/#primaryimage","url":"https:\/\/tajkertesz.com\/wp-content\/uploads\/2024\/04\/papaya-scaled.jpg","contentUrl":"https:\/\/tajkertesz.com\/wp-content\/uploads\/2024\/04\/papaya-scaled.jpg","width":1154,"height":2560,"caption":"Carica papaya 'Sunnybees' - Papaya"},{"@type":"BreadcrumbList","@id":"https:\/\/tajkertesz.com\/termek\/carica-papaya-papaya-sunnybees\/#breadcrumb","itemListElement":[{"@type":"ListItem","position":1,"name":"Home","item":"https:\/\/tajkertesz.com\/"},{"@type":"ListItem","position":2,"name":"Kezd\u0151lap","item":"https:\/\/tajkertesz.com\/"},{"@type":"ListItem","position":3,"name":"Carica papaya &#8216;Sunnybees&#8217; &#8211; Papaya"}]},{"@type":"WebSite","@id":"https:\/\/tajkertesz.com\/#website","url":"https:\/\/tajkertesz.com\/","name":"T\u00e1j-Kert\u00e9sz 84 Kft.","description":"Kert\u00e9szeti kis- \u00e9s nagykeresked\u00e9s, D\u00edszn\u00f6v\u00e9ny web\u00e1ruh\u00e1z orsz\u00e1gos h\u00e1zhozsz\u00e1ll\u00edt\u00e1ssal!","publisher":{"@id":"https:\/\/tajkertesz.com\/#organization"},"potentialAction":[{"@type":"SearchAction","target":{"@type":"EntryPoint","urlTemplate":"https:\/\/tajkertesz.com\/?s={search_term_string}"},"query-input":{"@type":"PropertyValueSpecification","valueRequired":true,"valueName":"search_term_string"}}],"inLanguage":"en-US"},{"@type":"Organization","@id":"https:\/\/tajkertesz.com\/#organization","name":"T\u00e1j-Kert\u00e9sz 84 Kft.","url":"https:\/\/tajkertesz.com\/","logo":{"@type":"ImageObject","inLanguage":"en-US","@id":"https:\/\/tajkertesz.com\/#\/schema\/logo\/image\/","url":"https:\/\/tajkertesz.com\/wp-content\/uploads\/2018\/02\/logo-2-e1518678052539.png","contentUrl":"https:\/\/tajkertesz.com\/wp-content\/uploads\/2018\/02\/logo-2-e1518678052539.png","width":81,"height":140,"caption":"T\u00e1j-Kert\u00e9sz 84 Kft."},"image":{"@id":"https:\/\/tajkertesz.com\/#\/schema\/logo\/image\/"},"sameAs":["https:\/\/www.facebook.com\/Tajkertesz\/"]}]}},"_links":{"self":[{"href":"https:\/\/tajkertesz.com\/en_US\/wp-json\/wp\/v2\/product\/19960","targetHints":{"allow":["GET"]}}],"collection":[{"href":"https:\/\/tajkertesz.com\/en_US\/wp-json\/wp\/v2\/product"}],"about":[{"href":"https:\/\/tajkertesz.com\/en_US\/wp-json\/wp\/v2\/types\/product"}],"wp:featuredmedia":[{"embeddable":true,"href":"https:\/\/tajkertesz.com\/en_US\/wp-json\/wp\/v2\/media\/19961"}],"wp:attachment":[{"href":"https:\/\/tajkertesz.com\/en_US\/wp-json\/wp\/v2\/media?parent=19960"}],"wp:term":[{"taxonomy":"product_brand","embeddable":true,"href":"https:\/\/tajkertesz.com\/en_US\/wp-json\/wp\/v2\/product_brand?post=19960"},{"taxonomy":"product_cat","embeddable":true,"href":"https:\/\/tajkertesz.com\/en_US\/wp-json\/wp\/v2\/product_cat?post=19960"},{"taxonomy":"product_tag","embeddable":true,"href":"https:\/\/tajkertesz.com\/en_US\/wp-json\/wp\/v2\/product_tag?post=19960"}],"curies":[{"name":"wp","href":"https:\/\/api.w.org\/{rel}","templated":true}]}}