{"id":19963,"date":"2024-04-04T10:14:44","date_gmt":"2024-04-04T10:14:44","guid":{"rendered":"https:\/\/tajkertesz.com\/?post_type=product&#038;p=19963"},"modified":"2025-04-13T10:56:24","modified_gmt":"2025-04-13T10:56:24","slug":"averrhoa-carambola-csillaggyumolcs","status":"publish","type":"product","link":"https:\/\/tajkertesz.com\/en_US\/product\/averrhoa-carambola-csillaggyumolcs\/","title":{"rendered":"Averrhoa carambola &#8211; Csillaggy\u00fcm\u00f6lcs"},"content":{"rendered":"<h1>Averrhoa carambola &#8211; Csillaggy\u00fcm\u00f6lcs<\/h1>\n<p>Az Averrhoa carambola &#8211; Csillaggy\u00fcm\u00f6lcs egy k\u00fcl\u00f6nleges megjelen\u00e9s\u0171 \u00e9s finom, tr\u00f3pusi gy\u00fcm\u00f6lcs, amelynek gy\u00fcm\u00f6lcse <strong data-start=\"159\" data-end=\"178\">csillag alak\u00fa<\/strong>\u00a0\u2013 innen ered a neve is.<\/p>\n<h2>\u00a0Averrhoa carambola jellemz\u0151i:<\/h2>\n<h2 class=\"\" data-start=\"810\" data-end=\"840\"><strong data-start=\"816\" data-end=\"840\">A gy\u00fcm\u00f6lcs jellemz\u0151i<\/strong><\/h2>\n<ul data-start=\"841\" data-end=\"1131\">\n<li style=\"list-style-type: none;\">\n<ul data-start=\"841\" data-end=\"1131\">\n<li class=\"\" data-start=\"841\" data-end=\"872\">\n<p class=\"\" data-start=\"843\" data-end=\"872\"><strong data-start=\"843\" data-end=\"853\">M\u00e9ret:<\/strong> kb. 7\u201315 cm hossz\u00fa<\/p>\n<\/li>\n<li class=\"\" data-start=\"873\" data-end=\"931\">\n<p class=\"\" data-start=\"875\" data-end=\"931\"><strong data-start=\"875\" data-end=\"884\">Sz\u00edn:<\/strong> z\u00f6ldb\u0151l s\u00e1rg\u00e1ra \u00e9rik, \u00e1tl\u00e1tsz\u00f3an f\u00e9nyes h\u00e9jjal<\/p>\n<\/li>\n<li class=\"\" data-start=\"932\" data-end=\"994\">\n<p class=\"\" data-start=\"934\" data-end=\"994\"><strong data-start=\"934\" data-end=\"941\">\u00cdz:<\/strong> enyh\u00e9n \u00e9des-savanyk\u00e1s, n\u00e9ha citrusos, m\u00e1skor \u00e9desebb<\/p>\n<\/li>\n<li class=\"\" data-start=\"995\" data-end=\"1037\">\n<p class=\"\" data-start=\"997\" data-end=\"1037\"><strong data-start=\"997\" data-end=\"1007\">\u00c1llag:<\/strong> ropog\u00f3s, l\u00e9d\u00fas, enyh\u00e9n arom\u00e1s<\/p>\n<\/li>\n<li class=\"\" data-start=\"1038\" data-end=\"1131\">\n<p class=\"\" data-start=\"1040\" data-end=\"1131\"><strong data-start=\"1040\" data-end=\"1057\">Felhaszn\u00e1l\u00e1s:<\/strong> nyersen, sal\u00e1t\u00e1ban, gy\u00fcm\u00f6lcst\u00e1lban, d\u00edsz\u00edt\u00e9sk\u00e9nt, lekv\u00e1r, juice, smoothie<\/p>\n<\/li>\n<li class=\"\" data-start=\"1038\" data-end=\"1131\">\n<p class=\"\" data-start=\"1040\" data-end=\"1131\">A keresztmetszete <strong data-start=\"1156\" data-end=\"1183\">t\u00f6k\u00e9letes \u00f6t\u00e1g\u00fa csillag<\/strong> \u2013 emiatt l\u00e1tv\u00e1nyos desszertd\u00edsz!<\/p>\n<\/li>\n<p>Teljes naps\u00fct\u00e9s, f\u00e9l\u00e1rny\u00e9kban is elvan, de kevesebb term\u00e9st hoz<\/ul>\n<\/li>\n<li>Melegkedvel\u0151: ide\u00e1lis 20\u201330 \u00b0C<\/li>\n<li><strong data-start=\"1467\" data-end=\"1484\">Nem fagyt\u0171r\u0151!<\/strong> M\u00e1r 0 \u00b0C alatt k\u00e1rosodik<\/li>\n<li>Tr\u00f3pusi n\u00f6v\u00e9ny, kedveli a magas p\u00e1ratartalmat<\/li>\n<li>J\u00f3 v\u00edzelvezet\u00e9s\u0171, enyh\u00e9n savas (pH 5.5\u20136.5)<\/li>\n<li>Rendszeres, de nem t\u00fal\u00f6nt\u00f6z\u0151s \u2013 a t\u00fal sok v\u00edzt\u0151l s\u00e1rgulnak a levelek<\/li>\n<\/ul>\n<p>A csillaggy\u00fcm\u00f6lcs <strong data-start=\"1795\" data-end=\"1816\">nem b\u00edrja a telet<\/strong>, ez\u00e9rt n\u00e1lunk <strong data-start=\"1831\" data-end=\"1881\">csak d\u00e9zs\u00e1s vagy cserepes n\u00f6v\u00e9nyk\u00e9nt nevelhet\u0151<\/strong>.<\/p>\n<p><b>K\u00e9szlet\u00fcnk napi szinten v\u00e1ltozik, ez\u00e9rt k\u00e9rj\u00fck, \u00e9rdekl\u0151dj\u00f6n szem\u00e9lyesen, telefonon vagy email-en.<br \/>\nA v\u00e1ltoztat\u00e1s jog\u00e1t fenntartjuk!<\/b><b>\u00a0<\/b><\/p>\n<p><a href=\"https:\/\/tajkertesz.com\/\">https:\/\/tajkertesz.com\/<\/a><\/p>\n<p><a href=\"https:\/\/www.facebook.com\/tajkertesz\/\">https:\/\/www.facebook.com\/tajkertesz\/<\/a><\/p>\n<p>Kisz\u00e1ll\u00edt\u00e1s: 200cm-ig \u00e9s 40 kg-ig a sz\u00e1ll\u00edt\u00e1s fut\u00e1rszolg\u00e1lattal t\u00f6rt\u00e9nik.<\/p>\n<p>Szem\u00e9lyes \u00e1tv\u00e9tel nyitvatart\u00e1si id\u0151ben a 17. ker\u00fclet Bakancsos utca 7. sz\u00e1m alatti Kert\u00e9szeti \u00e1rud\u00e1nkban.<\/p>\n<p>Kert\u00e9p\u00edt\u0151k \u00e9s viszontelad\u00f3k regisztr\u00e1l\u00e1s ut\u00e1n egyedi kedvezm\u00e9nnyel v\u00e1s\u00e1rolhatnak kert\u00e9szeti kis-\u00e9s nagykeresked\u00e9s\u00fcnkben.<\/p>\n<p><strong>Az \u00e1rak egy darab term\u00e9kre vonatkoznak.<\/strong><\/p>\n<p><strong>J\u00f3 tudni!<\/strong><\/p>\n<p>K\u00e9pek-elt\u00e9r\u00e9sek:<\/p>\n<p>A n\u00f6v\u00e9nyekr\u0151l felt\u00f6lt\u00f6tt k\u00e9pek illusztr\u00e1ci\u00f3k. N\u00f6v\u00e9nyekn\u00e9l el\u0151fordulhatnak minim\u00e1lis elt\u00e9r\u00e9sek a k\u00e9peken szerepl\u0151 n\u00f6v\u00e9nyek \u00e9s az \u00e1tvett n\u00f6v\u00e9nyek k\u00f6z\u00f6tt, mivel minden n\u00f6v\u00e9ny egyedi.<\/p>\n<h4>N\u00f6v\u00e9nyek sz\u00e1ll\u00edt\u00e1sa:<\/h4>\n<p>A megrendelt n\u00f6v\u00e9nyeket igyeksz\u00fcnk a lehet\u0151 legbiztons\u00e1gosabban egyes\u00e9vel csomagolni, azonban a sz\u00e1ll\u00edt\u00e1s sor\u00e1n m\u00e9g ennek ellen\u00e9re is\u00a0bek\u00f6vetkezhetnek apr\u00f3bb s\u00e9r\u00fcl\u00e9sek (lev\u00e9l- vagy vir\u00e1ghull\u00e1s).<br \/>\nN\u00f6v\u00e9ny rendel\u00e9s eset\u00e9n k\u00e9rj\u00fck a k\u00e9zbes\u00edt\u00e9st k\u00f6vet\u0151en a lehet\u0151 leghamarabb bonts\u00e1k ki a csomagot.<\/p>\n<p>Abban az esetben, ha a megrendelt n\u00f6v\u00e9ny\u00a0a sz\u00e1ll\u00edt\u00e1st k\u00f6vet\u0151en\u00a0nem megfelel\u0151 gondoz\u00e1sban r\u00e9szes\u00fcl \u00e9s ebb\u0151l kifoly\u00f3lag\u00a0k\u00e1rosodik,\u00a0elpusztul, felel\u0151ss\u00e9get sajnos nem tudunk v\u00e1llalni.<\/p>\n<p>V\u00e1s\u00e1rl\u00e1st\u00f3l val\u00f3 el\u00e1ll\u00e1s \u00e9l\u0151 n\u00f6v\u00e9ny v\u00e1s\u00e1rl\u00e1sa eset\u00e9n:<\/p>\n<p>Az \u00e1ltal\u00e1nos 14 napos el\u00e1ll\u00e1s lehet\u0151s\u00e9ge \u00e9l\u0151 n\u00f6v\u00e9nyekre nem vonatkozik. V\u00e1s\u00e1rl\u00e1st\u00f3l val\u00f3 el\u00e1ll\u00e1sra, visszak\u00fcld\u00e9sre nincs lehet\u0151s\u00e9g.\u00a0(17\/1999. (II. 5.) Korm. rendelet 5c pontja)<\/p>\n<p><strong>K\u00e9rj\u00fck fentiek figyelembev\u00e9tel\u00e9t n\u00f6v\u00e9ny rendel\u00e9se sor\u00e1n!<\/strong><\/p>","protected":false},"excerpt":{"rendered":"<p>Averrhoa carambola &#8211; Csillaggy\u00fcm\u00f6lcs Az Averrhoa carambola &#8211; Csillaggy\u00fcm\u00f6lcs egy k\u00fcl\u00f6nleges megjelen\u00e9s\u0171 \u00e9s finom, tr\u00f3pusi gy\u00fcm\u00f6lcs, amelynek gy\u00fcm\u00f6lcse csillag alak\u00fa\u00a0\u2013 innen ered a neve is. \u00a0Averrhoa carambola jellemz\u0151i: A gy\u00fcm\u00f6lcs jellemz\u0151i M\u00e9ret: kb. 7\u201315 cm hossz\u00fa Sz\u00edn: z\u00f6ldb\u0151l s\u00e1rg\u00e1ra \u00e9rik, \u00e1tl\u00e1tsz\u00f3an f\u00e9nyes h\u00e9jjal \u00cdz: enyh\u00e9n \u00e9des-savanyk\u00e1s, n\u00e9ha citrusos, m\u00e1skor \u00e9desebb \u00c1llag: ropog\u00f3s, l\u00e9d\u00fas, enyh\u00e9n arom\u00e1s [&hellip;]<\/p>\n","protected":false},"featured_media":19965,"template":"","meta":{"_et_pb_use_builder":"","_et_pb_old_content":"","_et_gb_content_width":""},"product_brand":[],"product_cat":[29,517],"product_tag":[5088,5089,5090],"class_list":{"0":"post-19963","1":"product","2":"type-product","3":"status-publish","4":"has-post-thumbnail","6":"product_cat-gyumolcsfak-gyumolcstermo-novenyek","7":"product_cat-palmak-citrusok-es-mediterran-novenyek","8":"product_tag-averrhoa","9":"product_tag-carambola","10":"product_tag-csillaggyumolcs","12":"first","13":"instock","14":"sale","15":"shipping-taxable","16":"purchasable","17":"product-type-simple"},"yoast_head":"<!-- This site is optimized with the Yoast SEO plugin v27.5 - https:\/\/yoast.com\/product\/yoast-seo-wordpress\/ -->\n<title>Averrhoa carambola - Csillaggy\u00fcm\u00f6lcs - T\u00e1jkert\u00e9sz<\/title>\n<meta name=\"description\" content=\"Averrhoa carambola - Csillaggy\u00fcm\u00f6lcsAz Averrhoa carambola - Csillaggy\u00fcm\u00f6lcs egy k\u00fcl\u00f6nleges megjelen\u00e9s\u0171 \u00e9s finom, tr\u00f3pusi gy\u00fcm\u00f6lcs\" \/>\n<meta name=\"robots\" content=\"index, follow, max-snippet:-1, max-image-preview:large, max-video-preview:-1\" \/>\n<link rel=\"canonical\" href=\"https:\/\/tajkertesz.com\/en_US\/product\/averrhoa-carambola-csillaggyumolcs\/\" \/>\n<meta property=\"og:locale\" content=\"en_US\" \/>\n<meta property=\"og:type\" content=\"article\" \/>\n<meta property=\"og:title\" content=\"Averrhoa carambola - Csillaggy\u00fcm\u00f6lcs - T\u00e1jkert\u00e9sz\" \/>\n<meta property=\"og:description\" content=\"Averrhoa carambola - Csillaggy\u00fcm\u00f6lcsAz Averrhoa carambola - Csillaggy\u00fcm\u00f6lcs egy k\u00fcl\u00f6nleges megjelen\u00e9s\u0171 \u00e9s finom, tr\u00f3pusi gy\u00fcm\u00f6lcs\" \/>\n<meta property=\"og:url\" content=\"https:\/\/tajkertesz.com\/en_US\/product\/averrhoa-carambola-csillaggyumolcs\/\" \/>\n<meta property=\"og:site_name\" content=\"T\u00e1jkert\u00e9sz\" \/>\n<meta property=\"article:publisher\" content=\"https:\/\/www.facebook.com\/Tajkertesz\/\" \/>\n<meta property=\"article:modified_time\" content=\"2025-04-13T10:56:24+00:00\" \/>\n<meta property=\"og:image\" content=\"https:\/\/tajkertesz.com\/wp-content\/uploads\/2024\/04\/20240403_151054-scaled.jpg\" \/>\n\t<meta property=\"og:image:width\" content=\"1154\" \/>\n\t<meta property=\"og:image:height\" content=\"2560\" \/>\n\t<meta property=\"og:image:type\" content=\"image\/jpeg\" \/>\n<meta name=\"twitter:card\" content=\"summary_large_image\" \/>\n<meta name=\"twitter:label1\" content=\"Est. reading time\" \/>\n\t<meta name=\"twitter:data1\" content=\"2 minutes\" \/>\n<script type=\"application\/ld+json\" class=\"yoast-schema-graph\">{\"@context\":\"https:\\\/\\\/schema.org\",\"@graph\":[{\"@type\":\"WebPage\",\"@id\":\"https:\\\/\\\/tajkertesz.com\\\/termek\\\/averrhoa-carambola-csillaggyumolcs\\\/\",\"url\":\"https:\\\/\\\/tajkertesz.com\\\/termek\\\/averrhoa-carambola-csillaggyumolcs\\\/\",\"name\":\"Averrhoa carambola - Csillaggy\u00fcm\u00f6lcs - T\u00e1jkert\u00e9sz\",\"isPartOf\":{\"@id\":\"https:\\\/\\\/tajkertesz.com\\\/#website\"},\"primaryImageOfPage\":{\"@id\":\"https:\\\/\\\/tajkertesz.com\\\/termek\\\/averrhoa-carambola-csillaggyumolcs\\\/#primaryimage\"},\"image\":{\"@id\":\"https:\\\/\\\/tajkertesz.com\\\/termek\\\/averrhoa-carambola-csillaggyumolcs\\\/#primaryimage\"},\"thumbnailUrl\":\"https:\\\/\\\/tajkertesz.com\\\/wp-content\\\/uploads\\\/2024\\\/04\\\/20240403_151054-scaled.jpg\",\"datePublished\":\"2024-04-04T10:14:44+00:00\",\"dateModified\":\"2025-04-13T10:56:24+00:00\",\"description\":\"Averrhoa carambola - Csillaggy\u00fcm\u00f6lcsAz Averrhoa carambola - Csillaggy\u00fcm\u00f6lcs egy k\u00fcl\u00f6nleges megjelen\u00e9s\u0171 \u00e9s finom, tr\u00f3pusi gy\u00fcm\u00f6lcs\",\"breadcrumb\":{\"@id\":\"https:\\\/\\\/tajkertesz.com\\\/termek\\\/averrhoa-carambola-csillaggyumolcs\\\/#breadcrumb\"},\"inLanguage\":\"en-US\",\"potentialAction\":[{\"@type\":\"ReadAction\",\"target\":[\"https:\\\/\\\/tajkertesz.com\\\/termek\\\/averrhoa-carambola-csillaggyumolcs\\\/\"]}]},{\"@type\":\"ImageObject\",\"inLanguage\":\"en-US\",\"@id\":\"https:\\\/\\\/tajkertesz.com\\\/termek\\\/averrhoa-carambola-csillaggyumolcs\\\/#primaryimage\",\"url\":\"https:\\\/\\\/tajkertesz.com\\\/wp-content\\\/uploads\\\/2024\\\/04\\\/20240403_151054-scaled.jpg\",\"contentUrl\":\"https:\\\/\\\/tajkertesz.com\\\/wp-content\\\/uploads\\\/2024\\\/04\\\/20240403_151054-scaled.jpg\",\"width\":1154,\"height\":2560},{\"@type\":\"BreadcrumbList\",\"@id\":\"https:\\\/\\\/tajkertesz.com\\\/termek\\\/averrhoa-carambola-csillaggyumolcs\\\/#breadcrumb\",\"itemListElement\":[{\"@type\":\"ListItem\",\"position\":1,\"name\":\"Home\",\"item\":\"https:\\\/\\\/tajkertesz.com\\\/\"},{\"@type\":\"ListItem\",\"position\":2,\"name\":\"Kezd\u0151lap\",\"item\":\"https:\\\/\\\/tajkertesz.com\\\/\"},{\"@type\":\"ListItem\",\"position\":3,\"name\":\"Averrhoa carambola &#8211; Csillaggy\u00fcm\u00f6lcs\"}]},{\"@type\":\"WebSite\",\"@id\":\"https:\\\/\\\/tajkertesz.com\\\/#website\",\"url\":\"https:\\\/\\\/tajkertesz.com\\\/\",\"name\":\"T\u00e1j-Kert\u00e9sz 84 Kft.\",\"description\":\"Kert\u00e9szeti kis- \u00e9s nagykeresked\u00e9s, D\u00edszn\u00f6v\u00e9ny web\u00e1ruh\u00e1z orsz\u00e1gos h\u00e1zhozsz\u00e1ll\u00edt\u00e1ssal!\",\"publisher\":{\"@id\":\"https:\\\/\\\/tajkertesz.com\\\/#organization\"},\"potentialAction\":[{\"@type\":\"SearchAction\",\"target\":{\"@type\":\"EntryPoint\",\"urlTemplate\":\"https:\\\/\\\/tajkertesz.com\\\/?s={search_term_string}\"},\"query-input\":{\"@type\":\"PropertyValueSpecification\",\"valueRequired\":true,\"valueName\":\"search_term_string\"}}],\"inLanguage\":\"en-US\"},{\"@type\":\"Organization\",\"@id\":\"https:\\\/\\\/tajkertesz.com\\\/#organization\",\"name\":\"T\u00e1j-Kert\u00e9sz 84 Kft.\",\"url\":\"https:\\\/\\\/tajkertesz.com\\\/\",\"logo\":{\"@type\":\"ImageObject\",\"inLanguage\":\"en-US\",\"@id\":\"https:\\\/\\\/tajkertesz.com\\\/#\\\/schema\\\/logo\\\/image\\\/\",\"url\":\"https:\\\/\\\/tajkertesz.com\\\/wp-content\\\/uploads\\\/2018\\\/02\\\/logo-2-e1518678052539.png\",\"contentUrl\":\"https:\\\/\\\/tajkertesz.com\\\/wp-content\\\/uploads\\\/2018\\\/02\\\/logo-2-e1518678052539.png\",\"width\":81,\"height\":140,\"caption\":\"T\u00e1j-Kert\u00e9sz 84 Kft.\"},\"image\":{\"@id\":\"https:\\\/\\\/tajkertesz.com\\\/#\\\/schema\\\/logo\\\/image\\\/\"},\"sameAs\":[\"https:\\\/\\\/www.facebook.com\\\/Tajkertesz\\\/\"]}]}<\/script>\n<!-- \/ Yoast SEO plugin. -->","yoast_head_json":{"title":"Averrhoa carambola - Csillaggy\u00fcm\u00f6lcs - T\u00e1jkert\u00e9sz","description":"Averrhoa carambola - Csillaggy\u00fcm\u00f6lcsAz Averrhoa carambola - Csillaggy\u00fcm\u00f6lcs egy k\u00fcl\u00f6nleges megjelen\u00e9s\u0171 \u00e9s finom, tr\u00f3pusi gy\u00fcm\u00f6lcs","robots":{"index":"index","follow":"follow","max-snippet":"max-snippet:-1","max-image-preview":"max-image-preview:large","max-video-preview":"max-video-preview:-1"},"canonical":"https:\/\/tajkertesz.com\/en_US\/product\/averrhoa-carambola-csillaggyumolcs\/","og_locale":"en_US","og_type":"article","og_title":"Averrhoa carambola - Csillaggy\u00fcm\u00f6lcs - T\u00e1jkert\u00e9sz","og_description":"Averrhoa carambola - Csillaggy\u00fcm\u00f6lcsAz Averrhoa carambola - Csillaggy\u00fcm\u00f6lcs egy k\u00fcl\u00f6nleges megjelen\u00e9s\u0171 \u00e9s finom, tr\u00f3pusi gy\u00fcm\u00f6lcs","og_url":"https:\/\/tajkertesz.com\/en_US\/product\/averrhoa-carambola-csillaggyumolcs\/","og_site_name":"T\u00e1jkert\u00e9sz","article_publisher":"https:\/\/www.facebook.com\/Tajkertesz\/","article_modified_time":"2025-04-13T10:56:24+00:00","og_image":[{"width":1154,"height":2560,"url":"https:\/\/tajkertesz.com\/wp-content\/uploads\/2024\/04\/20240403_151054-scaled.jpg","type":"image\/jpeg"}],"twitter_card":"summary_large_image","twitter_misc":{"Est. reading time":"2 minutes"},"schema":{"@context":"https:\/\/schema.org","@graph":[{"@type":"WebPage","@id":"https:\/\/tajkertesz.com\/termek\/averrhoa-carambola-csillaggyumolcs\/","url":"https:\/\/tajkertesz.com\/termek\/averrhoa-carambola-csillaggyumolcs\/","name":"Averrhoa carambola - Csillaggy\u00fcm\u00f6lcs - T\u00e1jkert\u00e9sz","isPartOf":{"@id":"https:\/\/tajkertesz.com\/#website"},"primaryImageOfPage":{"@id":"https:\/\/tajkertesz.com\/termek\/averrhoa-carambola-csillaggyumolcs\/#primaryimage"},"image":{"@id":"https:\/\/tajkertesz.com\/termek\/averrhoa-carambola-csillaggyumolcs\/#primaryimage"},"thumbnailUrl":"https:\/\/tajkertesz.com\/wp-content\/uploads\/2024\/04\/20240403_151054-scaled.jpg","datePublished":"2024-04-04T10:14:44+00:00","dateModified":"2025-04-13T10:56:24+00:00","description":"Averrhoa carambola - Csillaggy\u00fcm\u00f6lcsAz Averrhoa carambola - Csillaggy\u00fcm\u00f6lcs egy k\u00fcl\u00f6nleges megjelen\u00e9s\u0171 \u00e9s finom, tr\u00f3pusi gy\u00fcm\u00f6lcs","breadcrumb":{"@id":"https:\/\/tajkertesz.com\/termek\/averrhoa-carambola-csillaggyumolcs\/#breadcrumb"},"inLanguage":"en-US","potentialAction":[{"@type":"ReadAction","target":["https:\/\/tajkertesz.com\/termek\/averrhoa-carambola-csillaggyumolcs\/"]}]},{"@type":"ImageObject","inLanguage":"en-US","@id":"https:\/\/tajkertesz.com\/termek\/averrhoa-carambola-csillaggyumolcs\/#primaryimage","url":"https:\/\/tajkertesz.com\/wp-content\/uploads\/2024\/04\/20240403_151054-scaled.jpg","contentUrl":"https:\/\/tajkertesz.com\/wp-content\/uploads\/2024\/04\/20240403_151054-scaled.jpg","width":1154,"height":2560},{"@type":"BreadcrumbList","@id":"https:\/\/tajkertesz.com\/termek\/averrhoa-carambola-csillaggyumolcs\/#breadcrumb","itemListElement":[{"@type":"ListItem","position":1,"name":"Home","item":"https:\/\/tajkertesz.com\/"},{"@type":"ListItem","position":2,"name":"Kezd\u0151lap","item":"https:\/\/tajkertesz.com\/"},{"@type":"ListItem","position":3,"name":"Averrhoa carambola &#8211; Csillaggy\u00fcm\u00f6lcs"}]},{"@type":"WebSite","@id":"https:\/\/tajkertesz.com\/#website","url":"https:\/\/tajkertesz.com\/","name":"T\u00e1j-Kert\u00e9sz 84 Kft.","description":"Kert\u00e9szeti kis- \u00e9s nagykeresked\u00e9s, D\u00edszn\u00f6v\u00e9ny web\u00e1ruh\u00e1z orsz\u00e1gos h\u00e1zhozsz\u00e1ll\u00edt\u00e1ssal!","publisher":{"@id":"https:\/\/tajkertesz.com\/#organization"},"potentialAction":[{"@type":"SearchAction","target":{"@type":"EntryPoint","urlTemplate":"https:\/\/tajkertesz.com\/?s={search_term_string}"},"query-input":{"@type":"PropertyValueSpecification","valueRequired":true,"valueName":"search_term_string"}}],"inLanguage":"en-US"},{"@type":"Organization","@id":"https:\/\/tajkertesz.com\/#organization","name":"T\u00e1j-Kert\u00e9sz 84 Kft.","url":"https:\/\/tajkertesz.com\/","logo":{"@type":"ImageObject","inLanguage":"en-US","@id":"https:\/\/tajkertesz.com\/#\/schema\/logo\/image\/","url":"https:\/\/tajkertesz.com\/wp-content\/uploads\/2018\/02\/logo-2-e1518678052539.png","contentUrl":"https:\/\/tajkertesz.com\/wp-content\/uploads\/2018\/02\/logo-2-e1518678052539.png","width":81,"height":140,"caption":"T\u00e1j-Kert\u00e9sz 84 Kft."},"image":{"@id":"https:\/\/tajkertesz.com\/#\/schema\/logo\/image\/"},"sameAs":["https:\/\/www.facebook.com\/Tajkertesz\/"]}]}},"_links":{"self":[{"href":"https:\/\/tajkertesz.com\/en_US\/wp-json\/wp\/v2\/product\/19963","targetHints":{"allow":["GET"]}}],"collection":[{"href":"https:\/\/tajkertesz.com\/en_US\/wp-json\/wp\/v2\/product"}],"about":[{"href":"https:\/\/tajkertesz.com\/en_US\/wp-json\/wp\/v2\/types\/product"}],"wp:featuredmedia":[{"embeddable":true,"href":"https:\/\/tajkertesz.com\/en_US\/wp-json\/wp\/v2\/media\/19965"}],"wp:attachment":[{"href":"https:\/\/tajkertesz.com\/en_US\/wp-json\/wp\/v2\/media?parent=19963"}],"wp:term":[{"taxonomy":"product_brand","embeddable":true,"href":"https:\/\/tajkertesz.com\/en_US\/wp-json\/wp\/v2\/product_brand?post=19963"},{"taxonomy":"product_cat","embeddable":true,"href":"https:\/\/tajkertesz.com\/en_US\/wp-json\/wp\/v2\/product_cat?post=19963"},{"taxonomy":"product_tag","embeddable":true,"href":"https:\/\/tajkertesz.com\/en_US\/wp-json\/wp\/v2\/product_tag?post=19963"}],"curies":[{"name":"wp","href":"https:\/\/api.w.org\/{rel}","templated":true}]}}