{"id":19971,"date":"2024-04-04T12:28:41","date_gmt":"2024-04-04T12:28:41","guid":{"rendered":"https:\/\/tajkertesz.com\/?post_type=product&#038;p=19971"},"modified":"2026-02-12T15:22:48","modified_gmt":"2026-02-12T15:22:48","slug":"bros-vitrol-csigaolo-250-g","status":"publish","type":"product","link":"https:\/\/tajkertesz.com\/en_US\/product\/bros-vitrol-csigaolo-250-g\/","title":{"rendered":"Bros Vitrol csiga\u00f6l\u0151 250 g"},"content":{"rendered":"<h1 class=\"product-detail-name\">Bros Vitrol csiga\u00f6l\u0151 250 g<\/h1>\n<p class=\"product-detail-name\">Bros Vitrol csiga\u00f6l\u0151 250 g<\/p>\n<h2>HAT\u00d3ANYAG:<\/h2>\n<h2><i>\u00a0<\/i><i>vas-pirofoszf\u00e1t, 24 g\/kg<\/i><\/h2>\n<h2><i>ADAGOL\u00c1S:<\/i><\/h2>\n<p style=\"font-weight: 400;\">kult\u00far\u00e1nk\u00e9nt v\u00e1ltoz\u00f3, l\u00e1sd a term\u00e9k csomagol\u00e1s\u00e1n<\/p>\n<p style=\"font-weight: 400;\"><strong>KULT\u00daRA:<\/strong><\/p>\n<p style=\"font-weight: 400;\"><i>Sz\u00e1nt\u00f3f\u00f6ldi n\u00f6v\u00e9nyek, hajtatott \u00e9s szabadf\u00f6ldi d\u00edszn\u00f6v\u00e9nyek, hajtatott \u00e9s szabadf\u00f6ldi gy\u00fcm\u00f6lcsf\u00e9l\u00e9k<\/i><\/p>\n<p style=\"font-weight: 400;\"><strong>K\u00c1ROS\u00cdT\u00d3:<\/strong><\/p>\n<p style=\"font-weight: 400;\"><strong>\u00a0<\/strong><i>csupasz csig\u00e1k, meztelen csig\u00e1k, h\u00e1zas csig\u00e1k<\/i><\/p>\n<h2>A Bros Vitrol csiga\u00f6l\u0151 jellemz\u0151i<\/h2>\n<ul>\n<li>A Vitrol vas-difoszf\u00e1t hat\u00f3anyagot tartalmaz, amely biztons\u00e1gos a h\u00e1zi\u00e1llatok, s\u00fcn\u00f6k \u00e9s madarak sz\u00e1m\u00e1ra. Egy id\u0151 ut\u00e1n foszf\u00e1t- \u00e9s vasionokra bomlik, amelyek a term\u00e9szetben is gyakran el\u0151fordulnak, \u00e9s tr\u00e1gyak\u00e9nt hozz\u00e1j\u00e1rul a kertben<\/li>\n<li>a term\u00e9kben tal\u00e1lhat\u00f3 hat\u00f3anyag, a vas-difoszf\u00e1t hat\u00e1smechanizmusa a ny\u00e1lkak\u00e9pz\u0151d\u00e9s cs\u00f6kkent\u00e9se. A term\u00e9k azonnal meg\u00e1ll\u00edtja a n\u00f6v\u00e9nyek t\u00e1pl\u00e1lkoz\u00e1s\u00e1t, mert m\u00e1r egyetlen lenyel\u00e9s ut\u00e1n tel\u00edt\u0151dnek a k\u00e1rtev\u0151k. A csig\u00e1k a pellet elfogyaszt\u00e1sa ut\u00e1n \u00e1ltal\u00e1ban elt\u0171nnek f\u00f6ldalatti b\u00fav\u00f3helyeikre, ahol ezt k\u00f6vet\u0151en elpusztulnak. Ennek a hat\u00e1snak k\u00f6sz\u00f6nhet\u0151en a v\u00e9dett ter\u00fcleten minim\u00e1lisra cs\u00f6kken a ny\u00e1lka \u00e9s az elpusztult csig\u00e1k jelenl\u00e9te. A term\u00e9k haszn\u00e1lat\u00e1nak eredm\u00e9nyei nem felt\u00e9tlen\u00fcl l\u00e1that\u00f3k azonnal, ez\u00e9rt a hat\u00e9konys\u00e1g\u00e1t k\u00f6zvetve, azaz a k\u00e1rtev\u0151k \u00e1ltal okozott k\u00e1rok cs\u00f6kkent m\u00e9rt\u00e9ke alapj\u00e1n \u00edt\u00e9lj\u00fck meg.<\/li>\n<li>alkalmas a biogazd\u00e1lkod\u00e1sban t\u00f6rt\u00e9n\u0151 felhaszn\u00e1l\u00e1sra.<\/li>\n<\/ul>\n<h2>LE\u00cdR\u00c1S<\/h2>\n<p style=\"font-weight: 400;\">\u00a0<i>A vas-pirifoszf\u00e1t csal\u00e9tek, mely a k\u00e1rtev\u0151 em\u00e9szt\u0151rendszer\u00e9be jutva le\u00e1ll\u00edtja annak t\u00e1pl\u00e1lkoz\u00e1s\u00e1t. A m\u00e9rgez\u00e9s k\u00f6vetkezt\u00e9ben a csiga v\u00e9dett helyre h\u00faz\u00f3dik, ahol elpusztul. A szert egy \u00e9vben, illetve egy termeszt\u00e9si ciklusban ugyanarra ter\u00fcletre legfeljebb hat alkalommal lehet kijuttatni, a k\u00e9t kezel\u00e9s k\u00f6z\u00f6tt legal\u00e1bb 14 napnak el kell telnie.<\/i><\/p>\n<h2>EGY\u00c9B<\/h2>\n<p style=\"font-weight: 400;\">\u00a0A csal\u00e9tek szemcs\u00e9ket \u00e9rdemes a d\u00e9lut\u00e1ni vagy az esti \u00f3r\u00e1kban kisz\u00f3rni. A v\u00e9dekez\u00e9s akkor a legeredm\u00e9nyesebb, ha a talaj felsz\u00edne nedves \u00e9s r\u00f6gmentes.<\/p>\n<p style=\"font-weight: 400;\"><strong><em>Ez a term\u00e9kle\u00edr\u00e1s t\u00e1j\u00e9koztat\u00f3 jelleg\u0171, a k\u00e9sz\u00edtm\u00e9ny felhaszn\u00e1l\u00e1sa el\u0151tt olvassa el a c\u00edmk\u00e9ken tal\u00e1lhat\u00f3 haszn\u00e1lati utas\u00edt\u00e1st!<\/em><\/strong><\/p>\n<p>El\u00e9rhet\u0151 t\u00f6bbf\u00e9le m\u00e9retben \u00e9s \u00e1rban.<\/p>\n<p><strong>K\u00e9szlet\u00fcnk napi szinten v\u00e1ltozik, ez\u00e9rt k\u00e9rj\u00fck, \u00e9rdekl\u0151dj\u00f6n szem\u00e9lyesen, telefonon vagy email-en.<br \/>\nA v\u00e1ltoztat\u00e1s jog\u00e1t fenntartjuk!\u00a0<\/strong><\/p>\n<p>&nbsp;<\/p>\n<p><a href=\"https:\/\/tajkertesz.com\/\">https:\/\/tajkertesz.com\/<\/a><\/p>\n<p><a href=\"https:\/\/www.facebook.com\/tajkertesz\/\">https:\/\/www.facebook.com\/tajkertesz\/<\/a><\/p>\n<p>Kisz\u00e1ll\u00edt\u00e1s: 200cm-ig \u00a0\u00e9s 40 kg-ig a sz\u00e1ll\u00edt\u00e1s fut\u00e1rszolg\u00e1lattal \u00a0t\u00f6rt\u00e9nik.<\/p>\n<p>Szem\u00e9lyes \u00e1tv\u00e9tel nyitvatart\u00e1si id\u0151ben a 17. ker\u00fclet Bakancsos utca 7. sz\u00e1m alatti Kert\u00e9szeti \u00e1rud\u00e1nkban.<\/p>","protected":false},"excerpt":{"rendered":"<h1 class=\"product-detail-name\">Bros Vitrol csiga\u00f6l\u0151 250 g<\/h1>\n<p>A Bros Vitrol csiga\u00f6l\u0151 jellemz\u0151i A Vitrol vas-difoszf\u00e1t hat\u00f3anyagot tartalmaz, amely biztons\u00e1gos a h\u00e1zi\u00e1llatok, s\u00fcn\u00f6k \u00e9s madarak sz\u00e1m\u00e1ra. Egy id\u0151 ut\u00e1n foszf\u00e1t- \u00e9s vasionokra bomlik, amelyek a term\u00e9szetben is gyakran el\u0151fordulnak&#8230;<\/p>","protected":false},"featured_media":19972,"template":"","meta":{"_et_pb_use_builder":"","_et_pb_old_content":"","_et_gb_content_width":""},"product_brand":[],"product_cat":[3425],"product_tag":[5094,4808,4811,4814],"class_list":{"0":"post-19971","1":"product","2":"type-product","3":"status-publish","4":"has-post-thumbnail","6":"product_cat-irtoszer-csigairto","7":"product_tag-bros-csiga","8":"product_tag-csiga","9":"product_tag-csigaolo","10":"product_tag-meztelencsiga","12":"first","13":"instock","14":"shipping-taxable","15":"purchasable","16":"product-type-simple"},"yoast_head":"<!-- This site is optimized with the Yoast SEO plugin v27.3 - https:\/\/yoast.com\/product\/yoast-seo-wordpress\/ -->\n<title>Bros Vitrol csiga\u00f6l\u0151 250 g - T\u00e1jkert\u00e9sz<\/title>\n<meta name=\"description\" content=\"Bros Vitrol csiga\u00f6l\u0151 250 g. K\u00c1ROS\u00cdT\u00d3:\u00a0csupasz csig\u00e1k, meztelen csig\u00e1k, h\u00e1zas csig\u00e1k.\" \/>\n<meta name=\"robots\" content=\"index, follow, max-snippet:-1, max-image-preview:large, max-video-preview:-1\" \/>\n<link rel=\"canonical\" href=\"https:\/\/tajkertesz.com\/en_US\/product\/bros-vitrol-csigaolo-250-g\/\" \/>\n<meta property=\"og:locale\" content=\"en_US\" \/>\n<meta property=\"og:type\" content=\"article\" \/>\n<meta property=\"og:title\" content=\"Bros Vitrol csiga\u00f6l\u0151 250 g - T\u00e1jkert\u00e9sz\" \/>\n<meta property=\"og:description\" content=\"Bros Vitrol csiga\u00f6l\u0151 250 g. K\u00c1ROS\u00cdT\u00d3:\u00a0csupasz csig\u00e1k, meztelen csig\u00e1k, h\u00e1zas csig\u00e1k.\" \/>\n<meta property=\"og:url\" content=\"https:\/\/tajkertesz.com\/en_US\/product\/bros-vitrol-csigaolo-250-g\/\" \/>\n<meta property=\"og:site_name\" content=\"T\u00e1jkert\u00e9sz\" \/>\n<meta property=\"article:publisher\" content=\"https:\/\/www.facebook.com\/Tajkertesz\/\" \/>\n<meta property=\"article:modified_time\" content=\"2026-02-12T15:22:48+00:00\" \/>\n<meta property=\"og:image\" content=\"https:\/\/tajkertesz.com\/wp-content\/uploads\/2024\/04\/T15650-1-Brosvitrol11_1920x1920.jpg\" \/>\n\t<meta property=\"og:image:width\" content=\"128\" \/>\n\t<meta property=\"og:image:height\" content=\"278\" \/>\n\t<meta property=\"og:image:type\" content=\"image\/jpeg\" \/>\n<meta name=\"twitter:card\" content=\"summary_large_image\" \/>\n<meta name=\"twitter:label1\" content=\"Est. reading time\" \/>\n\t<meta name=\"twitter:data1\" content=\"2 minutes\" \/>\n<script type=\"application\/ld+json\" class=\"yoast-schema-graph\">{\"@context\":\"https:\\\/\\\/schema.org\",\"@graph\":[{\"@type\":\"WebPage\",\"@id\":\"https:\\\/\\\/tajkertesz.com\\\/termek\\\/bros-vitrol-csigaolo-250-g\\\/\",\"url\":\"https:\\\/\\\/tajkertesz.com\\\/termek\\\/bros-vitrol-csigaolo-250-g\\\/\",\"name\":\"Bros Vitrol csiga\u00f6l\u0151 250 g - T\u00e1jkert\u00e9sz\",\"isPartOf\":{\"@id\":\"https:\\\/\\\/tajkertesz.com\\\/#website\"},\"primaryImageOfPage\":{\"@id\":\"https:\\\/\\\/tajkertesz.com\\\/termek\\\/bros-vitrol-csigaolo-250-g\\\/#primaryimage\"},\"image\":{\"@id\":\"https:\\\/\\\/tajkertesz.com\\\/termek\\\/bros-vitrol-csigaolo-250-g\\\/#primaryimage\"},\"thumbnailUrl\":\"https:\\\/\\\/tajkertesz.com\\\/wp-content\\\/uploads\\\/2024\\\/04\\\/T15650-1-Brosvitrol11_1920x1920.jpg\",\"datePublished\":\"2024-04-04T12:28:41+00:00\",\"dateModified\":\"2026-02-12T15:22:48+00:00\",\"description\":\"Bros Vitrol csiga\u00f6l\u0151 250 g. K\u00c1ROS\u00cdT\u00d3:\u00a0csupasz csig\u00e1k, meztelen csig\u00e1k, h\u00e1zas csig\u00e1k.\",\"breadcrumb\":{\"@id\":\"https:\\\/\\\/tajkertesz.com\\\/termek\\\/bros-vitrol-csigaolo-250-g\\\/#breadcrumb\"},\"inLanguage\":\"en-US\",\"potentialAction\":[{\"@type\":\"ReadAction\",\"target\":[\"https:\\\/\\\/tajkertesz.com\\\/termek\\\/bros-vitrol-csigaolo-250-g\\\/\"]}]},{\"@type\":\"ImageObject\",\"inLanguage\":\"en-US\",\"@id\":\"https:\\\/\\\/tajkertesz.com\\\/termek\\\/bros-vitrol-csigaolo-250-g\\\/#primaryimage\",\"url\":\"https:\\\/\\\/tajkertesz.com\\\/wp-content\\\/uploads\\\/2024\\\/04\\\/T15650-1-Brosvitrol11_1920x1920.jpg\",\"contentUrl\":\"https:\\\/\\\/tajkertesz.com\\\/wp-content\\\/uploads\\\/2024\\\/04\\\/T15650-1-Brosvitrol11_1920x1920.jpg\",\"width\":128,\"height\":278},{\"@type\":\"BreadcrumbList\",\"@id\":\"https:\\\/\\\/tajkertesz.com\\\/termek\\\/bros-vitrol-csigaolo-250-g\\\/#breadcrumb\",\"itemListElement\":[{\"@type\":\"ListItem\",\"position\":1,\"name\":\"Home\",\"item\":\"https:\\\/\\\/tajkertesz.com\\\/\"},{\"@type\":\"ListItem\",\"position\":2,\"name\":\"Kezd\u0151lap\",\"item\":\"https:\\\/\\\/tajkertesz.com\\\/\"},{\"@type\":\"ListItem\",\"position\":3,\"name\":\"Bros Vitrol csiga\u00f6l\u0151 250 g\"}]},{\"@type\":\"WebSite\",\"@id\":\"https:\\\/\\\/tajkertesz.com\\\/#website\",\"url\":\"https:\\\/\\\/tajkertesz.com\\\/\",\"name\":\"T\u00e1j-Kert\u00e9sz 84 Kft.\",\"description\":\"Kert\u00e9szeti kis- \u00e9s nagykeresked\u00e9s, D\u00edszn\u00f6v\u00e9ny web\u00e1ruh\u00e1z orsz\u00e1gos h\u00e1zhozsz\u00e1ll\u00edt\u00e1ssal!\",\"publisher\":{\"@id\":\"https:\\\/\\\/tajkertesz.com\\\/#organization\"},\"potentialAction\":[{\"@type\":\"SearchAction\",\"target\":{\"@type\":\"EntryPoint\",\"urlTemplate\":\"https:\\\/\\\/tajkertesz.com\\\/?s={search_term_string}\"},\"query-input\":{\"@type\":\"PropertyValueSpecification\",\"valueRequired\":true,\"valueName\":\"search_term_string\"}}],\"inLanguage\":\"en-US\"},{\"@type\":\"Organization\",\"@id\":\"https:\\\/\\\/tajkertesz.com\\\/#organization\",\"name\":\"T\u00e1j-Kert\u00e9sz 84 Kft.\",\"url\":\"https:\\\/\\\/tajkertesz.com\\\/\",\"logo\":{\"@type\":\"ImageObject\",\"inLanguage\":\"en-US\",\"@id\":\"https:\\\/\\\/tajkertesz.com\\\/#\\\/schema\\\/logo\\\/image\\\/\",\"url\":\"https:\\\/\\\/tajkertesz.com\\\/wp-content\\\/uploads\\\/2018\\\/02\\\/logo-2-e1518678052539.png\",\"contentUrl\":\"https:\\\/\\\/tajkertesz.com\\\/wp-content\\\/uploads\\\/2018\\\/02\\\/logo-2-e1518678052539.png\",\"width\":81,\"height\":140,\"caption\":\"T\u00e1j-Kert\u00e9sz 84 Kft.\"},\"image\":{\"@id\":\"https:\\\/\\\/tajkertesz.com\\\/#\\\/schema\\\/logo\\\/image\\\/\"},\"sameAs\":[\"https:\\\/\\\/www.facebook.com\\\/Tajkertesz\\\/\"]}]}<\/script>\n<!-- \/ Yoast SEO plugin. -->","yoast_head_json":{"title":"Bros Vitrol csiga\u00f6l\u0151 250 g - T\u00e1jkert\u00e9sz","description":"Bros Vitrol csiga\u00f6l\u0151 250 g. K\u00c1ROS\u00cdT\u00d3:\u00a0csupasz csig\u00e1k, meztelen csig\u00e1k, h\u00e1zas csig\u00e1k.","robots":{"index":"index","follow":"follow","max-snippet":"max-snippet:-1","max-image-preview":"max-image-preview:large","max-video-preview":"max-video-preview:-1"},"canonical":"https:\/\/tajkertesz.com\/en_US\/product\/bros-vitrol-csigaolo-250-g\/","og_locale":"en_US","og_type":"article","og_title":"Bros Vitrol csiga\u00f6l\u0151 250 g - T\u00e1jkert\u00e9sz","og_description":"Bros Vitrol csiga\u00f6l\u0151 250 g. K\u00c1ROS\u00cdT\u00d3:\u00a0csupasz csig\u00e1k, meztelen csig\u00e1k, h\u00e1zas csig\u00e1k.","og_url":"https:\/\/tajkertesz.com\/en_US\/product\/bros-vitrol-csigaolo-250-g\/","og_site_name":"T\u00e1jkert\u00e9sz","article_publisher":"https:\/\/www.facebook.com\/Tajkertesz\/","article_modified_time":"2026-02-12T15:22:48+00:00","og_image":[{"width":128,"height":278,"url":"https:\/\/tajkertesz.com\/wp-content\/uploads\/2024\/04\/T15650-1-Brosvitrol11_1920x1920.jpg","type":"image\/jpeg"}],"twitter_card":"summary_large_image","twitter_misc":{"Est. reading time":"2 minutes"},"schema":{"@context":"https:\/\/schema.org","@graph":[{"@type":"WebPage","@id":"https:\/\/tajkertesz.com\/termek\/bros-vitrol-csigaolo-250-g\/","url":"https:\/\/tajkertesz.com\/termek\/bros-vitrol-csigaolo-250-g\/","name":"Bros Vitrol csiga\u00f6l\u0151 250 g - T\u00e1jkert\u00e9sz","isPartOf":{"@id":"https:\/\/tajkertesz.com\/#website"},"primaryImageOfPage":{"@id":"https:\/\/tajkertesz.com\/termek\/bros-vitrol-csigaolo-250-g\/#primaryimage"},"image":{"@id":"https:\/\/tajkertesz.com\/termek\/bros-vitrol-csigaolo-250-g\/#primaryimage"},"thumbnailUrl":"https:\/\/tajkertesz.com\/wp-content\/uploads\/2024\/04\/T15650-1-Brosvitrol11_1920x1920.jpg","datePublished":"2024-04-04T12:28:41+00:00","dateModified":"2026-02-12T15:22:48+00:00","description":"Bros Vitrol csiga\u00f6l\u0151 250 g. K\u00c1ROS\u00cdT\u00d3:\u00a0csupasz csig\u00e1k, meztelen csig\u00e1k, h\u00e1zas csig\u00e1k.","breadcrumb":{"@id":"https:\/\/tajkertesz.com\/termek\/bros-vitrol-csigaolo-250-g\/#breadcrumb"},"inLanguage":"en-US","potentialAction":[{"@type":"ReadAction","target":["https:\/\/tajkertesz.com\/termek\/bros-vitrol-csigaolo-250-g\/"]}]},{"@type":"ImageObject","inLanguage":"en-US","@id":"https:\/\/tajkertesz.com\/termek\/bros-vitrol-csigaolo-250-g\/#primaryimage","url":"https:\/\/tajkertesz.com\/wp-content\/uploads\/2024\/04\/T15650-1-Brosvitrol11_1920x1920.jpg","contentUrl":"https:\/\/tajkertesz.com\/wp-content\/uploads\/2024\/04\/T15650-1-Brosvitrol11_1920x1920.jpg","width":128,"height":278},{"@type":"BreadcrumbList","@id":"https:\/\/tajkertesz.com\/termek\/bros-vitrol-csigaolo-250-g\/#breadcrumb","itemListElement":[{"@type":"ListItem","position":1,"name":"Home","item":"https:\/\/tajkertesz.com\/"},{"@type":"ListItem","position":2,"name":"Kezd\u0151lap","item":"https:\/\/tajkertesz.com\/"},{"@type":"ListItem","position":3,"name":"Bros Vitrol csiga\u00f6l\u0151 250 g"}]},{"@type":"WebSite","@id":"https:\/\/tajkertesz.com\/#website","url":"https:\/\/tajkertesz.com\/","name":"T\u00e1j-Kert\u00e9sz 84 Kft.","description":"Kert\u00e9szeti kis- \u00e9s nagykeresked\u00e9s, D\u00edszn\u00f6v\u00e9ny web\u00e1ruh\u00e1z orsz\u00e1gos h\u00e1zhozsz\u00e1ll\u00edt\u00e1ssal!","publisher":{"@id":"https:\/\/tajkertesz.com\/#organization"},"potentialAction":[{"@type":"SearchAction","target":{"@type":"EntryPoint","urlTemplate":"https:\/\/tajkertesz.com\/?s={search_term_string}"},"query-input":{"@type":"PropertyValueSpecification","valueRequired":true,"valueName":"search_term_string"}}],"inLanguage":"en-US"},{"@type":"Organization","@id":"https:\/\/tajkertesz.com\/#organization","name":"T\u00e1j-Kert\u00e9sz 84 Kft.","url":"https:\/\/tajkertesz.com\/","logo":{"@type":"ImageObject","inLanguage":"en-US","@id":"https:\/\/tajkertesz.com\/#\/schema\/logo\/image\/","url":"https:\/\/tajkertesz.com\/wp-content\/uploads\/2018\/02\/logo-2-e1518678052539.png","contentUrl":"https:\/\/tajkertesz.com\/wp-content\/uploads\/2018\/02\/logo-2-e1518678052539.png","width":81,"height":140,"caption":"T\u00e1j-Kert\u00e9sz 84 Kft."},"image":{"@id":"https:\/\/tajkertesz.com\/#\/schema\/logo\/image\/"},"sameAs":["https:\/\/www.facebook.com\/Tajkertesz\/"]}]}},"_links":{"self":[{"href":"https:\/\/tajkertesz.com\/en_US\/wp-json\/wp\/v2\/product\/19971","targetHints":{"allow":["GET"]}}],"collection":[{"href":"https:\/\/tajkertesz.com\/en_US\/wp-json\/wp\/v2\/product"}],"about":[{"href":"https:\/\/tajkertesz.com\/en_US\/wp-json\/wp\/v2\/types\/product"}],"wp:featuredmedia":[{"embeddable":true,"href":"https:\/\/tajkertesz.com\/en_US\/wp-json\/wp\/v2\/media\/19972"}],"wp:attachment":[{"href":"https:\/\/tajkertesz.com\/en_US\/wp-json\/wp\/v2\/media?parent=19971"}],"wp:term":[{"taxonomy":"product_brand","embeddable":true,"href":"https:\/\/tajkertesz.com\/en_US\/wp-json\/wp\/v2\/product_brand?post=19971"},{"taxonomy":"product_cat","embeddable":true,"href":"https:\/\/tajkertesz.com\/en_US\/wp-json\/wp\/v2\/product_cat?post=19971"},{"taxonomy":"product_tag","embeddable":true,"href":"https:\/\/tajkertesz.com\/en_US\/wp-json\/wp\/v2\/product_tag?post=19971"}],"curies":[{"name":"wp","href":"https:\/\/api.w.org\/{rel}","templated":true}]}}