{"id":19978,"date":"2024-04-04T13:54:02","date_gmt":"2024-04-04T13:54:02","guid":{"rendered":"https:\/\/tajkertesz.com\/?post_type=product&#038;p=19978"},"modified":"2026-02-25T14:53:54","modified_gmt":"2026-02-25T14:53:54","slug":"taxus-baccata-kozonseges-tiszafa","status":"publish","type":"product","link":"https:\/\/tajkertesz.com\/en_US\/product\/taxus-baccata-kozonseges-tiszafa\/","title":{"rendered":"Taxus baccata  \u2013 K\u00f6z\u00f6ns\u00e9ges tiszafa"},"content":{"rendered":"<h3 class=\"LC20lb DKV0Md\">Taxus baccata \u2013 K\u00f6z\u00f6ns\u00e9ges tiszafa<\/h3>\n<p data-start=\"760\" data-end=\"1042\">A Taxus baccata \u2013 K\u00f6z\u00f6ns\u00e9ges tiszafa \u00a0Eur\u00f3pa egyik legismertebb \u00f6r\u00f6kz\u00f6ld d\u00edszn\u00f6v\u00e9nye. Sz\u00e9les k\u00f6rben alkalmazz\u00e1k s\u00f6v\u00e9nyk\u00e9nt, mivel nagyon j\u00f3l viseli a metsz\u00e9st \u00e9s ak\u00e1r form\u00e1ra is ny\u00edrhat\u00f3. S\u00f6t\u00e9tz\u00f6ld, puha t\u0171levelei \u00e9s piros bogy\u00f3i (csak a n\u0151ivar\u00fa egyedeken) k\u00fcl\u00f6n\u00f6sen d\u00edszesek.<\/p>\n<ul data-start=\"1044\" data-end=\"1525\">\n<li data-start=\"1044\" data-end=\"1094\">\n<p data-start=\"1046\" data-end=\"1094\"><strong data-start=\"1046\" data-end=\"1059\">Magass\u00e1g:<\/strong> 2\u20135 m (metsz\u00e9ssel szab\u00e1lyozhat\u00f3)<\/p>\n<\/li>\n<li data-start=\"1095\" data-end=\"1136\">\n<p data-start=\"1097\" data-end=\"1136\"><strong data-start=\"1097\" data-end=\"1111\">N\u00f6veked\u00e9s:<\/strong> lass\u00fa, de hossz\u00fa \u00e9let\u0171<\/p>\n<\/li>\n<li data-start=\"1137\" data-end=\"1202\">\n<p data-start=\"1139\" data-end=\"1202\"><strong data-start=\"1139\" data-end=\"1153\">F\u00e9nyig\u00e9ny:<\/strong> napos, f\u00e9l\u00e1rny\u00e9kos, \u00e1rny\u00e9kos helyet is elvisel<\/p>\n<\/li>\n<li data-start=\"1203\" data-end=\"1262\">\n<p data-start=\"1205\" data-end=\"1262\"><strong data-start=\"1205\" data-end=\"1220\">Talajig\u00e9ny:<\/strong> j\u00f3 v\u00edz\u00e1tereszt\u0151, humuszban gazdag talaj<\/p>\n<\/li>\n<li data-start=\"1263\" data-end=\"1299\">\n<p data-start=\"1265\" data-end=\"1299\"><strong data-start=\"1265\" data-end=\"1280\">T\u00e9l\u00e1ll\u00f3s\u00e1g:<\/strong> teljesen t\u00e9l\u00e1ll\u00f3<\/p>\n<\/li>\n<li data-start=\"1300\" data-end=\"1410\">\n<p data-start=\"1302\" data-end=\"1410\"><strong data-start=\"1302\" data-end=\"1319\">Felhaszn\u00e1l\u00e1s:<\/strong> ny\u00edrott vagy ny\u00edratlan s\u00f6v\u00e9nyk\u00e9nt, szoliterk\u00e9nt, temet\u0151kbe, \u00e1rny\u00e9kos r\u00e9szekre is ide\u00e1lis<\/p>\n<\/li>\n<li data-start=\"1411\" data-end=\"1525\">\n<p data-start=\"1413\" data-end=\"1525\"><strong data-start=\"1413\" data-end=\"1432\">M\u00e9rgez\u0151 r\u00e9szek:<\/strong> a mag \u00e9s a levelek m\u00e9rgez\u0151ek, a piros term\u00e9s h\u00fasos r\u00e9sze nem az, de fogyaszt\u00e1sa nem javasolt<\/p>\n<\/li>\n<\/ul>\n<p data-start=\"1527\" data-end=\"1687\">A Taxus baccata \u2013 K\u00f6z\u00f6ns\u00e9ges tiszafa \u00e9vsz\u00e1zadokon \u00e1t bizony\u00edtott mint <strong data-start=\"1578\" data-end=\"1593\">forman\u00f6v\u00e9ny<\/strong>, \u00e9s m\u00e9g t\u00f6rt\u00e9nelmi kertekben is gyakori vend\u00e9g. Strapab\u00edr\u00f3, m\u00e9gis eleg\u00e1ns megjelen\u00e9s\u0171 n\u00f6v\u00e9ny.<\/p>\n<p data-start=\"1527\" data-end=\"1687\">\n<h4><strong>\ud83d\udd04 K\u00e9szletinform\u00e1ci\u00f3<\/strong><\/h4>\n<p><strong>K\u00e9szlet\u00fcnk napi szinten v\u00e1ltozik, \u00edgy a webshopban szerepl<\/strong><strong>\u0151<\/strong><strong>\u00a0term\u00e9kek el\u00e9rhet<\/strong><strong>\u0151<\/strong><strong>s\u00e9ge nem garant\u00e1lt.<br \/>\n\ud83d\udcde A megrendel\u00e9s el<\/strong><strong>\u0151<\/strong><strong>tt k\u00e9rj\u00fck, \u00e9rdekl<\/strong><strong>\u0151<\/strong><strong>dj\u00f6n szem\u00e9lyesen, telefonon vagy e-mailben!<\/strong><\/p>\n<h4><strong>\u27a1\ufe0f Kapcsolat:<\/strong><\/h4>\n<ul>\n<li><strong>Weboldal:\u00a0<\/strong><a href=\"https:\/\/tajkertesz.com\/\"><strong>tajkertesz.com<\/strong><\/a><\/li>\n<li><strong>Facebook:\u00a0<\/strong><a href=\"https:\/\/www.facebook.com\/tajkertesz\/\"><strong>facebook.com\/tajkertesz<\/strong><\/a><\/li>\n<li><strong>Telefonsz\u00e1m, e-mail: +36\/20-319-3770\u00a0<\/strong><a href=\"mailto:tajkerteszaruda@gmail.com\"><strong>tajkerteszaruda@gmail.com<\/strong><\/a><\/li>\n<\/ul>\n<h4><strong>\ud83d\ude9a Sz\u00e1ll\u00edt\u00e1si inform\u00e1ci\u00f3k<\/strong><\/h4>\n<p><strong>A megrendelt n\u00f6v\u00e9nyek kisz\u00e1ll\u00edt\u00e1sa az al\u00e1bbi felt\u00e9telek mellett t\u00f6rt\u00e9nik:<\/strong><\/p>\n<h4><strong>\ud83d\udce6 Fut\u00e1rszolg\u00e1latos sz\u00e1ll\u00edt\u00e1s<\/strong><\/h4>\n<ul>\n<li><strong>Maxim\u00e1lis m\u00e9ret: 200 cm (hossz\u00fas\u00e1g)<\/strong><\/li>\n<li><strong>Maxim\u00e1lis s\u00faly: 40 kg<\/strong><\/li>\n<li><strong>Az enn\u00e9l kisebb \u00e9s k\u00f6nnyebb csomagokat fut\u00e1rszolg\u00e1lattal k\u00e9zbes\u00edtj\u00fck a lehet<\/strong><strong>\u0151<\/strong><strong>\u00a0legbiztons\u00e1gosabb csomagol\u00e1sban.<\/strong><\/li>\n<\/ul>\n<h4><strong>\ud83d\udefb Szem\u00e9lyes \u00e1tv\u00e9tel<\/strong><\/h4>\n<ul>\n<li><strong>1173 Budapest, Bakancsos utca 7. sz\u00e1m alatt nyitvatart\u00e1si id<\/strong><strong>\u0151<\/strong><strong>ben szem\u00e9lyesen \u00e1tvehet<\/strong><strong>\u0151<\/strong><strong>\u00a0kert\u00e9szeti \u00e1rud\u00e1nkban.<\/strong><\/li>\n<li><strong>K\u00f6lts\u00e9ghat\u00e9kony megold\u00e1s nagyobb, t\u00f6r\u00e9kenyebb vagy t\u00falm\u00e9retes n\u00f6v\u00e9nyek eset\u00e9n.<\/strong><\/li>\n<\/ul>\n<h4><strong>\ud83d\udcde Nagy m\u00e9ret<\/strong><strong>\u0171<\/strong><strong>\u00a0vagy s\u00faly\u00fa n\u00f6v\u00e9nyek eset\u00e9n<\/strong><\/h4>\n<p><strong>Ha a term\u00e9k:<\/strong><\/p>\n<ul>\n<li><strong>meghaladja a 200 cm hossz\u00fas\u00e1got vagy<\/strong><\/li>\n<li><strong>meghaladja a 40 kg s\u00falyt,<\/strong><\/li>\n<\/ul>\n<p><strong>akkor szem\u00e9lyes \u00e1tv\u00e9tellel vagy egyedi, el<\/strong><strong>\u0151<\/strong><strong>re egyeztetett sz\u00e1ll\u00edt\u00e1si felt\u00e9telek mellett t\u00f6rt\u00e9nik.<br \/>\nK\u00e9rj\u00fck, ilyen esetben rendel\u00e9s el<\/strong><strong>\u0151<\/strong><strong>tt vegye fel vel\u00fcnk a kapcsolatot, hogy a lehet<\/strong><strong>\u0151<\/strong><strong>\u00a0legmegfelel<\/strong><strong>\u0151<\/strong><strong>bb sz\u00e1ll\u00edt\u00e1si megold\u00e1st k\u00edn\u00e1lhassuk.<\/strong><\/p>\n<p><strong>\ud83d\udd14 Fontos: A n\u00f6v\u00e9nyeket minden esetben igyeksz\u00fcnk gondosan, egyes\u00e9vel csomagolni, azonban a sz\u00e1ll\u00edt\u00e1s sor\u00e1n kisebb eszt\u00e9tikai s\u00e9r\u00fcl\u00e9sek el<\/strong><strong>\u0151<\/strong><strong>fordulhatnak (pl. lev\u00e9lhull\u00e1s). Ez nem min<\/strong><strong>\u0151<\/strong><strong>s\u00fcl hib\u00e1s teljes\u00edt\u00e9snek.<\/strong><\/p>\n<h4><strong>\ud83d\udcf7 Fontos tudni a k\u00e9pekr<\/strong><strong>\u0151<\/strong><strong>l<\/strong><\/h4>\n<p><strong>A webshopban szerepl<\/strong><strong>\u0151<\/strong><strong>\u00a0k\u00e9pek illusztr\u00e1ci\u00f3k, a n\u00f6v\u00e9nyek term\u00e9szet\u00fckn\u00e9l fogva egyediek, \u00edgy m\u00e9retben, alakban \u00e9s sz\u00ednben minim\u00e1lis elt\u00e9r\u00e9sek el<\/strong><strong>\u0151<\/strong><strong>fordulhatnak a k\u00e9pen l\u00e1that\u00f3 \u00e9s a val\u00f3s p\u00e9ld\u00e1nyok k\u00f6z\u00f6tt.<\/strong><\/p>\n<h4><strong>\ud83e\uddfe \u00c1rak \u00e9s el\u00e1ll\u00e1si jog<\/strong><\/h4>\n<ul>\n<li><strong>Az \u00e1rak egy darab\u00a0n\u00f6v\u00e9nyre vonatkoznak.<\/strong><\/li>\n<li><strong>\u00c9l<\/strong><strong>\u0151<\/strong><strong>\u00a0n\u00f6v\u00e9nyek rendel\u00e9se eset\u00e9n a 14 napos el\u00e1ll\u00e1s joga nem \u00e9rv\u00e9nyes\u00edthet<\/strong><strong>\u0151<\/strong><strong>, mivel azok romland\u00f3, biol\u00f3giailag \u00e9l<\/strong><strong>\u0151<\/strong><strong>\u00a0term\u00e9keknek min<\/strong><strong>\u0151<\/strong><strong>s\u00fclnek.<br \/>\n\ud83d\udd12 (17\/1999. (II. 5.) Korm. rendelet 5. \u00a7 c) pontja alapj\u00e1n)<\/strong><\/li>\n<\/ul>\n<h4><strong>\ud83d\udce6 K\u00e9zbes\u00edt\u00e9s ut\u00e1ni teend<\/strong><strong>\u0151<\/strong><strong>k<\/strong><\/h4>\n<p><strong>A k\u00e9zbes\u00edt\u00e9st k\u00f6vet<\/strong><strong>\u0151<\/strong><strong>en a csomagot azonnal bontsuk ki, \u00e9s a n\u00f6v\u00e9nyt helyezz\u00fck el megfelel<\/strong><strong>\u0151<\/strong><strong>\u00a0k\u00f6rnyezetben.<br \/>\nFontos: ha a n\u00f6v\u00e9ny nem r\u00e9szes\u00fcl megfelel<\/strong><strong>\u0151<\/strong><strong>\u00a0gondoz\u00e1sban \u00e9s ennek k\u00f6vetkezt\u00e9ben k\u00e1rosodik vagy elpusztul, felel<\/strong><strong>\u0151<\/strong><strong>ss\u00e9get nem tudunk v\u00e1llalni.<\/strong><\/p>","protected":false},"excerpt":{"rendered":"<p>A <em data-start=\"536\" data-end=\"551\">Taxus baccata<\/em> egy klasszikus \u00f6r\u00f6kz\u00f6ld t\u0171level\u0171 n\u00f6v\u00e9ny, amely kiv\u00e1l\u00f3an alkalmas form\u00e1ra ny\u00edrt s\u00f6v\u00e9nynek vagy szoliterk\u00e9nt is meg\u00e1llja a hely\u00e9t. \u00c1rny\u00e9kt\u0171r\u0151, hossz\u00fa \u00e9let\u0171, rendk\u00edv\u00fcl j\u00f3l alak\u00edthat\u00f3.<\/p>\n<p>A n\u00f6v\u00e9ny m\u00e9rete: 40-50 cm magas 2.5 literes kont\u00e9nerben.<\/p>","protected":false},"featured_media":19979,"template":"","meta":{"_et_pb_use_builder":"","_et_pb_old_content":"","_et_gb_content_width":""},"product_brand":[],"product_cat":[26],"product_tag":[6115,6597,6601,6598,6596,6600,5941,4412,6595,6599,1548],"class_list":{"0":"post-19978","1":"product","2":"type-product","3":"status-publish","4":"has-post-thumbnail","6":"product_cat-orokzold-novenyek","7":"product_tag-arnyekturo-noveny","8":"product_tag-formara-nyirhato-cserje","9":"product_tag-klasszikus-orokzold","10":"product_tag-lassu-novekedesu","11":"product_tag-metszheto-disznoveny","12":"product_tag-nyirhato-sovenynoveny","13":"product_tag-orokzold-soveny","14":"product_tag-taxus","15":"product_tag-taxus-baccata","16":"product_tag-temetobe-valo-noveny","17":"product_tag-tiszafa","19":"first","20":"instock","21":"shipping-taxable","22":"purchasable","23":"product-type-simple"},"yoast_head":"<!-- This site is optimized with the Yoast SEO plugin v27.5 - https:\/\/yoast.com\/product\/yoast-seo-wordpress\/ -->\n<title>Taxus baccata \u2013 K\u00f6z\u00f6ns\u00e9ges tiszafa - T\u00e1jkert\u00e9sz<\/title>\n<meta name=\"description\" content=\"Taxus baccata \u2013 K\u00f6z\u00f6ns\u00e9ges tiszafa s\u00f6v\u00e9nynek vagy szoliternek. lass\u00fa n\u00f6veked\u00e9s\u0171, ny\u00edrhat\u00f3 \u00e9s \u00e1rny\u00e9kt\u0171r\u0151. T\u00f6k\u00e9letes v\u00e1laszt\u00e1s id\u0151t\u00e1ll\u00f3 kertekbe!\" \/>\n<meta name=\"robots\" content=\"index, follow, max-snippet:-1, max-image-preview:large, max-video-preview:-1\" \/>\n<link rel=\"canonical\" href=\"https:\/\/tajkertesz.com\/en_US\/product\/taxus-baccata-kozonseges-tiszafa\/\" \/>\n<meta property=\"og:locale\" content=\"en_US\" \/>\n<meta property=\"og:type\" content=\"article\" \/>\n<meta property=\"og:title\" content=\"https:\/\/www.facebook.com\/tajkertesz\" \/>\n<meta property=\"og:description\" content=\"Taxus baccata \u2013 oszlopos tiszafa, 4-6 m\u00e9ter magasra is megn\u0151het, lass\u00fa n\u00f6veked\u00e9s\u0171, felfele t\u00f6r\u0151, oszlopos \u00f6r\u00f6kz\u00f6ld, sz\u00e9ls\u0151s\u00e9ges term\u0151helyekt\u0151l eltekintve b\u00e1rhol meg\u00e9l, hazai teleinket j\u00f3l t\u0171rik, teljes napf\u00e9ny mellett az \u00e1rny\u00e9kot is j\u00f3l viseli\" \/>\n<meta property=\"og:url\" content=\"https:\/\/tajkertesz.com\/en_US\/product\/taxus-baccata-kozonseges-tiszafa\/\" \/>\n<meta property=\"og:site_name\" content=\"T\u00e1jkert\u00e9sz\" \/>\n<meta property=\"article:publisher\" content=\"https:\/\/www.facebook.com\/Tajkertesz\/\" \/>\n<meta property=\"article:modified_time\" content=\"2026-02-25T14:53:54+00:00\" \/>\n<meta property=\"og:image\" content=\"https:\/\/tajkertesz.com\/wp-content\/uploads\/2021\/08\/20230914_144137-1-scaled.jpg\" \/>\n\t<meta property=\"og:image:width\" content=\"1154\" \/>\n\t<meta property=\"og:image:height\" content=\"2560\" \/>\n\t<meta property=\"og:image:type\" content=\"image\/jpeg\" \/>\n<meta name=\"twitter:card\" content=\"summary_large_image\" \/>\n<meta name=\"twitter:label1\" content=\"Est. reading time\" \/>\n\t<meta name=\"twitter:data1\" content=\"3 minutes\" \/>\n<script type=\"application\/ld+json\" class=\"yoast-schema-graph\">{\"@context\":\"https:\\\/\\\/schema.org\",\"@graph\":[{\"@type\":\"WebPage\",\"@id\":\"https:\\\/\\\/tajkertesz.com\\\/termek\\\/taxus-baccata-kozonseges-tiszafa\\\/\",\"url\":\"https:\\\/\\\/tajkertesz.com\\\/termek\\\/taxus-baccata-kozonseges-tiszafa\\\/\",\"name\":\"Taxus baccata \u2013 K\u00f6z\u00f6ns\u00e9ges tiszafa - T\u00e1jkert\u00e9sz\",\"isPartOf\":{\"@id\":\"https:\\\/\\\/tajkertesz.com\\\/#website\"},\"primaryImageOfPage\":{\"@id\":\"https:\\\/\\\/tajkertesz.com\\\/termek\\\/taxus-baccata-kozonseges-tiszafa\\\/#primaryimage\"},\"image\":{\"@id\":\"https:\\\/\\\/tajkertesz.com\\\/termek\\\/taxus-baccata-kozonseges-tiszafa\\\/#primaryimage\"},\"thumbnailUrl\":\"https:\\\/\\\/tajkertesz.com\\\/wp-content\\\/uploads\\\/2024\\\/04\\\/20240404_152326-1-scaled.jpg\",\"datePublished\":\"2024-04-04T13:54:02+00:00\",\"dateModified\":\"2026-02-25T14:53:54+00:00\",\"description\":\"Taxus baccata \u2013 K\u00f6z\u00f6ns\u00e9ges tiszafa s\u00f6v\u00e9nynek vagy szoliternek. lass\u00fa n\u00f6veked\u00e9s\u0171, ny\u00edrhat\u00f3 \u00e9s \u00e1rny\u00e9kt\u0171r\u0151. T\u00f6k\u00e9letes v\u00e1laszt\u00e1s id\u0151t\u00e1ll\u00f3 kertekbe!\",\"breadcrumb\":{\"@id\":\"https:\\\/\\\/tajkertesz.com\\\/termek\\\/taxus-baccata-kozonseges-tiszafa\\\/#breadcrumb\"},\"inLanguage\":\"en-US\",\"potentialAction\":[{\"@type\":\"ReadAction\",\"target\":[\"https:\\\/\\\/tajkertesz.com\\\/termek\\\/taxus-baccata-kozonseges-tiszafa\\\/\"]}]},{\"@type\":\"ImageObject\",\"inLanguage\":\"en-US\",\"@id\":\"https:\\\/\\\/tajkertesz.com\\\/termek\\\/taxus-baccata-kozonseges-tiszafa\\\/#primaryimage\",\"url\":\"https:\\\/\\\/tajkertesz.com\\\/wp-content\\\/uploads\\\/2024\\\/04\\\/20240404_152326-1-scaled.jpg\",\"contentUrl\":\"https:\\\/\\\/tajkertesz.com\\\/wp-content\\\/uploads\\\/2024\\\/04\\\/20240404_152326-1-scaled.jpg\",\"width\":1154,\"height\":2560,\"caption\":\"Taxus baccata \u2013 Tiszafa 40\\\/60cm\"},{\"@type\":\"BreadcrumbList\",\"@id\":\"https:\\\/\\\/tajkertesz.com\\\/termek\\\/taxus-baccata-kozonseges-tiszafa\\\/#breadcrumb\",\"itemListElement\":[{\"@type\":\"ListItem\",\"position\":1,\"name\":\"Home\",\"item\":\"https:\\\/\\\/tajkertesz.com\\\/\"},{\"@type\":\"ListItem\",\"position\":2,\"name\":\"Kezd\u0151lap\",\"item\":\"https:\\\/\\\/tajkertesz.com\\\/\"},{\"@type\":\"ListItem\",\"position\":3,\"name\":\"Taxus baccata \u2013 K\u00f6z\u00f6ns\u00e9ges tiszafa\"}]},{\"@type\":\"WebSite\",\"@id\":\"https:\\\/\\\/tajkertesz.com\\\/#website\",\"url\":\"https:\\\/\\\/tajkertesz.com\\\/\",\"name\":\"T\u00e1j-Kert\u00e9sz 84 Kft.\",\"description\":\"Kert\u00e9szeti kis- \u00e9s nagykeresked\u00e9s, D\u00edszn\u00f6v\u00e9ny web\u00e1ruh\u00e1z orsz\u00e1gos h\u00e1zhozsz\u00e1ll\u00edt\u00e1ssal!\",\"publisher\":{\"@id\":\"https:\\\/\\\/tajkertesz.com\\\/#organization\"},\"potentialAction\":[{\"@type\":\"SearchAction\",\"target\":{\"@type\":\"EntryPoint\",\"urlTemplate\":\"https:\\\/\\\/tajkertesz.com\\\/?s={search_term_string}\"},\"query-input\":{\"@type\":\"PropertyValueSpecification\",\"valueRequired\":true,\"valueName\":\"search_term_string\"}}],\"inLanguage\":\"en-US\"},{\"@type\":\"Organization\",\"@id\":\"https:\\\/\\\/tajkertesz.com\\\/#organization\",\"name\":\"T\u00e1j-Kert\u00e9sz 84 Kft.\",\"url\":\"https:\\\/\\\/tajkertesz.com\\\/\",\"logo\":{\"@type\":\"ImageObject\",\"inLanguage\":\"en-US\",\"@id\":\"https:\\\/\\\/tajkertesz.com\\\/#\\\/schema\\\/logo\\\/image\\\/\",\"url\":\"https:\\\/\\\/tajkertesz.com\\\/wp-content\\\/uploads\\\/2018\\\/02\\\/logo-2-e1518678052539.png\",\"contentUrl\":\"https:\\\/\\\/tajkertesz.com\\\/wp-content\\\/uploads\\\/2018\\\/02\\\/logo-2-e1518678052539.png\",\"width\":81,\"height\":140,\"caption\":\"T\u00e1j-Kert\u00e9sz 84 Kft.\"},\"image\":{\"@id\":\"https:\\\/\\\/tajkertesz.com\\\/#\\\/schema\\\/logo\\\/image\\\/\"},\"sameAs\":[\"https:\\\/\\\/www.facebook.com\\\/Tajkertesz\\\/\"]}]}<\/script>\n<!-- \/ Yoast SEO plugin. -->","yoast_head_json":{"title":"Taxus baccata \u2013 K\u00f6z\u00f6ns\u00e9ges tiszafa - T\u00e1jkert\u00e9sz","description":"Taxus baccata \u2013 K\u00f6z\u00f6ns\u00e9ges tiszafa s\u00f6v\u00e9nynek vagy szoliternek. lass\u00fa n\u00f6veked\u00e9s\u0171, ny\u00edrhat\u00f3 \u00e9s \u00e1rny\u00e9kt\u0171r\u0151. T\u00f6k\u00e9letes v\u00e1laszt\u00e1s id\u0151t\u00e1ll\u00f3 kertekbe!","robots":{"index":"index","follow":"follow","max-snippet":"max-snippet:-1","max-image-preview":"max-image-preview:large","max-video-preview":"max-video-preview:-1"},"canonical":"https:\/\/tajkertesz.com\/en_US\/product\/taxus-baccata-kozonseges-tiszafa\/","og_locale":"en_US","og_type":"article","og_title":"https:\/\/www.facebook.com\/tajkertesz","og_description":"Taxus baccata \u2013 oszlopos tiszafa, 4-6 m\u00e9ter magasra is megn\u0151het, lass\u00fa n\u00f6veked\u00e9s\u0171, felfele t\u00f6r\u0151, oszlopos \u00f6r\u00f6kz\u00f6ld, sz\u00e9ls\u0151s\u00e9ges term\u0151helyekt\u0151l eltekintve b\u00e1rhol meg\u00e9l, hazai teleinket j\u00f3l t\u0171rik, teljes napf\u00e9ny mellett az \u00e1rny\u00e9kot is j\u00f3l viseli","og_url":"https:\/\/tajkertesz.com\/en_US\/product\/taxus-baccata-kozonseges-tiszafa\/","og_site_name":"T\u00e1jkert\u00e9sz","article_publisher":"https:\/\/www.facebook.com\/Tajkertesz\/","article_modified_time":"2026-02-25T14:53:54+00:00","og_image":[{"width":1154,"height":2560,"url":"https:\/\/tajkertesz.com\/wp-content\/uploads\/2021\/08\/20230914_144137-1-scaled.jpg","type":"image\/jpeg"}],"twitter_card":"summary_large_image","twitter_misc":{"Est. reading time":"3 minutes"},"schema":{"@context":"https:\/\/schema.org","@graph":[{"@type":"WebPage","@id":"https:\/\/tajkertesz.com\/termek\/taxus-baccata-kozonseges-tiszafa\/","url":"https:\/\/tajkertesz.com\/termek\/taxus-baccata-kozonseges-tiszafa\/","name":"Taxus baccata \u2013 K\u00f6z\u00f6ns\u00e9ges tiszafa - T\u00e1jkert\u00e9sz","isPartOf":{"@id":"https:\/\/tajkertesz.com\/#website"},"primaryImageOfPage":{"@id":"https:\/\/tajkertesz.com\/termek\/taxus-baccata-kozonseges-tiszafa\/#primaryimage"},"image":{"@id":"https:\/\/tajkertesz.com\/termek\/taxus-baccata-kozonseges-tiszafa\/#primaryimage"},"thumbnailUrl":"https:\/\/tajkertesz.com\/wp-content\/uploads\/2024\/04\/20240404_152326-1-scaled.jpg","datePublished":"2024-04-04T13:54:02+00:00","dateModified":"2026-02-25T14:53:54+00:00","description":"Taxus baccata \u2013 K\u00f6z\u00f6ns\u00e9ges tiszafa s\u00f6v\u00e9nynek vagy szoliternek. lass\u00fa n\u00f6veked\u00e9s\u0171, ny\u00edrhat\u00f3 \u00e9s \u00e1rny\u00e9kt\u0171r\u0151. T\u00f6k\u00e9letes v\u00e1laszt\u00e1s id\u0151t\u00e1ll\u00f3 kertekbe!","breadcrumb":{"@id":"https:\/\/tajkertesz.com\/termek\/taxus-baccata-kozonseges-tiszafa\/#breadcrumb"},"inLanguage":"en-US","potentialAction":[{"@type":"ReadAction","target":["https:\/\/tajkertesz.com\/termek\/taxus-baccata-kozonseges-tiszafa\/"]}]},{"@type":"ImageObject","inLanguage":"en-US","@id":"https:\/\/tajkertesz.com\/termek\/taxus-baccata-kozonseges-tiszafa\/#primaryimage","url":"https:\/\/tajkertesz.com\/wp-content\/uploads\/2024\/04\/20240404_152326-1-scaled.jpg","contentUrl":"https:\/\/tajkertesz.com\/wp-content\/uploads\/2024\/04\/20240404_152326-1-scaled.jpg","width":1154,"height":2560,"caption":"Taxus baccata \u2013 Tiszafa 40\/60cm"},{"@type":"BreadcrumbList","@id":"https:\/\/tajkertesz.com\/termek\/taxus-baccata-kozonseges-tiszafa\/#breadcrumb","itemListElement":[{"@type":"ListItem","position":1,"name":"Home","item":"https:\/\/tajkertesz.com\/"},{"@type":"ListItem","position":2,"name":"Kezd\u0151lap","item":"https:\/\/tajkertesz.com\/"},{"@type":"ListItem","position":3,"name":"Taxus baccata \u2013 K\u00f6z\u00f6ns\u00e9ges tiszafa"}]},{"@type":"WebSite","@id":"https:\/\/tajkertesz.com\/#website","url":"https:\/\/tajkertesz.com\/","name":"T\u00e1j-Kert\u00e9sz 84 Kft.","description":"Kert\u00e9szeti kis- \u00e9s nagykeresked\u00e9s, D\u00edszn\u00f6v\u00e9ny web\u00e1ruh\u00e1z orsz\u00e1gos h\u00e1zhozsz\u00e1ll\u00edt\u00e1ssal!","publisher":{"@id":"https:\/\/tajkertesz.com\/#organization"},"potentialAction":[{"@type":"SearchAction","target":{"@type":"EntryPoint","urlTemplate":"https:\/\/tajkertesz.com\/?s={search_term_string}"},"query-input":{"@type":"PropertyValueSpecification","valueRequired":true,"valueName":"search_term_string"}}],"inLanguage":"en-US"},{"@type":"Organization","@id":"https:\/\/tajkertesz.com\/#organization","name":"T\u00e1j-Kert\u00e9sz 84 Kft.","url":"https:\/\/tajkertesz.com\/","logo":{"@type":"ImageObject","inLanguage":"en-US","@id":"https:\/\/tajkertesz.com\/#\/schema\/logo\/image\/","url":"https:\/\/tajkertesz.com\/wp-content\/uploads\/2018\/02\/logo-2-e1518678052539.png","contentUrl":"https:\/\/tajkertesz.com\/wp-content\/uploads\/2018\/02\/logo-2-e1518678052539.png","width":81,"height":140,"caption":"T\u00e1j-Kert\u00e9sz 84 Kft."},"image":{"@id":"https:\/\/tajkertesz.com\/#\/schema\/logo\/image\/"},"sameAs":["https:\/\/www.facebook.com\/Tajkertesz\/"]}]}},"_links":{"self":[{"href":"https:\/\/tajkertesz.com\/en_US\/wp-json\/wp\/v2\/product\/19978","targetHints":{"allow":["GET"]}}],"collection":[{"href":"https:\/\/tajkertesz.com\/en_US\/wp-json\/wp\/v2\/product"}],"about":[{"href":"https:\/\/tajkertesz.com\/en_US\/wp-json\/wp\/v2\/types\/product"}],"wp:featuredmedia":[{"embeddable":true,"href":"https:\/\/tajkertesz.com\/en_US\/wp-json\/wp\/v2\/media\/19979"}],"wp:attachment":[{"href":"https:\/\/tajkertesz.com\/en_US\/wp-json\/wp\/v2\/media?parent=19978"}],"wp:term":[{"taxonomy":"product_brand","embeddable":true,"href":"https:\/\/tajkertesz.com\/en_US\/wp-json\/wp\/v2\/product_brand?post=19978"},{"taxonomy":"product_cat","embeddable":true,"href":"https:\/\/tajkertesz.com\/en_US\/wp-json\/wp\/v2\/product_cat?post=19978"},{"taxonomy":"product_tag","embeddable":true,"href":"https:\/\/tajkertesz.com\/en_US\/wp-json\/wp\/v2\/product_tag?post=19978"}],"curies":[{"name":"wp","href":"https:\/\/api.w.org\/{rel}","templated":true}]}}