{"id":20016,"date":"2024-04-10T12:14:54","date_gmt":"2024-04-10T12:14:54","guid":{"rendered":"https:\/\/tajkertesz.com\/?post_type=product&#038;p=20016"},"modified":"2025-05-07T10:49:32","modified_gmt":"2025-05-07T10:49:32","slug":"citrus-medica-digidata-buddha-keze-citrom","status":"publish","type":"product","link":"https:\/\/tajkertesz.com\/en_US\/product\/citrus-medica-digidata-buddha-keze-citrom\/","title":{"rendered":"Citrus medica digidata\/Buddha keze citrom"},"content":{"rendered":"<h2>Citrus medica digidata\/Buddha keze citrom<\/h2>\n<p>Citrus medica digidata\/Buddha keze citrom<\/p>\n<p>A Buddha keze citrom (Citrus medica Digitata) Indi\u00e1ban \u0151shonos citrusf\u00e9le. \u00c1zsi\u00e1ban azt tartj\u00e1k r\u00f3la, hogy aki egy ilyen gy\u00fcm\u00f6lcs\u00f6t kap aj\u00e1nd\u00e9kba, annak azt fejezik ki, hogy \u00e9ljen 80 \u00e9vig.<\/p>\n<p>Illatos feh\u00e9r vir\u00e1gai eg\u00e9sz \u00e9vben ny\u00edlnak. D\u00edszes term\u00e9se ehet\u0151! D\u00e9zs\u00e1s n\u00f6v\u00e9ny. \u00c1tteleltet\u00e9shez 16-18 \u00b0C -os, vil\u00e1gos helyet ig\u00e9nyel. A hidegre \u00e9rz\u00e9kenyebb, mint m\u00e1s citromok.<\/p>\n<p>Er\u0151s, hat\u00e1rozott\u00a0 \u00a0n\u00f6veked\u00e9s\u0171, egy oltott p\u00e9ld\u00e1ny k\u00e9pes 2 m\u00e9teres hajt\u00e1sokat produk\u00e1lni, egy hajt\u00e1si ciklusban. Nagyon k\u00f6nnyen gy\u00f6keresedik, ak\u00e1r egy poh\u00e1r v\u00edzben is.<\/p>\n<p>A term\u00e9sekt\u0151l roskadoz\u00f3 Buddha keze citromfa mag\u00e1val ragad\u00f3 l\u00e1tv\u00e1nyt ny\u00fajt. A term\u00e9s el\u00e1gaz\u00f3 szegmensei sokakat egy k\u00e9z ujjaira eml\u00e9keztetnek, innen ered a n\u00f6v\u00e9ny neve is. A m\u00e9g apr\u00f3 term\u00e9s lila, ahogy n\u00f6vekszik, sz\u00edne z\u00f6ldre v\u00e1lt, \u00e9retten pedig er\u0151s, \u00e9l\u00e9nks\u00e1rga sz\u00edne lesz. Egy-egy term\u00e9s hossza el\u00e9rheti a 15-30 cm-t is. A modern gasztron\u00f3mia kand\u00edrozott gy\u00fcm\u00f6lcs\u00f6t, dzsemet, lik\u0151rt k\u00e9sz\u00edt bel\u0151le.<\/p>\n<p>Lehet\u0151s\u00e9g szerint a ny\u00e1ri id\u0151szakot t\u00f6lts\u00e9k a szabadban a n\u00f6v\u00e9nyek, hogy min\u00e9l t\u00f6bb napf\u00e9nnyel tal\u00e1lkozzanak. Mivel el\u00e9g j\u00f3l b\u00edrj\u00e1k a h\u0171v\u00f6sebb id\u0151t is, ez\u00e9rt m\u00e1r tavasszal ki lehet telep\u00edteni a teraszra, erk\u00e9lyre vagy kertbe. Ha a h\u0151m\u00e9rs\u00e9klet \u00e9jszaka sem cs\u00f6kken 10 Celsius fok al\u00e1, akkor ki lehet \u0151ket tenni. A t\u00fal k\u00e9s\u0151n, a ny\u00e1r k\u00f6zep\u00e9n kitett n\u00f6v\u00e9nyek levelei hajlamosak lehetnek a le\u00e9g\u00e9sre, mert nem fokozatosan szokt\u00e1k meg az er\u0151s naps\u00fct\u00e9st.<\/p>\n<p>A citromf\u00e9l\u00e9k kev\u00e9s vizet ig\u00e9nyelnek. M\u00e9g a nagyon forr\u00f3 napokon is el\u00e9g hetente egyszer \u00f6nt\u00f6zni. A s\u00e1rgul\u00f3 levelek a t\u00fal sok vizet jelzik, nem pedig a t\u00e1panyaghi\u00e1nyt. Sok t\u00e1panyagot ig\u00e9nyel! Mindenk\u00e9ppen a kimondottan citromokhoz val\u00f3 t\u00e1poldatot kell haszn\u00e1lni. Ez tartalmazza azokat az \u00f6sszetev\u0151ket amire a citromf\u00e9l\u00e9knek sz\u00fcks\u00e9ge van. Ebb\u0151l a t\u00edpusb\u00f3l szerencs\u00e9re m\u00e1r sokf\u00e9le kaphat\u00f3 a szakboltokban.<\/p>\n<p>&nbsp;<\/p>\n<p>El\u00e9rhet\u0151 t\u00f6bbf\u00e9le m\u00e9retben \u00e9s \u00e1rban.<\/p>\n<p><strong>K\u00e9szlet\u00fcnk napi szinten v\u00e1ltozik, ez\u00e9rt k\u00e9rj\u00fck, \u00e9rdekl\u0151dj\u00f6n szem\u00e9lyesen, telefonon vagy email-en.<br \/>\nA v\u00e1ltoztat\u00e1s jog\u00e1t fenntartjuk!\u00a0<\/strong><\/p>\n<p><a href=\"https:\/\/tajkertesz.com\/\">https:\/\/tajkertesz.com\/<\/a><\/p>\n<p><a href=\"https:\/\/www.facebook.com\/tajkertesz\/\">https:\/\/www.facebook.com\/tajkertesz\/<\/a><\/p>\n<p>Kisz\u00e1ll\u00edt\u00e1s: 200cm-ig \u00a0\u00e9s 40 kg-ig a sz\u00e1ll\u00edt\u00e1s fut\u00e1rszolg\u00e1lattal \u00a0t\u00f6rt\u00e9nik.<\/p>\n<p>Szem\u00e9lyes \u00e1tv\u00e9tel nyitvatart\u00e1si id\u0151ben a 17. ker\u00fclet Bakancsos utca 7. sz\u00e1m alatti Kert\u00e9szeti \u00e1rud\u00e1nkban.<\/p>","protected":false},"excerpt":{"rendered":"<p>Az ujjas citrom vagy m\u00e1s n\u00e9ven Buddha keze citrom \u00e9vsz\u00e1zadok \u00f3ta kultikus fajta, f\u0151k\u00e9nt d\u00edsz\u00edt\u00e9si c\u00e9lokra termesztik. Egzotikus gy\u00fcm\u00f6lcsei 15 cm nagyok is lehetnek. H\u00e9ja nagyszer\u0171en felhaszn\u00e1lhat\u00f3.<\/p>\n<p>N\u00f6v\u00e9ny magass\u00e1ga kb 60\/80cm.<\/p>\n<p>Cser\u00e9p m\u00e9rete: 3L<\/p>","protected":false},"featured_media":20018,"template":"","meta":{"_et_pb_use_builder":"","_et_pb_old_content":"","_et_gb_content_width":""},"product_brand":[],"product_cat":[4326],"product_tag":[5103,5067,1442,5102,22,5104],"class_list":{"0":"post-20016","1":"product","2":"type-product","3":"status-publish","4":"has-post-thumbnail","6":"product_cat-citrusok","7":"product_tag-buddha-keze","8":"product_tag-citrom","9":"product_tag-citrus","10":"product_tag-citrus-medica-digidata-buddha-keze-citrom","11":"product_tag-gyumolcs","12":"product_tag-mediterran-noveny","14":"first","15":"outofstock","16":"shipping-taxable","17":"product-type-simple"},"yoast_head":"<!-- This site is optimized with the Yoast SEO plugin v27.4 - https:\/\/yoast.com\/product\/yoast-seo-wordpress\/ -->\n<title>Citrus medica digidata\/Buddha keze citrom - T\u00e1jkert\u00e9sz<\/title>\n<meta name=\"description\" content=\"Citrus medica digidata\/Buddha keze citrom. \u00c1zsi\u00e1ban azt tartj\u00e1k r\u00f3la, hogy aki egy ilyen gy\u00fcm\u00f6lcs\u00f6t kap aj\u00e1nd\u00e9kba, annak azt fejezik ki, hogy \u00e9ljen 80 \u00e9vig.\" \/>\n<meta name=\"robots\" content=\"index, follow, max-snippet:-1, max-image-preview:large, max-video-preview:-1\" \/>\n<link rel=\"canonical\" href=\"https:\/\/tajkertesz.com\/en_US\/product\/citrus-medica-digidata-buddha-keze-citrom\/\" \/>\n<meta property=\"og:locale\" content=\"en_US\" \/>\n<meta property=\"og:type\" content=\"article\" \/>\n<meta property=\"og:title\" content=\"Citrus medica digidata\/Buddha keze citrom - T\u00e1jkert\u00e9sz\" \/>\n<meta property=\"og:description\" content=\"Citrus medica digidata\/Buddha keze citrom. \u00c1zsi\u00e1ban azt tartj\u00e1k r\u00f3la, hogy aki egy ilyen gy\u00fcm\u00f6lcs\u00f6t kap aj\u00e1nd\u00e9kba, annak azt fejezik ki, hogy \u00e9ljen 80 \u00e9vig.\" \/>\n<meta property=\"og:url\" content=\"https:\/\/tajkertesz.com\/en_US\/product\/citrus-medica-digidata-buddha-keze-citrom\/\" \/>\n<meta property=\"og:site_name\" content=\"T\u00e1jkert\u00e9sz\" \/>\n<meta property=\"article:publisher\" content=\"https:\/\/www.facebook.com\/Tajkertesz\/\" \/>\n<meta property=\"article:modified_time\" content=\"2025-05-07T10:49:32+00:00\" \/>\n<meta property=\"og:image\" content=\"https:\/\/tajkertesz.com\/wp-content\/uploads\/2024\/04\/Buddha_keze_citrom.jpg\" \/>\n\t<meta property=\"og:image:width\" content=\"750\" \/>\n\t<meta property=\"og:image:height\" content=\"596\" \/>\n\t<meta property=\"og:image:type\" content=\"image\/jpeg\" \/>\n<meta name=\"twitter:card\" content=\"summary_large_image\" \/>\n<meta name=\"twitter:label1\" content=\"Est. reading time\" \/>\n\t<meta name=\"twitter:data1\" content=\"2 minutes\" \/>\n<script type=\"application\/ld+json\" class=\"yoast-schema-graph\">{\"@context\":\"https:\\\/\\\/schema.org\",\"@graph\":[{\"@type\":\"WebPage\",\"@id\":\"https:\\\/\\\/tajkertesz.com\\\/termek\\\/citrus-medica-digidata-buddha-keze-citrom\\\/\",\"url\":\"https:\\\/\\\/tajkertesz.com\\\/termek\\\/citrus-medica-digidata-buddha-keze-citrom\\\/\",\"name\":\"Citrus medica digidata\\\/Buddha keze citrom - T\u00e1jkert\u00e9sz\",\"isPartOf\":{\"@id\":\"https:\\\/\\\/tajkertesz.com\\\/#website\"},\"primaryImageOfPage\":{\"@id\":\"https:\\\/\\\/tajkertesz.com\\\/termek\\\/citrus-medica-digidata-buddha-keze-citrom\\\/#primaryimage\"},\"image\":{\"@id\":\"https:\\\/\\\/tajkertesz.com\\\/termek\\\/citrus-medica-digidata-buddha-keze-citrom\\\/#primaryimage\"},\"thumbnailUrl\":\"https:\\\/\\\/tajkertesz.com\\\/wp-content\\\/uploads\\\/2024\\\/04\\\/Buddha_keze_citrom.jpg\",\"datePublished\":\"2024-04-10T12:14:54+00:00\",\"dateModified\":\"2025-05-07T10:49:32+00:00\",\"description\":\"Citrus medica digidata\\\/Buddha keze citrom. \u00c1zsi\u00e1ban azt tartj\u00e1k r\u00f3la, hogy aki egy ilyen gy\u00fcm\u00f6lcs\u00f6t kap aj\u00e1nd\u00e9kba, annak azt fejezik ki, hogy \u00e9ljen 80 \u00e9vig.\",\"breadcrumb\":{\"@id\":\"https:\\\/\\\/tajkertesz.com\\\/termek\\\/citrus-medica-digidata-buddha-keze-citrom\\\/#breadcrumb\"},\"inLanguage\":\"en-US\",\"potentialAction\":[{\"@type\":\"ReadAction\",\"target\":[\"https:\\\/\\\/tajkertesz.com\\\/termek\\\/citrus-medica-digidata-buddha-keze-citrom\\\/\"]}]},{\"@type\":\"ImageObject\",\"inLanguage\":\"en-US\",\"@id\":\"https:\\\/\\\/tajkertesz.com\\\/termek\\\/citrus-medica-digidata-buddha-keze-citrom\\\/#primaryimage\",\"url\":\"https:\\\/\\\/tajkertesz.com\\\/wp-content\\\/uploads\\\/2024\\\/04\\\/Buddha_keze_citrom.jpg\",\"contentUrl\":\"https:\\\/\\\/tajkertesz.com\\\/wp-content\\\/uploads\\\/2024\\\/04\\\/Buddha_keze_citrom.jpg\",\"width\":750,\"height\":596},{\"@type\":\"BreadcrumbList\",\"@id\":\"https:\\\/\\\/tajkertesz.com\\\/termek\\\/citrus-medica-digidata-buddha-keze-citrom\\\/#breadcrumb\",\"itemListElement\":[{\"@type\":\"ListItem\",\"position\":1,\"name\":\"Home\",\"item\":\"https:\\\/\\\/tajkertesz.com\\\/\"},{\"@type\":\"ListItem\",\"position\":2,\"name\":\"Kezd\u0151lap\",\"item\":\"https:\\\/\\\/tajkertesz.com\\\/\"},{\"@type\":\"ListItem\",\"position\":3,\"name\":\"Citrus medica digidata\\\/Buddha keze citrom\"}]},{\"@type\":\"WebSite\",\"@id\":\"https:\\\/\\\/tajkertesz.com\\\/#website\",\"url\":\"https:\\\/\\\/tajkertesz.com\\\/\",\"name\":\"T\u00e1j-Kert\u00e9sz 84 Kft.\",\"description\":\"Kert\u00e9szeti kis- \u00e9s nagykeresked\u00e9s, D\u00edszn\u00f6v\u00e9ny web\u00e1ruh\u00e1z orsz\u00e1gos h\u00e1zhozsz\u00e1ll\u00edt\u00e1ssal!\",\"publisher\":{\"@id\":\"https:\\\/\\\/tajkertesz.com\\\/#organization\"},\"potentialAction\":[{\"@type\":\"SearchAction\",\"target\":{\"@type\":\"EntryPoint\",\"urlTemplate\":\"https:\\\/\\\/tajkertesz.com\\\/?s={search_term_string}\"},\"query-input\":{\"@type\":\"PropertyValueSpecification\",\"valueRequired\":true,\"valueName\":\"search_term_string\"}}],\"inLanguage\":\"en-US\"},{\"@type\":\"Organization\",\"@id\":\"https:\\\/\\\/tajkertesz.com\\\/#organization\",\"name\":\"T\u00e1j-Kert\u00e9sz 84 Kft.\",\"url\":\"https:\\\/\\\/tajkertesz.com\\\/\",\"logo\":{\"@type\":\"ImageObject\",\"inLanguage\":\"en-US\",\"@id\":\"https:\\\/\\\/tajkertesz.com\\\/#\\\/schema\\\/logo\\\/image\\\/\",\"url\":\"https:\\\/\\\/tajkertesz.com\\\/wp-content\\\/uploads\\\/2018\\\/02\\\/logo-2-e1518678052539.png\",\"contentUrl\":\"https:\\\/\\\/tajkertesz.com\\\/wp-content\\\/uploads\\\/2018\\\/02\\\/logo-2-e1518678052539.png\",\"width\":81,\"height\":140,\"caption\":\"T\u00e1j-Kert\u00e9sz 84 Kft.\"},\"image\":{\"@id\":\"https:\\\/\\\/tajkertesz.com\\\/#\\\/schema\\\/logo\\\/image\\\/\"},\"sameAs\":[\"https:\\\/\\\/www.facebook.com\\\/Tajkertesz\\\/\"]}]}<\/script>\n<!-- \/ Yoast SEO plugin. -->","yoast_head_json":{"title":"Citrus medica digidata\/Buddha keze citrom - T\u00e1jkert\u00e9sz","description":"Citrus medica digidata\/Buddha keze citrom. \u00c1zsi\u00e1ban azt tartj\u00e1k r\u00f3la, hogy aki egy ilyen gy\u00fcm\u00f6lcs\u00f6t kap aj\u00e1nd\u00e9kba, annak azt fejezik ki, hogy \u00e9ljen 80 \u00e9vig.","robots":{"index":"index","follow":"follow","max-snippet":"max-snippet:-1","max-image-preview":"max-image-preview:large","max-video-preview":"max-video-preview:-1"},"canonical":"https:\/\/tajkertesz.com\/en_US\/product\/citrus-medica-digidata-buddha-keze-citrom\/","og_locale":"en_US","og_type":"article","og_title":"Citrus medica digidata\/Buddha keze citrom - T\u00e1jkert\u00e9sz","og_description":"Citrus medica digidata\/Buddha keze citrom. \u00c1zsi\u00e1ban azt tartj\u00e1k r\u00f3la, hogy aki egy ilyen gy\u00fcm\u00f6lcs\u00f6t kap aj\u00e1nd\u00e9kba, annak azt fejezik ki, hogy \u00e9ljen 80 \u00e9vig.","og_url":"https:\/\/tajkertesz.com\/en_US\/product\/citrus-medica-digidata-buddha-keze-citrom\/","og_site_name":"T\u00e1jkert\u00e9sz","article_publisher":"https:\/\/www.facebook.com\/Tajkertesz\/","article_modified_time":"2025-05-07T10:49:32+00:00","og_image":[{"width":750,"height":596,"url":"https:\/\/tajkertesz.com\/wp-content\/uploads\/2024\/04\/Buddha_keze_citrom.jpg","type":"image\/jpeg"}],"twitter_card":"summary_large_image","twitter_misc":{"Est. reading time":"2 minutes"},"schema":{"@context":"https:\/\/schema.org","@graph":[{"@type":"WebPage","@id":"https:\/\/tajkertesz.com\/termek\/citrus-medica-digidata-buddha-keze-citrom\/","url":"https:\/\/tajkertesz.com\/termek\/citrus-medica-digidata-buddha-keze-citrom\/","name":"Citrus medica digidata\/Buddha keze citrom - T\u00e1jkert\u00e9sz","isPartOf":{"@id":"https:\/\/tajkertesz.com\/#website"},"primaryImageOfPage":{"@id":"https:\/\/tajkertesz.com\/termek\/citrus-medica-digidata-buddha-keze-citrom\/#primaryimage"},"image":{"@id":"https:\/\/tajkertesz.com\/termek\/citrus-medica-digidata-buddha-keze-citrom\/#primaryimage"},"thumbnailUrl":"https:\/\/tajkertesz.com\/wp-content\/uploads\/2024\/04\/Buddha_keze_citrom.jpg","datePublished":"2024-04-10T12:14:54+00:00","dateModified":"2025-05-07T10:49:32+00:00","description":"Citrus medica digidata\/Buddha keze citrom. \u00c1zsi\u00e1ban azt tartj\u00e1k r\u00f3la, hogy aki egy ilyen gy\u00fcm\u00f6lcs\u00f6t kap aj\u00e1nd\u00e9kba, annak azt fejezik ki, hogy \u00e9ljen 80 \u00e9vig.","breadcrumb":{"@id":"https:\/\/tajkertesz.com\/termek\/citrus-medica-digidata-buddha-keze-citrom\/#breadcrumb"},"inLanguage":"en-US","potentialAction":[{"@type":"ReadAction","target":["https:\/\/tajkertesz.com\/termek\/citrus-medica-digidata-buddha-keze-citrom\/"]}]},{"@type":"ImageObject","inLanguage":"en-US","@id":"https:\/\/tajkertesz.com\/termek\/citrus-medica-digidata-buddha-keze-citrom\/#primaryimage","url":"https:\/\/tajkertesz.com\/wp-content\/uploads\/2024\/04\/Buddha_keze_citrom.jpg","contentUrl":"https:\/\/tajkertesz.com\/wp-content\/uploads\/2024\/04\/Buddha_keze_citrom.jpg","width":750,"height":596},{"@type":"BreadcrumbList","@id":"https:\/\/tajkertesz.com\/termek\/citrus-medica-digidata-buddha-keze-citrom\/#breadcrumb","itemListElement":[{"@type":"ListItem","position":1,"name":"Home","item":"https:\/\/tajkertesz.com\/"},{"@type":"ListItem","position":2,"name":"Kezd\u0151lap","item":"https:\/\/tajkertesz.com\/"},{"@type":"ListItem","position":3,"name":"Citrus medica digidata\/Buddha keze citrom"}]},{"@type":"WebSite","@id":"https:\/\/tajkertesz.com\/#website","url":"https:\/\/tajkertesz.com\/","name":"T\u00e1j-Kert\u00e9sz 84 Kft.","description":"Kert\u00e9szeti kis- \u00e9s nagykeresked\u00e9s, D\u00edszn\u00f6v\u00e9ny web\u00e1ruh\u00e1z orsz\u00e1gos h\u00e1zhozsz\u00e1ll\u00edt\u00e1ssal!","publisher":{"@id":"https:\/\/tajkertesz.com\/#organization"},"potentialAction":[{"@type":"SearchAction","target":{"@type":"EntryPoint","urlTemplate":"https:\/\/tajkertesz.com\/?s={search_term_string}"},"query-input":{"@type":"PropertyValueSpecification","valueRequired":true,"valueName":"search_term_string"}}],"inLanguage":"en-US"},{"@type":"Organization","@id":"https:\/\/tajkertesz.com\/#organization","name":"T\u00e1j-Kert\u00e9sz 84 Kft.","url":"https:\/\/tajkertesz.com\/","logo":{"@type":"ImageObject","inLanguage":"en-US","@id":"https:\/\/tajkertesz.com\/#\/schema\/logo\/image\/","url":"https:\/\/tajkertesz.com\/wp-content\/uploads\/2018\/02\/logo-2-e1518678052539.png","contentUrl":"https:\/\/tajkertesz.com\/wp-content\/uploads\/2018\/02\/logo-2-e1518678052539.png","width":81,"height":140,"caption":"T\u00e1j-Kert\u00e9sz 84 Kft."},"image":{"@id":"https:\/\/tajkertesz.com\/#\/schema\/logo\/image\/"},"sameAs":["https:\/\/www.facebook.com\/Tajkertesz\/"]}]}},"_links":{"self":[{"href":"https:\/\/tajkertesz.com\/en_US\/wp-json\/wp\/v2\/product\/20016","targetHints":{"allow":["GET"]}}],"collection":[{"href":"https:\/\/tajkertesz.com\/en_US\/wp-json\/wp\/v2\/product"}],"about":[{"href":"https:\/\/tajkertesz.com\/en_US\/wp-json\/wp\/v2\/types\/product"}],"wp:featuredmedia":[{"embeddable":true,"href":"https:\/\/tajkertesz.com\/en_US\/wp-json\/wp\/v2\/media\/20018"}],"wp:attachment":[{"href":"https:\/\/tajkertesz.com\/en_US\/wp-json\/wp\/v2\/media?parent=20016"}],"wp:term":[{"taxonomy":"product_brand","embeddable":true,"href":"https:\/\/tajkertesz.com\/en_US\/wp-json\/wp\/v2\/product_brand?post=20016"},{"taxonomy":"product_cat","embeddable":true,"href":"https:\/\/tajkertesz.com\/en_US\/wp-json\/wp\/v2\/product_cat?post=20016"},{"taxonomy":"product_tag","embeddable":true,"href":"https:\/\/tajkertesz.com\/en_US\/wp-json\/wp\/v2\/product_tag?post=20016"}],"curies":[{"name":"wp","href":"https:\/\/api.w.org\/{rel}","templated":true}]}}