{"id":20022,"date":"2024-10-24T11:31:08","date_gmt":"2024-10-24T11:31:08","guid":{"rendered":"https:\/\/tajkertesz.com\/?post_type=product&#038;p=20022"},"modified":"2026-03-17T14:06:24","modified_gmt":"2026-03-17T14:06:24","slug":"catalpa-bignonioides-nana-gomb-szivarfa-2","status":"publish","type":"product","link":"https:\/\/tajkertesz.com\/en_US\/product\/catalpa-bignonioides-nana-gomb-szivarfa-2\/","title":{"rendered":"Catalpa bignonioides &#8216;Nana&#8217; &#8211; G\u00f6mb szivarfa"},"content":{"rendered":"<h1>Catalpa bignonioides &#8216;Nana&#8217; &#8211; G\u00f6mb szivarfa<\/h1>\n<p>A Catalpa bignonioides &#8216;Nana&#8217; &#8211; G\u00f6mb szivarfa egy k\u00fcl\u00f6nleges d\u00edszfa, amelyet gyakran \u00fcltetnek kisebb kertekbe, el\u0151kertekbe \u00e9s utcai sorfak\u00e9nt. Ez a fa k\u00fcl\u00f6n\u00f6sen n\u00e9pszer\u0171 szab\u00e1lyos g\u00f6mb alak\u00fa koron\u00e1ja \u00e9s nagy, sz\u00edv alak\u00fa levelei miatt.<\/p>\n<h2>Catalpa bignonioides &#8216;Nana&#8217; jellemz\u0151i<\/h2>\n<p>Ez a d\u00edszfa 3-5 m\u00e9ter magasra n\u0151, \u00e9s lap\u00edtott g\u00f6mbkoron\u00e1t nevel, amely term\u00e9szetes m\u00f3don alakul ki, metsz\u00e9s n\u00e9lk\u00fcl is. A fa t\u00f6rzse \u00e1ltal\u00e1ban 180-200 cm magas, amelyre a koron\u00e1t oltj\u00e1k. A levelei nagyok, sz\u00edv alak\u00faak, \u00e9s f\u00e9nytelen z\u00f6ld sz\u00edn\u0171ek, amelyek az alapfajn\u00e1l kisebb m\u00e9ret\u0171ek. A fa nem hoz vir\u00e1got \u00e9s term\u00e9st, ami k\u00fcl\u00f6n\u00f6sen el\u0151ny\u00f6s lehet azok sz\u00e1m\u00e1ra, akik kev\u00e9sb\u00e9 szeretik a lehull\u00f3 vir\u00e1gokat \u00e9s term\u00e9seket.<\/p>\n<h3>A g\u00f6mb szivarfa gondoz\u00e1sa<\/h3>\n<p>A Catalpa bignonioides \u2018Nana\u2019 napos, vil\u00e1gos vagy f\u00e9l\u00e1rny\u00e9kos helyen \u00e9rzi j\u00f3l mag\u00e1t. A j\u00f3 min\u0151s\u00e9g\u0171, nedvesebb talajokat kedveli, de elviseli a sz\u00e1razs\u00e1got is, b\u00e1r ilyenkor hajlamosabb lehet a betegs\u00e9gekre. Fiatal korban rendszeres \u00f6nt\u00f6z\u00e9st ig\u00e9nyel, de k\u00e9s\u0151bb m\u00e1r j\u00f3l t\u0171ri a sz\u00e1razs\u00e1got.<\/p>\n<p>Az \u00fcltet\u00e9s sor\u00e1n fontos, hogy egy megfelel\u0151 m\u00e9ret\u0171 g\u00f6dr\u00f6t \u00e1ssunk, amely kb. 50 cm sz\u00e9les \u00e9s 80-100 cm m\u00e9ly. A g\u00f6d\u00f6r alj\u00e1ra \u00e9rdemes egy r\u00e9teg tr\u00e1gy\u00e1t helyezni, majd term\u0151f\u00f6lddel befedni, miel\u0151tt a f\u00e1t elhelyezz\u00fck benne. \u00dcltet\u00e9s ut\u00e1n alaposan \u00f6nt\u00f6zz\u00fck meg a n\u00f6v\u00e9nyt, hogy biztos\u00edtsuk a gy\u00f6kerek megfelel\u0151 nedvess\u00e9g\u00e9t.<\/p>\n<h4>Felhaszn\u00e1l\u00e1sa<\/h4>\n<p>A g\u00f6mb szivarfa sokoldal\u00faan felhaszn\u00e1lhat\u00f3. Alacsony n\u00f6veked\u00e9se miatt ide\u00e1lis v\u00e1laszt\u00e1s lehet l\u00e9gvezet\u00e9kek al\u00e1, ahol nem fogja el\u00e9rni azokat. Kiskertekben, el\u0151kertekben \u00e9s nagyobb d\u00e9zs\u00e1kban is j\u00f3l mutat, ak\u00e1r teraszok d\u00edszek\u00e9nt is. Szab\u00e1lyos g\u00f6mb alak\u00fa koron\u00e1ja miatt szoborszer\u0171 megjelen\u00e9st k\u00f6lcs\u00f6n\u00f6z a kertnek, \u00e9s k\u00fcl\u00f6n\u00f6sebb metsz\u00e9st nem ig\u00e9nyel.<\/p>\n<h5>El\u0151ny\u00f6k \u00e9s H\u00e1tr\u00e1nyok<\/h5>\n<p>A Catalpa bignonioides \u2018Nana\u2019 egyik legnagyobb el\u0151nye, hogy ellen\u00e1ll\u00f3 \u00e9s kev\u00e9s gondoz\u00e1st ig\u00e9nyel. Kompakt m\u00e9rete miatt k\u00f6nnyen beilleszthet\u0151 kisebb kertekbe is, \u00e9s nem ig\u00e9nyel rendszeres metsz\u00e9st a g\u00f6mb alak\u00fa korona fenntart\u00e1s\u00e1hoz. Ugyanakkor fontos megjegyezni, hogy a fa nem hoz vir\u00e1got \u00e9s term\u00e9st, ami egyesek sz\u00e1m\u00e1ra h\u00e1tr\u00e1ny lehet.<\/p>\n<h6>\u00d6sszegz\u00e9s<\/h6>\n<p>A g\u00f6mb szivarfa egy kiv\u00e1l\u00f3 v\u00e1laszt\u00e1s azok sz\u00e1m\u00e1ra, akik egy alacsony n\u00f6v\u00e9s\u0171, dekorat\u00edv d\u00edszf\u00e1t keresnek, amely kev\u00e9s gondoz\u00e1st ig\u00e9nyel. Szab\u00e1lyos g\u00f6mb alak\u00fa koron\u00e1ja \u00e9s nagy, sz\u00edv alak\u00fa levelei k\u00fcl\u00f6nleges megjelen\u00e9st k\u00f6lcs\u00f6n\u00f6znek a kertnek, mik\u00f6zben ellen\u00e1ll\u00f3 \u00e9s sz\u00e1razs\u00e1gt\u0171r\u0151 tulajdons\u00e1gai miatt praktikus v\u00e1laszt\u00e1s is.<\/p>\n<h2><span style=\"color: #ff0000;\">M\u00e9ret\u00e9n\u00e9l fogva fut\u00e1rszolg\u00e1lattal nem sz\u00e1ll\u00edthat\u00f3!!!<\/span><\/h2>\n<p>El\u00e9rhet\u0151 t\u00f6bbf\u00e9le m\u00e9retben \u00e9s \u00e1rban.<\/p>\n<p><strong>K\u00e9szlet\u00fcnk napi szinten v\u00e1ltozik, ez\u00e9rt k\u00e9rj\u00fck, \u00e9rdekl\u0151dj\u00f6n szem\u00e9lyesen, telefonon vagy email-en.<br \/>\nA v\u00e1ltoztat\u00e1s jog\u00e1t fenntartjuk!\u00a0<\/strong><\/p>\n<p><a href=\"https:\/\/tajkertesz.com\/\">https:\/\/tajkertesz.com\/<\/a><\/p>\n<p><a href=\"https:\/\/www.facebook.com\/tajkertesz\/\">https:\/\/www.facebook.com\/tajkertesz\/<\/a><\/p>\n<p>Kisz\u00e1ll\u00edt\u00e1s: 200cm-ig \u00a0\u00e9s 40 kg-ig a sz\u00e1ll\u00edt\u00e1s fut\u00e1rszolg\u00e1lattal \u00a0t\u00f6rt\u00e9nik.<\/p>\n<p>Szem\u00e9lyes \u00e1tv\u00e9tel nyitvatart\u00e1si id\u0151ben a 17. ker\u00fclet Bakancsos utca 7. sz\u00e1m alatti Kert\u00e9szeti \u00e1rud\u00e1nkban.<\/p>\n<p>&nbsp;<\/p>\n<p>&nbsp;<\/p>","protected":false},"excerpt":{"rendered":"<h2>Catalpa bignonioides &#8216;Nana&#8217; , G\u00f6mb szivarfa<\/h2>\n<p>Jelen term\u00e9k\u00fcnk 18literes kont\u00e9nerben kaphat\u00f3 \u00e9s 220cm magas t\u00f6rzsre oltott 8\/10cm-es t\u00f6rzsm\u00e9rettel.<\/p>\n<h1><span style=\"color: #ff0000;\">M\u00e9ret\u00e9n\u00e9l fogva fut\u00e1rszolg\u00e1lattal nem sz\u00e1ll\u00edthat\u00f3!!!<\/span><\/h1>\n<p><em>\u00c1tv\u00e9tel a kert\u00e9szeti \u00e1rud\u00e1nkban!<\/em><\/p>\n<p><b>K\u00e9szlet\u00fcnk napi szinten v\u00e1ltozik, ez\u00e9rt k\u00e9rj\u00fck, \u00e9rdekl\u0151dj\u00f6n szem\u00e9lyesen, telefonon vagy email-en.<br \/>\nA v\u00e1ltoztat\u00e1s jog\u00e1t fenntartjuk!\u00a0<\/b><\/p>\n<p><b><a href=\"https:\/\/tajkertesz.com\/\">https:\/\/tajkertesz.com\/<\/a><\/b><\/p>","protected":false},"featured_media":791,"template":"","meta":{"_et_pb_use_builder":"","_et_pb_old_content":"","_et_gb_content_width":""},"product_brand":[],"product_cat":[28],"product_tag":[69,67,68,3912,908,3910,3911,1320],"class_list":{"0":"post-20022","1":"product","2":"type-product","3":"status-publish","4":"has-post-thumbnail","6":"product_cat-diszfak","7":"product_tag-catalpa","8":"product_tag-catalpa-bignonioides-nana","9":"product_tag-gomb-szivarfa","10":"product_tag-gombfa","11":"product_tag-magastorzsu","12":"product_tag-szivarfa","13":"product_tag-szunyoguzo","14":"product_tag-torzsre-oltott","16":"first","17":"instock","18":"shipping-taxable","19":"purchasable","20":"product-type-simple"},"yoast_head":"<!-- This site is optimized with the Yoast SEO plugin v27.3 - https:\/\/yoast.com\/product\/yoast-seo-wordpress\/ -->\n<title>Catalpa bignonioides &#039;Nana&#039; - G\u00f6mb szivarfa - T\u00e1jkert\u00e9sz<\/title>\n<meta name=\"description\" content=\"Catalpa bignonioides &#039;Nana&#039; - G\u00f6mb szivarfa. Egy nagyon kedvelt szivarfa fajta mely j\u00f3l t\u0171ri a v\u00e1rosi klim\u00e1t is . Felhaszn\u00e1l\u00e1s:\u00a0Napf\u00e9nyes, sz\u0171k helyekre...\" \/>\n<meta name=\"robots\" content=\"index, follow, max-snippet:-1, max-image-preview:large, max-video-preview:-1\" \/>\n<link rel=\"canonical\" href=\"https:\/\/tajkertesz.com\/en_US\/product\/catalpa-bignonioides-nana-gomb-szivarfa-2\/\" \/>\n<meta property=\"og:locale\" content=\"en_US\" \/>\n<meta property=\"og:type\" content=\"article\" \/>\n<meta property=\"og:title\" content=\"Catalpa bignonioides &#039;Nana&#039; - G\u00f6mb szivarfa - T\u00e1jkert\u00e9sz\" \/>\n<meta property=\"og:description\" content=\"Catalpa bignonioides &#039;Nana&#039; - G\u00f6mb szivarfa. Egy nagyon kedvelt szivarfa fajta mely j\u00f3l t\u0171ri a v\u00e1rosi klim\u00e1t is . Felhaszn\u00e1l\u00e1s:\u00a0Napf\u00e9nyes, sz\u0171k helyekre...\" \/>\n<meta property=\"og:url\" content=\"https:\/\/tajkertesz.com\/en_US\/product\/catalpa-bignonioides-nana-gomb-szivarfa-2\/\" \/>\n<meta property=\"og:site_name\" content=\"T\u00e1jkert\u00e9sz\" \/>\n<meta property=\"article:publisher\" content=\"https:\/\/www.facebook.com\/Tajkertesz\/\" \/>\n<meta property=\"article:modified_time\" content=\"2026-03-17T14:06:24+00:00\" \/>\n<meta property=\"og:image\" content=\"https:\/\/tajkertesz.com\/wp-content\/uploads\/2020\/02\/G\u00f6mb-szivarfa.jpg\" \/>\n\t<meta property=\"og:image:width\" content=\"203\" \/>\n\t<meta property=\"og:image:height\" content=\"248\" \/>\n\t<meta property=\"og:image:type\" content=\"image\/jpeg\" \/>\n<meta name=\"twitter:card\" content=\"summary_large_image\" \/>\n<meta name=\"twitter:label1\" content=\"Est. reading time\" \/>\n\t<meta name=\"twitter:data1\" content=\"3 minutes\" \/>\n<script type=\"application\/ld+json\" class=\"yoast-schema-graph\">{\"@context\":\"https:\\\/\\\/schema.org\",\"@graph\":[{\"@type\":\"WebPage\",\"@id\":\"https:\\\/\\\/tajkertesz.com\\\/termek\\\/catalpa-bignonioides-nana-gomb-szivarfa-2\\\/\",\"url\":\"https:\\\/\\\/tajkertesz.com\\\/termek\\\/catalpa-bignonioides-nana-gomb-szivarfa-2\\\/\",\"name\":\"Catalpa bignonioides 'Nana' - G\u00f6mb szivarfa - T\u00e1jkert\u00e9sz\",\"isPartOf\":{\"@id\":\"https:\\\/\\\/tajkertesz.com\\\/#website\"},\"primaryImageOfPage\":{\"@id\":\"https:\\\/\\\/tajkertesz.com\\\/termek\\\/catalpa-bignonioides-nana-gomb-szivarfa-2\\\/#primaryimage\"},\"image\":{\"@id\":\"https:\\\/\\\/tajkertesz.com\\\/termek\\\/catalpa-bignonioides-nana-gomb-szivarfa-2\\\/#primaryimage\"},\"thumbnailUrl\":\"https:\\\/\\\/tajkertesz.com\\\/wp-content\\\/uploads\\\/2020\\\/02\\\/G\u00f6mb-szivarfa.jpg\",\"datePublished\":\"2024-10-24T11:31:08+00:00\",\"dateModified\":\"2026-03-17T14:06:24+00:00\",\"description\":\"Catalpa bignonioides 'Nana' - G\u00f6mb szivarfa. Egy nagyon kedvelt szivarfa fajta mely j\u00f3l t\u0171ri a v\u00e1rosi klim\u00e1t is . Felhaszn\u00e1l\u00e1s:\u00a0Napf\u00e9nyes, sz\u0171k helyekre...\",\"breadcrumb\":{\"@id\":\"https:\\\/\\\/tajkertesz.com\\\/termek\\\/catalpa-bignonioides-nana-gomb-szivarfa-2\\\/#breadcrumb\"},\"inLanguage\":\"en-US\",\"potentialAction\":[{\"@type\":\"ReadAction\",\"target\":[\"https:\\\/\\\/tajkertesz.com\\\/termek\\\/catalpa-bignonioides-nana-gomb-szivarfa-2\\\/\"]}]},{\"@type\":\"ImageObject\",\"inLanguage\":\"en-US\",\"@id\":\"https:\\\/\\\/tajkertesz.com\\\/termek\\\/catalpa-bignonioides-nana-gomb-szivarfa-2\\\/#primaryimage\",\"url\":\"https:\\\/\\\/tajkertesz.com\\\/wp-content\\\/uploads\\\/2020\\\/02\\\/G\u00f6mb-szivarfa.jpg\",\"contentUrl\":\"https:\\\/\\\/tajkertesz.com\\\/wp-content\\\/uploads\\\/2020\\\/02\\\/G\u00f6mb-szivarfa.jpg\",\"width\":203,\"height\":248,\"caption\":\"Catalpa bungei - G\u00f6mb szivarfa\"},{\"@type\":\"BreadcrumbList\",\"@id\":\"https:\\\/\\\/tajkertesz.com\\\/termek\\\/catalpa-bignonioides-nana-gomb-szivarfa-2\\\/#breadcrumb\",\"itemListElement\":[{\"@type\":\"ListItem\",\"position\":1,\"name\":\"Home\",\"item\":\"https:\\\/\\\/tajkertesz.com\\\/\"},{\"@type\":\"ListItem\",\"position\":2,\"name\":\"Kezd\u0151lap\",\"item\":\"https:\\\/\\\/tajkertesz.com\\\/\"},{\"@type\":\"ListItem\",\"position\":3,\"name\":\"Catalpa bignonioides &#8216;Nana&#8217; &#8211; G\u00f6mb szivarfa\"}]},{\"@type\":\"WebSite\",\"@id\":\"https:\\\/\\\/tajkertesz.com\\\/#website\",\"url\":\"https:\\\/\\\/tajkertesz.com\\\/\",\"name\":\"T\u00e1j-Kert\u00e9sz 84 Kft.\",\"description\":\"Kert\u00e9szeti kis- \u00e9s nagykeresked\u00e9s, D\u00edszn\u00f6v\u00e9ny web\u00e1ruh\u00e1z orsz\u00e1gos h\u00e1zhozsz\u00e1ll\u00edt\u00e1ssal!\",\"publisher\":{\"@id\":\"https:\\\/\\\/tajkertesz.com\\\/#organization\"},\"potentialAction\":[{\"@type\":\"SearchAction\",\"target\":{\"@type\":\"EntryPoint\",\"urlTemplate\":\"https:\\\/\\\/tajkertesz.com\\\/?s={search_term_string}\"},\"query-input\":{\"@type\":\"PropertyValueSpecification\",\"valueRequired\":true,\"valueName\":\"search_term_string\"}}],\"inLanguage\":\"en-US\"},{\"@type\":\"Organization\",\"@id\":\"https:\\\/\\\/tajkertesz.com\\\/#organization\",\"name\":\"T\u00e1j-Kert\u00e9sz 84 Kft.\",\"url\":\"https:\\\/\\\/tajkertesz.com\\\/\",\"logo\":{\"@type\":\"ImageObject\",\"inLanguage\":\"en-US\",\"@id\":\"https:\\\/\\\/tajkertesz.com\\\/#\\\/schema\\\/logo\\\/image\\\/\",\"url\":\"https:\\\/\\\/tajkertesz.com\\\/wp-content\\\/uploads\\\/2018\\\/02\\\/logo-2-e1518678052539.png\",\"contentUrl\":\"https:\\\/\\\/tajkertesz.com\\\/wp-content\\\/uploads\\\/2018\\\/02\\\/logo-2-e1518678052539.png\",\"width\":81,\"height\":140,\"caption\":\"T\u00e1j-Kert\u00e9sz 84 Kft.\"},\"image\":{\"@id\":\"https:\\\/\\\/tajkertesz.com\\\/#\\\/schema\\\/logo\\\/image\\\/\"},\"sameAs\":[\"https:\\\/\\\/www.facebook.com\\\/Tajkertesz\\\/\"]}]}<\/script>\n<!-- \/ Yoast SEO plugin. -->","yoast_head_json":{"title":"Catalpa bignonioides 'Nana' - G\u00f6mb szivarfa - T\u00e1jkert\u00e9sz","description":"Catalpa bignonioides 'Nana' - G\u00f6mb szivarfa. Egy nagyon kedvelt szivarfa fajta mely j\u00f3l t\u0171ri a v\u00e1rosi klim\u00e1t is . Felhaszn\u00e1l\u00e1s:\u00a0Napf\u00e9nyes, sz\u0171k helyekre...","robots":{"index":"index","follow":"follow","max-snippet":"max-snippet:-1","max-image-preview":"max-image-preview:large","max-video-preview":"max-video-preview:-1"},"canonical":"https:\/\/tajkertesz.com\/en_US\/product\/catalpa-bignonioides-nana-gomb-szivarfa-2\/","og_locale":"en_US","og_type":"article","og_title":"Catalpa bignonioides 'Nana' - G\u00f6mb szivarfa - T\u00e1jkert\u00e9sz","og_description":"Catalpa bignonioides 'Nana' - G\u00f6mb szivarfa. Egy nagyon kedvelt szivarfa fajta mely j\u00f3l t\u0171ri a v\u00e1rosi klim\u00e1t is . Felhaszn\u00e1l\u00e1s:\u00a0Napf\u00e9nyes, sz\u0171k helyekre...","og_url":"https:\/\/tajkertesz.com\/en_US\/product\/catalpa-bignonioides-nana-gomb-szivarfa-2\/","og_site_name":"T\u00e1jkert\u00e9sz","article_publisher":"https:\/\/www.facebook.com\/Tajkertesz\/","article_modified_time":"2026-03-17T14:06:24+00:00","og_image":[{"width":203,"height":248,"url":"https:\/\/tajkertesz.com\/wp-content\/uploads\/2020\/02\/G\u00f6mb-szivarfa.jpg","type":"image\/jpeg"}],"twitter_card":"summary_large_image","twitter_misc":{"Est. reading time":"3 minutes"},"schema":{"@context":"https:\/\/schema.org","@graph":[{"@type":"WebPage","@id":"https:\/\/tajkertesz.com\/termek\/catalpa-bignonioides-nana-gomb-szivarfa-2\/","url":"https:\/\/tajkertesz.com\/termek\/catalpa-bignonioides-nana-gomb-szivarfa-2\/","name":"Catalpa bignonioides 'Nana' - G\u00f6mb szivarfa - T\u00e1jkert\u00e9sz","isPartOf":{"@id":"https:\/\/tajkertesz.com\/#website"},"primaryImageOfPage":{"@id":"https:\/\/tajkertesz.com\/termek\/catalpa-bignonioides-nana-gomb-szivarfa-2\/#primaryimage"},"image":{"@id":"https:\/\/tajkertesz.com\/termek\/catalpa-bignonioides-nana-gomb-szivarfa-2\/#primaryimage"},"thumbnailUrl":"https:\/\/tajkertesz.com\/wp-content\/uploads\/2020\/02\/G\u00f6mb-szivarfa.jpg","datePublished":"2024-10-24T11:31:08+00:00","dateModified":"2026-03-17T14:06:24+00:00","description":"Catalpa bignonioides 'Nana' - G\u00f6mb szivarfa. Egy nagyon kedvelt szivarfa fajta mely j\u00f3l t\u0171ri a v\u00e1rosi klim\u00e1t is . Felhaszn\u00e1l\u00e1s:\u00a0Napf\u00e9nyes, sz\u0171k helyekre...","breadcrumb":{"@id":"https:\/\/tajkertesz.com\/termek\/catalpa-bignonioides-nana-gomb-szivarfa-2\/#breadcrumb"},"inLanguage":"en-US","potentialAction":[{"@type":"ReadAction","target":["https:\/\/tajkertesz.com\/termek\/catalpa-bignonioides-nana-gomb-szivarfa-2\/"]}]},{"@type":"ImageObject","inLanguage":"en-US","@id":"https:\/\/tajkertesz.com\/termek\/catalpa-bignonioides-nana-gomb-szivarfa-2\/#primaryimage","url":"https:\/\/tajkertesz.com\/wp-content\/uploads\/2020\/02\/G\u00f6mb-szivarfa.jpg","contentUrl":"https:\/\/tajkertesz.com\/wp-content\/uploads\/2020\/02\/G\u00f6mb-szivarfa.jpg","width":203,"height":248,"caption":"Catalpa bungei - G\u00f6mb szivarfa"},{"@type":"BreadcrumbList","@id":"https:\/\/tajkertesz.com\/termek\/catalpa-bignonioides-nana-gomb-szivarfa-2\/#breadcrumb","itemListElement":[{"@type":"ListItem","position":1,"name":"Home","item":"https:\/\/tajkertesz.com\/"},{"@type":"ListItem","position":2,"name":"Kezd\u0151lap","item":"https:\/\/tajkertesz.com\/"},{"@type":"ListItem","position":3,"name":"Catalpa bignonioides &#8216;Nana&#8217; &#8211; G\u00f6mb szivarfa"}]},{"@type":"WebSite","@id":"https:\/\/tajkertesz.com\/#website","url":"https:\/\/tajkertesz.com\/","name":"T\u00e1j-Kert\u00e9sz 84 Kft.","description":"Kert\u00e9szeti kis- \u00e9s nagykeresked\u00e9s, D\u00edszn\u00f6v\u00e9ny web\u00e1ruh\u00e1z orsz\u00e1gos h\u00e1zhozsz\u00e1ll\u00edt\u00e1ssal!","publisher":{"@id":"https:\/\/tajkertesz.com\/#organization"},"potentialAction":[{"@type":"SearchAction","target":{"@type":"EntryPoint","urlTemplate":"https:\/\/tajkertesz.com\/?s={search_term_string}"},"query-input":{"@type":"PropertyValueSpecification","valueRequired":true,"valueName":"search_term_string"}}],"inLanguage":"en-US"},{"@type":"Organization","@id":"https:\/\/tajkertesz.com\/#organization","name":"T\u00e1j-Kert\u00e9sz 84 Kft.","url":"https:\/\/tajkertesz.com\/","logo":{"@type":"ImageObject","inLanguage":"en-US","@id":"https:\/\/tajkertesz.com\/#\/schema\/logo\/image\/","url":"https:\/\/tajkertesz.com\/wp-content\/uploads\/2018\/02\/logo-2-e1518678052539.png","contentUrl":"https:\/\/tajkertesz.com\/wp-content\/uploads\/2018\/02\/logo-2-e1518678052539.png","width":81,"height":140,"caption":"T\u00e1j-Kert\u00e9sz 84 Kft."},"image":{"@id":"https:\/\/tajkertesz.com\/#\/schema\/logo\/image\/"},"sameAs":["https:\/\/www.facebook.com\/Tajkertesz\/"]}]}},"_links":{"self":[{"href":"https:\/\/tajkertesz.com\/en_US\/wp-json\/wp\/v2\/product\/20022","targetHints":{"allow":["GET"]}}],"collection":[{"href":"https:\/\/tajkertesz.com\/en_US\/wp-json\/wp\/v2\/product"}],"about":[{"href":"https:\/\/tajkertesz.com\/en_US\/wp-json\/wp\/v2\/types\/product"}],"wp:featuredmedia":[{"embeddable":true,"href":"https:\/\/tajkertesz.com\/en_US\/wp-json\/wp\/v2\/media\/791"}],"wp:attachment":[{"href":"https:\/\/tajkertesz.com\/en_US\/wp-json\/wp\/v2\/media?parent=20022"}],"wp:term":[{"taxonomy":"product_brand","embeddable":true,"href":"https:\/\/tajkertesz.com\/en_US\/wp-json\/wp\/v2\/product_brand?post=20022"},{"taxonomy":"product_cat","embeddable":true,"href":"https:\/\/tajkertesz.com\/en_US\/wp-json\/wp\/v2\/product_cat?post=20022"},{"taxonomy":"product_tag","embeddable":true,"href":"https:\/\/tajkertesz.com\/en_US\/wp-json\/wp\/v2\/product_tag?post=20022"}],"curies":[{"name":"wp","href":"https:\/\/api.w.org\/{rel}","templated":true}]}}