{"id":20023,"date":"2025-03-24T12:46:39","date_gmt":"2025-03-24T12:46:39","guid":{"rendered":"https:\/\/tajkertesz.com\/?post_type=product&#038;p=20023"},"modified":"2026-02-24T12:00:15","modified_gmt":"2026-02-24T12:00:15","slug":"sargatarka-kecskerago-euonymus-japonicus-aurea","status":"publish","type":"product","link":"https:\/\/tajkertesz.com\/en_US\/product\/sargatarka-kecskerago-euonymus-japonicus-aurea\/","title":{"rendered":"Euonymus japonicus Aurea &#8211; S\u00e1rgatarka kecsker\u00e1g\u00f3"},"content":{"rendered":"<h1>Euonymus japonicus Aurea &#8211; S\u00e1rgatarka kecsker\u00e1g\u00f3<\/h1>\n<p>Az Euonymus japonicus Aurea &#8211; S\u00e1rgatarka kecsker\u00e1g\u00f3 rendk\u00edv\u00fcl mutat\u00f3s \u00f6r\u00f6kz\u00f6ld cserje, \u00fcltethetj\u00fck szoliterk\u00e9nt vagy ny\u00edrott s\u00f6v\u00e9nyk\u00e9nt, de ed\u00e9nyes n\u00f6v\u00e9nyk\u00e9nt is j\u00f3l \u00e9rzi mag\u00e1t.<\/p>\n<h2>Euonymus japonicus Aurea jellemz\u0151i<\/h2>\n<ul>\n<li class=\"\" data-start=\"335\" data-end=\"527\">\n<p class=\"\" data-start=\"337\" data-end=\"527\">Az <em data-start=\"368\" data-end=\"388\">Euonymus japonicus<\/em> &#8216;Aurea&#8217; 1\u20132 m\u00e9ter magas, de megfelel\u0151 k\u00f6r\u00fclm\u00e9nyek k\u00f6z\u00f6tt ak\u00e1r enn\u00e9l is nagyobbra n\u0151het. A n\u00f6v\u00e9ny lassan n\u00f6vekv\u0151, kompakt form\u00e1j\u00fa.<\/p>\n<\/li>\n<li class=\"\" data-start=\"528\" data-end=\"719\">\n<p class=\"\" data-start=\"530\" data-end=\"719\"><strong data-start=\"530\" data-end=\"543\">Lev\u00e9lzet:<\/strong> Az &#8216;Aurea&#8217; fajta levelei vil\u00e1gos s\u00e1rga-z\u00f6ld sz\u00edn\u0171ek, \u00e9s a szeg\u00e9ly\u00fck\u00f6n enyhe z\u00f6ld \u00e1rnyalatok is megjelenhetnek. A levelek f\u00e9nyesek, ami k\u00fcl\u00f6n\u00f6sen sz\u00e9p kontrasztot ad a kertben.<\/p>\n<\/li>\n<li class=\"\" data-start=\"720\" data-end=\"908\">\n<p class=\"\" data-start=\"722\" data-end=\"908\"><strong data-start=\"722\" data-end=\"735\">Vir\u00e1gz\u00e1s:<\/strong> Az &#8216;Aurea&#8217; tavaszi vir\u00e1gz\u00e1sa apr\u00f3, z\u00f6ldes-feh\u00e9r vir\u00e1gai vannak, de nem a legfontosabb d\u00edsz\u00edt\u0151elem, mivel a n\u00f6v\u00e9ny legink\u00e1bb a leveleivel vonzza a figyelmet.<\/p>\n<\/li>\n<\/ul>\n<h3>S\u00e1rgatarka kecsker\u00e1g\u00f3 gondoz\u00e1sa<\/h3>\n<p>K\u00f6zepes v\u00edzig\u00e9ny\u0171, k\u00fcl\u00f6n\u00f6sebb gondoz\u00e1st nem ig\u00e9nyl\u0151 fajta, \u00e1ltal\u00e1nos kerti talajban j\u00f3l \u00e9rzi mag\u00e1t. A f\u00e9l\u00e1rny\u00e9kos fekv\u00e9s\u0171 helyeket is kedveli, de naposabb ter\u00fcletre \u00fcltetve \u00e9rzi j\u00f3l mag\u00e1t. Sz\u00e1razabb id\u0151szakban rendszeresen \u00f6nt\u00f6zz\u00fck.<br \/>\nA s\u0171r\u0171bb \u00e9s form\u00e1sabb lombkorona \u00e9rdek\u00e9ben tavasszal megmetszhet\u0151.<\/p>\n<p>\u00dcltethetj\u00fck szoliterk\u00e9nt vagy ny\u00edrott s\u00f6v\u00e9nyk\u00e9nt, de ed\u00e9nyes n\u00f6v\u00e9nyk\u00e9nt is j\u00f3l \u00e9rzi mag\u00e1t.<\/p>\n<p>&nbsp;<\/p>\n<p><b>K\u00e9szlet\u00fcnk napi szinten v\u00e1ltozik, ez\u00e9rt k\u00e9rj\u00fck, \u00e9rdekl\u0151dj\u00f6n szem\u00e9lyesen, telefonon vagy email-en.<br \/>\nA v\u00e1ltoztat\u00e1s jog\u00e1t fenntartjuk!<\/b><b>\u00a0 <\/b><\/p>\n<p><a href=\"https:\/\/tajkertesz.com\/\">https:\/\/tajkertesz.com\/<\/a><\/p>\n<p><a href=\"https:\/\/www.facebook.com\/tajkertesz\/\">https:\/\/www.facebook.com\/tajkertesz\/ <\/a><\/p>\n<p>Kisz\u00e1ll\u00edt\u00e1s: 200cm-ig \u00e9s 40 kg-ig a sz\u00e1ll\u00edt\u00e1s fut\u00e1rszolg\u00e1lattal t\u00f6rt\u00e9nik.<\/p>\n<p>Szem\u00e9lyes \u00e1tv\u00e9tel nyitvatart\u00e1si id\u0151ben a 17. ker\u00fclet Bakancsos utca 7. sz\u00e1m alatti Kert\u00e9szeti \u00e1rud\u00e1nkban.<\/p>\n<p>Kert\u00e9p\u00edt\u0151k \u00e9s viszontelad\u00f3k regisztr\u00e1l\u00e1s ut\u00e1n egyedi kedvezm\u00e9nnyel v\u00e1s\u00e1rolhatnak kert\u00e9szeti kis-\u00e9s nagykeresked\u00e9s\u00fcnkben.<\/p>\n<p><strong>Az \u00e1rak egy darab term\u00e9kre vonatkoznak.<\/strong><\/p>\n<p><strong>J\u00f3 tudni!<\/strong><\/p>\n<p>K\u00e9pek-elt\u00e9r\u00e9sek:<\/p>\n<p>A n\u00f6v\u00e9nyekr\u0151l felt\u00f6lt\u00f6tt k\u00e9pek illusztr\u00e1ci\u00f3k. N\u00f6v\u00e9nyekn\u00e9l el\u0151fordulhatnak minim\u00e1lis elt\u00e9r\u00e9sek a k\u00e9peken szerepl\u0151 n\u00f6v\u00e9nyek \u00e9s az \u00e1tvett n\u00f6v\u00e9nyek k\u00f6z\u00f6tt, mivel minden n\u00f6v\u00e9ny egyedi.<\/p>\n<h4>N\u00f6v\u00e9nyek sz\u00e1ll\u00edt\u00e1sa:<\/h4>\n<p>A megrendelt n\u00f6v\u00e9nyeket igyeksz\u00fcnk a lehet\u0151 legbiztons\u00e1gosabban egyes\u00e9vel csomagolni, azonban a sz\u00e1ll\u00edt\u00e1s sor\u00e1n m\u00e9g ennek ellen\u00e9re is\u00a0bek\u00f6vetkezhetnek apr\u00f3bb s\u00e9r\u00fcl\u00e9sek (lev\u00e9l- vagy vir\u00e1ghull\u00e1s).<br \/>\nN\u00f6v\u00e9ny rendel\u00e9s eset\u00e9n k\u00e9rj\u00fck a k\u00e9zbes\u00edt\u00e9st k\u00f6vet\u0151en a lehet\u0151 leghamarabb bonts\u00e1k ki a csomagot.<\/p>\n<p>Abban az esetben, ha a megrendelt n\u00f6v\u00e9ny\u00a0a sz\u00e1ll\u00edt\u00e1st k\u00f6vet\u0151en\u00a0nem megfelel\u0151 gondoz\u00e1sban r\u00e9szes\u00fcl \u00e9s ebb\u0151l kifoly\u00f3lag\u00a0k\u00e1rosodik,\u00a0elpusztul, felel\u0151ss\u00e9get sajnos nem tudunk v\u00e1llalni.<\/p>\n<p>V\u00e1s\u00e1rl\u00e1st\u00f3l val\u00f3 el\u00e1ll\u00e1s \u00e9l\u0151 n\u00f6v\u00e9ny v\u00e1s\u00e1rl\u00e1sa eset\u00e9n:<\/p>\n<p>Az \u00e1ltal\u00e1nos 14 napos el\u00e1ll\u00e1s lehet\u0151s\u00e9ge \u00e9l\u0151 n\u00f6v\u00e9nyekre nem vonatkozik. V\u00e1s\u00e1rl\u00e1st\u00f3l val\u00f3 el\u00e1ll\u00e1sra, visszak\u00fcld\u00e9sre nincs lehet\u0151s\u00e9g.\u00a0(17\/1999. (II. 5.) Korm. rendelet 5c pontja)<\/p>\n<p><strong>K\u00e9rj\u00fck fentiek figyelembev\u00e9tel\u00e9t n\u00f6v\u00e9ny rendel\u00e9se sor\u00e1n!<\/strong><\/p>","protected":false},"excerpt":{"rendered":"<h3>S\u00e1rgatarka kecsker\u00e1g\u00f3\/Euonymus japonicus Aurea<\/h3>\n<p>Rendk\u00edv\u00fcl mutat\u00f3s \u00f6r\u00f6kz\u00f6ld cserje. Nagy levelei s\u00e1rg\u00e1n szeg\u00e9lyezettek, ny\u00edr\u00e1ssal alak\u00edthat\u00f3 a korona\u2026<\/p>\n<p>Cser\u00e9p m\u00e9rete:3L.<\/p>\n<p>N\u00f6v\u00e9ny magass\u00e1ga: 40\/50cm<\/p>\n<div id=\"bodyContent\" class=\"mw-body-content\">\n<div id=\"mw-content-text\" class=\"mw-content-ltr\" dir=\"ltr\" lang=\"hu\">\n<div id=\"bodyContent\" class=\"mw-body-content\">\n<div id=\"mw-content-text\" class=\"mw-content-ltr\" dir=\"ltr\" lang=\"hu\">\n<p><b>K\u00e9szlet\u00fcnk napi szinten v\u00e1ltozik, ez\u00e9rt k\u00e9rj\u00fck, \u00e9rdekl\u0151dj\u00f6n szem\u00e9lyesen, telefonon vagy email-en.<\/b><\/p>\n<p>Term\u00e9keinket szem\u00e9lyesen is \u00e1tveheti a h\u00e9t minden napj\u00e1n nyitvatart\u00e1si id\u0151ben!<\/p>\n<p>Kisz\u00e1ll\u00edt\u00e1s: 200 cm \u00e9s 40 kg-ig a sz\u00e1ll\u00edt\u00e1s fut\u00e1rszolg\u00e1lattal t\u00f6rt\u00e9nik.<\/p>\n<\/div>\n<\/div>\n<\/div>\n<\/div>\n<p><b>A v\u00e1ltoztat\u00e1s jog\u00e1t fenntartjuk!\u00a0<\/b><\/p>","protected":false},"featured_media":20024,"template":"","meta":{"_et_pb_use_builder":"","_et_pb_old_content":"","_et_gb_content_width":""},"product_brand":[],"product_cat":[27,26],"product_tag":[73,4931,72,5105],"class_list":{"0":"post-20023","1":"product","2":"type-product","3":"status-publish","4":"has-post-thumbnail","6":"product_cat-cserjek","7":"product_cat-orokzold-novenyek","8":"product_tag-cserje","9":"product_tag-japan-kecskerago","10":"product_tag-kecskerago","11":"product_tag-sargatarka-kecskerago-euonymus-japonicus-aurea","13":"first","14":"instock","15":"shipping-taxable","16":"purchasable","17":"product-type-simple"},"yoast_head":"<!-- This site is optimized with the Yoast SEO plugin v27.3 - https:\/\/yoast.com\/product\/yoast-seo-wordpress\/ -->\n<title>Euonymus japonicus Aurea - S\u00e1rgatarka kecsker\u00e1g\u00f3 - T\u00e1jkert\u00e9sz<\/title>\n<meta name=\"description\" content=\"Euonymus japonicus Aurea - S\u00e1rgatarka kecsker\u00e1g\u00f3 rendk\u00edv\u00fcl mutat\u00f3s \u00f6r\u00f6kz\u00f6ld cserje, melyet \u00fcltethet\u00fcnk szoliterk\u00e9nt, s\u00f6v\u00e9nyk\u00e9nt vagy ed\u00e9nybe.\" \/>\n<meta name=\"robots\" content=\"index, follow, max-snippet:-1, max-image-preview:large, max-video-preview:-1\" \/>\n<link rel=\"canonical\" href=\"https:\/\/tajkertesz.com\/en_US\/product\/sargatarka-kecskerago-euonymus-japonicus-aurea\/\" \/>\n<meta property=\"og:locale\" content=\"en_US\" \/>\n<meta property=\"og:type\" content=\"article\" \/>\n<meta property=\"og:title\" content=\"Euonymus japonicus Aurea - S\u00e1rgatarka kecsker\u00e1g\u00f3 - T\u00e1jkert\u00e9sz\" \/>\n<meta property=\"og:description\" content=\"Euonymus japonicus Aurea - S\u00e1rgatarka kecsker\u00e1g\u00f3 rendk\u00edv\u00fcl mutat\u00f3s \u00f6r\u00f6kz\u00f6ld cserje, melyet \u00fcltethet\u00fcnk szoliterk\u00e9nt, s\u00f6v\u00e9nyk\u00e9nt vagy ed\u00e9nybe.\" \/>\n<meta property=\"og:url\" content=\"https:\/\/tajkertesz.com\/en_US\/product\/sargatarka-kecskerago-euonymus-japonicus-aurea\/\" \/>\n<meta property=\"og:site_name\" content=\"T\u00e1jkert\u00e9sz\" \/>\n<meta property=\"article:publisher\" content=\"https:\/\/www.facebook.com\/Tajkertesz\/\" \/>\n<meta property=\"article:modified_time\" content=\"2026-02-24T12:00:15+00:00\" \/>\n<meta property=\"og:image\" content=\"https:\/\/tajkertesz.com\/wp-content\/uploads\/2024\/04\/1-26-600x600-1.jpg\" \/>\n\t<meta property=\"og:image:width\" content=\"600\" \/>\n\t<meta property=\"og:image:height\" content=\"600\" \/>\n\t<meta property=\"og:image:type\" content=\"image\/jpeg\" \/>\n<meta name=\"twitter:card\" content=\"summary_large_image\" \/>\n<meta name=\"twitter:label1\" content=\"Est. reading time\" \/>\n\t<meta name=\"twitter:data1\" content=\"3 minutes\" \/>\n<script type=\"application\/ld+json\" class=\"yoast-schema-graph\">{\"@context\":\"https:\\\/\\\/schema.org\",\"@graph\":[{\"@type\":\"WebPage\",\"@id\":\"https:\\\/\\\/tajkertesz.com\\\/termek\\\/sargatarka-kecskerago-euonymus-japonicus-aurea\\\/\",\"url\":\"https:\\\/\\\/tajkertesz.com\\\/termek\\\/sargatarka-kecskerago-euonymus-japonicus-aurea\\\/\",\"name\":\"Euonymus japonicus Aurea - S\u00e1rgatarka kecsker\u00e1g\u00f3 - T\u00e1jkert\u00e9sz\",\"isPartOf\":{\"@id\":\"https:\\\/\\\/tajkertesz.com\\\/#website\"},\"primaryImageOfPage\":{\"@id\":\"https:\\\/\\\/tajkertesz.com\\\/termek\\\/sargatarka-kecskerago-euonymus-japonicus-aurea\\\/#primaryimage\"},\"image\":{\"@id\":\"https:\\\/\\\/tajkertesz.com\\\/termek\\\/sargatarka-kecskerago-euonymus-japonicus-aurea\\\/#primaryimage\"},\"thumbnailUrl\":\"https:\\\/\\\/tajkertesz.com\\\/wp-content\\\/uploads\\\/2024\\\/04\\\/1-26-600x600-1.jpg\",\"datePublished\":\"2025-03-24T12:46:39+00:00\",\"dateModified\":\"2026-02-24T12:00:15+00:00\",\"description\":\"Euonymus japonicus Aurea - S\u00e1rgatarka kecsker\u00e1g\u00f3 rendk\u00edv\u00fcl mutat\u00f3s \u00f6r\u00f6kz\u00f6ld cserje, melyet \u00fcltethet\u00fcnk szoliterk\u00e9nt, s\u00f6v\u00e9nyk\u00e9nt vagy ed\u00e9nybe.\",\"breadcrumb\":{\"@id\":\"https:\\\/\\\/tajkertesz.com\\\/termek\\\/sargatarka-kecskerago-euonymus-japonicus-aurea\\\/#breadcrumb\"},\"inLanguage\":\"en-US\",\"potentialAction\":[{\"@type\":\"ReadAction\",\"target\":[\"https:\\\/\\\/tajkertesz.com\\\/termek\\\/sargatarka-kecskerago-euonymus-japonicus-aurea\\\/\"]}]},{\"@type\":\"ImageObject\",\"inLanguage\":\"en-US\",\"@id\":\"https:\\\/\\\/tajkertesz.com\\\/termek\\\/sargatarka-kecskerago-euonymus-japonicus-aurea\\\/#primaryimage\",\"url\":\"https:\\\/\\\/tajkertesz.com\\\/wp-content\\\/uploads\\\/2024\\\/04\\\/1-26-600x600-1.jpg\",\"contentUrl\":\"https:\\\/\\\/tajkertesz.com\\\/wp-content\\\/uploads\\\/2024\\\/04\\\/1-26-600x600-1.jpg\",\"width\":600,\"height\":600,\"caption\":\"Euonymus japonicus Aurea - S\u00e1rgatarka kecsker\u00e1g\u00f3\"},{\"@type\":\"BreadcrumbList\",\"@id\":\"https:\\\/\\\/tajkertesz.com\\\/termek\\\/sargatarka-kecskerago-euonymus-japonicus-aurea\\\/#breadcrumb\",\"itemListElement\":[{\"@type\":\"ListItem\",\"position\":1,\"name\":\"Home\",\"item\":\"https:\\\/\\\/tajkertesz.com\\\/\"},{\"@type\":\"ListItem\",\"position\":2,\"name\":\"Kezd\u0151lap\",\"item\":\"https:\\\/\\\/tajkertesz.com\\\/\"},{\"@type\":\"ListItem\",\"position\":3,\"name\":\"Euonymus japonicus Aurea &#8211; S\u00e1rgatarka kecsker\u00e1g\u00f3\"}]},{\"@type\":\"WebSite\",\"@id\":\"https:\\\/\\\/tajkertesz.com\\\/#website\",\"url\":\"https:\\\/\\\/tajkertesz.com\\\/\",\"name\":\"T\u00e1j-Kert\u00e9sz 84 Kft.\",\"description\":\"Kert\u00e9szeti kis- \u00e9s nagykeresked\u00e9s, D\u00edszn\u00f6v\u00e9ny web\u00e1ruh\u00e1z orsz\u00e1gos h\u00e1zhozsz\u00e1ll\u00edt\u00e1ssal!\",\"publisher\":{\"@id\":\"https:\\\/\\\/tajkertesz.com\\\/#organization\"},\"potentialAction\":[{\"@type\":\"SearchAction\",\"target\":{\"@type\":\"EntryPoint\",\"urlTemplate\":\"https:\\\/\\\/tajkertesz.com\\\/?s={search_term_string}\"},\"query-input\":{\"@type\":\"PropertyValueSpecification\",\"valueRequired\":true,\"valueName\":\"search_term_string\"}}],\"inLanguage\":\"en-US\"},{\"@type\":\"Organization\",\"@id\":\"https:\\\/\\\/tajkertesz.com\\\/#organization\",\"name\":\"T\u00e1j-Kert\u00e9sz 84 Kft.\",\"url\":\"https:\\\/\\\/tajkertesz.com\\\/\",\"logo\":{\"@type\":\"ImageObject\",\"inLanguage\":\"en-US\",\"@id\":\"https:\\\/\\\/tajkertesz.com\\\/#\\\/schema\\\/logo\\\/image\\\/\",\"url\":\"https:\\\/\\\/tajkertesz.com\\\/wp-content\\\/uploads\\\/2018\\\/02\\\/logo-2-e1518678052539.png\",\"contentUrl\":\"https:\\\/\\\/tajkertesz.com\\\/wp-content\\\/uploads\\\/2018\\\/02\\\/logo-2-e1518678052539.png\",\"width\":81,\"height\":140,\"caption\":\"T\u00e1j-Kert\u00e9sz 84 Kft.\"},\"image\":{\"@id\":\"https:\\\/\\\/tajkertesz.com\\\/#\\\/schema\\\/logo\\\/image\\\/\"},\"sameAs\":[\"https:\\\/\\\/www.facebook.com\\\/Tajkertesz\\\/\"]}]}<\/script>\n<!-- \/ Yoast SEO plugin. -->","yoast_head_json":{"title":"Euonymus japonicus Aurea - S\u00e1rgatarka kecsker\u00e1g\u00f3 - T\u00e1jkert\u00e9sz","description":"Euonymus japonicus Aurea - S\u00e1rgatarka kecsker\u00e1g\u00f3 rendk\u00edv\u00fcl mutat\u00f3s \u00f6r\u00f6kz\u00f6ld cserje, melyet \u00fcltethet\u00fcnk szoliterk\u00e9nt, s\u00f6v\u00e9nyk\u00e9nt vagy ed\u00e9nybe.","robots":{"index":"index","follow":"follow","max-snippet":"max-snippet:-1","max-image-preview":"max-image-preview:large","max-video-preview":"max-video-preview:-1"},"canonical":"https:\/\/tajkertesz.com\/en_US\/product\/sargatarka-kecskerago-euonymus-japonicus-aurea\/","og_locale":"en_US","og_type":"article","og_title":"Euonymus japonicus Aurea - S\u00e1rgatarka kecsker\u00e1g\u00f3 - T\u00e1jkert\u00e9sz","og_description":"Euonymus japonicus Aurea - S\u00e1rgatarka kecsker\u00e1g\u00f3 rendk\u00edv\u00fcl mutat\u00f3s \u00f6r\u00f6kz\u00f6ld cserje, melyet \u00fcltethet\u00fcnk szoliterk\u00e9nt, s\u00f6v\u00e9nyk\u00e9nt vagy ed\u00e9nybe.","og_url":"https:\/\/tajkertesz.com\/en_US\/product\/sargatarka-kecskerago-euonymus-japonicus-aurea\/","og_site_name":"T\u00e1jkert\u00e9sz","article_publisher":"https:\/\/www.facebook.com\/Tajkertesz\/","article_modified_time":"2026-02-24T12:00:15+00:00","og_image":[{"width":600,"height":600,"url":"https:\/\/tajkertesz.com\/wp-content\/uploads\/2024\/04\/1-26-600x600-1.jpg","type":"image\/jpeg"}],"twitter_card":"summary_large_image","twitter_misc":{"Est. reading time":"3 minutes"},"schema":{"@context":"https:\/\/schema.org","@graph":[{"@type":"WebPage","@id":"https:\/\/tajkertesz.com\/termek\/sargatarka-kecskerago-euonymus-japonicus-aurea\/","url":"https:\/\/tajkertesz.com\/termek\/sargatarka-kecskerago-euonymus-japonicus-aurea\/","name":"Euonymus japonicus Aurea - S\u00e1rgatarka kecsker\u00e1g\u00f3 - T\u00e1jkert\u00e9sz","isPartOf":{"@id":"https:\/\/tajkertesz.com\/#website"},"primaryImageOfPage":{"@id":"https:\/\/tajkertesz.com\/termek\/sargatarka-kecskerago-euonymus-japonicus-aurea\/#primaryimage"},"image":{"@id":"https:\/\/tajkertesz.com\/termek\/sargatarka-kecskerago-euonymus-japonicus-aurea\/#primaryimage"},"thumbnailUrl":"https:\/\/tajkertesz.com\/wp-content\/uploads\/2024\/04\/1-26-600x600-1.jpg","datePublished":"2025-03-24T12:46:39+00:00","dateModified":"2026-02-24T12:00:15+00:00","description":"Euonymus japonicus Aurea - S\u00e1rgatarka kecsker\u00e1g\u00f3 rendk\u00edv\u00fcl mutat\u00f3s \u00f6r\u00f6kz\u00f6ld cserje, melyet \u00fcltethet\u00fcnk szoliterk\u00e9nt, s\u00f6v\u00e9nyk\u00e9nt vagy ed\u00e9nybe.","breadcrumb":{"@id":"https:\/\/tajkertesz.com\/termek\/sargatarka-kecskerago-euonymus-japonicus-aurea\/#breadcrumb"},"inLanguage":"en-US","potentialAction":[{"@type":"ReadAction","target":["https:\/\/tajkertesz.com\/termek\/sargatarka-kecskerago-euonymus-japonicus-aurea\/"]}]},{"@type":"ImageObject","inLanguage":"en-US","@id":"https:\/\/tajkertesz.com\/termek\/sargatarka-kecskerago-euonymus-japonicus-aurea\/#primaryimage","url":"https:\/\/tajkertesz.com\/wp-content\/uploads\/2024\/04\/1-26-600x600-1.jpg","contentUrl":"https:\/\/tajkertesz.com\/wp-content\/uploads\/2024\/04\/1-26-600x600-1.jpg","width":600,"height":600,"caption":"Euonymus japonicus Aurea - S\u00e1rgatarka kecsker\u00e1g\u00f3"},{"@type":"BreadcrumbList","@id":"https:\/\/tajkertesz.com\/termek\/sargatarka-kecskerago-euonymus-japonicus-aurea\/#breadcrumb","itemListElement":[{"@type":"ListItem","position":1,"name":"Home","item":"https:\/\/tajkertesz.com\/"},{"@type":"ListItem","position":2,"name":"Kezd\u0151lap","item":"https:\/\/tajkertesz.com\/"},{"@type":"ListItem","position":3,"name":"Euonymus japonicus Aurea &#8211; S\u00e1rgatarka kecsker\u00e1g\u00f3"}]},{"@type":"WebSite","@id":"https:\/\/tajkertesz.com\/#website","url":"https:\/\/tajkertesz.com\/","name":"T\u00e1j-Kert\u00e9sz 84 Kft.","description":"Kert\u00e9szeti kis- \u00e9s nagykeresked\u00e9s, D\u00edszn\u00f6v\u00e9ny web\u00e1ruh\u00e1z orsz\u00e1gos h\u00e1zhozsz\u00e1ll\u00edt\u00e1ssal!","publisher":{"@id":"https:\/\/tajkertesz.com\/#organization"},"potentialAction":[{"@type":"SearchAction","target":{"@type":"EntryPoint","urlTemplate":"https:\/\/tajkertesz.com\/?s={search_term_string}"},"query-input":{"@type":"PropertyValueSpecification","valueRequired":true,"valueName":"search_term_string"}}],"inLanguage":"en-US"},{"@type":"Organization","@id":"https:\/\/tajkertesz.com\/#organization","name":"T\u00e1j-Kert\u00e9sz 84 Kft.","url":"https:\/\/tajkertesz.com\/","logo":{"@type":"ImageObject","inLanguage":"en-US","@id":"https:\/\/tajkertesz.com\/#\/schema\/logo\/image\/","url":"https:\/\/tajkertesz.com\/wp-content\/uploads\/2018\/02\/logo-2-e1518678052539.png","contentUrl":"https:\/\/tajkertesz.com\/wp-content\/uploads\/2018\/02\/logo-2-e1518678052539.png","width":81,"height":140,"caption":"T\u00e1j-Kert\u00e9sz 84 Kft."},"image":{"@id":"https:\/\/tajkertesz.com\/#\/schema\/logo\/image\/"},"sameAs":["https:\/\/www.facebook.com\/Tajkertesz\/"]}]}},"_links":{"self":[{"href":"https:\/\/tajkertesz.com\/en_US\/wp-json\/wp\/v2\/product\/20023","targetHints":{"allow":["GET"]}}],"collection":[{"href":"https:\/\/tajkertesz.com\/en_US\/wp-json\/wp\/v2\/product"}],"about":[{"href":"https:\/\/tajkertesz.com\/en_US\/wp-json\/wp\/v2\/types\/product"}],"wp:featuredmedia":[{"embeddable":true,"href":"https:\/\/tajkertesz.com\/en_US\/wp-json\/wp\/v2\/media\/20024"}],"wp:attachment":[{"href":"https:\/\/tajkertesz.com\/en_US\/wp-json\/wp\/v2\/media?parent=20023"}],"wp:term":[{"taxonomy":"product_brand","embeddable":true,"href":"https:\/\/tajkertesz.com\/en_US\/wp-json\/wp\/v2\/product_brand?post=20023"},{"taxonomy":"product_cat","embeddable":true,"href":"https:\/\/tajkertesz.com\/en_US\/wp-json\/wp\/v2\/product_cat?post=20023"},{"taxonomy":"product_tag","embeddable":true,"href":"https:\/\/tajkertesz.com\/en_US\/wp-json\/wp\/v2\/product_tag?post=20023"}],"curies":[{"name":"wp","href":"https:\/\/api.w.org\/{rel}","templated":true}]}}