{"id":2005,"date":"2020-07-02T08:27:01","date_gmt":"2020-07-02T08:27:01","guid":{"rendered":"https:\/\/tajkertesz.com\/?post_type=product&#038;p=2005"},"modified":"2024-02-13T13:48:15","modified_gmt":"2024-02-13T13:48:15","slug":"kapocs-kotozogephez-szolo-paradicsom-paprika-vagy-disznovenyek-kotozesere","status":"publish","type":"product","link":"https:\/\/tajkertesz.com\/en_US\/product\/kapocs-kotozogephez-szolo-paradicsom-paprika-vagy-disznovenyek-kotozesere\/","title":{"rendered":"Kapocs K\u00f6t\u00f6z\u0151g\u00e9phez: sz\u0151l\u0151 , paradicsom , paprika vagy d\u00edszn\u00f6v\u00e9nyek k\u00f6t\u00f6z\u00e9s\u00e9re"},"content":{"rendered":"<p>Kapocs K\u00f6t\u00f6z\u0151g\u00e9phez: sz\u0151l\u0151 , paradicsom , paprika vagy d\u00edszn\u00f6v\u00e9nyek k\u00f6t\u00f6z\u00e9s\u00e9re<\/p>\n<p>Kapocs K\u00f6t\u00f6z\u0151g\u00e9phez: sz\u0151l\u0151 , paradicsom , paprika vagy d\u00edszn\u00f6v\u00e9nyek k\u00f6t\u00f6z\u00e9s\u00e9re<\/p>\n<p>10.000,-darab van egy dobozban.<\/p>\n<p>&nbsp;<\/p>\n<p>Egyszer\u0171 m\u0171k\u00f6d\u00e9se \u00e9s k\u00f6nny\u0171 haszn\u00e1lata miatt kezd\u0151 kert\u00e9szek \u00e9s profik nagy seg\u00edts\u00e9ge is.<\/p>\n<p>A szalagos k\u00e9zi k\u00f6t\u00f6z\u0151g\u00e9p nagy seg\u00edts\u00e9g lehet a h\u00e1z k\u00f6r\u00fcl \u00e9s a kiskertekben.<\/p>\n<p>K\u00f6nny\u0171 \u00e9s gyors k\u00f6t\u00f6z\u00e9st tesz lehet\u0151v\u00e9 a h\u00e1z k\u00f6r\u00fcl.<\/p>\n<p>Haszn\u00e1lhatjuk szoban\u00f6v\u00e9nyek, sz\u0151l\u0151, gy\u00fcm\u00f6lcsf\u00e1k, cserj\u00e9k k\u00f6t\u00f6z\u00e9s\u00e9hez.<\/p>\n<p>A szalag tekercsr\u0151l a g\u00e9p egy\u00a0 mozdulattal r\u00e1szor\u00edtja a r\u00f6gz\u00edt\u0151 szalagot a\u00a0 n\u00f6v\u00e9nyi r\u00e9szre. Kapocs elemmel r\u00f6gz\u00edti a k\u00f6t\u00e9st, majd lemetszi a k\u00e9szre k\u00f6t\u00f6tt egys\u00e9get. \u00c9s m\u00e1r k\u00e9sz is vagyunk .<\/p>\n<p>Sz\u0151l\u0151 , paradicsom , paprika \u00e9s d\u00edszn\u00f6v\u00e9nyek gyors \u00e9s biztons\u00e1gos k\u00f6t\u00f6z\u00e9s\u00e9hez.<\/p>\n<p>A csomag a k\u00f6vetkez\u0151ket tartalma:<\/p>\n<h4 id=\"tw-target-text\" class=\"tw-data-text tw-text-large XcVN5d tw-ta\" dir=\"ltr\" data-placeholder=\"Ford\u00edt\u00e1s\"><span lang=\"hu\"><strong>A k\u00f6t\u00e9shez kapcsok \u00e9s szalagok sz\u00fcks\u00e9gesek. A szalagok \u00e9s a kapcsok \u00e9s a g\u00e9p k\u00fcl\u00f6n v\u00e1s\u00e1rolhat\u00f3ak meg.<\/strong><\/span><\/h4>\n<p><b>K\u00e9szlet\u00fcnk napi szinten v\u00e1ltozik, ez\u00e9rt k\u00e9rj\u00fck, \u00e9rdekl\u0151dj\u00f6n szem\u00e9lyesen, telefonon vagy email-en.<br \/>\nA v\u00e1ltoztat\u00e1s jog\u00e1t fenntartjuk!\u00a0<\/b><\/p>\n<p><a href=\"https:\/\/tajkertesz.com\/\">https:\/\/tajkertesz.com\/<\/a><\/p>\n<p><a href=\"https:\/\/www.strendpro.sk\/p\/7543\/klieste-cameleon-sp500-viazacie\">https:\/\/www.strendpro.sk\/p\/7543\/klieste-cameleon-sp500-viazacie<\/a><\/p>\n<p><span style=\"color: #ffffff;\">K\u00f6t\u00f6z\u0151 fog\u00f3, K\u00f6t\u00f6z\u0151g\u00e9p sz\u0151l\u0151 , paradicsom , paprika vagy d\u00edszn\u00f6v\u00e9nyek k\u00f6t\u00f6z\u00e9s\u00e9re<\/span><\/p>\n<p><span style=\"color: #ffffff;\">K\u00f6t\u00f6z\u0151 fog\u00f3, K\u00f6t\u00f6z\u0151g\u00e9p sz\u0151l\u0151 , paradicsom , paprika vagy d\u00edszn\u00f6v\u00e9nyek k\u00f6t\u00f6z\u00e9s\u00e9re<\/span><\/p>\n<p><span style=\"color: #ffffff;\">Egyszer\u0171 m\u0171k\u00f6d\u00e9se \u00e9s k\u00f6nny\u0171 haszn\u00e1lata miatt kezd\u0151 kert\u00e9szek \u00e9s profik nagy seg\u00edts\u00e9ge is.\u00a0<\/span><\/p>\n<p><span style=\"color: #ffffff;\">A szalag tekercsr\u0151l a g\u00e9p egy\u00a0 mozdulattal r\u00e1szor\u00edtja a r\u00f6gz\u00edt\u0151 szalagot a\u00a0 n\u00f6v\u00e9nyi r\u00e9szre. Kapocs elemmel r\u00f6gz\u00edti a k\u00f6t\u00e9st, majd lemetszi a k\u00e9szre k\u00f6t\u00f6tt egys\u00e9get. \u00c9s m\u00e1r k\u00e9sz is vagyunk .<\/span><\/p>\n<p><span style=\"color: #ffffff;\">Sz\u0151l\u0151 , paradicsom , paprika \u00e9s d\u00edszn\u00f6v\u00e9nyek gyors \u00e9s biztons\u00e1gos k\u00f6t\u00f6z\u00e9s\u00e9hez.<\/span><\/p>\n<p><span style=\"color: #ffffff;\">A szalagos k\u00e9zi k\u00f6t\u0151z\u0151g\u00e9p\u00a0nagy seg\u00edts\u00e9g lehet a h\u00e1z k\u00f6r\u00fcl \u00e9s a kiskertekben. K\u00f6nny\u0171 \u00e9s gyors k\u00f6t\u00f6z\u00e9st tesz lehet\u0151v\u00e9 a h\u00e1z k\u00f6r\u00fcl. Haszn\u00e1lhatjuk szoban\u00f6v\u00e9nyek, sz\u0151l\u0151, gy\u00fcm\u00f6lcsf\u00e1k, cserj\u00e9k k\u00f6t\u00f6z\u00e9s\u00e9hez.<\/span><\/p>\n<p><span style=\"color: #ffffff;\">Eszk\u00f6z gyorsan k\u00f6t\u0151 n\u00f6v\u00e9nyekhez: paradicsom, uborka, sz\u0151l\u0151 stb.<\/span><\/p>\n<p><span style=\"color: #ffffff;\">A g\u00e9p szalagot \u00e9s t\u0171z\u0151kapcsokat haszn\u00e1l fel fogy\u00f3eszk\u00f6zk\u00e9nt a n\u00f6v\u00e9nyek k\u00f6t\u00e9s\u00e9hez.<\/span><\/p>\n<p><span style=\"color: #ffffff;\">Megk\u00f6t\u00e9si hat\u00e1r: 45 mm \u00d8 (\u00e1tm\u00e9r\u0151)<\/span><\/p>\n<p><span style=\"color: #ffffff;\">Hossz: 355 mm<\/span><\/p>\n<p><span style=\"color: #ffffff;\">Sz\u00e9less\u00e9g: 29 mm<\/span><\/p>\n<p><span style=\"color: #ffffff;\">Magass\u00e1g: 158 mm<\/span><\/p>\n<p><span style=\"color: #ffffff;\">A csomag a k\u00f6vetkez\u0151ket tartalmazza:<\/span><\/p>\n<p>&nbsp;<\/p>\n<p><span style=\"color: #ffffff;\">V\u00e1g\u00f3penge<\/span><\/p>\n<p><span style=\"color: #ffffff;\">haszn\u00e1lati \u00fatmutat\u00f3\u00a0<\/span><\/p>\n<p>&nbsp;<\/p>\n<p>&nbsp;<\/p>","protected":false},"excerpt":{"rendered":"<p>Kapocs K\u00f6t\u00f6z\u0151g\u00e9phez: sz\u0151l\u0151 , paradicsom , paprika vagy d\u00edszn\u00f6v\u00e9nyek k\u00f6t\u00f6z\u00e9s\u00e9re<\/p>\n<p>&nbsp;<\/p>\n<p>Egyszer\u0171 m\u0171k\u00f6d\u00e9se \u00e9s k\u00f6nny\u0171 haszn\u00e1lata miatt kezd\u0151 kert\u00e9szek \u00e9s profik nagy seg\u00edts\u00e9ge is.<\/p>\n<p>A szalagos k\u00e9zi k\u00f6t\u00f6z\u0151g\u00e9p nagy seg\u00edts\u00e9g lehet a h\u00e1z k\u00f6r\u00fcl \u00e9s a kiskertekben.<\/p>\n<p>K\u00f6nny\u0171 \u00e9s gyors k\u00f6t\u00f6z\u00e9st tesz lehet\u0151v\u00e9 a h\u00e1z k\u00f6r\u00fcl.<\/p>\n<p>Haszn\u00e1lhatjuk szoban\u00f6v\u00e9nyek, sz\u0151l\u0151, gy\u00fcm\u00f6lcsf\u00e1k, cserj\u00e9k k\u00f6t\u00f6z\u00e9s\u00e9hez.<\/p>\n<p>A szalag tekercsr\u0151l a g\u00e9p egy\u00a0 mozdulattal r\u00e1szor\u00edtja a r\u00f6gz\u00edt\u0151 szalagot a\u00a0 n\u00f6v\u00e9nyi r\u00e9szre. Kapocs elemmel r\u00f6gz\u00edti a k\u00f6t\u00e9st, majd lemetszi a k\u00e9szre k\u00f6t\u00f6tt egys\u00e9get. \u00c9s m\u00e1r k\u00e9sz is vagyunk .<\/p>\n<p>Sz\u0151l\u0151 , paradicsom , paprika \u00e9s d\u00edszn\u00f6v\u00e9nyek gyors \u00e9s biztons\u00e1gos k\u00f6t\u00f6z\u00e9s\u00e9hez.<\/p>\n<p>A csomag a k\u00f6vetkez\u0151ket tartalma:<\/p>\n<h4 id=\"tw-target-text\" class=\"tw-data-text tw-text-large XcVN5d tw-ta\" dir=\"ltr\" data-placeholder=\"Ford\u00edt\u00e1s\"><span lang=\"hu\"><strong>A k\u00f6t\u00e9shez kapcsok \u00e9s szalagok sz\u00fcks\u00e9gesek. A szalagok \u00e9s a kapcsok \u00e9s a g\u00e9p k\u00fcl\u00f6n v\u00e1s\u00e1rolhat\u00f3ak meg.<\/strong><\/span><\/h4>","protected":false},"featured_media":2018,"template":"","meta":{"_et_pb_use_builder":"","_et_pb_old_content":"","_et_gb_content_width":""},"product_brand":[],"product_cat":[1539],"product_tag":[624,625,627,626],"class_list":{"0":"post-2005","1":"product","2":"type-product","3":"status-publish","4":"has-post-thumbnail","6":"product_cat-kellekek","7":"product_tag-kotozes","8":"product_tag-kotozogep","9":"product_tag-paradicsomkotozo","10":"product_tag-szolokotozo","12":"first","13":"instock","14":"shipping-taxable","15":"purchasable","16":"product-type-simple"},"yoast_head":"<!-- This site is optimized with the Yoast SEO plugin v27.3 - https:\/\/yoast.com\/product\/yoast-seo-wordpress\/ -->\n<title>Kapocs K\u00f6t\u00f6z\u0151g\u00e9phez: sz\u0151l\u0151 , paradicsom , paprika vagy d\u00edszn\u00f6v\u00e9nyek k\u00f6t\u00f6z\u00e9s\u00e9re - T\u00e1jkert\u00e9sz<\/title>\n<meta name=\"description\" content=\"Kapocs : K\u00f6t\u00f6z\u0151g\u00e9phez sz\u0151l\u0151 , paradicsom , paprika vagy d\u00edszn\u00f6v\u00e9nyek k\u00f6t\u00f6z\u00e9s\u00e9re.A g\u00e9p szalagot \u00e9s t\u0171z\u0151kapcsokat haszn\u00e1l fel a n\u00f6v\u00e9nyek k\u00f6t\u00f6z\u00e9s\u00e9hez.\" \/>\n<meta name=\"robots\" content=\"index, follow, max-snippet:-1, max-image-preview:large, max-video-preview:-1\" \/>\n<link rel=\"canonical\" href=\"https:\/\/tajkertesz.com\/en_US\/product\/kapocs-kotozogephez-szolo-paradicsom-paprika-vagy-disznovenyek-kotozesere\/\" \/>\n<meta property=\"og:locale\" content=\"en_US\" \/>\n<meta property=\"og:type\" content=\"article\" \/>\n<meta property=\"og:title\" content=\"Kapocs K\u00f6t\u00f6z\u0151g\u00e9phez: sz\u0151l\u0151 , paradicsom , paprika vagy d\u00edszn\u00f6v\u00e9nyek k\u00f6t\u00f6z\u00e9s\u00e9re - T\u00e1jkert\u00e9sz\" \/>\n<meta property=\"og:description\" content=\"Kapocs : K\u00f6t\u00f6z\u0151g\u00e9phez sz\u0151l\u0151 , paradicsom , paprika vagy d\u00edszn\u00f6v\u00e9nyek k\u00f6t\u00f6z\u00e9s\u00e9re.A g\u00e9p szalagot \u00e9s t\u0171z\u0151kapcsokat haszn\u00e1l fel a n\u00f6v\u00e9nyek k\u00f6t\u00f6z\u00e9s\u00e9hez.\" \/>\n<meta property=\"og:url\" content=\"https:\/\/tajkertesz.com\/en_US\/product\/kapocs-kotozogephez-szolo-paradicsom-paprika-vagy-disznovenyek-kotozesere\/\" \/>\n<meta property=\"og:site_name\" content=\"T\u00e1jkert\u00e9sz\" \/>\n<meta property=\"article:publisher\" content=\"https:\/\/www.facebook.com\/Tajkertesz\/\" \/>\n<meta property=\"article:modified_time\" content=\"2024-02-13T13:48:15+00:00\" \/>\n<meta property=\"og:image\" content=\"https:\/\/tajkertesz.com\/wp-content\/uploads\/2020\/07\/IMG_5848.jpg\" \/>\n\t<meta property=\"og:image:width\" content=\"640\" \/>\n\t<meta property=\"og:image:height\" content=\"480\" \/>\n\t<meta property=\"og:image:type\" content=\"image\/jpeg\" \/>\n<meta name=\"twitter:card\" content=\"summary_large_image\" \/>\n<meta name=\"twitter:label1\" content=\"Est. reading time\" \/>\n\t<meta name=\"twitter:data1\" content=\"3 minutes\" \/>\n<script type=\"application\/ld+json\" class=\"yoast-schema-graph\">{\"@context\":\"https:\\\/\\\/schema.org\",\"@graph\":[{\"@type\":\"WebPage\",\"@id\":\"https:\\\/\\\/tajkertesz.com\\\/termek\\\/kapocs-kotozogephez-szolo-paradicsom-paprika-vagy-disznovenyek-kotozesere\\\/\",\"url\":\"https:\\\/\\\/tajkertesz.com\\\/termek\\\/kapocs-kotozogephez-szolo-paradicsom-paprika-vagy-disznovenyek-kotozesere\\\/\",\"name\":\"Kapocs K\u00f6t\u00f6z\u0151g\u00e9phez: sz\u0151l\u0151 , paradicsom , paprika vagy d\u00edszn\u00f6v\u00e9nyek k\u00f6t\u00f6z\u00e9s\u00e9re - T\u00e1jkert\u00e9sz\",\"isPartOf\":{\"@id\":\"https:\\\/\\\/tajkertesz.com\\\/#website\"},\"primaryImageOfPage\":{\"@id\":\"https:\\\/\\\/tajkertesz.com\\\/termek\\\/kapocs-kotozogephez-szolo-paradicsom-paprika-vagy-disznovenyek-kotozesere\\\/#primaryimage\"},\"image\":{\"@id\":\"https:\\\/\\\/tajkertesz.com\\\/termek\\\/kapocs-kotozogephez-szolo-paradicsom-paprika-vagy-disznovenyek-kotozesere\\\/#primaryimage\"},\"thumbnailUrl\":\"https:\\\/\\\/tajkertesz.com\\\/wp-content\\\/uploads\\\/2020\\\/07\\\/IMG_5848.jpg\",\"datePublished\":\"2020-07-02T08:27:01+00:00\",\"dateModified\":\"2024-02-13T13:48:15+00:00\",\"description\":\"Kapocs : K\u00f6t\u00f6z\u0151g\u00e9phez sz\u0151l\u0151 , paradicsom , paprika vagy d\u00edszn\u00f6v\u00e9nyek k\u00f6t\u00f6z\u00e9s\u00e9re.A g\u00e9p szalagot \u00e9s t\u0171z\u0151kapcsokat haszn\u00e1l fel a n\u00f6v\u00e9nyek k\u00f6t\u00f6z\u00e9s\u00e9hez.\",\"breadcrumb\":{\"@id\":\"https:\\\/\\\/tajkertesz.com\\\/termek\\\/kapocs-kotozogephez-szolo-paradicsom-paprika-vagy-disznovenyek-kotozesere\\\/#breadcrumb\"},\"inLanguage\":\"en-US\",\"potentialAction\":[{\"@type\":\"ReadAction\",\"target\":[\"https:\\\/\\\/tajkertesz.com\\\/termek\\\/kapocs-kotozogephez-szolo-paradicsom-paprika-vagy-disznovenyek-kotozesere\\\/\"]}]},{\"@type\":\"ImageObject\",\"inLanguage\":\"en-US\",\"@id\":\"https:\\\/\\\/tajkertesz.com\\\/termek\\\/kapocs-kotozogephez-szolo-paradicsom-paprika-vagy-disznovenyek-kotozesere\\\/#primaryimage\",\"url\":\"https:\\\/\\\/tajkertesz.com\\\/wp-content\\\/uploads\\\/2020\\\/07\\\/IMG_5848.jpg\",\"contentUrl\":\"https:\\\/\\\/tajkertesz.com\\\/wp-content\\\/uploads\\\/2020\\\/07\\\/IMG_5848.jpg\",\"width\":640,\"height\":480},{\"@type\":\"BreadcrumbList\",\"@id\":\"https:\\\/\\\/tajkertesz.com\\\/termek\\\/kapocs-kotozogephez-szolo-paradicsom-paprika-vagy-disznovenyek-kotozesere\\\/#breadcrumb\",\"itemListElement\":[{\"@type\":\"ListItem\",\"position\":1,\"name\":\"Home\",\"item\":\"https:\\\/\\\/tajkertesz.com\\\/\"},{\"@type\":\"ListItem\",\"position\":2,\"name\":\"Kezd\u0151lap\",\"item\":\"https:\\\/\\\/tajkertesz.com\\\/\"},{\"@type\":\"ListItem\",\"position\":3,\"name\":\"Kapocs K\u00f6t\u00f6z\u0151g\u00e9phez: sz\u0151l\u0151 , paradicsom , paprika vagy d\u00edszn\u00f6v\u00e9nyek k\u00f6t\u00f6z\u00e9s\u00e9re\"}]},{\"@type\":\"WebSite\",\"@id\":\"https:\\\/\\\/tajkertesz.com\\\/#website\",\"url\":\"https:\\\/\\\/tajkertesz.com\\\/\",\"name\":\"T\u00e1j-Kert\u00e9sz 84 Kft.\",\"description\":\"Kert\u00e9szeti kis- \u00e9s nagykeresked\u00e9s, D\u00edszn\u00f6v\u00e9ny web\u00e1ruh\u00e1z orsz\u00e1gos h\u00e1zhozsz\u00e1ll\u00edt\u00e1ssal!\",\"publisher\":{\"@id\":\"https:\\\/\\\/tajkertesz.com\\\/#organization\"},\"potentialAction\":[{\"@type\":\"SearchAction\",\"target\":{\"@type\":\"EntryPoint\",\"urlTemplate\":\"https:\\\/\\\/tajkertesz.com\\\/?s={search_term_string}\"},\"query-input\":{\"@type\":\"PropertyValueSpecification\",\"valueRequired\":true,\"valueName\":\"search_term_string\"}}],\"inLanguage\":\"en-US\"},{\"@type\":\"Organization\",\"@id\":\"https:\\\/\\\/tajkertesz.com\\\/#organization\",\"name\":\"T\u00e1j-Kert\u00e9sz 84 Kft.\",\"url\":\"https:\\\/\\\/tajkertesz.com\\\/\",\"logo\":{\"@type\":\"ImageObject\",\"inLanguage\":\"en-US\",\"@id\":\"https:\\\/\\\/tajkertesz.com\\\/#\\\/schema\\\/logo\\\/image\\\/\",\"url\":\"https:\\\/\\\/tajkertesz.com\\\/wp-content\\\/uploads\\\/2018\\\/02\\\/logo-2-e1518678052539.png\",\"contentUrl\":\"https:\\\/\\\/tajkertesz.com\\\/wp-content\\\/uploads\\\/2018\\\/02\\\/logo-2-e1518678052539.png\",\"width\":81,\"height\":140,\"caption\":\"T\u00e1j-Kert\u00e9sz 84 Kft.\"},\"image\":{\"@id\":\"https:\\\/\\\/tajkertesz.com\\\/#\\\/schema\\\/logo\\\/image\\\/\"},\"sameAs\":[\"https:\\\/\\\/www.facebook.com\\\/Tajkertesz\\\/\"]}]}<\/script>\n<!-- \/ Yoast SEO plugin. -->","yoast_head_json":{"title":"Kapocs K\u00f6t\u00f6z\u0151g\u00e9phez: sz\u0151l\u0151 , paradicsom , paprika vagy d\u00edszn\u00f6v\u00e9nyek k\u00f6t\u00f6z\u00e9s\u00e9re - T\u00e1jkert\u00e9sz","description":"Kapocs : K\u00f6t\u00f6z\u0151g\u00e9phez sz\u0151l\u0151 , paradicsom , paprika vagy d\u00edszn\u00f6v\u00e9nyek k\u00f6t\u00f6z\u00e9s\u00e9re.A g\u00e9p szalagot \u00e9s t\u0171z\u0151kapcsokat haszn\u00e1l fel a n\u00f6v\u00e9nyek k\u00f6t\u00f6z\u00e9s\u00e9hez.","robots":{"index":"index","follow":"follow","max-snippet":"max-snippet:-1","max-image-preview":"max-image-preview:large","max-video-preview":"max-video-preview:-1"},"canonical":"https:\/\/tajkertesz.com\/en_US\/product\/kapocs-kotozogephez-szolo-paradicsom-paprika-vagy-disznovenyek-kotozesere\/","og_locale":"en_US","og_type":"article","og_title":"Kapocs K\u00f6t\u00f6z\u0151g\u00e9phez: sz\u0151l\u0151 , paradicsom , paprika vagy d\u00edszn\u00f6v\u00e9nyek k\u00f6t\u00f6z\u00e9s\u00e9re - T\u00e1jkert\u00e9sz","og_description":"Kapocs : K\u00f6t\u00f6z\u0151g\u00e9phez sz\u0151l\u0151 , paradicsom , paprika vagy d\u00edszn\u00f6v\u00e9nyek k\u00f6t\u00f6z\u00e9s\u00e9re.A g\u00e9p szalagot \u00e9s t\u0171z\u0151kapcsokat haszn\u00e1l fel a n\u00f6v\u00e9nyek k\u00f6t\u00f6z\u00e9s\u00e9hez.","og_url":"https:\/\/tajkertesz.com\/en_US\/product\/kapocs-kotozogephez-szolo-paradicsom-paprika-vagy-disznovenyek-kotozesere\/","og_site_name":"T\u00e1jkert\u00e9sz","article_publisher":"https:\/\/www.facebook.com\/Tajkertesz\/","article_modified_time":"2024-02-13T13:48:15+00:00","og_image":[{"width":640,"height":480,"url":"https:\/\/tajkertesz.com\/wp-content\/uploads\/2020\/07\/IMG_5848.jpg","type":"image\/jpeg"}],"twitter_card":"summary_large_image","twitter_misc":{"Est. reading time":"3 minutes"},"schema":{"@context":"https:\/\/schema.org","@graph":[{"@type":"WebPage","@id":"https:\/\/tajkertesz.com\/termek\/kapocs-kotozogephez-szolo-paradicsom-paprika-vagy-disznovenyek-kotozesere\/","url":"https:\/\/tajkertesz.com\/termek\/kapocs-kotozogephez-szolo-paradicsom-paprika-vagy-disznovenyek-kotozesere\/","name":"Kapocs K\u00f6t\u00f6z\u0151g\u00e9phez: sz\u0151l\u0151 , paradicsom , paprika vagy d\u00edszn\u00f6v\u00e9nyek k\u00f6t\u00f6z\u00e9s\u00e9re - T\u00e1jkert\u00e9sz","isPartOf":{"@id":"https:\/\/tajkertesz.com\/#website"},"primaryImageOfPage":{"@id":"https:\/\/tajkertesz.com\/termek\/kapocs-kotozogephez-szolo-paradicsom-paprika-vagy-disznovenyek-kotozesere\/#primaryimage"},"image":{"@id":"https:\/\/tajkertesz.com\/termek\/kapocs-kotozogephez-szolo-paradicsom-paprika-vagy-disznovenyek-kotozesere\/#primaryimage"},"thumbnailUrl":"https:\/\/tajkertesz.com\/wp-content\/uploads\/2020\/07\/IMG_5848.jpg","datePublished":"2020-07-02T08:27:01+00:00","dateModified":"2024-02-13T13:48:15+00:00","description":"Kapocs : K\u00f6t\u00f6z\u0151g\u00e9phez sz\u0151l\u0151 , paradicsom , paprika vagy d\u00edszn\u00f6v\u00e9nyek k\u00f6t\u00f6z\u00e9s\u00e9re.A g\u00e9p szalagot \u00e9s t\u0171z\u0151kapcsokat haszn\u00e1l fel a n\u00f6v\u00e9nyek k\u00f6t\u00f6z\u00e9s\u00e9hez.","breadcrumb":{"@id":"https:\/\/tajkertesz.com\/termek\/kapocs-kotozogephez-szolo-paradicsom-paprika-vagy-disznovenyek-kotozesere\/#breadcrumb"},"inLanguage":"en-US","potentialAction":[{"@type":"ReadAction","target":["https:\/\/tajkertesz.com\/termek\/kapocs-kotozogephez-szolo-paradicsom-paprika-vagy-disznovenyek-kotozesere\/"]}]},{"@type":"ImageObject","inLanguage":"en-US","@id":"https:\/\/tajkertesz.com\/termek\/kapocs-kotozogephez-szolo-paradicsom-paprika-vagy-disznovenyek-kotozesere\/#primaryimage","url":"https:\/\/tajkertesz.com\/wp-content\/uploads\/2020\/07\/IMG_5848.jpg","contentUrl":"https:\/\/tajkertesz.com\/wp-content\/uploads\/2020\/07\/IMG_5848.jpg","width":640,"height":480},{"@type":"BreadcrumbList","@id":"https:\/\/tajkertesz.com\/termek\/kapocs-kotozogephez-szolo-paradicsom-paprika-vagy-disznovenyek-kotozesere\/#breadcrumb","itemListElement":[{"@type":"ListItem","position":1,"name":"Home","item":"https:\/\/tajkertesz.com\/"},{"@type":"ListItem","position":2,"name":"Kezd\u0151lap","item":"https:\/\/tajkertesz.com\/"},{"@type":"ListItem","position":3,"name":"Kapocs K\u00f6t\u00f6z\u0151g\u00e9phez: sz\u0151l\u0151 , paradicsom , paprika vagy d\u00edszn\u00f6v\u00e9nyek k\u00f6t\u00f6z\u00e9s\u00e9re"}]},{"@type":"WebSite","@id":"https:\/\/tajkertesz.com\/#website","url":"https:\/\/tajkertesz.com\/","name":"T\u00e1j-Kert\u00e9sz 84 Kft.","description":"Kert\u00e9szeti kis- \u00e9s nagykeresked\u00e9s, D\u00edszn\u00f6v\u00e9ny web\u00e1ruh\u00e1z orsz\u00e1gos h\u00e1zhozsz\u00e1ll\u00edt\u00e1ssal!","publisher":{"@id":"https:\/\/tajkertesz.com\/#organization"},"potentialAction":[{"@type":"SearchAction","target":{"@type":"EntryPoint","urlTemplate":"https:\/\/tajkertesz.com\/?s={search_term_string}"},"query-input":{"@type":"PropertyValueSpecification","valueRequired":true,"valueName":"search_term_string"}}],"inLanguage":"en-US"},{"@type":"Organization","@id":"https:\/\/tajkertesz.com\/#organization","name":"T\u00e1j-Kert\u00e9sz 84 Kft.","url":"https:\/\/tajkertesz.com\/","logo":{"@type":"ImageObject","inLanguage":"en-US","@id":"https:\/\/tajkertesz.com\/#\/schema\/logo\/image\/","url":"https:\/\/tajkertesz.com\/wp-content\/uploads\/2018\/02\/logo-2-e1518678052539.png","contentUrl":"https:\/\/tajkertesz.com\/wp-content\/uploads\/2018\/02\/logo-2-e1518678052539.png","width":81,"height":140,"caption":"T\u00e1j-Kert\u00e9sz 84 Kft."},"image":{"@id":"https:\/\/tajkertesz.com\/#\/schema\/logo\/image\/"},"sameAs":["https:\/\/www.facebook.com\/Tajkertesz\/"]}]}},"_links":{"self":[{"href":"https:\/\/tajkertesz.com\/en_US\/wp-json\/wp\/v2\/product\/2005","targetHints":{"allow":["GET"]}}],"collection":[{"href":"https:\/\/tajkertesz.com\/en_US\/wp-json\/wp\/v2\/product"}],"about":[{"href":"https:\/\/tajkertesz.com\/en_US\/wp-json\/wp\/v2\/types\/product"}],"wp:featuredmedia":[{"embeddable":true,"href":"https:\/\/tajkertesz.com\/en_US\/wp-json\/wp\/v2\/media\/2018"}],"wp:attachment":[{"href":"https:\/\/tajkertesz.com\/en_US\/wp-json\/wp\/v2\/media?parent=2005"}],"wp:term":[{"taxonomy":"product_brand","embeddable":true,"href":"https:\/\/tajkertesz.com\/en_US\/wp-json\/wp\/v2\/product_brand?post=2005"},{"taxonomy":"product_cat","embeddable":true,"href":"https:\/\/tajkertesz.com\/en_US\/wp-json\/wp\/v2\/product_cat?post=2005"},{"taxonomy":"product_tag","embeddable":true,"href":"https:\/\/tajkertesz.com\/en_US\/wp-json\/wp\/v2\/product_tag?post=2005"}],"curies":[{"name":"wp","href":"https:\/\/api.w.org\/{rel}","templated":true}]}}