{"id":20059,"date":"2025-03-11T10:47:22","date_gmt":"2025-03-11T10:47:22","guid":{"rendered":"https:\/\/tajkertesz.com\/?post_type=product&#038;p=20059"},"modified":"2026-02-24T15:43:30","modified_gmt":"2026-02-24T15:43:30","slug":"nandina-domestica-obsessed-torpe-japan-szentfa-2","status":"publish","type":"product","link":"https:\/\/tajkertesz.com\/en_US\/product\/nandina-domestica-obsessed-torpe-japan-szentfa-2\/","title":{"rendered":"Nandina domestica Obsessed &#8211; T\u00f6rpe jap\u00e1n szentfa"},"content":{"rendered":"<h1 class=\"LC20lb DKV0Md\">Nandina domestica Obsessed &#8211; T\u00f6rpe jap\u00e1n szentfa<\/h1>\n<p>A Nandina domestica Obsessed &#8211; T\u00f6rpe jap\u00e1n szentfa egy \u00f6r\u00f6kz\u00f6ld d\u00edszn\u00f6v\u00e9ny, amely f\u0151k\u00e9nt \u00c1zsi\u00e1ban, Jap\u00e1nban, K\u00edn\u00e1ban \u00e9s Kore\u00e1ban \u0151shonos.<\/p>\n<h2 class=\"LC20lb DKV0Md\">Nandina domestica Obsessed jellemz\u0151i:<\/h2>\n<p>A <em data-start=\"260\" data-end=\"279\">Nandina domestica<\/em>\u00a0 Obsessed egy \u00f6r\u00f6kz\u00f6ld vagy f\u00e9lig \u00f6r\u00f6kz\u00f6ld cserje, amely \u00e1ltal\u00e1ban 1-2 m\u00e9ter magasra n\u0151, de megfelel\u0151 k\u00f6rnyezetben ak\u00e1r 3 m\u00e9tert is el\u00e9rheti. A levelei finom, \u00f6sszetett, pikkelyszer\u0171ek, \u00e9s sz\u00e9p, gazdag z\u00f6ld sz\u00edn\u0171ek tavaszt\u00f3l \u0151szig.<\/p>\n<p><span style=\"color: #333333;\">Az id\u0151s levelek, \u0151sz el\u0151tt \u00fajb\u00f3l v\u00f6r\u00f6ss\u00e9 vagy lil\u00e1v\u00e1 v\u00e1lnak. A <a style=\"color: #333333;\" title=\"Vir\u00e1g (botanika)\" href=\"https:\/\/hu.wikipedia.org\/wiki\/Vir%C3%A1g_(botanika)\">vir\u00e1gai<\/a>\u00a0feh\u00e9rek \u00e9s k\u00fap alak\u00fa f\u00fcrt\u00f6kben n\u0151nek, j\u00f3val a lev\u00e9lzet f\u00f6l\u00f6tt. Kora ny\u00e1ron vir\u00e1gzik. A\u00a0<a style=\"color: #333333;\" title=\"Term\u00e9s\" href=\"https:\/\/hu.wikipedia.org\/wiki\/Term%C3%A9s\">term\u00e9se<\/a>\u00a0\u00e9l\u00e9nk v\u00f6r\u00f6s bogy\u00f3, 5-10\u00a0millim\u00e9teres \u00e1tm\u00e9r\u0151vel. A bogy\u00f3 k\u00e9s\u0151 \u0151sszel \u00e9rik be, \u00e9s eg\u00e9sz t\u00e9len az anyan\u00f6v\u00e9nyen maradhat.<\/span><\/p>\n<p>&nbsp;<\/p>\n<h3>A t\u00f6rpe jap\u00e1n szentfa gondoz\u00e1sa:<\/h3>\n<p>A <em data-start=\"1130\" data-end=\"1149\">Nandina domestica<\/em> napf\u00e9nyes helyet kedvel, de \u00e1rny\u00e9kosabb k\u00f6rnyezetben is meg\u00e9l. Sz\u00e1razs\u00e1gt\u0171r\u0151 n\u00f6v\u00e9ny, de a legjobban friss, j\u00f3l \u00e1tereszt\u0151 talajban fejl\u0151dik. Ha sok es\u0151 esik, a gy\u00f6kerei k\u00f6nnyen elrothadhatnak, ez\u00e9rt fontos a j\u00f3 v\u00edzelvezet\u00e9s.<\/p>\n<p>N\u00f6v\u00e9ny magass\u00e1ga kb.20\/30cm, 3L-es kont\u00e9nerben.<\/p>\n<h4><\/h4>\n<h4><\/h4>\n<p>&nbsp;<\/p>\n<p><b>K\u00e9szlet\u00fcnk napi szinten v\u00e1ltozik, ez\u00e9rt k\u00e9rj\u00fck, \u00e9rdekl\u0151dj\u00f6n szem\u00e9lyesen, telefonon vagy email-en.<br \/>\nA v\u00e1ltoztat\u00e1s jog\u00e1t fenntartjuk!<\/b><b>\u00a0 <\/b><\/p>\n<p><a href=\"https:\/\/tajkertesz.com\/\">https:\/\/tajkertesz.com\/<\/a><\/p>\n<p><a href=\"https:\/\/www.facebook.com\/tajkertesz\/\">https:\/\/www.facebook.com\/tajkertesz\/ <\/a><\/p>\n<p>Kisz\u00e1ll\u00edt\u00e1s: 200cm-ig \u00e9s 40 kg-ig a sz\u00e1ll\u00edt\u00e1s fut\u00e1rszolg\u00e1lattal t\u00f6rt\u00e9nik.<\/p>\n<p>Szem\u00e9lyes \u00e1tv\u00e9tel nyitvatart\u00e1si id\u0151ben a 17. ker\u00fclet Bakancsos utca 7. sz\u00e1m alatti Kert\u00e9szeti \u00e1rud\u00e1nkban.<\/p>\n<p>Kert\u00e9p\u00edt\u0151k \u00e9s viszontelad\u00f3k regisztr\u00e1l\u00e1s ut\u00e1n egyedi kedvezm\u00e9nnyel v\u00e1s\u00e1rolhatnak kert\u00e9szeti kis-\u00e9s nagykeresked\u00e9s\u00fcnkben.<\/p>\n<p><strong>Az \u00e1rak egy darab term\u00e9kre vonatkoznak.<\/strong><\/p>\n<p><strong>J\u00f3 tudni!<\/strong><\/p>\n<p>K\u00e9pek-elt\u00e9r\u00e9sek:<\/p>\n<p>A n\u00f6v\u00e9nyekr\u0151l felt\u00f6lt\u00f6tt k\u00e9pek illusztr\u00e1ci\u00f3k. N\u00f6v\u00e9nyekn\u00e9l el\u0151fordulhatnak minim\u00e1lis elt\u00e9r\u00e9sek a k\u00e9peken szerepl\u0151 n\u00f6v\u00e9nyek \u00e9s az \u00e1tvett n\u00f6v\u00e9nyek k\u00f6z\u00f6tt, mivel minden n\u00f6v\u00e9ny egyedi.<\/p>\n<h4>N\u00f6v\u00e9nyek sz\u00e1ll\u00edt\u00e1sa:<\/h4>\n<p>A megrendelt n\u00f6v\u00e9nyeket igyeksz\u00fcnk a lehet\u0151 legbiztons\u00e1gosabban egyes\u00e9vel csomagolni, azonban a sz\u00e1ll\u00edt\u00e1s sor\u00e1n m\u00e9g ennek ellen\u00e9re is\u00a0bek\u00f6vetkezhetnek apr\u00f3bb s\u00e9r\u00fcl\u00e9sek (lev\u00e9l- vagy vir\u00e1ghull\u00e1s).<br \/>\nN\u00f6v\u00e9ny rendel\u00e9s eset\u00e9n k\u00e9rj\u00fck a k\u00e9zbes\u00edt\u00e9st k\u00f6vet\u0151en a lehet\u0151 leghamarabb bonts\u00e1k ki a csomagot.<\/p>\n<p>Abban az esetben, ha a megrendelt n\u00f6v\u00e9ny\u00a0a sz\u00e1ll\u00edt\u00e1st k\u00f6vet\u0151en\u00a0nem megfelel\u0151 gondoz\u00e1sban r\u00e9szes\u00fcl \u00e9s ebb\u0151l kifoly\u00f3lag\u00a0k\u00e1rosodik,\u00a0elpusztul, felel\u0151ss\u00e9get sajnos nem tudunk v\u00e1llalni.<\/p>\n<p>V\u00e1s\u00e1rl\u00e1st\u00f3l val\u00f3 el\u00e1ll\u00e1s \u00e9l\u0151 n\u00f6v\u00e9ny v\u00e1s\u00e1rl\u00e1sa eset\u00e9n:<\/p>\n<p>Az \u00e1ltal\u00e1nos 14 napos el\u00e1ll\u00e1s lehet\u0151s\u00e9ge \u00e9l\u0151 n\u00f6v\u00e9nyekre nem vonatkozik. V\u00e1s\u00e1rl\u00e1st\u00f3l val\u00f3 el\u00e1ll\u00e1sra, visszak\u00fcld\u00e9sre nincs lehet\u0151s\u00e9g.\u00a0(17\/1999. (II. 5.) Korm. rendelet 5c pontja)<\/p>\n<p><strong>K\u00e9rj\u00fck fentiek figyelembev\u00e9tel\u00e9t n\u00f6v\u00e9ny rendel\u00e9se sor\u00e1n!<\/strong><\/p>","protected":false},"excerpt":{"rendered":"<p>Nandina domestica Obsessed &#8211; T\u00f6rpe jap\u00e1n szentfa,60-70 cm magasra n\u0151v\u0151 \u00f6r\u00f6kz\u00f6ld cserje. Az \u00f6sszetett, l\u00e1ndzsa alak\u00fa levelei ny\u00e1ron z\u00f6ldek v\u00f6r\u00f6s<br \/>\nhajt\u00e1sokkal, \u0151szre b\u00edborv\u00f6r\u00f6s \u00e1rnyalat\u00faak lesznek. J\u00fanius-j\u00faliusban ny\u00edlnak feh\u00e9r vir\u00e1gai. Piros<br \/>\nbogy\u00f3i ny\u00e1ron \u00e9rnek, eg\u00e9sz t\u00e9len d\u00edsz\u00edtenek&#8230;<\/p>","protected":false},"featured_media":10813,"template":"","meta":{"_et_pb_use_builder":"","_et_pb_old_content":"","_et_gb_content_width":""},"product_brand":[],"product_cat":[26],"product_tag":[54,338,3052],"class_list":{"0":"post-20059","1":"product","2":"type-product","3":"status-publish","4":"has-post-thumbnail","6":"product_cat-orokzold-novenyek","7":"product_tag-disznoveny","8":"product_tag-japan-szentfa","9":"product_tag-nandina-domestica-obsessed-torpe-japan-szentfa","11":"first","12":"outofstock","13":"shipping-taxable","14":"purchasable","15":"product-type-simple"},"yoast_head":"<!-- This site is optimized with the Yoast SEO plugin v27.3 - https:\/\/yoast.com\/product\/yoast-seo-wordpress\/ -->\n<title>Nandina domestica Obsessed - T\u00f6rpe jap\u00e1n szentfa - T\u00e1jkert\u00e9sz<\/title>\n<meta name=\"description\" content=\"Nandina domestica Obsessed - T\u00f6rpe jap\u00e1n szentfa 60-70 cm magas \u00f6r\u00f6kz\u00f6ld cserje. ny\u00e1ron z\u00f6ldek v\u00f6r\u00f6shajt\u00e1sokkal, \u0151szre b\u00edborv\u00f6r\u00f6s \u00e1rnyalat\u00faak lesznek.\" \/>\n<meta name=\"robots\" content=\"index, follow, max-snippet:-1, max-image-preview:large, max-video-preview:-1\" \/>\n<link rel=\"canonical\" href=\"https:\/\/tajkertesz.com\/en_US\/product\/nandina-domestica-obsessed-torpe-japan-szentfa-2\/\" \/>\n<meta property=\"og:locale\" content=\"en_US\" \/>\n<meta property=\"og:type\" content=\"article\" \/>\n<meta property=\"og:title\" content=\"Nandina domestica Obsessed - T\u00f6rpe jap\u00e1n szentfa - T\u00e1jkert\u00e9sz\" \/>\n<meta property=\"og:description\" content=\"Nandina domestica Obsessed - T\u00f6rpe jap\u00e1n szentfa 60-70 cm magas \u00f6r\u00f6kz\u00f6ld cserje. ny\u00e1ron z\u00f6ldek v\u00f6r\u00f6shajt\u00e1sokkal, \u0151szre b\u00edborv\u00f6r\u00f6s \u00e1rnyalat\u00faak lesznek.\" \/>\n<meta property=\"og:url\" content=\"https:\/\/tajkertesz.com\/en_US\/product\/nandina-domestica-obsessed-torpe-japan-szentfa-2\/\" \/>\n<meta property=\"og:site_name\" content=\"T\u00e1jkert\u00e9sz\" \/>\n<meta property=\"article:publisher\" content=\"https:\/\/www.facebook.com\/Tajkertesz\/\" \/>\n<meta property=\"article:modified_time\" content=\"2026-02-24T15:43:30+00:00\" \/>\n<meta property=\"og:image\" content=\"https:\/\/tajkertesz.com\/wp-content\/uploads\/2021\/10\/IMG_20211022_084110.jpg\" \/>\n\t<meta property=\"og:image:width\" content=\"419\" \/>\n\t<meta property=\"og:image:height\" content=\"600\" \/>\n\t<meta property=\"og:image:type\" content=\"image\/jpeg\" \/>\n<meta name=\"twitter:card\" content=\"summary_large_image\" \/>\n<meta name=\"twitter:label1\" content=\"Est. reading time\" \/>\n\t<meta name=\"twitter:data1\" content=\"3 minutes\" \/>\n<script type=\"application\/ld+json\" class=\"yoast-schema-graph\">{\"@context\":\"https:\\\/\\\/schema.org\",\"@graph\":[{\"@type\":\"WebPage\",\"@id\":\"https:\\\/\\\/tajkertesz.com\\\/termek\\\/nandina-domestica-obsessed-torpe-japan-szentfa-2\\\/\",\"url\":\"https:\\\/\\\/tajkertesz.com\\\/termek\\\/nandina-domestica-obsessed-torpe-japan-szentfa-2\\\/\",\"name\":\"Nandina domestica Obsessed - T\u00f6rpe jap\u00e1n szentfa - T\u00e1jkert\u00e9sz\",\"isPartOf\":{\"@id\":\"https:\\\/\\\/tajkertesz.com\\\/#website\"},\"primaryImageOfPage\":{\"@id\":\"https:\\\/\\\/tajkertesz.com\\\/termek\\\/nandina-domestica-obsessed-torpe-japan-szentfa-2\\\/#primaryimage\"},\"image\":{\"@id\":\"https:\\\/\\\/tajkertesz.com\\\/termek\\\/nandina-domestica-obsessed-torpe-japan-szentfa-2\\\/#primaryimage\"},\"thumbnailUrl\":\"https:\\\/\\\/tajkertesz.com\\\/wp-content\\\/uploads\\\/2021\\\/10\\\/IMG_20211022_084110.jpg\",\"datePublished\":\"2025-03-11T10:47:22+00:00\",\"dateModified\":\"2026-02-24T15:43:30+00:00\",\"description\":\"Nandina domestica Obsessed - T\u00f6rpe jap\u00e1n szentfa 60-70 cm magas \u00f6r\u00f6kz\u00f6ld cserje. ny\u00e1ron z\u00f6ldek v\u00f6r\u00f6shajt\u00e1sokkal, \u0151szre b\u00edborv\u00f6r\u00f6s \u00e1rnyalat\u00faak lesznek.\",\"breadcrumb\":{\"@id\":\"https:\\\/\\\/tajkertesz.com\\\/termek\\\/nandina-domestica-obsessed-torpe-japan-szentfa-2\\\/#breadcrumb\"},\"inLanguage\":\"en-US\",\"potentialAction\":[{\"@type\":\"ReadAction\",\"target\":[\"https:\\\/\\\/tajkertesz.com\\\/termek\\\/nandina-domestica-obsessed-torpe-japan-szentfa-2\\\/\"]}]},{\"@type\":\"ImageObject\",\"inLanguage\":\"en-US\",\"@id\":\"https:\\\/\\\/tajkertesz.com\\\/termek\\\/nandina-domestica-obsessed-torpe-japan-szentfa-2\\\/#primaryimage\",\"url\":\"https:\\\/\\\/tajkertesz.com\\\/wp-content\\\/uploads\\\/2021\\\/10\\\/IMG_20211022_084110.jpg\",\"contentUrl\":\"https:\\\/\\\/tajkertesz.com\\\/wp-content\\\/uploads\\\/2021\\\/10\\\/IMG_20211022_084110.jpg\",\"width\":419,\"height\":600,\"caption\":\"Nandina domestica Obsessed - T\u00f6rpe jap\u00e1n szentfa\"},{\"@type\":\"BreadcrumbList\",\"@id\":\"https:\\\/\\\/tajkertesz.com\\\/termek\\\/nandina-domestica-obsessed-torpe-japan-szentfa-2\\\/#breadcrumb\",\"itemListElement\":[{\"@type\":\"ListItem\",\"position\":1,\"name\":\"Home\",\"item\":\"https:\\\/\\\/tajkertesz.com\\\/\"},{\"@type\":\"ListItem\",\"position\":2,\"name\":\"Kezd\u0151lap\",\"item\":\"https:\\\/\\\/tajkertesz.com\\\/\"},{\"@type\":\"ListItem\",\"position\":3,\"name\":\"Nandina domestica Obsessed &#8211; T\u00f6rpe jap\u00e1n szentfa\"}]},{\"@type\":\"WebSite\",\"@id\":\"https:\\\/\\\/tajkertesz.com\\\/#website\",\"url\":\"https:\\\/\\\/tajkertesz.com\\\/\",\"name\":\"T\u00e1j-Kert\u00e9sz 84 Kft.\",\"description\":\"Kert\u00e9szeti kis- \u00e9s nagykeresked\u00e9s, D\u00edszn\u00f6v\u00e9ny web\u00e1ruh\u00e1z orsz\u00e1gos h\u00e1zhozsz\u00e1ll\u00edt\u00e1ssal!\",\"publisher\":{\"@id\":\"https:\\\/\\\/tajkertesz.com\\\/#organization\"},\"potentialAction\":[{\"@type\":\"SearchAction\",\"target\":{\"@type\":\"EntryPoint\",\"urlTemplate\":\"https:\\\/\\\/tajkertesz.com\\\/?s={search_term_string}\"},\"query-input\":{\"@type\":\"PropertyValueSpecification\",\"valueRequired\":true,\"valueName\":\"search_term_string\"}}],\"inLanguage\":\"en-US\"},{\"@type\":\"Organization\",\"@id\":\"https:\\\/\\\/tajkertesz.com\\\/#organization\",\"name\":\"T\u00e1j-Kert\u00e9sz 84 Kft.\",\"url\":\"https:\\\/\\\/tajkertesz.com\\\/\",\"logo\":{\"@type\":\"ImageObject\",\"inLanguage\":\"en-US\",\"@id\":\"https:\\\/\\\/tajkertesz.com\\\/#\\\/schema\\\/logo\\\/image\\\/\",\"url\":\"https:\\\/\\\/tajkertesz.com\\\/wp-content\\\/uploads\\\/2018\\\/02\\\/logo-2-e1518678052539.png\",\"contentUrl\":\"https:\\\/\\\/tajkertesz.com\\\/wp-content\\\/uploads\\\/2018\\\/02\\\/logo-2-e1518678052539.png\",\"width\":81,\"height\":140,\"caption\":\"T\u00e1j-Kert\u00e9sz 84 Kft.\"},\"image\":{\"@id\":\"https:\\\/\\\/tajkertesz.com\\\/#\\\/schema\\\/logo\\\/image\\\/\"},\"sameAs\":[\"https:\\\/\\\/www.facebook.com\\\/Tajkertesz\\\/\"]}]}<\/script>\n<!-- \/ Yoast SEO plugin. -->","yoast_head_json":{"title":"Nandina domestica Obsessed - T\u00f6rpe jap\u00e1n szentfa - T\u00e1jkert\u00e9sz","description":"Nandina domestica Obsessed - T\u00f6rpe jap\u00e1n szentfa 60-70 cm magas \u00f6r\u00f6kz\u00f6ld cserje. ny\u00e1ron z\u00f6ldek v\u00f6r\u00f6shajt\u00e1sokkal, \u0151szre b\u00edborv\u00f6r\u00f6s \u00e1rnyalat\u00faak lesznek.","robots":{"index":"index","follow":"follow","max-snippet":"max-snippet:-1","max-image-preview":"max-image-preview:large","max-video-preview":"max-video-preview:-1"},"canonical":"https:\/\/tajkertesz.com\/en_US\/product\/nandina-domestica-obsessed-torpe-japan-szentfa-2\/","og_locale":"en_US","og_type":"article","og_title":"Nandina domestica Obsessed - T\u00f6rpe jap\u00e1n szentfa - T\u00e1jkert\u00e9sz","og_description":"Nandina domestica Obsessed - T\u00f6rpe jap\u00e1n szentfa 60-70 cm magas \u00f6r\u00f6kz\u00f6ld cserje. ny\u00e1ron z\u00f6ldek v\u00f6r\u00f6shajt\u00e1sokkal, \u0151szre b\u00edborv\u00f6r\u00f6s \u00e1rnyalat\u00faak lesznek.","og_url":"https:\/\/tajkertesz.com\/en_US\/product\/nandina-domestica-obsessed-torpe-japan-szentfa-2\/","og_site_name":"T\u00e1jkert\u00e9sz","article_publisher":"https:\/\/www.facebook.com\/Tajkertesz\/","article_modified_time":"2026-02-24T15:43:30+00:00","og_image":[{"width":419,"height":600,"url":"https:\/\/tajkertesz.com\/wp-content\/uploads\/2021\/10\/IMG_20211022_084110.jpg","type":"image\/jpeg"}],"twitter_card":"summary_large_image","twitter_misc":{"Est. reading time":"3 minutes"},"schema":{"@context":"https:\/\/schema.org","@graph":[{"@type":"WebPage","@id":"https:\/\/tajkertesz.com\/termek\/nandina-domestica-obsessed-torpe-japan-szentfa-2\/","url":"https:\/\/tajkertesz.com\/termek\/nandina-domestica-obsessed-torpe-japan-szentfa-2\/","name":"Nandina domestica Obsessed - T\u00f6rpe jap\u00e1n szentfa - T\u00e1jkert\u00e9sz","isPartOf":{"@id":"https:\/\/tajkertesz.com\/#website"},"primaryImageOfPage":{"@id":"https:\/\/tajkertesz.com\/termek\/nandina-domestica-obsessed-torpe-japan-szentfa-2\/#primaryimage"},"image":{"@id":"https:\/\/tajkertesz.com\/termek\/nandina-domestica-obsessed-torpe-japan-szentfa-2\/#primaryimage"},"thumbnailUrl":"https:\/\/tajkertesz.com\/wp-content\/uploads\/2021\/10\/IMG_20211022_084110.jpg","datePublished":"2025-03-11T10:47:22+00:00","dateModified":"2026-02-24T15:43:30+00:00","description":"Nandina domestica Obsessed - T\u00f6rpe jap\u00e1n szentfa 60-70 cm magas \u00f6r\u00f6kz\u00f6ld cserje. ny\u00e1ron z\u00f6ldek v\u00f6r\u00f6shajt\u00e1sokkal, \u0151szre b\u00edborv\u00f6r\u00f6s \u00e1rnyalat\u00faak lesznek.","breadcrumb":{"@id":"https:\/\/tajkertesz.com\/termek\/nandina-domestica-obsessed-torpe-japan-szentfa-2\/#breadcrumb"},"inLanguage":"en-US","potentialAction":[{"@type":"ReadAction","target":["https:\/\/tajkertesz.com\/termek\/nandina-domestica-obsessed-torpe-japan-szentfa-2\/"]}]},{"@type":"ImageObject","inLanguage":"en-US","@id":"https:\/\/tajkertesz.com\/termek\/nandina-domestica-obsessed-torpe-japan-szentfa-2\/#primaryimage","url":"https:\/\/tajkertesz.com\/wp-content\/uploads\/2021\/10\/IMG_20211022_084110.jpg","contentUrl":"https:\/\/tajkertesz.com\/wp-content\/uploads\/2021\/10\/IMG_20211022_084110.jpg","width":419,"height":600,"caption":"Nandina domestica Obsessed - T\u00f6rpe jap\u00e1n szentfa"},{"@type":"BreadcrumbList","@id":"https:\/\/tajkertesz.com\/termek\/nandina-domestica-obsessed-torpe-japan-szentfa-2\/#breadcrumb","itemListElement":[{"@type":"ListItem","position":1,"name":"Home","item":"https:\/\/tajkertesz.com\/"},{"@type":"ListItem","position":2,"name":"Kezd\u0151lap","item":"https:\/\/tajkertesz.com\/"},{"@type":"ListItem","position":3,"name":"Nandina domestica Obsessed &#8211; T\u00f6rpe jap\u00e1n szentfa"}]},{"@type":"WebSite","@id":"https:\/\/tajkertesz.com\/#website","url":"https:\/\/tajkertesz.com\/","name":"T\u00e1j-Kert\u00e9sz 84 Kft.","description":"Kert\u00e9szeti kis- \u00e9s nagykeresked\u00e9s, D\u00edszn\u00f6v\u00e9ny web\u00e1ruh\u00e1z orsz\u00e1gos h\u00e1zhozsz\u00e1ll\u00edt\u00e1ssal!","publisher":{"@id":"https:\/\/tajkertesz.com\/#organization"},"potentialAction":[{"@type":"SearchAction","target":{"@type":"EntryPoint","urlTemplate":"https:\/\/tajkertesz.com\/?s={search_term_string}"},"query-input":{"@type":"PropertyValueSpecification","valueRequired":true,"valueName":"search_term_string"}}],"inLanguage":"en-US"},{"@type":"Organization","@id":"https:\/\/tajkertesz.com\/#organization","name":"T\u00e1j-Kert\u00e9sz 84 Kft.","url":"https:\/\/tajkertesz.com\/","logo":{"@type":"ImageObject","inLanguage":"en-US","@id":"https:\/\/tajkertesz.com\/#\/schema\/logo\/image\/","url":"https:\/\/tajkertesz.com\/wp-content\/uploads\/2018\/02\/logo-2-e1518678052539.png","contentUrl":"https:\/\/tajkertesz.com\/wp-content\/uploads\/2018\/02\/logo-2-e1518678052539.png","width":81,"height":140,"caption":"T\u00e1j-Kert\u00e9sz 84 Kft."},"image":{"@id":"https:\/\/tajkertesz.com\/#\/schema\/logo\/image\/"},"sameAs":["https:\/\/www.facebook.com\/Tajkertesz\/"]}]}},"_links":{"self":[{"href":"https:\/\/tajkertesz.com\/en_US\/wp-json\/wp\/v2\/product\/20059","targetHints":{"allow":["GET"]}}],"collection":[{"href":"https:\/\/tajkertesz.com\/en_US\/wp-json\/wp\/v2\/product"}],"about":[{"href":"https:\/\/tajkertesz.com\/en_US\/wp-json\/wp\/v2\/types\/product"}],"wp:featuredmedia":[{"embeddable":true,"href":"https:\/\/tajkertesz.com\/en_US\/wp-json\/wp\/v2\/media\/10813"}],"wp:attachment":[{"href":"https:\/\/tajkertesz.com\/en_US\/wp-json\/wp\/v2\/media?parent=20059"}],"wp:term":[{"taxonomy":"product_brand","embeddable":true,"href":"https:\/\/tajkertesz.com\/en_US\/wp-json\/wp\/v2\/product_brand?post=20059"},{"taxonomy":"product_cat","embeddable":true,"href":"https:\/\/tajkertesz.com\/en_US\/wp-json\/wp\/v2\/product_cat?post=20059"},{"taxonomy":"product_tag","embeddable":true,"href":"https:\/\/tajkertesz.com\/en_US\/wp-json\/wp\/v2\/product_tag?post=20059"}],"curies":[{"name":"wp","href":"https:\/\/api.w.org\/{rel}","templated":true}]}}