{"id":20067,"date":"2024-04-16T07:19:47","date_gmt":"2024-04-16T07:19:47","guid":{"rendered":"https:\/\/tajkertesz.com\/?post_type=product&#038;p=20067"},"modified":"2024-07-17T13:38:12","modified_gmt":"2024-07-17T13:38:12","slug":"vertical-jungle","status":"publish","type":"product","link":"https:\/\/tajkertesz.com\/en_US\/product\/vertical-jungle\/","title":{"rendered":"Nortene VERTICAL JUNGLE z\u00f6ldfal a dzsungel n\u00f6v\u00e9nyeivel (100\u00d7100 cm)"},"content":{"rendered":"<h1 class=\"page-head-title product-page-head-title position-relative\"><span class=\"product-page-product-name\">Nortene Vertical Jungle m\u0171anyag z\u00f6ldfal a dzsungel n\u00f6v\u00e9nyeivel (100\u00d7100 cm)<\/span><\/h1>\n<p class=\"page-head-title product-page-head-title position-relative\"><span class=\"product-page-product-name\">Nortene Vertical Jungle m\u0171anyag z\u00f6ldfal a dzsungel n\u00f6v\u00e9nyeivel (100\u00d7100 cm)<\/span><\/p>\n<div class=\"module-head\">\n<h3><\/h3>\n<h3 class=\"module-head-title\">Le\u00edr\u00e1s \u00e9s Param\u00e9terek<\/h3>\n<\/div>\n<div class=\"module-body\">\n<p class=\"page-head-title product-page-head-title position-relative\"><span class=\"product-page-product-name\">Nortene Vertical Jungle m\u0171anyag z\u00f6ldfal a dzsungel n\u00f6v\u00e9nyeivel (100\u00d7100 cm) <\/span>f\u00fcgg\u0151leges kert, h\u00e1l\u00f3s r\u00e1csra r\u00f6gz\u00edtett m\u0171anyag n\u00f6v\u00e9nyfal seg\u00edts\u00e9g\u00e9vel igazi dzsungel hangulatot id\u00e9zhet\u00fcnk el\u0151!<\/p>\n<p>Alkalmazhat\u00f3 a f\u00fcrd\u0151szob\u00e1ban, a nappaliban, a h\u00e1l\u00f3szob\u00e1ban is, de k\u00fclt\u00e9ren is a v\u00e9dett falfel\u00fcleteken, p\u00e9ld\u00e1ul teraszok \u00e9s erk\u00e9lyek falain.<\/p>\n<p>A m\u0171n\u00f6v\u00e9nyes falpanel nagyszer\u0171 alternat\u00edva a term\u00e9szetes falburkolatok helyettes\u00edt\u00e9s\u00e9re olyan helyeken, ahol hosszabb ideig is ugyanolyan form\u00e1j\u00e1ban kell meg\u0151rizni a l\u00e1tv\u00e1nyt, p\u00e9ld\u00e1ul filmforgat\u00e1sok \u00e9s sz\u00ednh\u00e1zi el\u0151ad\u00e1sok d\u00edszletek\u00e9nt, de \u00fczlethelyis\u00e9gek dekor\u00e1ci\u00f3j\u00e1hoz is kiv\u00e1l\u00f3 v\u00e1laszt\u00e1s.<\/p>\n<p>A Jungle t\u00edpus t\u00f6bbf\u00e9le m\u0171n\u00f6v\u00e9nyt tartalmaz, p\u00e9ld\u00e1ul l\u00f3here, p\u00e1lmalev\u00e9l \u00e9s k\u00e9k vir\u00e1gzatok.<\/p>\n<p><strong>El\u0151ny\u00f6k:<\/strong><\/p>\n<ul>\n<li>Term\u00e9szetes hat\u00e1s\u00fa z\u00f6ldfal a dzsungel n\u00f6v\u00e9nyeivel<\/li>\n<li>H\u00e1l\u00f3s r\u00e1cshoz r\u00f6gz\u00edtett szintetikus levelek<\/li>\n<li>Az egys\u00e9gek egym\u00e1shoz illesztve \u00f6sszef\u00fcgg\u0151 fel\u00fcletet alkotnak, de a 25&#215;25 cm-es darabok egyszer\u0171en sz\u00e9t is szedhet\u0151k<\/li>\n<li>A r\u00e9szek k\u00fcl\u00f6n-k\u00fcl\u00f6n, kisebb darabokban is a dekor\u00e1ci\u00f3 r\u00e9sz\u00e9v\u00e9 v\u00e1lhatnak<\/li>\n<li>Az egys\u00e9gek speci\u00e1lis r\u00f6gz\u00edt\u0151kkel kapcsol\u00f3dnak egym\u00e1sba<\/li>\n<li>Sz\u00fcks\u00e9g eset\u00e9n a m\u0171anyag alap oll\u00f3val is k\u00f6nnyen v\u00e1ghat\u00f3<\/li>\n<li>Alkalmas belt\u00e9ri \u00e9s k\u00fclt\u00e9ri haszn\u00e1latra egyar\u00e1nt<\/li>\n<li>UV \u00e1ll\u00f3 polietil\u00e9n, mely a napsug\u00e1rz\u00e1snak \u00e9s az id\u0151j\u00e1r\u00e1s viszontags\u00e1gainak is ellen\u00e1ll.<\/li>\n<\/ul>\n<\/div>\n<div class=\"module-head\">\n<h3 class=\"module-head-title\"><\/h3>\n<\/div>\n<div class=\"module-body\">\n<p>&nbsp;<\/p>\n<p>Nortene Vertical Jungle f\u00fcgg\u0151leges kert 100 cm x 100 cm-es h\u00e1l\u00f3s r\u00e1csra r\u00f6gz\u00edtett m\u0171anyag n\u00f6v\u00e9nyfal seg\u00edts\u00e9g\u00e9vel igazi dzsungel hangulatot id\u00e9zhet\u00fcnk el\u0151!<\/p>\n<p>Alkalmazhat\u00f3 a f\u00fcrd\u0151szob\u00e1ban, a nappaliban, a h\u00e1l\u00f3szob\u00e1ban is, de k\u00fclt\u00e9ren is a v\u00e9dett falfel\u00fcleteken, p\u00e9ld\u00e1ul teraszok \u00e9s erk\u00e9lyek falain.<\/p>\n<p>A m\u0171n\u00f6v\u00e9nyes falpanel nagyszer\u0171 alternat\u00edva a term\u00e9szetes falburkolatok helyettes\u00edt\u00e9s\u00e9re olyan helyeken, ahol hosszabb ideig is ugyanolyan form\u00e1j\u00e1ban kell meg\u0151rizni a l\u00e1tv\u00e1nyt, p\u00e9ld\u00e1ul filmforgat\u00e1sok \u00e9s sz\u00ednh\u00e1zi el\u0151ad\u00e1sok d\u00edszletek\u00e9nt, de \u00fczlethelyis\u00e9gek dekor\u00e1ci\u00f3j\u00e1hoz is kiv\u00e1l\u00f3 v\u00e1laszt\u00e1s.<\/p>\n<p>A Jungle t\u00edpus t\u00f6bbf\u00e9le m\u0171n\u00f6v\u00e9nyt tartalmaz, p\u00e9ld\u00e1ul l\u00f3here, p\u00e1lmalev\u00e9l \u00e9s k\u00e9k vir\u00e1gzatok.<\/p>\n<p><strong>El\u0151ny\u00f6k:<\/strong><\/p>\n<ul>\n<li>Term\u00e9szetes hat\u00e1s\u00fa z\u00f6ldfal a dzsungel n\u00f6v\u00e9nyeivel<\/li>\n<li>H\u00e1l\u00f3s r\u00e1cshoz r\u00f6gz\u00edtett szintetikus levelek<\/li>\n<li>Az egys\u00e9gek egym\u00e1shoz illesztve \u00f6sszef\u00fcgg\u0151 fel\u00fcletet alkotnak, de a 25&#215;25 cm-es darabok egyszer\u0171en sz\u00e9t is szedhet\u0151k<\/li>\n<li>A r\u00e9szek k\u00fcl\u00f6n-k\u00fcl\u00f6n, kisebb darabokban is a dekor\u00e1ci\u00f3 r\u00e9sz\u00e9v\u00e9 v\u00e1lhatnak<\/li>\n<li>Az egys\u00e9gek speci\u00e1lis r\u00f6gz\u00edt\u0151kkel kapcsol\u00f3dnak egym\u00e1sba<\/li>\n<li>Sz\u00fcks\u00e9g eset\u00e9n a m\u0171anyag alap oll\u00f3val is k\u00f6nnyen v\u00e1ghat\u00f3<\/li>\n<li>Alkalmas belt\u00e9ri \u00e9s k\u00fclt\u00e9ri haszn\u00e1latra egyar\u00e1nt<\/li>\n<li>UV \u00e1ll\u00f3 polietil\u00e9n, mely a napsug\u00e1rz\u00e1snak \u00e9s az id\u0151j\u00e1r\u00e1s viszontags\u00e1gainak is ellen\u00e1ll<\/li>\n<\/ul>\n<p><a href=\"https:\/\/tajkertesz.com\/\">https:\/\/tajkertesz.com\/<\/a><\/p>\n<p><a href=\"https:\/\/www.facebook.com\/tajkertesz\">https:\/\/www.facebook.com\/tajkertesz<\/a><\/p>\n<p><b>K\u00e9szlet\u00fcnk napi szinten v\u00e1ltozik, ez\u00e9rt k\u00e9rj\u00fck, \u00e9rdekl\u0151dj\u00f6n szem\u00e9lyesen, telefonon vagy email-en.<br \/>\nA v\u00e1ltoztat\u00e1s jog\u00e1t fenntartjuk!\u00a0<\/b><\/p>\n<p>Sz\u00e1ll\u00edt\u00e1s fut\u00e1rszolg\u00e1lattal 200 cm-is, \u00e9s 40 kg-ig lehets\u00e9ges. E felett szem\u00e9lyes \u00e1tv\u00e9tellel vagy egyeztetett sz\u00e1ll\u00edt\u00e1si felt\u00e9tellel lehet.<\/p>\n<\/div>","protected":false},"excerpt":{"rendered":"<h1 class=\"page-head-title product-page-head-title position-relative\"><span class=\"product-page-product-name\">Nortene Vertical Jungle m\u0171anyag z\u00f6ldfal a dzsungel n\u00f6v\u00e9nyeivel (100\u00d7100 cm)<\/span><\/h1>\n<p>Z\u00f6ldfal a dzsungel n\u00f6v\u00e9nyeivel Term\u00e9szetes hat\u00e1s\u00fa z\u00f6ldfal a dzsungel n\u00f6v\u00e9nyeivel. H\u00e1l\u00f3s r\u00e1cshoz r\u00f6gz\u00edtett szintetikus levelek. Az egys\u00e9gek egym\u00e1shoz illesztve \u00f6sszef\u00fcgg\u0151 fel\u00fcletet alkotnak. A m\u0171anyag alap oll\u00f3val v\u00e1ghat\u00f3. Alkalmas belt\u00e9ri \u00e9s k\u00fclt\u00e9ri haszn\u00e1latra egyar\u00e1nt.<\/p>","protected":false},"featured_media":20072,"template":"","meta":{"_et_pb_use_builder":"","_et_pb_old_content":"","_et_gb_content_width":""},"product_brand":[],"product_cat":[4407],"product_tag":[943],"class_list":{"0":"post-20067","1":"product","2":"type-product","3":"status-publish","4":"has-post-thumbnail","6":"product_cat-mesterseges-sovenyek","7":"product_tag-nortene","9":"first","10":"onbackorder","11":"shipping-taxable","12":"purchasable","13":"product-type-simple"},"yoast_head":"<!-- This site is optimized with the Yoast SEO plugin v27.3 - https:\/\/yoast.com\/product\/yoast-seo-wordpress\/ -->\n<title>Nortene VERTICAL JUNGLE z\u00f6ldfal a dzsungel n\u00f6v\u00e9nyeivel (100\u00d7100 cm) - T\u00e1jkert\u00e9sz<\/title>\n<meta name=\"description\" content=\"Nortene Vertical Jungle f\u00fcgg\u0151leges kert 100 cm x 100 cm-es h\u00e1l\u00f3s r\u00e1csra r\u00f6gz\u00edtett m\u0171anyag n\u00f6v\u00e9nyfal seg\u00edts\u00e9g\u00e9vel igazi dzsungel hangulatot id\u00e9zhet\u00fcnk el\u0151!\" \/>\n<meta name=\"robots\" content=\"index, follow, max-snippet:-1, max-image-preview:large, max-video-preview:-1\" \/>\n<link rel=\"canonical\" href=\"https:\/\/tajkertesz.com\/en_US\/product\/vertical-jungle\/\" \/>\n<meta property=\"og:locale\" content=\"en_US\" \/>\n<meta property=\"og:type\" content=\"article\" \/>\n<meta property=\"og:title\" content=\"Nortene VERTICAL JUNGLE z\u00f6ldfal a dzsungel n\u00f6v\u00e9nyeivel (100\u00d7100 cm) - T\u00e1jkert\u00e9sz\" \/>\n<meta property=\"og:description\" content=\"Nortene Vertical Jungle f\u00fcgg\u0151leges kert 100 cm x 100 cm-es h\u00e1l\u00f3s r\u00e1csra r\u00f6gz\u00edtett m\u0171anyag n\u00f6v\u00e9nyfal seg\u00edts\u00e9g\u00e9vel igazi dzsungel hangulatot id\u00e9zhet\u00fcnk el\u0151!\" \/>\n<meta property=\"og:url\" content=\"https:\/\/tajkertesz.com\/en_US\/product\/vertical-jungle\/\" \/>\n<meta property=\"og:site_name\" content=\"T\u00e1jkert\u00e9sz\" \/>\n<meta property=\"article:publisher\" content=\"https:\/\/www.facebook.com\/Tajkertesz\/\" \/>\n<meta property=\"article:modified_time\" content=\"2024-07-17T13:38:12+00:00\" \/>\n<meta property=\"og:image\" content=\"https:\/\/tajkertesz.com\/wp-content\/uploads\/2024\/04\/nortene-vertical-jungle-zoldfal-001.jpg.webp\" \/>\n\t<meta property=\"og:image:width\" content=\"600\" \/>\n\t<meta property=\"og:image:height\" content=\"600\" \/>\n\t<meta property=\"og:image:type\" content=\"image\/webp\" \/>\n<meta name=\"twitter:card\" content=\"summary_large_image\" \/>\n<meta name=\"twitter:label1\" content=\"Est. reading time\" \/>\n\t<meta name=\"twitter:data1\" content=\"3 minutes\" \/>\n<script type=\"application\/ld+json\" class=\"yoast-schema-graph\">{\"@context\":\"https:\\\/\\\/schema.org\",\"@graph\":[{\"@type\":\"WebPage\",\"@id\":\"https:\\\/\\\/tajkertesz.com\\\/termek\\\/vertical-jungle\\\/\",\"url\":\"https:\\\/\\\/tajkertesz.com\\\/termek\\\/vertical-jungle\\\/\",\"name\":\"Nortene VERTICAL JUNGLE z\u00f6ldfal a dzsungel n\u00f6v\u00e9nyeivel (100\u00d7100 cm) - T\u00e1jkert\u00e9sz\",\"isPartOf\":{\"@id\":\"https:\\\/\\\/tajkertesz.com\\\/#website\"},\"primaryImageOfPage\":{\"@id\":\"https:\\\/\\\/tajkertesz.com\\\/termek\\\/vertical-jungle\\\/#primaryimage\"},\"image\":{\"@id\":\"https:\\\/\\\/tajkertesz.com\\\/termek\\\/vertical-jungle\\\/#primaryimage\"},\"thumbnailUrl\":\"https:\\\/\\\/tajkertesz.com\\\/wp-content\\\/uploads\\\/2024\\\/04\\\/nortene-vertical-jungle-zoldfal-001.jpg.webp\",\"datePublished\":\"2024-04-16T07:19:47+00:00\",\"dateModified\":\"2024-07-17T13:38:12+00:00\",\"description\":\"Nortene Vertical Jungle f\u00fcgg\u0151leges kert 100 cm x 100 cm-es h\u00e1l\u00f3s r\u00e1csra r\u00f6gz\u00edtett m\u0171anyag n\u00f6v\u00e9nyfal seg\u00edts\u00e9g\u00e9vel igazi dzsungel hangulatot id\u00e9zhet\u00fcnk el\u0151!\",\"breadcrumb\":{\"@id\":\"https:\\\/\\\/tajkertesz.com\\\/termek\\\/vertical-jungle\\\/#breadcrumb\"},\"inLanguage\":\"en-US\",\"potentialAction\":[{\"@type\":\"ReadAction\",\"target\":[\"https:\\\/\\\/tajkertesz.com\\\/termek\\\/vertical-jungle\\\/\"]}]},{\"@type\":\"ImageObject\",\"inLanguage\":\"en-US\",\"@id\":\"https:\\\/\\\/tajkertesz.com\\\/termek\\\/vertical-jungle\\\/#primaryimage\",\"url\":\"https:\\\/\\\/tajkertesz.com\\\/wp-content\\\/uploads\\\/2024\\\/04\\\/nortene-vertical-jungle-zoldfal-001.jpg.webp\",\"contentUrl\":\"https:\\\/\\\/tajkertesz.com\\\/wp-content\\\/uploads\\\/2024\\\/04\\\/nortene-vertical-jungle-zoldfal-001.jpg.webp\",\"width\":600,\"height\":600},{\"@type\":\"BreadcrumbList\",\"@id\":\"https:\\\/\\\/tajkertesz.com\\\/termek\\\/vertical-jungle\\\/#breadcrumb\",\"itemListElement\":[{\"@type\":\"ListItem\",\"position\":1,\"name\":\"Home\",\"item\":\"https:\\\/\\\/tajkertesz.com\\\/\"},{\"@type\":\"ListItem\",\"position\":2,\"name\":\"Kezd\u0151lap\",\"item\":\"https:\\\/\\\/tajkertesz.com\\\/\"},{\"@type\":\"ListItem\",\"position\":3,\"name\":\"Nortene VERTICAL JUNGLE z\u00f6ldfal a dzsungel n\u00f6v\u00e9nyeivel (100\u00d7100 cm)\"}]},{\"@type\":\"WebSite\",\"@id\":\"https:\\\/\\\/tajkertesz.com\\\/#website\",\"url\":\"https:\\\/\\\/tajkertesz.com\\\/\",\"name\":\"T\u00e1j-Kert\u00e9sz 84 Kft.\",\"description\":\"Kert\u00e9szeti kis- \u00e9s nagykeresked\u00e9s, D\u00edszn\u00f6v\u00e9ny web\u00e1ruh\u00e1z orsz\u00e1gos h\u00e1zhozsz\u00e1ll\u00edt\u00e1ssal!\",\"publisher\":{\"@id\":\"https:\\\/\\\/tajkertesz.com\\\/#organization\"},\"potentialAction\":[{\"@type\":\"SearchAction\",\"target\":{\"@type\":\"EntryPoint\",\"urlTemplate\":\"https:\\\/\\\/tajkertesz.com\\\/?s={search_term_string}\"},\"query-input\":{\"@type\":\"PropertyValueSpecification\",\"valueRequired\":true,\"valueName\":\"search_term_string\"}}],\"inLanguage\":\"en-US\"},{\"@type\":\"Organization\",\"@id\":\"https:\\\/\\\/tajkertesz.com\\\/#organization\",\"name\":\"T\u00e1j-Kert\u00e9sz 84 Kft.\",\"url\":\"https:\\\/\\\/tajkertesz.com\\\/\",\"logo\":{\"@type\":\"ImageObject\",\"inLanguage\":\"en-US\",\"@id\":\"https:\\\/\\\/tajkertesz.com\\\/#\\\/schema\\\/logo\\\/image\\\/\",\"url\":\"https:\\\/\\\/tajkertesz.com\\\/wp-content\\\/uploads\\\/2018\\\/02\\\/logo-2-e1518678052539.png\",\"contentUrl\":\"https:\\\/\\\/tajkertesz.com\\\/wp-content\\\/uploads\\\/2018\\\/02\\\/logo-2-e1518678052539.png\",\"width\":81,\"height\":140,\"caption\":\"T\u00e1j-Kert\u00e9sz 84 Kft.\"},\"image\":{\"@id\":\"https:\\\/\\\/tajkertesz.com\\\/#\\\/schema\\\/logo\\\/image\\\/\"},\"sameAs\":[\"https:\\\/\\\/www.facebook.com\\\/Tajkertesz\\\/\"]}]}<\/script>\n<!-- \/ Yoast SEO plugin. -->","yoast_head_json":{"title":"Nortene VERTICAL JUNGLE z\u00f6ldfal a dzsungel n\u00f6v\u00e9nyeivel (100\u00d7100 cm) - T\u00e1jkert\u00e9sz","description":"Nortene Vertical Jungle f\u00fcgg\u0151leges kert 100 cm x 100 cm-es h\u00e1l\u00f3s r\u00e1csra r\u00f6gz\u00edtett m\u0171anyag n\u00f6v\u00e9nyfal seg\u00edts\u00e9g\u00e9vel igazi dzsungel hangulatot id\u00e9zhet\u00fcnk el\u0151!","robots":{"index":"index","follow":"follow","max-snippet":"max-snippet:-1","max-image-preview":"max-image-preview:large","max-video-preview":"max-video-preview:-1"},"canonical":"https:\/\/tajkertesz.com\/en_US\/product\/vertical-jungle\/","og_locale":"en_US","og_type":"article","og_title":"Nortene VERTICAL JUNGLE z\u00f6ldfal a dzsungel n\u00f6v\u00e9nyeivel (100\u00d7100 cm) - T\u00e1jkert\u00e9sz","og_description":"Nortene Vertical Jungle f\u00fcgg\u0151leges kert 100 cm x 100 cm-es h\u00e1l\u00f3s r\u00e1csra r\u00f6gz\u00edtett m\u0171anyag n\u00f6v\u00e9nyfal seg\u00edts\u00e9g\u00e9vel igazi dzsungel hangulatot id\u00e9zhet\u00fcnk el\u0151!","og_url":"https:\/\/tajkertesz.com\/en_US\/product\/vertical-jungle\/","og_site_name":"T\u00e1jkert\u00e9sz","article_publisher":"https:\/\/www.facebook.com\/Tajkertesz\/","article_modified_time":"2024-07-17T13:38:12+00:00","og_image":[{"width":600,"height":600,"url":"https:\/\/tajkertesz.com\/wp-content\/uploads\/2024\/04\/nortene-vertical-jungle-zoldfal-001.jpg.webp","type":"image\/webp"}],"twitter_card":"summary_large_image","twitter_misc":{"Est. reading time":"3 minutes"},"schema":{"@context":"https:\/\/schema.org","@graph":[{"@type":"WebPage","@id":"https:\/\/tajkertesz.com\/termek\/vertical-jungle\/","url":"https:\/\/tajkertesz.com\/termek\/vertical-jungle\/","name":"Nortene VERTICAL JUNGLE z\u00f6ldfal a dzsungel n\u00f6v\u00e9nyeivel (100\u00d7100 cm) - T\u00e1jkert\u00e9sz","isPartOf":{"@id":"https:\/\/tajkertesz.com\/#website"},"primaryImageOfPage":{"@id":"https:\/\/tajkertesz.com\/termek\/vertical-jungle\/#primaryimage"},"image":{"@id":"https:\/\/tajkertesz.com\/termek\/vertical-jungle\/#primaryimage"},"thumbnailUrl":"https:\/\/tajkertesz.com\/wp-content\/uploads\/2024\/04\/nortene-vertical-jungle-zoldfal-001.jpg.webp","datePublished":"2024-04-16T07:19:47+00:00","dateModified":"2024-07-17T13:38:12+00:00","description":"Nortene Vertical Jungle f\u00fcgg\u0151leges kert 100 cm x 100 cm-es h\u00e1l\u00f3s r\u00e1csra r\u00f6gz\u00edtett m\u0171anyag n\u00f6v\u00e9nyfal seg\u00edts\u00e9g\u00e9vel igazi dzsungel hangulatot id\u00e9zhet\u00fcnk el\u0151!","breadcrumb":{"@id":"https:\/\/tajkertesz.com\/termek\/vertical-jungle\/#breadcrumb"},"inLanguage":"en-US","potentialAction":[{"@type":"ReadAction","target":["https:\/\/tajkertesz.com\/termek\/vertical-jungle\/"]}]},{"@type":"ImageObject","inLanguage":"en-US","@id":"https:\/\/tajkertesz.com\/termek\/vertical-jungle\/#primaryimage","url":"https:\/\/tajkertesz.com\/wp-content\/uploads\/2024\/04\/nortene-vertical-jungle-zoldfal-001.jpg.webp","contentUrl":"https:\/\/tajkertesz.com\/wp-content\/uploads\/2024\/04\/nortene-vertical-jungle-zoldfal-001.jpg.webp","width":600,"height":600},{"@type":"BreadcrumbList","@id":"https:\/\/tajkertesz.com\/termek\/vertical-jungle\/#breadcrumb","itemListElement":[{"@type":"ListItem","position":1,"name":"Home","item":"https:\/\/tajkertesz.com\/"},{"@type":"ListItem","position":2,"name":"Kezd\u0151lap","item":"https:\/\/tajkertesz.com\/"},{"@type":"ListItem","position":3,"name":"Nortene VERTICAL JUNGLE z\u00f6ldfal a dzsungel n\u00f6v\u00e9nyeivel (100\u00d7100 cm)"}]},{"@type":"WebSite","@id":"https:\/\/tajkertesz.com\/#website","url":"https:\/\/tajkertesz.com\/","name":"T\u00e1j-Kert\u00e9sz 84 Kft.","description":"Kert\u00e9szeti kis- \u00e9s nagykeresked\u00e9s, D\u00edszn\u00f6v\u00e9ny web\u00e1ruh\u00e1z orsz\u00e1gos h\u00e1zhozsz\u00e1ll\u00edt\u00e1ssal!","publisher":{"@id":"https:\/\/tajkertesz.com\/#organization"},"potentialAction":[{"@type":"SearchAction","target":{"@type":"EntryPoint","urlTemplate":"https:\/\/tajkertesz.com\/?s={search_term_string}"},"query-input":{"@type":"PropertyValueSpecification","valueRequired":true,"valueName":"search_term_string"}}],"inLanguage":"en-US"},{"@type":"Organization","@id":"https:\/\/tajkertesz.com\/#organization","name":"T\u00e1j-Kert\u00e9sz 84 Kft.","url":"https:\/\/tajkertesz.com\/","logo":{"@type":"ImageObject","inLanguage":"en-US","@id":"https:\/\/tajkertesz.com\/#\/schema\/logo\/image\/","url":"https:\/\/tajkertesz.com\/wp-content\/uploads\/2018\/02\/logo-2-e1518678052539.png","contentUrl":"https:\/\/tajkertesz.com\/wp-content\/uploads\/2018\/02\/logo-2-e1518678052539.png","width":81,"height":140,"caption":"T\u00e1j-Kert\u00e9sz 84 Kft."},"image":{"@id":"https:\/\/tajkertesz.com\/#\/schema\/logo\/image\/"},"sameAs":["https:\/\/www.facebook.com\/Tajkertesz\/"]}]}},"_links":{"self":[{"href":"https:\/\/tajkertesz.com\/en_US\/wp-json\/wp\/v2\/product\/20067","targetHints":{"allow":["GET"]}}],"collection":[{"href":"https:\/\/tajkertesz.com\/en_US\/wp-json\/wp\/v2\/product"}],"about":[{"href":"https:\/\/tajkertesz.com\/en_US\/wp-json\/wp\/v2\/types\/product"}],"wp:featuredmedia":[{"embeddable":true,"href":"https:\/\/tajkertesz.com\/en_US\/wp-json\/wp\/v2\/media\/20072"}],"wp:attachment":[{"href":"https:\/\/tajkertesz.com\/en_US\/wp-json\/wp\/v2\/media?parent=20067"}],"wp:term":[{"taxonomy":"product_brand","embeddable":true,"href":"https:\/\/tajkertesz.com\/en_US\/wp-json\/wp\/v2\/product_brand?post=20067"},{"taxonomy":"product_cat","embeddable":true,"href":"https:\/\/tajkertesz.com\/en_US\/wp-json\/wp\/v2\/product_cat?post=20067"},{"taxonomy":"product_tag","embeddable":true,"href":"https:\/\/tajkertesz.com\/en_US\/wp-json\/wp\/v2\/product_tag?post=20067"}],"curies":[{"name":"wp","href":"https:\/\/api.w.org\/{rel}","templated":true}]}}